{"id":2670,"date":"2023-09-14T12:36:19","date_gmt":"2023-09-14T09:36:19","guid":{"rendered":"https:\/\/ecowise.lv\/?post_type=product&#038;p=2670"},"modified":"2023-09-15T09:28:14","modified_gmt":"2023-09-15T06:28:14","slug":"paragon-vav","status":"publish","type":"product","link":"https:\/\/ecowise.lv\/en\/product\/paragon-vav\/","title":{"rendered":"PARAGON VAV"},"content":{"rendered":"<p>Demand-controlled comfort module for hotels and hospital wards.<\/p>\n<ul>\n<li><span class=\"Y2IQFc\" lang=\"lv\">Comfort module for demand-controlled indoor climate <\/span><\/li>\n<li><span class=\"Y2IQFc\" lang=\"lv\">Equipped with control equipment for stand-alone or connectable to BMS via ModBUS. <\/span><\/li>\n<li><span class=\"Y2IQFc\" lang=\"lv\">Complete product with integrated damper for variable air flow control 0-100% <\/span><\/li>\n<li><span class=\"Y2IQFc\" lang=\"lv\">Energy-efficient operation since the room is ventilated, heated and cooled exactly as called for by the load, neither more or less <\/span><\/li>\n<li><span class=\"Y2IQFc\" lang=\"lv\">Ventilation, cooling and heating (electricity and water) <\/span><\/li>\n<li><span class=\"Y2IQFc\" lang=\"lv\">Straightforward installation with optional water connection side and centred air connection <\/span><\/li>\n<li><span class=\"Y2IQFc\" lang=\"lv\">Adjustable air direction ADC and adjustable grille louvres<\/span><\/li>\n<li><span class=\"Y2IQFc\" lang=\"lv\">Low installation height <\/span><\/li>\n<li><span class=\"Y2IQFc\" lang=\"lv\">High capacity<\/span><\/li>\n<\/ul>\n<div class=\"h-margin-top-3 h-margin-bottom-3\">\n<div class=\"row\">\n<div class=\"col\">\n<p>Technical data<\/p>\n<\/div>\n<\/div>\n<\/div>\n<div>\n<div class=\"horizontal-scroller\" data-show-scroll-icon=\"true\">\n<div class=\"horizontal-scroller__scroller\">\n<div class=\"col-sm-6 col-md-6 col-xs-12\">\n<table width=\"99%\">\n<tbody>\n<tr>\n<td colspan=\"2\" width=\"152\">Gaisa pl\u016bsmas:<\/td>\n<td width=\"104\">Pressure range:<\/td>\n<td width=\"155\">Cooling capacity total:<\/td>\n<td colspan=\"2\" width=\"200\">Heating capacity:<\/td>\n<\/tr>\n<tr>\n<td>l\/s<\/td>\n<td>m<sup>3<\/sup>\/h<\/td>\n<td>Pa<\/td>\n<td>W<\/td>\n<td>water (W)<\/td>\n<td>electricity (W)<\/td>\n<\/tr>\n<tr>\n<td>0 -85<\/td>\n<td>0 &#8211; 306<\/td>\n<td>20 &#8211; 200<\/td>\n<td>Up to 3180<\/td>\n<td>Up to 5060<\/td>\n<td>Up to 1000<\/td>\n<\/tr>\n<\/tbody>\n<\/table>\n<\/div>\n<\/div>\n<\/div>\n<div class=\"col-sm-6 col-md-6 col-xs-12\">\n<div class=\"horizontal-scroller\" data-show-scroll-icon=\"true\">\n<div class=\"horizontal-scroller__scroller\">\n<div class=\"col-sm-6 col-md-6 col-xs-12\">\n<table width=\"99%\">\n<tbody>\n<tr>\n<td colspan=\"3\" width=\"264\">Size<\/td>\n<\/tr>\n<tr>\n<td>Length<\/td>\n<td>Depth<\/td>\n<td>Hight<\/td>\n<\/tr>\n<tr>\n<td>(mm)<\/td>\n<td>(mm)<\/td>\n<td>(mm)<\/td>\n<\/tr>\n<tr>\n<td>800, 1100, 1400<\/td>\n<td>722 (+0-20)<\/td>\n<td>205<\/td>\n<\/tr>\n<\/tbody>\n<\/table>\n<\/div>\n<\/div>\n<\/div>\n<\/div>\n<\/div>","protected":false},"excerpt":{"rendered":"<h4>Demand-controlled comfort module for hotels and hospital wards<\/h4>","protected":false},"featured_media":2671,"template":"","meta":{"_acf_changed":false,"inline_featured_image":false,"_links_to":"","_links_to_target":""},"product_brand":[],"product_cat":[83],"product_tag":[],"class_list":{"0":"post-2670","1":"product","2":"type-product","3":"status-publish","4":"has-post-thumbnail","6":"product_cat-komforta-moduli-ar-1-virziena-gaisa-padevi","8":"first","9":"instock","10":"shipping-taxable","11":"product-type-simple"},"acf":[],"yoast_head":"<!-- This site is optimized with the Yoast SEO plugin v27.0 - https:\/\/yoast.com\/product\/yoast-seo-wordpress\/ -->\n<title>PARAGON VAV - Ecowise<\/title>\n<meta name=\"robots\" content=\"index, follow, max-snippet:-1, max-image-preview:large, max-video-preview:-1\" \/>\n<link rel=\"canonical\" href=\"https:\/\/ecowise.lv\/en\/product\/paragon-vav\/\" \/>\n<meta property=\"og:locale\" content=\"en_US\" \/>\n<meta property=\"og:type\" content=\"article\" \/>\n<meta property=\"og:title\" content=\"PARAGON VAV - Ecowise\" \/>\n<meta property=\"og:description\" content=\"P\u0113c piepras\u012bjuma vad\u0101mi komforta modu\u013ci viesn\u012bc\u0101m un apr\u016bpes centriem\" \/>\n<meta property=\"og:url\" content=\"https:\/\/ecowise.lv\/en\/product\/paragon-vav\/\" \/>\n<meta property=\"og:site_name\" content=\"Ecowise\" \/>\n<meta property=\"article:modified_time\" content=\"2023-09-15T06:28:14+00:00\" \/>\n<meta property=\"og:image\" content=\"https:\/\/ecowise.lv\/wp-content\/uploads\/2023\/09\/paragon_d_front-1.jpg\" \/>\n\t<meta property=\"og:image:width\" content=\"768\" \/>\n\t<meta property=\"og:image:height\" content=\"576\" \/>\n\t<meta property=\"og:image:type\" content=\"image\/jpeg\" \/>\n<meta name=\"twitter:card\" content=\"summary_large_image\" \/>\n<script type=\"application\/ld+json\" class=\"yoast-schema-graph\">{\"@context\":\"https:\/\/schema.org\",\"@graph\":[{\"@type\":\"WebPage\",\"@id\":\"https:\/\/ecowise.lv\/product\/paragon-vav\/\",\"url\":\"https:\/\/ecowise.lv\/product\/paragon-vav\/\",\"name\":\"PARAGON VAV - Ecowise\",\"isPartOf\":{\"@id\":\"https:\/\/ecowise.lv\/#website\"},\"primaryImageOfPage\":{\"@id\":\"https:\/\/ecowise.lv\/product\/paragon-vav\/#primaryimage\"},\"image\":{\"@id\":\"https:\/\/ecowise.lv\/product\/paragon-vav\/#primaryimage\"},\"thumbnailUrl\":\"https:\/\/ecowise.lv\/wp-content\/uploads\/2023\/09\/paragon_d_front-1.jpg\",\"datePublished\":\"2023-09-14T09:36:19+00:00\",\"dateModified\":\"2023-09-15T06:28:14+00:00\",\"breadcrumb\":{\"@id\":\"https:\/\/ecowise.lv\/product\/paragon-vav\/#breadcrumb\"},\"inLanguage\":\"en-US\",\"potentialAction\":[{\"@type\":\"ReadAction\",\"target\":[\"https:\/\/ecowise.lv\/product\/paragon-vav\/\"]}]},{\"@type\":\"ImageObject\",\"inLanguage\":\"en-US\",\"@id\":\"https:\/\/ecowise.lv\/product\/paragon-vav\/#primaryimage\",\"url\":\"https:\/\/ecowise.lv\/wp-content\/uploads\/2023\/09\/paragon_d_front-1.jpg\",\"contentUrl\":\"https:\/\/ecowise.lv\/wp-content\/uploads\/2023\/09\/paragon_d_front-1.jpg\",\"width\":768,\"height\":576},{\"@type\":\"BreadcrumbList\",\"@id\":\"https:\/\/ecowise.lv\/product\/paragon-vav\/#breadcrumb\",\"itemListElement\":[{\"@type\":\"ListItem\",\"position\":1,\"name\":\"Products\",\"item\":\"https:\/\/ecowise.lv\/shop\/\"},{\"@type\":\"ListItem\",\"position\":2,\"name\":\"PARAGON VAV\"}]},{\"@type\":\"WebSite\",\"@id\":\"https:\/\/ecowise.lv\/#website\",\"url\":\"https:\/\/ecowise.lv\/\",\"name\":\"Ecowise\",\"description\":\"Ener\u0123ijas pat\u0113ri\u0146a samazin\u0101jums\",\"publisher\":{\"@id\":\"https:\/\/ecowise.lv\/#organization\"},\"potentialAction\":[{\"@type\":\"SearchAction\",\"target\":{\"@type\":\"EntryPoint\",\"urlTemplate\":\"https:\/\/ecowise.lv\/?s={search_term_string}\"},\"query-input\":{\"@type\":\"PropertyValueSpecification\",\"valueRequired\":true,\"valueName\":\"search_term_string\"}}],\"inLanguage\":\"en-US\"},{\"@type\":\"Organization\",\"@id\":\"https:\/\/ecowise.lv\/#organization\",\"name\":\"Ecowise\",\"url\":\"https:\/\/ecowise.lv\/\",\"logo\":{\"@type\":\"ImageObject\",\"inLanguage\":\"en-US\",\"@id\":\"https:\/\/ecowise.lv\/#\/schema\/logo\/image\/\",\"url\":\"https:\/\/ecowise.lv\/wp-content\/uploads\/2023\/03\/logo.svg\",\"contentUrl\":\"https:\/\/ecowise.lv\/wp-content\/uploads\/2023\/03\/logo.svg\",\"width\":207,\"height\":27,\"caption\":\"Ecowise\"},\"image\":{\"@id\":\"https:\/\/ecowise.lv\/#\/schema\/logo\/image\/\"}}]}<\/script>\n<!-- \/ Yoast SEO plugin. -->","yoast_head_json":{"title":"PARAGON VAV - Ecowise","robots":{"index":"index","follow":"follow","max-snippet":"max-snippet:-1","max-image-preview":"max-image-preview:large","max-video-preview":"max-video-preview:-1"},"canonical":"https:\/\/ecowise.lv\/en\/product\/paragon-vav\/","og_locale":"en_US","og_type":"article","og_title":"PARAGON VAV - Ecowise","og_description":"P\u0113c piepras\u012bjuma vad\u0101mi komforta modu\u013ci viesn\u012bc\u0101m un apr\u016bpes centriem","og_url":"https:\/\/ecowise.lv\/en\/product\/paragon-vav\/","og_site_name":"Ecowise","article_modified_time":"2023-09-15T06:28:14+00:00","og_image":[{"width":768,"height":576,"url":"https:\/\/ecowise.lv\/wp-content\/uploads\/2023\/09\/paragon_d_front-1.jpg","type":"image\/jpeg"}],"twitter_card":"summary_large_image","schema":{"@context":"https:\/\/schema.org","@graph":[{"@type":"WebPage","@id":"https:\/\/ecowise.lv\/product\/paragon-vav\/","url":"https:\/\/ecowise.lv\/product\/paragon-vav\/","name":"PARAGON VAV - Ecowise","isPartOf":{"@id":"https:\/\/ecowise.lv\/#website"},"primaryImageOfPage":{"@id":"https:\/\/ecowise.lv\/product\/paragon-vav\/#primaryimage"},"image":{"@id":"https:\/\/ecowise.lv\/product\/paragon-vav\/#primaryimage"},"thumbnailUrl":"https:\/\/ecowise.lv\/wp-content\/uploads\/2023\/09\/paragon_d_front-1.jpg","datePublished":"2023-09-14T09:36:19+00:00","dateModified":"2023-09-15T06:28:14+00:00","breadcrumb":{"@id":"https:\/\/ecowise.lv\/product\/paragon-vav\/#breadcrumb"},"inLanguage":"en-US","potentialAction":[{"@type":"ReadAction","target":["https:\/\/ecowise.lv\/product\/paragon-vav\/"]}]},{"@type":"ImageObject","inLanguage":"en-US","@id":"https:\/\/ecowise.lv\/product\/paragon-vav\/#primaryimage","url":"https:\/\/ecowise.lv\/wp-content\/uploads\/2023\/09\/paragon_d_front-1.jpg","contentUrl":"https:\/\/ecowise.lv\/wp-content\/uploads\/2023\/09\/paragon_d_front-1.jpg","width":768,"height":576},{"@type":"BreadcrumbList","@id":"https:\/\/ecowise.lv\/product\/paragon-vav\/#breadcrumb","itemListElement":[{"@type":"ListItem","position":1,"name":"Products","item":"https:\/\/ecowise.lv\/shop\/"},{"@type":"ListItem","position":2,"name":"PARAGON VAV"}]},{"@type":"WebSite","@id":"https:\/\/ecowise.lv\/#website","url":"https:\/\/ecowise.lv\/","name":"Ecowise","description":"Ener\u0123ijas pat\u0113ri\u0146a samazin\u0101jums","publisher":{"@id":"https:\/\/ecowise.lv\/#organization"},"potentialAction":[{"@type":"SearchAction","target":{"@type":"EntryPoint","urlTemplate":"https:\/\/ecowise.lv\/?s={search_term_string}"},"query-input":{"@type":"PropertyValueSpecification","valueRequired":true,"valueName":"search_term_string"}}],"inLanguage":"en-US"},{"@type":"Organization","@id":"https:\/\/ecowise.lv\/#organization","name":"Ecowise","url":"https:\/\/ecowise.lv\/","logo":{"@type":"ImageObject","inLanguage":"en-US","@id":"https:\/\/ecowise.lv\/#\/schema\/logo\/image\/","url":"https:\/\/ecowise.lv\/wp-content\/uploads\/2023\/03\/logo.svg","contentUrl":"https:\/\/ecowise.lv\/wp-content\/uploads\/2023\/03\/logo.svg","width":207,"height":27,"caption":"Ecowise"},"image":{"@id":"https:\/\/ecowise.lv\/#\/schema\/logo\/image\/"}}]}},"_links":{"self":[{"href":"https:\/\/ecowise.lv\/en\/wp-json\/wp\/v2\/product\/2670","targetHints":{"allow":["GET"]}}],"collection":[{"href":"https:\/\/ecowise.lv\/en\/wp-json\/wp\/v2\/product"}],"about":[{"href":"https:\/\/ecowise.lv\/en\/wp-json\/wp\/v2\/types\/product"}],"wp:featuredmedia":[{"embeddable":true,"href":"https:\/\/ecowise.lv\/en\/wp-json\/wp\/v2\/media\/2671"}],"wp:attachment":[{"href":"https:\/\/ecowise.lv\/en\/wp-json\/wp\/v2\/media?parent=2670"}],"wp:term":[{"taxonomy":"product_brand","embeddable":true,"href":"https:\/\/ecowise.lv\/en\/wp-json\/wp\/v2\/product_brand?post=2670"},{"taxonomy":"product_cat","embeddable":true,"href":"https:\/\/ecowise.lv\/en\/wp-json\/wp\/v2\/product_cat?post=2670"},{"taxonomy":"product_tag","embeddable":true,"href":"https:\/\/ecowise.lv\/en\/wp-json\/wp\/v2\/product_tag?post=2670"}],"curies":[{"name":"wp","href":"https:\/\/api.w.org\/{rel}","templated":true}]}}