{"id":2616,"date":"2023-09-14T10:51:00","date_gmt":"2023-09-14T07:51:00","guid":{"rendered":"https:\/\/ecowise.lv\/?post_type=product&#038;p=2616"},"modified":"2024-01-03T11:16:37","modified_gmt":"2024-01-03T09:16:37","slug":"global-px-lp-out","status":"publish","type":"product","link":"https:\/\/ecowise.lv\/en\/product\/global-px-lp-out\/","title":{"rendered":"GLOBAL PX LP OUT"},"content":{"rendered":"<h3>Air handling unit with counterflow plate heat exchanger and side duct connections, with controls.<\/h3>\n<ul>\n<li>Max. air flow 1.750 m\u00b3\/h (Ecodesign)<\/li>\n<li>Plate heat exchanger<\/li>\n<li>Integrated heating available as an accessory - electrical\/water (factory installed)<\/li>\n<li>Placement outdoors<\/li>\n<li>Side connection<\/li>\n<li>Right hand version is available for size 8 and 10 to match different air flow directions<\/li>\n<li>With control devices and HMI<\/li>\n<li>Certified by Eurovent<\/li>\n<\/ul>\n<p>Zema profila gaisa apstr\u0101des iek\u0101rta paredz\u0113ta uzst\u0101d\u012b\u0161anai \u0101r\u0101, uz plakaniem jumtiem. Pieejami divi da\u017e\u0101di ventilatoru veidi (kompoz\u012bts vai alum\u012bnijs).<\/p>","protected":false},"excerpt":{"rendered":"<h4>Low-profile outdoor unit<\/h4>\n<h4>Up to 1750 m\u00b3\/h<\/h4>","protected":false},"featured_media":2628,"template":"","meta":{"_acf_changed":false,"inline_featured_image":false,"_links_to":"","_links_to_target":""},"product_brand":[],"product_cat":[33],"product_tag":[],"class_list":{"0":"post-2616","1":"product","2":"type-product","3":"status-publish","4":"has-post-thumbnail","6":"product_cat-global","8":"first","9":"instock","10":"shipping-taxable","11":"product-type-simple"},"acf":[],"yoast_head":"<!-- This site is optimized with the Yoast SEO plugin v27.0 - https:\/\/yoast.com\/product\/yoast-seo-wordpress\/ -->\n<title>GLOBAL PX LP OUT - Ecowise<\/title>\n<meta name=\"robots\" content=\"index, follow, max-snippet:-1, max-image-preview:large, max-video-preview:-1\" \/>\n<link rel=\"canonical\" href=\"https:\/\/ecowise.lv\/en\/product\/global-px-lp-out\/\" \/>\n<meta property=\"og:locale\" content=\"en_US\" \/>\n<meta property=\"og:type\" content=\"article\" \/>\n<meta property=\"og:title\" content=\"GLOBAL PX LP OUT - Ecowise\" \/>\n<meta property=\"og:description\" content=\"Zema profila \u0101ra izpild\u012bjuma iek\u0101rta l\u012bdz 1750 m\u00b3\/h\" \/>\n<meta property=\"og:url\" content=\"https:\/\/ecowise.lv\/en\/product\/global-px-lp-out\/\" \/>\n<meta property=\"og:site_name\" content=\"Ecowise\" \/>\n<meta property=\"article:modified_time\" content=\"2024-01-03T09:16:37+00:00\" \/>\n<meta property=\"og:image\" content=\"https:\/\/ecowise.lv\/wp-content\/uploads\/2023\/09\/lp-outdoor-08-004.jpg\" \/>\n\t<meta property=\"og:image:width\" content=\"914\" \/>\n\t<meta property=\"og:image:height\" content=\"576\" \/>\n\t<meta property=\"og:image:type\" content=\"image\/jpeg\" \/>\n<meta name=\"twitter:card\" content=\"summary_large_image\" \/>\n<meta name=\"twitter:label1\" content=\"Est. reading time\" \/>\n\t<meta name=\"twitter:data1\" content=\"1 minute\" \/>\n<script type=\"application\/ld+json\" class=\"yoast-schema-graph\">{\"@context\":\"https:\/\/schema.org\",\"@graph\":[{\"@type\":\"WebPage\",\"@id\":\"https:\/\/ecowise.lv\/product\/global-px-lp-out\/\",\"url\":\"https:\/\/ecowise.lv\/product\/global-px-lp-out\/\",\"name\":\"GLOBAL PX LP OUT - Ecowise\",\"isPartOf\":{\"@id\":\"https:\/\/ecowise.lv\/#website\"},\"primaryImageOfPage\":{\"@id\":\"https:\/\/ecowise.lv\/product\/global-px-lp-out\/#primaryimage\"},\"image\":{\"@id\":\"https:\/\/ecowise.lv\/product\/global-px-lp-out\/#primaryimage\"},\"thumbnailUrl\":\"https:\/\/ecowise.lv\/wp-content\/uploads\/2023\/09\/lp-outdoor-08-004.jpg\",\"datePublished\":\"2023-09-14T07:51:00+00:00\",\"dateModified\":\"2024-01-03T09:16:37+00:00\",\"breadcrumb\":{\"@id\":\"https:\/\/ecowise.lv\/product\/global-px-lp-out\/#breadcrumb\"},\"inLanguage\":\"en-US\",\"potentialAction\":[{\"@type\":\"ReadAction\",\"target\":[\"https:\/\/ecowise.lv\/product\/global-px-lp-out\/\"]}]},{\"@type\":\"ImageObject\",\"inLanguage\":\"en-US\",\"@id\":\"https:\/\/ecowise.lv\/product\/global-px-lp-out\/#primaryimage\",\"url\":\"https:\/\/ecowise.lv\/wp-content\/uploads\/2023\/09\/lp-outdoor-08-004.jpg\",\"contentUrl\":\"https:\/\/ecowise.lv\/wp-content\/uploads\/2023\/09\/lp-outdoor-08-004.jpg\",\"width\":914,\"height\":576},{\"@type\":\"BreadcrumbList\",\"@id\":\"https:\/\/ecowise.lv\/product\/global-px-lp-out\/#breadcrumb\",\"itemListElement\":[{\"@type\":\"ListItem\",\"position\":1,\"name\":\"Products\",\"item\":\"https:\/\/ecowise.lv\/shop\/\"},{\"@type\":\"ListItem\",\"position\":2,\"name\":\"GLOBAL PX LP OUT\"}]},{\"@type\":\"WebSite\",\"@id\":\"https:\/\/ecowise.lv\/#website\",\"url\":\"https:\/\/ecowise.lv\/\",\"name\":\"Ecowise\",\"description\":\"Ener\u0123ijas pat\u0113ri\u0146a samazin\u0101jums\",\"publisher\":{\"@id\":\"https:\/\/ecowise.lv\/#organization\"},\"potentialAction\":[{\"@type\":\"SearchAction\",\"target\":{\"@type\":\"EntryPoint\",\"urlTemplate\":\"https:\/\/ecowise.lv\/?s={search_term_string}\"},\"query-input\":{\"@type\":\"PropertyValueSpecification\",\"valueRequired\":true,\"valueName\":\"search_term_string\"}}],\"inLanguage\":\"en-US\"},{\"@type\":\"Organization\",\"@id\":\"https:\/\/ecowise.lv\/#organization\",\"name\":\"Ecowise\",\"url\":\"https:\/\/ecowise.lv\/\",\"logo\":{\"@type\":\"ImageObject\",\"inLanguage\":\"en-US\",\"@id\":\"https:\/\/ecowise.lv\/#\/schema\/logo\/image\/\",\"url\":\"https:\/\/ecowise.lv\/wp-content\/uploads\/2023\/03\/logo.svg\",\"contentUrl\":\"https:\/\/ecowise.lv\/wp-content\/uploads\/2023\/03\/logo.svg\",\"width\":207,\"height\":27,\"caption\":\"Ecowise\"},\"image\":{\"@id\":\"https:\/\/ecowise.lv\/#\/schema\/logo\/image\/\"}}]}<\/script>\n<!-- \/ Yoast SEO plugin. -->","yoast_head_json":{"title":"GLOBAL PX LP OUT - Ecowise","robots":{"index":"index","follow":"follow","max-snippet":"max-snippet:-1","max-image-preview":"max-image-preview:large","max-video-preview":"max-video-preview:-1"},"canonical":"https:\/\/ecowise.lv\/en\/product\/global-px-lp-out\/","og_locale":"en_US","og_type":"article","og_title":"GLOBAL PX LP OUT - Ecowise","og_description":"Zema profila \u0101ra izpild\u012bjuma iek\u0101rta l\u012bdz 1750 m\u00b3\/h","og_url":"https:\/\/ecowise.lv\/en\/product\/global-px-lp-out\/","og_site_name":"Ecowise","article_modified_time":"2024-01-03T09:16:37+00:00","og_image":[{"width":914,"height":576,"url":"https:\/\/ecowise.lv\/wp-content\/uploads\/2023\/09\/lp-outdoor-08-004.jpg","type":"image\/jpeg"}],"twitter_card":"summary_large_image","twitter_misc":{"Est. reading time":"1 minute"},"schema":{"@context":"https:\/\/schema.org","@graph":[{"@type":"WebPage","@id":"https:\/\/ecowise.lv\/product\/global-px-lp-out\/","url":"https:\/\/ecowise.lv\/product\/global-px-lp-out\/","name":"GLOBAL PX LP OUT - Ecowise","isPartOf":{"@id":"https:\/\/ecowise.lv\/#website"},"primaryImageOfPage":{"@id":"https:\/\/ecowise.lv\/product\/global-px-lp-out\/#primaryimage"},"image":{"@id":"https:\/\/ecowise.lv\/product\/global-px-lp-out\/#primaryimage"},"thumbnailUrl":"https:\/\/ecowise.lv\/wp-content\/uploads\/2023\/09\/lp-outdoor-08-004.jpg","datePublished":"2023-09-14T07:51:00+00:00","dateModified":"2024-01-03T09:16:37+00:00","breadcrumb":{"@id":"https:\/\/ecowise.lv\/product\/global-px-lp-out\/#breadcrumb"},"inLanguage":"en-US","potentialAction":[{"@type":"ReadAction","target":["https:\/\/ecowise.lv\/product\/global-px-lp-out\/"]}]},{"@type":"ImageObject","inLanguage":"en-US","@id":"https:\/\/ecowise.lv\/product\/global-px-lp-out\/#primaryimage","url":"https:\/\/ecowise.lv\/wp-content\/uploads\/2023\/09\/lp-outdoor-08-004.jpg","contentUrl":"https:\/\/ecowise.lv\/wp-content\/uploads\/2023\/09\/lp-outdoor-08-004.jpg","width":914,"height":576},{"@type":"BreadcrumbList","@id":"https:\/\/ecowise.lv\/product\/global-px-lp-out\/#breadcrumb","itemListElement":[{"@type":"ListItem","position":1,"name":"Products","item":"https:\/\/ecowise.lv\/shop\/"},{"@type":"ListItem","position":2,"name":"GLOBAL PX LP OUT"}]},{"@type":"WebSite","@id":"https:\/\/ecowise.lv\/#website","url":"https:\/\/ecowise.lv\/","name":"Ecowise","description":"Ener\u0123ijas pat\u0113ri\u0146a samazin\u0101jums","publisher":{"@id":"https:\/\/ecowise.lv\/#organization"},"potentialAction":[{"@type":"SearchAction","target":{"@type":"EntryPoint","urlTemplate":"https:\/\/ecowise.lv\/?s={search_term_string}"},"query-input":{"@type":"PropertyValueSpecification","valueRequired":true,"valueName":"search_term_string"}}],"inLanguage":"en-US"},{"@type":"Organization","@id":"https:\/\/ecowise.lv\/#organization","name":"Ecowise","url":"https:\/\/ecowise.lv\/","logo":{"@type":"ImageObject","inLanguage":"en-US","@id":"https:\/\/ecowise.lv\/#\/schema\/logo\/image\/","url":"https:\/\/ecowise.lv\/wp-content\/uploads\/2023\/03\/logo.svg","contentUrl":"https:\/\/ecowise.lv\/wp-content\/uploads\/2023\/03\/logo.svg","width":207,"height":27,"caption":"Ecowise"},"image":{"@id":"https:\/\/ecowise.lv\/#\/schema\/logo\/image\/"}}]}},"_links":{"self":[{"href":"https:\/\/ecowise.lv\/en\/wp-json\/wp\/v2\/product\/2616","targetHints":{"allow":["GET"]}}],"collection":[{"href":"https:\/\/ecowise.lv\/en\/wp-json\/wp\/v2\/product"}],"about":[{"href":"https:\/\/ecowise.lv\/en\/wp-json\/wp\/v2\/types\/product"}],"wp:featuredmedia":[{"embeddable":true,"href":"https:\/\/ecowise.lv\/en\/wp-json\/wp\/v2\/media\/2628"}],"wp:attachment":[{"href":"https:\/\/ecowise.lv\/en\/wp-json\/wp\/v2\/media?parent=2616"}],"wp:term":[{"taxonomy":"product_brand","embeddable":true,"href":"https:\/\/ecowise.lv\/en\/wp-json\/wp\/v2\/product_brand?post=2616"},{"taxonomy":"product_cat","embeddable":true,"href":"https:\/\/ecowise.lv\/en\/wp-json\/wp\/v2\/product_cat?post=2616"},{"taxonomy":"product_tag","embeddable":true,"href":"https:\/\/ecowise.lv\/en\/wp-json\/wp\/v2\/product_tag?post=2616"}],"curies":[{"name":"wp","href":"https:\/\/api.w.org\/{rel}","templated":true}]}}