{"id":2575,"date":"2023-09-14T10:06:37","date_gmt":"2023-09-14T07:06:37","guid":{"rendered":"https:\/\/ecowise.lv\/?post_type=product&#038;p=2575"},"modified":"2023-11-02T10:19:53","modified_gmt":"2023-11-02T08:19:53","slug":"blb","status":"publish","type":"product","link":"https:\/\/ecowise.lv\/en\/product\/blb\/","title":{"rendered":"BLB"},"content":{"rendered":"<div class=\"h-margin-bottom-3\">\n<h3 class=\"headline-5 h-text-color-green\">Mixing box for two duct systems<\/h3>\n<h4>Mixing box for mixing hot and cold air in two duct systems.<\/h4>\n<ul>\n<li>Low pressure drop independent of the damper position heating\/cooling<\/li>\n<li>Supplied with electric actuator as standard<\/li>\n<li>Available in seven sizes<\/li>\n<li>There is inspection glass on both sides, to easily check performance<\/li>\n<\/ul>\n<\/div>\n<p>&nbsp;<\/p>\n<div class=\"show-more\">\n<div class=\"tabs__content\">\n<div id=\"technical-data\" class=\"tabs__content-item\" role=\"tabpanel\" aria-hidden=\"false\" aria-labelledby=\"technical-data\">\n<section class=\"panel panel--no-padding-top panel--no-padding-bottom\">\n<div class=\"panel__inner\">\n<div class=\"horizontal-scroller panel-full-width\" data-show-scroll-icon=\"true\">\n<div class=\"horizontal-scroller__scroller\">\n<table dir=\"ltr\" style=\"height: 331px;\" width=\"729\">\n<thead>\n<tr>\n<td colspan=\"4\">\n<div class=\"gtx-body\"><strong>FLOW RANGE<\/strong><\/div>\n<\/td>\n<\/tr>\n<\/thead>\n<tbody>\n<tr>\n<td><strong>BLB<\/strong><\/td>\n<td colspan=\"3\"><strong>l\/s<\/strong><\/td>\n<\/tr>\n<tr>\n<td><strong>Size<\/strong><\/td>\n<td><strong>1.0 m\/s<\/strong><\/td>\n<td><strong>5 m\/s<\/strong><\/td>\n<td><strong>7 m\/s<\/strong><\/td>\n<\/tr>\n<tr>\n<td>100<\/td>\n<td>8<\/td>\n<td>39<\/td>\n<td>55<\/td>\n<\/tr>\n<tr>\n<td>125<\/td>\n<td>12<\/td>\n<td>61<\/td>\n<td>86<\/td>\n<\/tr>\n<tr>\n<td>160<\/td>\n<td>20<\/td>\n<td>100<\/td>\n<td>140<\/td>\n<\/tr>\n<tr>\n<td>200<\/td>\n<td>31<\/td>\n<td>157<\/td>\n<td>220<\/td>\n<\/tr>\n<tr>\n<td>250<\/td>\n<td>49<\/td>\n<td>245<\/td>\n<td>340<\/td>\n<\/tr>\n<tr>\n<td>315<\/td>\n<td>78<\/td>\n<td>390<\/td>\n<td>545<\/td>\n<\/tr>\n<tr>\n<td>400<\/td>\n<td>125<\/td>\n<td>630<\/td>\n<td>880<\/td>\n<\/tr>\n<\/tbody>\n<\/table>\n<\/div>\n<\/div>\n<\/div>\n<\/section>\n<\/div>\n<\/div>\n<\/div>","protected":false},"excerpt":{"rendered":"<h4>Variable flow damper<\/h4>\n<h4>\u2205100-400<\/h4>","protected":false},"featured_media":2576,"template":"","meta":{"_acf_changed":false,"inline_featured_image":false,"_links_to":"","_links_to_target":""},"product_brand":[],"product_cat":[72],"product_tag":[],"class_list":{"0":"post-2575","1":"product","2":"type-product","3":"status-publish","4":"has-post-thumbnail","6":"product_cat-plusmas-regulesana","8":"first","9":"instock","10":"shipping-taxable","11":"product-type-simple"},"acf":[],"yoast_head":"<!-- This site is optimized with the Yoast SEO plugin v27.0 - https:\/\/yoast.com\/product\/yoast-seo-wordpress\/ -->\n<title>BLB Main\u012bgas pl\u016bsmas v\u0101rsts<\/title>\n<meta name=\"description\" content=\"Main\u012bgas pl\u016bsmas v\u0101rsts - gaisa mais\u012b\u0161anas kaste div\u0101m kan\u0101lu sist\u0113m\u0101m\" \/>\n<meta name=\"robots\" content=\"index, follow, max-snippet:-1, max-image-preview:large, max-video-preview:-1\" \/>\n<link rel=\"canonical\" href=\"https:\/\/ecowise.lv\/en\/product\/blb\/\" \/>\n<meta property=\"og:locale\" content=\"en_US\" \/>\n<meta property=\"og:type\" content=\"article\" \/>\n<meta property=\"og:title\" content=\"BLB Main\u012bgas pl\u016bsmas v\u0101rsts\" \/>\n<meta property=\"og:description\" content=\"Main\u012bgas pl\u016bsmas v\u0101rsts - gaisa mais\u012b\u0161anas kaste div\u0101m kan\u0101lu sist\u0113m\u0101m\" \/>\n<meta property=\"og:url\" content=\"https:\/\/ecowise.lv\/en\/product\/blb\/\" \/>\n<meta property=\"og:site_name\" content=\"Ecowise\" \/>\n<meta property=\"article:modified_time\" content=\"2023-11-02T08:19:53+00:00\" \/>\n<meta property=\"og:image\" content=\"https:\/\/ecowise.lv\/wp-content\/uploads\/2023\/09\/blb-productimage.jpg\" \/>\n\t<meta property=\"og:image:width\" content=\"768\" \/>\n\t<meta property=\"og:image:height\" content=\"576\" \/>\n\t<meta property=\"og:image:type\" content=\"image\/jpeg\" \/>\n<meta name=\"twitter:card\" content=\"summary_large_image\" \/>\n<meta name=\"twitter:label1\" content=\"Est. reading time\" \/>\n\t<meta name=\"twitter:data1\" content=\"1 minute\" \/>\n<script type=\"application\/ld+json\" class=\"yoast-schema-graph\">{\"@context\":\"https:\/\/schema.org\",\"@graph\":[{\"@type\":\"WebPage\",\"@id\":\"https:\/\/ecowise.lv\/product\/blb\/\",\"url\":\"https:\/\/ecowise.lv\/product\/blb\/\",\"name\":\"BLB Main\u012bgas pl\u016bsmas v\u0101rsts\",\"isPartOf\":{\"@id\":\"https:\/\/ecowise.lv\/#website\"},\"primaryImageOfPage\":{\"@id\":\"https:\/\/ecowise.lv\/product\/blb\/#primaryimage\"},\"image\":{\"@id\":\"https:\/\/ecowise.lv\/product\/blb\/#primaryimage\"},\"thumbnailUrl\":\"https:\/\/ecowise.lv\/wp-content\/uploads\/2023\/09\/blb-productimage.jpg\",\"datePublished\":\"2023-09-14T07:06:37+00:00\",\"dateModified\":\"2023-11-02T08:19:53+00:00\",\"description\":\"Main\u012bgas pl\u016bsmas v\u0101rsts - gaisa mais\u012b\u0161anas kaste div\u0101m kan\u0101lu sist\u0113m\u0101m\",\"breadcrumb\":{\"@id\":\"https:\/\/ecowise.lv\/product\/blb\/#breadcrumb\"},\"inLanguage\":\"en-US\",\"potentialAction\":[{\"@type\":\"ReadAction\",\"target\":[\"https:\/\/ecowise.lv\/product\/blb\/\"]}]},{\"@type\":\"ImageObject\",\"inLanguage\":\"en-US\",\"@id\":\"https:\/\/ecowise.lv\/product\/blb\/#primaryimage\",\"url\":\"https:\/\/ecowise.lv\/wp-content\/uploads\/2023\/09\/blb-productimage.jpg\",\"contentUrl\":\"https:\/\/ecowise.lv\/wp-content\/uploads\/2023\/09\/blb-productimage.jpg\",\"width\":768,\"height\":576},{\"@type\":\"BreadcrumbList\",\"@id\":\"https:\/\/ecowise.lv\/product\/blb\/#breadcrumb\",\"itemListElement\":[{\"@type\":\"ListItem\",\"position\":1,\"name\":\"Products\",\"item\":\"https:\/\/ecowise.lv\/shop\/\"},{\"@type\":\"ListItem\",\"position\":2,\"name\":\"BLB\"}]},{\"@type\":\"WebSite\",\"@id\":\"https:\/\/ecowise.lv\/#website\",\"url\":\"https:\/\/ecowise.lv\/\",\"name\":\"Ecowise\",\"description\":\"Ener\u0123ijas pat\u0113ri\u0146a samazin\u0101jums\",\"publisher\":{\"@id\":\"https:\/\/ecowise.lv\/#organization\"},\"potentialAction\":[{\"@type\":\"SearchAction\",\"target\":{\"@type\":\"EntryPoint\",\"urlTemplate\":\"https:\/\/ecowise.lv\/?s={search_term_string}\"},\"query-input\":{\"@type\":\"PropertyValueSpecification\",\"valueRequired\":true,\"valueName\":\"search_term_string\"}}],\"inLanguage\":\"en-US\"},{\"@type\":\"Organization\",\"@id\":\"https:\/\/ecowise.lv\/#organization\",\"name\":\"Ecowise\",\"url\":\"https:\/\/ecowise.lv\/\",\"logo\":{\"@type\":\"ImageObject\",\"inLanguage\":\"en-US\",\"@id\":\"https:\/\/ecowise.lv\/#\/schema\/logo\/image\/\",\"url\":\"https:\/\/ecowise.lv\/wp-content\/uploads\/2023\/03\/logo.svg\",\"contentUrl\":\"https:\/\/ecowise.lv\/wp-content\/uploads\/2023\/03\/logo.svg\",\"width\":207,\"height\":27,\"caption\":\"Ecowise\"},\"image\":{\"@id\":\"https:\/\/ecowise.lv\/#\/schema\/logo\/image\/\"}}]}<\/script>\n<!-- \/ Yoast SEO plugin. -->","yoast_head_json":{"title":"BLB Main\u012bgas pl\u016bsmas v\u0101rsts","description":"Main\u012bgas pl\u016bsmas v\u0101rsts - gaisa mais\u012b\u0161anas kaste div\u0101m kan\u0101lu sist\u0113m\u0101m","robots":{"index":"index","follow":"follow","max-snippet":"max-snippet:-1","max-image-preview":"max-image-preview:large","max-video-preview":"max-video-preview:-1"},"canonical":"https:\/\/ecowise.lv\/en\/product\/blb\/","og_locale":"en_US","og_type":"article","og_title":"BLB Main\u012bgas pl\u016bsmas v\u0101rsts","og_description":"Main\u012bgas pl\u016bsmas v\u0101rsts - gaisa mais\u012b\u0161anas kaste div\u0101m kan\u0101lu sist\u0113m\u0101m","og_url":"https:\/\/ecowise.lv\/en\/product\/blb\/","og_site_name":"Ecowise","article_modified_time":"2023-11-02T08:19:53+00:00","og_image":[{"width":768,"height":576,"url":"https:\/\/ecowise.lv\/wp-content\/uploads\/2023\/09\/blb-productimage.jpg","type":"image\/jpeg"}],"twitter_card":"summary_large_image","twitter_misc":{"Est. reading time":"1 minute"},"schema":{"@context":"https:\/\/schema.org","@graph":[{"@type":"WebPage","@id":"https:\/\/ecowise.lv\/product\/blb\/","url":"https:\/\/ecowise.lv\/product\/blb\/","name":"BLB Main\u012bgas pl\u016bsmas v\u0101rsts","isPartOf":{"@id":"https:\/\/ecowise.lv\/#website"},"primaryImageOfPage":{"@id":"https:\/\/ecowise.lv\/product\/blb\/#primaryimage"},"image":{"@id":"https:\/\/ecowise.lv\/product\/blb\/#primaryimage"},"thumbnailUrl":"https:\/\/ecowise.lv\/wp-content\/uploads\/2023\/09\/blb-productimage.jpg","datePublished":"2023-09-14T07:06:37+00:00","dateModified":"2023-11-02T08:19:53+00:00","description":"Main\u012bgas pl\u016bsmas v\u0101rsts - gaisa mais\u012b\u0161anas kaste div\u0101m kan\u0101lu sist\u0113m\u0101m","breadcrumb":{"@id":"https:\/\/ecowise.lv\/product\/blb\/#breadcrumb"},"inLanguage":"en-US","potentialAction":[{"@type":"ReadAction","target":["https:\/\/ecowise.lv\/product\/blb\/"]}]},{"@type":"ImageObject","inLanguage":"en-US","@id":"https:\/\/ecowise.lv\/product\/blb\/#primaryimage","url":"https:\/\/ecowise.lv\/wp-content\/uploads\/2023\/09\/blb-productimage.jpg","contentUrl":"https:\/\/ecowise.lv\/wp-content\/uploads\/2023\/09\/blb-productimage.jpg","width":768,"height":576},{"@type":"BreadcrumbList","@id":"https:\/\/ecowise.lv\/product\/blb\/#breadcrumb","itemListElement":[{"@type":"ListItem","position":1,"name":"Products","item":"https:\/\/ecowise.lv\/shop\/"},{"@type":"ListItem","position":2,"name":"BLB"}]},{"@type":"WebSite","@id":"https:\/\/ecowise.lv\/#website","url":"https:\/\/ecowise.lv\/","name":"Ecowise","description":"Ener\u0123ijas pat\u0113ri\u0146a samazin\u0101jums","publisher":{"@id":"https:\/\/ecowise.lv\/#organization"},"potentialAction":[{"@type":"SearchAction","target":{"@type":"EntryPoint","urlTemplate":"https:\/\/ecowise.lv\/?s={search_term_string}"},"query-input":{"@type":"PropertyValueSpecification","valueRequired":true,"valueName":"search_term_string"}}],"inLanguage":"en-US"},{"@type":"Organization","@id":"https:\/\/ecowise.lv\/#organization","name":"Ecowise","url":"https:\/\/ecowise.lv\/","logo":{"@type":"ImageObject","inLanguage":"en-US","@id":"https:\/\/ecowise.lv\/#\/schema\/logo\/image\/","url":"https:\/\/ecowise.lv\/wp-content\/uploads\/2023\/03\/logo.svg","contentUrl":"https:\/\/ecowise.lv\/wp-content\/uploads\/2023\/03\/logo.svg","width":207,"height":27,"caption":"Ecowise"},"image":{"@id":"https:\/\/ecowise.lv\/#\/schema\/logo\/image\/"}}]}},"_links":{"self":[{"href":"https:\/\/ecowise.lv\/en\/wp-json\/wp\/v2\/product\/2575","targetHints":{"allow":["GET"]}}],"collection":[{"href":"https:\/\/ecowise.lv\/en\/wp-json\/wp\/v2\/product"}],"about":[{"href":"https:\/\/ecowise.lv\/en\/wp-json\/wp\/v2\/types\/product"}],"wp:featuredmedia":[{"embeddable":true,"href":"https:\/\/ecowise.lv\/en\/wp-json\/wp\/v2\/media\/2576"}],"wp:attachment":[{"href":"https:\/\/ecowise.lv\/en\/wp-json\/wp\/v2\/media?parent=2575"}],"wp:term":[{"taxonomy":"product_brand","embeddable":true,"href":"https:\/\/ecowise.lv\/en\/wp-json\/wp\/v2\/product_brand?post=2575"},{"taxonomy":"product_cat","embeddable":true,"href":"https:\/\/ecowise.lv\/en\/wp-json\/wp\/v2\/product_cat?post=2575"},{"taxonomy":"product_tag","embeddable":true,"href":"https:\/\/ecowise.lv\/en\/wp-json\/wp\/v2\/product_tag?post=2575"}],"curies":[{"name":"wp","href":"https:\/\/api.w.org\/{rel}","templated":true}]}}