{"id":2105,"date":"2023-08-30T21:11:17","date_gmt":"2023-08-30T18:11:17","guid":{"rendered":"https:\/\/ecowise.lv\/?post_type=product&#038;p=2105"},"modified":"2023-10-28T17:53:24","modified_gmt":"2023-10-28T14:53:24","slug":"adriatic-vav","status":"publish","type":"product","link":"https:\/\/ecowise.lv\/en\/product\/adriatic-vav\/","title":{"rendered":"Adriatic VAV"},"content":{"rendered":"<ul>\n<li id=\"tw-target-text\" class=\"tw-data-text tw-text-large tw-ta\" dir=\"ltr\" data-placeholder=\"Translation\"><span class=\"Y2IQFc\" lang=\"lv\">Climate beam with cooling, heating and ventilation for demand-controlled indoor climate.<\/span><\/li>\n<li class=\"tw-data-text tw-text-large tw-ta\" dir=\"ltr\" data-placeholder=\"Translation\"><span class=\"Y2IQFc\" lang=\"lv\">Equipped with control equipment for stand-alone or connectable to BMS via Modbus.<\/span><\/li>\n<li class=\"tw-data-text tw-text-large tw-ta\" dir=\"ltr\" data-placeholder=\"Translation\"><span class=\"Y2IQFc\" lang=\"lv\">Designed for suspended installation, either hanging or mounted directly against the ceiling.<\/span><\/li>\n<li class=\"tw-data-text tw-text-large tw-ta\" dir=\"ltr\" data-placeholder=\"Translation\"><span class=\"Y2IQFc\" lang=\"lv\">Complete product with integrated damper for variable air flow control 0-100%.<\/span><\/li>\n<li class=\"tw-data-text tw-text-large tw-ta\" dir=\"ltr\" data-placeholder=\"Translation\"><span class=\"Y2IQFc\" lang=\"lv\">Stylish design component in two optional versions.<\/span><\/li>\n<li class=\"tw-data-text tw-text-large tw-ta\" dir=\"ltr\" data-placeholder=\"Translation\"><span class=\"Y2IQFc\" lang=\"lv\">Energy-efficient operation since the room is ventilated, heated and cooled exactly as called for by the load, neither more or less.<\/span><\/li>\n<li class=\"tw-data-text tw-text-large tw-ta\" dir=\"ltr\" data-placeholder=\"Translation\"><span class=\"Y2IQFc\" lang=\"lv\">Highest possible comfort with provision for individual control at a product or room level.<\/span><\/li>\n<li class=\"tw-data-text tw-text-large tw-ta\" dir=\"ltr\" data-placeholder=\"Translation\"><span class=\"Y2IQFc\" lang=\"lv\">Large working range in one and the same product simplifies planning.<\/span><\/li>\n<li class=\"tw-data-text tw-text-large tw-ta\" dir=\"ltr\" data-placeholder=\"Translation\"><span class=\"Y2IQFc\" lang=\"lv\">As an optional extra, there is a connection casing for concealing the ventilation duct and water pipes.<\/span><\/li>\n<li class=\"tw-data-text tw-text-large tw-ta\" dir=\"ltr\" data-placeholder=\"Translation\"><span class=\"Y2IQFc\" lang=\"lv\">Service-friendly with folding design component for easy accessibility.<\/span><\/li>\n<\/ul>\n<p>&nbsp;<\/p>\n<p><strong>Technical data<\/strong><\/p>\n<div class=\"tabs__content\">\n<div id=\"technical-data\" class=\"tabs__content-item\" role=\"tabpanel\" aria-hidden=\"false\" aria-labelledby=\"technical-data\">\n<section class=\"panel panel--no-padding-top panel--no-padding-bottom\">\n<div class=\"panel__inner\">\n<div class=\"horizontal-scroller panel-full-width horizontal-scroller--show-icon horizontal-scroller--overflow-right\" data-show-scroll-icon=\"true\">\n<div class=\"horizontal-scroller__scroller\">\n<table>\n<tbody>\n<tr>\n<td class=\"bold v-align-middle h-align-center\" colspan=\"2\">Variant<\/td>\n<td class=\"bold v-align-middle h-align-center\" colspan=\"3\">Supply air<\/td>\n<td class=\"bold v-align-middle h-align-center\" colspan=\"2\">Performance<\/td>\n<\/tr>\n<tr>\n<td class=\"bold v-align-middle h-align-center\">Size<\/td>\n<td class=\"bold v-align-middle h-align-center\">Air connection:<\/td>\n<td class=\"bold v-align-middle h-align-center\">Pa*<\/td>\n<td class=\"bold v-align-middle h-align-center\">l\/s<\/td>\n<td class=\"bold v-align-middle h-align-center\">m\u00b3\/h<\/td>\n<td class=\"bold v-align-middle h-align-center\">Total cooling capacity (W)**<\/td>\n<td class=\"bold v-align-middle h-align-center\">Sound level (dB(A))<\/td>\n<\/tr>\n<tr>\n<td class=\"v-align-middle h-align-center\">1.2<\/td>\n<td class=\"v-align-middle h-align-center\">125<\/td>\n<td class=\"v-align-middle h-align-center\">50<\/td>\n<td class=\"v-align-middle h-align-center\">14<\/td>\n<td class=\"v-align-middle h-align-center\">50.4<\/td>\n<td class=\"v-align-middle h-align-center\">518<\/td>\n<td class=\"v-align-middle h-align-center\">&lt;20<\/td>\n<\/tr>\n<tr>\n<td class=\"v-align-middle h-align-center\">1.2<\/td>\n<td class=\"v-align-middle h-align-center\">125<\/td>\n<td class=\"v-align-middle h-align-center\">50<\/td>\n<td class=\"v-align-middle h-align-center\">21<\/td>\n<td class=\"v-align-middle h-align-center\">75.6<\/td>\n<td class=\"v-align-middle h-align-center\">596<\/td>\n<td class=\"v-align-middle h-align-center\">24<\/td>\n<\/tr>\n<tr>\n<td class=\"v-align-middle h-align-center\">1.8<\/td>\n<td class=\"v-align-middle h-align-center\">125<\/td>\n<td class=\"v-align-middle h-align-center\">50<\/td>\n<td class=\"v-align-middle h-align-center\">10<\/td>\n<td class=\"v-align-middle h-align-center\">36<\/td>\n<td class=\"v-align-middle h-align-center\">539<\/td>\n<td class=\"v-align-middle h-align-center\">&lt;20<\/td>\n<\/tr>\n<tr>\n<td class=\"v-align-middle h-align-center\">1.8<\/td>\n<td class=\"v-align-middle h-align-center\">125<\/td>\n<td class=\"v-align-middle h-align-center\">50<\/td>\n<td class=\"v-align-middle h-align-center\">20<\/td>\n<td class=\"v-align-middle h-align-center\">72<\/td>\n<td class=\"v-align-middle h-align-center\">796<\/td>\n<td class=\"v-align-middle h-align-center\">&lt;20<\/td>\n<\/tr>\n<tr>\n<td class=\"v-align-middle h-align-center\">1.8<\/td>\n<td class=\"v-align-middle h-align-center\">125<\/td>\n<td class=\"v-align-middle h-align-center\">50<\/td>\n<td class=\"v-align-middle h-align-center\">31<\/td>\n<td class=\"v-align-middle h-align-center\">111.6<\/td>\n<td class=\"v-align-middle h-align-center\">934<\/td>\n<td class=\"v-align-middle h-align-center\">25<\/td>\n<\/tr>\n<tr>\n<td class=\"v-align-middle h-align-center\">2.4<\/td>\n<td class=\"v-align-middle h-align-center\">125<\/td>\n<td class=\"v-align-middle h-align-center\">50<\/td>\n<td class=\"v-align-middle h-align-center\">14<\/td>\n<td class=\"v-align-middle h-align-center\">50.4<\/td>\n<td class=\"v-align-middle h-align-center\">788<\/td>\n<td class=\"v-align-middle h-align-center\">&lt;20<\/td>\n<\/tr>\n<tr>\n<td class=\"v-align-middle h-align-center\">2.4<\/td>\n<td class=\"v-align-middle h-align-center\">125<\/td>\n<td class=\"v-align-middle h-align-center\">50<\/td>\n<td class=\"v-align-middle h-align-center\">30<\/td>\n<td class=\"v-align-middle h-align-center\">108<\/td>\n<td class=\"v-align-middle h-align-center\">1101<\/td>\n<td class=\"v-align-middle h-align-center\">21<\/td>\n<\/tr>\n<tr>\n<td class=\"v-align-middle h-align-center\">2.4<\/td>\n<td class=\"v-align-middle h-align-center\">125<\/td>\n<td class=\"v-align-middle h-align-center\">50<\/td>\n<td class=\"v-align-middle h-align-center\">44<\/td>\n<td class=\"v-align-middle h-align-center\">158.4<\/td>\n<td class=\"v-align-middle h-align-center\">1236<\/td>\n<td class=\"v-align-middle h-align-center\">28<\/td>\n<\/tr>\n<tr>\n<td class=\"v-align-middle h-align-center\">3<\/td>\n<td class=\"v-align-middle h-align-center\">125<\/td>\n<td class=\"v-align-middle h-align-center\">50<\/td>\n<td class=\"v-align-middle h-align-center\">17<\/td>\n<td class=\"v-align-middle h-align-center\">61.2<\/td>\n<td class=\"v-align-middle h-align-center\">946<\/td>\n<td class=\"v-align-middle h-align-center\">&lt;20<\/td>\n<\/tr>\n<tr>\n<td class=\"v-align-middle h-align-center\">3<\/td>\n<td class=\"v-align-middle h-align-center\">125<\/td>\n<td class=\"v-align-middle h-align-center\">50<\/td>\n<td class=\"v-align-middle h-align-center\">34<\/td>\n<td class=\"v-align-middle h-align-center\">122.4<\/td>\n<td class=\"v-align-middle h-align-center\">1298<\/td>\n<td class=\"v-align-middle h-align-center\">20<\/td>\n<\/tr>\n<tr>\n<td class=\"v-align-middle h-align-center\">3<\/td>\n<td class=\"v-align-middle h-align-center\">125<\/td>\n<td class=\"v-align-middle h-align-center\">50<\/td>\n<td class=\"v-align-middle h-align-center\">52<\/td>\n<td class=\"v-align-middle h-align-center\">187.2<\/td>\n<td class=\"v-align-middle h-align-center\">1467<\/td>\n<td class=\"v-align-middle h-align-center\">30<\/td>\n<\/tr>\n<tr>\n<td class=\"italic v-align-bottom h-align-left\" colspan=\"7\">*Total pressure duct (Pa)<\/td>\n<\/tr>\n<tr>\n<td class=\"italic v-align-bottom h-align-left\" colspan=\"7\">**Air: \u0394Tair=7K, Water: \u0394Tmk=8.5K, water flow=0.05 l\/s for 1.2 m and 1.8 m, water flow=0.1 l\/s for 2.4 m and 3.0 m<\/td>\n<\/tr>\n<tr>\n<td class=\"italic v-align-bottom h-align-left\" colspan=\"7\">***Including -4dB room attenuation<\/td>\n<\/tr>\n<\/tbody>\n<\/table>\n<\/div>\n<\/div>\n<\/div>\n<\/section>\n<\/div>\n<\/div>","protected":false},"excerpt":{"rendered":"<h4 id=\"tw-target-text\" class=\"tw-data-text tw-text-large tw-ta\" dir=\"ltr\" data-placeholder=\"Translation\"><span class=\"Y2IQFc\" lang=\"lv\">Energy-saving climate beam for demand-controlled ventilation<\/span><\/h4>","protected":false},"featured_media":2106,"template":"","meta":{"_acf_changed":false,"inline_featured_image":false,"_links_to":"","_links_to_target":""},"product_brand":[],"product_cat":[82],"product_tag":[],"class_list":{"0":"post-2105","1":"product","2":"type-product","3":"status-publish","4":"has-post-thumbnail","6":"product_cat-dzesesanas-konsoles","8":"first","9":"instock","10":"shipping-taxable","11":"product-type-simple"},"acf":[],"yoast_head":"<!-- This site is optimized with the Yoast SEO plugin v27.0 - https:\/\/yoast.com\/product\/yoast-seo-wordpress\/ -->\n<title>Adriatic VAV - Ecowise<\/title>\n<meta name=\"robots\" content=\"index, follow, max-snippet:-1, max-image-preview:large, max-video-preview:-1\" \/>\n<link rel=\"canonical\" href=\"https:\/\/ecowise.lv\/en\/product\/adriatic-vav\/\" \/>\n<meta property=\"og:locale\" content=\"en_US\" \/>\n<meta property=\"og:type\" content=\"article\" \/>\n<meta property=\"og:title\" content=\"Adriatic VAV - Ecowise\" \/>\n<meta property=\"og:description\" content=\"Ener\u0123iju taupo\u0161a klimata sija p\u0113c piepras\u012bjuma kontrol\u0113tai ventil\u0101cijai\" \/>\n<meta property=\"og:url\" content=\"https:\/\/ecowise.lv\/en\/product\/adriatic-vav\/\" \/>\n<meta property=\"og:site_name\" content=\"Ecowise\" \/>\n<meta property=\"article:modified_time\" content=\"2023-10-28T14:53:24+00:00\" \/>\n<meta property=\"og:image\" content=\"https:\/\/ecowise.lv\/wp-content\/uploads\/2023\/08\/adriatic_vav_prisma.png\" \/>\n\t<meta property=\"og:image:width\" content=\"768\" \/>\n\t<meta property=\"og:image:height\" content=\"576\" \/>\n\t<meta property=\"og:image:type\" content=\"image\/png\" \/>\n<meta name=\"twitter:card\" content=\"summary_large_image\" \/>\n<meta name=\"twitter:label1\" content=\"Est. reading time\" \/>\n\t<meta name=\"twitter:data1\" content=\"2 minutes\" \/>\n<script type=\"application\/ld+json\" class=\"yoast-schema-graph\">{\"@context\":\"https:\/\/schema.org\",\"@graph\":[{\"@type\":\"WebPage\",\"@id\":\"https:\/\/ecowise.lv\/product\/adriatic-vav\/\",\"url\":\"https:\/\/ecowise.lv\/product\/adriatic-vav\/\",\"name\":\"Adriatic VAV - Ecowise\",\"isPartOf\":{\"@id\":\"https:\/\/ecowise.lv\/#website\"},\"primaryImageOfPage\":{\"@id\":\"https:\/\/ecowise.lv\/product\/adriatic-vav\/#primaryimage\"},\"image\":{\"@id\":\"https:\/\/ecowise.lv\/product\/adriatic-vav\/#primaryimage\"},\"thumbnailUrl\":\"https:\/\/ecowise.lv\/wp-content\/uploads\/2023\/08\/adriatic_vav_prisma.png\",\"datePublished\":\"2023-08-30T18:11:17+00:00\",\"dateModified\":\"2023-10-28T14:53:24+00:00\",\"breadcrumb\":{\"@id\":\"https:\/\/ecowise.lv\/product\/adriatic-vav\/#breadcrumb\"},\"inLanguage\":\"en-US\",\"potentialAction\":[{\"@type\":\"ReadAction\",\"target\":[\"https:\/\/ecowise.lv\/product\/adriatic-vav\/\"]}]},{\"@type\":\"ImageObject\",\"inLanguage\":\"en-US\",\"@id\":\"https:\/\/ecowise.lv\/product\/adriatic-vav\/#primaryimage\",\"url\":\"https:\/\/ecowise.lv\/wp-content\/uploads\/2023\/08\/adriatic_vav_prisma.png\",\"contentUrl\":\"https:\/\/ecowise.lv\/wp-content\/uploads\/2023\/08\/adriatic_vav_prisma.png\",\"width\":768,\"height\":576},{\"@type\":\"BreadcrumbList\",\"@id\":\"https:\/\/ecowise.lv\/product\/adriatic-vav\/#breadcrumb\",\"itemListElement\":[{\"@type\":\"ListItem\",\"position\":1,\"name\":\"Products\",\"item\":\"https:\/\/ecowise.lv\/shop\/\"},{\"@type\":\"ListItem\",\"position\":2,\"name\":\"Adriatic VAV\"}]},{\"@type\":\"WebSite\",\"@id\":\"https:\/\/ecowise.lv\/#website\",\"url\":\"https:\/\/ecowise.lv\/\",\"name\":\"Ecowise\",\"description\":\"Ener\u0123ijas pat\u0113ri\u0146a samazin\u0101jums\",\"publisher\":{\"@id\":\"https:\/\/ecowise.lv\/#organization\"},\"potentialAction\":[{\"@type\":\"SearchAction\",\"target\":{\"@type\":\"EntryPoint\",\"urlTemplate\":\"https:\/\/ecowise.lv\/?s={search_term_string}\"},\"query-input\":{\"@type\":\"PropertyValueSpecification\",\"valueRequired\":true,\"valueName\":\"search_term_string\"}}],\"inLanguage\":\"en-US\"},{\"@type\":\"Organization\",\"@id\":\"https:\/\/ecowise.lv\/#organization\",\"name\":\"Ecowise\",\"url\":\"https:\/\/ecowise.lv\/\",\"logo\":{\"@type\":\"ImageObject\",\"inLanguage\":\"en-US\",\"@id\":\"https:\/\/ecowise.lv\/#\/schema\/logo\/image\/\",\"url\":\"https:\/\/ecowise.lv\/wp-content\/uploads\/2023\/03\/logo.svg\",\"contentUrl\":\"https:\/\/ecowise.lv\/wp-content\/uploads\/2023\/03\/logo.svg\",\"width\":207,\"height\":27,\"caption\":\"Ecowise\"},\"image\":{\"@id\":\"https:\/\/ecowise.lv\/#\/schema\/logo\/image\/\"}}]}<\/script>\n<!-- \/ Yoast SEO plugin. -->","yoast_head_json":{"title":"Adriatic VAV - Ecowise","robots":{"index":"index","follow":"follow","max-snippet":"max-snippet:-1","max-image-preview":"max-image-preview:large","max-video-preview":"max-video-preview:-1"},"canonical":"https:\/\/ecowise.lv\/en\/product\/adriatic-vav\/","og_locale":"en_US","og_type":"article","og_title":"Adriatic VAV - Ecowise","og_description":"Ener\u0123iju taupo\u0161a klimata sija p\u0113c piepras\u012bjuma kontrol\u0113tai ventil\u0101cijai","og_url":"https:\/\/ecowise.lv\/en\/product\/adriatic-vav\/","og_site_name":"Ecowise","article_modified_time":"2023-10-28T14:53:24+00:00","og_image":[{"width":768,"height":576,"url":"https:\/\/ecowise.lv\/wp-content\/uploads\/2023\/08\/adriatic_vav_prisma.png","type":"image\/png"}],"twitter_card":"summary_large_image","twitter_misc":{"Est. reading time":"2 minutes"},"schema":{"@context":"https:\/\/schema.org","@graph":[{"@type":"WebPage","@id":"https:\/\/ecowise.lv\/product\/adriatic-vav\/","url":"https:\/\/ecowise.lv\/product\/adriatic-vav\/","name":"Adriatic VAV - Ecowise","isPartOf":{"@id":"https:\/\/ecowise.lv\/#website"},"primaryImageOfPage":{"@id":"https:\/\/ecowise.lv\/product\/adriatic-vav\/#primaryimage"},"image":{"@id":"https:\/\/ecowise.lv\/product\/adriatic-vav\/#primaryimage"},"thumbnailUrl":"https:\/\/ecowise.lv\/wp-content\/uploads\/2023\/08\/adriatic_vav_prisma.png","datePublished":"2023-08-30T18:11:17+00:00","dateModified":"2023-10-28T14:53:24+00:00","breadcrumb":{"@id":"https:\/\/ecowise.lv\/product\/adriatic-vav\/#breadcrumb"},"inLanguage":"en-US","potentialAction":[{"@type":"ReadAction","target":["https:\/\/ecowise.lv\/product\/adriatic-vav\/"]}]},{"@type":"ImageObject","inLanguage":"en-US","@id":"https:\/\/ecowise.lv\/product\/adriatic-vav\/#primaryimage","url":"https:\/\/ecowise.lv\/wp-content\/uploads\/2023\/08\/adriatic_vav_prisma.png","contentUrl":"https:\/\/ecowise.lv\/wp-content\/uploads\/2023\/08\/adriatic_vav_prisma.png","width":768,"height":576},{"@type":"BreadcrumbList","@id":"https:\/\/ecowise.lv\/product\/adriatic-vav\/#breadcrumb","itemListElement":[{"@type":"ListItem","position":1,"name":"Products","item":"https:\/\/ecowise.lv\/shop\/"},{"@type":"ListItem","position":2,"name":"Adriatic VAV"}]},{"@type":"WebSite","@id":"https:\/\/ecowise.lv\/#website","url":"https:\/\/ecowise.lv\/","name":"Ecowise","description":"Ener\u0123ijas pat\u0113ri\u0146a samazin\u0101jums","publisher":{"@id":"https:\/\/ecowise.lv\/#organization"},"potentialAction":[{"@type":"SearchAction","target":{"@type":"EntryPoint","urlTemplate":"https:\/\/ecowise.lv\/?s={search_term_string}"},"query-input":{"@type":"PropertyValueSpecification","valueRequired":true,"valueName":"search_term_string"}}],"inLanguage":"en-US"},{"@type":"Organization","@id":"https:\/\/ecowise.lv\/#organization","name":"Ecowise","url":"https:\/\/ecowise.lv\/","logo":{"@type":"ImageObject","inLanguage":"en-US","@id":"https:\/\/ecowise.lv\/#\/schema\/logo\/image\/","url":"https:\/\/ecowise.lv\/wp-content\/uploads\/2023\/03\/logo.svg","contentUrl":"https:\/\/ecowise.lv\/wp-content\/uploads\/2023\/03\/logo.svg","width":207,"height":27,"caption":"Ecowise"},"image":{"@id":"https:\/\/ecowise.lv\/#\/schema\/logo\/image\/"}}]}},"_links":{"self":[{"href":"https:\/\/ecowise.lv\/en\/wp-json\/wp\/v2\/product\/2105","targetHints":{"allow":["GET"]}}],"collection":[{"href":"https:\/\/ecowise.lv\/en\/wp-json\/wp\/v2\/product"}],"about":[{"href":"https:\/\/ecowise.lv\/en\/wp-json\/wp\/v2\/types\/product"}],"wp:featuredmedia":[{"embeddable":true,"href":"https:\/\/ecowise.lv\/en\/wp-json\/wp\/v2\/media\/2106"}],"wp:attachment":[{"href":"https:\/\/ecowise.lv\/en\/wp-json\/wp\/v2\/media?parent=2105"}],"wp:term":[{"taxonomy":"product_brand","embeddable":true,"href":"https:\/\/ecowise.lv\/en\/wp-json\/wp\/v2\/product_brand?post=2105"},{"taxonomy":"product_cat","embeddable":true,"href":"https:\/\/ecowise.lv\/en\/wp-json\/wp\/v2\/product_cat?post=2105"},{"taxonomy":"product_tag","embeddable":true,"href":"https:\/\/ecowise.lv\/en\/wp-json\/wp\/v2\/product_tag?post=2105"}],"curies":[{"name":"wp","href":"https:\/\/api.w.org\/{rel}","templated":true}]}}