{"id":2094,"date":"2023-08-30T20:03:25","date_gmt":"2023-08-30T17:03:25","guid":{"rendered":"https:\/\/ecowise.lv\/?post_type=product&#038;p=2094"},"modified":"2023-10-28T18:01:29","modified_gmt":"2023-10-28T15:01:29","slug":"adriatic","status":"publish","type":"product","link":"https:\/\/ecowise.lv\/en\/product\/adriatic\/","title":{"rendered":"ADRIATIC"},"content":{"rendered":"<ul>\n<li id=\"tw-target-text\" class=\"tw-data-text tw-text-large tw-ta\" dir=\"ltr\" data-placeholder=\"Translation\"><span class=\"Y2IQFc\" lang=\"lv\">ADRIATIC is a climate beam with integrated recirculated air opening in the bottom. <\/span><\/li>\n<li class=\"tw-data-text tw-text-large tw-ta\" dir=\"ltr\" data-placeholder=\"Translation\"><span class=\"Y2IQFc\" lang=\"lv\">Climate beam with cooling, heating and ventilation.<\/span><\/li>\n<li class=\"tw-data-text tw-text-large tw-ta\" dir=\"ltr\" data-placeholder=\"Translation\"><span class=\"Y2IQFc\" lang=\"lv\">Designed for suspended installation from hangers or mounting directly against the ceiling. <\/span><\/li>\n<li class=\"tw-data-text tw-text-large tw-ta\" dir=\"ltr\" data-placeholder=\"Translation\"><span class=\"Y2IQFc\" lang=\"lv\">Stylish design section in two versions.<\/span><\/li>\n<li class=\"tw-data-text tw-text-large tw-ta\" dir=\"ltr\" data-placeholder=\"Translation\"><span class=\"Y2IQFc\" lang=\"lv\">Obtain variants with high output that can cope with varying needs.<\/span><\/li>\n<li class=\"tw-data-text tw-text-large tw-ta\" dir=\"ltr\" data-placeholder=\"Translation\"><span class=\"Y2IQFc\" lang=\"lv\">Factory-fitted steering control and accessory (optional). <\/span><\/li>\n<li class=\"tw-data-text tw-text-large tw-ta\" dir=\"ltr\" data-placeholder=\"Translation\"><span class=\"Y2IQFc\" lang=\"lv\">Adjustable k-factor for wide range of air flows. <\/span><\/li>\n<li class=\"tw-data-text tw-text-large tw-ta\" dir=\"ltr\" data-placeholder=\"Translation\"><span class=\"Y2IQFc\" lang=\"lv\">Service-friendly with hinged design section for easy accessibility. <\/span><\/li>\n<li class=\"tw-data-text tw-text-large tw-ta\" dir=\"ltr\" data-placeholder=\"Translation\"><span class=\"Y2IQFc\" lang=\"lv\">A connection casing is available as an option to hide ventilation ducts and water pipes. <\/span><\/li>\n<li class=\"tw-data-text tw-text-large tw-ta\" dir=\"ltr\" data-placeholder=\"Translation\"><span class=\"Y2IQFc\" lang=\"lv\">Simple adjustment on site.<\/span><\/li>\n<li class=\"tw-data-text tw-text-large tw-ta\" dir=\"ltr\" data-placeholder=\"Translation\"><span class=\"Y2IQFc\" lang=\"lv\">Equipped with ADC and adjustable slot control with a knob for simple adjustment on site. <\/span><\/li>\n<li class=\"tw-data-text tw-text-large tw-ta\" dir=\"ltr\" data-placeholder=\"Translation\"><span class=\"Y2IQFc\" lang=\"lv\">Standard colour White RAL 9003.<\/span><\/li>\n<li dir=\"ltr\" data-placeholder=\"Translation\"><span class=\"Y2IQFc\" lang=\"lv\"> 5 alternative standard colours.<\/span><\/li>\n<li dir=\"ltr\" data-placeholder=\"Translation\"><span class=\"Y2IQFc\" lang=\"lv\">Other colours upon request.<\/span><\/li>\n<\/ul>\n<p>&nbsp;<\/p>\n<div class=\"h-margin-top-3 h-margin-bottom-3\">\n<div class=\"row\">\n<div class=\"col\">\n<p><strong>Technical data<\/strong><\/p>\n<\/div>\n<\/div>\n<\/div>\n<div>\n<div class=\"horizontal-scroller\" data-show-scroll-icon=\"true\">\n<div class=\"horizontal-scroller__scroller\">\n<div class=\"col-sm-12 col-md-12 col-xs-12\">\n<table border=\"0\" width=\"100%\" cellspacing=\"0\" cellpadding=\"0\">\n<thead>\n<tr>\n<th colspan=\"2\" height=\"20\">Variant<\/th>\n<th colspan=\"3\">Supply air<\/th>\n<th colspan=\"2\">Performance<\/th>\n<\/tr>\n<tr>\n<th height=\"51\">Size<\/th>\n<th>Air connection<\/th>\n<th>Pa*<\/th>\n<th>l\/s<\/th>\n<th>m<sup>3<\/sup>\/h<\/th>\n<th>Total cooling capacity (W)**<\/th>\n<th>Sound level (dB(A))<\/th>\n<\/tr>\n<\/thead>\n<colgroup>\n<col span=\"7\" width=\"64\" \/><\/colgroup>\n<tbody>\n<tr>\n<td height=\"20\">1,2<\/td>\n<td>\u00d8125<\/td>\n<td>50<\/td>\n<td>14<\/td>\n<td>50,4<\/td>\n<td>518<\/td>\n<td>&lt;20<\/td>\n<\/tr>\n<tr>\n<td height=\"20\">1,2<\/td>\n<td>\u00d8125<\/td>\n<td>50<\/td>\n<td>21<\/td>\n<td>75,6<\/td>\n<td>596<\/td>\n<td>24<\/td>\n<\/tr>\n<tr>\n<td height=\"20\">1,8<\/td>\n<td>\u00d8125<\/td>\n<td>50<\/td>\n<td>10<\/td>\n<td>36<\/td>\n<td>539<\/td>\n<td>&lt;20<\/td>\n<\/tr>\n<tr>\n<td height=\"20\">1,8<\/td>\n<td>\u00d8125<\/td>\n<td>50<\/td>\n<td>20<\/td>\n<td>72<\/td>\n<td>796<\/td>\n<td>&lt;20<\/td>\n<\/tr>\n<tr>\n<td height=\"20\">1,8<\/td>\n<td>\u00d8125<\/td>\n<td>50<\/td>\n<td>31<\/td>\n<td>111,6<\/td>\n<td>934<\/td>\n<td>25<\/td>\n<\/tr>\n<tr>\n<td height=\"20\">2,4<\/td>\n<td>\u00d8125<\/td>\n<td>50<\/td>\n<td>14<\/td>\n<td>50,4<\/td>\n<td>788<\/td>\n<td>&lt;20<\/td>\n<\/tr>\n<tr>\n<td height=\"20\">2,4<\/td>\n<td>\u00d8125<\/td>\n<td>50<\/td>\n<td>30<\/td>\n<td>108<\/td>\n<td>1101<\/td>\n<td>21<\/td>\n<\/tr>\n<tr>\n<td height=\"20\">2,4<\/td>\n<td>\u00d8125<\/td>\n<td>50<\/td>\n<td>44<\/td>\n<td>158,4<\/td>\n<td>1236<\/td>\n<td>28<\/td>\n<\/tr>\n<tr>\n<td height=\"20\">3,0<\/td>\n<td>\u00d8125<\/td>\n<td>50<\/td>\n<td>17<\/td>\n<td>61,2<\/td>\n<td>946<\/td>\n<td>&lt;20<\/td>\n<\/tr>\n<tr>\n<td height=\"20\">3,0<\/td>\n<td>\u00d8125<\/td>\n<td>50<\/td>\n<td>34<\/td>\n<td>122,4<\/td>\n<td>1298<\/td>\n<td>20<\/td>\n<\/tr>\n<tr>\n<td height=\"20\">3,0<\/td>\n<td>\u00d8125<\/td>\n<td>50<\/td>\n<td>52<\/td>\n<td>187,2<\/td>\n<td>1467<\/td>\n<td>30<\/td>\n<\/tr>\n<\/tbody>\n<\/table>\n<p>*Total pressure duct (Pa)<br \/>\n**Air: \u0394T<sub>air<\/sub>r=7K, Water: \u0394T<sub>mk<\/sub>8.5K, water flow=0.05 l\/s for 1.2 m and 1.8 m, water flow=0.1 l\/s for 2.4 m and 3.0 m<br \/>\n***Including -4dB room attenuation<\/p>\n<\/div>\n<\/div>\n<\/div>\n<\/div>","protected":false},"excerpt":{"rendered":"<h4 id=\"tw-target-text\" class=\"tw-data-text tw-text-large tw-ta\" dir=\"ltr\" data-placeholder=\"Translation\"><span class=\"Y2IQFc\" lang=\"lv\">Active Climate Beam with Cooling, Heating, and Ventilation<\/span><\/h4>","protected":false},"featured_media":2095,"template":"","meta":{"_acf_changed":false,"inline_featured_image":false,"_links_to":"","_links_to_target":""},"product_brand":[],"product_cat":[82],"product_tag":[],"class_list":{"0":"post-2094","1":"product","2":"type-product","3":"status-publish","4":"has-post-thumbnail","6":"product_cat-dzesesanas-konsoles","8":"first","9":"instock","10":"shipping-taxable","11":"product-type-simple"},"acf":[],"yoast_head":"<!-- This site is optimized with the Yoast SEO plugin v27.0 - https:\/\/yoast.com\/product\/yoast-seo-wordpress\/ -->\n<title>ADRIATIC - Ecowise<\/title>\n<meta name=\"robots\" content=\"index, follow, max-snippet:-1, max-image-preview:large, max-video-preview:-1\" \/>\n<link rel=\"canonical\" href=\"https:\/\/ecowise.lv\/en\/product\/adriatic\/\" \/>\n<meta property=\"og:locale\" content=\"en_US\" \/>\n<meta property=\"og:type\" content=\"article\" \/>\n<meta property=\"og:title\" content=\"ADRIATIC - Ecowise\" \/>\n<meta property=\"og:description\" content=\"Akt\u012bv\u0101 klimata sija ar dzes\u0113\u0161anu, apkuri un ventil\u0101ciju\" \/>\n<meta property=\"og:url\" content=\"https:\/\/ecowise.lv\/en\/product\/adriatic\/\" \/>\n<meta property=\"og:site_name\" content=\"Ecowise\" \/>\n<meta property=\"article:modified_time\" content=\"2023-10-28T15:01:29+00:00\" \/>\n<meta property=\"og:image\" content=\"https:\/\/ecowise.lv\/wp-content\/uploads\/2023\/08\/adriaticd_e_productimage.png\" \/>\n\t<meta property=\"og:image:width\" content=\"768\" \/>\n\t<meta property=\"og:image:height\" content=\"576\" \/>\n\t<meta property=\"og:image:type\" content=\"image\/png\" \/>\n<meta name=\"twitter:card\" content=\"summary_large_image\" \/>\n<meta name=\"twitter:label1\" content=\"Est. reading time\" \/>\n\t<meta name=\"twitter:data1\" content=\"2 minutes\" \/>\n<script type=\"application\/ld+json\" class=\"yoast-schema-graph\">{\"@context\":\"https:\/\/schema.org\",\"@graph\":[{\"@type\":\"WebPage\",\"@id\":\"https:\/\/ecowise.lv\/product\/adriatic\/\",\"url\":\"https:\/\/ecowise.lv\/product\/adriatic\/\",\"name\":\"ADRIATIC - Ecowise\",\"isPartOf\":{\"@id\":\"https:\/\/ecowise.lv\/#website\"},\"primaryImageOfPage\":{\"@id\":\"https:\/\/ecowise.lv\/product\/adriatic\/#primaryimage\"},\"image\":{\"@id\":\"https:\/\/ecowise.lv\/product\/adriatic\/#primaryimage\"},\"thumbnailUrl\":\"https:\/\/ecowise.lv\/wp-content\/uploads\/2023\/08\/adriaticd_e_productimage.png\",\"datePublished\":\"2023-08-30T17:03:25+00:00\",\"dateModified\":\"2023-10-28T15:01:29+00:00\",\"breadcrumb\":{\"@id\":\"https:\/\/ecowise.lv\/product\/adriatic\/#breadcrumb\"},\"inLanguage\":\"en-US\",\"potentialAction\":[{\"@type\":\"ReadAction\",\"target\":[\"https:\/\/ecowise.lv\/product\/adriatic\/\"]}]},{\"@type\":\"ImageObject\",\"inLanguage\":\"en-US\",\"@id\":\"https:\/\/ecowise.lv\/product\/adriatic\/#primaryimage\",\"url\":\"https:\/\/ecowise.lv\/wp-content\/uploads\/2023\/08\/adriaticd_e_productimage.png\",\"contentUrl\":\"https:\/\/ecowise.lv\/wp-content\/uploads\/2023\/08\/adriaticd_e_productimage.png\",\"width\":768,\"height\":576},{\"@type\":\"BreadcrumbList\",\"@id\":\"https:\/\/ecowise.lv\/product\/adriatic\/#breadcrumb\",\"itemListElement\":[{\"@type\":\"ListItem\",\"position\":1,\"name\":\"Products\",\"item\":\"https:\/\/ecowise.lv\/shop\/\"},{\"@type\":\"ListItem\",\"position\":2,\"name\":\"ADRIATIC\"}]},{\"@type\":\"WebSite\",\"@id\":\"https:\/\/ecowise.lv\/#website\",\"url\":\"https:\/\/ecowise.lv\/\",\"name\":\"Ecowise\",\"description\":\"Ener\u0123ijas pat\u0113ri\u0146a samazin\u0101jums\",\"publisher\":{\"@id\":\"https:\/\/ecowise.lv\/#organization\"},\"potentialAction\":[{\"@type\":\"SearchAction\",\"target\":{\"@type\":\"EntryPoint\",\"urlTemplate\":\"https:\/\/ecowise.lv\/?s={search_term_string}\"},\"query-input\":{\"@type\":\"PropertyValueSpecification\",\"valueRequired\":true,\"valueName\":\"search_term_string\"}}],\"inLanguage\":\"en-US\"},{\"@type\":\"Organization\",\"@id\":\"https:\/\/ecowise.lv\/#organization\",\"name\":\"Ecowise\",\"url\":\"https:\/\/ecowise.lv\/\",\"logo\":{\"@type\":\"ImageObject\",\"inLanguage\":\"en-US\",\"@id\":\"https:\/\/ecowise.lv\/#\/schema\/logo\/image\/\",\"url\":\"https:\/\/ecowise.lv\/wp-content\/uploads\/2023\/03\/logo.svg\",\"contentUrl\":\"https:\/\/ecowise.lv\/wp-content\/uploads\/2023\/03\/logo.svg\",\"width\":207,\"height\":27,\"caption\":\"Ecowise\"},\"image\":{\"@id\":\"https:\/\/ecowise.lv\/#\/schema\/logo\/image\/\"}}]}<\/script>\n<!-- \/ Yoast SEO plugin. -->","yoast_head_json":{"title":"ADRIATIC - Ecowise","robots":{"index":"index","follow":"follow","max-snippet":"max-snippet:-1","max-image-preview":"max-image-preview:large","max-video-preview":"max-video-preview:-1"},"canonical":"https:\/\/ecowise.lv\/en\/product\/adriatic\/","og_locale":"en_US","og_type":"article","og_title":"ADRIATIC - Ecowise","og_description":"Akt\u012bv\u0101 klimata sija ar dzes\u0113\u0161anu, apkuri un ventil\u0101ciju","og_url":"https:\/\/ecowise.lv\/en\/product\/adriatic\/","og_site_name":"Ecowise","article_modified_time":"2023-10-28T15:01:29+00:00","og_image":[{"width":768,"height":576,"url":"https:\/\/ecowise.lv\/wp-content\/uploads\/2023\/08\/adriaticd_e_productimage.png","type":"image\/png"}],"twitter_card":"summary_large_image","twitter_misc":{"Est. reading time":"2 minutes"},"schema":{"@context":"https:\/\/schema.org","@graph":[{"@type":"WebPage","@id":"https:\/\/ecowise.lv\/product\/adriatic\/","url":"https:\/\/ecowise.lv\/product\/adriatic\/","name":"ADRIATIC - Ecowise","isPartOf":{"@id":"https:\/\/ecowise.lv\/#website"},"primaryImageOfPage":{"@id":"https:\/\/ecowise.lv\/product\/adriatic\/#primaryimage"},"image":{"@id":"https:\/\/ecowise.lv\/product\/adriatic\/#primaryimage"},"thumbnailUrl":"https:\/\/ecowise.lv\/wp-content\/uploads\/2023\/08\/adriaticd_e_productimage.png","datePublished":"2023-08-30T17:03:25+00:00","dateModified":"2023-10-28T15:01:29+00:00","breadcrumb":{"@id":"https:\/\/ecowise.lv\/product\/adriatic\/#breadcrumb"},"inLanguage":"en-US","potentialAction":[{"@type":"ReadAction","target":["https:\/\/ecowise.lv\/product\/adriatic\/"]}]},{"@type":"ImageObject","inLanguage":"en-US","@id":"https:\/\/ecowise.lv\/product\/adriatic\/#primaryimage","url":"https:\/\/ecowise.lv\/wp-content\/uploads\/2023\/08\/adriaticd_e_productimage.png","contentUrl":"https:\/\/ecowise.lv\/wp-content\/uploads\/2023\/08\/adriaticd_e_productimage.png","width":768,"height":576},{"@type":"BreadcrumbList","@id":"https:\/\/ecowise.lv\/product\/adriatic\/#breadcrumb","itemListElement":[{"@type":"ListItem","position":1,"name":"Products","item":"https:\/\/ecowise.lv\/shop\/"},{"@type":"ListItem","position":2,"name":"ADRIATIC"}]},{"@type":"WebSite","@id":"https:\/\/ecowise.lv\/#website","url":"https:\/\/ecowise.lv\/","name":"Ecowise","description":"Ener\u0123ijas pat\u0113ri\u0146a samazin\u0101jums","publisher":{"@id":"https:\/\/ecowise.lv\/#organization"},"potentialAction":[{"@type":"SearchAction","target":{"@type":"EntryPoint","urlTemplate":"https:\/\/ecowise.lv\/?s={search_term_string}"},"query-input":{"@type":"PropertyValueSpecification","valueRequired":true,"valueName":"search_term_string"}}],"inLanguage":"en-US"},{"@type":"Organization","@id":"https:\/\/ecowise.lv\/#organization","name":"Ecowise","url":"https:\/\/ecowise.lv\/","logo":{"@type":"ImageObject","inLanguage":"en-US","@id":"https:\/\/ecowise.lv\/#\/schema\/logo\/image\/","url":"https:\/\/ecowise.lv\/wp-content\/uploads\/2023\/03\/logo.svg","contentUrl":"https:\/\/ecowise.lv\/wp-content\/uploads\/2023\/03\/logo.svg","width":207,"height":27,"caption":"Ecowise"},"image":{"@id":"https:\/\/ecowise.lv\/#\/schema\/logo\/image\/"}}]}},"_links":{"self":[{"href":"https:\/\/ecowise.lv\/en\/wp-json\/wp\/v2\/product\/2094","targetHints":{"allow":["GET"]}}],"collection":[{"href":"https:\/\/ecowise.lv\/en\/wp-json\/wp\/v2\/product"}],"about":[{"href":"https:\/\/ecowise.lv\/en\/wp-json\/wp\/v2\/types\/product"}],"wp:featuredmedia":[{"embeddable":true,"href":"https:\/\/ecowise.lv\/en\/wp-json\/wp\/v2\/media\/2095"}],"wp:attachment":[{"href":"https:\/\/ecowise.lv\/en\/wp-json\/wp\/v2\/media?parent=2094"}],"wp:term":[{"taxonomy":"product_brand","embeddable":true,"href":"https:\/\/ecowise.lv\/en\/wp-json\/wp\/v2\/product_brand?post=2094"},{"taxonomy":"product_cat","embeddable":true,"href":"https:\/\/ecowise.lv\/en\/wp-json\/wp\/v2\/product_cat?post=2094"},{"taxonomy":"product_tag","embeddable":true,"href":"https:\/\/ecowise.lv\/en\/wp-json\/wp\/v2\/product_tag?post=2094"}],"curies":[{"name":"wp","href":"https:\/\/api.w.org\/{rel}","templated":true}]}}