{"id":2035,"date":"2023-08-30T17:01:10","date_gmt":"2023-08-30T14:01:10","guid":{"rendered":"https:\/\/ecowise.lv\/?post_type=product&#038;p=2035"},"modified":"2023-08-31T10:36:51","modified_gmt":"2023-08-31T07:36:51","slug":"react-parasol-zenith","status":"publish","type":"product","link":"https:\/\/ecowise.lv\/en\/product\/react-parasol-zenith\/","title":{"rendered":"REACT Parasol Zenith"},"content":{"rendered":"<p id=\"tw-target-text\" class=\"tw-data-text tw-text-large tw-ta\" dir=\"ltr\" data-placeholder=\"Translation\"><span class=\"Y2IQFc\" lang=\"lv\">High performance 4-way distribution comfort module with cooling, heating and ventilation <\/span><\/p>\n<p class=\"tw-data-text tw-text-large tw-ta\" dir=\"ltr\" data-placeholder=\"Translation\"><span class=\"Y2IQFc\" lang=\"lv\">The product is equipped with an actuator for flow adjustment, terminal block and air connection for flow measurement.<\/span><\/p>\n<p class=\"tw-data-text tw-text-large tw-ta\" dir=\"ltr\" data-placeholder=\"Translation\"><span class=\"Y2IQFc\" lang=\"lv\">Simple commissioning because the flow measurement is performed directly in the air connection.<\/span><\/p>\n<p class=\"tw-data-text tw-text-large tw-ta\" dir=\"ltr\" data-placeholder=\"Translation\"><span class=\"Y2IQFc\" lang=\"lv\"> Pressure-independent flow regulation. <\/span><\/p>\n<p class=\"tw-data-text tw-text-large tw-ta\" dir=\"ltr\" data-placeholder=\"Translation\"><span class=\"Y2IQFc\" lang=\"lv\">Can easily be integrated by a control equipment supplier via Modbus communication.<\/span><\/p>\n<p class=\"tw-data-text tw-text-large tw-ta\" dir=\"ltr\" data-placeholder=\"Translation\"><span class=\"Y2IQFc\" lang=\"lv\">Large span between the lowest and highest air flow. <\/span><\/p>\n<p class=\"tw-data-text tw-text-large tw-ta\" dir=\"ltr\" data-placeholder=\"Translation\"><span class=\"Y2IQFc\" lang=\"lv\">Few variants for easier sizing and variable air flow control.<\/span><\/p>\n<p class=\"tw-data-text tw-text-large tw-ta\" dir=\"ltr\" data-placeholder=\"Translation\"><span class=\"Y2IQFc\" lang=\"lv\"> Optimised for low energy consumption.<\/span><\/p>\n<p class=\"tw-data-text tw-text-large tw-ta\" dir=\"ltr\" data-placeholder=\"Translation\"><span class=\"Y2IQFc\" lang=\"lv\"> Manages high air flow at low driving pressure.<\/span><\/p>\n<p class=\"tw-data-text tw-text-large tw-ta\" dir=\"ltr\" data-placeholder=\"Translation\"><span class=\"Y2IQFc\" lang=\"lv\"> Easy installation on account of low weight, compact dimensions and optional air connections on short or long sides.<\/span><\/p>\n<p class=\"tw-data-text tw-text-large tw-ta\" dir=\"ltr\" data-placeholder=\"Translation\"><span class=\"Y2IQFc\" lang=\"lv\">Hygiene design as an option for hospital applications.\u00a0<\/span><\/p>\n<div class=\"h-margin-top-3 h-margin-bottom-3\">\n<div class=\"row\">\n<div class=\"col\">\n<p>Technical data<\/p>\n<\/div>\n<\/div>\n<\/div>\n<div>\n<div class=\"horizontal-scroller horizontal-scroller--overflow-right horizontal-scroller--overflow-left\" data-show-scroll-icon=\"true\">\n<div class=\"horizontal-scroller__scroller\">\n<div class=\"col-sm-12 col-md-12 col-xs-12\">\n<table border=\"0\" width=\"99%\" cellspacing=\"0\" cellpadding=\"0\">\n<thead>\n<tr>\n<td class=\"xl65\" colspan=\"2\" width=\"128\" height=\"20\">Variant<\/td>\n<td class=\"xl65\" colspan=\"3\" width=\"192\">Supply air<\/td>\n<td class=\"xl65\" colspan=\"2\" width=\"128\">Performance<\/td>\n<\/tr>\n<tr>\n<td class=\"xl66\" height=\"80\">Size<\/td>\n<td class=\"xl67\" width=\"64\">Air connection:<\/td>\n<td class=\"xl66\">Pa*<\/td>\n<td class=\"xl66\">l\/s<\/td>\n<td class=\"xl66\">m<sup>3<\/sup>\/h<\/td>\n<td class=\"xl67\" width=\"64\">Total cooling capacity (W)**<\/td>\n<td class=\"xl67\" width=\"64\">Sound level (dB(A))<\/td>\n<\/tr>\n<\/thead>\n<colgroup>\n<col span=\"7\" width=\"64\" \/><\/colgroup>\n<tbody>\n<tr>\n<td align=\"right\" height=\"20\">600<\/td>\n<td align=\"right\">\u00d8125<\/td>\n<td align=\"right\">75<\/td>\n<td align=\"right\">20<\/td>\n<td align=\"right\">72<\/td>\n<td align=\"right\">493<\/td>\n<td align=\"right\">26<\/td>\n<\/tr>\n<tr>\n<td align=\"right\" height=\"20\">600<\/td>\n<td align=\"right\">\u00d8125<\/td>\n<td align=\"right\">75<\/td>\n<td align=\"right\">25<\/td>\n<td align=\"right\">90<\/td>\n<td align=\"right\">564<\/td>\n<td align=\"right\">28<\/td>\n<\/tr>\n<tr>\n<td align=\"right\" height=\"20\">600<\/td>\n<td align=\"right\">\u00d8125<\/td>\n<td align=\"right\">75<\/td>\n<td align=\"right\">30<\/td>\n<td align=\"right\">108<\/td>\n<td align=\"right\">631<\/td>\n<td align=\"right\">30<\/td>\n<\/tr>\n<tr>\n<td align=\"right\" height=\"20\">600<\/td>\n<td align=\"right\">\u00d8160<\/td>\n<td align=\"right\">75<\/td>\n<td align=\"right\">25<\/td>\n<td align=\"right\">90<\/td>\n<td align=\"right\">566<\/td>\n<td align=\"right\">27<\/td>\n<\/tr>\n<tr>\n<td align=\"right\" height=\"20\">600<\/td>\n<td align=\"right\">\u00d8160<\/td>\n<td align=\"right\">75<\/td>\n<td align=\"right\">35<\/td>\n<td align=\"right\">126<\/td>\n<td align=\"right\">697<\/td>\n<td align=\"right\">30<\/td>\n<\/tr>\n<tr>\n<td align=\"right\" height=\"20\">600<\/td>\n<td align=\"right\">\u00d8160<\/td>\n<td align=\"right\">75<\/td>\n<td align=\"right\">45<\/td>\n<td align=\"right\">162<\/td>\n<td align=\"right\">809<\/td>\n<td align=\"right\">33<\/td>\n<\/tr>\n<tr>\n<td align=\"right\" height=\"20\">1200<\/td>\n<td align=\"right\">\u00d8125<\/td>\n<td align=\"right\">75<\/td>\n<td align=\"right\">25<\/td>\n<td align=\"right\">90<\/td>\n<td align=\"right\">882<\/td>\n<td align=\"right\">26<\/td>\n<\/tr>\n<tr>\n<td align=\"right\" height=\"20\">1200<\/td>\n<td align=\"right\">\u00d8125<\/td>\n<td align=\"right\">75<\/td>\n<td align=\"right\">35<\/td>\n<td align=\"right\">126<\/td>\n<td align=\"right\">1077<\/td>\n<td align=\"right\">28<\/td>\n<\/tr>\n<tr>\n<td align=\"right\" height=\"20\">1200<\/td>\n<td align=\"right\">\u00d8125<\/td>\n<td align=\"right\">75<\/td>\n<td align=\"right\">45<\/td>\n<td align=\"right\">162<\/td>\n<td align=\"right\">1218<\/td>\n<td align=\"right\">30<\/td>\n<\/tr>\n<tr>\n<td align=\"right\" height=\"20\">1200<\/td>\n<td align=\"right\">\u00d8160<\/td>\n<td align=\"right\">75<\/td>\n<td align=\"right\">30<\/td>\n<td align=\"right\">108<\/td>\n<td align=\"right\">900<\/td>\n<td align=\"right\">23<\/td>\n<\/tr>\n<tr>\n<td align=\"right\" height=\"20\">1200<\/td>\n<td align=\"right\">\u00d8160<\/td>\n<td align=\"right\">75<\/td>\n<td align=\"right\">60<\/td>\n<td align=\"right\">216<\/td>\n<td align=\"right\">1375<\/td>\n<td align=\"right\">28<\/td>\n<\/tr>\n<tr>\n<td align=\"right\" height=\"20\">1200<\/td>\n<td align=\"right\">\u00d8160<\/td>\n<td align=\"right\">75<\/td>\n<td align=\"right\">80<\/td>\n<td align=\"right\">288<\/td>\n<td align=\"right\">1591<\/td>\n<td align=\"right\">34<\/td>\n<\/tr>\n<tr>\n<td align=\"right\" height=\"20\">1800<\/td>\n<td align=\"right\">\u00d8200<\/td>\n<td align=\"right\">75<\/td>\n<td align=\"right\">60<\/td>\n<td align=\"right\">216<\/td>\n<td align=\"right\">1590<\/td>\n<td align=\"right\">30<\/td>\n<\/tr>\n<tr>\n<td align=\"right\" height=\"20\">1800<\/td>\n<td align=\"right\">\u00d8200<\/td>\n<td align=\"right\">75<\/td>\n<td align=\"right\">80<\/td>\n<td align=\"right\">288<\/td>\n<td align=\"right\">1890<\/td>\n<td align=\"right\">33<\/td>\n<\/tr>\n<tr>\n<td align=\"right\" height=\"20\">1800<\/td>\n<td align=\"right\">\u00d8200<\/td>\n<td align=\"right\">75<\/td>\n<td align=\"right\">100<\/td>\n<td align=\"right\">360<\/td>\n<td align=\"right\">2135<\/td>\n<td align=\"right\">35<\/td>\n<\/tr>\n<\/tbody>\n<\/table>\n<p>* Total pressure duct (Pa)<br \/>\n**Air: \u0394T<sub>l<\/sub>=7K \/ Water: \u0394T<sub>mk<\/sub>= 8.5K, t<sub>water<\/sub>=14\/17\u00b0C<\/p>\n<\/div>\n<\/div>\n<\/div>\n<\/div>","protected":false},"excerpt":{"rendered":"<h4 id=\"tw-target-text\" class=\"tw-data-text tw-text-large tw-ta\" dir=\"ltr\" data-placeholder=\"Translation\"><span class=\"Y2IQFc\" lang=\"lv\">Comfort module with integrated variable flow control<\/span><\/h4>","protected":false},"featured_media":2046,"template":"","meta":{"_acf_changed":false,"inline_featured_image":false,"_links_to":"","_links_to_target":""},"product_brand":[],"product_cat":[75],"product_tag":[],"class_list":{"0":"post-2035","1":"product","2":"type-product","3":"status-publish","4":"has-post-thumbnail","6":"product_cat-komforta-moduli","8":"first","9":"instock","10":"shipping-taxable","11":"product-type-simple"},"acf":[],"yoast_head":"<!-- This site is optimized with the Yoast SEO plugin v27.0 - https:\/\/yoast.com\/product\/yoast-seo-wordpress\/ -->\n<title>REACT Parasol Zenith - Ecowise<\/title>\n<meta name=\"robots\" content=\"index, follow, max-snippet:-1, max-image-preview:large, max-video-preview:-1\" \/>\n<link rel=\"canonical\" href=\"https:\/\/ecowise.lv\/en\/product\/react-parasol-zenith\/\" \/>\n<meta property=\"og:locale\" content=\"en_US\" \/>\n<meta property=\"og:type\" content=\"article\" \/>\n<meta property=\"og:title\" content=\"REACT Parasol Zenith - Ecowise\" \/>\n<meta property=\"og:description\" content=\"Komforta modulis ar integr\u0113tu main\u012bgas pl\u016bsmas regul\u0113\u0161anu\" \/>\n<meta property=\"og:url\" content=\"https:\/\/ecowise.lv\/en\/product\/react-parasol-zenith\/\" \/>\n<meta property=\"og:site_name\" content=\"Ecowise\" \/>\n<meta property=\"article:modified_time\" content=\"2023-08-31T07:36:51+00:00\" \/>\n<meta property=\"og:image\" content=\"https:\/\/ecowise.lv\/wp-content\/uploads\/2023\/08\/react-parasol-zenith_product-image.png\" \/>\n\t<meta property=\"og:image:width\" content=\"768\" \/>\n\t<meta property=\"og:image:height\" content=\"576\" \/>\n\t<meta property=\"og:image:type\" content=\"image\/png\" \/>\n<meta name=\"twitter:card\" content=\"summary_large_image\" \/>\n<meta name=\"twitter:label1\" content=\"Est. reading time\" \/>\n\t<meta name=\"twitter:data1\" content=\"2 minutes\" \/>\n<script type=\"application\/ld+json\" class=\"yoast-schema-graph\">{\"@context\":\"https:\/\/schema.org\",\"@graph\":[{\"@type\":\"WebPage\",\"@id\":\"https:\/\/ecowise.lv\/product\/react-parasol-zenith\/\",\"url\":\"https:\/\/ecowise.lv\/product\/react-parasol-zenith\/\",\"name\":\"REACT Parasol Zenith - Ecowise\",\"isPartOf\":{\"@id\":\"https:\/\/ecowise.lv\/#website\"},\"primaryImageOfPage\":{\"@id\":\"https:\/\/ecowise.lv\/product\/react-parasol-zenith\/#primaryimage\"},\"image\":{\"@id\":\"https:\/\/ecowise.lv\/product\/react-parasol-zenith\/#primaryimage\"},\"thumbnailUrl\":\"https:\/\/ecowise.lv\/wp-content\/uploads\/2023\/08\/react-parasol-zenith_product-image.png\",\"datePublished\":\"2023-08-30T14:01:10+00:00\",\"dateModified\":\"2023-08-31T07:36:51+00:00\",\"breadcrumb\":{\"@id\":\"https:\/\/ecowise.lv\/product\/react-parasol-zenith\/#breadcrumb\"},\"inLanguage\":\"en-US\",\"potentialAction\":[{\"@type\":\"ReadAction\",\"target\":[\"https:\/\/ecowise.lv\/product\/react-parasol-zenith\/\"]}]},{\"@type\":\"ImageObject\",\"inLanguage\":\"en-US\",\"@id\":\"https:\/\/ecowise.lv\/product\/react-parasol-zenith\/#primaryimage\",\"url\":\"https:\/\/ecowise.lv\/wp-content\/uploads\/2023\/08\/react-parasol-zenith_product-image.png\",\"contentUrl\":\"https:\/\/ecowise.lv\/wp-content\/uploads\/2023\/08\/react-parasol-zenith_product-image.png\",\"width\":768,\"height\":576},{\"@type\":\"BreadcrumbList\",\"@id\":\"https:\/\/ecowise.lv\/product\/react-parasol-zenith\/#breadcrumb\",\"itemListElement\":[{\"@type\":\"ListItem\",\"position\":1,\"name\":\"Products\",\"item\":\"https:\/\/ecowise.lv\/shop\/\"},{\"@type\":\"ListItem\",\"position\":2,\"name\":\"REACT Parasol Zenith\"}]},{\"@type\":\"WebSite\",\"@id\":\"https:\/\/ecowise.lv\/#website\",\"url\":\"https:\/\/ecowise.lv\/\",\"name\":\"Ecowise\",\"description\":\"Ener\u0123ijas pat\u0113ri\u0146a samazin\u0101jums\",\"publisher\":{\"@id\":\"https:\/\/ecowise.lv\/#organization\"},\"potentialAction\":[{\"@type\":\"SearchAction\",\"target\":{\"@type\":\"EntryPoint\",\"urlTemplate\":\"https:\/\/ecowise.lv\/?s={search_term_string}\"},\"query-input\":{\"@type\":\"PropertyValueSpecification\",\"valueRequired\":true,\"valueName\":\"search_term_string\"}}],\"inLanguage\":\"en-US\"},{\"@type\":\"Organization\",\"@id\":\"https:\/\/ecowise.lv\/#organization\",\"name\":\"Ecowise\",\"url\":\"https:\/\/ecowise.lv\/\",\"logo\":{\"@type\":\"ImageObject\",\"inLanguage\":\"en-US\",\"@id\":\"https:\/\/ecowise.lv\/#\/schema\/logo\/image\/\",\"url\":\"https:\/\/ecowise.lv\/wp-content\/uploads\/2023\/03\/logo.svg\",\"contentUrl\":\"https:\/\/ecowise.lv\/wp-content\/uploads\/2023\/03\/logo.svg\",\"width\":207,\"height\":27,\"caption\":\"Ecowise\"},\"image\":{\"@id\":\"https:\/\/ecowise.lv\/#\/schema\/logo\/image\/\"}}]}<\/script>\n<!-- \/ Yoast SEO plugin. -->","yoast_head_json":{"title":"REACT Parasol Zenith - Ecowise","robots":{"index":"index","follow":"follow","max-snippet":"max-snippet:-1","max-image-preview":"max-image-preview:large","max-video-preview":"max-video-preview:-1"},"canonical":"https:\/\/ecowise.lv\/en\/product\/react-parasol-zenith\/","og_locale":"en_US","og_type":"article","og_title":"REACT Parasol Zenith - Ecowise","og_description":"Komforta modulis ar integr\u0113tu main\u012bgas pl\u016bsmas regul\u0113\u0161anu","og_url":"https:\/\/ecowise.lv\/en\/product\/react-parasol-zenith\/","og_site_name":"Ecowise","article_modified_time":"2023-08-31T07:36:51+00:00","og_image":[{"width":768,"height":576,"url":"https:\/\/ecowise.lv\/wp-content\/uploads\/2023\/08\/react-parasol-zenith_product-image.png","type":"image\/png"}],"twitter_card":"summary_large_image","twitter_misc":{"Est. reading time":"2 minutes"},"schema":{"@context":"https:\/\/schema.org","@graph":[{"@type":"WebPage","@id":"https:\/\/ecowise.lv\/product\/react-parasol-zenith\/","url":"https:\/\/ecowise.lv\/product\/react-parasol-zenith\/","name":"REACT Parasol Zenith - Ecowise","isPartOf":{"@id":"https:\/\/ecowise.lv\/#website"},"primaryImageOfPage":{"@id":"https:\/\/ecowise.lv\/product\/react-parasol-zenith\/#primaryimage"},"image":{"@id":"https:\/\/ecowise.lv\/product\/react-parasol-zenith\/#primaryimage"},"thumbnailUrl":"https:\/\/ecowise.lv\/wp-content\/uploads\/2023\/08\/react-parasol-zenith_product-image.png","datePublished":"2023-08-30T14:01:10+00:00","dateModified":"2023-08-31T07:36:51+00:00","breadcrumb":{"@id":"https:\/\/ecowise.lv\/product\/react-parasol-zenith\/#breadcrumb"},"inLanguage":"en-US","potentialAction":[{"@type":"ReadAction","target":["https:\/\/ecowise.lv\/product\/react-parasol-zenith\/"]}]},{"@type":"ImageObject","inLanguage":"en-US","@id":"https:\/\/ecowise.lv\/product\/react-parasol-zenith\/#primaryimage","url":"https:\/\/ecowise.lv\/wp-content\/uploads\/2023\/08\/react-parasol-zenith_product-image.png","contentUrl":"https:\/\/ecowise.lv\/wp-content\/uploads\/2023\/08\/react-parasol-zenith_product-image.png","width":768,"height":576},{"@type":"BreadcrumbList","@id":"https:\/\/ecowise.lv\/product\/react-parasol-zenith\/#breadcrumb","itemListElement":[{"@type":"ListItem","position":1,"name":"Products","item":"https:\/\/ecowise.lv\/shop\/"},{"@type":"ListItem","position":2,"name":"REACT Parasol Zenith"}]},{"@type":"WebSite","@id":"https:\/\/ecowise.lv\/#website","url":"https:\/\/ecowise.lv\/","name":"Ecowise","description":"Ener\u0123ijas pat\u0113ri\u0146a samazin\u0101jums","publisher":{"@id":"https:\/\/ecowise.lv\/#organization"},"potentialAction":[{"@type":"SearchAction","target":{"@type":"EntryPoint","urlTemplate":"https:\/\/ecowise.lv\/?s={search_term_string}"},"query-input":{"@type":"PropertyValueSpecification","valueRequired":true,"valueName":"search_term_string"}}],"inLanguage":"en-US"},{"@type":"Organization","@id":"https:\/\/ecowise.lv\/#organization","name":"Ecowise","url":"https:\/\/ecowise.lv\/","logo":{"@type":"ImageObject","inLanguage":"en-US","@id":"https:\/\/ecowise.lv\/#\/schema\/logo\/image\/","url":"https:\/\/ecowise.lv\/wp-content\/uploads\/2023\/03\/logo.svg","contentUrl":"https:\/\/ecowise.lv\/wp-content\/uploads\/2023\/03\/logo.svg","width":207,"height":27,"caption":"Ecowise"},"image":{"@id":"https:\/\/ecowise.lv\/#\/schema\/logo\/image\/"}}]}},"_links":{"self":[{"href":"https:\/\/ecowise.lv\/en\/wp-json\/wp\/v2\/product\/2035","targetHints":{"allow":["GET"]}}],"collection":[{"href":"https:\/\/ecowise.lv\/en\/wp-json\/wp\/v2\/product"}],"about":[{"href":"https:\/\/ecowise.lv\/en\/wp-json\/wp\/v2\/types\/product"}],"wp:featuredmedia":[{"embeddable":true,"href":"https:\/\/ecowise.lv\/en\/wp-json\/wp\/v2\/media\/2046"}],"wp:attachment":[{"href":"https:\/\/ecowise.lv\/en\/wp-json\/wp\/v2\/media?parent=2035"}],"wp:term":[{"taxonomy":"product_brand","embeddable":true,"href":"https:\/\/ecowise.lv\/en\/wp-json\/wp\/v2\/product_brand?post=2035"},{"taxonomy":"product_cat","embeddable":true,"href":"https:\/\/ecowise.lv\/en\/wp-json\/wp\/v2\/product_cat?post=2035"},{"taxonomy":"product_tag","embeddable":true,"href":"https:\/\/ecowise.lv\/en\/wp-json\/wp\/v2\/product_tag?post=2035"}],"curies":[{"name":"wp","href":"https:\/\/api.w.org\/{rel}","templated":true}]}}