{"id":1947,"date":"2023-08-30T12:33:52","date_gmt":"2023-08-30T09:33:52","guid":{"rendered":"https:\/\/ecowise.lv\/?post_type=product&#038;p=1947"},"modified":"2024-01-08T11:36:10","modified_gmt":"2024-01-08T09:36:10","slug":"eagle-single-2","status":"publish","type":"product","link":"https:\/\/ecowise.lv\/en\/product\/eagle-single-2\/","title":{"rendered":"EAGLE Single"},"content":{"rendered":"<h3 class=\"gtx-body\">Circular ceiling diffuser with nozzles for supply air<\/h3>\n<ul>\n<li>Adjustable nozzles, 360\u00b0<\/li>\n<li>100% flexible spread pattern<\/li>\n<li>Provision for vertical air diffusion<\/li>\n<li>Ensures simultaneous horizontal\/vertical air diffusion<\/li>\n<li>Swirl function<\/li>\n<li>Substantial induction capacity<\/li>\n<li>Can be used with the ALS commissioning box<\/li>\n<li>Can be supplied in a galvanized design.<\/li>\n<li>Standard colour White RAL 9003\n<ul>\n<li>5 alternative standard colours<\/li>\n<li>Other colours upon request<\/li>\n<\/ul>\n<\/li>\n<\/ul>\n<p>&nbsp;<\/p>\n<table style=\"height: 594px;\" width=\"866\">\n<tbody>\n<tr>\n<td class=\"bold v-align-bottom h-align-center\" colspan=\"8\"><strong>AIR FLOW - SOUND PRESSURE ROOM (Lp10A) *)<\/strong><\/td>\n<\/tr>\n<tr>\n<td class=\"bold v-align-bottom\" colspan=\"2\" rowspan=\"2\"><strong>EAGLE Single<\/strong><br \/>\n<strong>Size<\/strong><\/td>\n<td class=\"bold v-align-bottom h-align-center\" colspan=\"2\"><strong>25 dB(A)<\/strong><\/td>\n<td class=\"bold v-align-bottom h-align-center\" colspan=\"2\"><strong>30 dB(A)<\/strong><\/td>\n<td class=\"bold v-align-bottom h-align-center\" colspan=\"2\"><strong>35 dB(A)<\/strong><\/td>\n<\/tr>\n<tr>\n<td class=\"bold v-align-bottom h-align-center\"><strong>l\/s<\/strong><\/td>\n<td class=\"bold v-align-bottom h-align-center\"><strong>m3\/h<\/strong><\/td>\n<td class=\"bold v-align-bottom h-align-center\"><strong>l\/s<\/strong><\/td>\n<td class=\"bold v-align-bottom h-align-center\"><strong>m3\/h<\/strong><\/td>\n<td class=\"bold v-align-bottom h-align-center\"><strong>l\/s<\/strong><\/td>\n<td class=\"bold v-align-bottom h-align-center\"><strong>m3\/h<\/strong><\/td>\n<\/tr>\n<tr>\n<td class=\"v-align-bottom h-align-left\" colspan=\"2\">125<\/td>\n<td class=\"v-align-bottom h-align-left\">34<\/td>\n<td class=\"v-align-bottom h-align-left\">122<\/td>\n<td class=\"v-align-bottom h-align-left\">40<\/td>\n<td class=\"v-align-bottom h-align-left\">144<\/td>\n<td class=\"v-align-bottom h-align-left\">47<\/td>\n<td class=\"v-align-bottom h-align-left\">169<\/td>\n<\/tr>\n<tr>\n<td class=\"v-align-bottom h-align-left\" colspan=\"2\">160<\/td>\n<td class=\"v-align-bottom h-align-left\">50<\/td>\n<td class=\"v-align-bottom h-align-left\">180<\/td>\n<td class=\"v-align-bottom h-align-left\">58<\/td>\n<td class=\"v-align-bottom h-align-left\">209<\/td>\n<td class=\"v-align-bottom h-align-left\">70<\/td>\n<td class=\"v-align-bottom h-align-left\">252<\/td>\n<\/tr>\n<tr>\n<td class=\"v-align-bottom h-align-left\" colspan=\"2\">200<\/td>\n<td class=\"v-align-bottom h-align-left\">78<\/td>\n<td class=\"v-align-bottom h-align-left\">281<\/td>\n<td class=\"v-align-bottom h-align-left\">92<\/td>\n<td class=\"v-align-bottom h-align-left\">331<\/td>\n<td class=\"v-align-bottom h-align-left\">108<\/td>\n<td class=\"v-align-bottom h-align-left\">389<\/td>\n<\/tr>\n<tr>\n<td class=\"v-align-bottom h-align-left\" colspan=\"2\">250<\/td>\n<td class=\"v-align-bottom h-align-left\">105<\/td>\n<td class=\"v-align-bottom h-align-left\">378<\/td>\n<td class=\"v-align-bottom h-align-left\">122<\/td>\n<td class=\"v-align-bottom h-align-left\">439<\/td>\n<td class=\"v-align-bottom h-align-left\">142<\/td>\n<td class=\"v-align-bottom h-align-left\">511<\/td>\n<\/tr>\n<tr>\n<td class=\"v-align-bottom h-align-left\" colspan=\"2\">315<\/td>\n<td class=\"v-align-bottom h-align-left\">143<\/td>\n<td class=\"v-align-bottom h-align-left\">515<\/td>\n<td class=\"v-align-bottom h-align-left\">168<\/td>\n<td class=\"v-align-bottom h-align-left\">605<\/td>\n<td class=\"v-align-bottom h-align-left\">200<\/td>\n<td class=\"v-align-bottom h-align-left\">720<\/td>\n<\/tr>\n<tr>\n<td class=\"v-align-bottom h-align-left\" colspan=\"2\">400<\/td>\n<td class=\"v-align-bottom h-align-left\">230<\/td>\n<td class=\"v-align-bottom h-align-left\">828<\/td>\n<td class=\"v-align-bottom h-align-left\">265<\/td>\n<td class=\"v-align-bottom h-align-left\">954<\/td>\n<td class=\"v-align-bottom h-align-left\">310<\/td>\n<td class=\"v-align-bottom h-align-left\">1116<\/td>\n<\/tr>\n<tr>\n<td class=\"v-align-bottom h-align-center\" colspan=\"8\"><\/td>\n<\/tr>\n<tr>\n<td class=\"bold v-align-bottom\" rowspan=\"2\"><strong>EAGLE Single<\/strong><br \/>\n<strong>Size<\/strong><\/td>\n<td class=\"bold v-align-bottom\" rowspan=\"2\"><strong>ALS<\/strong><br \/>\n<strong>Size<\/strong><\/td>\n<td class=\"bold v-align-bottom h-align-center\" colspan=\"2\"><strong>25 dB(A)<\/strong><\/td>\n<td class=\"bold v-align-bottom h-align-center\" colspan=\"2\"><strong>30 dB(A)<\/strong><\/td>\n<td class=\"bold v-align-bottom h-align-center\" colspan=\"2\"><strong>35 dB(A)<\/strong><\/td>\n<\/tr>\n<tr>\n<td class=\"bold v-align-bottom h-align-center\"><strong>l\/s<\/strong><\/td>\n<td class=\"bold v-align-bottom h-align-center\"><strong>m3\/h<\/strong><\/td>\n<td class=\"bold v-align-bottom h-align-center\"><strong>l\/s<\/strong><\/td>\n<td class=\"bold v-align-bottom h-align-center\"><strong>m3\/h<\/strong><\/td>\n<td class=\"bold v-align-bottom h-align-center\"><strong>l\/s<\/strong><\/td>\n<td class=\"bold v-align-bottom h-align-center\"><strong>m3\/h<\/strong><\/td>\n<\/tr>\n<tr>\n<td class=\"v-align-bottom h-align-left\">125<\/td>\n<td class=\"v-align-bottom h-align-left\">100-125<\/td>\n<td class=\"v-align-bottom h-align-left\">24<\/td>\n<td class=\"v-align-bottom h-align-left\">86<\/td>\n<td class=\"v-align-bottom h-align-left\">29<\/td>\n<td class=\"v-align-bottom h-align-left\">104<\/td>\n<td class=\"v-align-bottom h-align-left\">36<\/td>\n<td class=\"v-align-bottom h-align-left\">130<\/td>\n<\/tr>\n<tr>\n<td class=\"v-align-bottom h-align-left\">160<\/td>\n<td class=\"v-align-bottom h-align-left\">125-160<\/td>\n<td class=\"v-align-bottom h-align-left\">37<\/td>\n<td class=\"v-align-bottom h-align-left\">133<\/td>\n<td class=\"v-align-bottom h-align-left\">45<\/td>\n<td class=\"v-align-bottom h-align-left\">162<\/td>\n<td class=\"v-align-bottom h-align-left\">55<\/td>\n<td class=\"v-align-bottom h-align-left\">198<\/td>\n<\/tr>\n<tr>\n<td class=\"v-align-bottom h-align-left\">200<\/td>\n<td class=\"v-align-bottom h-align-left\">160-200<\/td>\n<td class=\"v-align-bottom h-align-left\">54<\/td>\n<td class=\"v-align-bottom h-align-left\">194<\/td>\n<td class=\"v-align-bottom h-align-left\">70<\/td>\n<td class=\"v-align-bottom h-align-left\">252<\/td>\n<td class=\"v-align-bottom h-align-left\">85<\/td>\n<td class=\"v-align-bottom h-align-left\">306<\/td>\n<\/tr>\n<tr>\n<td class=\"v-align-bottom h-align-left\">250<\/td>\n<td class=\"v-align-bottom h-align-left\">200-250<\/td>\n<td class=\"v-align-bottom h-align-left\">84<\/td>\n<td class=\"v-align-bottom h-align-left\">302<\/td>\n<td class=\"v-align-bottom h-align-left\">101<\/td>\n<td class=\"v-align-bottom h-align-left\">364<\/td>\n<td class=\"v-align-bottom h-align-left\">124<\/td>\n<td class=\"v-align-bottom h-align-left\">446<\/td>\n<\/tr>\n<tr>\n<td class=\"v-align-bottom h-align-left\">315<\/td>\n<td class=\"v-align-bottom h-align-left\">250-315<\/td>\n<td class=\"v-align-bottom h-align-left\">120<\/td>\n<td class=\"v-align-bottom h-align-left\">432<\/td>\n<td class=\"v-align-bottom h-align-left\">145<\/td>\n<td class=\"v-align-bottom h-align-left\">522<\/td>\n<td class=\"v-align-bottom h-align-left\">170<\/td>\n<td class=\"v-align-bottom h-align-left\">612<\/td>\n<\/tr>\n<tr>\n<td class=\"v-align-bottom h-align-left\">400<\/td>\n<td class=\"v-align-bottom h-align-left\">315-400<\/td>\n<td class=\"v-align-bottom h-align-left\">180<\/td>\n<td class=\"v-align-bottom h-align-left\">648<\/td>\n<td class=\"v-align-bottom h-align-left\">220<\/td>\n<td class=\"v-align-bottom h-align-left\">792<\/td>\n<td class=\"v-align-bottom h-align-left\">265<\/td>\n<td class=\"v-align-bottom h-align-left\">954<\/td>\n<\/tr>\n<tr>\n<td class=\"v-align-bottom\" colspan=\"8\">Data for the diffuser + ALS reduction box are given for a total pressure of 50 PaLp10A = sound pressure including A-filter with 4 dB room attenuation and 10 m\u00b2 room absorption area.<\/td>\n<\/tr>\n<\/tbody>\n<\/table>","protected":false},"excerpt":{"rendered":"<h4>Supply Diffuser<\/h4>\n<h4>\u2205100-400, 24-180 l\/s<\/h4>","protected":false},"featured_media":1951,"template":"","meta":{"_acf_changed":false,"inline_featured_image":false,"_links_to":"","_links_to_target":""},"product_brand":[],"product_cat":[61],"product_tag":[],"class_list":{"0":"post-1947","1":"product","2":"type-product","3":"status-publish","4":"has-post-thumbnail","6":"product_cat-griestu-difuzori-atklatai-montazai","8":"first","9":"instock","10":"featured","11":"shipping-taxable","12":"product-type-simple"},"acf":[],"yoast_head":"<!-- This site is optimized with the Yoast SEO plugin v27.0 - https:\/\/yoast.com\/product\/yoast-seo-wordpress\/ -->\n<title>EAGLE Single - Ecowise<\/title>\n<meta name=\"robots\" content=\"index, follow, max-snippet:-1, max-image-preview:large, max-video-preview:-1\" \/>\n<link rel=\"canonical\" href=\"https:\/\/ecowise.lv\/en\/product\/eagle-single-2\/\" \/>\n<meta property=\"og:locale\" content=\"en_US\" \/>\n<meta property=\"og:type\" content=\"article\" \/>\n<meta property=\"og:title\" content=\"EAGLE Single - Ecowise\" \/>\n<meta property=\"og:description\" content=\"Piepl\u016bdes difuzors \u2205100-400, 24-180 l\/s\" \/>\n<meta property=\"og:url\" content=\"https:\/\/ecowise.lv\/en\/product\/eagle-single-2\/\" \/>\n<meta property=\"og:site_name\" content=\"Ecowise\" \/>\n<meta property=\"article:modified_time\" content=\"2024-01-08T09:36:10+00:00\" \/>\n<meta property=\"og:image\" content=\"https:\/\/ecowise.lv\/wp-content\/uploads\/2023\/08\/eagle-single-productimage.webp\" \/>\n\t<meta property=\"og:image:width\" content=\"768\" \/>\n\t<meta property=\"og:image:height\" content=\"576\" \/>\n\t<meta property=\"og:image:type\" content=\"image\/webp\" \/>\n<meta name=\"twitter:card\" content=\"summary_large_image\" \/>\n<meta name=\"twitter:label1\" content=\"Est. reading time\" \/>\n\t<meta name=\"twitter:data1\" content=\"2 minutes\" \/>\n<script type=\"application\/ld+json\" class=\"yoast-schema-graph\">{\"@context\":\"https:\/\/schema.org\",\"@graph\":[{\"@type\":\"WebPage\",\"@id\":\"https:\/\/ecowise.lv\/product\/eagle-single-2\/\",\"url\":\"https:\/\/ecowise.lv\/product\/eagle-single-2\/\",\"name\":\"EAGLE Single - Ecowise\",\"isPartOf\":{\"@id\":\"https:\/\/ecowise.lv\/#website\"},\"primaryImageOfPage\":{\"@id\":\"https:\/\/ecowise.lv\/product\/eagle-single-2\/#primaryimage\"},\"image\":{\"@id\":\"https:\/\/ecowise.lv\/product\/eagle-single-2\/#primaryimage\"},\"thumbnailUrl\":\"https:\/\/ecowise.lv\/wp-content\/uploads\/2023\/08\/eagle-single-productimage.webp\",\"datePublished\":\"2023-08-30T09:33:52+00:00\",\"dateModified\":\"2024-01-08T09:36:10+00:00\",\"breadcrumb\":{\"@id\":\"https:\/\/ecowise.lv\/product\/eagle-single-2\/#breadcrumb\"},\"inLanguage\":\"en-US\",\"potentialAction\":[{\"@type\":\"ReadAction\",\"target\":[\"https:\/\/ecowise.lv\/product\/eagle-single-2\/\"]}]},{\"@type\":\"ImageObject\",\"inLanguage\":\"en-US\",\"@id\":\"https:\/\/ecowise.lv\/product\/eagle-single-2\/#primaryimage\",\"url\":\"https:\/\/ecowise.lv\/wp-content\/uploads\/2023\/08\/eagle-single-productimage.webp\",\"contentUrl\":\"https:\/\/ecowise.lv\/wp-content\/uploads\/2023\/08\/eagle-single-productimage.webp\",\"width\":768,\"height\":576},{\"@type\":\"BreadcrumbList\",\"@id\":\"https:\/\/ecowise.lv\/product\/eagle-single-2\/#breadcrumb\",\"itemListElement\":[{\"@type\":\"ListItem\",\"position\":1,\"name\":\"Products\",\"item\":\"https:\/\/ecowise.lv\/shop\/\"},{\"@type\":\"ListItem\",\"position\":2,\"name\":\"EAGLE Single\"}]},{\"@type\":\"WebSite\",\"@id\":\"https:\/\/ecowise.lv\/#website\",\"url\":\"https:\/\/ecowise.lv\/\",\"name\":\"Ecowise\",\"description\":\"Ener\u0123ijas pat\u0113ri\u0146a samazin\u0101jums\",\"publisher\":{\"@id\":\"https:\/\/ecowise.lv\/#organization\"},\"potentialAction\":[{\"@type\":\"SearchAction\",\"target\":{\"@type\":\"EntryPoint\",\"urlTemplate\":\"https:\/\/ecowise.lv\/?s={search_term_string}\"},\"query-input\":{\"@type\":\"PropertyValueSpecification\",\"valueRequired\":true,\"valueName\":\"search_term_string\"}}],\"inLanguage\":\"en-US\"},{\"@type\":\"Organization\",\"@id\":\"https:\/\/ecowise.lv\/#organization\",\"name\":\"Ecowise\",\"url\":\"https:\/\/ecowise.lv\/\",\"logo\":{\"@type\":\"ImageObject\",\"inLanguage\":\"en-US\",\"@id\":\"https:\/\/ecowise.lv\/#\/schema\/logo\/image\/\",\"url\":\"https:\/\/ecowise.lv\/wp-content\/uploads\/2023\/03\/logo.svg\",\"contentUrl\":\"https:\/\/ecowise.lv\/wp-content\/uploads\/2023\/03\/logo.svg\",\"width\":207,\"height\":27,\"caption\":\"Ecowise\"},\"image\":{\"@id\":\"https:\/\/ecowise.lv\/#\/schema\/logo\/image\/\"}}]}<\/script>\n<!-- \/ Yoast SEO plugin. -->","yoast_head_json":{"title":"EAGLE Single - Ecowise","robots":{"index":"index","follow":"follow","max-snippet":"max-snippet:-1","max-image-preview":"max-image-preview:large","max-video-preview":"max-video-preview:-1"},"canonical":"https:\/\/ecowise.lv\/en\/product\/eagle-single-2\/","og_locale":"en_US","og_type":"article","og_title":"EAGLE Single - Ecowise","og_description":"Piepl\u016bdes difuzors \u2205100-400, 24-180 l\/s","og_url":"https:\/\/ecowise.lv\/en\/product\/eagle-single-2\/","og_site_name":"Ecowise","article_modified_time":"2024-01-08T09:36:10+00:00","og_image":[{"width":768,"height":576,"url":"https:\/\/ecowise.lv\/wp-content\/uploads\/2023\/08\/eagle-single-productimage.webp","type":"image\/webp"}],"twitter_card":"summary_large_image","twitter_misc":{"Est. reading time":"2 minutes"},"schema":{"@context":"https:\/\/schema.org","@graph":[{"@type":"WebPage","@id":"https:\/\/ecowise.lv\/product\/eagle-single-2\/","url":"https:\/\/ecowise.lv\/product\/eagle-single-2\/","name":"EAGLE Single - Ecowise","isPartOf":{"@id":"https:\/\/ecowise.lv\/#website"},"primaryImageOfPage":{"@id":"https:\/\/ecowise.lv\/product\/eagle-single-2\/#primaryimage"},"image":{"@id":"https:\/\/ecowise.lv\/product\/eagle-single-2\/#primaryimage"},"thumbnailUrl":"https:\/\/ecowise.lv\/wp-content\/uploads\/2023\/08\/eagle-single-productimage.webp","datePublished":"2023-08-30T09:33:52+00:00","dateModified":"2024-01-08T09:36:10+00:00","breadcrumb":{"@id":"https:\/\/ecowise.lv\/product\/eagle-single-2\/#breadcrumb"},"inLanguage":"en-US","potentialAction":[{"@type":"ReadAction","target":["https:\/\/ecowise.lv\/product\/eagle-single-2\/"]}]},{"@type":"ImageObject","inLanguage":"en-US","@id":"https:\/\/ecowise.lv\/product\/eagle-single-2\/#primaryimage","url":"https:\/\/ecowise.lv\/wp-content\/uploads\/2023\/08\/eagle-single-productimage.webp","contentUrl":"https:\/\/ecowise.lv\/wp-content\/uploads\/2023\/08\/eagle-single-productimage.webp","width":768,"height":576},{"@type":"BreadcrumbList","@id":"https:\/\/ecowise.lv\/product\/eagle-single-2\/#breadcrumb","itemListElement":[{"@type":"ListItem","position":1,"name":"Products","item":"https:\/\/ecowise.lv\/shop\/"},{"@type":"ListItem","position":2,"name":"EAGLE Single"}]},{"@type":"WebSite","@id":"https:\/\/ecowise.lv\/#website","url":"https:\/\/ecowise.lv\/","name":"Ecowise","description":"Ener\u0123ijas pat\u0113ri\u0146a samazin\u0101jums","publisher":{"@id":"https:\/\/ecowise.lv\/#organization"},"potentialAction":[{"@type":"SearchAction","target":{"@type":"EntryPoint","urlTemplate":"https:\/\/ecowise.lv\/?s={search_term_string}"},"query-input":{"@type":"PropertyValueSpecification","valueRequired":true,"valueName":"search_term_string"}}],"inLanguage":"en-US"},{"@type":"Organization","@id":"https:\/\/ecowise.lv\/#organization","name":"Ecowise","url":"https:\/\/ecowise.lv\/","logo":{"@type":"ImageObject","inLanguage":"en-US","@id":"https:\/\/ecowise.lv\/#\/schema\/logo\/image\/","url":"https:\/\/ecowise.lv\/wp-content\/uploads\/2023\/03\/logo.svg","contentUrl":"https:\/\/ecowise.lv\/wp-content\/uploads\/2023\/03\/logo.svg","width":207,"height":27,"caption":"Ecowise"},"image":{"@id":"https:\/\/ecowise.lv\/#\/schema\/logo\/image\/"}}]}},"_links":{"self":[{"href":"https:\/\/ecowise.lv\/en\/wp-json\/wp\/v2\/product\/1947","targetHints":{"allow":["GET"]}}],"collection":[{"href":"https:\/\/ecowise.lv\/en\/wp-json\/wp\/v2\/product"}],"about":[{"href":"https:\/\/ecowise.lv\/en\/wp-json\/wp\/v2\/types\/product"}],"wp:featuredmedia":[{"embeddable":true,"href":"https:\/\/ecowise.lv\/en\/wp-json\/wp\/v2\/media\/1951"}],"wp:attachment":[{"href":"https:\/\/ecowise.lv\/en\/wp-json\/wp\/v2\/media?parent=1947"}],"wp:term":[{"taxonomy":"product_brand","embeddable":true,"href":"https:\/\/ecowise.lv\/en\/wp-json\/wp\/v2\/product_brand?post=1947"},{"taxonomy":"product_cat","embeddable":true,"href":"https:\/\/ecowise.lv\/en\/wp-json\/wp\/v2\/product_cat?post=1947"},{"taxonomy":"product_tag","embeddable":true,"href":"https:\/\/ecowise.lv\/en\/wp-json\/wp\/v2\/product_tag?post=1947"}],"curies":[{"name":"wp","href":"https:\/\/api.w.org\/{rel}","templated":true}]}}