{"id":1925,"date":"2023-08-28T15:07:32","date_gmt":"2023-08-28T12:07:32","guid":{"rendered":"https:\/\/ecowise.lv\/?post_type=product&#038;p=1925"},"modified":"2024-01-08T14:54:34","modified_gmt":"2024-01-08T12:54:34","slug":"vz-41","status":"publish","type":"product","link":"https:\/\/ecowise.lv\/en\/product\/vz-41\/","title":{"rendered":"VZ-41"},"content":{"rendered":"<div class=\"product-description\">\n<div class=\"product-description\">\n<h3>Linear slot diffuser for ceiling and wall installation - 41 mm<\/h3>\n<ul>\n<li>Available as standard modules or wall-to-wall design<\/li>\n<li>Modular length: 1000 mm, 1500 mm, 2000 mm<\/li>\n<li>Standard colour White RAL 9003<\/li>\n<li>One, two, three or four slots (more slots on request)<\/li>\n<li>Multivariable adjustable\n<ul>\n<li>Plane distribution pattern as well as the possibility to adjust the distribution pattern in a range of 180\u00b0<\/li>\n<\/ul>\n<\/li>\n<li>Lightweight aluminum extrusion profile\n<ul>\n<li>Naturally anodized or coated (RAL or NCS)<\/li>\n<\/ul>\n<\/li>\n<li>Mitred corner modules<\/li>\n<li>Air deflectors made of impact-resistant plastic\n<ul>\n<li>5 standard colors<\/li>\n<\/ul>\n<\/li>\n<li>Further Options:\n<ul>\n<li>Support profiles<\/li>\n<li>End bracket, left and\/or right<\/li>\n<li>Endplate<\/li>\n<li>Perforated plate throttle in the socket<\/li>\n<li>Galvanized steel Junction box (optionally insulated)<\/li>\n<\/ul>\n<\/li>\n<\/ul>\n<\/div>\n<\/div>\n<p>&nbsp;<\/p>\n<table style=\"height: 430px;\" width=\"927\">\n<tbody>\n<tr>\n<td class=\"bold v-align-bottom h-align-center\" colspan=\"9\">\n<div class=\"gtx-body\"><strong>VZ-41 Vertical spread<\/strong><\/div>\n<\/td>\n<\/tr>\n<tr>\n<td class=\"bold v-align-bottom h-align-left\" rowspan=\"2\"><strong>Number of slots (n)<\/strong><\/td>\n<td class=\"bold v-align-bottom h-align-center\" colspan=\"2\"><strong>LWA = 25 dB<\/strong><\/td>\n<td class=\"bold v-align-bottom h-align-center\" colspan=\"2\"><strong>LWA = 30 dB<\/strong><\/td>\n<td class=\"bold v-align-bottom h-align-center\" colspan=\"2\"><strong>LWA = 35 dB<\/strong><\/td>\n<td class=\"bold v-align-bottom h-align-center\" colspan=\"2\"><strong>LWA = 40 dB<\/strong><\/td>\n<\/tr>\n<tr>\n<td class=\"bold v-align-bottom h-align-center\"><strong>V l\/s<\/strong><\/td>\n<td class=\"bold v-align-bottom h-align-center\"><strong>V (m3\/h)<\/strong><\/td>\n<td class=\"bold v-align-bottom h-align-center\"><strong>V l\/s<\/strong><\/td>\n<td class=\"bold v-align-bottom h-align-center\"><strong>V (m3\/h)<\/strong><\/td>\n<td class=\"bold v-align-bottom h-align-center\"><strong>V l\/s<\/strong><\/td>\n<td class=\"bold v-align-bottom h-align-center\"><strong>V (m3\/h)<\/strong><\/td>\n<td class=\"bold v-align-bottom h-align-center\"><strong>V l\/s<\/strong><\/td>\n<td class=\"bold v-align-bottom h-align-center\"><strong>V (m3\/h)<\/strong><\/td>\n<\/tr>\n<tr>\n<td class=\"v-align-bottom h-align-left\">1<\/td>\n<td class=\"v-align-bottom h-align-left\">26<\/td>\n<td class=\"v-align-bottom h-align-left\">92<\/td>\n<td class=\"v-align-bottom h-align-left\">30<\/td>\n<td class=\"v-align-bottom h-align-left\">109<\/td>\n<td class=\"v-align-bottom h-align-left\">36<\/td>\n<td class=\"v-align-bottom h-align-left\">129<\/td>\n<td class=\"v-align-bottom h-align-left\">42<\/td>\n<td class=\"v-align-bottom h-align-left\">152<\/td>\n<\/tr>\n<tr>\n<td class=\"v-align-bottom h-align-left\">2<\/td>\n<td class=\"v-align-bottom h-align-left\">35<\/td>\n<td class=\"v-align-bottom h-align-left\">127<\/td>\n<td class=\"v-align-bottom h-align-left\">43<\/td>\n<td class=\"v-align-bottom h-align-left\">154<\/td>\n<td class=\"v-align-bottom h-align-left\">52<\/td>\n<td class=\"v-align-bottom h-align-left\">186<\/td>\n<td class=\"v-align-bottom h-align-left\">62<\/td>\n<td class=\"v-align-bottom h-align-left\">224<\/td>\n<\/tr>\n<tr>\n<td class=\"v-align-bottom h-align-left\">3<\/td>\n<td class=\"v-align-bottom h-align-left\">46<\/td>\n<td class=\"v-align-bottom h-align-left\">166<\/td>\n<td class=\"v-align-bottom h-align-left\">55<\/td>\n<td class=\"v-align-bottom h-align-left\">199<\/td>\n<td class=\"v-align-bottom h-align-left\">66<\/td>\n<td class=\"v-align-bottom h-align-left\">238<\/td>\n<td class=\"v-align-bottom h-align-left\">79<\/td>\n<td class=\"v-align-bottom h-align-left\">285<\/td>\n<\/tr>\n<tr>\n<td class=\"v-align-bottom h-align-left\">4<\/td>\n<td class=\"v-align-bottom h-align-left\">54<\/td>\n<td class=\"v-align-bottom h-align-left\">196<\/td>\n<td class=\"v-align-bottom h-align-left\">66<\/td>\n<td class=\"v-align-bottom h-align-left\">237<\/td>\n<td class=\"v-align-bottom h-align-left\">79<\/td>\n<td class=\"v-align-bottom h-align-left\">286<\/td>\n<td class=\"v-align-bottom h-align-left\">96<\/td>\n<td class=\"v-align-bottom h-align-left\">346<\/td>\n<\/tr>\n<tr>\n<td class=\"v-align-bottom h-align-center\" colspan=\"9\"><\/td>\n<\/tr>\n<tr>\n<td class=\"bold v-align-bottom h-align-center\" colspan=\"9\">\n<div class=\"gtx-body\"><strong>VZ-41 Horizontal spread<\/strong><\/div>\n<\/td>\n<\/tr>\n<tr>\n<td class=\"bold v-align-bottom h-align-left\" rowspan=\"2\"><strong>Number of slots (n)<\/strong><\/td>\n<td class=\"bold v-align-bottom h-align-center\" colspan=\"2\"><strong>LWA = 25 dB<\/strong><\/td>\n<td class=\"bold v-align-bottom h-align-center\" colspan=\"2\"><strong>LWA = 30 dB<\/strong><\/td>\n<td class=\"bold v-align-bottom h-align-center\" colspan=\"2\"><strong>LWA = 35 dB<\/strong><\/td>\n<td class=\"bold v-align-bottom h-align-center\" colspan=\"2\"><strong>LWA = 40 dB<\/strong><\/td>\n<\/tr>\n<tr>\n<td class=\"bold v-align-bottom h-align-center\"><strong>V l\/s<\/strong><\/td>\n<td class=\"bold v-align-bottom h-align-center\"><strong>V (m3\/h)<\/strong><\/td>\n<td class=\"bold v-align-bottom h-align-center\"><strong>V l\/s<\/strong><\/td>\n<td class=\"bold v-align-bottom h-align-center\"><strong>V (m3\/h)<\/strong><\/td>\n<td class=\"bold v-align-bottom h-align-center\"><strong>V l\/s<\/strong><\/td>\n<td class=\"bold v-align-bottom h-align-center\"><strong>V (m3\/h)<\/strong><\/td>\n<td class=\"bold v-align-bottom h-align-center\"><strong>V l\/s<\/strong><\/td>\n<td class=\"bold v-align-bottom h-align-center\"><strong>V (m3\/h)<\/strong><\/td>\n<\/tr>\n<tr>\n<td class=\"v-align-bottom h-align-left\">1<\/td>\n<td class=\"v-align-bottom h-align-left\">24<\/td>\n<td class=\"v-align-bottom h-align-left\">88<\/td>\n<td class=\"v-align-bottom h-align-left\">29<\/td>\n<td class=\"v-align-bottom h-align-left\">105<\/td>\n<td class=\"v-align-bottom h-align-left\">34<\/td>\n<td class=\"v-align-bottom h-align-left\">124<\/td>\n<td class=\"v-align-bottom h-align-left\">41<\/td>\n<td class=\"v-align-bottom h-align-left\">147<\/td>\n<\/tr>\n<tr>\n<td class=\"v-align-bottom h-align-left\">2<\/td>\n<td class=\"v-align-bottom h-align-left\">38<\/td>\n<td class=\"v-align-bottom h-align-left\">137<\/td>\n<td class=\"v-align-bottom h-align-left\">45<\/td>\n<td class=\"v-align-bottom h-align-left\">163<\/td>\n<td class=\"v-align-bottom h-align-left\">54<\/td>\n<td class=\"v-align-bottom h-align-left\">195<\/td>\n<td class=\"v-align-bottom h-align-left\">65<\/td>\n<td class=\"v-align-bottom h-align-left\">233<\/td>\n<\/tr>\n<tr>\n<td class=\"v-align-bottom h-align-left\">3<\/td>\n<td class=\"v-align-bottom h-align-left\">47<\/td>\n<td class=\"v-align-bottom h-align-left\">168<\/td>\n<td class=\"v-align-bottom h-align-left\">56<\/td>\n<td class=\"v-align-bottom h-align-left\">201<\/td>\n<td class=\"v-align-bottom h-align-left\">67<\/td>\n<td class=\"v-align-bottom h-align-left\">242<\/td>\n<td class=\"v-align-bottom h-align-left\">81<\/td>\n<td class=\"v-align-bottom h-align-left\">290<\/td>\n<\/tr>\n<tr>\n<td class=\"v-align-bottom h-align-left\">4<\/td>\n<td class=\"v-align-bottom h-align-left\">57<\/td>\n<td class=\"v-align-bottom h-align-left\">206<\/td>\n<td class=\"v-align-bottom h-align-left\">69<\/td>\n<td class=\"v-align-bottom h-align-left\">248<\/td>\n<td class=\"v-align-bottom h-align-left\">83<\/td>\n<td class=\"v-align-bottom h-align-left\">298<\/td>\n<td class=\"v-align-bottom h-align-left\">99<\/td>\n<td class=\"v-align-bottom h-align-left\">358<\/td>\n<\/tr>\n<\/tbody>\n<\/table>","protected":false},"excerpt":{"rendered":"<h4>Linear slot diffuser<\/h4>\n<h4>24-56l\/s<\/h4>","protected":false},"featured_media":1926,"template":"","meta":{"_acf_changed":false,"inline_featured_image":false,"_links_to":"","_links_to_target":""},"product_brand":[],"product_cat":[60],"product_tag":[],"class_list":{"0":"post-1925","1":"product","2":"type-product","3":"status-publish","4":"has-post-thumbnail","6":"product_cat-griestu-difuzori","8":"first","9":"instock","10":"featured","11":"shipping-taxable","12":"product-type-simple"},"acf":[],"yoast_head":"<!-- This site is optimized with the Yoast SEO plugin v27.0 - https:\/\/yoast.com\/product\/yoast-seo-wordpress\/ -->\n<title>VZ-41 - Ecowise<\/title>\n<meta name=\"robots\" content=\"index, follow, max-snippet:-1, max-image-preview:large, max-video-preview:-1\" \/>\n<link rel=\"canonical\" href=\"https:\/\/ecowise.lv\/en\/product\/vz-41\/\" \/>\n<meta property=\"og:locale\" content=\"en_US\" \/>\n<meta property=\"og:type\" content=\"article\" \/>\n<meta property=\"og:title\" content=\"VZ-41 - Ecowise\" \/>\n<meta property=\"og:description\" content=\"Line\u0101rais spraugas difuzors 24-56l\/s\" \/>\n<meta property=\"og:url\" content=\"https:\/\/ecowise.lv\/en\/product\/vz-41\/\" \/>\n<meta property=\"og:site_name\" content=\"Ecowise\" \/>\n<meta property=\"article:modified_time\" content=\"2024-01-08T12:54:34+00:00\" \/>\n<meta property=\"og:image\" content=\"https:\/\/ecowise.lv\/wp-content\/uploads\/2023\/08\/vz-41_productimage_webb.png\" \/>\n\t<meta property=\"og:image:width\" content=\"768\" \/>\n\t<meta property=\"og:image:height\" content=\"576\" \/>\n\t<meta property=\"og:image:type\" content=\"image\/png\" \/>\n<meta name=\"twitter:card\" content=\"summary_large_image\" \/>\n<meta name=\"twitter:label1\" content=\"Est. reading time\" \/>\n\t<meta name=\"twitter:data1\" content=\"2 minutes\" \/>\n<script type=\"application\/ld+json\" class=\"yoast-schema-graph\">{\"@context\":\"https:\/\/schema.org\",\"@graph\":[{\"@type\":\"WebPage\",\"@id\":\"https:\/\/ecowise.lv\/product\/vz-41\/\",\"url\":\"https:\/\/ecowise.lv\/product\/vz-41\/\",\"name\":\"VZ-41 - Ecowise\",\"isPartOf\":{\"@id\":\"https:\/\/ecowise.lv\/#website\"},\"primaryImageOfPage\":{\"@id\":\"https:\/\/ecowise.lv\/product\/vz-41\/#primaryimage\"},\"image\":{\"@id\":\"https:\/\/ecowise.lv\/product\/vz-41\/#primaryimage\"},\"thumbnailUrl\":\"https:\/\/ecowise.lv\/wp-content\/uploads\/2023\/08\/vz-41_productimage_webb.png\",\"datePublished\":\"2023-08-28T12:07:32+00:00\",\"dateModified\":\"2024-01-08T12:54:34+00:00\",\"breadcrumb\":{\"@id\":\"https:\/\/ecowise.lv\/product\/vz-41\/#breadcrumb\"},\"inLanguage\":\"en-US\",\"potentialAction\":[{\"@type\":\"ReadAction\",\"target\":[\"https:\/\/ecowise.lv\/product\/vz-41\/\"]}]},{\"@type\":\"ImageObject\",\"inLanguage\":\"en-US\",\"@id\":\"https:\/\/ecowise.lv\/product\/vz-41\/#primaryimage\",\"url\":\"https:\/\/ecowise.lv\/wp-content\/uploads\/2023\/08\/vz-41_productimage_webb.png\",\"contentUrl\":\"https:\/\/ecowise.lv\/wp-content\/uploads\/2023\/08\/vz-41_productimage_webb.png\",\"width\":768,\"height\":576},{\"@type\":\"BreadcrumbList\",\"@id\":\"https:\/\/ecowise.lv\/product\/vz-41\/#breadcrumb\",\"itemListElement\":[{\"@type\":\"ListItem\",\"position\":1,\"name\":\"Products\",\"item\":\"https:\/\/ecowise.lv\/shop\/\"},{\"@type\":\"ListItem\",\"position\":2,\"name\":\"VZ-41\"}]},{\"@type\":\"WebSite\",\"@id\":\"https:\/\/ecowise.lv\/#website\",\"url\":\"https:\/\/ecowise.lv\/\",\"name\":\"Ecowise\",\"description\":\"Ener\u0123ijas pat\u0113ri\u0146a samazin\u0101jums\",\"publisher\":{\"@id\":\"https:\/\/ecowise.lv\/#organization\"},\"potentialAction\":[{\"@type\":\"SearchAction\",\"target\":{\"@type\":\"EntryPoint\",\"urlTemplate\":\"https:\/\/ecowise.lv\/?s={search_term_string}\"},\"query-input\":{\"@type\":\"PropertyValueSpecification\",\"valueRequired\":true,\"valueName\":\"search_term_string\"}}],\"inLanguage\":\"en-US\"},{\"@type\":\"Organization\",\"@id\":\"https:\/\/ecowise.lv\/#organization\",\"name\":\"Ecowise\",\"url\":\"https:\/\/ecowise.lv\/\",\"logo\":{\"@type\":\"ImageObject\",\"inLanguage\":\"en-US\",\"@id\":\"https:\/\/ecowise.lv\/#\/schema\/logo\/image\/\",\"url\":\"https:\/\/ecowise.lv\/wp-content\/uploads\/2023\/03\/logo.svg\",\"contentUrl\":\"https:\/\/ecowise.lv\/wp-content\/uploads\/2023\/03\/logo.svg\",\"width\":207,\"height\":27,\"caption\":\"Ecowise\"},\"image\":{\"@id\":\"https:\/\/ecowise.lv\/#\/schema\/logo\/image\/\"}}]}<\/script>\n<!-- \/ Yoast SEO plugin. -->","yoast_head_json":{"title":"VZ-41 - Ecowise","robots":{"index":"index","follow":"follow","max-snippet":"max-snippet:-1","max-image-preview":"max-image-preview:large","max-video-preview":"max-video-preview:-1"},"canonical":"https:\/\/ecowise.lv\/en\/product\/vz-41\/","og_locale":"en_US","og_type":"article","og_title":"VZ-41 - Ecowise","og_description":"Line\u0101rais spraugas difuzors 24-56l\/s","og_url":"https:\/\/ecowise.lv\/en\/product\/vz-41\/","og_site_name":"Ecowise","article_modified_time":"2024-01-08T12:54:34+00:00","og_image":[{"width":768,"height":576,"url":"https:\/\/ecowise.lv\/wp-content\/uploads\/2023\/08\/vz-41_productimage_webb.png","type":"image\/png"}],"twitter_card":"summary_large_image","twitter_misc":{"Est. reading time":"2 minutes"},"schema":{"@context":"https:\/\/schema.org","@graph":[{"@type":"WebPage","@id":"https:\/\/ecowise.lv\/product\/vz-41\/","url":"https:\/\/ecowise.lv\/product\/vz-41\/","name":"VZ-41 - Ecowise","isPartOf":{"@id":"https:\/\/ecowise.lv\/#website"},"primaryImageOfPage":{"@id":"https:\/\/ecowise.lv\/product\/vz-41\/#primaryimage"},"image":{"@id":"https:\/\/ecowise.lv\/product\/vz-41\/#primaryimage"},"thumbnailUrl":"https:\/\/ecowise.lv\/wp-content\/uploads\/2023\/08\/vz-41_productimage_webb.png","datePublished":"2023-08-28T12:07:32+00:00","dateModified":"2024-01-08T12:54:34+00:00","breadcrumb":{"@id":"https:\/\/ecowise.lv\/product\/vz-41\/#breadcrumb"},"inLanguage":"en-US","potentialAction":[{"@type":"ReadAction","target":["https:\/\/ecowise.lv\/product\/vz-41\/"]}]},{"@type":"ImageObject","inLanguage":"en-US","@id":"https:\/\/ecowise.lv\/product\/vz-41\/#primaryimage","url":"https:\/\/ecowise.lv\/wp-content\/uploads\/2023\/08\/vz-41_productimage_webb.png","contentUrl":"https:\/\/ecowise.lv\/wp-content\/uploads\/2023\/08\/vz-41_productimage_webb.png","width":768,"height":576},{"@type":"BreadcrumbList","@id":"https:\/\/ecowise.lv\/product\/vz-41\/#breadcrumb","itemListElement":[{"@type":"ListItem","position":1,"name":"Products","item":"https:\/\/ecowise.lv\/shop\/"},{"@type":"ListItem","position":2,"name":"VZ-41"}]},{"@type":"WebSite","@id":"https:\/\/ecowise.lv\/#website","url":"https:\/\/ecowise.lv\/","name":"Ecowise","description":"Ener\u0123ijas pat\u0113ri\u0146a samazin\u0101jums","publisher":{"@id":"https:\/\/ecowise.lv\/#organization"},"potentialAction":[{"@type":"SearchAction","target":{"@type":"EntryPoint","urlTemplate":"https:\/\/ecowise.lv\/?s={search_term_string}"},"query-input":{"@type":"PropertyValueSpecification","valueRequired":true,"valueName":"search_term_string"}}],"inLanguage":"en-US"},{"@type":"Organization","@id":"https:\/\/ecowise.lv\/#organization","name":"Ecowise","url":"https:\/\/ecowise.lv\/","logo":{"@type":"ImageObject","inLanguage":"en-US","@id":"https:\/\/ecowise.lv\/#\/schema\/logo\/image\/","url":"https:\/\/ecowise.lv\/wp-content\/uploads\/2023\/03\/logo.svg","contentUrl":"https:\/\/ecowise.lv\/wp-content\/uploads\/2023\/03\/logo.svg","width":207,"height":27,"caption":"Ecowise"},"image":{"@id":"https:\/\/ecowise.lv\/#\/schema\/logo\/image\/"}}]}},"_links":{"self":[{"href":"https:\/\/ecowise.lv\/en\/wp-json\/wp\/v2\/product\/1925","targetHints":{"allow":["GET"]}}],"collection":[{"href":"https:\/\/ecowise.lv\/en\/wp-json\/wp\/v2\/product"}],"about":[{"href":"https:\/\/ecowise.lv\/en\/wp-json\/wp\/v2\/types\/product"}],"wp:featuredmedia":[{"embeddable":true,"href":"https:\/\/ecowise.lv\/en\/wp-json\/wp\/v2\/media\/1926"}],"wp:attachment":[{"href":"https:\/\/ecowise.lv\/en\/wp-json\/wp\/v2\/media?parent=1925"}],"wp:term":[{"taxonomy":"product_brand","embeddable":true,"href":"https:\/\/ecowise.lv\/en\/wp-json\/wp\/v2\/product_brand?post=1925"},{"taxonomy":"product_cat","embeddable":true,"href":"https:\/\/ecowise.lv\/en\/wp-json\/wp\/v2\/product_cat?post=1925"},{"taxonomy":"product_tag","embeddable":true,"href":"https:\/\/ecowise.lv\/en\/wp-json\/wp\/v2\/product_tag?post=1925"}],"curies":[{"name":"wp","href":"https:\/\/api.w.org\/{rel}","templated":true}]}}