{"id":1891,"date":"2023-08-28T12:08:46","date_gmt":"2023-08-28T09:08:46","guid":{"rendered":"https:\/\/ecowise.lv\/?post_type=product&#038;p=1891"},"modified":"2024-02-05T12:28:07","modified_gmt":"2024-02-05T10:28:07","slug":"swan-swan-wtw","status":"publish","type":"product","link":"https:\/\/ecowise.lv\/en\/product\/swan-swan-wtw\/","title":{"rendered":"SWAN\/SWAN WTW"},"content":{"rendered":"<div class=\"product-description\">\n<div class=\"product-description\">\n<h3>Linear slot air diffuser for ceilings. Available as standard modules or wall-to-wall design.<\/h3>\n<ul>\n<li>Modular length, 1200 mm<\/li>\n<li>Available as Wall-to-wall mounting version<\/li>\n<li>Lightweight aluminium construction<\/li>\n<li>Two, three or four slots<\/li>\n<li>Horizontal\/vertical air distribution<\/li>\n<li>Telescopic installation<\/li>\n<li>Mitred corner modules<\/li>\n<li>White-painted or natural anodized diffuser parts<\/li>\n<li>Adjustable white or black deflectors, ABS plastic<\/li>\n<li>Commissioning box<\/li>\n<li>Removable damper<\/li>\n<li>Standard colour White RAL 9003\n<ul>\n<li>5 alternative standard colours<\/li>\n<li>Other colours upon request<\/li>\n<\/ul>\n<\/li>\n<\/ul>\n<\/div>\n<\/div>\n<p>&nbsp;<\/p>\n<table>\n<tbody>\n<tr>\n<td class=\"bold v-align-bottom h-align-center\" colspan=\"7\"><strong>AIR FLOW - SOUND PRESSURE ROOM (Lp10A) *)<\/strong><\/td>\n<\/tr>\n<tr>\n<td class=\"bold v-align-middle h-align-left\" rowspan=\"2\"><strong>SWAN\/SWAN WTW<\/strong><br \/>\n<strong>Size<\/strong><\/td>\n<td class=\"bold v-align-middle h-align-center\" colspan=\"2\"><strong>25 dB(A)<\/strong><\/td>\n<td class=\"bold v-align-middle h-align-center\" colspan=\"2\"><strong>30 dB(A)<\/strong><\/td>\n<td class=\"bold v-align-middle h-align-center\" colspan=\"2\"><strong>35 dB(A)<\/strong><\/td>\n<\/tr>\n<tr>\n<td class=\"bold v-align-middle h-align-center\"><strong>l\/s<\/strong><\/td>\n<td class=\"bold v-align-middle h-align-center\"><strong>m3\/h<\/strong><\/td>\n<td class=\"bold v-align-middle h-align-center\"><strong>l\/s<\/strong><\/td>\n<td class=\"bold v-align-middle h-align-center\"><strong>m3\/h<\/strong><\/td>\n<td class=\"bold v-align-middle h-align-center\"><strong>l\/s<\/strong><\/td>\n<td class=\"bold v-align-middle h-align-center\"><strong>m3\/h<\/strong><\/td>\n<\/tr>\n<tr>\n<td class=\"v-align-middle\">2-1200-160<\/td>\n<td class=\"v-align-middle h-align-left\">66<\/td>\n<td class=\"v-align-middle h-align-left\">238<\/td>\n<td class=\"v-align-middle h-align-left\">79<\/td>\n<td class=\"v-align-middle h-align-left\">284<\/td>\n<td class=\"v-align-middle h-align-left\">95<\/td>\n<td class=\"v-align-middle h-align-left\">342<\/td>\n<\/tr>\n<tr>\n<td class=\"v-align-middle\">2-1200-200<\/td>\n<td class=\"v-align-middle h-align-left\">77<\/td>\n<td class=\"v-align-middle h-align-left\">277<\/td>\n<td class=\"v-align-middle h-align-left\">92<\/td>\n<td class=\"v-align-middle h-align-left\">331<\/td>\n<td class=\"v-align-middle h-align-left\">112<\/td>\n<td class=\"v-align-middle h-align-left\">403<\/td>\n<\/tr>\n<tr>\n<td class=\"v-align-middle\">2-1200-250<\/td>\n<td class=\"v-align-middle h-align-left\">81<\/td>\n<td class=\"v-align-middle h-align-left\">292<\/td>\n<td class=\"v-align-middle h-align-left\">96<\/td>\n<td class=\"v-align-middle h-align-left\">346<\/td>\n<td class=\"v-align-middle h-align-left\">121<\/td>\n<td class=\"v-align-middle h-align-left\">436<\/td>\n<\/tr>\n<tr>\n<td class=\"v-align-middle\">3-1200-160<\/td>\n<td class=\"v-align-middle h-align-left\">74<\/td>\n<td class=\"v-align-middle h-align-left\">266<\/td>\n<td class=\"v-align-middle h-align-left\">88<\/td>\n<td class=\"v-align-middle h-align-left\">317<\/td>\n<td class=\"v-align-middle h-align-left\">105<\/td>\n<td class=\"v-align-middle h-align-left\">378<\/td>\n<\/tr>\n<tr>\n<td class=\"v-align-middle\">3-1200-200<\/td>\n<td class=\"v-align-middle h-align-left\">99<\/td>\n<td class=\"v-align-middle h-align-left\">356<\/td>\n<td class=\"v-align-middle h-align-left\">117<\/td>\n<td class=\"v-align-middle h-align-left\">421<\/td>\n<td class=\"v-align-middle h-align-left\">139<\/td>\n<td class=\"v-align-middle h-align-left\">500<\/td>\n<\/tr>\n<tr>\n<td class=\"v-align-middle\">3-1200-250<\/td>\n<td class=\"v-align-middle h-align-left\">109<\/td>\n<td class=\"v-align-middle h-align-left\">392<\/td>\n<td class=\"v-align-middle h-align-left\">130<\/td>\n<td class=\"v-align-middle h-align-left\">468<\/td>\n<td class=\"v-align-middle h-align-left\">156<\/td>\n<td class=\"v-align-middle h-align-left\">562<\/td>\n<\/tr>\n<tr>\n<td class=\"v-align-middle\">4-1200-160<\/td>\n<td class=\"v-align-middle h-align-left\">81<\/td>\n<td class=\"v-align-middle h-align-left\">292<\/td>\n<td class=\"v-align-middle h-align-left\">94<\/td>\n<td class=\"v-align-middle h-align-left\">338<\/td>\n<td class=\"v-align-middle h-align-left\">108<\/td>\n<td class=\"v-align-middle h-align-left\">389<\/td>\n<\/tr>\n<tr>\n<td class=\"v-align-middle\">4-1200-200<\/td>\n<td class=\"v-align-middle h-align-left\">109<\/td>\n<td class=\"v-align-middle h-align-left\">392<\/td>\n<td class=\"v-align-middle h-align-left\">128<\/td>\n<td class=\"v-align-middle h-align-left\">461<\/td>\n<td class=\"v-align-middle h-align-left\">150<\/td>\n<td class=\"v-align-middle h-align-left\">540<\/td>\n<\/tr>\n<tr>\n<td class=\"v-align-middle\">4-1200-250<\/td>\n<td class=\"v-align-middle h-align-left\">131<\/td>\n<td class=\"v-align-middle h-align-left\">472<\/td>\n<td class=\"v-align-middle h-align-left\">157<\/td>\n<td class=\"v-align-middle h-align-left\">565<\/td>\n<td class=\"v-align-middle h-align-left\">188<\/td>\n<td class=\"v-align-middle h-align-left\">677<\/td>\n<\/tr>\n<tr>\n<td class=\"v-align-middle\" colspan=\"7\">Dati uzr\u0101d\u012bti par atv\u0113rtu aizb\u012bdni. Izstr\u0101d\u0101juma pilna darba zona spiediena, pl\u016bsmas un ska\u0146as izteiksm\u0113 ir redzama izm\u0113ru diagramm\u0101s.<\/p>\n<p>*) Lp10A = ska\u0146as spiediens t.sk. A-filtrs ar 4 dB telpas v\u0101jin\u0101jumu un 10 m2 telpas absorbcijas laukumu.<\/td>\n<\/tr>\n<\/tbody>\n<\/table>","protected":false},"excerpt":{"rendered":"<h4>Supply Diffuser<\/h4>\n<h4>\u2205160, 200, 250<\/h4>","protected":false},"featured_media":1892,"template":"","meta":{"_acf_changed":false,"inline_featured_image":false,"_links_to":"","_links_to_target":""},"product_brand":[],"product_cat":[60],"product_tag":[],"class_list":{"0":"post-1891","1":"product","2":"type-product","3":"status-publish","4":"has-post-thumbnail","6":"product_cat-griestu-difuzori","8":"first","9":"instock","10":"featured","11":"shipping-taxable","12":"product-type-simple"},"acf":[],"yoast_head":"<!-- This site is optimized with the Yoast SEO plugin v27.0 - https:\/\/yoast.com\/product\/yoast-seo-wordpress\/ -->\n<title>SWAN\/SWAN WTW - Ecowise<\/title>\n<meta name=\"robots\" content=\"index, follow, max-snippet:-1, max-image-preview:large, max-video-preview:-1\" \/>\n<link rel=\"canonical\" href=\"https:\/\/ecowise.lv\/en\/product\/swan-swan-wtw\/\" \/>\n<meta property=\"og:locale\" content=\"en_US\" \/>\n<meta property=\"og:type\" content=\"article\" \/>\n<meta property=\"og:title\" content=\"SWAN\/SWAN WTW - Ecowise\" \/>\n<meta property=\"og:description\" content=\"Piepl\u016bdes difuzors \u2205160, 200, 250\" \/>\n<meta property=\"og:url\" content=\"https:\/\/ecowise.lv\/en\/product\/swan-swan-wtw\/\" \/>\n<meta property=\"og:site_name\" content=\"Ecowise\" \/>\n<meta property=\"article:modified_time\" content=\"2024-02-05T10:28:07+00:00\" \/>\n<meta property=\"og:image\" content=\"https:\/\/ecowise.lv\/wp-content\/uploads\/2023\/08\/swan-productimage.jpg\" \/>\n\t<meta property=\"og:image:width\" content=\"768\" \/>\n\t<meta property=\"og:image:height\" content=\"576\" \/>\n\t<meta property=\"og:image:type\" content=\"image\/jpeg\" \/>\n<meta name=\"twitter:card\" content=\"summary_large_image\" \/>\n<meta name=\"twitter:label1\" content=\"Est. reading time\" \/>\n\t<meta name=\"twitter:data1\" content=\"2 minutes\" \/>\n<script type=\"application\/ld+json\" class=\"yoast-schema-graph\">{\"@context\":\"https:\/\/schema.org\",\"@graph\":[{\"@type\":\"WebPage\",\"@id\":\"https:\/\/ecowise.lv\/product\/swan-swan-wtw\/\",\"url\":\"https:\/\/ecowise.lv\/product\/swan-swan-wtw\/\",\"name\":\"SWAN\/SWAN WTW - Ecowise\",\"isPartOf\":{\"@id\":\"https:\/\/ecowise.lv\/#website\"},\"primaryImageOfPage\":{\"@id\":\"https:\/\/ecowise.lv\/product\/swan-swan-wtw\/#primaryimage\"},\"image\":{\"@id\":\"https:\/\/ecowise.lv\/product\/swan-swan-wtw\/#primaryimage\"},\"thumbnailUrl\":\"https:\/\/ecowise.lv\/wp-content\/uploads\/2023\/08\/swan-productimage.jpg\",\"datePublished\":\"2023-08-28T09:08:46+00:00\",\"dateModified\":\"2024-02-05T10:28:07+00:00\",\"breadcrumb\":{\"@id\":\"https:\/\/ecowise.lv\/product\/swan-swan-wtw\/#breadcrumb\"},\"inLanguage\":\"en-US\",\"potentialAction\":[{\"@type\":\"ReadAction\",\"target\":[\"https:\/\/ecowise.lv\/product\/swan-swan-wtw\/\"]}]},{\"@type\":\"ImageObject\",\"inLanguage\":\"en-US\",\"@id\":\"https:\/\/ecowise.lv\/product\/swan-swan-wtw\/#primaryimage\",\"url\":\"https:\/\/ecowise.lv\/wp-content\/uploads\/2023\/08\/swan-productimage.jpg\",\"contentUrl\":\"https:\/\/ecowise.lv\/wp-content\/uploads\/2023\/08\/swan-productimage.jpg\",\"width\":768,\"height\":576},{\"@type\":\"BreadcrumbList\",\"@id\":\"https:\/\/ecowise.lv\/product\/swan-swan-wtw\/#breadcrumb\",\"itemListElement\":[{\"@type\":\"ListItem\",\"position\":1,\"name\":\"Products\",\"item\":\"https:\/\/ecowise.lv\/shop\/\"},{\"@type\":\"ListItem\",\"position\":2,\"name\":\"SWAN\/SWAN WTW\"}]},{\"@type\":\"WebSite\",\"@id\":\"https:\/\/ecowise.lv\/#website\",\"url\":\"https:\/\/ecowise.lv\/\",\"name\":\"Ecowise\",\"description\":\"Ener\u0123ijas pat\u0113ri\u0146a samazin\u0101jums\",\"publisher\":{\"@id\":\"https:\/\/ecowise.lv\/#organization\"},\"potentialAction\":[{\"@type\":\"SearchAction\",\"target\":{\"@type\":\"EntryPoint\",\"urlTemplate\":\"https:\/\/ecowise.lv\/?s={search_term_string}\"},\"query-input\":{\"@type\":\"PropertyValueSpecification\",\"valueRequired\":true,\"valueName\":\"search_term_string\"}}],\"inLanguage\":\"en-US\"},{\"@type\":\"Organization\",\"@id\":\"https:\/\/ecowise.lv\/#organization\",\"name\":\"Ecowise\",\"url\":\"https:\/\/ecowise.lv\/\",\"logo\":{\"@type\":\"ImageObject\",\"inLanguage\":\"en-US\",\"@id\":\"https:\/\/ecowise.lv\/#\/schema\/logo\/image\/\",\"url\":\"https:\/\/ecowise.lv\/wp-content\/uploads\/2023\/03\/logo.svg\",\"contentUrl\":\"https:\/\/ecowise.lv\/wp-content\/uploads\/2023\/03\/logo.svg\",\"width\":207,\"height\":27,\"caption\":\"Ecowise\"},\"image\":{\"@id\":\"https:\/\/ecowise.lv\/#\/schema\/logo\/image\/\"}}]}<\/script>\n<!-- \/ Yoast SEO plugin. -->","yoast_head_json":{"title":"SWAN\/SWAN WTW - Ecowise","robots":{"index":"index","follow":"follow","max-snippet":"max-snippet:-1","max-image-preview":"max-image-preview:large","max-video-preview":"max-video-preview:-1"},"canonical":"https:\/\/ecowise.lv\/en\/product\/swan-swan-wtw\/","og_locale":"en_US","og_type":"article","og_title":"SWAN\/SWAN WTW - Ecowise","og_description":"Piepl\u016bdes difuzors \u2205160, 200, 250","og_url":"https:\/\/ecowise.lv\/en\/product\/swan-swan-wtw\/","og_site_name":"Ecowise","article_modified_time":"2024-02-05T10:28:07+00:00","og_image":[{"width":768,"height":576,"url":"https:\/\/ecowise.lv\/wp-content\/uploads\/2023\/08\/swan-productimage.jpg","type":"image\/jpeg"}],"twitter_card":"summary_large_image","twitter_misc":{"Est. reading time":"2 minutes"},"schema":{"@context":"https:\/\/schema.org","@graph":[{"@type":"WebPage","@id":"https:\/\/ecowise.lv\/product\/swan-swan-wtw\/","url":"https:\/\/ecowise.lv\/product\/swan-swan-wtw\/","name":"SWAN\/SWAN WTW - Ecowise","isPartOf":{"@id":"https:\/\/ecowise.lv\/#website"},"primaryImageOfPage":{"@id":"https:\/\/ecowise.lv\/product\/swan-swan-wtw\/#primaryimage"},"image":{"@id":"https:\/\/ecowise.lv\/product\/swan-swan-wtw\/#primaryimage"},"thumbnailUrl":"https:\/\/ecowise.lv\/wp-content\/uploads\/2023\/08\/swan-productimage.jpg","datePublished":"2023-08-28T09:08:46+00:00","dateModified":"2024-02-05T10:28:07+00:00","breadcrumb":{"@id":"https:\/\/ecowise.lv\/product\/swan-swan-wtw\/#breadcrumb"},"inLanguage":"en-US","potentialAction":[{"@type":"ReadAction","target":["https:\/\/ecowise.lv\/product\/swan-swan-wtw\/"]}]},{"@type":"ImageObject","inLanguage":"en-US","@id":"https:\/\/ecowise.lv\/product\/swan-swan-wtw\/#primaryimage","url":"https:\/\/ecowise.lv\/wp-content\/uploads\/2023\/08\/swan-productimage.jpg","contentUrl":"https:\/\/ecowise.lv\/wp-content\/uploads\/2023\/08\/swan-productimage.jpg","width":768,"height":576},{"@type":"BreadcrumbList","@id":"https:\/\/ecowise.lv\/product\/swan-swan-wtw\/#breadcrumb","itemListElement":[{"@type":"ListItem","position":1,"name":"Products","item":"https:\/\/ecowise.lv\/shop\/"},{"@type":"ListItem","position":2,"name":"SWAN\/SWAN WTW"}]},{"@type":"WebSite","@id":"https:\/\/ecowise.lv\/#website","url":"https:\/\/ecowise.lv\/","name":"Ecowise","description":"Ener\u0123ijas pat\u0113ri\u0146a samazin\u0101jums","publisher":{"@id":"https:\/\/ecowise.lv\/#organization"},"potentialAction":[{"@type":"SearchAction","target":{"@type":"EntryPoint","urlTemplate":"https:\/\/ecowise.lv\/?s={search_term_string}"},"query-input":{"@type":"PropertyValueSpecification","valueRequired":true,"valueName":"search_term_string"}}],"inLanguage":"en-US"},{"@type":"Organization","@id":"https:\/\/ecowise.lv\/#organization","name":"Ecowise","url":"https:\/\/ecowise.lv\/","logo":{"@type":"ImageObject","inLanguage":"en-US","@id":"https:\/\/ecowise.lv\/#\/schema\/logo\/image\/","url":"https:\/\/ecowise.lv\/wp-content\/uploads\/2023\/03\/logo.svg","contentUrl":"https:\/\/ecowise.lv\/wp-content\/uploads\/2023\/03\/logo.svg","width":207,"height":27,"caption":"Ecowise"},"image":{"@id":"https:\/\/ecowise.lv\/#\/schema\/logo\/image\/"}}]}},"_links":{"self":[{"href":"https:\/\/ecowise.lv\/en\/wp-json\/wp\/v2\/product\/1891","targetHints":{"allow":["GET"]}}],"collection":[{"href":"https:\/\/ecowise.lv\/en\/wp-json\/wp\/v2\/product"}],"about":[{"href":"https:\/\/ecowise.lv\/en\/wp-json\/wp\/v2\/types\/product"}],"wp:featuredmedia":[{"embeddable":true,"href":"https:\/\/ecowise.lv\/en\/wp-json\/wp\/v2\/media\/1892"}],"wp:attachment":[{"href":"https:\/\/ecowise.lv\/en\/wp-json\/wp\/v2\/media?parent=1891"}],"wp:term":[{"taxonomy":"product_brand","embeddable":true,"href":"https:\/\/ecowise.lv\/en\/wp-json\/wp\/v2\/product_brand?post=1891"},{"taxonomy":"product_cat","embeddable":true,"href":"https:\/\/ecowise.lv\/en\/wp-json\/wp\/v2\/product_cat?post=1891"},{"taxonomy":"product_tag","embeddable":true,"href":"https:\/\/ecowise.lv\/en\/wp-json\/wp\/v2\/product_tag?post=1891"}],"curies":[{"name":"wp","href":"https:\/\/api.w.org\/{rel}","templated":true}]}}