{"id":1883,"date":"2023-08-28T11:48:17","date_gmt":"2023-08-28T08:48:17","guid":{"rendered":"https:\/\/ecowise.lv\/?post_type=product&#038;p=1883"},"modified":"2024-02-05T12:49:03","modified_gmt":"2024-02-05T10:49:03","slug":"sry-2","status":"publish","type":"product","link":"https:\/\/ecowise.lv\/en\/product\/sry-2\/","title":{"rendered":"SRY"},"content":{"rendered":"<div class=\"product-description\">\n<div class=\"product-description\">\n<h3>Linear nozzle diffuser for supply air<\/h3>\n<ul>\n<li>100% flexible spread pattern<\/li>\n<li>Provision for vertical air diffusion<\/li>\n<li>Facility for simultaneous vertical\/horizontal spread<\/li>\n<li>Large induction effect<\/li>\n<li>Possibility to join together into long lengths, so-called wall-to-wall installation<\/li>\n<li>Measurement and adjustment function<\/li>\n<li>Removable damper<\/li>\n<li>Standard colour White RAL 9003\n<ul>\n<li>5 alternative standard colours<\/li>\n<li>Other colours upon request<\/li>\n<\/ul>\n<\/li>\n<\/ul>\n<\/div>\n<\/div>\n<p>&nbsp;<\/p>\n<table style=\"height: 563px;\" width=\"804\">\n<tbody>\n<tr>\n<td class=\"bold v-align-bottom h-align-center\" colspan=\"7\">\n<div class=\"gtx-body\"><strong>AIR FLOW - SOUND PRESSURE ROOM (Lp10A) *)<\/strong><\/div>\n<\/td>\n<\/tr>\n<tr>\n<td class=\"bold v-align-bottom\" rowspan=\"2\"><strong>SRY<\/strong><br \/>\n<strong>Size<\/strong><\/td>\n<td class=\"bold v-align-bottom\" colspan=\"2\"><strong>25 dB(A)<\/strong><\/td>\n<td class=\"bold v-align-bottom\" colspan=\"2\"><strong>30 dB(A)<\/strong><\/td>\n<td class=\"bold v-align-bottom\" colspan=\"2\"><strong>35 dB(A)<\/strong><\/td>\n<\/tr>\n<tr>\n<td class=\"bold v-align-bottom\"><strong>l\/s<\/strong><\/td>\n<td class=\"bold v-align-bottom\"><strong>m3\/h<\/strong><\/td>\n<td class=\"bold v-align-bottom\"><strong>l\/s<\/strong><\/td>\n<td class=\"bold v-align-bottom\"><strong>m3\/h<\/strong><\/td>\n<td class=\"bold v-align-bottom\"><strong>l\/s<\/strong><\/td>\n<td class=\"bold v-align-bottom\"><strong>m3\/h<\/strong><\/td>\n<\/tr>\n<tr>\n<td class=\"v-align-bottom\">1-900-1<\/td>\n<td class=\"v-align-bottom h-align-left\">25<\/td>\n<td class=\"v-align-bottom h-align-left\">90<\/td>\n<td class=\"v-align-bottom h-align-left\">30<\/td>\n<td class=\"v-align-bottom h-align-left\">108<\/td>\n<td class=\"v-align-bottom h-align-left\">35<\/td>\n<td class=\"v-align-bottom h-align-left\">126<\/td>\n<\/tr>\n<tr>\n<td class=\"v-align-bottom\">2-900-1<\/td>\n<td class=\"v-align-bottom h-align-left\">38<\/td>\n<td class=\"v-align-bottom h-align-left\">137<\/td>\n<td class=\"v-align-bottom h-align-left\">45<\/td>\n<td class=\"v-align-bottom h-align-left\">162<\/td>\n<td class=\"v-align-bottom h-align-left\">55<\/td>\n<td class=\"v-align-bottom h-align-left\">198<\/td>\n<\/tr>\n<tr>\n<td class=\"v-align-bottom\">3-900-1<\/td>\n<td class=\"v-align-bottom h-align-left\">53<\/td>\n<td class=\"v-align-bottom h-align-left\">191<\/td>\n<td class=\"v-align-bottom h-align-left\">63<\/td>\n<td class=\"v-align-bottom h-align-left\">227<\/td>\n<td class=\"v-align-bottom h-align-left\">76<\/td>\n<td class=\"v-align-bottom h-align-left\">274<\/td>\n<\/tr>\n<tr>\n<td class=\"v-align-bottom\">4-900-1<\/td>\n<td class=\"v-align-bottom h-align-left\">68<\/td>\n<td class=\"v-align-bottom h-align-left\">245<\/td>\n<td class=\"v-align-bottom h-align-left\">80<\/td>\n<td class=\"v-align-bottom h-align-left\">288<\/td>\n<td class=\"v-align-bottom h-align-left\">95<\/td>\n<td class=\"v-align-bottom h-align-left\">342<\/td>\n<\/tr>\n<tr>\n<td class=\"v-align-bottom\">1-1200-1<\/td>\n<td class=\"v-align-bottom h-align-left\">27<\/td>\n<td class=\"v-align-bottom h-align-left\">97<\/td>\n<td class=\"v-align-bottom h-align-left\">33<\/td>\n<td class=\"v-align-bottom h-align-left\">119<\/td>\n<td class=\"v-align-bottom h-align-left\">38<\/td>\n<td class=\"v-align-bottom h-align-left\">137<\/td>\n<\/tr>\n<tr>\n<td class=\"v-align-bottom\">2-1200-2<\/td>\n<td class=\"v-align-bottom h-align-left\">62<\/td>\n<td class=\"v-align-bottom h-align-left\">223<\/td>\n<td class=\"v-align-bottom h-align-left\">72<\/td>\n<td class=\"v-align-bottom h-align-left\">259<\/td>\n<td class=\"v-align-bottom h-align-left\">86<\/td>\n<td class=\"v-align-bottom h-align-left\">310<\/td>\n<\/tr>\n<tr>\n<td class=\"v-align-bottom\">3-1200-2<\/td>\n<td class=\"v-align-bottom h-align-left\">82<\/td>\n<td class=\"v-align-bottom h-align-left\">295<\/td>\n<td class=\"v-align-bottom h-align-left\">97<\/td>\n<td class=\"v-align-bottom h-align-left\">349<\/td>\n<td class=\"v-align-bottom h-align-left\">112<\/td>\n<td class=\"v-align-bottom h-align-left\">403<\/td>\n<\/tr>\n<tr>\n<td class=\"v-align-bottom\">4-1200-2<\/td>\n<td class=\"v-align-bottom h-align-left\">105<\/td>\n<td class=\"v-align-bottom h-align-left\">378<\/td>\n<td class=\"v-align-bottom h-align-left\">130<\/td>\n<td class=\"v-align-bottom h-align-left\">468<\/td>\n<td class=\"v-align-bottom h-align-left\">150<\/td>\n<td class=\"v-align-bottom h-align-left\">540<\/td>\n<\/tr>\n<tr>\n<td class=\"v-align-bottom\">1-1500-2<\/td>\n<td class=\"v-align-bottom h-align-left\">43<\/td>\n<td class=\"v-align-bottom h-align-left\">155<\/td>\n<td class=\"v-align-bottom h-align-left\">50<\/td>\n<td class=\"v-align-bottom h-align-left\">180<\/td>\n<td class=\"v-align-bottom h-align-left\">60<\/td>\n<td class=\"v-align-bottom h-align-left\">216<\/td>\n<\/tr>\n<tr>\n<td class=\"v-align-bottom\">2-1500-2<\/td>\n<td class=\"v-align-bottom h-align-left\">70<\/td>\n<td class=\"v-align-bottom h-align-left\">252<\/td>\n<td class=\"v-align-bottom h-align-left\">85<\/td>\n<td class=\"v-align-bottom h-align-left\">306<\/td>\n<td class=\"v-align-bottom h-align-left\">100<\/td>\n<td class=\"v-align-bottom h-align-left\">360<\/td>\n<\/tr>\n<tr>\n<td class=\"v-align-bottom\">3-1500-2<\/td>\n<td class=\"v-align-bottom h-align-left\">98<\/td>\n<td class=\"v-align-bottom h-align-left\">353<\/td>\n<td class=\"v-align-bottom h-align-left\">115<\/td>\n<td class=\"v-align-bottom h-align-left\">414<\/td>\n<td class=\"v-align-bottom h-align-left\">140<\/td>\n<td class=\"v-align-bottom h-align-left\">504<\/td>\n<\/tr>\n<tr>\n<td class=\"v-align-bottom\">4-1500-2<\/td>\n<td class=\"v-align-bottom h-align-left\">125<\/td>\n<td class=\"v-align-bottom h-align-left\">450<\/td>\n<td class=\"v-align-bottom h-align-left\">145<\/td>\n<td class=\"v-align-bottom h-align-left\">522<\/td>\n<td class=\"v-align-bottom h-align-left\">170<\/td>\n<td class=\"v-align-bottom h-align-left\">612<\/td>\n<\/tr>\n<tr>\n<td class=\"v-align-bottom\">1-1800-2<\/td>\n<td class=\"v-align-bottom h-align-left\">45<\/td>\n<td class=\"v-align-bottom h-align-left\">162<\/td>\n<td class=\"v-align-bottom h-align-left\">55<\/td>\n<td class=\"v-align-bottom h-align-left\">198<\/td>\n<td class=\"v-align-bottom h-align-left\">65<\/td>\n<td class=\"v-align-bottom h-align-left\">234<\/td>\n<\/tr>\n<tr>\n<td class=\"v-align-bottom\">2-1800-2<\/td>\n<td class=\"v-align-bottom h-align-left\">75<\/td>\n<td class=\"v-align-bottom h-align-left\">270<\/td>\n<td class=\"v-align-bottom h-align-left\">90<\/td>\n<td class=\"v-align-bottom h-align-left\">324<\/td>\n<td class=\"v-align-bottom h-align-left\">105<\/td>\n<td class=\"v-align-bottom h-align-left\">378<\/td>\n<\/tr>\n<tr>\n<td class=\"v-align-bottom\">3-1800-2<\/td>\n<td class=\"v-align-bottom h-align-left\">110<\/td>\n<td class=\"v-align-bottom h-align-left\">396<\/td>\n<td class=\"v-align-bottom h-align-left\">130<\/td>\n<td class=\"v-align-bottom h-align-left\">468<\/td>\n<td class=\"v-align-bottom h-align-left\">150<\/td>\n<td class=\"v-align-bottom h-align-left\">540<\/td>\n<\/tr>\n<tr>\n<td class=\"v-align-bottom\">4-1800-3<\/td>\n<td class=\"v-align-bottom h-align-left\">145<\/td>\n<td class=\"v-align-bottom h-align-left\">522<\/td>\n<td class=\"v-align-bottom h-align-left\">175<\/td>\n<td class=\"v-align-bottom h-align-left\">630<\/td>\n<td class=\"v-align-bottom h-align-left\">205<\/td>\n<td class=\"v-align-bottom h-align-left\">738<\/td>\n<\/tr>\n<tr>\n<td class=\"v-align-bottom\" colspan=\"7\">Dati attiecas uz piln\u012bb\u0101 atv\u0113rtu aizb\u012bdni.<\/p>\n<p>*) Lp10A = ska\u0146as spiediens t.sk. A-filtrs ar 4 dB telpas v\u0101jin\u0101jumu un 10 m\u00b2 telpas absorbcijas laukumu.<\/td>\n<\/tr>\n<\/tbody>\n<\/table>","protected":false},"excerpt":{"rendered":"<h4>Supply Diffuser<\/h4>\n<h4>\u2205125-400<\/h4>","protected":false},"featured_media":1884,"template":"","meta":{"_acf_changed":false,"inline_featured_image":false,"_links_to":"","_links_to_target":""},"product_brand":[],"product_cat":[60],"product_tag":[],"class_list":{"0":"post-1883","1":"product","2":"type-product","3":"status-publish","4":"has-post-thumbnail","6":"product_cat-griestu-difuzori","8":"first","9":"instock","10":"featured","11":"shipping-taxable","12":"product-type-simple"},"acf":[],"yoast_head":"<!-- This site is optimized with the Yoast SEO plugin v27.0 - https:\/\/yoast.com\/product\/yoast-seo-wordpress\/ -->\n<title>SRY - Ecowise<\/title>\n<meta name=\"robots\" content=\"index, follow, max-snippet:-1, max-image-preview:large, max-video-preview:-1\" \/>\n<link rel=\"canonical\" href=\"https:\/\/ecowise.lv\/en\/product\/sry-2\/\" \/>\n<meta property=\"og:locale\" content=\"en_US\" \/>\n<meta property=\"og:type\" content=\"article\" \/>\n<meta property=\"og:title\" content=\"SRY - Ecowise\" \/>\n<meta property=\"og:description\" content=\"Piepl\u016bdes difuzors \u2205125-400\" \/>\n<meta property=\"og:url\" content=\"https:\/\/ecowise.lv\/en\/product\/sry-2\/\" \/>\n<meta property=\"og:site_name\" content=\"Ecowise\" \/>\n<meta property=\"article:modified_time\" content=\"2024-02-05T10:49:03+00:00\" \/>\n<meta property=\"og:image\" content=\"https:\/\/ecowise.lv\/wp-content\/uploads\/2023\/08\/sry-productimage.jpg\" \/>\n\t<meta property=\"og:image:width\" content=\"768\" \/>\n\t<meta property=\"og:image:height\" content=\"576\" \/>\n\t<meta property=\"og:image:type\" content=\"image\/jpeg\" \/>\n<meta name=\"twitter:card\" content=\"summary_large_image\" \/>\n<meta name=\"twitter:label1\" content=\"Est. reading time\" \/>\n\t<meta name=\"twitter:data1\" content=\"2 minutes\" \/>\n<script type=\"application\/ld+json\" class=\"yoast-schema-graph\">{\"@context\":\"https:\/\/schema.org\",\"@graph\":[{\"@type\":\"WebPage\",\"@id\":\"https:\/\/ecowise.lv\/product\/sry-2\/\",\"url\":\"https:\/\/ecowise.lv\/product\/sry-2\/\",\"name\":\"SRY - Ecowise\",\"isPartOf\":{\"@id\":\"https:\/\/ecowise.lv\/#website\"},\"primaryImageOfPage\":{\"@id\":\"https:\/\/ecowise.lv\/product\/sry-2\/#primaryimage\"},\"image\":{\"@id\":\"https:\/\/ecowise.lv\/product\/sry-2\/#primaryimage\"},\"thumbnailUrl\":\"https:\/\/ecowise.lv\/wp-content\/uploads\/2023\/08\/sry-productimage.jpg\",\"datePublished\":\"2023-08-28T08:48:17+00:00\",\"dateModified\":\"2024-02-05T10:49:03+00:00\",\"breadcrumb\":{\"@id\":\"https:\/\/ecowise.lv\/product\/sry-2\/#breadcrumb\"},\"inLanguage\":\"en-US\",\"potentialAction\":[{\"@type\":\"ReadAction\",\"target\":[\"https:\/\/ecowise.lv\/product\/sry-2\/\"]}]},{\"@type\":\"ImageObject\",\"inLanguage\":\"en-US\",\"@id\":\"https:\/\/ecowise.lv\/product\/sry-2\/#primaryimage\",\"url\":\"https:\/\/ecowise.lv\/wp-content\/uploads\/2023\/08\/sry-productimage.jpg\",\"contentUrl\":\"https:\/\/ecowise.lv\/wp-content\/uploads\/2023\/08\/sry-productimage.jpg\",\"width\":768,\"height\":576},{\"@type\":\"BreadcrumbList\",\"@id\":\"https:\/\/ecowise.lv\/product\/sry-2\/#breadcrumb\",\"itemListElement\":[{\"@type\":\"ListItem\",\"position\":1,\"name\":\"Products\",\"item\":\"https:\/\/ecowise.lv\/shop\/\"},{\"@type\":\"ListItem\",\"position\":2,\"name\":\"SRY\"}]},{\"@type\":\"WebSite\",\"@id\":\"https:\/\/ecowise.lv\/#website\",\"url\":\"https:\/\/ecowise.lv\/\",\"name\":\"Ecowise\",\"description\":\"Ener\u0123ijas pat\u0113ri\u0146a samazin\u0101jums\",\"publisher\":{\"@id\":\"https:\/\/ecowise.lv\/#organization\"},\"potentialAction\":[{\"@type\":\"SearchAction\",\"target\":{\"@type\":\"EntryPoint\",\"urlTemplate\":\"https:\/\/ecowise.lv\/?s={search_term_string}\"},\"query-input\":{\"@type\":\"PropertyValueSpecification\",\"valueRequired\":true,\"valueName\":\"search_term_string\"}}],\"inLanguage\":\"en-US\"},{\"@type\":\"Organization\",\"@id\":\"https:\/\/ecowise.lv\/#organization\",\"name\":\"Ecowise\",\"url\":\"https:\/\/ecowise.lv\/\",\"logo\":{\"@type\":\"ImageObject\",\"inLanguage\":\"en-US\",\"@id\":\"https:\/\/ecowise.lv\/#\/schema\/logo\/image\/\",\"url\":\"https:\/\/ecowise.lv\/wp-content\/uploads\/2023\/03\/logo.svg\",\"contentUrl\":\"https:\/\/ecowise.lv\/wp-content\/uploads\/2023\/03\/logo.svg\",\"width\":207,\"height\":27,\"caption\":\"Ecowise\"},\"image\":{\"@id\":\"https:\/\/ecowise.lv\/#\/schema\/logo\/image\/\"}}]}<\/script>\n<!-- \/ Yoast SEO plugin. -->","yoast_head_json":{"title":"SRY - Ecowise","robots":{"index":"index","follow":"follow","max-snippet":"max-snippet:-1","max-image-preview":"max-image-preview:large","max-video-preview":"max-video-preview:-1"},"canonical":"https:\/\/ecowise.lv\/en\/product\/sry-2\/","og_locale":"en_US","og_type":"article","og_title":"SRY - Ecowise","og_description":"Piepl\u016bdes difuzors \u2205125-400","og_url":"https:\/\/ecowise.lv\/en\/product\/sry-2\/","og_site_name":"Ecowise","article_modified_time":"2024-02-05T10:49:03+00:00","og_image":[{"width":768,"height":576,"url":"https:\/\/ecowise.lv\/wp-content\/uploads\/2023\/08\/sry-productimage.jpg","type":"image\/jpeg"}],"twitter_card":"summary_large_image","twitter_misc":{"Est. reading time":"2 minutes"},"schema":{"@context":"https:\/\/schema.org","@graph":[{"@type":"WebPage","@id":"https:\/\/ecowise.lv\/product\/sry-2\/","url":"https:\/\/ecowise.lv\/product\/sry-2\/","name":"SRY - Ecowise","isPartOf":{"@id":"https:\/\/ecowise.lv\/#website"},"primaryImageOfPage":{"@id":"https:\/\/ecowise.lv\/product\/sry-2\/#primaryimage"},"image":{"@id":"https:\/\/ecowise.lv\/product\/sry-2\/#primaryimage"},"thumbnailUrl":"https:\/\/ecowise.lv\/wp-content\/uploads\/2023\/08\/sry-productimage.jpg","datePublished":"2023-08-28T08:48:17+00:00","dateModified":"2024-02-05T10:49:03+00:00","breadcrumb":{"@id":"https:\/\/ecowise.lv\/product\/sry-2\/#breadcrumb"},"inLanguage":"en-US","potentialAction":[{"@type":"ReadAction","target":["https:\/\/ecowise.lv\/product\/sry-2\/"]}]},{"@type":"ImageObject","inLanguage":"en-US","@id":"https:\/\/ecowise.lv\/product\/sry-2\/#primaryimage","url":"https:\/\/ecowise.lv\/wp-content\/uploads\/2023\/08\/sry-productimage.jpg","contentUrl":"https:\/\/ecowise.lv\/wp-content\/uploads\/2023\/08\/sry-productimage.jpg","width":768,"height":576},{"@type":"BreadcrumbList","@id":"https:\/\/ecowise.lv\/product\/sry-2\/#breadcrumb","itemListElement":[{"@type":"ListItem","position":1,"name":"Products","item":"https:\/\/ecowise.lv\/shop\/"},{"@type":"ListItem","position":2,"name":"SRY"}]},{"@type":"WebSite","@id":"https:\/\/ecowise.lv\/#website","url":"https:\/\/ecowise.lv\/","name":"Ecowise","description":"Ener\u0123ijas pat\u0113ri\u0146a samazin\u0101jums","publisher":{"@id":"https:\/\/ecowise.lv\/#organization"},"potentialAction":[{"@type":"SearchAction","target":{"@type":"EntryPoint","urlTemplate":"https:\/\/ecowise.lv\/?s={search_term_string}"},"query-input":{"@type":"PropertyValueSpecification","valueRequired":true,"valueName":"search_term_string"}}],"inLanguage":"en-US"},{"@type":"Organization","@id":"https:\/\/ecowise.lv\/#organization","name":"Ecowise","url":"https:\/\/ecowise.lv\/","logo":{"@type":"ImageObject","inLanguage":"en-US","@id":"https:\/\/ecowise.lv\/#\/schema\/logo\/image\/","url":"https:\/\/ecowise.lv\/wp-content\/uploads\/2023\/03\/logo.svg","contentUrl":"https:\/\/ecowise.lv\/wp-content\/uploads\/2023\/03\/logo.svg","width":207,"height":27,"caption":"Ecowise"},"image":{"@id":"https:\/\/ecowise.lv\/#\/schema\/logo\/image\/"}}]}},"_links":{"self":[{"href":"https:\/\/ecowise.lv\/en\/wp-json\/wp\/v2\/product\/1883","targetHints":{"allow":["GET"]}}],"collection":[{"href":"https:\/\/ecowise.lv\/en\/wp-json\/wp\/v2\/product"}],"about":[{"href":"https:\/\/ecowise.lv\/en\/wp-json\/wp\/v2\/types\/product"}],"wp:featuredmedia":[{"embeddable":true,"href":"https:\/\/ecowise.lv\/en\/wp-json\/wp\/v2\/media\/1884"}],"wp:attachment":[{"href":"https:\/\/ecowise.lv\/en\/wp-json\/wp\/v2\/media?parent=1883"}],"wp:term":[{"taxonomy":"product_brand","embeddable":true,"href":"https:\/\/ecowise.lv\/en\/wp-json\/wp\/v2\/product_brand?post=1883"},{"taxonomy":"product_cat","embeddable":true,"href":"https:\/\/ecowise.lv\/en\/wp-json\/wp\/v2\/product_cat?post=1883"},{"taxonomy":"product_tag","embeddable":true,"href":"https:\/\/ecowise.lv\/en\/wp-json\/wp\/v2\/product_tag?post=1883"}],"curies":[{"name":"wp","href":"https:\/\/api.w.org\/{rel}","templated":true}]}}