{"id":1853,"date":"2023-08-27T16:05:07","date_gmt":"2023-08-27T13:05:07","guid":{"rendered":"https:\/\/ecowise.lv\/?post_type=product&#038;p=1853"},"modified":"2024-01-03T12:12:59","modified_gmt":"2024-01-03T10:12:59","slug":"global-px-top-2","status":"publish","type":"product","link":"https:\/\/ecowise.lv\/en\/product\/global-px-top-2\/","title":{"rendered":"GLOBAL PX TOP"},"content":{"rendered":"<h3>VENTILATION UNIT WITH COUNTERFLOW PLATE HEAT EXCHANGER FOR COMMERCIAL USE. PERFECTLY SUITED FOR BOTH NEW BUILDINGS AND RENOVATION PROJECTS.<\/h3>\n<ul>\n<li>Maximum airflow 3660 m\u00b3\/h<\/li>\n<li>Temperature efficiency of the heat exchanger \u2265 90% (-10\u00b0C\/+22\u00b0C)<\/li>\n<li>Temperature efficiency \u226582% according to EN308<\/li>\n<li>Energy-efficient and quiet EC fans with composite material or aluminum blades (except size 18)<\/li>\n<li>Placement indoors<\/li>\n<li>Modern control panel with touch-sensitive HMI screen 'TACtouch'<\/li>\n<li>Electricity\/water (factory installed)<\/li>\n<li>Insulated casing for external heaters\/coolers as an accessory (water\/DX)<\/li>\n<li>Placement indoors<\/li>\n<li>Top connection<\/li>\n<li>With control devices and HMI<\/li>\n<li>Certified by Eurovent<\/li>\n<\/ul>\n<p>Two different types of fans available (composite or aluminum). Integrated noise attenuators for supply air flow as an accessory (factory installed).<\/p>","protected":false},"excerpt":{"rendered":"<h4>Air handling unit with counterflow\/plate heat exchanger, with upward outlets<\/h4>\n<h4>Up to 3600 m\u00b3\/h<\/h4>","protected":false},"featured_media":2650,"template":"","meta":{"_acf_changed":false,"inline_featured_image":false,"_links_to":"","_links_to_target":""},"product_brand":[],"product_cat":[16,33],"product_tag":[],"class_list":{"0":"post-1853","1":"product","2":"type-product","3":"status-publish","4":"has-post-thumbnail","6":"product_cat-ventilacijas-iekartas","7":"product_cat-global","9":"first","10":"instock","11":"shipping-taxable","12":"product-type-simple"},"acf":[],"yoast_head":"<!-- This site is optimized with the Yoast SEO plugin v27.0 - https:\/\/yoast.com\/product\/yoast-seo-wordpress\/ -->\n<title>GLOBAL PX TOP - Ecowise<\/title>\n<meta name=\"description\" content=\"Ventil\u0101cijas iek\u0101rta ar pretpl\u016bsmas pl\u0101k\u0161\u0146u siltummaini komerci\u0101lai lieto\u0161anai. Lieliski piem\u0113rots gan jauncelt\u0101m \u0113k\u0101m, gan renov\u0101cijas projektiem.\" \/>\n<meta name=\"robots\" content=\"index, follow, max-snippet:-1, max-image-preview:large, max-video-preview:-1\" \/>\n<link rel=\"canonical\" href=\"https:\/\/ecowise.lv\/en\/product\/global-px-top-2\/\" \/>\n<meta property=\"og:locale\" content=\"en_US\" \/>\n<meta property=\"og:type\" content=\"article\" \/>\n<meta property=\"og:title\" content=\"GLOBAL PX TOP - Ecowise\" \/>\n<meta property=\"og:description\" content=\"Ventil\u0101cijas iek\u0101rta ar pretpl\u016bsmas pl\u0101k\u0161\u0146u siltummaini komerci\u0101lai lieto\u0161anai. Lieliski piem\u0113rots gan jauncelt\u0101m \u0113k\u0101m, gan renov\u0101cijas projektiem.\" \/>\n<meta property=\"og:url\" content=\"https:\/\/ecowise.lv\/en\/product\/global-px-top-2\/\" \/>\n<meta property=\"og:site_name\" content=\"Ecowise\" \/>\n<meta property=\"article:modified_time\" content=\"2024-01-03T10:12:59+00:00\" \/>\n<meta property=\"og:image\" content=\"https:\/\/ecowise.lv\/wp-content\/uploads\/2023\/08\/px-08-top_portes-fermees.png\" \/>\n\t<meta property=\"og:image:width\" content=\"500\" \/>\n\t<meta property=\"og:image:height\" content=\"325\" \/>\n\t<meta property=\"og:image:type\" content=\"image\/png\" \/>\n<meta name=\"twitter:card\" content=\"summary_large_image\" \/>\n<meta name=\"twitter:label1\" content=\"Est. reading time\" \/>\n\t<meta name=\"twitter:data1\" content=\"1 minute\" \/>\n<script type=\"application\/ld+json\" class=\"yoast-schema-graph\">{\"@context\":\"https:\/\/schema.org\",\"@graph\":[{\"@type\":\"WebPage\",\"@id\":\"https:\/\/ecowise.lv\/product\/global-px-top-2\/\",\"url\":\"https:\/\/ecowise.lv\/product\/global-px-top-2\/\",\"name\":\"GLOBAL PX TOP - Ecowise\",\"isPartOf\":{\"@id\":\"https:\/\/ecowise.lv\/#website\"},\"primaryImageOfPage\":{\"@id\":\"https:\/\/ecowise.lv\/product\/global-px-top-2\/#primaryimage\"},\"image\":{\"@id\":\"https:\/\/ecowise.lv\/product\/global-px-top-2\/#primaryimage\"},\"thumbnailUrl\":\"https:\/\/ecowise.lv\/wp-content\/uploads\/2023\/08\/px-08-top_portes-fermees.png\",\"datePublished\":\"2023-08-27T13:05:07+00:00\",\"dateModified\":\"2024-01-03T10:12:59+00:00\",\"description\":\"Ventil\u0101cijas iek\u0101rta ar pretpl\u016bsmas pl\u0101k\u0161\u0146u siltummaini komerci\u0101lai lieto\u0161anai. Lieliski piem\u0113rots gan jauncelt\u0101m \u0113k\u0101m, gan renov\u0101cijas projektiem.\",\"breadcrumb\":{\"@id\":\"https:\/\/ecowise.lv\/product\/global-px-top-2\/#breadcrumb\"},\"inLanguage\":\"en-US\",\"potentialAction\":[{\"@type\":\"ReadAction\",\"target\":[\"https:\/\/ecowise.lv\/product\/global-px-top-2\/\"]}]},{\"@type\":\"ImageObject\",\"inLanguage\":\"en-US\",\"@id\":\"https:\/\/ecowise.lv\/product\/global-px-top-2\/#primaryimage\",\"url\":\"https:\/\/ecowise.lv\/wp-content\/uploads\/2023\/08\/px-08-top_portes-fermees.png\",\"contentUrl\":\"https:\/\/ecowise.lv\/wp-content\/uploads\/2023\/08\/px-08-top_portes-fermees.png\",\"width\":500,\"height\":325},{\"@type\":\"BreadcrumbList\",\"@id\":\"https:\/\/ecowise.lv\/product\/global-px-top-2\/#breadcrumb\",\"itemListElement\":[{\"@type\":\"ListItem\",\"position\":1,\"name\":\"Products\",\"item\":\"https:\/\/ecowise.lv\/shop\/\"},{\"@type\":\"ListItem\",\"position\":2,\"name\":\"GLOBAL PX TOP\"}]},{\"@type\":\"WebSite\",\"@id\":\"https:\/\/ecowise.lv\/#website\",\"url\":\"https:\/\/ecowise.lv\/\",\"name\":\"Ecowise\",\"description\":\"Ener\u0123ijas pat\u0113ri\u0146a samazin\u0101jums\",\"publisher\":{\"@id\":\"https:\/\/ecowise.lv\/#organization\"},\"potentialAction\":[{\"@type\":\"SearchAction\",\"target\":{\"@type\":\"EntryPoint\",\"urlTemplate\":\"https:\/\/ecowise.lv\/?s={search_term_string}\"},\"query-input\":{\"@type\":\"PropertyValueSpecification\",\"valueRequired\":true,\"valueName\":\"search_term_string\"}}],\"inLanguage\":\"en-US\"},{\"@type\":\"Organization\",\"@id\":\"https:\/\/ecowise.lv\/#organization\",\"name\":\"Ecowise\",\"url\":\"https:\/\/ecowise.lv\/\",\"logo\":{\"@type\":\"ImageObject\",\"inLanguage\":\"en-US\",\"@id\":\"https:\/\/ecowise.lv\/#\/schema\/logo\/image\/\",\"url\":\"https:\/\/ecowise.lv\/wp-content\/uploads\/2023\/03\/logo.svg\",\"contentUrl\":\"https:\/\/ecowise.lv\/wp-content\/uploads\/2023\/03\/logo.svg\",\"width\":207,\"height\":27,\"caption\":\"Ecowise\"},\"image\":{\"@id\":\"https:\/\/ecowise.lv\/#\/schema\/logo\/image\/\"}}]}<\/script>\n<!-- \/ Yoast SEO plugin. -->","yoast_head_json":{"title":"GLOBAL PX TOP - Ecowise","description":"Ventil\u0101cijas iek\u0101rta ar pretpl\u016bsmas pl\u0101k\u0161\u0146u siltummaini komerci\u0101lai lieto\u0161anai. Lieliski piem\u0113rots gan jauncelt\u0101m \u0113k\u0101m, gan renov\u0101cijas projektiem.","robots":{"index":"index","follow":"follow","max-snippet":"max-snippet:-1","max-image-preview":"max-image-preview:large","max-video-preview":"max-video-preview:-1"},"canonical":"https:\/\/ecowise.lv\/en\/product\/global-px-top-2\/","og_locale":"en_US","og_type":"article","og_title":"GLOBAL PX TOP - Ecowise","og_description":"Ventil\u0101cijas iek\u0101rta ar pretpl\u016bsmas pl\u0101k\u0161\u0146u siltummaini komerci\u0101lai lieto\u0161anai. Lieliski piem\u0113rots gan jauncelt\u0101m \u0113k\u0101m, gan renov\u0101cijas projektiem.","og_url":"https:\/\/ecowise.lv\/en\/product\/global-px-top-2\/","og_site_name":"Ecowise","article_modified_time":"2024-01-03T10:12:59+00:00","og_image":[{"width":500,"height":325,"url":"https:\/\/ecowise.lv\/wp-content\/uploads\/2023\/08\/px-08-top_portes-fermees.png","type":"image\/png"}],"twitter_card":"summary_large_image","twitter_misc":{"Est. reading time":"1 minute"},"schema":{"@context":"https:\/\/schema.org","@graph":[{"@type":"WebPage","@id":"https:\/\/ecowise.lv\/product\/global-px-top-2\/","url":"https:\/\/ecowise.lv\/product\/global-px-top-2\/","name":"GLOBAL PX TOP - Ecowise","isPartOf":{"@id":"https:\/\/ecowise.lv\/#website"},"primaryImageOfPage":{"@id":"https:\/\/ecowise.lv\/product\/global-px-top-2\/#primaryimage"},"image":{"@id":"https:\/\/ecowise.lv\/product\/global-px-top-2\/#primaryimage"},"thumbnailUrl":"https:\/\/ecowise.lv\/wp-content\/uploads\/2023\/08\/px-08-top_portes-fermees.png","datePublished":"2023-08-27T13:05:07+00:00","dateModified":"2024-01-03T10:12:59+00:00","description":"Ventil\u0101cijas iek\u0101rta ar pretpl\u016bsmas pl\u0101k\u0161\u0146u siltummaini komerci\u0101lai lieto\u0161anai. Lieliski piem\u0113rots gan jauncelt\u0101m \u0113k\u0101m, gan renov\u0101cijas projektiem.","breadcrumb":{"@id":"https:\/\/ecowise.lv\/product\/global-px-top-2\/#breadcrumb"},"inLanguage":"en-US","potentialAction":[{"@type":"ReadAction","target":["https:\/\/ecowise.lv\/product\/global-px-top-2\/"]}]},{"@type":"ImageObject","inLanguage":"en-US","@id":"https:\/\/ecowise.lv\/product\/global-px-top-2\/#primaryimage","url":"https:\/\/ecowise.lv\/wp-content\/uploads\/2023\/08\/px-08-top_portes-fermees.png","contentUrl":"https:\/\/ecowise.lv\/wp-content\/uploads\/2023\/08\/px-08-top_portes-fermees.png","width":500,"height":325},{"@type":"BreadcrumbList","@id":"https:\/\/ecowise.lv\/product\/global-px-top-2\/#breadcrumb","itemListElement":[{"@type":"ListItem","position":1,"name":"Products","item":"https:\/\/ecowise.lv\/shop\/"},{"@type":"ListItem","position":2,"name":"GLOBAL PX TOP"}]},{"@type":"WebSite","@id":"https:\/\/ecowise.lv\/#website","url":"https:\/\/ecowise.lv\/","name":"Ecowise","description":"Ener\u0123ijas pat\u0113ri\u0146a samazin\u0101jums","publisher":{"@id":"https:\/\/ecowise.lv\/#organization"},"potentialAction":[{"@type":"SearchAction","target":{"@type":"EntryPoint","urlTemplate":"https:\/\/ecowise.lv\/?s={search_term_string}"},"query-input":{"@type":"PropertyValueSpecification","valueRequired":true,"valueName":"search_term_string"}}],"inLanguage":"en-US"},{"@type":"Organization","@id":"https:\/\/ecowise.lv\/#organization","name":"Ecowise","url":"https:\/\/ecowise.lv\/","logo":{"@type":"ImageObject","inLanguage":"en-US","@id":"https:\/\/ecowise.lv\/#\/schema\/logo\/image\/","url":"https:\/\/ecowise.lv\/wp-content\/uploads\/2023\/03\/logo.svg","contentUrl":"https:\/\/ecowise.lv\/wp-content\/uploads\/2023\/03\/logo.svg","width":207,"height":27,"caption":"Ecowise"},"image":{"@id":"https:\/\/ecowise.lv\/#\/schema\/logo\/image\/"}}]}},"_links":{"self":[{"href":"https:\/\/ecowise.lv\/en\/wp-json\/wp\/v2\/product\/1853","targetHints":{"allow":["GET"]}}],"collection":[{"href":"https:\/\/ecowise.lv\/en\/wp-json\/wp\/v2\/product"}],"about":[{"href":"https:\/\/ecowise.lv\/en\/wp-json\/wp\/v2\/types\/product"}],"wp:featuredmedia":[{"embeddable":true,"href":"https:\/\/ecowise.lv\/en\/wp-json\/wp\/v2\/media\/2650"}],"wp:attachment":[{"href":"https:\/\/ecowise.lv\/en\/wp-json\/wp\/v2\/media?parent=1853"}],"wp:term":[{"taxonomy":"product_brand","embeddable":true,"href":"https:\/\/ecowise.lv\/en\/wp-json\/wp\/v2\/product_brand?post=1853"},{"taxonomy":"product_cat","embeddable":true,"href":"https:\/\/ecowise.lv\/en\/wp-json\/wp\/v2\/product_cat?post=1853"},{"taxonomy":"product_tag","embeddable":true,"href":"https:\/\/ecowise.lv\/en\/wp-json\/wp\/v2\/product_tag?post=1853"}],"curies":[{"name":"wp","href":"https:\/\/api.w.org\/{rel}","templated":true}]}}