{"id":1837,"date":"2023-08-27T15:50:22","date_gmt":"2023-08-27T12:50:22","guid":{"rendered":"https:\/\/ecowise.lv\/?post_type=product&#038;p=1837"},"modified":"2023-10-30T10:08:02","modified_gmt":"2023-10-30T08:08:02","slug":"gold-rx-hc-2","status":"publish","type":"product","link":"https:\/\/ecowise.lv\/en\/product\/gold-rx-hc-2\/","title":{"rendered":"GOLD RX\/HC"},"content":{"rendered":"<p>Combined air handling unit with reversible heat pump. By choosing this unit, you gain fresh air, heating, and cooling achieved through an energy-efficient and aesthetically pleasing solution.<br \/>\nDesign and installation are simplified due to the fact that we have already performed the mechanical and control integration between the heat pump and the air handling unit on your behalf.<br \/>\nThe compact dimensions also save valuable space. Installation is simple. It becomes even easier if you, as the client, choose to have the unit filled and tested at the factory. Commissioning is quick and straightforward, as all functions are controlled directly from the GOLD unit's console.<\/p>\n<ul>\n<li>Airflow ranging from 1620 to 29920 m\u00b3\/h<\/li>\n<\/ul>\n<p>&nbsp;<\/p>\n<p>All ventilation units comply with the requirements set out in Ecodesign Regulation No. 1253 regarding ventilation units.<\/p>\n<p><img decoding=\"async\" src=\"https:\/\/www.swegon.com\/siteassets\/5-products\/air-handling\/gold\/eurovent-logo.png\" alt=\"eurovent-logo.png\" width=\"191\" height=\"136\" \/><img decoding=\"async\" src=\"https:\/\/www.swegon.com\/siteassets\/5-products\/air-handling\/gold\/ecodesign-logo.png\" alt=\"ecodesign-logo.png\" width=\"206\" height=\"147\" \/><\/p>","protected":false},"excerpt":{"rendered":"<h4>Combined Air Handling Unit with Reversible Heat Pump<\/h4>\n<h4>1620-29920 m\u00b3\/h<\/h4>","protected":false},"featured_media":1838,"template":"","meta":{"_acf_changed":false,"inline_featured_image":false,"_links_to":"","_links_to_target":""},"product_brand":[],"product_cat":[32],"product_tag":[],"class_list":{"0":"post-1837","1":"product","2":"type-product","3":"status-publish","4":"has-post-thumbnail","6":"product_cat-gold","8":"first","9":"instock","10":"shipping-taxable","11":"product-type-simple"},"acf":[],"yoast_head":"<!-- This site is optimized with the Yoast SEO plugin v27.0 - https:\/\/yoast.com\/product\/yoast-seo-wordpress\/ -->\n<title>GOLD RX\/HC - Ecowise<\/title>\n<meta name=\"description\" content=\"Kombin\u0113t\u0101 gaisa apstr\u0101des iek\u0101rta ar reverso siltums\u016bkni. Izv\u0113loties \u0161o agreg\u0101tu J\u016bs iegust\u0101t svaigu gaisu, sild\u012b\u0161anu un dzes\u0113\u0161anu, kas tiek pan\u0101kta ar energoefekt\u012bvu un dizainiski pievilc\u012bgo risin\u0101jumu.\" \/>\n<meta name=\"robots\" content=\"index, follow, max-snippet:-1, max-image-preview:large, max-video-preview:-1\" \/>\n<link rel=\"canonical\" href=\"https:\/\/ecowise.lv\/en\/product\/gold-rx-hc-2\/\" \/>\n<meta property=\"og:locale\" content=\"en_US\" \/>\n<meta property=\"og:type\" content=\"article\" \/>\n<meta property=\"og:title\" content=\"GOLD RX\/HC - Ecowise\" \/>\n<meta property=\"og:description\" content=\"Kombin\u0113t\u0101 gaisa apstr\u0101des iek\u0101rta ar reverso siltums\u016bkni. Izv\u0113loties \u0161o agreg\u0101tu J\u016bs iegust\u0101t svaigu gaisu, sild\u012b\u0161anu un dzes\u0113\u0161anu, kas tiek pan\u0101kta ar energoefekt\u012bvu un dizainiski pievilc\u012bgo risin\u0101jumu.\" \/>\n<meta property=\"og:url\" content=\"https:\/\/ecowise.lv\/en\/product\/gold-rx-hc-2\/\" \/>\n<meta property=\"og:site_name\" content=\"Ecowise\" \/>\n<meta property=\"article:modified_time\" content=\"2023-10-30T08:08:02+00:00\" \/>\n<meta property=\"og:image\" content=\"https:\/\/ecowise.lv\/wp-content\/uploads\/2023\/08\/gold-rxhc12-productimage.png\" \/>\n\t<meta property=\"og:image:width\" content=\"768\" \/>\n\t<meta property=\"og:image:height\" content=\"576\" \/>\n\t<meta property=\"og:image:type\" content=\"image\/png\" \/>\n<meta name=\"twitter:card\" content=\"summary_large_image\" \/>\n<meta name=\"twitter:label1\" content=\"Est. reading time\" \/>\n\t<meta name=\"twitter:data1\" content=\"2 minutes\" \/>\n<script type=\"application\/ld+json\" class=\"yoast-schema-graph\">{\"@context\":\"https:\/\/schema.org\",\"@graph\":[{\"@type\":\"WebPage\",\"@id\":\"https:\/\/ecowise.lv\/product\/gold-rx-hc-2\/\",\"url\":\"https:\/\/ecowise.lv\/product\/gold-rx-hc-2\/\",\"name\":\"GOLD RX\/HC - Ecowise\",\"isPartOf\":{\"@id\":\"https:\/\/ecowise.lv\/#website\"},\"primaryImageOfPage\":{\"@id\":\"https:\/\/ecowise.lv\/product\/gold-rx-hc-2\/#primaryimage\"},\"image\":{\"@id\":\"https:\/\/ecowise.lv\/product\/gold-rx-hc-2\/#primaryimage\"},\"thumbnailUrl\":\"https:\/\/ecowise.lv\/wp-content\/uploads\/2023\/08\/gold-rxhc12-productimage.png\",\"datePublished\":\"2023-08-27T12:50:22+00:00\",\"dateModified\":\"2023-10-30T08:08:02+00:00\",\"description\":\"Kombin\u0113t\u0101 gaisa apstr\u0101des iek\u0101rta ar reverso siltums\u016bkni. Izv\u0113loties \u0161o agreg\u0101tu J\u016bs iegust\u0101t svaigu gaisu, sild\u012b\u0161anu un dzes\u0113\u0161anu, kas tiek pan\u0101kta ar energoefekt\u012bvu un dizainiski pievilc\u012bgo risin\u0101jumu.\",\"breadcrumb\":{\"@id\":\"https:\/\/ecowise.lv\/product\/gold-rx-hc-2\/#breadcrumb\"},\"inLanguage\":\"en-US\",\"potentialAction\":[{\"@type\":\"ReadAction\",\"target\":[\"https:\/\/ecowise.lv\/product\/gold-rx-hc-2\/\"]}]},{\"@type\":\"ImageObject\",\"inLanguage\":\"en-US\",\"@id\":\"https:\/\/ecowise.lv\/product\/gold-rx-hc-2\/#primaryimage\",\"url\":\"https:\/\/ecowise.lv\/wp-content\/uploads\/2023\/08\/gold-rxhc12-productimage.png\",\"contentUrl\":\"https:\/\/ecowise.lv\/wp-content\/uploads\/2023\/08\/gold-rxhc12-productimage.png\",\"width\":768,\"height\":576},{\"@type\":\"BreadcrumbList\",\"@id\":\"https:\/\/ecowise.lv\/product\/gold-rx-hc-2\/#breadcrumb\",\"itemListElement\":[{\"@type\":\"ListItem\",\"position\":1,\"name\":\"Products\",\"item\":\"https:\/\/ecowise.lv\/shop\/\"},{\"@type\":\"ListItem\",\"position\":2,\"name\":\"GOLD RX\/HC\"}]},{\"@type\":\"WebSite\",\"@id\":\"https:\/\/ecowise.lv\/#website\",\"url\":\"https:\/\/ecowise.lv\/\",\"name\":\"Ecowise\",\"description\":\"Ener\u0123ijas pat\u0113ri\u0146a samazin\u0101jums\",\"publisher\":{\"@id\":\"https:\/\/ecowise.lv\/#organization\"},\"potentialAction\":[{\"@type\":\"SearchAction\",\"target\":{\"@type\":\"EntryPoint\",\"urlTemplate\":\"https:\/\/ecowise.lv\/?s={search_term_string}\"},\"query-input\":{\"@type\":\"PropertyValueSpecification\",\"valueRequired\":true,\"valueName\":\"search_term_string\"}}],\"inLanguage\":\"en-US\"},{\"@type\":\"Organization\",\"@id\":\"https:\/\/ecowise.lv\/#organization\",\"name\":\"Ecowise\",\"url\":\"https:\/\/ecowise.lv\/\",\"logo\":{\"@type\":\"ImageObject\",\"inLanguage\":\"en-US\",\"@id\":\"https:\/\/ecowise.lv\/#\/schema\/logo\/image\/\",\"url\":\"https:\/\/ecowise.lv\/wp-content\/uploads\/2023\/03\/logo.svg\",\"contentUrl\":\"https:\/\/ecowise.lv\/wp-content\/uploads\/2023\/03\/logo.svg\",\"width\":207,\"height\":27,\"caption\":\"Ecowise\"},\"image\":{\"@id\":\"https:\/\/ecowise.lv\/#\/schema\/logo\/image\/\"}}]}<\/script>\n<!-- \/ Yoast SEO plugin. -->","yoast_head_json":{"title":"GOLD RX\/HC - Ecowise","description":"Kombin\u0113t\u0101 gaisa apstr\u0101des iek\u0101rta ar reverso siltums\u016bkni. Izv\u0113loties \u0161o agreg\u0101tu J\u016bs iegust\u0101t svaigu gaisu, sild\u012b\u0161anu un dzes\u0113\u0161anu, kas tiek pan\u0101kta ar energoefekt\u012bvu un dizainiski pievilc\u012bgo risin\u0101jumu.","robots":{"index":"index","follow":"follow","max-snippet":"max-snippet:-1","max-image-preview":"max-image-preview:large","max-video-preview":"max-video-preview:-1"},"canonical":"https:\/\/ecowise.lv\/en\/product\/gold-rx-hc-2\/","og_locale":"en_US","og_type":"article","og_title":"GOLD RX\/HC - Ecowise","og_description":"Kombin\u0113t\u0101 gaisa apstr\u0101des iek\u0101rta ar reverso siltums\u016bkni. Izv\u0113loties \u0161o agreg\u0101tu J\u016bs iegust\u0101t svaigu gaisu, sild\u012b\u0161anu un dzes\u0113\u0161anu, kas tiek pan\u0101kta ar energoefekt\u012bvu un dizainiski pievilc\u012bgo risin\u0101jumu.","og_url":"https:\/\/ecowise.lv\/en\/product\/gold-rx-hc-2\/","og_site_name":"Ecowise","article_modified_time":"2023-10-30T08:08:02+00:00","og_image":[{"width":768,"height":576,"url":"https:\/\/ecowise.lv\/wp-content\/uploads\/2023\/08\/gold-rxhc12-productimage.png","type":"image\/png"}],"twitter_card":"summary_large_image","twitter_misc":{"Est. reading time":"2 minutes"},"schema":{"@context":"https:\/\/schema.org","@graph":[{"@type":"WebPage","@id":"https:\/\/ecowise.lv\/product\/gold-rx-hc-2\/","url":"https:\/\/ecowise.lv\/product\/gold-rx-hc-2\/","name":"GOLD RX\/HC - Ecowise","isPartOf":{"@id":"https:\/\/ecowise.lv\/#website"},"primaryImageOfPage":{"@id":"https:\/\/ecowise.lv\/product\/gold-rx-hc-2\/#primaryimage"},"image":{"@id":"https:\/\/ecowise.lv\/product\/gold-rx-hc-2\/#primaryimage"},"thumbnailUrl":"https:\/\/ecowise.lv\/wp-content\/uploads\/2023\/08\/gold-rxhc12-productimage.png","datePublished":"2023-08-27T12:50:22+00:00","dateModified":"2023-10-30T08:08:02+00:00","description":"Kombin\u0113t\u0101 gaisa apstr\u0101des iek\u0101rta ar reverso siltums\u016bkni. Izv\u0113loties \u0161o agreg\u0101tu J\u016bs iegust\u0101t svaigu gaisu, sild\u012b\u0161anu un dzes\u0113\u0161anu, kas tiek pan\u0101kta ar energoefekt\u012bvu un dizainiski pievilc\u012bgo risin\u0101jumu.","breadcrumb":{"@id":"https:\/\/ecowise.lv\/product\/gold-rx-hc-2\/#breadcrumb"},"inLanguage":"en-US","potentialAction":[{"@type":"ReadAction","target":["https:\/\/ecowise.lv\/product\/gold-rx-hc-2\/"]}]},{"@type":"ImageObject","inLanguage":"en-US","@id":"https:\/\/ecowise.lv\/product\/gold-rx-hc-2\/#primaryimage","url":"https:\/\/ecowise.lv\/wp-content\/uploads\/2023\/08\/gold-rxhc12-productimage.png","contentUrl":"https:\/\/ecowise.lv\/wp-content\/uploads\/2023\/08\/gold-rxhc12-productimage.png","width":768,"height":576},{"@type":"BreadcrumbList","@id":"https:\/\/ecowise.lv\/product\/gold-rx-hc-2\/#breadcrumb","itemListElement":[{"@type":"ListItem","position":1,"name":"Products","item":"https:\/\/ecowise.lv\/shop\/"},{"@type":"ListItem","position":2,"name":"GOLD RX\/HC"}]},{"@type":"WebSite","@id":"https:\/\/ecowise.lv\/#website","url":"https:\/\/ecowise.lv\/","name":"Ecowise","description":"Ener\u0123ijas pat\u0113ri\u0146a samazin\u0101jums","publisher":{"@id":"https:\/\/ecowise.lv\/#organization"},"potentialAction":[{"@type":"SearchAction","target":{"@type":"EntryPoint","urlTemplate":"https:\/\/ecowise.lv\/?s={search_term_string}"},"query-input":{"@type":"PropertyValueSpecification","valueRequired":true,"valueName":"search_term_string"}}],"inLanguage":"en-US"},{"@type":"Organization","@id":"https:\/\/ecowise.lv\/#organization","name":"Ecowise","url":"https:\/\/ecowise.lv\/","logo":{"@type":"ImageObject","inLanguage":"en-US","@id":"https:\/\/ecowise.lv\/#\/schema\/logo\/image\/","url":"https:\/\/ecowise.lv\/wp-content\/uploads\/2023\/03\/logo.svg","contentUrl":"https:\/\/ecowise.lv\/wp-content\/uploads\/2023\/03\/logo.svg","width":207,"height":27,"caption":"Ecowise"},"image":{"@id":"https:\/\/ecowise.lv\/#\/schema\/logo\/image\/"}}]}},"_links":{"self":[{"href":"https:\/\/ecowise.lv\/en\/wp-json\/wp\/v2\/product\/1837","targetHints":{"allow":["GET"]}}],"collection":[{"href":"https:\/\/ecowise.lv\/en\/wp-json\/wp\/v2\/product"}],"about":[{"href":"https:\/\/ecowise.lv\/en\/wp-json\/wp\/v2\/types\/product"}],"wp:featuredmedia":[{"embeddable":true,"href":"https:\/\/ecowise.lv\/en\/wp-json\/wp\/v2\/media\/1838"}],"wp:attachment":[{"href":"https:\/\/ecowise.lv\/en\/wp-json\/wp\/v2\/media?parent=1837"}],"wp:term":[{"taxonomy":"product_brand","embeddable":true,"href":"https:\/\/ecowise.lv\/en\/wp-json\/wp\/v2\/product_brand?post=1837"},{"taxonomy":"product_cat","embeddable":true,"href":"https:\/\/ecowise.lv\/en\/wp-json\/wp\/v2\/product_cat?post=1837"},{"taxonomy":"product_tag","embeddable":true,"href":"https:\/\/ecowise.lv\/en\/wp-json\/wp\/v2\/product_tag?post=1837"}],"curies":[{"name":"wp","href":"https:\/\/api.w.org\/{rel}","templated":true}]}}