{"id":1821,"date":"2023-08-25T15:27:42","date_gmt":"2023-08-25T12:27:42","guid":{"rendered":"https:\/\/ecowise.lv\/?post_type=product&#038;p=1821"},"modified":"2024-06-13T11:19:42","modified_gmt":"2024-06-13T08:19:42","slug":"lockzone-ceiling-vf","status":"publish","type":"product","link":"https:\/\/ecowise.lv\/en\/product\/lockzone-ceiling-vf\/","title":{"rendered":"LOCKZONE C VF"},"content":{"rendered":"<div class=\"product-description\">\n<div class=\"product-description\">\n<h3>Square ceiling diffuser for supply air with variable flow<\/h3>\n<ul>\n<li>Guide vane perforations arranged in a radial pattern<\/li>\n<li>Flush design<\/li>\n<li>Suitable for VAV and DCV applications<\/li>\n<li>Manages air flows substantially below room temperature (High \u0394T)<\/li>\n<li>Fast and simple installation and commissioning through Swegon Quick Access<\/li>\n<li>Designed for modular suspended ceilings<\/li>\n<li>Used together with the commissioning box REACT ALS for variable flow regulation<\/li>\n<li>ALS commissioning box with 1 or 2 changes in dimension between the inlet and outlet<\/li>\n<li>ADAPTER for suspended ceiling system<\/li>\n<li>Standard colour White RAL 9003\n<ul>\n<li>5 alternative standard colours<\/li>\n<li>Other colours upon request<\/li>\n<\/ul>\n<\/li>\n<\/ul>\n<\/div>\n<\/div>\n<p>&nbsp;<\/p>\n<table>\n<tbody>\n<tr>\n<td class=\"bold v-align-bottom h-align-center\" colspan=\"10\"><strong>AIR FLOW \u2014 SOUND PRESSURE IN ROOM (Lp10A) *)<\/strong><\/td>\n<\/tr>\n<tr>\n<td class=\"bold v-align-bottom\" colspan=\"4\" rowspan=\"2\"><strong>LOCKZONE Ceiling VF<\/strong><br \/>\n<strong>Size<\/strong><\/td>\n<td class=\"bold v-align-middle h-align-center\" colspan=\"2\"><strong>25 dB(A)<\/strong><\/td>\n<td class=\"bold v-align-middle h-align-center\" colspan=\"2\"><strong>30 dB(A)<\/strong><\/td>\n<td class=\"bold v-align-middle h-align-center\" colspan=\"2\"><strong>35 dB(A)<\/strong><\/td>\n<\/tr>\n<tr>\n<td class=\"bold v-align-middle h-align-center\"><strong>l\/s<\/strong><\/td>\n<td class=\"bold v-align-middle h-align-center\"><strong>m3\/h<\/strong><\/td>\n<td class=\"bold v-align-middle h-align-center\"><strong>l\/s<\/strong><\/td>\n<td class=\"bold v-align-middle h-align-center\"><strong>m3\/h<\/strong><\/td>\n<td class=\"bold v-align-middle h-align-center\"><strong>l\/s<\/strong><\/td>\n<td class=\"bold v-align-middle h-align-center\"><strong>m3\/h<\/strong><\/td>\n<\/tr>\n<tr>\n<td class=\"v-align-bottom\" colspan=\"4\">250-600<\/td>\n<td class=\"v-align-top h-align-left\">97<\/td>\n<td class=\"v-align-top h-align-left\">349<\/td>\n<td class=\"v-align-top h-align-left\">112<\/td>\n<td class=\"v-align-top h-align-left\">403<\/td>\n<td class=\"v-align-top h-align-left\">128<\/td>\n<td class=\"v-align-top h-align-left\">461<\/td>\n<\/tr>\n<tr>\n<td class=\"v-align-bottom\" colspan=\"4\">315-600<\/td>\n<td class=\"v-align-top h-align-left\">125<\/td>\n<td class=\"v-align-top h-align-left\">450<\/td>\n<td class=\"v-align-top h-align-left\">143<\/td>\n<td class=\"v-align-top h-align-left\">515<\/td>\n<td class=\"v-align-top h-align-left\">163<\/td>\n<td class=\"v-align-top h-align-left\">587<\/td>\n<\/tr>\n<tr>\n<td class=\"v-align-bottom h-align-center\" colspan=\"10\"><\/td>\n<\/tr>\n<tr>\n<td class=\"bold v-align-bottom\" rowspan=\"2\"><strong>LOCKZONE Ceiling VF<\/strong><br \/>\n<strong>Size<\/strong><\/td>\n<td class=\"bold v-align-bottom\" rowspan=\"2\"><strong>REACT ALS<\/strong><br \/>\n<strong>Size<\/strong><\/td>\n<td class=\"bold v-align-middle h-align-center\" colspan=\"2\"><strong>Min.*<\/strong><\/td>\n<td class=\"bold v-align-middle h-align-center\" colspan=\"2\"><strong>25 dB(A)<\/strong><\/td>\n<td class=\"bold v-align-middle h-align-center\" colspan=\"2\"><strong>30 dB(A)<\/strong><\/td>\n<td class=\"bold v-align-middle h-align-center\" colspan=\"2\"><strong>35 dB(A)<\/strong><\/td>\n<\/tr>\n<tr>\n<td class=\"bold v-align-middle h-align-center\"><strong>l\/s<\/strong><\/td>\n<td class=\"bold v-align-middle h-align-center\"><strong>m3\/h<\/strong><\/td>\n<td class=\"bold v-align-middle h-align-center\"><strong>l\/s<\/strong><\/td>\n<td class=\"bold v-align-middle h-align-center\"><strong>m3\/h<\/strong><\/td>\n<td class=\"bold v-align-middle h-align-center\"><strong>l\/s<\/strong><\/td>\n<td class=\"bold v-align-middle h-align-center\"><strong>m3\/h<\/strong><\/td>\n<td class=\"bold v-align-middle h-align-center\"><strong>l\/s<\/strong><\/td>\n<td class=\"bold v-align-middle h-align-center\"><strong>m3\/h<\/strong><\/td>\n<\/tr>\n<tr>\n<td class=\"v-align-bottom\">250-600<\/td>\n<td class=\"v-align-bottom\">160-250<\/td>\n<td class=\"v-align-bottom h-align-left\">7<\/td>\n<td class=\"v-align-bottom h-align-left\">25<\/td>\n<td class=\"v-align-bottom h-align-left\">62<\/td>\n<td class=\"v-align-bottom h-align-left\">223<\/td>\n<td class=\"v-align-bottom h-align-left\">74<\/td>\n<td class=\"v-align-bottom h-align-left\">263<\/td>\n<td class=\"v-align-bottom h-align-left\">87<\/td>\n<td class=\"v-align-bottom h-align-left\">313<\/td>\n<\/tr>\n<tr>\n<td class=\"v-align-bottom\">315-600<\/td>\n<td class=\"v-align-bottom\">250-315<\/td>\n<td class=\"v-align-bottom h-align-left\">20<\/td>\n<td class=\"v-align-bottom h-align-left\">72<\/td>\n<td class=\"v-align-bottom h-align-left\">93<\/td>\n<td class=\"v-align-bottom h-align-left\">335<\/td>\n<td class=\"v-align-bottom h-align-left\">108<\/td>\n<td class=\"v-align-bottom h-align-left\">392<\/td>\n<td class=\"v-align-bottom h-align-left\">127<\/td>\n<td class=\"v-align-bottom h-align-left\">457<\/td>\n<\/tr>\n<tr>\n<td class=\"v-align-bottom h-align-center\" colspan=\"10\"><\/td>\n<\/tr>\n<tr>\n<td class=\"bold v-align-bottom\" rowspan=\"2\"><strong>LOCKZONE Ceiling VF<\/strong><br \/>\n<strong>Size<\/strong><\/td>\n<td class=\"bold v-align-middle h-align-left\" colspan=\"3\" rowspan=\"2\"><strong>ALS<\/strong><br \/>\n<strong>Size<\/strong><\/td>\n<td class=\"bold v-align-middle h-align-center\" colspan=\"2\"><strong>25 dB(A)<\/strong><\/td>\n<td class=\"bold v-align-middle h-align-center\" colspan=\"2\"><strong>30 dB(A)<\/strong><\/td>\n<td class=\"bold v-align-middle h-align-center\" colspan=\"2\"><strong>35 dB(A)<\/strong><\/td>\n<\/tr>\n<tr>\n<td class=\"bold v-align-middle h-align-center\"><strong>l\/s<\/strong><\/td>\n<td class=\"bold v-align-middle h-align-center\"><strong>m3\/h<\/strong><\/td>\n<td class=\"bold v-align-middle h-align-center\"><strong>l\/s<\/strong><\/td>\n<td class=\"bold v-align-middle h-align-center\"><strong>m3\/h<\/strong><\/td>\n<td class=\"bold v-align-middle h-align-center\"><strong>l\/s<\/strong><\/td>\n<td class=\"bold v-align-middle h-align-center\"><strong>m3\/h<\/strong><\/td>\n<\/tr>\n<tr>\n<td class=\"v-align-bottom\">250-600<\/td>\n<td class=\"v-align-bottom\" colspan=\"3\">160-250<\/td>\n<td class=\"v-align-middle h-align-left\">73<\/td>\n<td class=\"v-align-middle h-align-left\">263<\/td>\n<td class=\"v-align-middle h-align-left\">85<\/td>\n<td class=\"v-align-middle h-align-left\">306<\/td>\n<td class=\"v-align-middle h-align-left\">99<\/td>\n<td class=\"v-align-middle h-align-left\">356<\/td>\n<\/tr>\n<tr>\n<td class=\"v-align-bottom\">250-600<\/td>\n<td class=\"v-align-bottom\" colspan=\"3\">200-250<\/td>\n<td class=\"v-align-middle h-align-left\">80<\/td>\n<td class=\"v-align-middle h-align-left\">288<\/td>\n<td class=\"v-align-middle h-align-left\">92<\/td>\n<td class=\"v-align-middle h-align-left\">331<\/td>\n<td class=\"v-align-middle h-align-left\">105<\/td>\n<td class=\"v-align-middle h-align-left\">378<\/td>\n<\/tr>\n<tr>\n<td class=\"v-align-bottom\">315-600<\/td>\n<td class=\"v-align-bottom\" colspan=\"3\">200-315<\/td>\n<td class=\"v-align-middle h-align-left\">98<\/td>\n<td class=\"v-align-middle h-align-left\">353<\/td>\n<td class=\"v-align-middle h-align-left\">113<\/td>\n<td class=\"v-align-middle h-align-left\">407<\/td>\n<td class=\"v-align-middle h-align-left\">130<\/td>\n<td class=\"v-align-middle h-align-left\">468<\/td>\n<\/tr>\n<tr>\n<td class=\"v-align-bottom\">315-600<\/td>\n<td class=\"v-align-bottom\" colspan=\"3\">250-315<\/td>\n<td class=\"v-align-middle h-align-left\">110<\/td>\n<td class=\"v-align-middle h-align-left\">396<\/td>\n<td class=\"v-align-middle h-align-left\">126<\/td>\n<td class=\"v-align-middle h-align-left\">454<\/td>\n<td class=\"v-align-middle h-align-left\">144<\/td>\n<td class=\"v-align-middle h-align-left\">518<\/td>\n<\/tr>\n<tr>\n<td class=\"v-align-bottom\" colspan=\"10\">&nbsp;<\/p>\n<p>Dati ir nor\u0101d\u012bti piepl\u016bdes gaisam ar atv\u0113rtu aizb\u012bdni, ja tiek izmantota REACT ALS vai ALS ekspluat\u0101cijas k\u0101rba.<br \/>\n*) Lp10A = ska\u0146as spiediens t.sk. A-filtrs ar 4 dB telpas v\u0101jin\u0101jumu un 10 m2 telpas absorbcijas laukumu.<br \/>\n*Produkts nedr\u012bkst b\u016bt zem\u0101ks par min. jo tad nevar garant\u0113t m\u0113r\u012b\u0161anas funkciju. PIEZ\u012aME: augsta spiediena krituma gad\u012bjum\u0101 vis\u0101 izstr\u0101d\u0101jum\u0101 var b\u016bt gr\u016bti sasniegt min. pl\u016bsma.<\/td>\n<\/tr>\n<\/tbody>\n<\/table>","protected":false},"excerpt":{"rendered":"<h4>Supply Diffuser<\/h4>\n<h4>\u2205250-600, 97-125 l\/s<\/h4>","protected":false},"featured_media":1822,"template":"","meta":{"_acf_changed":false,"inline_featured_image":false,"_links_to":"","_links_to_target":""},"product_brand":[],"product_cat":[60],"product_tag":[],"class_list":{"0":"post-1821","1":"product","2":"type-product","3":"status-publish","4":"has-post-thumbnail","6":"product_cat-griestu-difuzori","8":"first","9":"instock","10":"featured","11":"shipping-taxable","12":"product-type-simple"},"acf":[],"yoast_head":"<!-- This site is optimized with the Yoast SEO plugin v27.0 - https:\/\/yoast.com\/product\/yoast-seo-wordpress\/ -->\n<title>LOCKZONE C VF - Ecowise<\/title>\n<meta name=\"robots\" content=\"index, follow, max-snippet:-1, max-image-preview:large, max-video-preview:-1\" \/>\n<link rel=\"canonical\" href=\"https:\/\/ecowise.lv\/en\/product\/lockzone-ceiling-vf\/\" \/>\n<meta property=\"og:locale\" content=\"en_US\" \/>\n<meta property=\"og:type\" content=\"article\" \/>\n<meta property=\"og:title\" content=\"LOCKZONE C VF - Ecowise\" \/>\n<meta property=\"og:description\" content=\"Piepl\u016bdes difuzors \u2205250-600, 97-125 l\/s\" \/>\n<meta property=\"og:url\" content=\"https:\/\/ecowise.lv\/en\/product\/lockzone-ceiling-vf\/\" \/>\n<meta property=\"og:site_name\" content=\"Ecowise\" \/>\n<meta property=\"article:modified_time\" content=\"2024-06-13T08:19:42+00:00\" \/>\n<meta property=\"og:image\" content=\"https:\/\/ecowise.lv\/wp-content\/uploads\/2023\/08\/lockzone-c-vf_product-image.png\" \/>\n\t<meta property=\"og:image:width\" content=\"768\" \/>\n\t<meta property=\"og:image:height\" content=\"576\" \/>\n\t<meta property=\"og:image:type\" content=\"image\/png\" \/>\n<meta name=\"twitter:card\" content=\"summary_large_image\" \/>\n<meta name=\"twitter:label1\" content=\"Est. reading time\" \/>\n\t<meta name=\"twitter:data1\" content=\"2 minutes\" \/>\n<script type=\"application\/ld+json\" class=\"yoast-schema-graph\">{\"@context\":\"https:\/\/schema.org\",\"@graph\":[{\"@type\":\"WebPage\",\"@id\":\"https:\/\/ecowise.lv\/product\/lockzone-ceiling-vf\/\",\"url\":\"https:\/\/ecowise.lv\/product\/lockzone-ceiling-vf\/\",\"name\":\"LOCKZONE C VF - Ecowise\",\"isPartOf\":{\"@id\":\"https:\/\/ecowise.lv\/#website\"},\"primaryImageOfPage\":{\"@id\":\"https:\/\/ecowise.lv\/product\/lockzone-ceiling-vf\/#primaryimage\"},\"image\":{\"@id\":\"https:\/\/ecowise.lv\/product\/lockzone-ceiling-vf\/#primaryimage\"},\"thumbnailUrl\":\"https:\/\/ecowise.lv\/wp-content\/uploads\/2023\/08\/lockzone-c-vf_product-image.png\",\"datePublished\":\"2023-08-25T12:27:42+00:00\",\"dateModified\":\"2024-06-13T08:19:42+00:00\",\"breadcrumb\":{\"@id\":\"https:\/\/ecowise.lv\/product\/lockzone-ceiling-vf\/#breadcrumb\"},\"inLanguage\":\"en-US\",\"potentialAction\":[{\"@type\":\"ReadAction\",\"target\":[\"https:\/\/ecowise.lv\/product\/lockzone-ceiling-vf\/\"]}]},{\"@type\":\"ImageObject\",\"inLanguage\":\"en-US\",\"@id\":\"https:\/\/ecowise.lv\/product\/lockzone-ceiling-vf\/#primaryimage\",\"url\":\"https:\/\/ecowise.lv\/wp-content\/uploads\/2023\/08\/lockzone-c-vf_product-image.png\",\"contentUrl\":\"https:\/\/ecowise.lv\/wp-content\/uploads\/2023\/08\/lockzone-c-vf_product-image.png\",\"width\":768,\"height\":576},{\"@type\":\"BreadcrumbList\",\"@id\":\"https:\/\/ecowise.lv\/product\/lockzone-ceiling-vf\/#breadcrumb\",\"itemListElement\":[{\"@type\":\"ListItem\",\"position\":1,\"name\":\"Products\",\"item\":\"https:\/\/ecowise.lv\/shop\/\"},{\"@type\":\"ListItem\",\"position\":2,\"name\":\"LOCKZONE C VF\"}]},{\"@type\":\"WebSite\",\"@id\":\"https:\/\/ecowise.lv\/#website\",\"url\":\"https:\/\/ecowise.lv\/\",\"name\":\"Ecowise\",\"description\":\"Ener\u0123ijas pat\u0113ri\u0146a samazin\u0101jums\",\"publisher\":{\"@id\":\"https:\/\/ecowise.lv\/#organization\"},\"potentialAction\":[{\"@type\":\"SearchAction\",\"target\":{\"@type\":\"EntryPoint\",\"urlTemplate\":\"https:\/\/ecowise.lv\/?s={search_term_string}\"},\"query-input\":{\"@type\":\"PropertyValueSpecification\",\"valueRequired\":true,\"valueName\":\"search_term_string\"}}],\"inLanguage\":\"en-US\"},{\"@type\":\"Organization\",\"@id\":\"https:\/\/ecowise.lv\/#organization\",\"name\":\"Ecowise\",\"url\":\"https:\/\/ecowise.lv\/\",\"logo\":{\"@type\":\"ImageObject\",\"inLanguage\":\"en-US\",\"@id\":\"https:\/\/ecowise.lv\/#\/schema\/logo\/image\/\",\"url\":\"https:\/\/ecowise.lv\/wp-content\/uploads\/2023\/03\/logo.svg\",\"contentUrl\":\"https:\/\/ecowise.lv\/wp-content\/uploads\/2023\/03\/logo.svg\",\"width\":207,\"height\":27,\"caption\":\"Ecowise\"},\"image\":{\"@id\":\"https:\/\/ecowise.lv\/#\/schema\/logo\/image\/\"}}]}<\/script>\n<!-- \/ Yoast SEO plugin. -->","yoast_head_json":{"title":"LOCKZONE C VF - Ecowise","robots":{"index":"index","follow":"follow","max-snippet":"max-snippet:-1","max-image-preview":"max-image-preview:large","max-video-preview":"max-video-preview:-1"},"canonical":"https:\/\/ecowise.lv\/en\/product\/lockzone-ceiling-vf\/","og_locale":"en_US","og_type":"article","og_title":"LOCKZONE C VF - Ecowise","og_description":"Piepl\u016bdes difuzors \u2205250-600, 97-125 l\/s","og_url":"https:\/\/ecowise.lv\/en\/product\/lockzone-ceiling-vf\/","og_site_name":"Ecowise","article_modified_time":"2024-06-13T08:19:42+00:00","og_image":[{"width":768,"height":576,"url":"https:\/\/ecowise.lv\/wp-content\/uploads\/2023\/08\/lockzone-c-vf_product-image.png","type":"image\/png"}],"twitter_card":"summary_large_image","twitter_misc":{"Est. reading time":"2 minutes"},"schema":{"@context":"https:\/\/schema.org","@graph":[{"@type":"WebPage","@id":"https:\/\/ecowise.lv\/product\/lockzone-ceiling-vf\/","url":"https:\/\/ecowise.lv\/product\/lockzone-ceiling-vf\/","name":"LOCKZONE C VF - Ecowise","isPartOf":{"@id":"https:\/\/ecowise.lv\/#website"},"primaryImageOfPage":{"@id":"https:\/\/ecowise.lv\/product\/lockzone-ceiling-vf\/#primaryimage"},"image":{"@id":"https:\/\/ecowise.lv\/product\/lockzone-ceiling-vf\/#primaryimage"},"thumbnailUrl":"https:\/\/ecowise.lv\/wp-content\/uploads\/2023\/08\/lockzone-c-vf_product-image.png","datePublished":"2023-08-25T12:27:42+00:00","dateModified":"2024-06-13T08:19:42+00:00","breadcrumb":{"@id":"https:\/\/ecowise.lv\/product\/lockzone-ceiling-vf\/#breadcrumb"},"inLanguage":"en-US","potentialAction":[{"@type":"ReadAction","target":["https:\/\/ecowise.lv\/product\/lockzone-ceiling-vf\/"]}]},{"@type":"ImageObject","inLanguage":"en-US","@id":"https:\/\/ecowise.lv\/product\/lockzone-ceiling-vf\/#primaryimage","url":"https:\/\/ecowise.lv\/wp-content\/uploads\/2023\/08\/lockzone-c-vf_product-image.png","contentUrl":"https:\/\/ecowise.lv\/wp-content\/uploads\/2023\/08\/lockzone-c-vf_product-image.png","width":768,"height":576},{"@type":"BreadcrumbList","@id":"https:\/\/ecowise.lv\/product\/lockzone-ceiling-vf\/#breadcrumb","itemListElement":[{"@type":"ListItem","position":1,"name":"Products","item":"https:\/\/ecowise.lv\/shop\/"},{"@type":"ListItem","position":2,"name":"LOCKZONE C VF"}]},{"@type":"WebSite","@id":"https:\/\/ecowise.lv\/#website","url":"https:\/\/ecowise.lv\/","name":"Ecowise","description":"Ener\u0123ijas pat\u0113ri\u0146a samazin\u0101jums","publisher":{"@id":"https:\/\/ecowise.lv\/#organization"},"potentialAction":[{"@type":"SearchAction","target":{"@type":"EntryPoint","urlTemplate":"https:\/\/ecowise.lv\/?s={search_term_string}"},"query-input":{"@type":"PropertyValueSpecification","valueRequired":true,"valueName":"search_term_string"}}],"inLanguage":"en-US"},{"@type":"Organization","@id":"https:\/\/ecowise.lv\/#organization","name":"Ecowise","url":"https:\/\/ecowise.lv\/","logo":{"@type":"ImageObject","inLanguage":"en-US","@id":"https:\/\/ecowise.lv\/#\/schema\/logo\/image\/","url":"https:\/\/ecowise.lv\/wp-content\/uploads\/2023\/03\/logo.svg","contentUrl":"https:\/\/ecowise.lv\/wp-content\/uploads\/2023\/03\/logo.svg","width":207,"height":27,"caption":"Ecowise"},"image":{"@id":"https:\/\/ecowise.lv\/#\/schema\/logo\/image\/"}}]}},"_links":{"self":[{"href":"https:\/\/ecowise.lv\/en\/wp-json\/wp\/v2\/product\/1821","targetHints":{"allow":["GET"]}}],"collection":[{"href":"https:\/\/ecowise.lv\/en\/wp-json\/wp\/v2\/product"}],"about":[{"href":"https:\/\/ecowise.lv\/en\/wp-json\/wp\/v2\/types\/product"}],"wp:featuredmedia":[{"embeddable":true,"href":"https:\/\/ecowise.lv\/en\/wp-json\/wp\/v2\/media\/1822"}],"wp:attachment":[{"href":"https:\/\/ecowise.lv\/en\/wp-json\/wp\/v2\/media?parent=1821"}],"wp:term":[{"taxonomy":"product_brand","embeddable":true,"href":"https:\/\/ecowise.lv\/en\/wp-json\/wp\/v2\/product_brand?post=1821"},{"taxonomy":"product_cat","embeddable":true,"href":"https:\/\/ecowise.lv\/en\/wp-json\/wp\/v2\/product_cat?post=1821"},{"taxonomy":"product_tag","embeddable":true,"href":"https:\/\/ecowise.lv\/en\/wp-json\/wp\/v2\/product_tag?post=1821"}],"curies":[{"name":"wp","href":"https:\/\/api.w.org\/{rel}","templated":true}]}}