{"id":1790,"date":"2023-08-25T12:41:16","date_gmt":"2023-08-25T09:41:16","guid":{"rendered":"https:\/\/ecowise.lv\/?post_type=product&#038;p=1790"},"modified":"2024-06-13T11:25:06","modified_gmt":"2024-06-13T08:25:06","slug":"hawk-ceiling-3","status":"publish","type":"product","link":"https:\/\/ecowise.lv\/en\/product\/hawk-ceiling-3\/","title":{"rendered":"HAWK Ceiling"},"content":{"rendered":"<div class=\"product-description\">\n<div class=\"product-description\">\n<h3>Square perforated diffuser for supply and exhaust air<\/h3>\n<ul>\n<li>Flush design<\/li>\n<li>Exhaust air version also available.<\/li>\n<li>Designed for modular suspended ceilings<\/li>\n<li>Quick Access<\/li>\n<li>Adapter for suspended ceiling system<\/li>\n<li>ALS switching box with 1 or 2 size changes between inlet and outlet<\/li>\n<li>Low mounting height version available.<\/li>\n<li>Standard colour White RAL 9003<\/li>\n<li>5 alternative standard colours<\/li>\n<li>Other colours upon request<\/li>\n<\/ul>\n<\/div>\n<\/div>\n<p>&nbsp;<\/p>\n<table style=\"height: 573px;\" width=\"931\">\n<tbody>\n<tr>\n<td class=\"bold v-align-bottom h-align-center\" colspan=\"8\">\n<div class=\"gtx-body\"><strong>AIR FLOW - SOUND PRESSURE ROOM (Lp10A) *)<\/strong><\/div>\n<\/td>\n<\/tr>\n<tr>\n<td class=\"bold v-align-bottom\" colspan=\"2\" rowspan=\"2\"><strong>HAWK Ceiling<\/strong><br \/>\n<strong>Size<\/strong><\/td>\n<td class=\"bold v-align-bottom h-align-center\" colspan=\"2\"><strong>25 dB(A)<\/strong><\/td>\n<td class=\"bold v-align-bottom h-align-center\" colspan=\"2\"><strong>30 dB(A)<\/strong><\/td>\n<td class=\"bold v-align-bottom h-align-center\" colspan=\"2\"><strong>35 dB(A)<\/strong><\/td>\n<\/tr>\n<tr>\n<td class=\"bold v-align-bottom\"><strong>l\/s<\/strong><\/td>\n<td class=\"bold v-align-bottom\"><strong>m3\/h<\/strong><\/td>\n<td class=\"bold v-align-bottom\"><strong>l\/s<\/strong><\/td>\n<td class=\"bold v-align-bottom\"><strong>m3\/h<\/strong><\/td>\n<td class=\"bold v-align-bottom\"><strong>l\/s<\/strong><\/td>\n<td class=\"bold v-align-bottom\"><strong>m3\/h<\/strong><\/td>\n<\/tr>\n<tr>\n<td class=\"v-align-bottom\" colspan=\"2\">125-600<\/td>\n<td class=\"v-align-bottom h-align-left\">39<\/td>\n<td class=\"v-align-bottom h-align-left\">140<\/td>\n<td class=\"v-align-bottom h-align-left\">45<\/td>\n<td class=\"v-align-bottom h-align-left\">162<\/td>\n<td class=\"v-align-bottom h-align-left\">54<\/td>\n<td class=\"v-align-bottom h-align-left\">194<\/td>\n<\/tr>\n<tr>\n<td class=\"v-align-bottom\" colspan=\"2\">160-600<\/td>\n<td class=\"v-align-bottom h-align-left\">61<\/td>\n<td class=\"v-align-bottom h-align-left\">220<\/td>\n<td class=\"v-align-bottom h-align-left\">75<\/td>\n<td class=\"v-align-bottom h-align-left\">270<\/td>\n<td class=\"v-align-bottom h-align-left\">85<\/td>\n<td class=\"v-align-bottom h-align-left\">306<\/td>\n<\/tr>\n<tr>\n<td class=\"v-align-bottom\" colspan=\"2\">200-600<\/td>\n<td class=\"v-align-bottom h-align-left\">90<\/td>\n<td class=\"v-align-bottom h-align-left\">324<\/td>\n<td class=\"v-align-bottom h-align-left\">105<\/td>\n<td class=\"v-align-bottom h-align-left\">378<\/td>\n<td class=\"v-align-bottom h-align-left\">120<\/td>\n<td class=\"v-align-bottom h-align-left\">432<\/td>\n<\/tr>\n<tr>\n<td class=\"v-align-bottom\" colspan=\"2\">250-600<\/td>\n<td class=\"v-align-bottom h-align-left\">135<\/td>\n<td class=\"v-align-bottom h-align-left\">486<\/td>\n<td class=\"v-align-bottom h-align-left\">155<\/td>\n<td class=\"v-align-bottom h-align-left\">558<\/td>\n<td class=\"v-align-bottom h-align-left\">175<\/td>\n<td class=\"v-align-bottom h-align-left\">630<\/td>\n<\/tr>\n<tr>\n<td class=\"v-align-bottom\" colspan=\"2\">315-600<\/td>\n<td class=\"v-align-bottom h-align-left\">145<\/td>\n<td class=\"v-align-bottom h-align-left\">522<\/td>\n<td class=\"v-align-bottom h-align-left\">175<\/td>\n<td class=\"v-align-bottom h-align-left\">630<\/td>\n<td class=\"v-align-bottom h-align-left\">205<\/td>\n<td class=\"v-align-bottom h-align-left\">738<\/td>\n<\/tr>\n<tr>\n<td class=\"v-align-bottom\" colspan=\"2\">400-600<\/td>\n<td class=\"v-align-bottom h-align-left\">200<\/td>\n<td class=\"v-align-bottom h-align-left\">720<\/td>\n<td class=\"v-align-bottom h-align-left\">240<\/td>\n<td class=\"v-align-bottom h-align-left\">864<\/td>\n<td class=\"v-align-bottom h-align-left\">285<\/td>\n<td class=\"v-align-bottom h-align-left\">1026<\/td>\n<\/tr>\n<tr>\n<td class=\"v-align-bottom h-align-center\" colspan=\"8\"><\/td>\n<\/tr>\n<tr>\n<td class=\"bold v-align-bottom\" rowspan=\"2\"><strong>HAWK Ceiling<\/strong><br \/>\n<strong>Size<\/strong><\/td>\n<td class=\"bold v-align-bottom\" rowspan=\"2\"><strong>ALS<\/strong><br \/>\n<strong>Size<\/strong><\/td>\n<td class=\"bold v-align-bottom h-align-center\" colspan=\"2\"><strong>25 dB(A)<\/strong><\/td>\n<td class=\"bold v-align-bottom h-align-center\" colspan=\"2\"><strong>30 dB(A)<\/strong><\/td>\n<td class=\"bold v-align-bottom h-align-center\" colspan=\"2\"><strong>35 dB(A)<\/strong><\/td>\n<\/tr>\n<tr>\n<td class=\"bold v-align-bottom\"><strong>l\/s<\/strong><\/td>\n<td class=\"bold v-align-bottom\"><strong>m3\/h<\/strong><\/td>\n<td class=\"bold v-align-bottom\"><strong>l\/s<\/strong><\/td>\n<td class=\"bold v-align-bottom\"><strong>m3\/h<\/strong><\/td>\n<td class=\"bold v-align-bottom\"><strong>l\/s<\/strong><\/td>\n<td class=\"bold v-align-bottom\"><strong>m3\/h<\/strong><\/td>\n<\/tr>\n<tr>\n<td class=\"v-align-bottom\">125-600<\/td>\n<td class=\"v-align-bottom\">100-125<\/td>\n<td class=\"v-align-bottom h-align-left\">27<\/td>\n<td class=\"v-align-bottom h-align-left\">97<\/td>\n<td class=\"v-align-bottom h-align-left\">33<\/td>\n<td class=\"v-align-bottom h-align-left\">119<\/td>\n<td class=\"v-align-bottom h-align-left\">40<\/td>\n<td class=\"v-align-bottom h-align-left\">144<\/td>\n<\/tr>\n<tr>\n<td class=\"v-align-bottom\">160-600<\/td>\n<td class=\"v-align-bottom\">125-160<\/td>\n<td class=\"v-align-bottom h-align-left\">37<\/td>\n<td class=\"v-align-bottom h-align-left\">133<\/td>\n<td class=\"v-align-bottom h-align-left\">46<\/td>\n<td class=\"v-align-bottom h-align-left\">166<\/td>\n<td class=\"v-align-bottom h-align-left\">58<\/td>\n<td class=\"v-align-bottom h-align-left\">209<\/td>\n<\/tr>\n<tr>\n<td class=\"v-align-bottom\">200-600<\/td>\n<td class=\"v-align-bottom\">160-200<\/td>\n<td class=\"v-align-bottom h-align-left\">56<\/td>\n<td class=\"v-align-bottom h-align-left\">202<\/td>\n<td class=\"v-align-bottom h-align-left\">71<\/td>\n<td class=\"v-align-bottom h-align-left\">256<\/td>\n<td class=\"v-align-bottom h-align-left\">90<\/td>\n<td class=\"v-align-bottom h-align-left\">324<\/td>\n<\/tr>\n<tr>\n<td class=\"v-align-bottom\">250-600<\/td>\n<td class=\"v-align-bottom\">200-250<\/td>\n<td class=\"v-align-bottom h-align-left\">85<\/td>\n<td class=\"v-align-bottom h-align-left\">306<\/td>\n<td class=\"v-align-bottom h-align-left\">110<\/td>\n<td class=\"v-align-bottom h-align-left\">396<\/td>\n<td class=\"v-align-bottom h-align-left\">150<\/td>\n<td class=\"v-align-bottom h-align-left\">540<\/td>\n<\/tr>\n<tr>\n<td class=\"v-align-bottom\">315-600<\/td>\n<td class=\"v-align-bottom\">250-315<\/td>\n<td class=\"v-align-bottom h-align-left\">126<\/td>\n<td class=\"v-align-bottom h-align-left\">454<\/td>\n<td class=\"v-align-bottom h-align-left\">145<\/td>\n<td class=\"v-align-bottom h-align-left\">522<\/td>\n<td class=\"v-align-bottom h-align-left\">170<\/td>\n<td class=\"v-align-bottom h-align-left\">612<\/td>\n<\/tr>\n<tr>\n<td class=\"v-align-bottom\">400-600<\/td>\n<td class=\"v-align-bottom\">315-400<\/td>\n<td class=\"v-align-bottom h-align-left\">170<\/td>\n<td class=\"v-align-bottom h-align-left\">612<\/td>\n<td class=\"v-align-bottom h-align-left\">205<\/td>\n<td class=\"v-align-bottom h-align-left\">738<\/td>\n<td class=\"v-align-bottom h-align-left\">245<\/td>\n<td class=\"v-align-bottom h-align-left\">882<\/td>\n<\/tr>\n<tr>\n<td class=\"v-align-bottom\" colspan=\"8\">&nbsp;<\/p>\n<p>Tabul\u0101 nor\u0101d\u012btie dati attiecas uz piepl\u016bdes gaisu un 50 Pa kop\u0113jo spiedienu, ja tiek izmantota ALS ekspluat\u0101cijas k\u0101rba.<br \/>\n*) Lp10A = ska\u0146as spiediens t.sk. A-filtrs ar 4 dB telpas v\u0101jin\u0101jumu un 10 m\u00b2 telpas absorbcijas laukumu.<\/td>\n<\/tr>\n<\/tbody>\n<\/table>","protected":false},"excerpt":{"rendered":"<h4>Supply and Exhaust Diffuser<\/h4>\n<h4>\u2205125-400, 19-245 l\/s<\/h4>","protected":false},"featured_media":1791,"template":"","meta":{"_acf_changed":false,"inline_featured_image":false,"_links_to":"","_links_to_target":""},"product_brand":[],"product_cat":[60,65],"product_tag":[],"class_list":{"0":"post-1790","1":"product","2":"type-product","3":"status-publish","4":"has-post-thumbnail","6":"product_cat-griestu-difuzori","7":"product_cat-nosuces-difuzori","9":"first","10":"instock","11":"featured","12":"shipping-taxable","13":"product-type-simple"},"acf":[],"yoast_head":"<!-- This site is optimized with the Yoast SEO plugin v27.0 - https:\/\/yoast.com\/product\/yoast-seo-wordpress\/ -->\n<title>HAWK Ceiling - Ecowise<\/title>\n<meta name=\"robots\" content=\"index, follow, max-snippet:-1, max-image-preview:large, max-video-preview:-1\" \/>\n<link rel=\"canonical\" href=\"https:\/\/ecowise.lv\/en\/product\/hawk-ceiling-3\/\" \/>\n<meta property=\"og:locale\" content=\"en_US\" \/>\n<meta property=\"og:type\" content=\"article\" \/>\n<meta property=\"og:title\" content=\"HAWK Ceiling - Ecowise\" \/>\n<meta property=\"og:description\" content=\"Piepl\u016bdes un Nos\u016bces difuzors \u2205125-400, 19-245 l\/s\" \/>\n<meta property=\"og:url\" content=\"https:\/\/ecowise.lv\/en\/product\/hawk-ceiling-3\/\" \/>\n<meta property=\"og:site_name\" content=\"Ecowise\" \/>\n<meta property=\"article:modified_time\" content=\"2024-06-13T08:25:06+00:00\" \/>\n<meta property=\"og:image\" content=\"https:\/\/ecowise.lv\/wp-content\/uploads\/2023\/08\/hawk-ceiling-productimage.jpg\" \/>\n\t<meta property=\"og:image:width\" content=\"768\" \/>\n\t<meta property=\"og:image:height\" content=\"576\" \/>\n\t<meta property=\"og:image:type\" content=\"image\/jpeg\" \/>\n<meta name=\"twitter:card\" content=\"summary_large_image\" \/>\n<meta name=\"twitter:label1\" content=\"Est. reading time\" \/>\n\t<meta name=\"twitter:data1\" content=\"2 minutes\" \/>\n<script type=\"application\/ld+json\" class=\"yoast-schema-graph\">{\"@context\":\"https:\/\/schema.org\",\"@graph\":[{\"@type\":\"WebPage\",\"@id\":\"https:\/\/ecowise.lv\/product\/hawk-ceiling-3\/\",\"url\":\"https:\/\/ecowise.lv\/product\/hawk-ceiling-3\/\",\"name\":\"HAWK Ceiling - Ecowise\",\"isPartOf\":{\"@id\":\"https:\/\/ecowise.lv\/#website\"},\"primaryImageOfPage\":{\"@id\":\"https:\/\/ecowise.lv\/product\/hawk-ceiling-3\/#primaryimage\"},\"image\":{\"@id\":\"https:\/\/ecowise.lv\/product\/hawk-ceiling-3\/#primaryimage\"},\"thumbnailUrl\":\"https:\/\/ecowise.lv\/wp-content\/uploads\/2023\/08\/hawk-ceiling-productimage.jpg\",\"datePublished\":\"2023-08-25T09:41:16+00:00\",\"dateModified\":\"2024-06-13T08:25:06+00:00\",\"breadcrumb\":{\"@id\":\"https:\/\/ecowise.lv\/product\/hawk-ceiling-3\/#breadcrumb\"},\"inLanguage\":\"en-US\",\"potentialAction\":[{\"@type\":\"ReadAction\",\"target\":[\"https:\/\/ecowise.lv\/product\/hawk-ceiling-3\/\"]}]},{\"@type\":\"ImageObject\",\"inLanguage\":\"en-US\",\"@id\":\"https:\/\/ecowise.lv\/product\/hawk-ceiling-3\/#primaryimage\",\"url\":\"https:\/\/ecowise.lv\/wp-content\/uploads\/2023\/08\/hawk-ceiling-productimage.jpg\",\"contentUrl\":\"https:\/\/ecowise.lv\/wp-content\/uploads\/2023\/08\/hawk-ceiling-productimage.jpg\",\"width\":768,\"height\":576},{\"@type\":\"BreadcrumbList\",\"@id\":\"https:\/\/ecowise.lv\/product\/hawk-ceiling-3\/#breadcrumb\",\"itemListElement\":[{\"@type\":\"ListItem\",\"position\":1,\"name\":\"Products\",\"item\":\"https:\/\/ecowise.lv\/shop\/\"},{\"@type\":\"ListItem\",\"position\":2,\"name\":\"HAWK Ceiling\"}]},{\"@type\":\"WebSite\",\"@id\":\"https:\/\/ecowise.lv\/#website\",\"url\":\"https:\/\/ecowise.lv\/\",\"name\":\"Ecowise\",\"description\":\"Ener\u0123ijas pat\u0113ri\u0146a samazin\u0101jums\",\"publisher\":{\"@id\":\"https:\/\/ecowise.lv\/#organization\"},\"potentialAction\":[{\"@type\":\"SearchAction\",\"target\":{\"@type\":\"EntryPoint\",\"urlTemplate\":\"https:\/\/ecowise.lv\/?s={search_term_string}\"},\"query-input\":{\"@type\":\"PropertyValueSpecification\",\"valueRequired\":true,\"valueName\":\"search_term_string\"}}],\"inLanguage\":\"en-US\"},{\"@type\":\"Organization\",\"@id\":\"https:\/\/ecowise.lv\/#organization\",\"name\":\"Ecowise\",\"url\":\"https:\/\/ecowise.lv\/\",\"logo\":{\"@type\":\"ImageObject\",\"inLanguage\":\"en-US\",\"@id\":\"https:\/\/ecowise.lv\/#\/schema\/logo\/image\/\",\"url\":\"https:\/\/ecowise.lv\/wp-content\/uploads\/2023\/03\/logo.svg\",\"contentUrl\":\"https:\/\/ecowise.lv\/wp-content\/uploads\/2023\/03\/logo.svg\",\"width\":207,\"height\":27,\"caption\":\"Ecowise\"},\"image\":{\"@id\":\"https:\/\/ecowise.lv\/#\/schema\/logo\/image\/\"}}]}<\/script>\n<!-- \/ Yoast SEO plugin. -->","yoast_head_json":{"title":"HAWK Ceiling - Ecowise","robots":{"index":"index","follow":"follow","max-snippet":"max-snippet:-1","max-image-preview":"max-image-preview:large","max-video-preview":"max-video-preview:-1"},"canonical":"https:\/\/ecowise.lv\/en\/product\/hawk-ceiling-3\/","og_locale":"en_US","og_type":"article","og_title":"HAWK Ceiling - Ecowise","og_description":"Piepl\u016bdes un Nos\u016bces difuzors \u2205125-400, 19-245 l\/s","og_url":"https:\/\/ecowise.lv\/en\/product\/hawk-ceiling-3\/","og_site_name":"Ecowise","article_modified_time":"2024-06-13T08:25:06+00:00","og_image":[{"width":768,"height":576,"url":"https:\/\/ecowise.lv\/wp-content\/uploads\/2023\/08\/hawk-ceiling-productimage.jpg","type":"image\/jpeg"}],"twitter_card":"summary_large_image","twitter_misc":{"Est. reading time":"2 minutes"},"schema":{"@context":"https:\/\/schema.org","@graph":[{"@type":"WebPage","@id":"https:\/\/ecowise.lv\/product\/hawk-ceiling-3\/","url":"https:\/\/ecowise.lv\/product\/hawk-ceiling-3\/","name":"HAWK Ceiling - Ecowise","isPartOf":{"@id":"https:\/\/ecowise.lv\/#website"},"primaryImageOfPage":{"@id":"https:\/\/ecowise.lv\/product\/hawk-ceiling-3\/#primaryimage"},"image":{"@id":"https:\/\/ecowise.lv\/product\/hawk-ceiling-3\/#primaryimage"},"thumbnailUrl":"https:\/\/ecowise.lv\/wp-content\/uploads\/2023\/08\/hawk-ceiling-productimage.jpg","datePublished":"2023-08-25T09:41:16+00:00","dateModified":"2024-06-13T08:25:06+00:00","breadcrumb":{"@id":"https:\/\/ecowise.lv\/product\/hawk-ceiling-3\/#breadcrumb"},"inLanguage":"en-US","potentialAction":[{"@type":"ReadAction","target":["https:\/\/ecowise.lv\/product\/hawk-ceiling-3\/"]}]},{"@type":"ImageObject","inLanguage":"en-US","@id":"https:\/\/ecowise.lv\/product\/hawk-ceiling-3\/#primaryimage","url":"https:\/\/ecowise.lv\/wp-content\/uploads\/2023\/08\/hawk-ceiling-productimage.jpg","contentUrl":"https:\/\/ecowise.lv\/wp-content\/uploads\/2023\/08\/hawk-ceiling-productimage.jpg","width":768,"height":576},{"@type":"BreadcrumbList","@id":"https:\/\/ecowise.lv\/product\/hawk-ceiling-3\/#breadcrumb","itemListElement":[{"@type":"ListItem","position":1,"name":"Products","item":"https:\/\/ecowise.lv\/shop\/"},{"@type":"ListItem","position":2,"name":"HAWK Ceiling"}]},{"@type":"WebSite","@id":"https:\/\/ecowise.lv\/#website","url":"https:\/\/ecowise.lv\/","name":"Ecowise","description":"Ener\u0123ijas pat\u0113ri\u0146a samazin\u0101jums","publisher":{"@id":"https:\/\/ecowise.lv\/#organization"},"potentialAction":[{"@type":"SearchAction","target":{"@type":"EntryPoint","urlTemplate":"https:\/\/ecowise.lv\/?s={search_term_string}"},"query-input":{"@type":"PropertyValueSpecification","valueRequired":true,"valueName":"search_term_string"}}],"inLanguage":"en-US"},{"@type":"Organization","@id":"https:\/\/ecowise.lv\/#organization","name":"Ecowise","url":"https:\/\/ecowise.lv\/","logo":{"@type":"ImageObject","inLanguage":"en-US","@id":"https:\/\/ecowise.lv\/#\/schema\/logo\/image\/","url":"https:\/\/ecowise.lv\/wp-content\/uploads\/2023\/03\/logo.svg","contentUrl":"https:\/\/ecowise.lv\/wp-content\/uploads\/2023\/03\/logo.svg","width":207,"height":27,"caption":"Ecowise"},"image":{"@id":"https:\/\/ecowise.lv\/#\/schema\/logo\/image\/"}}]}},"_links":{"self":[{"href":"https:\/\/ecowise.lv\/en\/wp-json\/wp\/v2\/product\/1790","targetHints":{"allow":["GET"]}}],"collection":[{"href":"https:\/\/ecowise.lv\/en\/wp-json\/wp\/v2\/product"}],"about":[{"href":"https:\/\/ecowise.lv\/en\/wp-json\/wp\/v2\/types\/product"}],"wp:featuredmedia":[{"embeddable":true,"href":"https:\/\/ecowise.lv\/en\/wp-json\/wp\/v2\/media\/1791"}],"wp:attachment":[{"href":"https:\/\/ecowise.lv\/en\/wp-json\/wp\/v2\/media?parent=1790"}],"wp:term":[{"taxonomy":"product_brand","embeddable":true,"href":"https:\/\/ecowise.lv\/en\/wp-json\/wp\/v2\/product_brand?post=1790"},{"taxonomy":"product_cat","embeddable":true,"href":"https:\/\/ecowise.lv\/en\/wp-json\/wp\/v2\/product_cat?post=1790"},{"taxonomy":"product_tag","embeddable":true,"href":"https:\/\/ecowise.lv\/en\/wp-json\/wp\/v2\/product_tag?post=1790"}],"curies":[{"name":"wp","href":"https:\/\/api.w.org\/{rel}","templated":true}]}}