{"id":1783,"date":"2023-08-25T12:05:12","date_gmt":"2023-08-25T09:05:12","guid":{"rendered":"https:\/\/ecowise.lv\/?post_type=product&#038;p=1783"},"modified":"2024-02-07T14:50:38","modified_gmt":"2024-02-07T12:50:38","slug":"falcon-ceiling","status":"publish","type":"product","link":"https:\/\/ecowise.lv\/en\/product\/falcon-ceiling\/","title":{"rendered":"FALCON Ceiling"},"content":{"rendered":"<div class=\"product-description\">\n<div class=\"product-description\">\n<h3>Circular ceiling air diffuser for supply air<\/h3>\n<p>Circular supply air diffuser for ceiling installation. Manages large supply air flows. Well-suited for constant as well as variable air flow. Air above or below room temperature can be discharged in a horizontal or vertical spread direction into the room. Suitable for comfort and industrial premises.<\/p>\n<ul>\n<li>Manages large supply air flows<\/li>\n<li>Horizontal or vertical distribution pattern<\/li>\n<li>Provision for motorised adjustment of the distribution pattern<\/li>\n<li>Suitable for airborne heating.<\/li>\n<li>Can be used with the ALS commissioning box.<\/li>\n<li>Cleanable<\/li>\n<li>Standard white RAL 9003<\/li>\n<li>5 alternative standard colours<\/li>\n<li>Other colours upon request<\/li>\n<\/ul>\n<\/div>\n<\/div>\n<p>&nbsp;<\/p>\n<table style=\"height: 638px;\" width=\"1032\">\n<tbody>\n<tr>\n<td class=\"bold v-align-bottom h-align-center\" colspan=\"8\">\n<div class=\"gtx-body\"><strong>AIR FLOW - SOUND PRESSURE ROOM (Lp10A) *)<\/strong><\/div>\n<\/td>\n<\/tr>\n<tr>\n<td class=\"bold v-align-bottom\" colspan=\"2\" rowspan=\"2\"><strong>FALCON Ceiling<\/strong><br \/>\n<strong>Size<\/strong><\/td>\n<td class=\"bold v-align-middle h-align-center\" colspan=\"2\"><strong>25 dB(A)<\/strong><\/td>\n<td class=\"bold v-align-middle h-align-center\" colspan=\"2\"><strong>30 dB(A)<\/strong><\/td>\n<td class=\"bold v-align-middle h-align-center\" colspan=\"2\"><strong>35 dB(A)<\/strong><\/td>\n<\/tr>\n<tr>\n<td class=\"bold v-align-middle h-align-center\"><strong>l\/s<\/strong><\/td>\n<td class=\"bold v-align-middle h-align-center\"><strong>m3\/h<\/strong><\/td>\n<td class=\"bold v-align-middle h-align-center\"><strong>l\/s<\/strong><\/td>\n<td class=\"bold v-align-middle h-align-center\"><strong>m3\/h<\/strong><\/td>\n<td class=\"bold v-align-middle h-align-center\"><strong>l\/s<\/strong><\/td>\n<td class=\"bold v-align-middle h-align-center\"><strong>m3\/h<\/strong><\/td>\n<\/tr>\n<tr>\n<td class=\"v-align-bottom\" colspan=\"2\">125<\/td>\n<td class=\"v-align-bottom h-align-left\">48<\/td>\n<td class=\"v-align-bottom h-align-left\">173<\/td>\n<td class=\"v-align-bottom h-align-left\">57<\/td>\n<td class=\"v-align-bottom h-align-left\">205<\/td>\n<td class=\"v-align-bottom h-align-left\">68<\/td>\n<td class=\"v-align-bottom h-align-left\">245<\/td>\n<\/tr>\n<tr>\n<td class=\"v-align-bottom\" colspan=\"2\">160<\/td>\n<td class=\"v-align-bottom h-align-left\">70<\/td>\n<td class=\"v-align-bottom h-align-left\">252<\/td>\n<td class=\"v-align-bottom h-align-left\">83<\/td>\n<td class=\"v-align-bottom h-align-left\">299<\/td>\n<td class=\"v-align-bottom h-align-left\">99<\/td>\n<td class=\"v-align-bottom h-align-left\">356<\/td>\n<\/tr>\n<tr>\n<td class=\"v-align-bottom\" colspan=\"2\">200<\/td>\n<td class=\"v-align-bottom h-align-left\">112<\/td>\n<td class=\"v-align-bottom h-align-left\">403<\/td>\n<td class=\"v-align-bottom h-align-left\">132<\/td>\n<td class=\"v-align-bottom h-align-left\">475<\/td>\n<td class=\"v-align-bottom h-align-left\">156<\/td>\n<td class=\"v-align-bottom h-align-left\">562<\/td>\n<\/tr>\n<tr>\n<td class=\"v-align-bottom\" colspan=\"2\">250<\/td>\n<td class=\"v-align-bottom h-align-left\">170<\/td>\n<td class=\"v-align-bottom h-align-left\">612<\/td>\n<td class=\"v-align-bottom h-align-left\">202<\/td>\n<td class=\"v-align-bottom h-align-left\">727<\/td>\n<td class=\"v-align-bottom h-align-left\">240<\/td>\n<td class=\"v-align-bottom h-align-left\">864<\/td>\n<\/tr>\n<tr>\n<td class=\"v-align-bottom\" colspan=\"2\">315<\/td>\n<td class=\"v-align-bottom h-align-left\">265<\/td>\n<td class=\"v-align-bottom h-align-left\">954<\/td>\n<td class=\"v-align-bottom h-align-left\">312<\/td>\n<td class=\"v-align-bottom h-align-left\">1123<\/td>\n<td class=\"v-align-bottom h-align-left\">370<\/td>\n<td class=\"v-align-bottom h-align-left\">1332<\/td>\n<\/tr>\n<tr>\n<td class=\"v-align-bottom\" colspan=\"2\">400<\/td>\n<td class=\"v-align-bottom h-align-left\">431<\/td>\n<td class=\"v-align-bottom h-align-left\">1552<\/td>\n<td class=\"v-align-bottom h-align-left\">505<\/td>\n<td class=\"v-align-bottom h-align-left\">1818<\/td>\n<td class=\"v-align-bottom h-align-left\">590<\/td>\n<td class=\"v-align-bottom h-align-left\">2124<\/td>\n<\/tr>\n<tr>\n<td class=\"v-align-bottom\" colspan=\"2\">500<\/td>\n<td class=\"v-align-bottom h-align-left\">631<\/td>\n<td class=\"v-align-bottom h-align-left\">2272<\/td>\n<td class=\"v-align-bottom h-align-left\">743<\/td>\n<td class=\"v-align-bottom h-align-left\">2675<\/td>\n<td class=\"v-align-bottom h-align-left\">875<\/td>\n<td class=\"v-align-bottom h-align-left\">3150<\/td>\n<\/tr>\n<tr>\n<td class=\"v-align-bottom h-align-center\" colspan=\"8\"><\/td>\n<\/tr>\n<tr>\n<td class=\"bold v-align-bottom\" rowspan=\"2\"><strong>FALCON Ceiling<\/strong><br \/>\n<strong>Size<\/strong><\/td>\n<td class=\"bold v-align-bottom h-align-left\" rowspan=\"2\"><strong>ALS<\/strong><br \/>\n<strong>Size<\/strong><\/td>\n<td class=\"bold v-align-middle h-align-center\" colspan=\"2\"><strong>25 dB(A)<\/strong><\/td>\n<td class=\"bold v-align-middle h-align-center\" colspan=\"2\"><strong>30 dB(A)<\/strong><\/td>\n<td class=\"bold v-align-middle h-align-center\" colspan=\"2\"><strong>35 dB(A)<\/strong><\/td>\n<\/tr>\n<tr>\n<td class=\"bold v-align-middle h-align-center\"><strong>l\/s<\/strong><\/td>\n<td class=\"bold v-align-middle h-align-center\"><strong>m3\/h<\/strong><\/td>\n<td class=\"bold v-align-middle h-align-center\"><strong>l\/s<\/strong><\/td>\n<td class=\"bold v-align-middle h-align-center\"><strong>m3\/h<\/strong><\/td>\n<td class=\"bold v-align-middle h-align-center\"><strong>l\/s<\/strong><\/td>\n<td class=\"bold v-align-middle h-align-center\"><strong>m3\/h<\/strong><\/td>\n<\/tr>\n<tr>\n<td class=\"v-align-bottom\">125<\/td>\n<td class=\"v-align-bottom\">100-125<\/td>\n<td class=\"v-align-bottom h-align-left\">24<\/td>\n<td class=\"v-align-bottom h-align-left\">86<\/td>\n<td class=\"v-align-bottom h-align-left\">34<\/td>\n<td class=\"v-align-bottom h-align-left\">122<\/td>\n<td class=\"v-align-bottom h-align-left\">44<\/td>\n<td class=\"v-align-bottom h-align-left\">158<\/td>\n<\/tr>\n<tr>\n<td class=\"v-align-bottom\">160<\/td>\n<td class=\"v-align-bottom\">125-160<\/td>\n<td class=\"v-align-bottom h-align-left\">34<\/td>\n<td class=\"v-align-bottom h-align-left\">122<\/td>\n<td class=\"v-align-bottom h-align-left\">46<\/td>\n<td class=\"v-align-bottom h-align-left\">166<\/td>\n<td class=\"v-align-bottom h-align-left\">66<\/td>\n<td class=\"v-align-bottom h-align-left\">237<\/td>\n<\/tr>\n<tr>\n<td class=\"v-align-bottom\">200<\/td>\n<td class=\"v-align-bottom\">160-200<\/td>\n<td class=\"v-align-bottom h-align-left\">54<\/td>\n<td class=\"v-align-bottom h-align-left\">194<\/td>\n<td class=\"v-align-bottom h-align-left\">68<\/td>\n<td class=\"v-align-bottom h-align-left\">245<\/td>\n<td class=\"v-align-bottom h-align-left\">95<\/td>\n<td class=\"v-align-bottom h-align-left\">342<\/td>\n<\/tr>\n<tr>\n<td class=\"v-align-bottom\">250<\/td>\n<td class=\"v-align-bottom\">200-250<\/td>\n<td class=\"v-align-bottom h-align-left\">82<\/td>\n<td class=\"v-align-bottom h-align-left\">295<\/td>\n<td class=\"v-align-bottom h-align-left\">105<\/td>\n<td class=\"v-align-bottom h-align-left\">378<\/td>\n<td class=\"v-align-bottom h-align-left\">155<\/td>\n<td class=\"v-align-bottom h-align-left\">558<\/td>\n<\/tr>\n<tr>\n<td class=\"v-align-bottom\">315<\/td>\n<td class=\"v-align-bottom\">250-315<\/td>\n<td class=\"v-align-bottom h-align-left\">125<\/td>\n<td class=\"v-align-bottom h-align-left\">450<\/td>\n<td class=\"v-align-bottom h-align-left\">150<\/td>\n<td class=\"v-align-bottom h-align-left\">540<\/td>\n<td class=\"v-align-bottom h-align-left\">210<\/td>\n<td class=\"v-align-bottom h-align-left\">756<\/td>\n<\/tr>\n<tr>\n<td class=\"v-align-bottom\">400<\/td>\n<td class=\"v-align-bottom\">315-400<\/td>\n<td class=\"v-align-bottom h-align-left\">200<\/td>\n<td class=\"v-align-bottom h-align-left\">720<\/td>\n<td class=\"v-align-bottom h-align-left\">245<\/td>\n<td class=\"v-align-bottom h-align-left\">882<\/td>\n<td class=\"v-align-bottom h-align-left\">325<\/td>\n<td class=\"v-align-bottom h-align-left\">1170<\/td>\n<\/tr>\n<tr>\n<td class=\"v-align-bottom\">500<\/td>\n<td class=\"v-align-bottom\">400-500<\/td>\n<td class=\"v-align-bottom h-align-left\">310<\/td>\n<td class=\"v-align-bottom h-align-left\">1116<\/td>\n<td class=\"v-align-bottom h-align-left\">375<\/td>\n<td class=\"v-align-bottom h-align-left\">1350<\/td>\n<td class=\"v-align-bottom h-align-left\">450<\/td>\n<td class=\"v-align-bottom h-align-left\">1620<\/td>\n<\/tr>\n<tr>\n<td class=\"v-align-bottom h-align-left\" colspan=\"8\">\n<div><\/div>\n<div class=\"gtx-body\">FALCON Ceiling + ALS ekspluat\u0101cijas k\u0101rbas kombin\u0101cijas dati ir nor\u0101d\u012bti 50 Pa kop\u0113jam spiedienam un horizont\u0101lai sadales sh\u0113mai.<\/div>\n<div class=\"gtx-body\">*) Lp10A = ska\u0146as spiediens t.sk. A-filtrs ar 4 dB telpas v\u0101jin\u0101jumu un 10 m\u00b2 telpas absorbcijas laukumu.<\/div>\n<\/td>\n<\/tr>\n<\/tbody>\n<\/table>","protected":false},"excerpt":{"rendered":"<h4>Supply Diffuser<\/h4>\n<h4>\u2205125-500, 48-875 l\/s<\/h4>","protected":false},"featured_media":6268,"template":"","meta":{"_acf_changed":false,"inline_featured_image":false,"_links_to":"","_links_to_target":""},"product_brand":[],"product_cat":[60,61],"product_tag":[],"class_list":{"0":"post-1783","1":"product","2":"type-product","3":"status-publish","4":"has-post-thumbnail","6":"product_cat-griestu-difuzori","7":"product_cat-griestu-difuzori-atklatai-montazai","9":"first","10":"instock","11":"featured","12":"shipping-taxable","13":"product-type-simple"},"acf":[],"yoast_head":"<!-- This site is optimized with the Yoast SEO plugin v27.0 - https:\/\/yoast.com\/product\/yoast-seo-wordpress\/ -->\n<title>FALCON Ceiling - Ecowise<\/title>\n<meta name=\"robots\" content=\"index, follow, max-snippet:-1, max-image-preview:large, max-video-preview:-1\" \/>\n<link rel=\"canonical\" href=\"https:\/\/ecowise.lv\/en\/product\/falcon-ceiling\/\" \/>\n<meta property=\"og:locale\" content=\"en_US\" \/>\n<meta property=\"og:type\" content=\"article\" \/>\n<meta property=\"og:title\" content=\"FALCON Ceiling - Ecowise\" \/>\n<meta property=\"og:description\" content=\"Piepl\u016bdes difuzors \u2205125-500, 48-875 l\/s\" \/>\n<meta property=\"og:url\" content=\"https:\/\/ecowise.lv\/en\/product\/falcon-ceiling\/\" \/>\n<meta property=\"og:site_name\" content=\"Ecowise\" \/>\n<meta property=\"article:modified_time\" content=\"2024-02-07T12:50:38+00:00\" \/>\n<meta property=\"og:image\" content=\"https:\/\/ecowise.lv\/wp-content\/uploads\/2023\/08\/falcon.png\" \/>\n\t<meta property=\"og:image:width\" content=\"600\" \/>\n\t<meta property=\"og:image:height\" content=\"450\" \/>\n\t<meta property=\"og:image:type\" content=\"image\/png\" \/>\n<meta name=\"twitter:card\" content=\"summary_large_image\" \/>\n<meta name=\"twitter:label1\" content=\"Est. reading time\" \/>\n\t<meta name=\"twitter:data1\" content=\"2 minutes\" \/>\n<script type=\"application\/ld+json\" class=\"yoast-schema-graph\">{\"@context\":\"https:\/\/schema.org\",\"@graph\":[{\"@type\":\"WebPage\",\"@id\":\"https:\/\/ecowise.lv\/product\/falcon-ceiling\/\",\"url\":\"https:\/\/ecowise.lv\/product\/falcon-ceiling\/\",\"name\":\"FALCON Ceiling - Ecowise\",\"isPartOf\":{\"@id\":\"https:\/\/ecowise.lv\/#website\"},\"primaryImageOfPage\":{\"@id\":\"https:\/\/ecowise.lv\/product\/falcon-ceiling\/#primaryimage\"},\"image\":{\"@id\":\"https:\/\/ecowise.lv\/product\/falcon-ceiling\/#primaryimage\"},\"thumbnailUrl\":\"https:\/\/ecowise.lv\/wp-content\/uploads\/2023\/08\/falcon.png\",\"datePublished\":\"2023-08-25T09:05:12+00:00\",\"dateModified\":\"2024-02-07T12:50:38+00:00\",\"breadcrumb\":{\"@id\":\"https:\/\/ecowise.lv\/product\/falcon-ceiling\/#breadcrumb\"},\"inLanguage\":\"en-US\",\"potentialAction\":[{\"@type\":\"ReadAction\",\"target\":[\"https:\/\/ecowise.lv\/product\/falcon-ceiling\/\"]}]},{\"@type\":\"ImageObject\",\"inLanguage\":\"en-US\",\"@id\":\"https:\/\/ecowise.lv\/product\/falcon-ceiling\/#primaryimage\",\"url\":\"https:\/\/ecowise.lv\/wp-content\/uploads\/2023\/08\/falcon.png\",\"contentUrl\":\"https:\/\/ecowise.lv\/wp-content\/uploads\/2023\/08\/falcon.png\",\"width\":600,\"height\":450},{\"@type\":\"BreadcrumbList\",\"@id\":\"https:\/\/ecowise.lv\/product\/falcon-ceiling\/#breadcrumb\",\"itemListElement\":[{\"@type\":\"ListItem\",\"position\":1,\"name\":\"Products\",\"item\":\"https:\/\/ecowise.lv\/shop\/\"},{\"@type\":\"ListItem\",\"position\":2,\"name\":\"FALCON Ceiling\"}]},{\"@type\":\"WebSite\",\"@id\":\"https:\/\/ecowise.lv\/#website\",\"url\":\"https:\/\/ecowise.lv\/\",\"name\":\"Ecowise\",\"description\":\"Ener\u0123ijas pat\u0113ri\u0146a samazin\u0101jums\",\"publisher\":{\"@id\":\"https:\/\/ecowise.lv\/#organization\"},\"potentialAction\":[{\"@type\":\"SearchAction\",\"target\":{\"@type\":\"EntryPoint\",\"urlTemplate\":\"https:\/\/ecowise.lv\/?s={search_term_string}\"},\"query-input\":{\"@type\":\"PropertyValueSpecification\",\"valueRequired\":true,\"valueName\":\"search_term_string\"}}],\"inLanguage\":\"en-US\"},{\"@type\":\"Organization\",\"@id\":\"https:\/\/ecowise.lv\/#organization\",\"name\":\"Ecowise\",\"url\":\"https:\/\/ecowise.lv\/\",\"logo\":{\"@type\":\"ImageObject\",\"inLanguage\":\"en-US\",\"@id\":\"https:\/\/ecowise.lv\/#\/schema\/logo\/image\/\",\"url\":\"https:\/\/ecowise.lv\/wp-content\/uploads\/2023\/03\/logo.svg\",\"contentUrl\":\"https:\/\/ecowise.lv\/wp-content\/uploads\/2023\/03\/logo.svg\",\"width\":207,\"height\":27,\"caption\":\"Ecowise\"},\"image\":{\"@id\":\"https:\/\/ecowise.lv\/#\/schema\/logo\/image\/\"}}]}<\/script>\n<!-- \/ Yoast SEO plugin. -->","yoast_head_json":{"title":"FALCON Ceiling - Ecowise","robots":{"index":"index","follow":"follow","max-snippet":"max-snippet:-1","max-image-preview":"max-image-preview:large","max-video-preview":"max-video-preview:-1"},"canonical":"https:\/\/ecowise.lv\/en\/product\/falcon-ceiling\/","og_locale":"en_US","og_type":"article","og_title":"FALCON Ceiling - Ecowise","og_description":"Piepl\u016bdes difuzors \u2205125-500, 48-875 l\/s","og_url":"https:\/\/ecowise.lv\/en\/product\/falcon-ceiling\/","og_site_name":"Ecowise","article_modified_time":"2024-02-07T12:50:38+00:00","og_image":[{"width":600,"height":450,"url":"https:\/\/ecowise.lv\/wp-content\/uploads\/2023\/08\/falcon.png","type":"image\/png"}],"twitter_card":"summary_large_image","twitter_misc":{"Est. reading time":"2 minutes"},"schema":{"@context":"https:\/\/schema.org","@graph":[{"@type":"WebPage","@id":"https:\/\/ecowise.lv\/product\/falcon-ceiling\/","url":"https:\/\/ecowise.lv\/product\/falcon-ceiling\/","name":"FALCON Ceiling - Ecowise","isPartOf":{"@id":"https:\/\/ecowise.lv\/#website"},"primaryImageOfPage":{"@id":"https:\/\/ecowise.lv\/product\/falcon-ceiling\/#primaryimage"},"image":{"@id":"https:\/\/ecowise.lv\/product\/falcon-ceiling\/#primaryimage"},"thumbnailUrl":"https:\/\/ecowise.lv\/wp-content\/uploads\/2023\/08\/falcon.png","datePublished":"2023-08-25T09:05:12+00:00","dateModified":"2024-02-07T12:50:38+00:00","breadcrumb":{"@id":"https:\/\/ecowise.lv\/product\/falcon-ceiling\/#breadcrumb"},"inLanguage":"en-US","potentialAction":[{"@type":"ReadAction","target":["https:\/\/ecowise.lv\/product\/falcon-ceiling\/"]}]},{"@type":"ImageObject","inLanguage":"en-US","@id":"https:\/\/ecowise.lv\/product\/falcon-ceiling\/#primaryimage","url":"https:\/\/ecowise.lv\/wp-content\/uploads\/2023\/08\/falcon.png","contentUrl":"https:\/\/ecowise.lv\/wp-content\/uploads\/2023\/08\/falcon.png","width":600,"height":450},{"@type":"BreadcrumbList","@id":"https:\/\/ecowise.lv\/product\/falcon-ceiling\/#breadcrumb","itemListElement":[{"@type":"ListItem","position":1,"name":"Products","item":"https:\/\/ecowise.lv\/shop\/"},{"@type":"ListItem","position":2,"name":"FALCON Ceiling"}]},{"@type":"WebSite","@id":"https:\/\/ecowise.lv\/#website","url":"https:\/\/ecowise.lv\/","name":"Ecowise","description":"Ener\u0123ijas pat\u0113ri\u0146a samazin\u0101jums","publisher":{"@id":"https:\/\/ecowise.lv\/#organization"},"potentialAction":[{"@type":"SearchAction","target":{"@type":"EntryPoint","urlTemplate":"https:\/\/ecowise.lv\/?s={search_term_string}"},"query-input":{"@type":"PropertyValueSpecification","valueRequired":true,"valueName":"search_term_string"}}],"inLanguage":"en-US"},{"@type":"Organization","@id":"https:\/\/ecowise.lv\/#organization","name":"Ecowise","url":"https:\/\/ecowise.lv\/","logo":{"@type":"ImageObject","inLanguage":"en-US","@id":"https:\/\/ecowise.lv\/#\/schema\/logo\/image\/","url":"https:\/\/ecowise.lv\/wp-content\/uploads\/2023\/03\/logo.svg","contentUrl":"https:\/\/ecowise.lv\/wp-content\/uploads\/2023\/03\/logo.svg","width":207,"height":27,"caption":"Ecowise"},"image":{"@id":"https:\/\/ecowise.lv\/#\/schema\/logo\/image\/"}}]}},"_links":{"self":[{"href":"https:\/\/ecowise.lv\/en\/wp-json\/wp\/v2\/product\/1783","targetHints":{"allow":["GET"]}}],"collection":[{"href":"https:\/\/ecowise.lv\/en\/wp-json\/wp\/v2\/product"}],"about":[{"href":"https:\/\/ecowise.lv\/en\/wp-json\/wp\/v2\/types\/product"}],"wp:featuredmedia":[{"embeddable":true,"href":"https:\/\/ecowise.lv\/en\/wp-json\/wp\/v2\/media\/6268"}],"wp:attachment":[{"href":"https:\/\/ecowise.lv\/en\/wp-json\/wp\/v2\/media?parent=1783"}],"wp:term":[{"taxonomy":"product_brand","embeddable":true,"href":"https:\/\/ecowise.lv\/en\/wp-json\/wp\/v2\/product_brand?post=1783"},{"taxonomy":"product_cat","embeddable":true,"href":"https:\/\/ecowise.lv\/en\/wp-json\/wp\/v2\/product_cat?post=1783"},{"taxonomy":"product_tag","embeddable":true,"href":"https:\/\/ecowise.lv\/en\/wp-json\/wp\/v2\/product_tag?post=1783"}],"curies":[{"name":"wp","href":"https:\/\/api.w.org\/{rel}","templated":true}]}}