{"id":1782,"date":"2023-08-25T12:01:05","date_gmt":"2023-08-25T09:01:05","guid":{"rendered":"https:\/\/ecowise.lv\/?post_type=product&#038;p=1782"},"modified":"2024-06-13T11:25:55","modified_gmt":"2024-06-13T08:25:55","slug":"eagle-ceiling-2","status":"publish","type":"product","link":"https:\/\/ecowise.lv\/en\/product\/eagle-ceiling-2\/","title":{"rendered":"EAGLE Ceiling"},"content":{"rendered":"<div class=\"product-description\">\n<div class=\"product-description\">\n<h3>Square ceiling diffuser with nozzles for supply and extract air<\/h3>\n<ul>\n<li>Also available in extract air version<\/li>\n<li>Available with circular (EAGLE CC) or rectangular (EAGLE CR) nozzle pattern<\/li>\n<li>Suitable for VAV and DCV applications<\/li>\n<li>Fast and simple installation and commissioning through Swegon Quick Access<\/li>\n<li>Manages air flows substantially below room temperature (High DT)<\/li>\n<li>Designed for modular suspended ceilings<\/li>\n<li>ALS commissioning box with 1 or 2 changes in dimension between the inlet and outlet<\/li>\n<li>Available in a version with low installation height<\/li>\n<li>ADAPTER for suspended ceiling system<\/li>\n<li>Air diffuser size 250-500 and 315-500 adapted for ADAPTER<\/li>\n<li>Standard colour White RAL 9003<\/li>\n<li>5 alternative standard colours<\/li>\n<li>Other colours upon request<\/li>\n<\/ul>\n<\/div>\n<\/div>\n<p>&nbsp;<\/p>\n<table style=\"height: 848px;\" width=\"940\">\n<tbody>\n<tr>\n<td class=\"bold v-align-middle h-align-center\" colspan=\"8\">\n<div class=\"gtx-body\"><strong>AIR FLOW - SOUND PRESSURE ROOM (Lp10A) *)<\/strong><\/div>\n<\/td>\n<\/tr>\n<tr>\n<td class=\"bold v-align-bottom h-align-left\" colspan=\"2\" rowspan=\"2\"><strong>EAGLE Ceiling R\u00a0<\/strong><br \/>\n<strong>Size<\/strong><\/td>\n<td class=\"bold v-align-bottom\" colspan=\"2\"><strong>25 dB(A)<\/strong><\/td>\n<td class=\"bold v-align-bottom\" colspan=\"2\"><strong>30 dB(A)<\/strong><\/td>\n<td class=\"bold v-align-bottom\" colspan=\"2\"><strong>35 dB(A)<\/strong><\/td>\n<\/tr>\n<tr>\n<td class=\"bold v-align-bottom\"><strong>l\/s<\/strong><\/td>\n<td class=\"bold v-align-bottom\"><strong>m3\/h<\/strong><\/td>\n<td class=\"bold v-align-bottom\"><strong>l\/s<\/strong><\/td>\n<td class=\"bold v-align-bottom\"><strong>m3\/h<\/strong><\/td>\n<td class=\"bold v-align-bottom\"><strong>l\/s<\/strong><\/td>\n<td class=\"bold v-align-bottom\"><strong>m3\/h<\/strong><\/td>\n<\/tr>\n<tr>\n<td class=\"v-align-bottom\" colspan=\"2\">125-400<\/td>\n<td class=\"v-align-bottom\">36<\/td>\n<td class=\"v-align-bottom\">130<\/td>\n<td class=\"v-align-bottom\">42<\/td>\n<td class=\"v-align-bottom\">151<\/td>\n<td class=\"v-align-bottom\">49<\/td>\n<td class=\"v-align-bottom\">176<\/td>\n<\/tr>\n<tr>\n<td class=\"v-align-bottom h-align-left\" colspan=\"2\">125-600<\/td>\n<td class=\"v-align-bottom\">34<\/td>\n<td class=\"v-align-bottom\">122<\/td>\n<td class=\"v-align-bottom\">41<\/td>\n<td class=\"v-align-bottom\">148<\/td>\n<td class=\"v-align-bottom\">48<\/td>\n<td class=\"v-align-bottom\">173<\/td>\n<\/tr>\n<tr>\n<td class=\"v-align-bottom h-align-left\" colspan=\"2\">160-400<\/td>\n<td class=\"v-align-bottom\">55<\/td>\n<td class=\"v-align-bottom\">198<\/td>\n<td class=\"v-align-bottom\">65<\/td>\n<td class=\"v-align-bottom\">234<\/td>\n<td class=\"v-align-bottom\">75<\/td>\n<td class=\"v-align-bottom\">270<\/td>\n<\/tr>\n<tr>\n<td class=\"v-align-bottom h-align-left\" colspan=\"2\">160-600<\/td>\n<td class=\"v-align-bottom\">50<\/td>\n<td class=\"v-align-bottom\">180<\/td>\n<td class=\"v-align-bottom\">60<\/td>\n<td class=\"v-align-bottom\">216<\/td>\n<td class=\"v-align-bottom\">70<\/td>\n<td class=\"v-align-bottom\">252<\/td>\n<\/tr>\n<tr>\n<td class=\"v-align-bottom h-align-left\" colspan=\"2\">200-500<\/td>\n<td class=\"v-align-bottom\">80<\/td>\n<td class=\"v-align-bottom\">288<\/td>\n<td class=\"v-align-bottom\">92<\/td>\n<td class=\"v-align-bottom\">331<\/td>\n<td class=\"v-align-bottom\">106<\/td>\n<td class=\"v-align-bottom\">382<\/td>\n<\/tr>\n<tr>\n<td class=\"v-align-bottom h-align-left\" colspan=\"2\">200-600<\/td>\n<td class=\"v-align-bottom\">75<\/td>\n<td class=\"v-align-bottom\">270<\/td>\n<td class=\"v-align-bottom\">88<\/td>\n<td class=\"v-align-bottom\">317<\/td>\n<td class=\"v-align-bottom\">103<\/td>\n<td class=\"v-align-bottom\">371<\/td>\n<\/tr>\n<tr>\n<td class=\"v-align-bottom h-align-left\" colspan=\"2\">250-500<\/td>\n<td class=\"v-align-bottom\">102<\/td>\n<td class=\"v-align-bottom\">367<\/td>\n<td class=\"v-align-bottom\">117<\/td>\n<td class=\"v-align-bottom\">421<\/td>\n<td class=\"v-align-bottom\">133<\/td>\n<td class=\"v-align-bottom\">479<\/td>\n<\/tr>\n<tr>\n<td class=\"v-align-bottom h-align-left\" colspan=\"2\">250-600<\/td>\n<td class=\"v-align-bottom\">102<\/td>\n<td class=\"v-align-bottom\">367<\/td>\n<td class=\"v-align-bottom\">117<\/td>\n<td class=\"v-align-bottom\">421<\/td>\n<td class=\"v-align-bottom\">136<\/td>\n<td class=\"v-align-bottom\">490<\/td>\n<\/tr>\n<tr>\n<td class=\"v-align-bottom h-align-left\" colspan=\"2\">315-500<\/td>\n<td class=\"v-align-bottom\">112<\/td>\n<td class=\"v-align-bottom\">403<\/td>\n<td class=\"v-align-bottom\">130<\/td>\n<td class=\"v-align-bottom\">468<\/td>\n<td class=\"v-align-bottom\">148<\/td>\n<td class=\"v-align-bottom\">533<\/td>\n<\/tr>\n<tr>\n<td class=\"v-align-bottom h-align-left\" colspan=\"2\">315-600<\/td>\n<td class=\"v-align-bottom\">130<\/td>\n<td class=\"v-align-bottom\">468<\/td>\n<td class=\"v-align-bottom\">152<\/td>\n<td class=\"v-align-bottom\">547<\/td>\n<td class=\"v-align-bottom\">175<\/td>\n<td class=\"v-align-bottom\">630<\/td>\n<\/tr>\n<tr>\n<td class=\"v-align-bottom h-align-left\" colspan=\"2\">400-600<\/td>\n<td class=\"v-align-bottom\">180<\/td>\n<td class=\"v-align-bottom\">648<\/td>\n<td class=\"v-align-bottom\">208<\/td>\n<td class=\"v-align-bottom\">749<\/td>\n<td class=\"v-align-bottom\">240<\/td>\n<td class=\"v-align-bottom\">864<\/td>\n<\/tr>\n<tr>\n<td class=\"v-align-bottom h-align-center\" colspan=\"8\"><\/td>\n<\/tr>\n<tr>\n<td class=\"bold v-align-bottom\" rowspan=\"2\"><strong>EAGLE Ceiling R<\/strong><br \/>\n<strong>Size<\/strong><\/td>\n<td class=\"bold v-align-bottom\" rowspan=\"2\"><strong>ALS<\/strong><br \/>\n<strong>Size<\/strong><\/td>\n<td class=\"bold v-align-bottom\" colspan=\"2\"><strong>25 dB(A)<\/strong><\/td>\n<td class=\"bold v-align-bottom\" colspan=\"2\"><strong>30 dB(A)<\/strong><\/td>\n<td class=\"bold v-align-bottom\" colspan=\"2\"><strong>35 dB(A)<\/strong><\/td>\n<\/tr>\n<tr>\n<td class=\"bold v-align-bottom\"><strong>l\/s<\/strong><\/td>\n<td class=\"bold v-align-bottom\"><strong>m3\/h<\/strong><\/td>\n<td class=\"bold v-align-bottom\"><strong>l\/s<\/strong><\/td>\n<td class=\"bold v-align-bottom\"><strong>m3\/h<\/strong><\/td>\n<td class=\"bold v-align-bottom\"><strong>l\/s<\/strong><\/td>\n<td class=\"bold v-align-bottom\"><strong>m3\/h<\/strong><\/td>\n<\/tr>\n<tr>\n<td class=\"v-align-bottom\">125-400<\/td>\n<td class=\"v-align-bottom\">100-125<\/td>\n<td class=\"v-align-bottom\">27<\/td>\n<td class=\"v-align-bottom\">97<\/td>\n<td class=\"v-align-bottom\">32<\/td>\n<td class=\"v-align-bottom\">115<\/td>\n<td class=\"v-align-bottom\">38<\/td>\n<td class=\"v-align-bottom\">137<\/td>\n<\/tr>\n<tr>\n<td class=\"v-align-bottom\">125-600<\/td>\n<td class=\"v-align-bottom\">100-125<\/td>\n<td class=\"v-align-bottom\">27<\/td>\n<td class=\"v-align-bottom\">97<\/td>\n<td class=\"v-align-bottom\">32<\/td>\n<td class=\"v-align-bottom\">115<\/td>\n<td class=\"v-align-bottom\">38<\/td>\n<td class=\"v-align-bottom\">137<\/td>\n<\/tr>\n<tr>\n<td class=\"v-align-bottom\">160-400<\/td>\n<td class=\"v-align-bottom\">125-160<\/td>\n<td class=\"v-align-bottom\">44<\/td>\n<td class=\"v-align-bottom\">158<\/td>\n<td class=\"v-align-bottom\">52<\/td>\n<td class=\"v-align-bottom\">187<\/td>\n<td class=\"v-align-bottom\">61<\/td>\n<td class=\"v-align-bottom\">220<\/td>\n<\/tr>\n<tr>\n<td class=\"v-align-bottom\">160-600<\/td>\n<td class=\"v-align-bottom\">125-160<\/td>\n<td class=\"v-align-bottom\">42<\/td>\n<td class=\"v-align-bottom\">151<\/td>\n<td class=\"v-align-bottom\">50<\/td>\n<td class=\"v-align-bottom\">180<\/td>\n<td class=\"v-align-bottom\">60<\/td>\n<td class=\"v-align-bottom\">216<\/td>\n<\/tr>\n<tr>\n<td class=\"v-align-bottom\">200-500<\/td>\n<td class=\"v-align-bottom\">160-200<\/td>\n<td class=\"v-align-bottom\">64<\/td>\n<td class=\"v-align-bottom\">230<\/td>\n<td class=\"v-align-bottom\">75<\/td>\n<td class=\"v-align-bottom\">270<\/td>\n<td class=\"v-align-bottom\">88<\/td>\n<td class=\"v-align-bottom\">317<\/td>\n<\/tr>\n<tr>\n<td class=\"v-align-bottom\">200-600<\/td>\n<td class=\"v-align-bottom\">160-200<\/td>\n<td class=\"v-align-bottom\">62<\/td>\n<td class=\"v-align-bottom\">223<\/td>\n<td class=\"v-align-bottom\">72<\/td>\n<td class=\"v-align-bottom\">259<\/td>\n<td class=\"v-align-bottom\">86<\/td>\n<td class=\"v-align-bottom\">310<\/td>\n<\/tr>\n<tr>\n<td class=\"v-align-bottom\">250-500<\/td>\n<td class=\"v-align-bottom\">200-250<\/td>\n<td class=\"v-align-bottom\">88<\/td>\n<td class=\"v-align-bottom\">317<\/td>\n<td class=\"v-align-bottom\">102<\/td>\n<td class=\"v-align-bottom\">367<\/td>\n<td class=\"v-align-bottom\">119<\/td>\n<td class=\"v-align-bottom\">428<\/td>\n<\/tr>\n<tr>\n<td class=\"v-align-bottom\">250-600<\/td>\n<td class=\"v-align-bottom\">200-250<\/td>\n<td class=\"v-align-bottom\">88<\/td>\n<td class=\"v-align-bottom\">317<\/td>\n<td class=\"v-align-bottom\">102<\/td>\n<td class=\"v-align-bottom\">367<\/td>\n<td class=\"v-align-bottom\">119<\/td>\n<td class=\"v-align-bottom\">428<\/td>\n<\/tr>\n<tr>\n<td class=\"v-align-bottom\">315-500<\/td>\n<td class=\"v-align-bottom\">250-315<\/td>\n<td class=\"v-align-bottom\">104<\/td>\n<td class=\"v-align-bottom\">374<\/td>\n<td class=\"v-align-bottom\">120<\/td>\n<td class=\"v-align-bottom\">432<\/td>\n<td class=\"v-align-bottom\">138<\/td>\n<td class=\"v-align-bottom\">497<\/td>\n<\/tr>\n<tr>\n<td class=\"v-align-bottom\">315-600<\/td>\n<td class=\"v-align-bottom\">250-315<\/td>\n<td class=\"v-align-bottom\">119<\/td>\n<td class=\"v-align-bottom\">428<\/td>\n<td class=\"v-align-bottom\">137<\/td>\n<td class=\"v-align-bottom\">493<\/td>\n<td class=\"v-align-bottom\">160<\/td>\n<td class=\"v-align-bottom\">576<\/td>\n<\/tr>\n<tr>\n<td class=\"v-align-bottom\">400-600<\/td>\n<td class=\"v-align-bottom\">315-400<\/td>\n<td class=\"v-align-bottom\">165<\/td>\n<td class=\"v-align-bottom\">594<\/td>\n<td class=\"v-align-bottom\">190<\/td>\n<td class=\"v-align-bottom\">684<\/td>\n<td class=\"v-align-bottom\">220<\/td>\n<td class=\"v-align-bottom\">792<\/td>\n<\/tr>\n<tr>\n<td class=\"v-align-bottom\" colspan=\"8\">\n<div><\/div>\n<div class=\"gtx-body\">*) Lp10A = ska\u0146as spiediens t.sk. A-filtrs ar 4 dB telpas v\u0101jin\u0101jumu un 10 m\u00b2 telpas absorbcijas laukumu.<\/div>\n<div class=\"gtx-body\">Dati, kas nor\u0101d\u012bti apak\u0161\u0113j\u0101 tabul\u0101, attiecas uz atv\u0113rtu aizb\u012bdni, ja tiek izmantota nodo\u0161anas k\u0101rba ALS.<\/div>\n<\/td>\n<\/tr>\n<\/tbody>\n<\/table>","protected":false},"excerpt":{"rendered":"<h4>Supply and Exhaust Diffuser<\/h4>\n<h4>\u2205125-400, 17-155 l\/s<\/h4>","protected":false},"featured_media":1773,"template":"","meta":{"_acf_changed":false,"inline_featured_image":false,"_links_to":"","_links_to_target":""},"product_brand":[],"product_cat":[60,65],"product_tag":[],"class_list":{"0":"post-1782","1":"product","2":"type-product","3":"status-publish","4":"has-post-thumbnail","6":"product_cat-griestu-difuzori","7":"product_cat-nosuces-difuzori","9":"first","10":"instock","11":"featured","12":"shipping-taxable","13":"product-type-simple"},"acf":[],"yoast_head":"<!-- This site is optimized with the Yoast SEO plugin v27.0 - https:\/\/yoast.com\/product\/yoast-seo-wordpress\/ -->\n<title>EAGLE Ceiling - Ecowise<\/title>\n<meta name=\"robots\" content=\"index, follow, max-snippet:-1, max-image-preview:large, max-video-preview:-1\" \/>\n<link rel=\"canonical\" href=\"https:\/\/ecowise.lv\/en\/product\/eagle-ceiling-2\/\" \/>\n<meta property=\"og:locale\" content=\"en_US\" \/>\n<meta property=\"og:type\" content=\"article\" \/>\n<meta property=\"og:title\" content=\"EAGLE Ceiling - Ecowise\" \/>\n<meta property=\"og:description\" content=\"Piepl\u016bdes un nos\u016bces difuzors \u2205125-400, 17-155 l\/s\" \/>\n<meta property=\"og:url\" content=\"https:\/\/ecowise.lv\/en\/product\/eagle-ceiling-2\/\" \/>\n<meta property=\"og:site_name\" content=\"Ecowise\" \/>\n<meta property=\"article:modified_time\" content=\"2024-06-13T08:25:55+00:00\" \/>\n<meta property=\"og:image\" content=\"https:\/\/ecowise.lv\/wp-content\/uploads\/2023\/08\/eagle-cc-productimage.png\" \/>\n\t<meta property=\"og:image:width\" content=\"800\" \/>\n\t<meta property=\"og:image:height\" content=\"600\" \/>\n\t<meta property=\"og:image:type\" content=\"image\/png\" \/>\n<meta name=\"twitter:card\" content=\"summary_large_image\" \/>\n<meta name=\"twitter:label1\" content=\"Est. reading time\" \/>\n\t<meta name=\"twitter:data1\" content=\"2 minutes\" \/>\n<script type=\"application\/ld+json\" class=\"yoast-schema-graph\">{\"@context\":\"https:\/\/schema.org\",\"@graph\":[{\"@type\":\"WebPage\",\"@id\":\"https:\/\/ecowise.lv\/product\/eagle-ceiling-2\/\",\"url\":\"https:\/\/ecowise.lv\/product\/eagle-ceiling-2\/\",\"name\":\"EAGLE Ceiling - Ecowise\",\"isPartOf\":{\"@id\":\"https:\/\/ecowise.lv\/#website\"},\"primaryImageOfPage\":{\"@id\":\"https:\/\/ecowise.lv\/product\/eagle-ceiling-2\/#primaryimage\"},\"image\":{\"@id\":\"https:\/\/ecowise.lv\/product\/eagle-ceiling-2\/#primaryimage\"},\"thumbnailUrl\":\"https:\/\/ecowise.lv\/wp-content\/uploads\/2023\/08\/eagle-cc-productimage.png\",\"datePublished\":\"2023-08-25T09:01:05+00:00\",\"dateModified\":\"2024-06-13T08:25:55+00:00\",\"breadcrumb\":{\"@id\":\"https:\/\/ecowise.lv\/product\/eagle-ceiling-2\/#breadcrumb\"},\"inLanguage\":\"en-US\",\"potentialAction\":[{\"@type\":\"ReadAction\",\"target\":[\"https:\/\/ecowise.lv\/product\/eagle-ceiling-2\/\"]}]},{\"@type\":\"ImageObject\",\"inLanguage\":\"en-US\",\"@id\":\"https:\/\/ecowise.lv\/product\/eagle-ceiling-2\/#primaryimage\",\"url\":\"https:\/\/ecowise.lv\/wp-content\/uploads\/2023\/08\/eagle-cc-productimage.png\",\"contentUrl\":\"https:\/\/ecowise.lv\/wp-content\/uploads\/2023\/08\/eagle-cc-productimage.png\",\"width\":800,\"height\":600,\"caption\":\"EAGLE CC\"},{\"@type\":\"BreadcrumbList\",\"@id\":\"https:\/\/ecowise.lv\/product\/eagle-ceiling-2\/#breadcrumb\",\"itemListElement\":[{\"@type\":\"ListItem\",\"position\":1,\"name\":\"Products\",\"item\":\"https:\/\/ecowise.lv\/shop\/\"},{\"@type\":\"ListItem\",\"position\":2,\"name\":\"EAGLE Ceiling\"}]},{\"@type\":\"WebSite\",\"@id\":\"https:\/\/ecowise.lv\/#website\",\"url\":\"https:\/\/ecowise.lv\/\",\"name\":\"Ecowise\",\"description\":\"Ener\u0123ijas pat\u0113ri\u0146a samazin\u0101jums\",\"publisher\":{\"@id\":\"https:\/\/ecowise.lv\/#organization\"},\"potentialAction\":[{\"@type\":\"SearchAction\",\"target\":{\"@type\":\"EntryPoint\",\"urlTemplate\":\"https:\/\/ecowise.lv\/?s={search_term_string}\"},\"query-input\":{\"@type\":\"PropertyValueSpecification\",\"valueRequired\":true,\"valueName\":\"search_term_string\"}}],\"inLanguage\":\"en-US\"},{\"@type\":\"Organization\",\"@id\":\"https:\/\/ecowise.lv\/#organization\",\"name\":\"Ecowise\",\"url\":\"https:\/\/ecowise.lv\/\",\"logo\":{\"@type\":\"ImageObject\",\"inLanguage\":\"en-US\",\"@id\":\"https:\/\/ecowise.lv\/#\/schema\/logo\/image\/\",\"url\":\"https:\/\/ecowise.lv\/wp-content\/uploads\/2023\/03\/logo.svg\",\"contentUrl\":\"https:\/\/ecowise.lv\/wp-content\/uploads\/2023\/03\/logo.svg\",\"width\":207,\"height\":27,\"caption\":\"Ecowise\"},\"image\":{\"@id\":\"https:\/\/ecowise.lv\/#\/schema\/logo\/image\/\"}}]}<\/script>\n<!-- \/ Yoast SEO plugin. -->","yoast_head_json":{"title":"EAGLE Ceiling - Ecowise","robots":{"index":"index","follow":"follow","max-snippet":"max-snippet:-1","max-image-preview":"max-image-preview:large","max-video-preview":"max-video-preview:-1"},"canonical":"https:\/\/ecowise.lv\/en\/product\/eagle-ceiling-2\/","og_locale":"en_US","og_type":"article","og_title":"EAGLE Ceiling - Ecowise","og_description":"Piepl\u016bdes un nos\u016bces difuzors \u2205125-400, 17-155 l\/s","og_url":"https:\/\/ecowise.lv\/en\/product\/eagle-ceiling-2\/","og_site_name":"Ecowise","article_modified_time":"2024-06-13T08:25:55+00:00","og_image":[{"width":800,"height":600,"url":"https:\/\/ecowise.lv\/wp-content\/uploads\/2023\/08\/eagle-cc-productimage.png","type":"image\/png"}],"twitter_card":"summary_large_image","twitter_misc":{"Est. reading time":"2 minutes"},"schema":{"@context":"https:\/\/schema.org","@graph":[{"@type":"WebPage","@id":"https:\/\/ecowise.lv\/product\/eagle-ceiling-2\/","url":"https:\/\/ecowise.lv\/product\/eagle-ceiling-2\/","name":"EAGLE Ceiling - Ecowise","isPartOf":{"@id":"https:\/\/ecowise.lv\/#website"},"primaryImageOfPage":{"@id":"https:\/\/ecowise.lv\/product\/eagle-ceiling-2\/#primaryimage"},"image":{"@id":"https:\/\/ecowise.lv\/product\/eagle-ceiling-2\/#primaryimage"},"thumbnailUrl":"https:\/\/ecowise.lv\/wp-content\/uploads\/2023\/08\/eagle-cc-productimage.png","datePublished":"2023-08-25T09:01:05+00:00","dateModified":"2024-06-13T08:25:55+00:00","breadcrumb":{"@id":"https:\/\/ecowise.lv\/product\/eagle-ceiling-2\/#breadcrumb"},"inLanguage":"en-US","potentialAction":[{"@type":"ReadAction","target":["https:\/\/ecowise.lv\/product\/eagle-ceiling-2\/"]}]},{"@type":"ImageObject","inLanguage":"en-US","@id":"https:\/\/ecowise.lv\/product\/eagle-ceiling-2\/#primaryimage","url":"https:\/\/ecowise.lv\/wp-content\/uploads\/2023\/08\/eagle-cc-productimage.png","contentUrl":"https:\/\/ecowise.lv\/wp-content\/uploads\/2023\/08\/eagle-cc-productimage.png","width":800,"height":600,"caption":"EAGLE CC"},{"@type":"BreadcrumbList","@id":"https:\/\/ecowise.lv\/product\/eagle-ceiling-2\/#breadcrumb","itemListElement":[{"@type":"ListItem","position":1,"name":"Products","item":"https:\/\/ecowise.lv\/shop\/"},{"@type":"ListItem","position":2,"name":"EAGLE Ceiling"}]},{"@type":"WebSite","@id":"https:\/\/ecowise.lv\/#website","url":"https:\/\/ecowise.lv\/","name":"Ecowise","description":"Ener\u0123ijas pat\u0113ri\u0146a samazin\u0101jums","publisher":{"@id":"https:\/\/ecowise.lv\/#organization"},"potentialAction":[{"@type":"SearchAction","target":{"@type":"EntryPoint","urlTemplate":"https:\/\/ecowise.lv\/?s={search_term_string}"},"query-input":{"@type":"PropertyValueSpecification","valueRequired":true,"valueName":"search_term_string"}}],"inLanguage":"en-US"},{"@type":"Organization","@id":"https:\/\/ecowise.lv\/#organization","name":"Ecowise","url":"https:\/\/ecowise.lv\/","logo":{"@type":"ImageObject","inLanguage":"en-US","@id":"https:\/\/ecowise.lv\/#\/schema\/logo\/image\/","url":"https:\/\/ecowise.lv\/wp-content\/uploads\/2023\/03\/logo.svg","contentUrl":"https:\/\/ecowise.lv\/wp-content\/uploads\/2023\/03\/logo.svg","width":207,"height":27,"caption":"Ecowise"},"image":{"@id":"https:\/\/ecowise.lv\/#\/schema\/logo\/image\/"}}]}},"_links":{"self":[{"href":"https:\/\/ecowise.lv\/en\/wp-json\/wp\/v2\/product\/1782","targetHints":{"allow":["GET"]}}],"collection":[{"href":"https:\/\/ecowise.lv\/en\/wp-json\/wp\/v2\/product"}],"about":[{"href":"https:\/\/ecowise.lv\/en\/wp-json\/wp\/v2\/types\/product"}],"wp:featuredmedia":[{"embeddable":true,"href":"https:\/\/ecowise.lv\/en\/wp-json\/wp\/v2\/media\/1773"}],"wp:attachment":[{"href":"https:\/\/ecowise.lv\/en\/wp-json\/wp\/v2\/media?parent=1782"}],"wp:term":[{"taxonomy":"product_brand","embeddable":true,"href":"https:\/\/ecowise.lv\/en\/wp-json\/wp\/v2\/product_brand?post=1782"},{"taxonomy":"product_cat","embeddable":true,"href":"https:\/\/ecowise.lv\/en\/wp-json\/wp\/v2\/product_cat?post=1782"},{"taxonomy":"product_tag","embeddable":true,"href":"https:\/\/ecowise.lv\/en\/wp-json\/wp\/v2\/product_tag?post=1782"}],"curies":[{"name":"wp","href":"https:\/\/api.w.org\/{rel}","templated":true}]}}