{"id":1762,"date":"2023-08-24T16:55:09","date_gmt":"2023-08-24T13:55:09","guid":{"rendered":"https:\/\/ecowise.lv\/?post_type=product&#038;p=1762"},"modified":"2023-10-30T10:08:48","modified_gmt":"2023-10-30T08:08:48","slug":"gold-cx-versija-f-2","status":"publish","type":"product","link":"https:\/\/ecowise.lv\/en\/product\/gold-cx-versija-f-2\/","title":{"rendered":"GOLD CX"},"content":{"rendered":"<p><strong>Air handling unit with an intermediate heat exchanger<\/strong><\/p>\n<p>Fully equipped ventilation unit with direct drive supply and exhaust air fans, filters, and an intermediate heat exchanger. This unit is especially recommended in situations where mixing of supply and exhaust air is not desirable or completely excluded, such as in kitchens, restaurants, medical facilities, etc.<\/p>\n<ul>\n<li>Airflow up to 50,400 m\u00b3\/h<\/li>\n<li>Hydraulic part is installed and filled at the factory (for sizes 35-80)<\/li>\n<li>Especially effective anti-freezing protection<\/li>\n<li>Optimized fan sizes provide greater freedom in choosing the right unit size and fan variant to meet installation needs, thereby offering more opportunities to optimize the energy efficiency of the current project.<\/li>\n<\/ul>\n<p>&nbsp;<\/p>\n<p>All ventilation units comply with the requirements set out in Ecodesign Regulation No. 1253 regarding ventilation units.<\/p>\n<p><img decoding=\"async\" src=\"https:\/\/www.swegon.com\/siteassets\/5-products\/air-handling\/gold\/eurovent-logo.png\" alt=\"eurovent-logo.png\" width=\"191\" height=\"136\" \/><img decoding=\"async\" src=\"https:\/\/www.swegon.com\/siteassets\/5-products\/air-handling\/gold\/ecodesign-logo.png\" alt=\"ecodesign-logo.png\" width=\"206\" height=\"147\" \/><\/p>","protected":false},"excerpt":{"rendered":"<p>Air handling unit with an intermediate heat exchanger<\/p>\n<p>1800-50400 m\u00b3\/h<\/p>","protected":false},"featured_media":2540,"template":"","meta":{"_acf_changed":false,"inline_featured_image":false,"_links_to":"","_links_to_target":""},"product_brand":[],"product_cat":[32],"product_tag":[],"class_list":{"0":"post-1762","1":"product","2":"type-product","3":"status-publish","4":"has-post-thumbnail","6":"product_cat-gold","8":"first","9":"instock","10":"shipping-taxable","11":"product-type-simple"},"acf":[],"yoast_head":"<!-- This site is optimized with the Yoast SEO plugin v27.0 - https:\/\/yoast.com\/product\/yoast-seo-wordpress\/ -->\n<title>GOLD CX - Ecowise<\/title>\n<meta name=\"description\" content=\"Gaisa apstr\u0101des iek\u0101rta ar starpsiltumnes\u0113ja siltummaini, tie\u0161\u0101s piedzi\u0146as piepl\u016bdes un nos\u016bces gaisa ventilatoriem un filtriem.\" \/>\n<meta name=\"robots\" content=\"index, follow, max-snippet:-1, max-image-preview:large, max-video-preview:-1\" \/>\n<link rel=\"canonical\" href=\"https:\/\/ecowise.lv\/en\/product\/gold-cx-versija-f-2\/\" \/>\n<meta property=\"og:locale\" content=\"en_US\" \/>\n<meta property=\"og:type\" content=\"article\" \/>\n<meta property=\"og:title\" content=\"GOLD CX - Ecowise\" \/>\n<meta property=\"og:description\" content=\"Gaisa apstr\u0101des iek\u0101rta ar starpsiltumnes\u0113ja siltummaini, tie\u0161\u0101s piedzi\u0146as piepl\u016bdes un nos\u016bces gaisa ventilatoriem un filtriem.\" \/>\n<meta property=\"og:url\" content=\"https:\/\/ecowise.lv\/en\/product\/gold-cx-versija-f-2\/\" \/>\n<meta property=\"og:site_name\" content=\"Ecowise\" \/>\n<meta property=\"article:modified_time\" content=\"2023-10-30T08:08:48+00:00\" \/>\n<meta property=\"og:image\" content=\"https:\/\/ecowise.lv\/wp-content\/uploads\/2023\/08\/gold-cx40-productimage.webp\" \/>\n\t<meta property=\"og:image:width\" content=\"757\" \/>\n\t<meta property=\"og:image:height\" content=\"576\" \/>\n\t<meta property=\"og:image:type\" content=\"image\/webp\" \/>\n<meta name=\"twitter:card\" content=\"summary_large_image\" \/>\n<meta name=\"twitter:label1\" content=\"Est. reading time\" \/>\n\t<meta name=\"twitter:data1\" content=\"1 minute\" \/>\n<script type=\"application\/ld+json\" class=\"yoast-schema-graph\">{\"@context\":\"https:\/\/schema.org\",\"@graph\":[{\"@type\":\"WebPage\",\"@id\":\"https:\/\/ecowise.lv\/product\/gold-cx-versija-f-2\/\",\"url\":\"https:\/\/ecowise.lv\/product\/gold-cx-versija-f-2\/\",\"name\":\"GOLD CX - Ecowise\",\"isPartOf\":{\"@id\":\"https:\/\/ecowise.lv\/#website\"},\"primaryImageOfPage\":{\"@id\":\"https:\/\/ecowise.lv\/product\/gold-cx-versija-f-2\/#primaryimage\"},\"image\":{\"@id\":\"https:\/\/ecowise.lv\/product\/gold-cx-versija-f-2\/#primaryimage\"},\"thumbnailUrl\":\"https:\/\/ecowise.lv\/wp-content\/uploads\/2023\/08\/gold-cx40-productimage.webp\",\"datePublished\":\"2023-08-24T13:55:09+00:00\",\"dateModified\":\"2023-10-30T08:08:48+00:00\",\"description\":\"Gaisa apstr\u0101des iek\u0101rta ar starpsiltumnes\u0113ja siltummaini, tie\u0161\u0101s piedzi\u0146as piepl\u016bdes un nos\u016bces gaisa ventilatoriem un filtriem.\",\"breadcrumb\":{\"@id\":\"https:\/\/ecowise.lv\/product\/gold-cx-versija-f-2\/#breadcrumb\"},\"inLanguage\":\"en-US\",\"potentialAction\":[{\"@type\":\"ReadAction\",\"target\":[\"https:\/\/ecowise.lv\/product\/gold-cx-versija-f-2\/\"]}]},{\"@type\":\"ImageObject\",\"inLanguage\":\"en-US\",\"@id\":\"https:\/\/ecowise.lv\/product\/gold-cx-versija-f-2\/#primaryimage\",\"url\":\"https:\/\/ecowise.lv\/wp-content\/uploads\/2023\/08\/gold-cx40-productimage.webp\",\"contentUrl\":\"https:\/\/ecowise.lv\/wp-content\/uploads\/2023\/08\/gold-cx40-productimage.webp\",\"width\":757,\"height\":576},{\"@type\":\"BreadcrumbList\",\"@id\":\"https:\/\/ecowise.lv\/product\/gold-cx-versija-f-2\/#breadcrumb\",\"itemListElement\":[{\"@type\":\"ListItem\",\"position\":1,\"name\":\"Products\",\"item\":\"https:\/\/ecowise.lv\/shop\/\"},{\"@type\":\"ListItem\",\"position\":2,\"name\":\"GOLD CX\"}]},{\"@type\":\"WebSite\",\"@id\":\"https:\/\/ecowise.lv\/#website\",\"url\":\"https:\/\/ecowise.lv\/\",\"name\":\"Ecowise\",\"description\":\"Ener\u0123ijas pat\u0113ri\u0146a samazin\u0101jums\",\"publisher\":{\"@id\":\"https:\/\/ecowise.lv\/#organization\"},\"potentialAction\":[{\"@type\":\"SearchAction\",\"target\":{\"@type\":\"EntryPoint\",\"urlTemplate\":\"https:\/\/ecowise.lv\/?s={search_term_string}\"},\"query-input\":{\"@type\":\"PropertyValueSpecification\",\"valueRequired\":true,\"valueName\":\"search_term_string\"}}],\"inLanguage\":\"en-US\"},{\"@type\":\"Organization\",\"@id\":\"https:\/\/ecowise.lv\/#organization\",\"name\":\"Ecowise\",\"url\":\"https:\/\/ecowise.lv\/\",\"logo\":{\"@type\":\"ImageObject\",\"inLanguage\":\"en-US\",\"@id\":\"https:\/\/ecowise.lv\/#\/schema\/logo\/image\/\",\"url\":\"https:\/\/ecowise.lv\/wp-content\/uploads\/2023\/03\/logo.svg\",\"contentUrl\":\"https:\/\/ecowise.lv\/wp-content\/uploads\/2023\/03\/logo.svg\",\"width\":207,\"height\":27,\"caption\":\"Ecowise\"},\"image\":{\"@id\":\"https:\/\/ecowise.lv\/#\/schema\/logo\/image\/\"}}]}<\/script>\n<!-- \/ Yoast SEO plugin. -->","yoast_head_json":{"title":"GOLD CX - Ecowise","description":"Gaisa apstr\u0101des iek\u0101rta ar starpsiltumnes\u0113ja siltummaini, tie\u0161\u0101s piedzi\u0146as piepl\u016bdes un nos\u016bces gaisa ventilatoriem un filtriem.","robots":{"index":"index","follow":"follow","max-snippet":"max-snippet:-1","max-image-preview":"max-image-preview:large","max-video-preview":"max-video-preview:-1"},"canonical":"https:\/\/ecowise.lv\/en\/product\/gold-cx-versija-f-2\/","og_locale":"en_US","og_type":"article","og_title":"GOLD CX - Ecowise","og_description":"Gaisa apstr\u0101des iek\u0101rta ar starpsiltumnes\u0113ja siltummaini, tie\u0161\u0101s piedzi\u0146as piepl\u016bdes un nos\u016bces gaisa ventilatoriem un filtriem.","og_url":"https:\/\/ecowise.lv\/en\/product\/gold-cx-versija-f-2\/","og_site_name":"Ecowise","article_modified_time":"2023-10-30T08:08:48+00:00","og_image":[{"width":757,"height":576,"url":"https:\/\/ecowise.lv\/wp-content\/uploads\/2023\/08\/gold-cx40-productimage.webp","type":"image\/webp"}],"twitter_card":"summary_large_image","twitter_misc":{"Est. reading time":"1 minute"},"schema":{"@context":"https:\/\/schema.org","@graph":[{"@type":"WebPage","@id":"https:\/\/ecowise.lv\/product\/gold-cx-versija-f-2\/","url":"https:\/\/ecowise.lv\/product\/gold-cx-versija-f-2\/","name":"GOLD CX - Ecowise","isPartOf":{"@id":"https:\/\/ecowise.lv\/#website"},"primaryImageOfPage":{"@id":"https:\/\/ecowise.lv\/product\/gold-cx-versija-f-2\/#primaryimage"},"image":{"@id":"https:\/\/ecowise.lv\/product\/gold-cx-versija-f-2\/#primaryimage"},"thumbnailUrl":"https:\/\/ecowise.lv\/wp-content\/uploads\/2023\/08\/gold-cx40-productimage.webp","datePublished":"2023-08-24T13:55:09+00:00","dateModified":"2023-10-30T08:08:48+00:00","description":"Gaisa apstr\u0101des iek\u0101rta ar starpsiltumnes\u0113ja siltummaini, tie\u0161\u0101s piedzi\u0146as piepl\u016bdes un nos\u016bces gaisa ventilatoriem un filtriem.","breadcrumb":{"@id":"https:\/\/ecowise.lv\/product\/gold-cx-versija-f-2\/#breadcrumb"},"inLanguage":"en-US","potentialAction":[{"@type":"ReadAction","target":["https:\/\/ecowise.lv\/product\/gold-cx-versija-f-2\/"]}]},{"@type":"ImageObject","inLanguage":"en-US","@id":"https:\/\/ecowise.lv\/product\/gold-cx-versija-f-2\/#primaryimage","url":"https:\/\/ecowise.lv\/wp-content\/uploads\/2023\/08\/gold-cx40-productimage.webp","contentUrl":"https:\/\/ecowise.lv\/wp-content\/uploads\/2023\/08\/gold-cx40-productimage.webp","width":757,"height":576},{"@type":"BreadcrumbList","@id":"https:\/\/ecowise.lv\/product\/gold-cx-versija-f-2\/#breadcrumb","itemListElement":[{"@type":"ListItem","position":1,"name":"Products","item":"https:\/\/ecowise.lv\/shop\/"},{"@type":"ListItem","position":2,"name":"GOLD CX"}]},{"@type":"WebSite","@id":"https:\/\/ecowise.lv\/#website","url":"https:\/\/ecowise.lv\/","name":"Ecowise","description":"Ener\u0123ijas pat\u0113ri\u0146a samazin\u0101jums","publisher":{"@id":"https:\/\/ecowise.lv\/#organization"},"potentialAction":[{"@type":"SearchAction","target":{"@type":"EntryPoint","urlTemplate":"https:\/\/ecowise.lv\/?s={search_term_string}"},"query-input":{"@type":"PropertyValueSpecification","valueRequired":true,"valueName":"search_term_string"}}],"inLanguage":"en-US"},{"@type":"Organization","@id":"https:\/\/ecowise.lv\/#organization","name":"Ecowise","url":"https:\/\/ecowise.lv\/","logo":{"@type":"ImageObject","inLanguage":"en-US","@id":"https:\/\/ecowise.lv\/#\/schema\/logo\/image\/","url":"https:\/\/ecowise.lv\/wp-content\/uploads\/2023\/03\/logo.svg","contentUrl":"https:\/\/ecowise.lv\/wp-content\/uploads\/2023\/03\/logo.svg","width":207,"height":27,"caption":"Ecowise"},"image":{"@id":"https:\/\/ecowise.lv\/#\/schema\/logo\/image\/"}}]}},"_links":{"self":[{"href":"https:\/\/ecowise.lv\/en\/wp-json\/wp\/v2\/product\/1762","targetHints":{"allow":["GET"]}}],"collection":[{"href":"https:\/\/ecowise.lv\/en\/wp-json\/wp\/v2\/product"}],"about":[{"href":"https:\/\/ecowise.lv\/en\/wp-json\/wp\/v2\/types\/product"}],"wp:featuredmedia":[{"embeddable":true,"href":"https:\/\/ecowise.lv\/en\/wp-json\/wp\/v2\/media\/2540"}],"wp:attachment":[{"href":"https:\/\/ecowise.lv\/en\/wp-json\/wp\/v2\/media?parent=1762"}],"wp:term":[{"taxonomy":"product_brand","embeddable":true,"href":"https:\/\/ecowise.lv\/en\/wp-json\/wp\/v2\/product_brand?post=1762"},{"taxonomy":"product_cat","embeddable":true,"href":"https:\/\/ecowise.lv\/en\/wp-json\/wp\/v2\/product_cat?post=1762"},{"taxonomy":"product_tag","embeddable":true,"href":"https:\/\/ecowise.lv\/en\/wp-json\/wp\/v2\/product_tag?post=1762"}],"curies":[{"name":"wp","href":"https:\/\/api.w.org\/{rel}","templated":true}]}}