{"id":1758,"date":"2023-08-24T16:24:38","date_gmt":"2023-08-24T13:24:38","guid":{"rendered":"https:\/\/ecowise.lv\/?post_type=product&#038;p=1758"},"modified":"2023-10-30T10:17:19","modified_gmt":"2023-10-30T08:17:19","slug":"gold-px-versija-f-2","status":"publish","type":"product","link":"https:\/\/ecowise.lv\/en\/product\/gold-px-versija-f-2\/","title":{"rendered":"GOLD PX"},"content":{"rendered":"<p><strong>Air handling unit with a plate (counterflow) heat exchanger<\/strong><\/p>\n<p>GOLD PX is a fully equipped air handling unit with a counterflow heat exchanger \u201cRECOflow\u201d, direct drive supply and exhaust air fans, and filters. The counterflow heat exchanger with separate airflows is especially recommended where mixing of supply and exhaust air is not desirable, such as in kitchens and restaurants.<\/p>\n<ul>\n<li>Airflow is up to 11,520 m\u00b3\/h<\/li>\n<li>Equipped with a bypass line and shut-off valves<\/li>\n<li>\"RECOfrost\" - effective defrosting\/anti-freezing protection control<\/li>\n<li><span class=\"Y2IQFc\" lang=\"lv\">Optimized fan sizes provide greater freedom in selecting the right air handling unit size and fan variants to meet installation needs. This also offers even greater opportunities to optimize the energy efficiency of the current project.<\/span><\/li>\n<\/ul>\n<p>&nbsp;<\/p>\n<p id=\"tw-target-text\" class=\"tw-data-text tw-text-large tw-ta\" dir=\"ltr\" data-placeholder=\"Translation\"><strong><span class=\"Y2IQFc\" lang=\"lv\">Unique, efficient, and safe counterflow heat exchanger <\/span><\/strong><\/p>\n<p class=\"tw-data-text tw-text-large tw-ta\" dir=\"ltr\" data-placeholder=\"Translation\"><span class=\"Y2IQFc\" lang=\"lv\">With high-quality equipment and smart control, Swegon GOLD PX can achieve excellent energy recovery, despite its compact size. The solution is to combine an efficient counterflow heat exchanger RECOflow with the innovative defrosting control RECOfrost, which continuously monitors the state of the heat exchanger, ensuring that defrosting occurs adaptively in real-time. In this way, energy losses are always minimized to the lowest possible level.<\/span><\/p>\n<p><iframe title=\"GOLD PX\" width=\"640\" height=\"360\" src=\"https:\/\/www.youtube.com\/embed\/FiF8Bf28yU8?feature=oembed\" frameborder=\"0\" allow=\"accelerometer; autoplay; clipboard-write; encrypted-media; gyroscope; picture-in-picture; web-share\" referrerpolicy=\"strict-origin-when-cross-origin\" allowfullscreen><\/iframe><\/p>\n<p>&nbsp;<\/p>\n<p>All ventilation units comply with the requirements set out in Ecodesign Regulation No. 1253 regarding ventilation units.<\/p>\n<p><img decoding=\"async\" src=\"https:\/\/www.swegon.com\/siteassets\/5-products\/air-handling\/gold\/eurovent-logo.png\" alt=\"eurovent-logo.png\" width=\"191\" height=\"136\" \/><img decoding=\"async\" src=\"https:\/\/www.swegon.com\/siteassets\/5-products\/air-handling\/gold\/ecodesign-logo.png\" alt=\"ecodesign-logo.png\" width=\"206\" height=\"147\" \/><\/p>","protected":false},"excerpt":{"rendered":"<h4>Air handling unit with a plate (counterflow) heat exchanger.<\/h4>\n<h4>290-11520 m\u00b3\/h<\/h4>","protected":false},"featured_media":2533,"template":"","meta":{"_acf_changed":false,"inline_featured_image":false,"_links_to":"","_links_to_target":""},"product_brand":[],"product_cat":[32],"product_tag":[],"class_list":{"0":"post-1758","1":"product","2":"type-product","3":"status-publish","4":"has-post-thumbnail","6":"product_cat-gold","8":"first","9":"instock","10":"shipping-taxable","11":"product-type-simple"},"acf":[],"yoast_head":"<!-- This site is optimized with the Yoast SEO plugin v27.0 - https:\/\/yoast.com\/product\/yoast-seo-wordpress\/ -->\n<title>GOLD PX - Ecowise<\/title>\n<meta name=\"description\" content=\"Gaisa apstr\u0101des iek\u0101rta ar pretpl\u016bsmas siltummaini \u201cRECOflow\u201d, tie\u0161\u0101s piedzi\u0146as piepl\u016bdes un nos\u016bces gaisa ventilatoriem un filtriem.\" \/>\n<meta name=\"robots\" content=\"index, follow, max-snippet:-1, max-image-preview:large, max-video-preview:-1\" \/>\n<link rel=\"canonical\" href=\"https:\/\/ecowise.lv\/en\/product\/gold-px-versija-f-2\/\" \/>\n<meta property=\"og:locale\" content=\"en_US\" \/>\n<meta property=\"og:type\" content=\"article\" \/>\n<meta property=\"og:title\" content=\"GOLD PX - Ecowise\" \/>\n<meta property=\"og:description\" content=\"Gaisa apstr\u0101des iek\u0101rta ar pretpl\u016bsmas siltummaini \u201cRECOflow\u201d, tie\u0161\u0101s piedzi\u0146as piepl\u016bdes un nos\u016bces gaisa ventilatoriem un filtriem.\" \/>\n<meta property=\"og:url\" content=\"https:\/\/ecowise.lv\/en\/product\/gold-px-versija-f-2\/\" \/>\n<meta property=\"og:site_name\" content=\"Ecowise\" \/>\n<meta property=\"article:modified_time\" content=\"2023-10-30T08:17:19+00:00\" \/>\n<meta property=\"og:image\" content=\"https:\/\/ecowise.lv\/wp-content\/uploads\/2023\/08\/goldpxproduct-1.webp\" \/>\n\t<meta property=\"og:image:width\" content=\"805\" \/>\n\t<meta property=\"og:image:height\" content=\"644\" \/>\n\t<meta property=\"og:image:type\" content=\"image\/webp\" \/>\n<meta name=\"twitter:card\" content=\"summary_large_image\" \/>\n<meta name=\"twitter:label1\" content=\"Est. reading time\" \/>\n\t<meta name=\"twitter:data1\" content=\"2 minutes\" \/>\n<script type=\"application\/ld+json\" class=\"yoast-schema-graph\">{\"@context\":\"https:\/\/schema.org\",\"@graph\":[{\"@type\":\"WebPage\",\"@id\":\"https:\/\/ecowise.lv\/product\/gold-px-versija-f-2\/\",\"url\":\"https:\/\/ecowise.lv\/product\/gold-px-versija-f-2\/\",\"name\":\"GOLD PX - Ecowise\",\"isPartOf\":{\"@id\":\"https:\/\/ecowise.lv\/#website\"},\"primaryImageOfPage\":{\"@id\":\"https:\/\/ecowise.lv\/product\/gold-px-versija-f-2\/#primaryimage\"},\"image\":{\"@id\":\"https:\/\/ecowise.lv\/product\/gold-px-versija-f-2\/#primaryimage\"},\"thumbnailUrl\":\"https:\/\/ecowise.lv\/wp-content\/uploads\/2023\/08\/goldpxproduct-1.webp\",\"datePublished\":\"2023-08-24T13:24:38+00:00\",\"dateModified\":\"2023-10-30T08:17:19+00:00\",\"description\":\"Gaisa apstr\u0101des iek\u0101rta ar pretpl\u016bsmas siltummaini \u201cRECOflow\u201d, tie\u0161\u0101s piedzi\u0146as piepl\u016bdes un nos\u016bces gaisa ventilatoriem un filtriem.\",\"breadcrumb\":{\"@id\":\"https:\/\/ecowise.lv\/product\/gold-px-versija-f-2\/#breadcrumb\"},\"inLanguage\":\"en-US\",\"potentialAction\":[{\"@type\":\"ReadAction\",\"target\":[\"https:\/\/ecowise.lv\/product\/gold-px-versija-f-2\/\"]}]},{\"@type\":\"ImageObject\",\"inLanguage\":\"en-US\",\"@id\":\"https:\/\/ecowise.lv\/product\/gold-px-versija-f-2\/#primaryimage\",\"url\":\"https:\/\/ecowise.lv\/wp-content\/uploads\/2023\/08\/goldpxproduct-1.webp\",\"contentUrl\":\"https:\/\/ecowise.lv\/wp-content\/uploads\/2023\/08\/goldpxproduct-1.webp\",\"width\":805,\"height\":644},{\"@type\":\"BreadcrumbList\",\"@id\":\"https:\/\/ecowise.lv\/product\/gold-px-versija-f-2\/#breadcrumb\",\"itemListElement\":[{\"@type\":\"ListItem\",\"position\":1,\"name\":\"Products\",\"item\":\"https:\/\/ecowise.lv\/shop\/\"},{\"@type\":\"ListItem\",\"position\":2,\"name\":\"GOLD PX\"}]},{\"@type\":\"WebSite\",\"@id\":\"https:\/\/ecowise.lv\/#website\",\"url\":\"https:\/\/ecowise.lv\/\",\"name\":\"Ecowise\",\"description\":\"Ener\u0123ijas pat\u0113ri\u0146a samazin\u0101jums\",\"publisher\":{\"@id\":\"https:\/\/ecowise.lv\/#organization\"},\"potentialAction\":[{\"@type\":\"SearchAction\",\"target\":{\"@type\":\"EntryPoint\",\"urlTemplate\":\"https:\/\/ecowise.lv\/?s={search_term_string}\"},\"query-input\":{\"@type\":\"PropertyValueSpecification\",\"valueRequired\":true,\"valueName\":\"search_term_string\"}}],\"inLanguage\":\"en-US\"},{\"@type\":\"Organization\",\"@id\":\"https:\/\/ecowise.lv\/#organization\",\"name\":\"Ecowise\",\"url\":\"https:\/\/ecowise.lv\/\",\"logo\":{\"@type\":\"ImageObject\",\"inLanguage\":\"en-US\",\"@id\":\"https:\/\/ecowise.lv\/#\/schema\/logo\/image\/\",\"url\":\"https:\/\/ecowise.lv\/wp-content\/uploads\/2023\/03\/logo.svg\",\"contentUrl\":\"https:\/\/ecowise.lv\/wp-content\/uploads\/2023\/03\/logo.svg\",\"width\":207,\"height\":27,\"caption\":\"Ecowise\"},\"image\":{\"@id\":\"https:\/\/ecowise.lv\/#\/schema\/logo\/image\/\"}}]}<\/script>\n<!-- \/ Yoast SEO plugin. -->","yoast_head_json":{"title":"GOLD PX - Ecowise","description":"Gaisa apstr\u0101des iek\u0101rta ar pretpl\u016bsmas siltummaini \u201cRECOflow\u201d, tie\u0161\u0101s piedzi\u0146as piepl\u016bdes un nos\u016bces gaisa ventilatoriem un filtriem.","robots":{"index":"index","follow":"follow","max-snippet":"max-snippet:-1","max-image-preview":"max-image-preview:large","max-video-preview":"max-video-preview:-1"},"canonical":"https:\/\/ecowise.lv\/en\/product\/gold-px-versija-f-2\/","og_locale":"en_US","og_type":"article","og_title":"GOLD PX - Ecowise","og_description":"Gaisa apstr\u0101des iek\u0101rta ar pretpl\u016bsmas siltummaini \u201cRECOflow\u201d, tie\u0161\u0101s piedzi\u0146as piepl\u016bdes un nos\u016bces gaisa ventilatoriem un filtriem.","og_url":"https:\/\/ecowise.lv\/en\/product\/gold-px-versija-f-2\/","og_site_name":"Ecowise","article_modified_time":"2023-10-30T08:17:19+00:00","og_image":[{"width":805,"height":644,"url":"https:\/\/ecowise.lv\/wp-content\/uploads\/2023\/08\/goldpxproduct-1.webp","type":"image\/webp"}],"twitter_card":"summary_large_image","twitter_misc":{"Est. reading time":"2 minutes"},"schema":{"@context":"https:\/\/schema.org","@graph":[{"@type":"WebPage","@id":"https:\/\/ecowise.lv\/product\/gold-px-versija-f-2\/","url":"https:\/\/ecowise.lv\/product\/gold-px-versija-f-2\/","name":"GOLD PX - Ecowise","isPartOf":{"@id":"https:\/\/ecowise.lv\/#website"},"primaryImageOfPage":{"@id":"https:\/\/ecowise.lv\/product\/gold-px-versija-f-2\/#primaryimage"},"image":{"@id":"https:\/\/ecowise.lv\/product\/gold-px-versija-f-2\/#primaryimage"},"thumbnailUrl":"https:\/\/ecowise.lv\/wp-content\/uploads\/2023\/08\/goldpxproduct-1.webp","datePublished":"2023-08-24T13:24:38+00:00","dateModified":"2023-10-30T08:17:19+00:00","description":"Gaisa apstr\u0101des iek\u0101rta ar pretpl\u016bsmas siltummaini \u201cRECOflow\u201d, tie\u0161\u0101s piedzi\u0146as piepl\u016bdes un nos\u016bces gaisa ventilatoriem un filtriem.","breadcrumb":{"@id":"https:\/\/ecowise.lv\/product\/gold-px-versija-f-2\/#breadcrumb"},"inLanguage":"en-US","potentialAction":[{"@type":"ReadAction","target":["https:\/\/ecowise.lv\/product\/gold-px-versija-f-2\/"]}]},{"@type":"ImageObject","inLanguage":"en-US","@id":"https:\/\/ecowise.lv\/product\/gold-px-versija-f-2\/#primaryimage","url":"https:\/\/ecowise.lv\/wp-content\/uploads\/2023\/08\/goldpxproduct-1.webp","contentUrl":"https:\/\/ecowise.lv\/wp-content\/uploads\/2023\/08\/goldpxproduct-1.webp","width":805,"height":644},{"@type":"BreadcrumbList","@id":"https:\/\/ecowise.lv\/product\/gold-px-versija-f-2\/#breadcrumb","itemListElement":[{"@type":"ListItem","position":1,"name":"Products","item":"https:\/\/ecowise.lv\/shop\/"},{"@type":"ListItem","position":2,"name":"GOLD PX"}]},{"@type":"WebSite","@id":"https:\/\/ecowise.lv\/#website","url":"https:\/\/ecowise.lv\/","name":"Ecowise","description":"Ener\u0123ijas pat\u0113ri\u0146a samazin\u0101jums","publisher":{"@id":"https:\/\/ecowise.lv\/#organization"},"potentialAction":[{"@type":"SearchAction","target":{"@type":"EntryPoint","urlTemplate":"https:\/\/ecowise.lv\/?s={search_term_string}"},"query-input":{"@type":"PropertyValueSpecification","valueRequired":true,"valueName":"search_term_string"}}],"inLanguage":"en-US"},{"@type":"Organization","@id":"https:\/\/ecowise.lv\/#organization","name":"Ecowise","url":"https:\/\/ecowise.lv\/","logo":{"@type":"ImageObject","inLanguage":"en-US","@id":"https:\/\/ecowise.lv\/#\/schema\/logo\/image\/","url":"https:\/\/ecowise.lv\/wp-content\/uploads\/2023\/03\/logo.svg","contentUrl":"https:\/\/ecowise.lv\/wp-content\/uploads\/2023\/03\/logo.svg","width":207,"height":27,"caption":"Ecowise"},"image":{"@id":"https:\/\/ecowise.lv\/#\/schema\/logo\/image\/"}}]}},"_links":{"self":[{"href":"https:\/\/ecowise.lv\/en\/wp-json\/wp\/v2\/product\/1758","targetHints":{"allow":["GET"]}}],"collection":[{"href":"https:\/\/ecowise.lv\/en\/wp-json\/wp\/v2\/product"}],"about":[{"href":"https:\/\/ecowise.lv\/en\/wp-json\/wp\/v2\/types\/product"}],"wp:featuredmedia":[{"embeddable":true,"href":"https:\/\/ecowise.lv\/en\/wp-json\/wp\/v2\/media\/2533"}],"wp:attachment":[{"href":"https:\/\/ecowise.lv\/en\/wp-json\/wp\/v2\/media?parent=1758"}],"wp:term":[{"taxonomy":"product_brand","embeddable":true,"href":"https:\/\/ecowise.lv\/en\/wp-json\/wp\/v2\/product_brand?post=1758"},{"taxonomy":"product_cat","embeddable":true,"href":"https:\/\/ecowise.lv\/en\/wp-json\/wp\/v2\/product_cat?post=1758"},{"taxonomy":"product_tag","embeddable":true,"href":"https:\/\/ecowise.lv\/en\/wp-json\/wp\/v2\/product_tag?post=1758"}],"curies":[{"name":"wp","href":"https:\/\/api.w.org\/{rel}","templated":true}]}}