{"id":1754,"date":"2023-08-24T16:20:58","date_gmt":"2023-08-24T13:20:58","guid":{"rendered":"https:\/\/ecowise.lv\/?post_type=product&#038;p=1754"},"modified":"2024-06-13T11:49:04","modified_gmt":"2024-06-13T08:49:04","slug":"1754","status":"publish","type":"product","link":"https:\/\/ecowise.lv\/en\/product\/1754\/","title":{"rendered":"GOLD RX"},"content":{"rendered":"<h3>Air handling unit with rotary heat exchanger<\/h3>\n<p>GOLD RX is a fully equipped air handling unit with a rotary heat exchanger, direct drive supply and exhaust air fans, as well as supply and exhaust air filters.<\/p>\n<ul>\n<li>Heat exchanger temperature efficiency up to 85%<\/li>\n<li>Airflow up to 50,400 m\u00b3\/h<\/li>\n<li>Variable speed control for the rotary heat exchanger<\/li>\n<li>Heat and cooling energy recovery<\/li>\n<li>Optimized fan sizes offer wider choices to improve project energy efficiency and to choose the right size for the air handling unit;<\/li>\n<\/ul>\n<p>&nbsp;<\/p>\n<p><strong>Rotary Heat Exchanger RECOnomic\/RECOsorptic<\/strong><\/p>\n<p>Specially designed and Swegon patented heat exchanger construction. Swegon rotary heat exchanger is also available in a sorption version (RECOsorptic), which further enhances energy efficiency by being able to dry the air or recover moisture depending on conditions and needs.<\/p>\n<p><iframe title=\"GOLD RX \u2013 Rotary Heat Exchanger\" width=\"640\" height=\"360\" src=\"https:\/\/www.youtube.com\/embed\/u1hAU6Dwbqg?feature=oembed\" frameborder=\"0\" allow=\"accelerometer; autoplay; clipboard-write; encrypted-media; gyroscope; picture-in-picture; web-share\" referrerpolicy=\"strict-origin-when-cross-origin\" allowfullscreen><\/iframe><\/p>\n<p><strong>Full control over air quality <\/strong><\/p>\n<p>Thanks to the unique combination of the purification sector and Carry-Over Control functionality, the risk of air mixing between exhaust and supply air is reduced, ensuring that the building is always ventilated with fresh air.<\/p>\n<p id=\"tw-target-text\" class=\"tw-data-text tw-text-large tw-ta\" dir=\"ltr\" data-placeholder=\"Translation\"><strong><span class=\"Y2IQFc\" lang=\"lv\">GOLD RX\/HC \u2013 integrated cooling and heating <\/span><\/strong><\/p>\n<p class=\"tw-data-text tw-text-large tw-ta\" dir=\"ltr\" data-placeholder=\"Translation\"><span class=\"Y2IQFc\" lang=\"lv\">The new generation of GOLD introduces many new features. A significant addition is GOLD RX\/HC, a plug-and-play solution for integrated cooling and heating. Thanks to the integrated reversible heat pump, it is now easier than ever to create a comprehensive ventilation system. Incredibly easy to plan, install, and commission. Moreover, all functions are easily accessible through the GOLD user interface.<\/span><\/p>\n<p dir=\"ltr\" data-placeholder=\"Translation\"><strong>Controls<\/strong><\/p>\n<p><iframe title=\"GOLD \u2013 IQnavigator\" width=\"640\" height=\"360\" src=\"https:\/\/www.youtube.com\/embed\/JMEGMB7M_BU?feature=oembed\" frameborder=\"0\" allow=\"accelerometer; autoplay; clipboard-write; encrypted-media; gyroscope; picture-in-picture; web-share\" referrerpolicy=\"strict-origin-when-cross-origin\" allowfullscreen><\/iframe><\/p>\n<p><strong>Multilogic<\/strong><\/p>\n<p><iframe title=\"GOLD Multilogic\" width=\"640\" height=\"360\" src=\"https:\/\/www.youtube.com\/embed\/QzUxVrzUTO8?feature=oembed\" frameborder=\"0\" allow=\"accelerometer; autoplay; clipboard-write; encrypted-media; gyroscope; picture-in-picture; web-share\" referrerpolicy=\"strict-origin-when-cross-origin\" allowfullscreen><\/iframe><\/p>\n<p>&nbsp;<\/p>\n<p>&nbsp;<\/p>\n<p>All ventilation units comply with the requirements set out in Ecodesign Regulation No. 1253 regarding ventilation units.<\/p>\n<p>GOLD RX (sizes 04-35 and 50) are certified by the Passive House Institute due to their high energy efficiency and heat recovery. GOLD is unique in that it is the only certified unit for high air flows (&gt;9,000 m3\/h). GOLD also has the widest range of Passive House certified air handling units, offering flexible rotor choice.<\/p>\n<p><img decoding=\"async\" src=\"https:\/\/www.swegon.com\/siteassets\/5-products\/air-handling\/gold\/eurovent-logo.png\" alt=\"eurovent-logo.png\" width=\"191\" height=\"136\" \/><img decoding=\"async\" src=\"https:\/\/www.swegon.com\/siteassets\/5-products\/air-handling\/gold\/ecodesign-logo.png\" alt=\"ecodesign-logo.png\" width=\"206\" height=\"147\" \/><img decoding=\"async\" src=\"https:\/\/www.swegon.com\/siteassets\/5-products\/air-handling\/gold\/passive-house-logo.png\" alt=\"passive-house-logo.png\" width=\"204\" height=\"145\" \/><\/p>","protected":false},"excerpt":{"rendered":"<h4>Air Handling Unit with Rotary Heat Exchanger<\/h4>\n<h4>290-50400 m\u00b3\/h<\/h4>","protected":false},"featured_media":2520,"template":"","meta":{"_acf_changed":false,"inline_featured_image":false,"_links_to":"","_links_to_target":""},"product_brand":[],"product_cat":[32],"product_tag":[],"class_list":{"0":"post-1754","1":"product","2":"type-product","3":"status-publish","4":"has-post-thumbnail","6":"product_cat-gold","8":"first","9":"instock","10":"shipping-taxable","11":"product-type-simple"},"acf":[],"yoast_head":"<!-- This site is optimized with the Yoast SEO plugin v27.0 - https:\/\/yoast.com\/product\/yoast-seo-wordpress\/ -->\n<title>GOLD RX - Ecowise<\/title>\n<meta name=\"description\" content=\"Gaisa apstr\u0101des iek\u0101rta ar rot\u0101cijas siltummaini, tie\u0161\u0101s piedzi\u0146as piepl\u016bdes un nos\u016bces gaisa ventilatoriem, apr\u012bkot\u0101 ar gaisa ie\u0146em\u0161anas un izm\u0113\u0161anas filtriem.\" \/>\n<meta name=\"robots\" content=\"index, follow, max-snippet:-1, max-image-preview:large, max-video-preview:-1\" \/>\n<link rel=\"canonical\" href=\"https:\/\/ecowise.lv\/en\/product\/1754\/\" \/>\n<meta property=\"og:locale\" content=\"en_US\" \/>\n<meta property=\"og:type\" content=\"article\" \/>\n<meta property=\"og:title\" content=\"GOLD RX - Ecowise\" \/>\n<meta property=\"og:description\" content=\"Gaisa apstr\u0101des iek\u0101rta ar rot\u0101cijas siltummaini, tie\u0161\u0101s piedzi\u0146as piepl\u016bdes un nos\u016bces gaisa ventilatoriem, apr\u012bkot\u0101 ar gaisa ie\u0146em\u0161anas un izm\u0113\u0161anas filtriem.\" \/>\n<meta property=\"og:url\" content=\"https:\/\/ecowise.lv\/en\/product\/1754\/\" \/>\n<meta property=\"og:site_name\" content=\"Ecowise\" \/>\n<meta property=\"article:modified_time\" content=\"2024-06-13T08:49:04+00:00\" \/>\n<meta property=\"og:image\" content=\"https:\/\/ecowise.lv\/wp-content\/uploads\/2023\/08\/gold-rx08-productimage_white.webp\" \/>\n\t<meta property=\"og:image:width\" content=\"768\" \/>\n\t<meta property=\"og:image:height\" content=\"576\" \/>\n\t<meta property=\"og:image:type\" content=\"image\/webp\" \/>\n<meta name=\"twitter:card\" content=\"summary_large_image\" \/>\n<meta name=\"twitter:label1\" content=\"Est. reading time\" \/>\n\t<meta name=\"twitter:data1\" content=\"3 minutes\" \/>\n<script type=\"application\/ld+json\" class=\"yoast-schema-graph\">{\"@context\":\"https:\/\/schema.org\",\"@graph\":[{\"@type\":\"WebPage\",\"@id\":\"https:\/\/ecowise.lv\/product\/1754\/\",\"url\":\"https:\/\/ecowise.lv\/product\/1754\/\",\"name\":\"GOLD RX - Ecowise\",\"isPartOf\":{\"@id\":\"https:\/\/ecowise.lv\/#website\"},\"primaryImageOfPage\":{\"@id\":\"https:\/\/ecowise.lv\/product\/1754\/#primaryimage\"},\"image\":{\"@id\":\"https:\/\/ecowise.lv\/product\/1754\/#primaryimage\"},\"thumbnailUrl\":\"https:\/\/ecowise.lv\/wp-content\/uploads\/2023\/08\/gold-rx08-productimage_white.webp\",\"datePublished\":\"2023-08-24T13:20:58+00:00\",\"dateModified\":\"2024-06-13T08:49:04+00:00\",\"description\":\"Gaisa apstr\u0101des iek\u0101rta ar rot\u0101cijas siltummaini, tie\u0161\u0101s piedzi\u0146as piepl\u016bdes un nos\u016bces gaisa ventilatoriem, apr\u012bkot\u0101 ar gaisa ie\u0146em\u0161anas un izm\u0113\u0161anas filtriem.\",\"breadcrumb\":{\"@id\":\"https:\/\/ecowise.lv\/product\/1754\/#breadcrumb\"},\"inLanguage\":\"en-US\",\"potentialAction\":[{\"@type\":\"ReadAction\",\"target\":[\"https:\/\/ecowise.lv\/product\/1754\/\"]}]},{\"@type\":\"ImageObject\",\"inLanguage\":\"en-US\",\"@id\":\"https:\/\/ecowise.lv\/product\/1754\/#primaryimage\",\"url\":\"https:\/\/ecowise.lv\/wp-content\/uploads\/2023\/08\/gold-rx08-productimage_white.webp\",\"contentUrl\":\"https:\/\/ecowise.lv\/wp-content\/uploads\/2023\/08\/gold-rx08-productimage_white.webp\",\"width\":768,\"height\":576},{\"@type\":\"BreadcrumbList\",\"@id\":\"https:\/\/ecowise.lv\/product\/1754\/#breadcrumb\",\"itemListElement\":[{\"@type\":\"ListItem\",\"position\":1,\"name\":\"Products\",\"item\":\"https:\/\/ecowise.lv\/shop\/\"},{\"@type\":\"ListItem\",\"position\":2,\"name\":\"GOLD RX\"}]},{\"@type\":\"WebSite\",\"@id\":\"https:\/\/ecowise.lv\/#website\",\"url\":\"https:\/\/ecowise.lv\/\",\"name\":\"Ecowise\",\"description\":\"Ener\u0123ijas pat\u0113ri\u0146a samazin\u0101jums\",\"publisher\":{\"@id\":\"https:\/\/ecowise.lv\/#organization\"},\"potentialAction\":[{\"@type\":\"SearchAction\",\"target\":{\"@type\":\"EntryPoint\",\"urlTemplate\":\"https:\/\/ecowise.lv\/?s={search_term_string}\"},\"query-input\":{\"@type\":\"PropertyValueSpecification\",\"valueRequired\":true,\"valueName\":\"search_term_string\"}}],\"inLanguage\":\"en-US\"},{\"@type\":\"Organization\",\"@id\":\"https:\/\/ecowise.lv\/#organization\",\"name\":\"Ecowise\",\"url\":\"https:\/\/ecowise.lv\/\",\"logo\":{\"@type\":\"ImageObject\",\"inLanguage\":\"en-US\",\"@id\":\"https:\/\/ecowise.lv\/#\/schema\/logo\/image\/\",\"url\":\"https:\/\/ecowise.lv\/wp-content\/uploads\/2023\/03\/logo.svg\",\"contentUrl\":\"https:\/\/ecowise.lv\/wp-content\/uploads\/2023\/03\/logo.svg\",\"width\":207,\"height\":27,\"caption\":\"Ecowise\"},\"image\":{\"@id\":\"https:\/\/ecowise.lv\/#\/schema\/logo\/image\/\"}}]}<\/script>\n<!-- \/ Yoast SEO plugin. -->","yoast_head_json":{"title":"GOLD RX - Ecowise","description":"Gaisa apstr\u0101des iek\u0101rta ar rot\u0101cijas siltummaini, tie\u0161\u0101s piedzi\u0146as piepl\u016bdes un nos\u016bces gaisa ventilatoriem, apr\u012bkot\u0101 ar gaisa ie\u0146em\u0161anas un izm\u0113\u0161anas filtriem.","robots":{"index":"index","follow":"follow","max-snippet":"max-snippet:-1","max-image-preview":"max-image-preview:large","max-video-preview":"max-video-preview:-1"},"canonical":"https:\/\/ecowise.lv\/en\/product\/1754\/","og_locale":"en_US","og_type":"article","og_title":"GOLD RX - Ecowise","og_description":"Gaisa apstr\u0101des iek\u0101rta ar rot\u0101cijas siltummaini, tie\u0161\u0101s piedzi\u0146as piepl\u016bdes un nos\u016bces gaisa ventilatoriem, apr\u012bkot\u0101 ar gaisa ie\u0146em\u0161anas un izm\u0113\u0161anas filtriem.","og_url":"https:\/\/ecowise.lv\/en\/product\/1754\/","og_site_name":"Ecowise","article_modified_time":"2024-06-13T08:49:04+00:00","og_image":[{"width":768,"height":576,"url":"https:\/\/ecowise.lv\/wp-content\/uploads\/2023\/08\/gold-rx08-productimage_white.webp","type":"image\/webp"}],"twitter_card":"summary_large_image","twitter_misc":{"Est. reading time":"3 minutes"},"schema":{"@context":"https:\/\/schema.org","@graph":[{"@type":"WebPage","@id":"https:\/\/ecowise.lv\/product\/1754\/","url":"https:\/\/ecowise.lv\/product\/1754\/","name":"GOLD RX - Ecowise","isPartOf":{"@id":"https:\/\/ecowise.lv\/#website"},"primaryImageOfPage":{"@id":"https:\/\/ecowise.lv\/product\/1754\/#primaryimage"},"image":{"@id":"https:\/\/ecowise.lv\/product\/1754\/#primaryimage"},"thumbnailUrl":"https:\/\/ecowise.lv\/wp-content\/uploads\/2023\/08\/gold-rx08-productimage_white.webp","datePublished":"2023-08-24T13:20:58+00:00","dateModified":"2024-06-13T08:49:04+00:00","description":"Gaisa apstr\u0101des iek\u0101rta ar rot\u0101cijas siltummaini, tie\u0161\u0101s piedzi\u0146as piepl\u016bdes un nos\u016bces gaisa ventilatoriem, apr\u012bkot\u0101 ar gaisa ie\u0146em\u0161anas un izm\u0113\u0161anas filtriem.","breadcrumb":{"@id":"https:\/\/ecowise.lv\/product\/1754\/#breadcrumb"},"inLanguage":"en-US","potentialAction":[{"@type":"ReadAction","target":["https:\/\/ecowise.lv\/product\/1754\/"]}]},{"@type":"ImageObject","inLanguage":"en-US","@id":"https:\/\/ecowise.lv\/product\/1754\/#primaryimage","url":"https:\/\/ecowise.lv\/wp-content\/uploads\/2023\/08\/gold-rx08-productimage_white.webp","contentUrl":"https:\/\/ecowise.lv\/wp-content\/uploads\/2023\/08\/gold-rx08-productimage_white.webp","width":768,"height":576},{"@type":"BreadcrumbList","@id":"https:\/\/ecowise.lv\/product\/1754\/#breadcrumb","itemListElement":[{"@type":"ListItem","position":1,"name":"Products","item":"https:\/\/ecowise.lv\/shop\/"},{"@type":"ListItem","position":2,"name":"GOLD RX"}]},{"@type":"WebSite","@id":"https:\/\/ecowise.lv\/#website","url":"https:\/\/ecowise.lv\/","name":"Ecowise","description":"Ener\u0123ijas pat\u0113ri\u0146a samazin\u0101jums","publisher":{"@id":"https:\/\/ecowise.lv\/#organization"},"potentialAction":[{"@type":"SearchAction","target":{"@type":"EntryPoint","urlTemplate":"https:\/\/ecowise.lv\/?s={search_term_string}"},"query-input":{"@type":"PropertyValueSpecification","valueRequired":true,"valueName":"search_term_string"}}],"inLanguage":"en-US"},{"@type":"Organization","@id":"https:\/\/ecowise.lv\/#organization","name":"Ecowise","url":"https:\/\/ecowise.lv\/","logo":{"@type":"ImageObject","inLanguage":"en-US","@id":"https:\/\/ecowise.lv\/#\/schema\/logo\/image\/","url":"https:\/\/ecowise.lv\/wp-content\/uploads\/2023\/03\/logo.svg","contentUrl":"https:\/\/ecowise.lv\/wp-content\/uploads\/2023\/03\/logo.svg","width":207,"height":27,"caption":"Ecowise"},"image":{"@id":"https:\/\/ecowise.lv\/#\/schema\/logo\/image\/"}}]}},"_links":{"self":[{"href":"https:\/\/ecowise.lv\/en\/wp-json\/wp\/v2\/product\/1754","targetHints":{"allow":["GET"]}}],"collection":[{"href":"https:\/\/ecowise.lv\/en\/wp-json\/wp\/v2\/product"}],"about":[{"href":"https:\/\/ecowise.lv\/en\/wp-json\/wp\/v2\/types\/product"}],"wp:featuredmedia":[{"embeddable":true,"href":"https:\/\/ecowise.lv\/en\/wp-json\/wp\/v2\/media\/2520"}],"wp:attachment":[{"href":"https:\/\/ecowise.lv\/en\/wp-json\/wp\/v2\/media?parent=1754"}],"wp:term":[{"taxonomy":"product_brand","embeddable":true,"href":"https:\/\/ecowise.lv\/en\/wp-json\/wp\/v2\/product_brand?post=1754"},{"taxonomy":"product_cat","embeddable":true,"href":"https:\/\/ecowise.lv\/en\/wp-json\/wp\/v2\/product_cat?post=1754"},{"taxonomy":"product_tag","embeddable":true,"href":"https:\/\/ecowise.lv\/en\/wp-json\/wp\/v2\/product_tag?post=1754"}],"curies":[{"name":"wp","href":"https:\/\/api.w.org\/{rel}","templated":true}]}}