{"id":1742,"date":"2023-08-24T16:08:35","date_gmt":"2023-08-24T13:08:35","guid":{"rendered":"https:\/\/ecowise.lv\/?post_type=product&#038;p=1742"},"modified":"2023-10-23T11:36:18","modified_gmt":"2023-10-23T08:36:18","slug":"facile-2","status":"publish","type":"product","link":"https:\/\/ecowise.lv\/en\/product\/facile-2\/","title":{"rendered":"FACILE"},"content":{"rendered":"<p>Sound attenuator with removable splitters for rectangular ducts<\/p>\n<ul>\n<li>Rectangular sound attenuator with removable splitters<\/li>\n<li>Used whenever there are stringent requirements for cleaning<\/li>\n<li>Washable surface finish ISOVER Cleantec PLUS<\/li>\n<li>Low pressure drop due to tapered splitters<\/li>\n<li>Connection dimensions from 400x300 mm to 2200x2200 mm<\/li>\n<li>Possibility of flange connection<\/li>\n<li>Galvanized sheet steel corresponds to corrosion class C3<\/li>\n<li>Available with a fully welded black plate body with a hinged connection<\/li>\n<li>The location of the hatch can be chosen, and it can be placed on both the B and H sides<\/li>\n<li>Opportunity to specially customize with other material options, such as stainless steel.<\/li>\n<li>Included in the MagiCAD database<\/li>\n<\/ul>\n<p>&nbsp;<\/p>\n<p>FACILE is a sound attenuator for use where there are stringent requirements for cleaning and removable splitters.<\/p>\n<p>&nbsp;<\/p>\n<p><strong>Technical data<\/strong><\/p>\n<table>\n<tbody>\n<tr>\n<td class=\"bold v-align-bottom h-align-center\" colspan=\"5\">FACILE - Standard range<\/td>\n<\/tr>\n<tr>\n<td class=\"v-align-bottom h-align-center\" colspan=\"3\">Measurement (mm)<\/td>\n<td class=\"v-align-bottom h-align-center\">Working range<\/td>\n<td class=\"v-align-bottom h-align-center\">Attenuation<\/td>\n<\/tr>\n<tr>\n<td class=\"v-align-bottom h-align-center\">B<\/td>\n<td class=\"v-align-bottom h-align-center\">H<\/td>\n<td class=\"v-align-bottom h-align-center\">L<\/td>\n<td class=\"v-align-top h-align-center\">m\u00b3\/s<\/td>\n<td class=\"v-align-top h-align-center\">dB(A)<\/td>\n<\/tr>\n<tr>\n<td class=\"v-align-bottom h-align-center\">400-2200<\/td>\n<td class=\"v-align-bottom h-align-center\">300-2200<\/td>\n<td class=\"v-align-bottom h-align-center\">750-1950<\/td>\n<td class=\"v-align-bottom h-align-center\">0-34<\/td>\n<td class=\"v-align-bottom h-align-center\">10-25<\/td>\n<\/tr>\n<\/tbody>\n<\/table>\n<p>&nbsp;<\/p>","protected":false},"excerpt":{"rendered":"<h4>Sound attenuator with removable splitters for rectangular ducts<\/h4>","protected":false},"featured_media":4930,"template":"","meta":{"_acf_changed":false,"inline_featured_image":false,"_links_to":"","_links_to_target":""},"product_brand":[],"product_cat":[73],"product_tag":[],"class_list":{"0":"post-1742","1":"product","2":"type-product","3":"status-publish","4":"has-post-thumbnail","6":"product_cat-troksnu-slapetaji-2","8":"first","9":"instock","10":"shipping-taxable","11":"product-type-simple"},"acf":[],"yoast_head":"<!-- This site is optimized with the Yoast SEO plugin v27.0 - https:\/\/yoast.com\/product\/yoast-seo-wordpress\/ -->\n<title>FACILE - Ecowise<\/title>\n<meta name=\"description\" content=\"Higi\u0113niskais trok\u0161\u0146u sl\u0101p\u0113t\u0101js FACILE , ar paaugstin\u0101t\u0101m t\u012br\u012b\u0161anas iesp\u0113j\u0101m, no\u0146emamiem iek\u0161\u0113jiem pane\u013ciem.\" \/>\n<meta name=\"robots\" content=\"index, follow, max-snippet:-1, max-image-preview:large, max-video-preview:-1\" \/>\n<link rel=\"canonical\" href=\"https:\/\/ecowise.lv\/en\/product\/facile-2\/\" \/>\n<meta property=\"og:locale\" content=\"en_US\" \/>\n<meta property=\"og:type\" content=\"article\" \/>\n<meta property=\"og:title\" content=\"FACILE - Ecowise\" \/>\n<meta property=\"og:description\" content=\"Higi\u0113niskais trok\u0161\u0146u sl\u0101p\u0113t\u0101js FACILE , ar paaugstin\u0101t\u0101m t\u012br\u012b\u0161anas iesp\u0113j\u0101m, no\u0146emamiem iek\u0161\u0113jiem pane\u013ciem.\" \/>\n<meta property=\"og:url\" content=\"https:\/\/ecowise.lv\/en\/product\/facile-2\/\" \/>\n<meta property=\"og:site_name\" content=\"Ecowise\" \/>\n<meta property=\"article:modified_time\" content=\"2023-10-23T08:36:18+00:00\" \/>\n<meta property=\"og:image\" content=\"https:\/\/ecowise.lv\/wp-content\/uploads\/2023\/08\/facile_akustika_ventilacija.png\" \/>\n\t<meta property=\"og:image:width\" content=\"600\" \/>\n\t<meta property=\"og:image:height\" content=\"450\" \/>\n\t<meta property=\"og:image:type\" content=\"image\/png\" \/>\n<meta name=\"twitter:card\" content=\"summary_large_image\" \/>\n<meta name=\"twitter:label1\" content=\"Est. reading time\" \/>\n\t<meta name=\"twitter:data1\" content=\"1 minute\" \/>\n<script type=\"application\/ld+json\" class=\"yoast-schema-graph\">{\"@context\":\"https:\/\/schema.org\",\"@graph\":[{\"@type\":\"WebPage\",\"@id\":\"https:\/\/ecowise.lv\/product\/facile-2\/\",\"url\":\"https:\/\/ecowise.lv\/product\/facile-2\/\",\"name\":\"FACILE - Ecowise\",\"isPartOf\":{\"@id\":\"https:\/\/ecowise.lv\/#website\"},\"primaryImageOfPage\":{\"@id\":\"https:\/\/ecowise.lv\/product\/facile-2\/#primaryimage\"},\"image\":{\"@id\":\"https:\/\/ecowise.lv\/product\/facile-2\/#primaryimage\"},\"thumbnailUrl\":\"https:\/\/ecowise.lv\/wp-content\/uploads\/2023\/08\/facile_akustika_ventilacija.png\",\"datePublished\":\"2023-08-24T13:08:35+00:00\",\"dateModified\":\"2023-10-23T08:36:18+00:00\",\"description\":\"Higi\u0113niskais trok\u0161\u0146u sl\u0101p\u0113t\u0101js FACILE , ar paaugstin\u0101t\u0101m t\u012br\u012b\u0161anas iesp\u0113j\u0101m, no\u0146emamiem iek\u0161\u0113jiem pane\u013ciem.\",\"breadcrumb\":{\"@id\":\"https:\/\/ecowise.lv\/product\/facile-2\/#breadcrumb\"},\"inLanguage\":\"en-US\",\"potentialAction\":[{\"@type\":\"ReadAction\",\"target\":[\"https:\/\/ecowise.lv\/product\/facile-2\/\"]}]},{\"@type\":\"ImageObject\",\"inLanguage\":\"en-US\",\"@id\":\"https:\/\/ecowise.lv\/product\/facile-2\/#primaryimage\",\"url\":\"https:\/\/ecowise.lv\/wp-content\/uploads\/2023\/08\/facile_akustika_ventilacija.png\",\"contentUrl\":\"https:\/\/ecowise.lv\/wp-content\/uploads\/2023\/08\/facile_akustika_ventilacija.png\",\"width\":600,\"height\":450},{\"@type\":\"BreadcrumbList\",\"@id\":\"https:\/\/ecowise.lv\/product\/facile-2\/#breadcrumb\",\"itemListElement\":[{\"@type\":\"ListItem\",\"position\":1,\"name\":\"Products\",\"item\":\"https:\/\/ecowise.lv\/shop\/\"},{\"@type\":\"ListItem\",\"position\":2,\"name\":\"FACILE\"}]},{\"@type\":\"WebSite\",\"@id\":\"https:\/\/ecowise.lv\/#website\",\"url\":\"https:\/\/ecowise.lv\/\",\"name\":\"Ecowise\",\"description\":\"Ener\u0123ijas pat\u0113ri\u0146a samazin\u0101jums\",\"publisher\":{\"@id\":\"https:\/\/ecowise.lv\/#organization\"},\"potentialAction\":[{\"@type\":\"SearchAction\",\"target\":{\"@type\":\"EntryPoint\",\"urlTemplate\":\"https:\/\/ecowise.lv\/?s={search_term_string}\"},\"query-input\":{\"@type\":\"PropertyValueSpecification\",\"valueRequired\":true,\"valueName\":\"search_term_string\"}}],\"inLanguage\":\"en-US\"},{\"@type\":\"Organization\",\"@id\":\"https:\/\/ecowise.lv\/#organization\",\"name\":\"Ecowise\",\"url\":\"https:\/\/ecowise.lv\/\",\"logo\":{\"@type\":\"ImageObject\",\"inLanguage\":\"en-US\",\"@id\":\"https:\/\/ecowise.lv\/#\/schema\/logo\/image\/\",\"url\":\"https:\/\/ecowise.lv\/wp-content\/uploads\/2023\/03\/logo.svg\",\"contentUrl\":\"https:\/\/ecowise.lv\/wp-content\/uploads\/2023\/03\/logo.svg\",\"width\":207,\"height\":27,\"caption\":\"Ecowise\"},\"image\":{\"@id\":\"https:\/\/ecowise.lv\/#\/schema\/logo\/image\/\"}}]}<\/script>\n<!-- \/ Yoast SEO plugin. -->","yoast_head_json":{"title":"FACILE - Ecowise","description":"Higi\u0113niskais trok\u0161\u0146u sl\u0101p\u0113t\u0101js FACILE , ar paaugstin\u0101t\u0101m t\u012br\u012b\u0161anas iesp\u0113j\u0101m, no\u0146emamiem iek\u0161\u0113jiem pane\u013ciem.","robots":{"index":"index","follow":"follow","max-snippet":"max-snippet:-1","max-image-preview":"max-image-preview:large","max-video-preview":"max-video-preview:-1"},"canonical":"https:\/\/ecowise.lv\/en\/product\/facile-2\/","og_locale":"en_US","og_type":"article","og_title":"FACILE - Ecowise","og_description":"Higi\u0113niskais trok\u0161\u0146u sl\u0101p\u0113t\u0101js FACILE , ar paaugstin\u0101t\u0101m t\u012br\u012b\u0161anas iesp\u0113j\u0101m, no\u0146emamiem iek\u0161\u0113jiem pane\u013ciem.","og_url":"https:\/\/ecowise.lv\/en\/product\/facile-2\/","og_site_name":"Ecowise","article_modified_time":"2023-10-23T08:36:18+00:00","og_image":[{"width":600,"height":450,"url":"https:\/\/ecowise.lv\/wp-content\/uploads\/2023\/08\/facile_akustika_ventilacija.png","type":"image\/png"}],"twitter_card":"summary_large_image","twitter_misc":{"Est. reading time":"1 minute"},"schema":{"@context":"https:\/\/schema.org","@graph":[{"@type":"WebPage","@id":"https:\/\/ecowise.lv\/product\/facile-2\/","url":"https:\/\/ecowise.lv\/product\/facile-2\/","name":"FACILE - Ecowise","isPartOf":{"@id":"https:\/\/ecowise.lv\/#website"},"primaryImageOfPage":{"@id":"https:\/\/ecowise.lv\/product\/facile-2\/#primaryimage"},"image":{"@id":"https:\/\/ecowise.lv\/product\/facile-2\/#primaryimage"},"thumbnailUrl":"https:\/\/ecowise.lv\/wp-content\/uploads\/2023\/08\/facile_akustika_ventilacija.png","datePublished":"2023-08-24T13:08:35+00:00","dateModified":"2023-10-23T08:36:18+00:00","description":"Higi\u0113niskais trok\u0161\u0146u sl\u0101p\u0113t\u0101js FACILE , ar paaugstin\u0101t\u0101m t\u012br\u012b\u0161anas iesp\u0113j\u0101m, no\u0146emamiem iek\u0161\u0113jiem pane\u013ciem.","breadcrumb":{"@id":"https:\/\/ecowise.lv\/product\/facile-2\/#breadcrumb"},"inLanguage":"en-US","potentialAction":[{"@type":"ReadAction","target":["https:\/\/ecowise.lv\/product\/facile-2\/"]}]},{"@type":"ImageObject","inLanguage":"en-US","@id":"https:\/\/ecowise.lv\/product\/facile-2\/#primaryimage","url":"https:\/\/ecowise.lv\/wp-content\/uploads\/2023\/08\/facile_akustika_ventilacija.png","contentUrl":"https:\/\/ecowise.lv\/wp-content\/uploads\/2023\/08\/facile_akustika_ventilacija.png","width":600,"height":450},{"@type":"BreadcrumbList","@id":"https:\/\/ecowise.lv\/product\/facile-2\/#breadcrumb","itemListElement":[{"@type":"ListItem","position":1,"name":"Products","item":"https:\/\/ecowise.lv\/shop\/"},{"@type":"ListItem","position":2,"name":"FACILE"}]},{"@type":"WebSite","@id":"https:\/\/ecowise.lv\/#website","url":"https:\/\/ecowise.lv\/","name":"Ecowise","description":"Ener\u0123ijas pat\u0113ri\u0146a samazin\u0101jums","publisher":{"@id":"https:\/\/ecowise.lv\/#organization"},"potentialAction":[{"@type":"SearchAction","target":{"@type":"EntryPoint","urlTemplate":"https:\/\/ecowise.lv\/?s={search_term_string}"},"query-input":{"@type":"PropertyValueSpecification","valueRequired":true,"valueName":"search_term_string"}}],"inLanguage":"en-US"},{"@type":"Organization","@id":"https:\/\/ecowise.lv\/#organization","name":"Ecowise","url":"https:\/\/ecowise.lv\/","logo":{"@type":"ImageObject","inLanguage":"en-US","@id":"https:\/\/ecowise.lv\/#\/schema\/logo\/image\/","url":"https:\/\/ecowise.lv\/wp-content\/uploads\/2023\/03\/logo.svg","contentUrl":"https:\/\/ecowise.lv\/wp-content\/uploads\/2023\/03\/logo.svg","width":207,"height":27,"caption":"Ecowise"},"image":{"@id":"https:\/\/ecowise.lv\/#\/schema\/logo\/image\/"}}]}},"_links":{"self":[{"href":"https:\/\/ecowise.lv\/en\/wp-json\/wp\/v2\/product\/1742","targetHints":{"allow":["GET"]}}],"collection":[{"href":"https:\/\/ecowise.lv\/en\/wp-json\/wp\/v2\/product"}],"about":[{"href":"https:\/\/ecowise.lv\/en\/wp-json\/wp\/v2\/types\/product"}],"wp:featuredmedia":[{"embeddable":true,"href":"https:\/\/ecowise.lv\/en\/wp-json\/wp\/v2\/media\/4930"}],"wp:attachment":[{"href":"https:\/\/ecowise.lv\/en\/wp-json\/wp\/v2\/media?parent=1742"}],"wp:term":[{"taxonomy":"product_brand","embeddable":true,"href":"https:\/\/ecowise.lv\/en\/wp-json\/wp\/v2\/product_brand?post=1742"},{"taxonomy":"product_cat","embeddable":true,"href":"https:\/\/ecowise.lv\/en\/wp-json\/wp\/v2\/product_cat?post=1742"},{"taxonomy":"product_tag","embeddable":true,"href":"https:\/\/ecowise.lv\/en\/wp-json\/wp\/v2\/product_tag?post=1742"}],"curies":[{"name":"wp","href":"https:\/\/api.w.org\/{rel}","templated":true}]}}