{"id":1686,"date":"2023-08-23T16:05:07","date_gmt":"2023-08-23T13:05:07","guid":{"rendered":"https:\/\/ecowise.lv\/?post_type=product&#038;p=1686"},"modified":"2023-10-21T17:53:26","modified_gmt":"2023-10-21T14:53:26","slug":"cadenza-2","status":"publish","type":"product","link":"https:\/\/ecowise.lv\/en\/product\/cadenza-2\/","title":{"rendered":"CADENZA"},"content":{"rendered":"<p>Attenuator with aerodynamically shaped splitters<\/p>\n<ul>\n<li>Rectangular sound attenuator with connections equal to outer casing<\/li>\n<li>Good aerodynamic characteristics<\/li>\n<li>Low pressure drop due to tapered splitters<\/li>\n<li>Environmentally friendly sound attenuating material: ISOVER Cleantec PLUS<\/li>\n<li>Available with inspection hatch<\/li>\n<li>Available in fire-insulated version with 50 mm mineral wool insulation<\/li>\n<li>Connection dimensions from 400x300 mm to 2200x2200 mm<\/li>\n<li>Can be supplied as a complete unit or with removable plates<\/li>\n<li>Galvanized sheet steel for corrosion class C3<\/li>\n<li>Included in the MagiCAD database<\/li>\n<li>Washable surface ISOVER Cleantec PLUS<\/li>\n<\/ul>\n<p>CADENZA has been developed to meet today\u2019s high requirements for sound attenuation and is especially suitable for use in duct systems.<\/p>\n<p>&nbsp;<\/p>\n<p><strong>Technical data<\/strong><\/p>\n<table>\n<tbody>\n<tr>\n<td class=\"bold v-align-bottom h-align-center\" colspan=\"5\">CADENZA - Standard range<\/td>\n<\/tr>\n<tr>\n<td class=\"v-align-bottom h-align-center\" colspan=\"3\">Measurement (mm)<\/td>\n<td class=\"v-align-bottom h-align-center\">Working range<\/td>\n<td class=\"v-align-bottom h-align-center\">Attenuation<\/td>\n<\/tr>\n<tr>\n<td class=\"v-align-bottom h-align-center\">B<\/td>\n<td class=\"v-align-bottom h-align-center\">H<\/td>\n<td class=\"v-align-bottom h-align-center\">L<\/td>\n<td class=\"v-align-top h-align-center\">m\u00b3\/s<\/td>\n<td class=\"v-align-top h-align-center\">dB(A)<\/td>\n<\/tr>\n<tr>\n<td class=\"v-align-bottom h-align-center\">400-2200<\/td>\n<td class=\"v-align-bottom h-align-center\">300-2200<\/td>\n<td class=\"v-align-bottom h-align-center\">650-2450<\/td>\n<td class=\"v-align-bottom h-align-center\">0-33<\/td>\n<td class=\"v-align-bottom h-align-center\">10-30<\/td>\n<\/tr>\n<\/tbody>\n<\/table>","protected":false},"excerpt":{"rendered":"<h4>Attenuator with aerodynamically shaped splitters<\/h4>","protected":false},"featured_media":4809,"template":"","meta":{"_acf_changed":false,"inline_featured_image":false,"_links_to":"","_links_to_target":""},"product_brand":[],"product_cat":[73],"product_tag":[],"class_list":{"0":"post-1686","1":"product","2":"type-product","3":"status-publish","4":"has-post-thumbnail","6":"product_cat-troksnu-slapetaji-2","8":"first","9":"instock","10":"shipping-taxable","11":"product-type-simple"},"acf":[],"yoast_head":"<!-- This site is optimized with the Yoast SEO plugin v27.0 - https:\/\/yoast.com\/product\/yoast-seo-wordpress\/ -->\n<title>CADENZA - Ecowise<\/title>\n<meta name=\"description\" content=\"Trok\u0161\u0146u sl\u0101p\u0113t\u0101js CADENZA paredz\u0113ts modern\u0101m ska\u0146as izol\u0101cijas pras\u012bb\u0101m un ir \u012bpa\u0161i piem\u0113rota izmanto\u0161anai kan\u0101lu sist\u0113m\u0101.\" \/>\n<meta name=\"robots\" content=\"index, follow, max-snippet:-1, max-image-preview:large, max-video-preview:-1\" \/>\n<link rel=\"canonical\" href=\"https:\/\/ecowise.lv\/en\/product\/cadenza-2\/\" \/>\n<meta property=\"og:locale\" content=\"en_US\" \/>\n<meta property=\"og:type\" content=\"article\" \/>\n<meta property=\"og:title\" content=\"CADENZA - Ecowise\" \/>\n<meta property=\"og:description\" content=\"Trok\u0161\u0146u sl\u0101p\u0113t\u0101js CADENZA paredz\u0113ts modern\u0101m ska\u0146as izol\u0101cijas pras\u012bb\u0101m un ir \u012bpa\u0161i piem\u0113rota izmanto\u0161anai kan\u0101lu sist\u0113m\u0101.\" \/>\n<meta property=\"og:url\" content=\"https:\/\/ecowise.lv\/en\/product\/cadenza-2\/\" \/>\n<meta property=\"og:site_name\" content=\"Ecowise\" \/>\n<meta property=\"article:modified_time\" content=\"2023-10-21T14:53:26+00:00\" \/>\n<meta property=\"og:image\" content=\"https:\/\/ecowise.lv\/wp-content\/uploads\/2023\/08\/Cadenza_troksnu_slapetajs.png\" \/>\n\t<meta property=\"og:image:width\" content=\"600\" \/>\n\t<meta property=\"og:image:height\" content=\"450\" \/>\n\t<meta property=\"og:image:type\" content=\"image\/png\" \/>\n<meta name=\"twitter:card\" content=\"summary_large_image\" \/>\n<meta name=\"twitter:label1\" content=\"Est. reading time\" \/>\n\t<meta name=\"twitter:data1\" content=\"1 minute\" \/>\n<script type=\"application\/ld+json\" class=\"yoast-schema-graph\">{\"@context\":\"https:\/\/schema.org\",\"@graph\":[{\"@type\":\"WebPage\",\"@id\":\"https:\/\/ecowise.lv\/product\/cadenza-2\/\",\"url\":\"https:\/\/ecowise.lv\/product\/cadenza-2\/\",\"name\":\"CADENZA - Ecowise\",\"isPartOf\":{\"@id\":\"https:\/\/ecowise.lv\/#website\"},\"primaryImageOfPage\":{\"@id\":\"https:\/\/ecowise.lv\/product\/cadenza-2\/#primaryimage\"},\"image\":{\"@id\":\"https:\/\/ecowise.lv\/product\/cadenza-2\/#primaryimage\"},\"thumbnailUrl\":\"https:\/\/ecowise.lv\/wp-content\/uploads\/2023\/08\/Cadenza_troksnu_slapetajs.png\",\"datePublished\":\"2023-08-23T13:05:07+00:00\",\"dateModified\":\"2023-10-21T14:53:26+00:00\",\"description\":\"Trok\u0161\u0146u sl\u0101p\u0113t\u0101js CADENZA paredz\u0113ts modern\u0101m ska\u0146as izol\u0101cijas pras\u012bb\u0101m un ir \u012bpa\u0161i piem\u0113rota izmanto\u0161anai kan\u0101lu sist\u0113m\u0101.\",\"breadcrumb\":{\"@id\":\"https:\/\/ecowise.lv\/product\/cadenza-2\/#breadcrumb\"},\"inLanguage\":\"en-US\",\"potentialAction\":[{\"@type\":\"ReadAction\",\"target\":[\"https:\/\/ecowise.lv\/product\/cadenza-2\/\"]}]},{\"@type\":\"ImageObject\",\"inLanguage\":\"en-US\",\"@id\":\"https:\/\/ecowise.lv\/product\/cadenza-2\/#primaryimage\",\"url\":\"https:\/\/ecowise.lv\/wp-content\/uploads\/2023\/08\/Cadenza_troksnu_slapetajs.png\",\"contentUrl\":\"https:\/\/ecowise.lv\/wp-content\/uploads\/2023\/08\/Cadenza_troksnu_slapetajs.png\",\"width\":600,\"height\":450},{\"@type\":\"BreadcrumbList\",\"@id\":\"https:\/\/ecowise.lv\/product\/cadenza-2\/#breadcrumb\",\"itemListElement\":[{\"@type\":\"ListItem\",\"position\":1,\"name\":\"Products\",\"item\":\"https:\/\/ecowise.lv\/shop\/\"},{\"@type\":\"ListItem\",\"position\":2,\"name\":\"CADENZA\"}]},{\"@type\":\"WebSite\",\"@id\":\"https:\/\/ecowise.lv\/#website\",\"url\":\"https:\/\/ecowise.lv\/\",\"name\":\"Ecowise\",\"description\":\"Ener\u0123ijas pat\u0113ri\u0146a samazin\u0101jums\",\"publisher\":{\"@id\":\"https:\/\/ecowise.lv\/#organization\"},\"potentialAction\":[{\"@type\":\"SearchAction\",\"target\":{\"@type\":\"EntryPoint\",\"urlTemplate\":\"https:\/\/ecowise.lv\/?s={search_term_string}\"},\"query-input\":{\"@type\":\"PropertyValueSpecification\",\"valueRequired\":true,\"valueName\":\"search_term_string\"}}],\"inLanguage\":\"en-US\"},{\"@type\":\"Organization\",\"@id\":\"https:\/\/ecowise.lv\/#organization\",\"name\":\"Ecowise\",\"url\":\"https:\/\/ecowise.lv\/\",\"logo\":{\"@type\":\"ImageObject\",\"inLanguage\":\"en-US\",\"@id\":\"https:\/\/ecowise.lv\/#\/schema\/logo\/image\/\",\"url\":\"https:\/\/ecowise.lv\/wp-content\/uploads\/2023\/03\/logo.svg\",\"contentUrl\":\"https:\/\/ecowise.lv\/wp-content\/uploads\/2023\/03\/logo.svg\",\"width\":207,\"height\":27,\"caption\":\"Ecowise\"},\"image\":{\"@id\":\"https:\/\/ecowise.lv\/#\/schema\/logo\/image\/\"}}]}<\/script>\n<!-- \/ Yoast SEO plugin. -->","yoast_head_json":{"title":"CADENZA - Ecowise","description":"Trok\u0161\u0146u sl\u0101p\u0113t\u0101js CADENZA paredz\u0113ts modern\u0101m ska\u0146as izol\u0101cijas pras\u012bb\u0101m un ir \u012bpa\u0161i piem\u0113rota izmanto\u0161anai kan\u0101lu sist\u0113m\u0101.","robots":{"index":"index","follow":"follow","max-snippet":"max-snippet:-1","max-image-preview":"max-image-preview:large","max-video-preview":"max-video-preview:-1"},"canonical":"https:\/\/ecowise.lv\/en\/product\/cadenza-2\/","og_locale":"en_US","og_type":"article","og_title":"CADENZA - Ecowise","og_description":"Trok\u0161\u0146u sl\u0101p\u0113t\u0101js CADENZA paredz\u0113ts modern\u0101m ska\u0146as izol\u0101cijas pras\u012bb\u0101m un ir \u012bpa\u0161i piem\u0113rota izmanto\u0161anai kan\u0101lu sist\u0113m\u0101.","og_url":"https:\/\/ecowise.lv\/en\/product\/cadenza-2\/","og_site_name":"Ecowise","article_modified_time":"2023-10-21T14:53:26+00:00","og_image":[{"width":600,"height":450,"url":"https:\/\/ecowise.lv\/wp-content\/uploads\/2023\/08\/Cadenza_troksnu_slapetajs.png","type":"image\/png"}],"twitter_card":"summary_large_image","twitter_misc":{"Est. reading time":"1 minute"},"schema":{"@context":"https:\/\/schema.org","@graph":[{"@type":"WebPage","@id":"https:\/\/ecowise.lv\/product\/cadenza-2\/","url":"https:\/\/ecowise.lv\/product\/cadenza-2\/","name":"CADENZA - Ecowise","isPartOf":{"@id":"https:\/\/ecowise.lv\/#website"},"primaryImageOfPage":{"@id":"https:\/\/ecowise.lv\/product\/cadenza-2\/#primaryimage"},"image":{"@id":"https:\/\/ecowise.lv\/product\/cadenza-2\/#primaryimage"},"thumbnailUrl":"https:\/\/ecowise.lv\/wp-content\/uploads\/2023\/08\/Cadenza_troksnu_slapetajs.png","datePublished":"2023-08-23T13:05:07+00:00","dateModified":"2023-10-21T14:53:26+00:00","description":"Trok\u0161\u0146u sl\u0101p\u0113t\u0101js CADENZA paredz\u0113ts modern\u0101m ska\u0146as izol\u0101cijas pras\u012bb\u0101m un ir \u012bpa\u0161i piem\u0113rota izmanto\u0161anai kan\u0101lu sist\u0113m\u0101.","breadcrumb":{"@id":"https:\/\/ecowise.lv\/product\/cadenza-2\/#breadcrumb"},"inLanguage":"en-US","potentialAction":[{"@type":"ReadAction","target":["https:\/\/ecowise.lv\/product\/cadenza-2\/"]}]},{"@type":"ImageObject","inLanguage":"en-US","@id":"https:\/\/ecowise.lv\/product\/cadenza-2\/#primaryimage","url":"https:\/\/ecowise.lv\/wp-content\/uploads\/2023\/08\/Cadenza_troksnu_slapetajs.png","contentUrl":"https:\/\/ecowise.lv\/wp-content\/uploads\/2023\/08\/Cadenza_troksnu_slapetajs.png","width":600,"height":450},{"@type":"BreadcrumbList","@id":"https:\/\/ecowise.lv\/product\/cadenza-2\/#breadcrumb","itemListElement":[{"@type":"ListItem","position":1,"name":"Products","item":"https:\/\/ecowise.lv\/shop\/"},{"@type":"ListItem","position":2,"name":"CADENZA"}]},{"@type":"WebSite","@id":"https:\/\/ecowise.lv\/#website","url":"https:\/\/ecowise.lv\/","name":"Ecowise","description":"Ener\u0123ijas pat\u0113ri\u0146a samazin\u0101jums","publisher":{"@id":"https:\/\/ecowise.lv\/#organization"},"potentialAction":[{"@type":"SearchAction","target":{"@type":"EntryPoint","urlTemplate":"https:\/\/ecowise.lv\/?s={search_term_string}"},"query-input":{"@type":"PropertyValueSpecification","valueRequired":true,"valueName":"search_term_string"}}],"inLanguage":"en-US"},{"@type":"Organization","@id":"https:\/\/ecowise.lv\/#organization","name":"Ecowise","url":"https:\/\/ecowise.lv\/","logo":{"@type":"ImageObject","inLanguage":"en-US","@id":"https:\/\/ecowise.lv\/#\/schema\/logo\/image\/","url":"https:\/\/ecowise.lv\/wp-content\/uploads\/2023\/03\/logo.svg","contentUrl":"https:\/\/ecowise.lv\/wp-content\/uploads\/2023\/03\/logo.svg","width":207,"height":27,"caption":"Ecowise"},"image":{"@id":"https:\/\/ecowise.lv\/#\/schema\/logo\/image\/"}}]}},"_links":{"self":[{"href":"https:\/\/ecowise.lv\/en\/wp-json\/wp\/v2\/product\/1686","targetHints":{"allow":["GET"]}}],"collection":[{"href":"https:\/\/ecowise.lv\/en\/wp-json\/wp\/v2\/product"}],"about":[{"href":"https:\/\/ecowise.lv\/en\/wp-json\/wp\/v2\/types\/product"}],"wp:featuredmedia":[{"embeddable":true,"href":"https:\/\/ecowise.lv\/en\/wp-json\/wp\/v2\/media\/4809"}],"wp:attachment":[{"href":"https:\/\/ecowise.lv\/en\/wp-json\/wp\/v2\/media?parent=1686"}],"wp:term":[{"taxonomy":"product_brand","embeddable":true,"href":"https:\/\/ecowise.lv\/en\/wp-json\/wp\/v2\/product_brand?post=1686"},{"taxonomy":"product_cat","embeddable":true,"href":"https:\/\/ecowise.lv\/en\/wp-json\/wp\/v2\/product_cat?post=1686"},{"taxonomy":"product_tag","embeddable":true,"href":"https:\/\/ecowise.lv\/en\/wp-json\/wp\/v2\/product_tag?post=1686"}],"curies":[{"name":"wp","href":"https:\/\/api.w.org\/{rel}","templated":true}]}}