{"id":1647,"date":"2023-08-23T12:02:24","date_gmt":"2023-08-23T09:02:24","guid":{"rendered":"https:\/\/ecowise.lv\/?post_type=product&#038;p=1647"},"modified":"2024-02-14T13:31:33","modified_gmt":"2024-02-14T11:31:33","slug":"colibri-free-3","status":"publish","type":"product","link":"https:\/\/ecowise.lv\/en\/product\/colibri-free-3\/","title":{"rendered":"COLIBRI FREE"},"content":{"rendered":"<h3 class=\"gtx-body\">Round ceiling diffuser with nozzles for suspended installation<\/h3>\n<ul>\n<li>Rotatable nozzles<\/li>\n<li>100% elast\u012bgs izplat\u012b\u0161anas modelis<\/li>\n<li>Provision for vertical air diffusion<\/li>\n<li>Swirl function<\/li>\n<li>Substantial induction capacity<\/li>\n<li>Paredz\u0113ts uzst\u0101d\u012b\u0161anai telp\u0101s bez piekaramajiem griestiem<\/li>\n<li>Ja nepiecie\u0161ams, perfor\u0113to gaisa sadales pl\u0101ksni var demont\u0113t nos\u016bces gaisa sist\u0113m\u0101m un viegli izlabot saist\u012bb\u0101 ar uzst\u0101d\u012b\u0161anu\/nodo\u0161anu ekspluat\u0101cij\u0101<\/li>\n<li>Viegli pieejams<\/li>\n<li>Var pieg\u0101d\u0101t cinkot\u0101 dizain\u0101<\/li>\n<li>Standard colour White RAL 9003\n<ul>\n<li>5 alternative standard colours<\/li>\n<li>Other colours upon request<\/li>\n<\/ul>\n<\/li>\n<\/ul>\n<p>&nbsp;<\/p>\n<table>\n<tbody>\n<tr>\n<td class=\"bold v-align-bottom h-align-center\" colspan=\"7\">\n<div class=\"gtx-body\"><strong>AIR FLOW - SOUND PRESSURE ROOM (Lp10A) *)<\/strong><\/div>\n<\/td>\n<\/tr>\n<tr>\n<td class=\"bold v-align-bottom\" rowspan=\"2\"><strong>COLIBRI Free<\/strong><br \/>\n<strong>Size<\/strong><\/td>\n<td class=\"bold v-align-bottom h-align-center\" colspan=\"2\"><strong>25 dB(A)<\/strong><\/td>\n<td class=\"bold v-align-bottom h-align-center\" colspan=\"2\"><strong>30 dB(A)<\/strong><\/td>\n<td class=\"bold v-align-bottom h-align-center\" colspan=\"2\"><strong>35 dB(A)<\/strong><\/td>\n<\/tr>\n<tr>\n<td class=\"bold v-align-bottom\"><strong>l\/s<\/strong><\/td>\n<td class=\"bold v-align-bottom\"><strong>m\u00b3\/h<\/strong><\/td>\n<td class=\"bold v-align-bottom\"><strong>l\/s<\/strong><\/td>\n<td class=\"bold v-align-bottom\"><strong>m\u00b3\/h<\/strong><\/td>\n<td class=\"bold v-align-bottom\"><strong>l\/s<\/strong><\/td>\n<td class=\"bold v-align-bottom\"><strong>m\u00b3\/h<\/strong><\/td>\n<\/tr>\n<tr>\n<td class=\"v-align-bottom\">100<\/td>\n<td class=\"v-align-bottom h-align-left\">31<\/td>\n<td class=\"v-align-bottom h-align-left\">112<\/td>\n<td class=\"v-align-bottom h-align-left\">36<\/td>\n<td class=\"v-align-bottom h-align-left\">130<\/td>\n<td class=\"v-align-bottom h-align-left\">44<\/td>\n<td class=\"v-align-bottom h-align-left\">158<\/td>\n<\/tr>\n<tr>\n<td class=\"v-align-bottom\">125<\/td>\n<td class=\"v-align-bottom h-align-left\">48<\/td>\n<td class=\"v-align-bottom h-align-left\">173<\/td>\n<td class=\"v-align-bottom h-align-left\">58<\/td>\n<td class=\"v-align-bottom h-align-left\">209<\/td>\n<td class=\"v-align-bottom h-align-left\">70<\/td>\n<td class=\"v-align-bottom h-align-left\">252<\/td>\n<\/tr>\n<tr>\n<td class=\"v-align-bottom\">160<\/td>\n<td class=\"v-align-bottom h-align-left\">74<\/td>\n<td class=\"v-align-bottom h-align-left\">266<\/td>\n<td class=\"v-align-bottom h-align-left\">89<\/td>\n<td class=\"v-align-bottom h-align-left\">320<\/td>\n<td class=\"v-align-bottom h-align-left\">110<\/td>\n<td class=\"v-align-bottom h-align-left\">396<\/td>\n<\/tr>\n<tr>\n<td class=\"v-align-bottom\">200<\/td>\n<td class=\"v-align-bottom h-align-left\">113<\/td>\n<td class=\"v-align-bottom h-align-left\">407<\/td>\n<td class=\"v-align-bottom h-align-left\">134<\/td>\n<td class=\"v-align-bottom h-align-left\">482<\/td>\n<td class=\"v-align-bottom h-align-left\">160<\/td>\n<td class=\"v-align-bottom h-align-left\">576<\/td>\n<\/tr>\n<tr>\n<td class=\"v-align-bottom\">250<\/td>\n<td class=\"v-align-bottom h-align-left\">130<\/td>\n<td class=\"v-align-bottom h-align-left\">468<\/td>\n<td class=\"v-align-bottom h-align-left\">150<\/td>\n<td class=\"v-align-bottom h-align-left\">540<\/td>\n<td class=\"v-align-bottom h-align-left\">180<\/td>\n<td class=\"v-align-bottom h-align-left\">648<\/td>\n<\/tr>\n<tr>\n<td class=\"v-align-bottom\">315<\/td>\n<td class=\"v-align-bottom h-align-left\">165<\/td>\n<td class=\"v-align-bottom h-align-left\">594<\/td>\n<td class=\"v-align-bottom h-align-left\">195<\/td>\n<td class=\"v-align-bottom h-align-left\">702<\/td>\n<td class=\"v-align-bottom h-align-left\">230<\/td>\n<td class=\"v-align-bottom h-align-left\">828<\/td>\n<\/tr>\n<tr>\n<td class=\"v-align-bottom\">400<\/td>\n<td class=\"v-align-bottom h-align-left\">181<\/td>\n<td class=\"v-align-bottom h-align-left\">652<\/td>\n<td class=\"v-align-bottom h-align-left\">210<\/td>\n<td class=\"v-align-bottom h-align-left\">756<\/td>\n<td class=\"v-align-bottom h-align-left\">250<\/td>\n<td class=\"v-align-bottom h-align-left\">900<\/td>\n<\/tr>\n<tr>\n<td class=\"v-align-bottom\" colspan=\"7\">\n<div><\/div>\n<div class=\"gtx-body\">Dati uzr\u0101d\u012bti par atv\u0113rtu aizb\u012bdni. Izstr\u0101d\u0101juma pilna darba zona spiediena, pl\u016bsmas un ska\u0146as izteiksm\u0113 ir redzama izm\u0113ru diagramm\u0101s.<\/div>\n<div class=\"gtx-body\">*) Lp10A = ska\u0146as spiediens t.sk. A-filtrs ar 4 dB telpas v\u0101jin\u0101jumu un 10 m\u00b2 telpas absorbcijas laukumu.<\/div>\n<\/td>\n<\/tr>\n<\/tbody>\n<\/table>","protected":false},"excerpt":{"rendered":"<h4>Supply diffuser with air supply<\/h4>\n<h4>\u2205100-400, 15-230 l\/s<\/h4>","protected":false},"featured_media":1648,"template":"","meta":{"_acf_changed":false,"inline_featured_image":false,"_links_to":"","_links_to_target":""},"product_brand":[],"product_cat":[61,65],"product_tag":[],"class_list":{"0":"post-1647","1":"product","2":"type-product","3":"status-publish","4":"has-post-thumbnail","6":"product_cat-griestu-difuzori-atklatai-montazai","7":"product_cat-nosuces-difuzori","9":"first","10":"instock","11":"featured","12":"shipping-taxable","13":"product-type-simple"},"acf":[],"yoast_head":"<!-- This site is optimized with the Yoast SEO plugin v27.0 - https:\/\/yoast.com\/product\/yoast-seo-wordpress\/ -->\n<title>COLIBRI FREE - Ecowise<\/title>\n<meta name=\"robots\" content=\"index, follow, max-snippet:-1, max-image-preview:large, max-video-preview:-1\" \/>\n<link rel=\"canonical\" href=\"https:\/\/ecowise.lv\/en\/product\/colibri-free-3\/\" \/>\n<meta property=\"og:locale\" content=\"en_US\" \/>\n<meta property=\"og:type\" content=\"article\" \/>\n<meta property=\"og:title\" content=\"COLIBRI FREE - Ecowise\" \/>\n<meta property=\"og:description\" content=\"Piepl\u016bdes difuzors ar gaisa padevi \u2205100-400, 15-230 l\/s\" \/>\n<meta property=\"og:url\" content=\"https:\/\/ecowise.lv\/en\/product\/colibri-free-3\/\" \/>\n<meta property=\"og:site_name\" content=\"Ecowise\" \/>\n<meta property=\"article:modified_time\" content=\"2024-02-14T11:31:33+00:00\" \/>\n<meta property=\"og:image\" content=\"https:\/\/ecowise.lv\/wp-content\/uploads\/2023\/08\/Colibri-free.png\" \/>\n\t<meta property=\"og:image:width\" content=\"735\" \/>\n\t<meta property=\"og:image:height\" content=\"558\" \/>\n\t<meta property=\"og:image:type\" content=\"image\/png\" \/>\n<meta name=\"twitter:card\" content=\"summary_large_image\" \/>\n<meta name=\"twitter:label1\" content=\"Est. reading time\" \/>\n\t<meta name=\"twitter:data1\" content=\"1 minute\" \/>\n<script type=\"application\/ld+json\" class=\"yoast-schema-graph\">{\"@context\":\"https:\/\/schema.org\",\"@graph\":[{\"@type\":\"WebPage\",\"@id\":\"https:\/\/ecowise.lv\/product\/colibri-free-3\/\",\"url\":\"https:\/\/ecowise.lv\/product\/colibri-free-3\/\",\"name\":\"COLIBRI FREE - Ecowise\",\"isPartOf\":{\"@id\":\"https:\/\/ecowise.lv\/#website\"},\"primaryImageOfPage\":{\"@id\":\"https:\/\/ecowise.lv\/product\/colibri-free-3\/#primaryimage\"},\"image\":{\"@id\":\"https:\/\/ecowise.lv\/product\/colibri-free-3\/#primaryimage\"},\"thumbnailUrl\":\"https:\/\/ecowise.lv\/wp-content\/uploads\/2023\/08\/Colibri-free.png\",\"datePublished\":\"2023-08-23T09:02:24+00:00\",\"dateModified\":\"2024-02-14T11:31:33+00:00\",\"breadcrumb\":{\"@id\":\"https:\/\/ecowise.lv\/product\/colibri-free-3\/#breadcrumb\"},\"inLanguage\":\"en-US\",\"potentialAction\":[{\"@type\":\"ReadAction\",\"target\":[\"https:\/\/ecowise.lv\/product\/colibri-free-3\/\"]}]},{\"@type\":\"ImageObject\",\"inLanguage\":\"en-US\",\"@id\":\"https:\/\/ecowise.lv\/product\/colibri-free-3\/#primaryimage\",\"url\":\"https:\/\/ecowise.lv\/wp-content\/uploads\/2023\/08\/Colibri-free.png\",\"contentUrl\":\"https:\/\/ecowise.lv\/wp-content\/uploads\/2023\/08\/Colibri-free.png\",\"width\":735,\"height\":558},{\"@type\":\"BreadcrumbList\",\"@id\":\"https:\/\/ecowise.lv\/product\/colibri-free-3\/#breadcrumb\",\"itemListElement\":[{\"@type\":\"ListItem\",\"position\":1,\"name\":\"Products\",\"item\":\"https:\/\/ecowise.lv\/shop\/\"},{\"@type\":\"ListItem\",\"position\":2,\"name\":\"COLIBRI FREE\"}]},{\"@type\":\"WebSite\",\"@id\":\"https:\/\/ecowise.lv\/#website\",\"url\":\"https:\/\/ecowise.lv\/\",\"name\":\"Ecowise\",\"description\":\"Ener\u0123ijas pat\u0113ri\u0146a samazin\u0101jums\",\"publisher\":{\"@id\":\"https:\/\/ecowise.lv\/#organization\"},\"potentialAction\":[{\"@type\":\"SearchAction\",\"target\":{\"@type\":\"EntryPoint\",\"urlTemplate\":\"https:\/\/ecowise.lv\/?s={search_term_string}\"},\"query-input\":{\"@type\":\"PropertyValueSpecification\",\"valueRequired\":true,\"valueName\":\"search_term_string\"}}],\"inLanguage\":\"en-US\"},{\"@type\":\"Organization\",\"@id\":\"https:\/\/ecowise.lv\/#organization\",\"name\":\"Ecowise\",\"url\":\"https:\/\/ecowise.lv\/\",\"logo\":{\"@type\":\"ImageObject\",\"inLanguage\":\"en-US\",\"@id\":\"https:\/\/ecowise.lv\/#\/schema\/logo\/image\/\",\"url\":\"https:\/\/ecowise.lv\/wp-content\/uploads\/2023\/03\/logo.svg\",\"contentUrl\":\"https:\/\/ecowise.lv\/wp-content\/uploads\/2023\/03\/logo.svg\",\"width\":207,\"height\":27,\"caption\":\"Ecowise\"},\"image\":{\"@id\":\"https:\/\/ecowise.lv\/#\/schema\/logo\/image\/\"}}]}<\/script>\n<!-- \/ Yoast SEO plugin. -->","yoast_head_json":{"title":"COLIBRI FREE - Ecowise","robots":{"index":"index","follow":"follow","max-snippet":"max-snippet:-1","max-image-preview":"max-image-preview:large","max-video-preview":"max-video-preview:-1"},"canonical":"https:\/\/ecowise.lv\/en\/product\/colibri-free-3\/","og_locale":"en_US","og_type":"article","og_title":"COLIBRI FREE - Ecowise","og_description":"Piepl\u016bdes difuzors ar gaisa padevi \u2205100-400, 15-230 l\/s","og_url":"https:\/\/ecowise.lv\/en\/product\/colibri-free-3\/","og_site_name":"Ecowise","article_modified_time":"2024-02-14T11:31:33+00:00","og_image":[{"width":735,"height":558,"url":"https:\/\/ecowise.lv\/wp-content\/uploads\/2023\/08\/Colibri-free.png","type":"image\/png"}],"twitter_card":"summary_large_image","twitter_misc":{"Est. reading time":"1 minute"},"schema":{"@context":"https:\/\/schema.org","@graph":[{"@type":"WebPage","@id":"https:\/\/ecowise.lv\/product\/colibri-free-3\/","url":"https:\/\/ecowise.lv\/product\/colibri-free-3\/","name":"COLIBRI FREE - Ecowise","isPartOf":{"@id":"https:\/\/ecowise.lv\/#website"},"primaryImageOfPage":{"@id":"https:\/\/ecowise.lv\/product\/colibri-free-3\/#primaryimage"},"image":{"@id":"https:\/\/ecowise.lv\/product\/colibri-free-3\/#primaryimage"},"thumbnailUrl":"https:\/\/ecowise.lv\/wp-content\/uploads\/2023\/08\/Colibri-free.png","datePublished":"2023-08-23T09:02:24+00:00","dateModified":"2024-02-14T11:31:33+00:00","breadcrumb":{"@id":"https:\/\/ecowise.lv\/product\/colibri-free-3\/#breadcrumb"},"inLanguage":"en-US","potentialAction":[{"@type":"ReadAction","target":["https:\/\/ecowise.lv\/product\/colibri-free-3\/"]}]},{"@type":"ImageObject","inLanguage":"en-US","@id":"https:\/\/ecowise.lv\/product\/colibri-free-3\/#primaryimage","url":"https:\/\/ecowise.lv\/wp-content\/uploads\/2023\/08\/Colibri-free.png","contentUrl":"https:\/\/ecowise.lv\/wp-content\/uploads\/2023\/08\/Colibri-free.png","width":735,"height":558},{"@type":"BreadcrumbList","@id":"https:\/\/ecowise.lv\/product\/colibri-free-3\/#breadcrumb","itemListElement":[{"@type":"ListItem","position":1,"name":"Products","item":"https:\/\/ecowise.lv\/shop\/"},{"@type":"ListItem","position":2,"name":"COLIBRI FREE"}]},{"@type":"WebSite","@id":"https:\/\/ecowise.lv\/#website","url":"https:\/\/ecowise.lv\/","name":"Ecowise","description":"Ener\u0123ijas pat\u0113ri\u0146a samazin\u0101jums","publisher":{"@id":"https:\/\/ecowise.lv\/#organization"},"potentialAction":[{"@type":"SearchAction","target":{"@type":"EntryPoint","urlTemplate":"https:\/\/ecowise.lv\/?s={search_term_string}"},"query-input":{"@type":"PropertyValueSpecification","valueRequired":true,"valueName":"search_term_string"}}],"inLanguage":"en-US"},{"@type":"Organization","@id":"https:\/\/ecowise.lv\/#organization","name":"Ecowise","url":"https:\/\/ecowise.lv\/","logo":{"@type":"ImageObject","inLanguage":"en-US","@id":"https:\/\/ecowise.lv\/#\/schema\/logo\/image\/","url":"https:\/\/ecowise.lv\/wp-content\/uploads\/2023\/03\/logo.svg","contentUrl":"https:\/\/ecowise.lv\/wp-content\/uploads\/2023\/03\/logo.svg","width":207,"height":27,"caption":"Ecowise"},"image":{"@id":"https:\/\/ecowise.lv\/#\/schema\/logo\/image\/"}}]}},"_links":{"self":[{"href":"https:\/\/ecowise.lv\/en\/wp-json\/wp\/v2\/product\/1647","targetHints":{"allow":["GET"]}}],"collection":[{"href":"https:\/\/ecowise.lv\/en\/wp-json\/wp\/v2\/product"}],"about":[{"href":"https:\/\/ecowise.lv\/en\/wp-json\/wp\/v2\/types\/product"}],"wp:featuredmedia":[{"embeddable":true,"href":"https:\/\/ecowise.lv\/en\/wp-json\/wp\/v2\/media\/1648"}],"wp:attachment":[{"href":"https:\/\/ecowise.lv\/en\/wp-json\/wp\/v2\/media?parent=1647"}],"wp:term":[{"taxonomy":"product_brand","embeddable":true,"href":"https:\/\/ecowise.lv\/en\/wp-json\/wp\/v2\/product_brand?post=1647"},{"taxonomy":"product_cat","embeddable":true,"href":"https:\/\/ecowise.lv\/en\/wp-json\/wp\/v2\/product_cat?post=1647"},{"taxonomy":"product_tag","embeddable":true,"href":"https:\/\/ecowise.lv\/en\/wp-json\/wp\/v2\/product_tag?post=1647"}],"curies":[{"name":"wp","href":"https:\/\/api.w.org\/{rel}","templated":true}]}}