{"id":1632,"date":"2023-08-23T11:32:46","date_gmt":"2023-08-23T08:32:46","guid":{"rendered":"https:\/\/ecowise.lv\/?post_type=product&#038;p=1632"},"modified":"2024-02-14T15:01:15","modified_gmt":"2024-02-14T13:01:15","slug":"cbe-2","status":"publish","type":"product","link":"https:\/\/ecowise.lv\/en\/product\/cbe-2\/","title":{"rendered":"CBE"},"content":{"rendered":"<div class=\"product-description\">\n<h3 class=\"gtx-body\">Ap\u013cveida difuzors ar vienvirziena piepl\u016bdes gaisa izkliedi<\/h3>\n<ul>\n<li>Unidirectional spread, rotatable<\/li>\n<li>Short throw lengths<\/li>\n<li>Simple to install<\/li>\n<li>Can be used with commissioning box ALS<\/li>\n<li>Cleanable<\/li>\n<li>Suitable for concrete hollow-core floor\/ceiling slabs.<\/li>\n<li>Standard colour White RAL 9003<\/li>\n<li>5 alternative standard colours<\/li>\n<li>Other colours upon request<\/li>\n<\/ul>\n<\/div>\n<p>&nbsp;<\/p>\n<table style=\"height: 417px;\" width=\"909\">\n<tbody>\n<tr>\n<td class=\"bold v-align-bottom h-align-center\" colspan=\"8\">\n<div class=\"gtx-body\"><strong>AIR FLOW - SOUND PRESSURE ROOM (Lp10A) *)<\/strong><\/div>\n<\/td>\n<\/tr>\n<tr>\n<td class=\"bold v-align-bottom\" colspan=\"2\" rowspan=\"2\"><strong>CBE<\/strong><br \/>\n<strong>Size<\/strong><\/td>\n<td class=\"bold v-align-middle h-align-center\" colspan=\"2\"><strong>25 dB(A)<\/strong><\/td>\n<td class=\"bold v-align-middle h-align-center\" colspan=\"2\"><strong>30 dB(A)<\/strong><\/td>\n<td class=\"bold v-align-middle h-align-center\" colspan=\"2\"><strong>35 dB(A)<\/strong><\/td>\n<\/tr>\n<tr>\n<td class=\"bold v-align-middle h-align-center\"><strong>l\/s<\/strong><\/td>\n<td class=\"bold v-align-middle h-align-center\"><strong>m3\/h<\/strong><\/td>\n<td class=\"bold v-align-middle h-align-center\"><strong>l\/s<\/strong><\/td>\n<td class=\"bold v-align-middle h-align-center\"><strong>m3\/h<\/strong><\/td>\n<td class=\"bold v-align-middle h-align-center\"><strong>l\/s<\/strong><\/td>\n<td class=\"bold v-align-middle h-align-center\"><strong>m3\/h<\/strong><\/td>\n<\/tr>\n<tr>\n<td class=\"v-align-bottom h-align-left\" colspan=\"2\">100<\/td>\n<td class=\"v-align-bottom\">23<\/td>\n<td class=\"v-align-bottom\">83<\/td>\n<td class=\"v-align-bottom\">27<\/td>\n<td class=\"v-align-bottom\">97<\/td>\n<td class=\"v-align-bottom\">33<\/td>\n<td class=\"v-align-bottom\">119<\/td>\n<\/tr>\n<tr>\n<td class=\"v-align-bottom h-align-left\" colspan=\"2\">125<\/td>\n<td class=\"v-align-bottom\">36<\/td>\n<td class=\"v-align-bottom\">130<\/td>\n<td class=\"v-align-bottom\">42<\/td>\n<td class=\"v-align-bottom\">151<\/td>\n<td class=\"v-align-bottom\">50<\/td>\n<td class=\"v-align-bottom\">180<\/td>\n<\/tr>\n<tr>\n<td class=\"v-align-bottom h-align-left\" colspan=\"2\">160<\/td>\n<td class=\"v-align-bottom\">55<\/td>\n<td class=\"v-align-bottom\">198<\/td>\n<td class=\"v-align-bottom\">65<\/td>\n<td class=\"v-align-bottom\">234<\/td>\n<td class=\"v-align-bottom\">75<\/td>\n<td class=\"v-align-bottom\">270<\/td>\n<\/tr>\n<tr>\n<td class=\"v-align-bottom h-align-center\" colspan=\"8\"><\/td>\n<\/tr>\n<tr>\n<td class=\"bold v-align-bottom\" rowspan=\"2\"><strong>CBE<\/strong><br \/>\n<strong>Size<\/strong><\/td>\n<td class=\"bold v-align-bottom h-align-left\" rowspan=\"2\"><strong>ALS<\/strong><br \/>\n<strong>Size<\/strong><\/td>\n<td class=\"bold v-align-middle h-align-center\" colspan=\"2\"><strong>25 dB(A)<\/strong><\/td>\n<td class=\"bold v-align-middle h-align-center\" colspan=\"2\"><strong>30 dB(A)<\/strong><\/td>\n<td class=\"bold v-align-middle h-align-center\" colspan=\"2\"><strong>35 dB(A)<\/strong><\/td>\n<\/tr>\n<tr>\n<td class=\"bold v-align-middle h-align-center\"><strong>l\/s<\/strong><\/td>\n<td class=\"bold v-align-middle h-align-center\"><strong>m3\/h<\/strong><\/td>\n<td class=\"bold v-align-middle h-align-center\"><strong>l\/s<\/strong><\/td>\n<td class=\"bold v-align-middle h-align-center\"><strong>m3\/h<\/strong><\/td>\n<td class=\"bold v-align-middle h-align-center\"><strong>l\/s<\/strong><\/td>\n<td class=\"bold v-align-middle h-align-center\"><strong>m3\/h<\/strong><\/td>\n<\/tr>\n<tr>\n<td class=\"v-align-bottom h-align-left\">100<\/td>\n<td class=\"v-align-bottom\">80-100<\/td>\n<td class=\"v-align-bottom\">16<\/td>\n<td class=\"v-align-bottom\">58<\/td>\n<td class=\"v-align-bottom\">21<\/td>\n<td class=\"v-align-bottom\">76<\/td>\n<td class=\"v-align-bottom\">27<\/td>\n<td class=\"v-align-bottom\">97<\/td>\n<\/tr>\n<tr>\n<td class=\"v-align-bottom h-align-left\">125<\/td>\n<td class=\"v-align-bottom\">100-125<\/td>\n<td class=\"v-align-bottom\">26<\/td>\n<td class=\"v-align-bottom\">94<\/td>\n<td class=\"v-align-bottom\">33<\/td>\n<td class=\"v-align-bottom\">119<\/td>\n<td class=\"v-align-bottom\">41<\/td>\n<td class=\"v-align-bottom\">148<\/td>\n<\/tr>\n<tr>\n<td class=\"v-align-bottom h-align-left\">160<\/td>\n<td class=\"v-align-bottom\">125-160<\/td>\n<td class=\"v-align-bottom\">40<\/td>\n<td class=\"v-align-bottom\">144<\/td>\n<td class=\"v-align-bottom\">52<\/td>\n<td class=\"v-align-bottom\">187<\/td>\n<td class=\"v-align-bottom\">68<\/td>\n<td class=\"v-align-bottom\">245<\/td>\n<\/tr>\n<tr>\n<td class=\"v-align-bottom\" colspan=\"8\">\n<div><\/div>\n<div class=\"gtx-body\">Dati attiecas uz CBE kombin\u0101cij\u0101 ar ALS ekspluat\u0101cijas k\u0101rbu, pie kop\u0113j\u0101 spiediena krituma 50 Pa.<\/div>\n<div class=\"gtx-body\">*) Lp10A = ska\u0146as spiediens t.sk. A-filtrs ar 4 dB telpas v\u0101jin\u0101jumu un 10 m\u00b2 telpas absorbcijas laukumu.<\/div>\n<\/td>\n<\/tr>\n<\/tbody>\n<\/table>","protected":false},"excerpt":{"rendered":"<h4>Supply Diffuser<\/h4>\n<h4>\u2205100-160, 10-70 l\/s<\/h4>","protected":false},"featured_media":6300,"template":"","meta":{"_acf_changed":false,"inline_featured_image":false,"_links_to":"","_links_to_target":""},"product_brand":[],"product_cat":[60],"product_tag":[],"class_list":{"0":"post-1632","1":"product","2":"type-product","3":"status-publish","4":"has-post-thumbnail","6":"product_cat-griestu-difuzori","8":"first","9":"instock","10":"featured","11":"shipping-taxable","12":"product-type-simple"},"acf":[],"yoast_head":"<!-- This site is optimized with the Yoast SEO plugin v27.0 - https:\/\/yoast.com\/product\/yoast-seo-wordpress\/ -->\n<title>CBE - Ecowise<\/title>\n<meta name=\"robots\" content=\"index, follow, max-snippet:-1, max-image-preview:large, max-video-preview:-1\" \/>\n<link rel=\"canonical\" href=\"https:\/\/ecowise.lv\/en\/product\/cbe-2\/\" \/>\n<meta property=\"og:locale\" content=\"en_US\" \/>\n<meta property=\"og:type\" content=\"article\" \/>\n<meta property=\"og:title\" content=\"CBE - Ecowise\" \/>\n<meta property=\"og:description\" content=\"Piepl\u016bdes difuzors \u2205100-160, 10-70 l\/s\" \/>\n<meta property=\"og:url\" content=\"https:\/\/ecowise.lv\/en\/product\/cbe-2\/\" \/>\n<meta property=\"og:site_name\" content=\"Ecowise\" \/>\n<meta property=\"article:modified_time\" content=\"2024-02-14T13:01:15+00:00\" \/>\n<meta property=\"og:image\" content=\"https:\/\/ecowise.lv\/wp-content\/uploads\/2023\/08\/CBE-1.png\" \/>\n\t<meta property=\"og:image:width\" content=\"600\" \/>\n\t<meta property=\"og:image:height\" content=\"450\" \/>\n\t<meta property=\"og:image:type\" content=\"image\/png\" \/>\n<meta name=\"twitter:card\" content=\"summary_large_image\" \/>\n<meta name=\"twitter:label1\" content=\"Est. reading time\" \/>\n\t<meta name=\"twitter:data1\" content=\"1 minute\" \/>\n<script type=\"application\/ld+json\" class=\"yoast-schema-graph\">{\"@context\":\"https:\/\/schema.org\",\"@graph\":[{\"@type\":\"WebPage\",\"@id\":\"https:\/\/ecowise.lv\/product\/cbe-2\/\",\"url\":\"https:\/\/ecowise.lv\/product\/cbe-2\/\",\"name\":\"CBE - Ecowise\",\"isPartOf\":{\"@id\":\"https:\/\/ecowise.lv\/#website\"},\"primaryImageOfPage\":{\"@id\":\"https:\/\/ecowise.lv\/product\/cbe-2\/#primaryimage\"},\"image\":{\"@id\":\"https:\/\/ecowise.lv\/product\/cbe-2\/#primaryimage\"},\"thumbnailUrl\":\"https:\/\/ecowise.lv\/wp-content\/uploads\/2023\/08\/CBE-1.png\",\"datePublished\":\"2023-08-23T08:32:46+00:00\",\"dateModified\":\"2024-02-14T13:01:15+00:00\",\"breadcrumb\":{\"@id\":\"https:\/\/ecowise.lv\/product\/cbe-2\/#breadcrumb\"},\"inLanguage\":\"en-US\",\"potentialAction\":[{\"@type\":\"ReadAction\",\"target\":[\"https:\/\/ecowise.lv\/product\/cbe-2\/\"]}]},{\"@type\":\"ImageObject\",\"inLanguage\":\"en-US\",\"@id\":\"https:\/\/ecowise.lv\/product\/cbe-2\/#primaryimage\",\"url\":\"https:\/\/ecowise.lv\/wp-content\/uploads\/2023\/08\/CBE-1.png\",\"contentUrl\":\"https:\/\/ecowise.lv\/wp-content\/uploads\/2023\/08\/CBE-1.png\",\"width\":600,\"height\":450},{\"@type\":\"BreadcrumbList\",\"@id\":\"https:\/\/ecowise.lv\/product\/cbe-2\/#breadcrumb\",\"itemListElement\":[{\"@type\":\"ListItem\",\"position\":1,\"name\":\"Products\",\"item\":\"https:\/\/ecowise.lv\/shop\/\"},{\"@type\":\"ListItem\",\"position\":2,\"name\":\"CBE\"}]},{\"@type\":\"WebSite\",\"@id\":\"https:\/\/ecowise.lv\/#website\",\"url\":\"https:\/\/ecowise.lv\/\",\"name\":\"Ecowise\",\"description\":\"Ener\u0123ijas pat\u0113ri\u0146a samazin\u0101jums\",\"publisher\":{\"@id\":\"https:\/\/ecowise.lv\/#organization\"},\"potentialAction\":[{\"@type\":\"SearchAction\",\"target\":{\"@type\":\"EntryPoint\",\"urlTemplate\":\"https:\/\/ecowise.lv\/?s={search_term_string}\"},\"query-input\":{\"@type\":\"PropertyValueSpecification\",\"valueRequired\":true,\"valueName\":\"search_term_string\"}}],\"inLanguage\":\"en-US\"},{\"@type\":\"Organization\",\"@id\":\"https:\/\/ecowise.lv\/#organization\",\"name\":\"Ecowise\",\"url\":\"https:\/\/ecowise.lv\/\",\"logo\":{\"@type\":\"ImageObject\",\"inLanguage\":\"en-US\",\"@id\":\"https:\/\/ecowise.lv\/#\/schema\/logo\/image\/\",\"url\":\"https:\/\/ecowise.lv\/wp-content\/uploads\/2023\/03\/logo.svg\",\"contentUrl\":\"https:\/\/ecowise.lv\/wp-content\/uploads\/2023\/03\/logo.svg\",\"width\":207,\"height\":27,\"caption\":\"Ecowise\"},\"image\":{\"@id\":\"https:\/\/ecowise.lv\/#\/schema\/logo\/image\/\"}}]}<\/script>\n<!-- \/ Yoast SEO plugin. -->","yoast_head_json":{"title":"CBE - Ecowise","robots":{"index":"index","follow":"follow","max-snippet":"max-snippet:-1","max-image-preview":"max-image-preview:large","max-video-preview":"max-video-preview:-1"},"canonical":"https:\/\/ecowise.lv\/en\/product\/cbe-2\/","og_locale":"en_US","og_type":"article","og_title":"CBE - Ecowise","og_description":"Piepl\u016bdes difuzors \u2205100-160, 10-70 l\/s","og_url":"https:\/\/ecowise.lv\/en\/product\/cbe-2\/","og_site_name":"Ecowise","article_modified_time":"2024-02-14T13:01:15+00:00","og_image":[{"width":600,"height":450,"url":"https:\/\/ecowise.lv\/wp-content\/uploads\/2023\/08\/CBE-1.png","type":"image\/png"}],"twitter_card":"summary_large_image","twitter_misc":{"Est. reading time":"1 minute"},"schema":{"@context":"https:\/\/schema.org","@graph":[{"@type":"WebPage","@id":"https:\/\/ecowise.lv\/product\/cbe-2\/","url":"https:\/\/ecowise.lv\/product\/cbe-2\/","name":"CBE - Ecowise","isPartOf":{"@id":"https:\/\/ecowise.lv\/#website"},"primaryImageOfPage":{"@id":"https:\/\/ecowise.lv\/product\/cbe-2\/#primaryimage"},"image":{"@id":"https:\/\/ecowise.lv\/product\/cbe-2\/#primaryimage"},"thumbnailUrl":"https:\/\/ecowise.lv\/wp-content\/uploads\/2023\/08\/CBE-1.png","datePublished":"2023-08-23T08:32:46+00:00","dateModified":"2024-02-14T13:01:15+00:00","breadcrumb":{"@id":"https:\/\/ecowise.lv\/product\/cbe-2\/#breadcrumb"},"inLanguage":"en-US","potentialAction":[{"@type":"ReadAction","target":["https:\/\/ecowise.lv\/product\/cbe-2\/"]}]},{"@type":"ImageObject","inLanguage":"en-US","@id":"https:\/\/ecowise.lv\/product\/cbe-2\/#primaryimage","url":"https:\/\/ecowise.lv\/wp-content\/uploads\/2023\/08\/CBE-1.png","contentUrl":"https:\/\/ecowise.lv\/wp-content\/uploads\/2023\/08\/CBE-1.png","width":600,"height":450},{"@type":"BreadcrumbList","@id":"https:\/\/ecowise.lv\/product\/cbe-2\/#breadcrumb","itemListElement":[{"@type":"ListItem","position":1,"name":"Products","item":"https:\/\/ecowise.lv\/shop\/"},{"@type":"ListItem","position":2,"name":"CBE"}]},{"@type":"WebSite","@id":"https:\/\/ecowise.lv\/#website","url":"https:\/\/ecowise.lv\/","name":"Ecowise","description":"Ener\u0123ijas pat\u0113ri\u0146a samazin\u0101jums","publisher":{"@id":"https:\/\/ecowise.lv\/#organization"},"potentialAction":[{"@type":"SearchAction","target":{"@type":"EntryPoint","urlTemplate":"https:\/\/ecowise.lv\/?s={search_term_string}"},"query-input":{"@type":"PropertyValueSpecification","valueRequired":true,"valueName":"search_term_string"}}],"inLanguage":"en-US"},{"@type":"Organization","@id":"https:\/\/ecowise.lv\/#organization","name":"Ecowise","url":"https:\/\/ecowise.lv\/","logo":{"@type":"ImageObject","inLanguage":"en-US","@id":"https:\/\/ecowise.lv\/#\/schema\/logo\/image\/","url":"https:\/\/ecowise.lv\/wp-content\/uploads\/2023\/03\/logo.svg","contentUrl":"https:\/\/ecowise.lv\/wp-content\/uploads\/2023\/03\/logo.svg","width":207,"height":27,"caption":"Ecowise"},"image":{"@id":"https:\/\/ecowise.lv\/#\/schema\/logo\/image\/"}}]}},"_links":{"self":[{"href":"https:\/\/ecowise.lv\/en\/wp-json\/wp\/v2\/product\/1632","targetHints":{"allow":["GET"]}}],"collection":[{"href":"https:\/\/ecowise.lv\/en\/wp-json\/wp\/v2\/product"}],"about":[{"href":"https:\/\/ecowise.lv\/en\/wp-json\/wp\/v2\/types\/product"}],"wp:featuredmedia":[{"embeddable":true,"href":"https:\/\/ecowise.lv\/en\/wp-json\/wp\/v2\/media\/6300"}],"wp:attachment":[{"href":"https:\/\/ecowise.lv\/en\/wp-json\/wp\/v2\/media?parent=1632"}],"wp:term":[{"taxonomy":"product_brand","embeddable":true,"href":"https:\/\/ecowise.lv\/en\/wp-json\/wp\/v2\/product_brand?post=1632"},{"taxonomy":"product_cat","embeddable":true,"href":"https:\/\/ecowise.lv\/en\/wp-json\/wp\/v2\/product_cat?post=1632"},{"taxonomy":"product_tag","embeddable":true,"href":"https:\/\/ecowise.lv\/en\/wp-json\/wp\/v2\/product_tag?post=1632"}],"curies":[{"name":"wp","href":"https:\/\/api.w.org\/{rel}","templated":true}]}}