{"id":1404,"date":"2023-04-05T16:39:32","date_gmt":"2023-04-05T13:39:32","guid":{"rendered":"https:\/\/ecowise.lv\/?post_type=product&#038;p=1404"},"modified":"2025-11-19T22:16:08","modified_gmt":"2025-11-19T20:16:08","slug":"casa-w5-genius","status":"publish","type":"product","link":"https:\/\/ecowise.lv\/en\/product\/casa-w5-genius\/","title":{"rendered":"CASA W5"},"content":{"rendered":"<div class=\"h-margin-bottom-3\">\n<h3 class=\"headline-5 h-text-color-green\">Ventil\u0101cijas iek\u0101rta ar pl\u0101k\u0161\u0146u siltummaini, m\u0101jok\u013ciem l\u012bdz 250 m\u00b2 (30-130 l\/s | 108-468 m3\/h)<\/h3>\n<\/div>\n<div class=\"show-more show-more--active\">\n<div class=\"show-more__content js-show-more-content\">\n<ul>\n<li>Modul\u0101ra izm\u0113ra ventil\u0101cijas iek\u0101rta<\/li>\n<li>Var uzst\u0101d\u012bt uz sienas, gr\u012bdas vai griestiem<\/li>\n<li>Griestu stiprin\u0101juma kron\u0161teins un pamatne pieejami k\u0101 piederumi<\/li>\n<li>Vad\u012bba no vad\u012bbas pane\u013ca un mobil\u0101s lietotnes<\/li>\n<li>Savienojuma k\u0101rba piesl\u0113g\u0161anai \u0113ku automatiz\u0101cijas sist\u0113m\u0101m (Modbus) standarta apr\u012bkojum\u0101<\/li>\n<li>Pla\u0161as \u0101r\u0113j\u0101s vad\u012bbas iesp\u0113jas, piem\u0113ram, kam\u012bna sl\u0113dzis, jumta ventilatora kompens\u0101cija, gaisa vadu v\u0101rsti<\/li>\n<li>Gaisa pl\u016bsmas kontrole p\u0113c piepras\u012bjuma (RH, CO2, VOC*)<\/li>\n<li>Stepless supply air temperature control<\/li>\n<li>Automatic summer and winter function<\/li>\n<li>Designed and tested for work in northern conditions<\/li>\n<li>Wide range of accessories available<\/li>\n<\/ul>\n<p>&nbsp;<\/p>\n<\/div>\n<p><a href=\"https:\/\/casaemanual.com\/\" target=\"_blank\" rel=\"noopener\">E-manual<\/a><\/p>\n<\/div>","protected":false},"excerpt":{"rendered":"<h4 class=\"headline-5 h-text-color-green\">Ventil\u0101cijas iek\u0101rta ar pl\u0101k\u0161\u0146u siltummaini, m\u0101jok\u013ciem l\u012bdz 250 m\u00b2<\/h4>","protected":false},"featured_media":7167,"template":"","meta":{"_acf_changed":false,"inline_featured_image":false,"_links_to":"","_links_to_target":""},"product_brand":[],"product_cat":[37],"product_tag":[],"class_list":{"0":"post-1404","1":"product","2":"type-product","3":"status-publish","4":"has-post-thumbnail","6":"product_cat-ventilacijas-iekartas-2","8":"first","9":"instock","10":"featured","11":"shipping-taxable","12":"product-type-simple"},"acf":[],"yoast_head":"<!-- This site is optimized with the Yoast SEO plugin v27.0 - https:\/\/yoast.com\/product\/yoast-seo-wordpress\/ -->\n<title>CASA W5 Genius<\/title>\n<meta name=\"description\" content=\"Ventil\u0101cijas iek\u0101rta ar pl\u0101k\u0161\u0146u siltummaini CASA W5 Genius, paredz\u0113ta vid\u0113ja lieluma priv\u0101tm\u0101j\u0101m vai liel\u0101kiem dz\u012bvok\u013ciem\" \/>\n<meta name=\"robots\" content=\"index, follow, max-snippet:-1, max-image-preview:large, max-video-preview:-1\" \/>\n<link rel=\"canonical\" href=\"https:\/\/ecowise.lv\/en\/product\/casa-w5-genius\/\" \/>\n<meta property=\"og:locale\" content=\"en_US\" \/>\n<meta property=\"og:type\" content=\"article\" \/>\n<meta property=\"og:title\" content=\"CASA W5 Genius\" \/>\n<meta property=\"og:description\" content=\"Ventil\u0101cijas iek\u0101rta ar pl\u0101k\u0161\u0146u siltummaini CASA W5 Genius, paredz\u0113ta vid\u0113ja lieluma priv\u0101tm\u0101j\u0101m vai liel\u0101kiem dz\u012bvok\u013ciem\" \/>\n<meta property=\"og:url\" content=\"https:\/\/ecowise.lv\/en\/product\/casa-w5-genius\/\" \/>\n<meta property=\"og:site_name\" content=\"Ecowise\" \/>\n<meta property=\"article:modified_time\" content=\"2025-11-19T20:16:08+00:00\" \/>\n<meta property=\"og:image\" content=\"https:\/\/ecowise.lv\/wp-content\/uploads\/2023\/04\/CASA_W5_ProductImage_Main.webp\" \/>\n\t<meta property=\"og:image:width\" content=\"1200\" \/>\n\t<meta property=\"og:image:height\" content=\"901\" \/>\n\t<meta property=\"og:image:type\" content=\"image\/webp\" \/>\n<meta name=\"twitter:card\" content=\"summary_large_image\" \/>\n<meta name=\"twitter:label1\" content=\"Est. reading time\" \/>\n\t<meta name=\"twitter:data1\" content=\"1 minute\" \/>\n<script type=\"application\/ld+json\" class=\"yoast-schema-graph\">{\"@context\":\"https:\/\/schema.org\",\"@graph\":[{\"@type\":\"WebPage\",\"@id\":\"https:\/\/ecowise.lv\/product\/casa-w5-genius\/\",\"url\":\"https:\/\/ecowise.lv\/product\/casa-w5-genius\/\",\"name\":\"CASA W5 Genius\",\"isPartOf\":{\"@id\":\"https:\/\/ecowise.lv\/#website\"},\"primaryImageOfPage\":{\"@id\":\"https:\/\/ecowise.lv\/product\/casa-w5-genius\/#primaryimage\"},\"image\":{\"@id\":\"https:\/\/ecowise.lv\/product\/casa-w5-genius\/#primaryimage\"},\"thumbnailUrl\":\"https:\/\/ecowise.lv\/wp-content\/uploads\/2023\/04\/CASA_W5_ProductImage_Main.webp\",\"datePublished\":\"2023-04-05T13:39:32+00:00\",\"dateModified\":\"2025-11-19T20:16:08+00:00\",\"description\":\"Ventil\u0101cijas iek\u0101rta ar pl\u0101k\u0161\u0146u siltummaini CASA W5 Genius, paredz\u0113ta vid\u0113ja lieluma priv\u0101tm\u0101j\u0101m vai liel\u0101kiem dz\u012bvok\u013ciem\",\"breadcrumb\":{\"@id\":\"https:\/\/ecowise.lv\/product\/casa-w5-genius\/#breadcrumb\"},\"inLanguage\":\"en-US\",\"potentialAction\":[{\"@type\":\"ReadAction\",\"target\":[\"https:\/\/ecowise.lv\/product\/casa-w5-genius\/\"]}]},{\"@type\":\"ImageObject\",\"inLanguage\":\"en-US\",\"@id\":\"https:\/\/ecowise.lv\/product\/casa-w5-genius\/#primaryimage\",\"url\":\"https:\/\/ecowise.lv\/wp-content\/uploads\/2023\/04\/CASA_W5_ProductImage_Main.webp\",\"contentUrl\":\"https:\/\/ecowise.lv\/wp-content\/uploads\/2023\/04\/CASA_W5_ProductImage_Main.webp\",\"width\":1200,\"height\":901},{\"@type\":\"BreadcrumbList\",\"@id\":\"https:\/\/ecowise.lv\/product\/casa-w5-genius\/#breadcrumb\",\"itemListElement\":[{\"@type\":\"ListItem\",\"position\":1,\"name\":\"Products\",\"item\":\"https:\/\/ecowise.lv\/shop\/\"},{\"@type\":\"ListItem\",\"position\":2,\"name\":\"CASA W5\"}]},{\"@type\":\"WebSite\",\"@id\":\"https:\/\/ecowise.lv\/#website\",\"url\":\"https:\/\/ecowise.lv\/\",\"name\":\"Ecowise\",\"description\":\"Ener\u0123ijas pat\u0113ri\u0146a samazin\u0101jums\",\"publisher\":{\"@id\":\"https:\/\/ecowise.lv\/#organization\"},\"potentialAction\":[{\"@type\":\"SearchAction\",\"target\":{\"@type\":\"EntryPoint\",\"urlTemplate\":\"https:\/\/ecowise.lv\/?s={search_term_string}\"},\"query-input\":{\"@type\":\"PropertyValueSpecification\",\"valueRequired\":true,\"valueName\":\"search_term_string\"}}],\"inLanguage\":\"en-US\"},{\"@type\":\"Organization\",\"@id\":\"https:\/\/ecowise.lv\/#organization\",\"name\":\"Ecowise\",\"url\":\"https:\/\/ecowise.lv\/\",\"logo\":{\"@type\":\"ImageObject\",\"inLanguage\":\"en-US\",\"@id\":\"https:\/\/ecowise.lv\/#\/schema\/logo\/image\/\",\"url\":\"https:\/\/ecowise.lv\/wp-content\/uploads\/2023\/03\/logo.svg\",\"contentUrl\":\"https:\/\/ecowise.lv\/wp-content\/uploads\/2023\/03\/logo.svg\",\"width\":207,\"height\":27,\"caption\":\"Ecowise\"},\"image\":{\"@id\":\"https:\/\/ecowise.lv\/#\/schema\/logo\/image\/\"}}]}<\/script>\n<!-- \/ Yoast SEO plugin. -->","yoast_head_json":{"title":"CASA W5 Genius","description":"Ventil\u0101cijas iek\u0101rta ar pl\u0101k\u0161\u0146u siltummaini CASA W5 Genius, paredz\u0113ta vid\u0113ja lieluma priv\u0101tm\u0101j\u0101m vai liel\u0101kiem dz\u012bvok\u013ciem","robots":{"index":"index","follow":"follow","max-snippet":"max-snippet:-1","max-image-preview":"max-image-preview:large","max-video-preview":"max-video-preview:-1"},"canonical":"https:\/\/ecowise.lv\/en\/product\/casa-w5-genius\/","og_locale":"en_US","og_type":"article","og_title":"CASA W5 Genius","og_description":"Ventil\u0101cijas iek\u0101rta ar pl\u0101k\u0161\u0146u siltummaini CASA W5 Genius, paredz\u0113ta vid\u0113ja lieluma priv\u0101tm\u0101j\u0101m vai liel\u0101kiem dz\u012bvok\u013ciem","og_url":"https:\/\/ecowise.lv\/en\/product\/casa-w5-genius\/","og_site_name":"Ecowise","article_modified_time":"2025-11-19T20:16:08+00:00","og_image":[{"width":1200,"height":901,"url":"https:\/\/ecowise.lv\/wp-content\/uploads\/2023\/04\/CASA_W5_ProductImage_Main.webp","type":"image\/webp"}],"twitter_card":"summary_large_image","twitter_misc":{"Est. reading time":"1 minute"},"schema":{"@context":"https:\/\/schema.org","@graph":[{"@type":"WebPage","@id":"https:\/\/ecowise.lv\/product\/casa-w5-genius\/","url":"https:\/\/ecowise.lv\/product\/casa-w5-genius\/","name":"CASA W5 Genius","isPartOf":{"@id":"https:\/\/ecowise.lv\/#website"},"primaryImageOfPage":{"@id":"https:\/\/ecowise.lv\/product\/casa-w5-genius\/#primaryimage"},"image":{"@id":"https:\/\/ecowise.lv\/product\/casa-w5-genius\/#primaryimage"},"thumbnailUrl":"https:\/\/ecowise.lv\/wp-content\/uploads\/2023\/04\/CASA_W5_ProductImage_Main.webp","datePublished":"2023-04-05T13:39:32+00:00","dateModified":"2025-11-19T20:16:08+00:00","description":"Ventil\u0101cijas iek\u0101rta ar pl\u0101k\u0161\u0146u siltummaini CASA W5 Genius, paredz\u0113ta vid\u0113ja lieluma priv\u0101tm\u0101j\u0101m vai liel\u0101kiem dz\u012bvok\u013ciem","breadcrumb":{"@id":"https:\/\/ecowise.lv\/product\/casa-w5-genius\/#breadcrumb"},"inLanguage":"en-US","potentialAction":[{"@type":"ReadAction","target":["https:\/\/ecowise.lv\/product\/casa-w5-genius\/"]}]},{"@type":"ImageObject","inLanguage":"en-US","@id":"https:\/\/ecowise.lv\/product\/casa-w5-genius\/#primaryimage","url":"https:\/\/ecowise.lv\/wp-content\/uploads\/2023\/04\/CASA_W5_ProductImage_Main.webp","contentUrl":"https:\/\/ecowise.lv\/wp-content\/uploads\/2023\/04\/CASA_W5_ProductImage_Main.webp","width":1200,"height":901},{"@type":"BreadcrumbList","@id":"https:\/\/ecowise.lv\/product\/casa-w5-genius\/#breadcrumb","itemListElement":[{"@type":"ListItem","position":1,"name":"Products","item":"https:\/\/ecowise.lv\/shop\/"},{"@type":"ListItem","position":2,"name":"CASA W5"}]},{"@type":"WebSite","@id":"https:\/\/ecowise.lv\/#website","url":"https:\/\/ecowise.lv\/","name":"Ecowise","description":"Ener\u0123ijas pat\u0113ri\u0146a samazin\u0101jums","publisher":{"@id":"https:\/\/ecowise.lv\/#organization"},"potentialAction":[{"@type":"SearchAction","target":{"@type":"EntryPoint","urlTemplate":"https:\/\/ecowise.lv\/?s={search_term_string}"},"query-input":{"@type":"PropertyValueSpecification","valueRequired":true,"valueName":"search_term_string"}}],"inLanguage":"en-US"},{"@type":"Organization","@id":"https:\/\/ecowise.lv\/#organization","name":"Ecowise","url":"https:\/\/ecowise.lv\/","logo":{"@type":"ImageObject","inLanguage":"en-US","@id":"https:\/\/ecowise.lv\/#\/schema\/logo\/image\/","url":"https:\/\/ecowise.lv\/wp-content\/uploads\/2023\/03\/logo.svg","contentUrl":"https:\/\/ecowise.lv\/wp-content\/uploads\/2023\/03\/logo.svg","width":207,"height":27,"caption":"Ecowise"},"image":{"@id":"https:\/\/ecowise.lv\/#\/schema\/logo\/image\/"}}]}},"_links":{"self":[{"href":"https:\/\/ecowise.lv\/en\/wp-json\/wp\/v2\/product\/1404","targetHints":{"allow":["GET"]}}],"collection":[{"href":"https:\/\/ecowise.lv\/en\/wp-json\/wp\/v2\/product"}],"about":[{"href":"https:\/\/ecowise.lv\/en\/wp-json\/wp\/v2\/types\/product"}],"wp:featuredmedia":[{"embeddable":true,"href":"https:\/\/ecowise.lv\/en\/wp-json\/wp\/v2\/media\/7167"}],"wp:attachment":[{"href":"https:\/\/ecowise.lv\/en\/wp-json\/wp\/v2\/media?parent=1404"}],"wp:term":[{"taxonomy":"product_brand","embeddable":true,"href":"https:\/\/ecowise.lv\/en\/wp-json\/wp\/v2\/product_brand?post=1404"},{"taxonomy":"product_cat","embeddable":true,"href":"https:\/\/ecowise.lv\/en\/wp-json\/wp\/v2\/product_cat?post=1404"},{"taxonomy":"product_tag","embeddable":true,"href":"https:\/\/ecowise.lv\/en\/wp-json\/wp\/v2\/product_tag?post=1404"}],"curies":[{"name":"wp","href":"https:\/\/api.w.org\/{rel}","templated":true}]}}