{"id":1379,"date":"2023-04-05T16:39:25","date_gmt":"2023-04-05T13:39:25","guid":{"rendered":"https:\/\/ecowise.lv\/?post_type=product&#038;p=1379"},"modified":"2024-02-15T12:54:15","modified_gmt":"2024-02-15T10:54:15","slug":"wise-sphere-free","status":"publish","type":"product","link":"https:\/\/ecowise.lv\/en\/product\/wise-sphere-free\/","title":{"rendered":"WISE Sphere Free"},"content":{"rendered":"<h3 class=\"gtx-body\">Active air diffuser for Swegon\u2019s WISE System for demand-controlled ventilation<\/h3>\n<ul>\n<li>Variable or constant flow regulation<\/li>\n<li>Wireless communication via radio<\/li>\n<li>Integrated sensor<\/li>\n<li>Supply air diffuser with active slot<\/li>\n<\/ul>\n<p>Variants:<\/p>\n<ul>\n<li>Connection \u00d8160 or \u00d8200<\/li>\n<li>Selected front plate<\/li>\n<\/ul>\n<p><strong><u>WISE Sphere Free<\/u><\/strong><\/p>\n<ul>\n<li>Paredz\u0113ts kontrol\u0113tai telpu ventil\u0101cijai ar main\u012bgu slodzi.<\/li>\n<li>Paredz\u0113ts komfortablai ventil\u0101cijai.<\/li>\n<li>J\u0101izvair\u0101s no mitras, aukstas un agres\u012bvas vides.<\/li>\n<li>Paredz\u0113ts piepl\u016bdes gaisa sist\u0113m\u0101m.<\/li>\n<li>Neatkar\u012bgs no spiediena, ta\u010du nepiecie\u0161ams minim\u0101lais spiediena kritums, kas l\u012bdzv\u0113rt\u012bgs atv\u0113rtam aizb\u012bd\u0146a spiediena kritumam.<\/li>\n<li>Projekt\u0113jot ir j\u0101\u0146em v\u0113r\u0101 minim\u0101l\u0101 gaisa pl\u016bsma.<\/li>\n<\/ul>\n<p>&nbsp;<\/p>","protected":false},"excerpt":{"rendered":"<h4><span class=\"Y2IQFc\" lang=\"lv\">Active Air Diffuser for Swegon WISE System for Demand-Controlled Ventilation<\/span><\/h4>","protected":false},"featured_media":3110,"template":"","meta":{"_acf_changed":false,"inline_featured_image":false,"_links_to":"","_links_to_target":""},"product_brand":[],"product_cat":[61,58],"product_tag":[],"class_list":{"0":"post-1379","1":"product","2":"type-product","3":"status-publish","4":"has-post-thumbnail","6":"product_cat-griestu-difuzori-atklatai-montazai","7":"product_cat-ventilacija-pec-pieprasijuma","9":"first","10":"instock","11":"shipping-taxable","12":"product-type-simple"},"acf":[],"yoast_head":"<!-- This site is optimized with the Yoast SEO plugin v27.0 - https:\/\/yoast.com\/product\/yoast-seo-wordpress\/ -->\n<title>WISE Sphere Free akt\u012bvs gaisa difuzors<\/title>\n<meta name=\"description\" content=\"Akt\u012bvs gaisa difuzors Swegon sist\u0113mai, lai nodro\u0161in\u0101tu piepras\u012bjumu p\u0113c ventil\u0101cijas\" \/>\n<meta name=\"robots\" content=\"index, follow, max-snippet:-1, max-image-preview:large, max-video-preview:-1\" \/>\n<link rel=\"canonical\" href=\"https:\/\/ecowise.lv\/en\/product\/wise-sphere-free\/\" \/>\n<meta property=\"og:locale\" content=\"en_US\" \/>\n<meta property=\"og:type\" content=\"article\" \/>\n<meta property=\"og:title\" content=\"WISE Sphere Free akt\u012bvs gaisa difuzors\" \/>\n<meta property=\"og:description\" content=\"Akt\u012bvs gaisa difuzors Swegon sist\u0113mai, lai nodro\u0161in\u0101tu piepras\u012bjumu p\u0113c ventil\u0101cijas\" \/>\n<meta property=\"og:url\" content=\"https:\/\/ecowise.lv\/en\/product\/wise-sphere-free\/\" \/>\n<meta property=\"og:site_name\" content=\"Ecowise\" \/>\n<meta property=\"article:modified_time\" content=\"2024-02-15T10:54:15+00:00\" \/>\n<meta property=\"og:image\" content=\"https:\/\/ecowise.lv\/wp-content\/uploads\/2023\/04\/wise-sphere-free-productimage.jpg\" \/>\n\t<meta property=\"og:image:width\" content=\"768\" \/>\n\t<meta property=\"og:image:height\" content=\"576\" \/>\n\t<meta property=\"og:image:type\" content=\"image\/jpeg\" \/>\n<meta name=\"twitter:card\" content=\"summary_large_image\" \/>\n<meta name=\"twitter:label1\" content=\"Est. reading time\" \/>\n\t<meta name=\"twitter:data1\" content=\"1 minute\" \/>\n<script type=\"application\/ld+json\" class=\"yoast-schema-graph\">{\"@context\":\"https:\/\/schema.org\",\"@graph\":[{\"@type\":\"WebPage\",\"@id\":\"https:\/\/ecowise.lv\/product\/wise-sphere-free\/\",\"url\":\"https:\/\/ecowise.lv\/product\/wise-sphere-free\/\",\"name\":\"WISE Sphere Free akt\u012bvs gaisa difuzors\",\"isPartOf\":{\"@id\":\"https:\/\/ecowise.lv\/#website\"},\"primaryImageOfPage\":{\"@id\":\"https:\/\/ecowise.lv\/product\/wise-sphere-free\/#primaryimage\"},\"image\":{\"@id\":\"https:\/\/ecowise.lv\/product\/wise-sphere-free\/#primaryimage\"},\"thumbnailUrl\":\"https:\/\/ecowise.lv\/wp-content\/uploads\/2023\/04\/wise-sphere-free-productimage.jpg\",\"datePublished\":\"2023-04-05T13:39:25+00:00\",\"dateModified\":\"2024-02-15T10:54:15+00:00\",\"description\":\"Akt\u012bvs gaisa difuzors Swegon sist\u0113mai, lai nodro\u0161in\u0101tu piepras\u012bjumu p\u0113c ventil\u0101cijas\",\"breadcrumb\":{\"@id\":\"https:\/\/ecowise.lv\/product\/wise-sphere-free\/#breadcrumb\"},\"inLanguage\":\"en-US\",\"potentialAction\":[{\"@type\":\"ReadAction\",\"target\":[\"https:\/\/ecowise.lv\/product\/wise-sphere-free\/\"]}]},{\"@type\":\"ImageObject\",\"inLanguage\":\"en-US\",\"@id\":\"https:\/\/ecowise.lv\/product\/wise-sphere-free\/#primaryimage\",\"url\":\"https:\/\/ecowise.lv\/wp-content\/uploads\/2023\/04\/wise-sphere-free-productimage.jpg\",\"contentUrl\":\"https:\/\/ecowise.lv\/wp-content\/uploads\/2023\/04\/wise-sphere-free-productimage.jpg\",\"width\":768,\"height\":576},{\"@type\":\"BreadcrumbList\",\"@id\":\"https:\/\/ecowise.lv\/product\/wise-sphere-free\/#breadcrumb\",\"itemListElement\":[{\"@type\":\"ListItem\",\"position\":1,\"name\":\"Products\",\"item\":\"https:\/\/ecowise.lv\/shop\/\"},{\"@type\":\"ListItem\",\"position\":2,\"name\":\"WISE Sphere Free\"}]},{\"@type\":\"WebSite\",\"@id\":\"https:\/\/ecowise.lv\/#website\",\"url\":\"https:\/\/ecowise.lv\/\",\"name\":\"Ecowise\",\"description\":\"Ener\u0123ijas pat\u0113ri\u0146a samazin\u0101jums\",\"publisher\":{\"@id\":\"https:\/\/ecowise.lv\/#organization\"},\"potentialAction\":[{\"@type\":\"SearchAction\",\"target\":{\"@type\":\"EntryPoint\",\"urlTemplate\":\"https:\/\/ecowise.lv\/?s={search_term_string}\"},\"query-input\":{\"@type\":\"PropertyValueSpecification\",\"valueRequired\":true,\"valueName\":\"search_term_string\"}}],\"inLanguage\":\"en-US\"},{\"@type\":\"Organization\",\"@id\":\"https:\/\/ecowise.lv\/#organization\",\"name\":\"Ecowise\",\"url\":\"https:\/\/ecowise.lv\/\",\"logo\":{\"@type\":\"ImageObject\",\"inLanguage\":\"en-US\",\"@id\":\"https:\/\/ecowise.lv\/#\/schema\/logo\/image\/\",\"url\":\"https:\/\/ecowise.lv\/wp-content\/uploads\/2023\/03\/logo.svg\",\"contentUrl\":\"https:\/\/ecowise.lv\/wp-content\/uploads\/2023\/03\/logo.svg\",\"width\":207,\"height\":27,\"caption\":\"Ecowise\"},\"image\":{\"@id\":\"https:\/\/ecowise.lv\/#\/schema\/logo\/image\/\"}}]}<\/script>\n<!-- \/ Yoast SEO plugin. -->","yoast_head_json":{"title":"WISE Sphere Free akt\u012bvs gaisa difuzors","description":"Akt\u012bvs gaisa difuzors Swegon sist\u0113mai, lai nodro\u0161in\u0101tu piepras\u012bjumu p\u0113c ventil\u0101cijas","robots":{"index":"index","follow":"follow","max-snippet":"max-snippet:-1","max-image-preview":"max-image-preview:large","max-video-preview":"max-video-preview:-1"},"canonical":"https:\/\/ecowise.lv\/en\/product\/wise-sphere-free\/","og_locale":"en_US","og_type":"article","og_title":"WISE Sphere Free akt\u012bvs gaisa difuzors","og_description":"Akt\u012bvs gaisa difuzors Swegon sist\u0113mai, lai nodro\u0161in\u0101tu piepras\u012bjumu p\u0113c ventil\u0101cijas","og_url":"https:\/\/ecowise.lv\/en\/product\/wise-sphere-free\/","og_site_name":"Ecowise","article_modified_time":"2024-02-15T10:54:15+00:00","og_image":[{"width":768,"height":576,"url":"https:\/\/ecowise.lv\/wp-content\/uploads\/2023\/04\/wise-sphere-free-productimage.jpg","type":"image\/jpeg"}],"twitter_card":"summary_large_image","twitter_misc":{"Est. reading time":"1 minute"},"schema":{"@context":"https:\/\/schema.org","@graph":[{"@type":"WebPage","@id":"https:\/\/ecowise.lv\/product\/wise-sphere-free\/","url":"https:\/\/ecowise.lv\/product\/wise-sphere-free\/","name":"WISE Sphere Free akt\u012bvs gaisa difuzors","isPartOf":{"@id":"https:\/\/ecowise.lv\/#website"},"primaryImageOfPage":{"@id":"https:\/\/ecowise.lv\/product\/wise-sphere-free\/#primaryimage"},"image":{"@id":"https:\/\/ecowise.lv\/product\/wise-sphere-free\/#primaryimage"},"thumbnailUrl":"https:\/\/ecowise.lv\/wp-content\/uploads\/2023\/04\/wise-sphere-free-productimage.jpg","datePublished":"2023-04-05T13:39:25+00:00","dateModified":"2024-02-15T10:54:15+00:00","description":"Akt\u012bvs gaisa difuzors Swegon sist\u0113mai, lai nodro\u0161in\u0101tu piepras\u012bjumu p\u0113c ventil\u0101cijas","breadcrumb":{"@id":"https:\/\/ecowise.lv\/product\/wise-sphere-free\/#breadcrumb"},"inLanguage":"en-US","potentialAction":[{"@type":"ReadAction","target":["https:\/\/ecowise.lv\/product\/wise-sphere-free\/"]}]},{"@type":"ImageObject","inLanguage":"en-US","@id":"https:\/\/ecowise.lv\/product\/wise-sphere-free\/#primaryimage","url":"https:\/\/ecowise.lv\/wp-content\/uploads\/2023\/04\/wise-sphere-free-productimage.jpg","contentUrl":"https:\/\/ecowise.lv\/wp-content\/uploads\/2023\/04\/wise-sphere-free-productimage.jpg","width":768,"height":576},{"@type":"BreadcrumbList","@id":"https:\/\/ecowise.lv\/product\/wise-sphere-free\/#breadcrumb","itemListElement":[{"@type":"ListItem","position":1,"name":"Products","item":"https:\/\/ecowise.lv\/shop\/"},{"@type":"ListItem","position":2,"name":"WISE Sphere Free"}]},{"@type":"WebSite","@id":"https:\/\/ecowise.lv\/#website","url":"https:\/\/ecowise.lv\/","name":"Ecowise","description":"Ener\u0123ijas pat\u0113ri\u0146a samazin\u0101jums","publisher":{"@id":"https:\/\/ecowise.lv\/#organization"},"potentialAction":[{"@type":"SearchAction","target":{"@type":"EntryPoint","urlTemplate":"https:\/\/ecowise.lv\/?s={search_term_string}"},"query-input":{"@type":"PropertyValueSpecification","valueRequired":true,"valueName":"search_term_string"}}],"inLanguage":"en-US"},{"@type":"Organization","@id":"https:\/\/ecowise.lv\/#organization","name":"Ecowise","url":"https:\/\/ecowise.lv\/","logo":{"@type":"ImageObject","inLanguage":"en-US","@id":"https:\/\/ecowise.lv\/#\/schema\/logo\/image\/","url":"https:\/\/ecowise.lv\/wp-content\/uploads\/2023\/03\/logo.svg","contentUrl":"https:\/\/ecowise.lv\/wp-content\/uploads\/2023\/03\/logo.svg","width":207,"height":27,"caption":"Ecowise"},"image":{"@id":"https:\/\/ecowise.lv\/#\/schema\/logo\/image\/"}}]}},"_links":{"self":[{"href":"https:\/\/ecowise.lv\/en\/wp-json\/wp\/v2\/product\/1379","targetHints":{"allow":["GET"]}}],"collection":[{"href":"https:\/\/ecowise.lv\/en\/wp-json\/wp\/v2\/product"}],"about":[{"href":"https:\/\/ecowise.lv\/en\/wp-json\/wp\/v2\/types\/product"}],"wp:featuredmedia":[{"embeddable":true,"href":"https:\/\/ecowise.lv\/en\/wp-json\/wp\/v2\/media\/3110"}],"wp:attachment":[{"href":"https:\/\/ecowise.lv\/en\/wp-json\/wp\/v2\/media?parent=1379"}],"wp:term":[{"taxonomy":"product_brand","embeddable":true,"href":"https:\/\/ecowise.lv\/en\/wp-json\/wp\/v2\/product_brand?post=1379"},{"taxonomy":"product_cat","embeddable":true,"href":"https:\/\/ecowise.lv\/en\/wp-json\/wp\/v2\/product_cat?post=1379"},{"taxonomy":"product_tag","embeddable":true,"href":"https:\/\/ecowise.lv\/en\/wp-json\/wp\/v2\/product_tag?post=1379"}],"curies":[{"name":"wp","href":"https:\/\/api.w.org\/{rel}","templated":true}]}}