{"id":1355,"date":"2023-04-05T16:39:18","date_gmt":"2023-04-05T13:39:18","guid":{"rendered":"https:\/\/ecowise.lv\/?post_type=product&#038;p=1355"},"modified":"2024-02-29T11:42:30","modified_gmt":"2024-02-29T09:42:30","slug":"kappa-sky-fc","status":"publish","type":"product","link":"https:\/\/ecowise.lv\/en\/product\/kappa-sky-fc\/","title":{"rendered":"KAPPA SKY FC"},"content":{"rendered":"<p id=\"tw-target-text\" class=\"tw-data-text tw-text-large tw-ta\" dir=\"ltr\" data-placeholder=\"Translation\"><span class=\"Y2IQFc\" lang=\"lv\">Augstas efektivit\u0101tes \u010dilleris ar free-cooling, skr\u016bves kompresori ar main\u012bgu kompresijas pak\u0101pi un invertora vad\u012bbas jaudas modul\u0101ciju, R1234ze, R513A, R134a, 260-880 kW <\/span><\/p>\n<p class=\"tw-data-text tw-text-large tw-ta\" dir=\"ltr\" data-placeholder=\"Translation\"><span class=\"Y2IQFc\" lang=\"lv\">Augstas efektivit\u0101tes, viena un divu kont\u016bru free-cooling dzes\u0113t\u0101ji ar skr\u016bvju kompresoriem ar main\u012bgu kompresijas pak\u0101pi un invertoru jaudas modul\u0113\u0161anai. <\/span><\/p>\n<p class=\"tw-data-text tw-text-large tw-ta\" dir=\"ltr\" data-placeholder=\"Translation\"><strong><span class=\"Y2IQFc\" lang=\"lv\">Configurations <\/span><\/strong><\/p>\n<p class=\"tw-data-text tw-text-large tw-ta\" dir=\"ltr\" data-placeholder=\"Translation\"><span class=\"Y2IQFc\" lang=\"lv\">Xi: high efficiency, version with full inverter compressors <\/span><\/p>\n<p class=\"tw-data-text tw-text-large tw-ta\" dir=\"ltr\" data-placeholder=\"Translation\"><span class=\"Y2IQFc\" lang=\"lv\">Si: compact dimensions, version with full inverter compressors <\/span><\/p>\n<p class=\"tw-data-text tw-text-large tw-ta\" dir=\"ltr\" data-placeholder=\"Translation\"><span class=\"Y2IQFc\" lang=\"lv\">LGW Xi: zema GWP aukstuma\u0123ents, versija ar pilniem invertora kompresoriem <\/span><\/p>\n<p class=\"tw-data-text tw-text-large tw-ta\" dir=\"ltr\" data-placeholder=\"Translation\"><span class=\"Y2IQFc\" lang=\"lv\">LN: low noise unit <\/span><\/p>\n<p class=\"tw-data-text tw-text-large tw-ta\" dir=\"ltr\" data-placeholder=\"Translation\"><span class=\"Y2IQFc\" lang=\"lv\">NG: bez glikola izpildes <\/span><\/p>\n<p class=\"tw-data-text tw-text-large tw-ta\" dir=\"ltr\" data-placeholder=\"Translation\"><span class=\"Y2IQFc\" lang=\"lv\">DS: execution with desuperheater <\/span><\/p>\n<p class=\"tw-data-text tw-text-large tw-ta\" dir=\"ltr\" data-placeholder=\"Translation\"><span class=\"Y2IQFc\" lang=\"lv\">DC: execution with recovery condenser <\/span><\/p>\n<p class=\"tw-data-text tw-text-large tw-ta\" dir=\"ltr\" data-placeholder=\"Translation\"><span class=\"Y2IQFc\" lang=\"lv\">SH: hibr\u012bdkompakts cenas zi\u0146\u0101 efekt\u012bva <\/span><\/p>\n<p class=\"tw-data-text tw-text-large tw-ta\" dir=\"ltr\" data-placeholder=\"Translation\"><span class=\"Y2IQFc\" lang=\"lv\">Konfigur\u0113jama br\u012bvas dzes\u0113\u0161anas sekcija <\/span><\/p>\n<p class=\"tw-data-text tw-text-large tw-ta\" dir=\"ltr\" data-placeholder=\"Translation\"><strong><span class=\"Y2IQFc\" lang=\"lv\">Strengths <\/span><\/strong><\/p>\n<ul>\n<li class=\"tw-data-text tw-text-large tw-ta\" dir=\"ltr\" data-placeholder=\"Translation\"><span class=\"Y2IQFc\" lang=\"lv\">Free-cooling BASIC, Free-cooling EXTRA <\/span><\/li>\n<li class=\"tw-data-text tw-text-large tw-ta\" dir=\"ltr\" data-placeholder=\"Translation\"><span class=\"Y2IQFc\" lang=\"lv\">Application flexibility: water temperature up to 23\u00b0C. Operating in a wide range of external ambient conditions <\/span><\/li>\n<li class=\"tw-data-text tw-text-large tw-ta\" dir=\"ltr\" data-placeholder=\"Translation\"><span class=\"Y2IQFc\" lang=\"lv\">High efficiency and compact dimensions <\/span><\/li>\n<li class=\"tw-data-text tw-text-large tw-ta\" dir=\"ltr\" data-placeholder=\"Translation\"><span class=\"Y2IQFc\" lang=\"lv\">Pagarin\u0101tas darb\u012bbas robe\u017eas: l\u012bdz -40\u00b0C ar atbilsto\u0161iem piederumiem <\/span><\/li>\n<li class=\"tw-data-text tw-text-large tw-ta\" dir=\"ltr\" data-placeholder=\"Translation\"><span class=\"Y2IQFc\" lang=\"lv\">Divk\u0101r\u0161s baro\u0161anas avots ar autom\u0101tisku p\u0101rsl\u0113g\u0161anu (opcija) <\/span><\/li>\n<li class=\"tw-data-text tw-text-large tw-ta\" dir=\"ltr\" data-placeholder=\"Translation\"><span class=\"Y2IQFc\" lang=\"lv\">BlueThink advanced control with integrated web server. Multilogic\/Multifree function and Blueye\u00ae supervision system. (options) <\/span><\/li>\n<li class=\"tw-data-text tw-text-large tw-ta\" dir=\"ltr\" data-placeholder=\"Translation\"><span class=\"Y2IQFc\" lang=\"lv\">Flowzer: energy optimization on water side (options) <\/span><\/li>\n<li class=\"tw-data-text tw-text-large tw-ta\" dir=\"ltr\" data-placeholder=\"Translation\"><span class=\"Y2IQFc\" lang=\"lv\">Conforming with Ecodesign Reg. 2281 tier 2<\/span><\/li>\n<\/ul>","protected":false},"excerpt":{"rendered":"<h4><span class=\"Y2IQFc\" lang=\"lv\">Air-cooled high efficiency free-cooling chiller, screw compressors with variable compression ratio and inverter control capacity modulation<\/span><\/h4>\n<h4><span class=\"Y2IQFc\" lang=\"lv\">R1234ze, R513A, R134a, 260-880 kW<\/span><\/h4>","protected":false},"featured_media":3359,"template":"","meta":{"_acf_changed":false,"inline_featured_image":false,"_links_to":"","_links_to_target":""},"product_brand":[],"product_cat":[84],"product_tag":[],"class_list":{"0":"post-1355","1":"product","2":"type-product","3":"status-publish","4":"has-post-thumbnail","6":"product_cat-gaiss-udens-cilleri-un-siltumukni","8":"first","9":"instock","10":"shipping-taxable","11":"product-type-simple"},"acf":[],"yoast_head":"<!-- This site is optimized with the Yoast SEO plugin v27.0 - https:\/\/yoast.com\/product\/yoast-seo-wordpress\/ -->\n<title>KAPPA SKY FC<\/title>\n<meta name=\"description\" content=\"Kappa Sky FC Augstas efektivit\u0101tes \u010dilleris ar free-cooling, skr\u016bves kompresori ar main\u012bgu kompresijas pak\u0101pi un invertora vad\u012bbas jaudas modul\u0101ciju, R1234ze, R513A, R134a, 260-880 kW\" \/>\n<meta name=\"robots\" content=\"index, follow, max-snippet:-1, max-image-preview:large, max-video-preview:-1\" \/>\n<link rel=\"canonical\" href=\"https:\/\/ecowise.lv\/en\/product\/kappa-sky-fc\/\" \/>\n<meta property=\"og:locale\" content=\"en_US\" \/>\n<meta property=\"og:type\" content=\"article\" \/>\n<meta property=\"og:title\" content=\"KAPPA SKY FC\" \/>\n<meta property=\"og:description\" content=\"Kappa Sky FC Augstas efektivit\u0101tes \u010dilleris ar free-cooling, skr\u016bves kompresori ar main\u012bgu kompresijas pak\u0101pi un invertora vad\u012bbas jaudas modul\u0101ciju, R1234ze, R513A, R134a, 260-880 kW\" \/>\n<meta property=\"og:url\" content=\"https:\/\/ecowise.lv\/en\/product\/kappa-sky-fc\/\" \/>\n<meta property=\"og:site_name\" content=\"Ecowise\" \/>\n<meta property=\"article:modified_time\" content=\"2024-02-29T09:42:30+00:00\" \/>\n<meta property=\"og:image\" content=\"https:\/\/ecowise.lv\/wp-content\/uploads\/2023\/04\/kappa-sky-1.png\" \/>\n\t<meta property=\"og:image:width\" content=\"768\" \/>\n\t<meta property=\"og:image:height\" content=\"576\" \/>\n\t<meta property=\"og:image:type\" content=\"image\/png\" \/>\n<meta name=\"twitter:card\" content=\"summary_large_image\" \/>\n<meta name=\"twitter:label1\" content=\"Est. reading time\" \/>\n\t<meta name=\"twitter:data1\" content=\"1 minute\" \/>\n<script type=\"application\/ld+json\" class=\"yoast-schema-graph\">{\"@context\":\"https:\/\/schema.org\",\"@graph\":[{\"@type\":\"WebPage\",\"@id\":\"https:\/\/ecowise.lv\/product\/kappa-sky-fc\/\",\"url\":\"https:\/\/ecowise.lv\/product\/kappa-sky-fc\/\",\"name\":\"KAPPA SKY FC\",\"isPartOf\":{\"@id\":\"https:\/\/ecowise.lv\/#website\"},\"primaryImageOfPage\":{\"@id\":\"https:\/\/ecowise.lv\/product\/kappa-sky-fc\/#primaryimage\"},\"image\":{\"@id\":\"https:\/\/ecowise.lv\/product\/kappa-sky-fc\/#primaryimage\"},\"thumbnailUrl\":\"https:\/\/ecowise.lv\/wp-content\/uploads\/2023\/04\/kappa-sky-1.png\",\"datePublished\":\"2023-04-05T13:39:18+00:00\",\"dateModified\":\"2024-02-29T09:42:30+00:00\",\"description\":\"Kappa Sky FC Augstas efektivit\u0101tes \u010dilleris ar free-cooling, skr\u016bves kompresori ar main\u012bgu kompresijas pak\u0101pi un invertora vad\u012bbas jaudas modul\u0101ciju, R1234ze, R513A, R134a, 260-880 kW\",\"breadcrumb\":{\"@id\":\"https:\/\/ecowise.lv\/product\/kappa-sky-fc\/#breadcrumb\"},\"inLanguage\":\"en-US\",\"potentialAction\":[{\"@type\":\"ReadAction\",\"target\":[\"https:\/\/ecowise.lv\/product\/kappa-sky-fc\/\"]}]},{\"@type\":\"ImageObject\",\"inLanguage\":\"en-US\",\"@id\":\"https:\/\/ecowise.lv\/product\/kappa-sky-fc\/#primaryimage\",\"url\":\"https:\/\/ecowise.lv\/wp-content\/uploads\/2023\/04\/kappa-sky-1.png\",\"contentUrl\":\"https:\/\/ecowise.lv\/wp-content\/uploads\/2023\/04\/kappa-sky-1.png\",\"width\":768,\"height\":576},{\"@type\":\"BreadcrumbList\",\"@id\":\"https:\/\/ecowise.lv\/product\/kappa-sky-fc\/#breadcrumb\",\"itemListElement\":[{\"@type\":\"ListItem\",\"position\":1,\"name\":\"Products\",\"item\":\"https:\/\/ecowise.lv\/shop\/\"},{\"@type\":\"ListItem\",\"position\":2,\"name\":\"KAPPA SKY FC\"}]},{\"@type\":\"WebSite\",\"@id\":\"https:\/\/ecowise.lv\/#website\",\"url\":\"https:\/\/ecowise.lv\/\",\"name\":\"Ecowise\",\"description\":\"Ener\u0123ijas pat\u0113ri\u0146a samazin\u0101jums\",\"publisher\":{\"@id\":\"https:\/\/ecowise.lv\/#organization\"},\"potentialAction\":[{\"@type\":\"SearchAction\",\"target\":{\"@type\":\"EntryPoint\",\"urlTemplate\":\"https:\/\/ecowise.lv\/?s={search_term_string}\"},\"query-input\":{\"@type\":\"PropertyValueSpecification\",\"valueRequired\":true,\"valueName\":\"search_term_string\"}}],\"inLanguage\":\"en-US\"},{\"@type\":\"Organization\",\"@id\":\"https:\/\/ecowise.lv\/#organization\",\"name\":\"Ecowise\",\"url\":\"https:\/\/ecowise.lv\/\",\"logo\":{\"@type\":\"ImageObject\",\"inLanguage\":\"en-US\",\"@id\":\"https:\/\/ecowise.lv\/#\/schema\/logo\/image\/\",\"url\":\"https:\/\/ecowise.lv\/wp-content\/uploads\/2023\/03\/logo.svg\",\"contentUrl\":\"https:\/\/ecowise.lv\/wp-content\/uploads\/2023\/03\/logo.svg\",\"width\":207,\"height\":27,\"caption\":\"Ecowise\"},\"image\":{\"@id\":\"https:\/\/ecowise.lv\/#\/schema\/logo\/image\/\"}}]}<\/script>\n<!-- \/ Yoast SEO plugin. -->","yoast_head_json":{"title":"KAPPA SKY FC","description":"Kappa Sky FC Augstas efektivit\u0101tes \u010dilleris ar free-cooling, skr\u016bves kompresori ar main\u012bgu kompresijas pak\u0101pi un invertora vad\u012bbas jaudas modul\u0101ciju, R1234ze, R513A, R134a, 260-880 kW","robots":{"index":"index","follow":"follow","max-snippet":"max-snippet:-1","max-image-preview":"max-image-preview:large","max-video-preview":"max-video-preview:-1"},"canonical":"https:\/\/ecowise.lv\/en\/product\/kappa-sky-fc\/","og_locale":"en_US","og_type":"article","og_title":"KAPPA SKY FC","og_description":"Kappa Sky FC Augstas efektivit\u0101tes \u010dilleris ar free-cooling, skr\u016bves kompresori ar main\u012bgu kompresijas pak\u0101pi un invertora vad\u012bbas jaudas modul\u0101ciju, R1234ze, R513A, R134a, 260-880 kW","og_url":"https:\/\/ecowise.lv\/en\/product\/kappa-sky-fc\/","og_site_name":"Ecowise","article_modified_time":"2024-02-29T09:42:30+00:00","og_image":[{"width":768,"height":576,"url":"https:\/\/ecowise.lv\/wp-content\/uploads\/2023\/04\/kappa-sky-1.png","type":"image\/png"}],"twitter_card":"summary_large_image","twitter_misc":{"Est. reading time":"1 minute"},"schema":{"@context":"https:\/\/schema.org","@graph":[{"@type":"WebPage","@id":"https:\/\/ecowise.lv\/product\/kappa-sky-fc\/","url":"https:\/\/ecowise.lv\/product\/kappa-sky-fc\/","name":"KAPPA SKY FC","isPartOf":{"@id":"https:\/\/ecowise.lv\/#website"},"primaryImageOfPage":{"@id":"https:\/\/ecowise.lv\/product\/kappa-sky-fc\/#primaryimage"},"image":{"@id":"https:\/\/ecowise.lv\/product\/kappa-sky-fc\/#primaryimage"},"thumbnailUrl":"https:\/\/ecowise.lv\/wp-content\/uploads\/2023\/04\/kappa-sky-1.png","datePublished":"2023-04-05T13:39:18+00:00","dateModified":"2024-02-29T09:42:30+00:00","description":"Kappa Sky FC Augstas efektivit\u0101tes \u010dilleris ar free-cooling, skr\u016bves kompresori ar main\u012bgu kompresijas pak\u0101pi un invertora vad\u012bbas jaudas modul\u0101ciju, R1234ze, R513A, R134a, 260-880 kW","breadcrumb":{"@id":"https:\/\/ecowise.lv\/product\/kappa-sky-fc\/#breadcrumb"},"inLanguage":"en-US","potentialAction":[{"@type":"ReadAction","target":["https:\/\/ecowise.lv\/product\/kappa-sky-fc\/"]}]},{"@type":"ImageObject","inLanguage":"en-US","@id":"https:\/\/ecowise.lv\/product\/kappa-sky-fc\/#primaryimage","url":"https:\/\/ecowise.lv\/wp-content\/uploads\/2023\/04\/kappa-sky-1.png","contentUrl":"https:\/\/ecowise.lv\/wp-content\/uploads\/2023\/04\/kappa-sky-1.png","width":768,"height":576},{"@type":"BreadcrumbList","@id":"https:\/\/ecowise.lv\/product\/kappa-sky-fc\/#breadcrumb","itemListElement":[{"@type":"ListItem","position":1,"name":"Products","item":"https:\/\/ecowise.lv\/shop\/"},{"@type":"ListItem","position":2,"name":"KAPPA SKY FC"}]},{"@type":"WebSite","@id":"https:\/\/ecowise.lv\/#website","url":"https:\/\/ecowise.lv\/","name":"Ecowise","description":"Ener\u0123ijas pat\u0113ri\u0146a samazin\u0101jums","publisher":{"@id":"https:\/\/ecowise.lv\/#organization"},"potentialAction":[{"@type":"SearchAction","target":{"@type":"EntryPoint","urlTemplate":"https:\/\/ecowise.lv\/?s={search_term_string}"},"query-input":{"@type":"PropertyValueSpecification","valueRequired":true,"valueName":"search_term_string"}}],"inLanguage":"en-US"},{"@type":"Organization","@id":"https:\/\/ecowise.lv\/#organization","name":"Ecowise","url":"https:\/\/ecowise.lv\/","logo":{"@type":"ImageObject","inLanguage":"en-US","@id":"https:\/\/ecowise.lv\/#\/schema\/logo\/image\/","url":"https:\/\/ecowise.lv\/wp-content\/uploads\/2023\/03\/logo.svg","contentUrl":"https:\/\/ecowise.lv\/wp-content\/uploads\/2023\/03\/logo.svg","width":207,"height":27,"caption":"Ecowise"},"image":{"@id":"https:\/\/ecowise.lv\/#\/schema\/logo\/image\/"}}]}},"_links":{"self":[{"href":"https:\/\/ecowise.lv\/en\/wp-json\/wp\/v2\/product\/1355","targetHints":{"allow":["GET"]}}],"collection":[{"href":"https:\/\/ecowise.lv\/en\/wp-json\/wp\/v2\/product"}],"about":[{"href":"https:\/\/ecowise.lv\/en\/wp-json\/wp\/v2\/types\/product"}],"wp:featuredmedia":[{"embeddable":true,"href":"https:\/\/ecowise.lv\/en\/wp-json\/wp\/v2\/media\/3359"}],"wp:attachment":[{"href":"https:\/\/ecowise.lv\/en\/wp-json\/wp\/v2\/media?parent=1355"}],"wp:term":[{"taxonomy":"product_brand","embeddable":true,"href":"https:\/\/ecowise.lv\/en\/wp-json\/wp\/v2\/product_brand?post=1355"},{"taxonomy":"product_cat","embeddable":true,"href":"https:\/\/ecowise.lv\/en\/wp-json\/wp\/v2\/product_cat?post=1355"},{"taxonomy":"product_tag","embeddable":true,"href":"https:\/\/ecowise.lv\/en\/wp-json\/wp\/v2\/product_tag?post=1355"}],"curies":[{"name":"wp","href":"https:\/\/api.w.org\/{rel}","templated":true}]}}