{"id":1343,"date":"2023-04-05T16:39:16","date_gmt":"2023-04-05T13:39:16","guid":{"rendered":"https:\/\/ecowise.lv\/?post_type=product&#038;p=1343"},"modified":"2023-12-28T08:29:11","modified_gmt":"2023-12-28T06:29:11","slug":"udens-gaisa-dzesetaji","status":"publish","type":"product","link":"https:\/\/ecowise.lv\/en\/product\/udens-gaisa-dzesetaji\/","title":{"rendered":"SDCW"},"content":{"rendered":"<p>For installation in the supply air duct for cooling the supply air. The minimum coil height is only 255 mm, allowing for installation in suspended ceilings. Swegon CASA ventilation unit smart control technology is designed to regulate indoor air according to settings. Control mode and settings can be changed from the CASA Smart control panel. Complies with class C leakage requirements.<\/p>\n<h3>The delivery includes:<\/h3>\n<p>Duct coil for cooling<br \/>\nSET connection module<br \/>\nActuators and valves<br \/>\nRequisite sensors<br \/>\nInstructions<\/p>","protected":false},"excerpt":{"rendered":"<h4>Water cooler for inflow<\/h4>","protected":false},"featured_media":5621,"template":"","meta":{"_acf_changed":false,"inline_featured_image":false,"_links_to":"","_links_to_target":""},"product_brand":[],"product_cat":[39],"product_tag":[],"class_list":{"0":"post-1343","1":"product","2":"type-product","3":"status-publish","4":"has-post-thumbnail","6":"product_cat-citas-iekartas","8":"first","9":"instock","10":"shipping-taxable","11":"product-type-simple"},"acf":[],"yoast_head":"<!-- This site is optimized with the Yoast SEO plugin v27.0 - https:\/\/yoast.com\/product\/yoast-seo-wordpress\/ -->\n<title>SDCW - Ecowise<\/title>\n<meta name=\"robots\" content=\"index, follow, max-snippet:-1, max-image-preview:large, max-video-preview:-1\" \/>\n<link rel=\"canonical\" href=\"https:\/\/ecowise.lv\/en\/product\/udens-gaisa-dzesetaji\/\" \/>\n<meta property=\"og:locale\" content=\"en_US\" \/>\n<meta property=\"og:type\" content=\"article\" \/>\n<meta property=\"og:title\" content=\"SDCW - Ecowise\" \/>\n<meta property=\"og:description\" content=\"\u016adens dzes\u0113t\u0101js piepl\u016bdei\" \/>\n<meta property=\"og:url\" content=\"https:\/\/ecowise.lv\/en\/product\/udens-gaisa-dzesetaji\/\" \/>\n<meta property=\"og:site_name\" content=\"Ecowise\" \/>\n<meta property=\"article:modified_time\" content=\"2023-12-28T06:29:11+00:00\" \/>\n<meta property=\"og:image\" content=\"https:\/\/ecowise.lv\/wp-content\/uploads\/2023\/04\/CardImage-21.png\" \/>\n\t<meta property=\"og:image:width\" content=\"600\" \/>\n\t<meta property=\"og:image:height\" content=\"600\" \/>\n\t<meta property=\"og:image:type\" content=\"image\/png\" \/>\n<meta name=\"twitter:card\" content=\"summary_large_image\" \/>\n<meta name=\"twitter:label1\" content=\"Est. reading time\" \/>\n\t<meta name=\"twitter:data1\" content=\"1 minute\" \/>\n<script type=\"application\/ld+json\" class=\"yoast-schema-graph\">{\"@context\":\"https:\/\/schema.org\",\"@graph\":[{\"@type\":\"WebPage\",\"@id\":\"https:\/\/ecowise.lv\/product\/udens-gaisa-dzesetaji\/\",\"url\":\"https:\/\/ecowise.lv\/product\/udens-gaisa-dzesetaji\/\",\"name\":\"SDCW - Ecowise\",\"isPartOf\":{\"@id\":\"https:\/\/ecowise.lv\/#website\"},\"primaryImageOfPage\":{\"@id\":\"https:\/\/ecowise.lv\/product\/udens-gaisa-dzesetaji\/#primaryimage\"},\"image\":{\"@id\":\"https:\/\/ecowise.lv\/product\/udens-gaisa-dzesetaji\/#primaryimage\"},\"thumbnailUrl\":\"https:\/\/ecowise.lv\/wp-content\/uploads\/2023\/04\/CardImage-21.png\",\"datePublished\":\"2023-04-05T13:39:16+00:00\",\"dateModified\":\"2023-12-28T06:29:11+00:00\",\"breadcrumb\":{\"@id\":\"https:\/\/ecowise.lv\/product\/udens-gaisa-dzesetaji\/#breadcrumb\"},\"inLanguage\":\"en-US\",\"potentialAction\":[{\"@type\":\"ReadAction\",\"target\":[\"https:\/\/ecowise.lv\/product\/udens-gaisa-dzesetaji\/\"]}]},{\"@type\":\"ImageObject\",\"inLanguage\":\"en-US\",\"@id\":\"https:\/\/ecowise.lv\/product\/udens-gaisa-dzesetaji\/#primaryimage\",\"url\":\"https:\/\/ecowise.lv\/wp-content\/uploads\/2023\/04\/CardImage-21.png\",\"contentUrl\":\"https:\/\/ecowise.lv\/wp-content\/uploads\/2023\/04\/CardImage-21.png\",\"width\":600,\"height\":600,\"caption\":\"Iek\u0161telpu klimats_priv\u0101tm\u0101ju ventil\u0101cija_Ecowise_\"},{\"@type\":\"BreadcrumbList\",\"@id\":\"https:\/\/ecowise.lv\/product\/udens-gaisa-dzesetaji\/#breadcrumb\",\"itemListElement\":[{\"@type\":\"ListItem\",\"position\":1,\"name\":\"Products\",\"item\":\"https:\/\/ecowise.lv\/shop\/\"},{\"@type\":\"ListItem\",\"position\":2,\"name\":\"SDCW\"}]},{\"@type\":\"WebSite\",\"@id\":\"https:\/\/ecowise.lv\/#website\",\"url\":\"https:\/\/ecowise.lv\/\",\"name\":\"Ecowise\",\"description\":\"Ener\u0123ijas pat\u0113ri\u0146a samazin\u0101jums\",\"publisher\":{\"@id\":\"https:\/\/ecowise.lv\/#organization\"},\"potentialAction\":[{\"@type\":\"SearchAction\",\"target\":{\"@type\":\"EntryPoint\",\"urlTemplate\":\"https:\/\/ecowise.lv\/?s={search_term_string}\"},\"query-input\":{\"@type\":\"PropertyValueSpecification\",\"valueRequired\":true,\"valueName\":\"search_term_string\"}}],\"inLanguage\":\"en-US\"},{\"@type\":\"Organization\",\"@id\":\"https:\/\/ecowise.lv\/#organization\",\"name\":\"Ecowise\",\"url\":\"https:\/\/ecowise.lv\/\",\"logo\":{\"@type\":\"ImageObject\",\"inLanguage\":\"en-US\",\"@id\":\"https:\/\/ecowise.lv\/#\/schema\/logo\/image\/\",\"url\":\"https:\/\/ecowise.lv\/wp-content\/uploads\/2023\/03\/logo.svg\",\"contentUrl\":\"https:\/\/ecowise.lv\/wp-content\/uploads\/2023\/03\/logo.svg\",\"width\":207,\"height\":27,\"caption\":\"Ecowise\"},\"image\":{\"@id\":\"https:\/\/ecowise.lv\/#\/schema\/logo\/image\/\"}}]}<\/script>\n<!-- \/ Yoast SEO plugin. -->","yoast_head_json":{"title":"SDCW - Ecowise","robots":{"index":"index","follow":"follow","max-snippet":"max-snippet:-1","max-image-preview":"max-image-preview:large","max-video-preview":"max-video-preview:-1"},"canonical":"https:\/\/ecowise.lv\/en\/product\/udens-gaisa-dzesetaji\/","og_locale":"en_US","og_type":"article","og_title":"SDCW - Ecowise","og_description":"\u016adens dzes\u0113t\u0101js piepl\u016bdei","og_url":"https:\/\/ecowise.lv\/en\/product\/udens-gaisa-dzesetaji\/","og_site_name":"Ecowise","article_modified_time":"2023-12-28T06:29:11+00:00","og_image":[{"width":600,"height":600,"url":"https:\/\/ecowise.lv\/wp-content\/uploads\/2023\/04\/CardImage-21.png","type":"image\/png"}],"twitter_card":"summary_large_image","twitter_misc":{"Est. reading time":"1 minute"},"schema":{"@context":"https:\/\/schema.org","@graph":[{"@type":"WebPage","@id":"https:\/\/ecowise.lv\/product\/udens-gaisa-dzesetaji\/","url":"https:\/\/ecowise.lv\/product\/udens-gaisa-dzesetaji\/","name":"SDCW - Ecowise","isPartOf":{"@id":"https:\/\/ecowise.lv\/#website"},"primaryImageOfPage":{"@id":"https:\/\/ecowise.lv\/product\/udens-gaisa-dzesetaji\/#primaryimage"},"image":{"@id":"https:\/\/ecowise.lv\/product\/udens-gaisa-dzesetaji\/#primaryimage"},"thumbnailUrl":"https:\/\/ecowise.lv\/wp-content\/uploads\/2023\/04\/CardImage-21.png","datePublished":"2023-04-05T13:39:16+00:00","dateModified":"2023-12-28T06:29:11+00:00","breadcrumb":{"@id":"https:\/\/ecowise.lv\/product\/udens-gaisa-dzesetaji\/#breadcrumb"},"inLanguage":"en-US","potentialAction":[{"@type":"ReadAction","target":["https:\/\/ecowise.lv\/product\/udens-gaisa-dzesetaji\/"]}]},{"@type":"ImageObject","inLanguage":"en-US","@id":"https:\/\/ecowise.lv\/product\/udens-gaisa-dzesetaji\/#primaryimage","url":"https:\/\/ecowise.lv\/wp-content\/uploads\/2023\/04\/CardImage-21.png","contentUrl":"https:\/\/ecowise.lv\/wp-content\/uploads\/2023\/04\/CardImage-21.png","width":600,"height":600,"caption":"Iek\u0161telpu klimats_priv\u0101tm\u0101ju ventil\u0101cija_Ecowise_"},{"@type":"BreadcrumbList","@id":"https:\/\/ecowise.lv\/product\/udens-gaisa-dzesetaji\/#breadcrumb","itemListElement":[{"@type":"ListItem","position":1,"name":"Products","item":"https:\/\/ecowise.lv\/shop\/"},{"@type":"ListItem","position":2,"name":"SDCW"}]},{"@type":"WebSite","@id":"https:\/\/ecowise.lv\/#website","url":"https:\/\/ecowise.lv\/","name":"Ecowise","description":"Ener\u0123ijas pat\u0113ri\u0146a samazin\u0101jums","publisher":{"@id":"https:\/\/ecowise.lv\/#organization"},"potentialAction":[{"@type":"SearchAction","target":{"@type":"EntryPoint","urlTemplate":"https:\/\/ecowise.lv\/?s={search_term_string}"},"query-input":{"@type":"PropertyValueSpecification","valueRequired":true,"valueName":"search_term_string"}}],"inLanguage":"en-US"},{"@type":"Organization","@id":"https:\/\/ecowise.lv\/#organization","name":"Ecowise","url":"https:\/\/ecowise.lv\/","logo":{"@type":"ImageObject","inLanguage":"en-US","@id":"https:\/\/ecowise.lv\/#\/schema\/logo\/image\/","url":"https:\/\/ecowise.lv\/wp-content\/uploads\/2023\/03\/logo.svg","contentUrl":"https:\/\/ecowise.lv\/wp-content\/uploads\/2023\/03\/logo.svg","width":207,"height":27,"caption":"Ecowise"},"image":{"@id":"https:\/\/ecowise.lv\/#\/schema\/logo\/image\/"}}]}},"_links":{"self":[{"href":"https:\/\/ecowise.lv\/en\/wp-json\/wp\/v2\/product\/1343","targetHints":{"allow":["GET"]}}],"collection":[{"href":"https:\/\/ecowise.lv\/en\/wp-json\/wp\/v2\/product"}],"about":[{"href":"https:\/\/ecowise.lv\/en\/wp-json\/wp\/v2\/types\/product"}],"wp:featuredmedia":[{"embeddable":true,"href":"https:\/\/ecowise.lv\/en\/wp-json\/wp\/v2\/media\/5621"}],"wp:attachment":[{"href":"https:\/\/ecowise.lv\/en\/wp-json\/wp\/v2\/media?parent=1343"}],"wp:term":[{"taxonomy":"product_brand","embeddable":true,"href":"https:\/\/ecowise.lv\/en\/wp-json\/wp\/v2\/product_brand?post=1343"},{"taxonomy":"product_cat","embeddable":true,"href":"https:\/\/ecowise.lv\/en\/wp-json\/wp\/v2\/product_cat?post=1343"},{"taxonomy":"product_tag","embeddable":true,"href":"https:\/\/ecowise.lv\/en\/wp-json\/wp\/v2\/product_tag?post=1343"}],"curies":[{"name":"wp","href":"https:\/\/api.w.org\/{rel}","templated":true}]}}