{"id":1323,"date":"2023-04-05T16:39:09","date_gmt":"2023-04-05T13:39:09","guid":{"rendered":"https:\/\/ecowise.lv\/?post_type=product&#038;p=1323"},"modified":"2024-06-13T12:27:11","modified_gmt":"2024-06-13T09:27:11","slug":"casa-blues-free-flow","status":"publish","type":"product","link":"https:\/\/ecowise.lv\/en\/product\/casa-blues-free-flow\/","title":{"rendered":"CASA Blues Free Flow"},"content":{"rendered":"<p>Cooker hoods for old constant air flow extract ventilation systems<\/p>\n<ul>\n<li>Cooker hoods for old constant air flow extract ventilation systems<\/li>\n<li>Very high cooking odour extracting capability. 77%, 30 l\/s, 108 m3\/h<\/li>\n<li>Capacitive touch buttons<\/li>\n<li>The Safera Stove Guard is available.<\/li>\n<li>Maintenance-free LED lighting, adjustable brightness<\/li>\n<li>Installed in a kitchen cabinet or on the wall with a duct cover.<\/li>\n<li>White or stainless steel.<\/li>\n<li>500 or 600 mm<\/li>\n<\/ul>\n<p>&nbsp;<\/p>\n<p>CASA BLUES Free Flow is a suitable cooker hood for old constant air flow extract ventilation systems<\/p>\n<p>High odour catching capacity enables efficient fume removal with lower airflows resulting to lower energy consumption, with less pressure difference and lower noise.<\/p>\n<p>Blues fits kitchen cabinets of all depths. The smooth surfaces and washproof metal grease filters are easy to keep clean. The lighting in the hood is made up of maintenance-free LED lights with adjustable brightness. The cooker hood with voltage protection (24 V) is equipped with a mains transformer \u2013 its power consumption is therefore low and the hood is always safe for the user. All electrical connections are located above the hood and are therefore quick and easy to connect during the installation phase.<\/p>","protected":false},"excerpt":{"rendered":"<h4>Cooker hoods for old constant air flow extract ventilation systems<\/h4>","protected":false},"featured_media":4085,"template":"","meta":{"_acf_changed":false,"inline_featured_image":false,"_links_to":"","_links_to_target":""},"product_brand":[],"product_cat":[38],"product_tag":[],"class_list":{"0":"post-1323","1":"product","2":"type-product","3":"status-publish","4":"has-post-thumbnail","6":"product_cat-virtuves-nosuceji","8":"first","9":"instock","10":"shipping-taxable","11":"product-type-simple"},"acf":[],"yoast_head":"<!-- This site is optimized with the Yoast SEO plugin v27.0 - https:\/\/yoast.com\/product\/yoast-seo-wordpress\/ -->\n<title>Casa blues free flow<\/title>\n<meta name=\"description\" content=\"Moderns un elegants pamata modelis ar tvaika nos\u016bc\u0113ju Casa blues free flow\" \/>\n<meta name=\"robots\" content=\"index, follow, max-snippet:-1, max-image-preview:large, max-video-preview:-1\" \/>\n<link rel=\"canonical\" href=\"https:\/\/ecowise.lv\/en\/product\/casa-blues-free-flow\/\" \/>\n<meta property=\"og:locale\" content=\"en_US\" \/>\n<meta property=\"og:type\" content=\"article\" \/>\n<meta property=\"og:title\" content=\"Casa blues free flow\" \/>\n<meta property=\"og:description\" content=\"Moderns un elegants pamata modelis ar tvaika nos\u016bc\u0113ju Casa blues free flow\" \/>\n<meta property=\"og:url\" content=\"https:\/\/ecowise.lv\/en\/product\/casa-blues-free-flow\/\" \/>\n<meta property=\"og:site_name\" content=\"Ecowise\" \/>\n<meta property=\"article:modified_time\" content=\"2024-06-13T09:27:11+00:00\" \/>\n<meta property=\"og:image\" content=\"https:\/\/ecowise.lv\/wp-content\/uploads\/2023\/04\/Blues_freeflow_virtuves_nosuce.png\" \/>\n\t<meta property=\"og:image:width\" content=\"600\" \/>\n\t<meta property=\"og:image:height\" content=\"450\" \/>\n\t<meta property=\"og:image:type\" content=\"image\/png\" \/>\n<meta name=\"twitter:card\" content=\"summary_large_image\" \/>\n<meta name=\"twitter:label1\" content=\"Est. reading time\" \/>\n\t<meta name=\"twitter:data1\" content=\"1 minute\" \/>\n<script type=\"application\/ld+json\" class=\"yoast-schema-graph\">{\"@context\":\"https:\/\/schema.org\",\"@graph\":[{\"@type\":\"WebPage\",\"@id\":\"https:\/\/ecowise.lv\/product\/casa-blues-free-flow\/\",\"url\":\"https:\/\/ecowise.lv\/product\/casa-blues-free-flow\/\",\"name\":\"Casa blues free flow\",\"isPartOf\":{\"@id\":\"https:\/\/ecowise.lv\/#website\"},\"primaryImageOfPage\":{\"@id\":\"https:\/\/ecowise.lv\/product\/casa-blues-free-flow\/#primaryimage\"},\"image\":{\"@id\":\"https:\/\/ecowise.lv\/product\/casa-blues-free-flow\/#primaryimage\"},\"thumbnailUrl\":\"https:\/\/ecowise.lv\/wp-content\/uploads\/2023\/04\/Blues_freeflow_virtuves_nosuce.png\",\"datePublished\":\"2023-04-05T13:39:09+00:00\",\"dateModified\":\"2024-06-13T09:27:11+00:00\",\"description\":\"Moderns un elegants pamata modelis ar tvaika nos\u016bc\u0113ju Casa blues free flow\",\"breadcrumb\":{\"@id\":\"https:\/\/ecowise.lv\/product\/casa-blues-free-flow\/#breadcrumb\"},\"inLanguage\":\"en-US\",\"potentialAction\":[{\"@type\":\"ReadAction\",\"target\":[\"https:\/\/ecowise.lv\/product\/casa-blues-free-flow\/\"]}]},{\"@type\":\"ImageObject\",\"inLanguage\":\"en-US\",\"@id\":\"https:\/\/ecowise.lv\/product\/casa-blues-free-flow\/#primaryimage\",\"url\":\"https:\/\/ecowise.lv\/wp-content\/uploads\/2023\/04\/Blues_freeflow_virtuves_nosuce.png\",\"contentUrl\":\"https:\/\/ecowise.lv\/wp-content\/uploads\/2023\/04\/Blues_freeflow_virtuves_nosuce.png\",\"width\":600,\"height\":450},{\"@type\":\"BreadcrumbList\",\"@id\":\"https:\/\/ecowise.lv\/product\/casa-blues-free-flow\/#breadcrumb\",\"itemListElement\":[{\"@type\":\"ListItem\",\"position\":1,\"name\":\"Products\",\"item\":\"https:\/\/ecowise.lv\/shop\/\"},{\"@type\":\"ListItem\",\"position\":2,\"name\":\"CASA Blues Free Flow\"}]},{\"@type\":\"WebSite\",\"@id\":\"https:\/\/ecowise.lv\/#website\",\"url\":\"https:\/\/ecowise.lv\/\",\"name\":\"Ecowise\",\"description\":\"Ener\u0123ijas pat\u0113ri\u0146a samazin\u0101jums\",\"publisher\":{\"@id\":\"https:\/\/ecowise.lv\/#organization\"},\"potentialAction\":[{\"@type\":\"SearchAction\",\"target\":{\"@type\":\"EntryPoint\",\"urlTemplate\":\"https:\/\/ecowise.lv\/?s={search_term_string}\"},\"query-input\":{\"@type\":\"PropertyValueSpecification\",\"valueRequired\":true,\"valueName\":\"search_term_string\"}}],\"inLanguage\":\"en-US\"},{\"@type\":\"Organization\",\"@id\":\"https:\/\/ecowise.lv\/#organization\",\"name\":\"Ecowise\",\"url\":\"https:\/\/ecowise.lv\/\",\"logo\":{\"@type\":\"ImageObject\",\"inLanguage\":\"en-US\",\"@id\":\"https:\/\/ecowise.lv\/#\/schema\/logo\/image\/\",\"url\":\"https:\/\/ecowise.lv\/wp-content\/uploads\/2023\/03\/logo.svg\",\"contentUrl\":\"https:\/\/ecowise.lv\/wp-content\/uploads\/2023\/03\/logo.svg\",\"width\":207,\"height\":27,\"caption\":\"Ecowise\"},\"image\":{\"@id\":\"https:\/\/ecowise.lv\/#\/schema\/logo\/image\/\"}}]}<\/script>\n<!-- \/ Yoast SEO plugin. -->","yoast_head_json":{"title":"Casa blues free flow","description":"Moderns un elegants pamata modelis ar tvaika nos\u016bc\u0113ju Casa blues free flow","robots":{"index":"index","follow":"follow","max-snippet":"max-snippet:-1","max-image-preview":"max-image-preview:large","max-video-preview":"max-video-preview:-1"},"canonical":"https:\/\/ecowise.lv\/en\/product\/casa-blues-free-flow\/","og_locale":"en_US","og_type":"article","og_title":"Casa blues free flow","og_description":"Moderns un elegants pamata modelis ar tvaika nos\u016bc\u0113ju Casa blues free flow","og_url":"https:\/\/ecowise.lv\/en\/product\/casa-blues-free-flow\/","og_site_name":"Ecowise","article_modified_time":"2024-06-13T09:27:11+00:00","og_image":[{"width":600,"height":450,"url":"https:\/\/ecowise.lv\/wp-content\/uploads\/2023\/04\/Blues_freeflow_virtuves_nosuce.png","type":"image\/png"}],"twitter_card":"summary_large_image","twitter_misc":{"Est. reading time":"1 minute"},"schema":{"@context":"https:\/\/schema.org","@graph":[{"@type":"WebPage","@id":"https:\/\/ecowise.lv\/product\/casa-blues-free-flow\/","url":"https:\/\/ecowise.lv\/product\/casa-blues-free-flow\/","name":"Casa blues free flow","isPartOf":{"@id":"https:\/\/ecowise.lv\/#website"},"primaryImageOfPage":{"@id":"https:\/\/ecowise.lv\/product\/casa-blues-free-flow\/#primaryimage"},"image":{"@id":"https:\/\/ecowise.lv\/product\/casa-blues-free-flow\/#primaryimage"},"thumbnailUrl":"https:\/\/ecowise.lv\/wp-content\/uploads\/2023\/04\/Blues_freeflow_virtuves_nosuce.png","datePublished":"2023-04-05T13:39:09+00:00","dateModified":"2024-06-13T09:27:11+00:00","description":"Moderns un elegants pamata modelis ar tvaika nos\u016bc\u0113ju Casa blues free flow","breadcrumb":{"@id":"https:\/\/ecowise.lv\/product\/casa-blues-free-flow\/#breadcrumb"},"inLanguage":"en-US","potentialAction":[{"@type":"ReadAction","target":["https:\/\/ecowise.lv\/product\/casa-blues-free-flow\/"]}]},{"@type":"ImageObject","inLanguage":"en-US","@id":"https:\/\/ecowise.lv\/product\/casa-blues-free-flow\/#primaryimage","url":"https:\/\/ecowise.lv\/wp-content\/uploads\/2023\/04\/Blues_freeflow_virtuves_nosuce.png","contentUrl":"https:\/\/ecowise.lv\/wp-content\/uploads\/2023\/04\/Blues_freeflow_virtuves_nosuce.png","width":600,"height":450},{"@type":"BreadcrumbList","@id":"https:\/\/ecowise.lv\/product\/casa-blues-free-flow\/#breadcrumb","itemListElement":[{"@type":"ListItem","position":1,"name":"Products","item":"https:\/\/ecowise.lv\/shop\/"},{"@type":"ListItem","position":2,"name":"CASA Blues Free Flow"}]},{"@type":"WebSite","@id":"https:\/\/ecowise.lv\/#website","url":"https:\/\/ecowise.lv\/","name":"Ecowise","description":"Ener\u0123ijas pat\u0113ri\u0146a samazin\u0101jums","publisher":{"@id":"https:\/\/ecowise.lv\/#organization"},"potentialAction":[{"@type":"SearchAction","target":{"@type":"EntryPoint","urlTemplate":"https:\/\/ecowise.lv\/?s={search_term_string}"},"query-input":{"@type":"PropertyValueSpecification","valueRequired":true,"valueName":"search_term_string"}}],"inLanguage":"en-US"},{"@type":"Organization","@id":"https:\/\/ecowise.lv\/#organization","name":"Ecowise","url":"https:\/\/ecowise.lv\/","logo":{"@type":"ImageObject","inLanguage":"en-US","@id":"https:\/\/ecowise.lv\/#\/schema\/logo\/image\/","url":"https:\/\/ecowise.lv\/wp-content\/uploads\/2023\/03\/logo.svg","contentUrl":"https:\/\/ecowise.lv\/wp-content\/uploads\/2023\/03\/logo.svg","width":207,"height":27,"caption":"Ecowise"},"image":{"@id":"https:\/\/ecowise.lv\/#\/schema\/logo\/image\/"}}]}},"_links":{"self":[{"href":"https:\/\/ecowise.lv\/en\/wp-json\/wp\/v2\/product\/1323","targetHints":{"allow":["GET"]}}],"collection":[{"href":"https:\/\/ecowise.lv\/en\/wp-json\/wp\/v2\/product"}],"about":[{"href":"https:\/\/ecowise.lv\/en\/wp-json\/wp\/v2\/types\/product"}],"wp:featuredmedia":[{"embeddable":true,"href":"https:\/\/ecowise.lv\/en\/wp-json\/wp\/v2\/media\/4085"}],"wp:attachment":[{"href":"https:\/\/ecowise.lv\/en\/wp-json\/wp\/v2\/media?parent=1323"}],"wp:term":[{"taxonomy":"product_brand","embeddable":true,"href":"https:\/\/ecowise.lv\/en\/wp-json\/wp\/v2\/product_brand?post=1323"},{"taxonomy":"product_cat","embeddable":true,"href":"https:\/\/ecowise.lv\/en\/wp-json\/wp\/v2\/product_cat?post=1323"},{"taxonomy":"product_tag","embeddable":true,"href":"https:\/\/ecowise.lv\/en\/wp-json\/wp\/v2\/product_tag?post=1323"}],"curies":[{"name":"wp","href":"https:\/\/api.w.org\/{rel}","templated":true}]}}