{"id":1320,"date":"2023-04-05T16:39:08","date_gmt":"2023-04-05T13:39:08","guid":{"rendered":"https:\/\/ecowise.lv\/?post_type=product&#038;p=1320"},"modified":"2024-01-02T11:15:26","modified_gmt":"2024-01-02T09:15:26","slug":"casa-rock","status":"publish","type":"product","link":"https:\/\/ecowise.lv\/en\/product\/casa-rock\/","title":{"rendered":"CASA Rock"},"content":{"rendered":"<div class=\"h-margin-bottom-3\">\n<h3 class=\"headline-5 h-text-color-green\">Kitchen Island Extractor for CASA Ventilation Units and Roof Fans<\/h3>\n<ul>\n<li class=\"headline-5 h-text-color-green\">Cooker hood for CASA Smart and Genius air handling units and external roof fans<\/li>\n<li class=\"headline-5 h-text-color-green\">Good odour arresting capability: 75 %, 46 l\/s, 165 m\u00b3\/h.<\/li>\n<li class=\"headline-5 h-text-color-green\">Can be installed on a wall or over the kitchen island.<\/li>\n<li class=\"headline-5 h-text-color-green\">Stainless steel<\/li>\n<li class=\"headline-5 h-text-color-green\">600 and 900 mm, for installation on a wall<\/li>\n<li class=\"headline-5 h-text-color-green\">900 mm, for kitchen island<\/li>\n<\/ul>\n<\/div>\n<p>&nbsp;<\/p>\n<p>CASA ROCK - can be used with Swegon CASA Smart and Genius ventilation units or external roof fans.<\/p>\n<p>CASA ROCK removes cooking fumes outside of the building. It also removes excessive heat and humidity unlike the recirculating kitchen hoods. High odour catching capacity enables efficient fume removal with lower airflows resulting to lower energy consumption, with less pressure difference and lower noise.<\/p>\n<p>When connected to a ventilation unit it uses the fan in the ventilation unit. Therefore there is no need for a separate fan or exhaust ducting for the kitchen hood. This is also creates less sound in the kitchen compared to hoods that have fan inside of them. The ventilation mode can be controlled from the cooker hood (home\/away\/boost) and the ventilation unit automatically compensates for the extracted cooking air preventing negative pressure from occurring in the home. It is also possible to control an older AC ventilation unit using the ITFC transformer available as an accessory.<\/p>\n<p>Cooker hood can also be connected to a separate roof fan, which is the most silent option for the users. It can be directly connected to external EC-fans and to older AC fans with a separate ITFC transformer.<\/p>\n<p>CASA ROCK var uzst\u0101d\u012bt uz sienas vai virs virtuves salas.<\/p>","protected":false},"excerpt":{"rendered":"<h4>Kitchen Island Extractor for CASA Ventilation Units and Roof Fans<\/h4>","protected":false},"featured_media":4134,"template":"","meta":{"_acf_changed":false,"inline_featured_image":false,"_links_to":"","_links_to_target":""},"product_brand":[],"product_cat":[38],"product_tag":[],"class_list":{"0":"post-1320","1":"product","2":"type-product","3":"status-publish","4":"has-post-thumbnail","6":"product_cat-virtuves-nosuceji","8":"first","9":"instock","10":"shipping-taxable","11":"product-type-simple"},"acf":[],"yoast_head":"<!-- This site is optimized with the Yoast SEO plugin v27.0 - https:\/\/yoast.com\/product\/yoast-seo-wordpress\/ -->\n<title>Casa Rock tvaika nos\u016bc\u0113js<\/title>\n<meta name=\"description\" content=\"Tvaika nos\u016bc\u0113js bez ventilatora Casa Rock\" \/>\n<meta name=\"robots\" content=\"index, follow, max-snippet:-1, max-image-preview:large, max-video-preview:-1\" \/>\n<link rel=\"canonical\" href=\"https:\/\/ecowise.lv\/en\/product\/casa-rock\/\" \/>\n<meta property=\"og:locale\" content=\"en_US\" \/>\n<meta property=\"og:type\" content=\"article\" \/>\n<meta property=\"og:title\" content=\"Casa Rock tvaika nos\u016bc\u0113js\" \/>\n<meta property=\"og:description\" content=\"Tvaika nos\u016bc\u0113js bez ventilatora Casa Rock\" \/>\n<meta property=\"og:url\" content=\"https:\/\/ecowise.lv\/en\/product\/casa-rock\/\" \/>\n<meta property=\"og:site_name\" content=\"Ecowise\" \/>\n<meta property=\"article:modified_time\" content=\"2024-01-02T09:15:26+00:00\" \/>\n<meta property=\"og:image\" content=\"https:\/\/ecowise.lv\/wp-content\/uploads\/2023\/04\/Rock_virtuves_nosuce.png\" \/>\n\t<meta property=\"og:image:width\" content=\"600\" \/>\n\t<meta property=\"og:image:height\" content=\"450\" \/>\n\t<meta property=\"og:image:type\" content=\"image\/png\" \/>\n<meta name=\"twitter:card\" content=\"summary_large_image\" \/>\n<meta name=\"twitter:label1\" content=\"Est. reading time\" \/>\n\t<meta name=\"twitter:data1\" content=\"2 minutes\" \/>\n<script type=\"application\/ld+json\" class=\"yoast-schema-graph\">{\"@context\":\"https:\/\/schema.org\",\"@graph\":[{\"@type\":\"WebPage\",\"@id\":\"https:\/\/ecowise.lv\/product\/casa-rock\/\",\"url\":\"https:\/\/ecowise.lv\/product\/casa-rock\/\",\"name\":\"Casa Rock tvaika nos\u016bc\u0113js\",\"isPartOf\":{\"@id\":\"https:\/\/ecowise.lv\/#website\"},\"primaryImageOfPage\":{\"@id\":\"https:\/\/ecowise.lv\/product\/casa-rock\/#primaryimage\"},\"image\":{\"@id\":\"https:\/\/ecowise.lv\/product\/casa-rock\/#primaryimage\"},\"thumbnailUrl\":\"https:\/\/ecowise.lv\/wp-content\/uploads\/2023\/04\/Rock_virtuves_nosuce.png\",\"datePublished\":\"2023-04-05T13:39:08+00:00\",\"dateModified\":\"2024-01-02T09:15:26+00:00\",\"description\":\"Tvaika nos\u016bc\u0113js bez ventilatora Casa Rock\",\"breadcrumb\":{\"@id\":\"https:\/\/ecowise.lv\/product\/casa-rock\/#breadcrumb\"},\"inLanguage\":\"en-US\",\"potentialAction\":[{\"@type\":\"ReadAction\",\"target\":[\"https:\/\/ecowise.lv\/product\/casa-rock\/\"]}]},{\"@type\":\"ImageObject\",\"inLanguage\":\"en-US\",\"@id\":\"https:\/\/ecowise.lv\/product\/casa-rock\/#primaryimage\",\"url\":\"https:\/\/ecowise.lv\/wp-content\/uploads\/2023\/04\/Rock_virtuves_nosuce.png\",\"contentUrl\":\"https:\/\/ecowise.lv\/wp-content\/uploads\/2023\/04\/Rock_virtuves_nosuce.png\",\"width\":600,\"height\":450},{\"@type\":\"BreadcrumbList\",\"@id\":\"https:\/\/ecowise.lv\/product\/casa-rock\/#breadcrumb\",\"itemListElement\":[{\"@type\":\"ListItem\",\"position\":1,\"name\":\"Products\",\"item\":\"https:\/\/ecowise.lv\/shop\/\"},{\"@type\":\"ListItem\",\"position\":2,\"name\":\"CASA Rock\"}]},{\"@type\":\"WebSite\",\"@id\":\"https:\/\/ecowise.lv\/#website\",\"url\":\"https:\/\/ecowise.lv\/\",\"name\":\"Ecowise\",\"description\":\"Ener\u0123ijas pat\u0113ri\u0146a samazin\u0101jums\",\"publisher\":{\"@id\":\"https:\/\/ecowise.lv\/#organization\"},\"potentialAction\":[{\"@type\":\"SearchAction\",\"target\":{\"@type\":\"EntryPoint\",\"urlTemplate\":\"https:\/\/ecowise.lv\/?s={search_term_string}\"},\"query-input\":{\"@type\":\"PropertyValueSpecification\",\"valueRequired\":true,\"valueName\":\"search_term_string\"}}],\"inLanguage\":\"en-US\"},{\"@type\":\"Organization\",\"@id\":\"https:\/\/ecowise.lv\/#organization\",\"name\":\"Ecowise\",\"url\":\"https:\/\/ecowise.lv\/\",\"logo\":{\"@type\":\"ImageObject\",\"inLanguage\":\"en-US\",\"@id\":\"https:\/\/ecowise.lv\/#\/schema\/logo\/image\/\",\"url\":\"https:\/\/ecowise.lv\/wp-content\/uploads\/2023\/03\/logo.svg\",\"contentUrl\":\"https:\/\/ecowise.lv\/wp-content\/uploads\/2023\/03\/logo.svg\",\"width\":207,\"height\":27,\"caption\":\"Ecowise\"},\"image\":{\"@id\":\"https:\/\/ecowise.lv\/#\/schema\/logo\/image\/\"}}]}<\/script>\n<!-- \/ Yoast SEO plugin. -->","yoast_head_json":{"title":"Casa Rock tvaika nos\u016bc\u0113js","description":"Tvaika nos\u016bc\u0113js bez ventilatora Casa Rock","robots":{"index":"index","follow":"follow","max-snippet":"max-snippet:-1","max-image-preview":"max-image-preview:large","max-video-preview":"max-video-preview:-1"},"canonical":"https:\/\/ecowise.lv\/en\/product\/casa-rock\/","og_locale":"en_US","og_type":"article","og_title":"Casa Rock tvaika nos\u016bc\u0113js","og_description":"Tvaika nos\u016bc\u0113js bez ventilatora Casa Rock","og_url":"https:\/\/ecowise.lv\/en\/product\/casa-rock\/","og_site_name":"Ecowise","article_modified_time":"2024-01-02T09:15:26+00:00","og_image":[{"width":600,"height":450,"url":"https:\/\/ecowise.lv\/wp-content\/uploads\/2023\/04\/Rock_virtuves_nosuce.png","type":"image\/png"}],"twitter_card":"summary_large_image","twitter_misc":{"Est. reading time":"2 minutes"},"schema":{"@context":"https:\/\/schema.org","@graph":[{"@type":"WebPage","@id":"https:\/\/ecowise.lv\/product\/casa-rock\/","url":"https:\/\/ecowise.lv\/product\/casa-rock\/","name":"Casa Rock tvaika nos\u016bc\u0113js","isPartOf":{"@id":"https:\/\/ecowise.lv\/#website"},"primaryImageOfPage":{"@id":"https:\/\/ecowise.lv\/product\/casa-rock\/#primaryimage"},"image":{"@id":"https:\/\/ecowise.lv\/product\/casa-rock\/#primaryimage"},"thumbnailUrl":"https:\/\/ecowise.lv\/wp-content\/uploads\/2023\/04\/Rock_virtuves_nosuce.png","datePublished":"2023-04-05T13:39:08+00:00","dateModified":"2024-01-02T09:15:26+00:00","description":"Tvaika nos\u016bc\u0113js bez ventilatora Casa Rock","breadcrumb":{"@id":"https:\/\/ecowise.lv\/product\/casa-rock\/#breadcrumb"},"inLanguage":"en-US","potentialAction":[{"@type":"ReadAction","target":["https:\/\/ecowise.lv\/product\/casa-rock\/"]}]},{"@type":"ImageObject","inLanguage":"en-US","@id":"https:\/\/ecowise.lv\/product\/casa-rock\/#primaryimage","url":"https:\/\/ecowise.lv\/wp-content\/uploads\/2023\/04\/Rock_virtuves_nosuce.png","contentUrl":"https:\/\/ecowise.lv\/wp-content\/uploads\/2023\/04\/Rock_virtuves_nosuce.png","width":600,"height":450},{"@type":"BreadcrumbList","@id":"https:\/\/ecowise.lv\/product\/casa-rock\/#breadcrumb","itemListElement":[{"@type":"ListItem","position":1,"name":"Products","item":"https:\/\/ecowise.lv\/shop\/"},{"@type":"ListItem","position":2,"name":"CASA Rock"}]},{"@type":"WebSite","@id":"https:\/\/ecowise.lv\/#website","url":"https:\/\/ecowise.lv\/","name":"Ecowise","description":"Ener\u0123ijas pat\u0113ri\u0146a samazin\u0101jums","publisher":{"@id":"https:\/\/ecowise.lv\/#organization"},"potentialAction":[{"@type":"SearchAction","target":{"@type":"EntryPoint","urlTemplate":"https:\/\/ecowise.lv\/?s={search_term_string}"},"query-input":{"@type":"PropertyValueSpecification","valueRequired":true,"valueName":"search_term_string"}}],"inLanguage":"en-US"},{"@type":"Organization","@id":"https:\/\/ecowise.lv\/#organization","name":"Ecowise","url":"https:\/\/ecowise.lv\/","logo":{"@type":"ImageObject","inLanguage":"en-US","@id":"https:\/\/ecowise.lv\/#\/schema\/logo\/image\/","url":"https:\/\/ecowise.lv\/wp-content\/uploads\/2023\/03\/logo.svg","contentUrl":"https:\/\/ecowise.lv\/wp-content\/uploads\/2023\/03\/logo.svg","width":207,"height":27,"caption":"Ecowise"},"image":{"@id":"https:\/\/ecowise.lv\/#\/schema\/logo\/image\/"}}]}},"_links":{"self":[{"href":"https:\/\/ecowise.lv\/en\/wp-json\/wp\/v2\/product\/1320","targetHints":{"allow":["GET"]}}],"collection":[{"href":"https:\/\/ecowise.lv\/en\/wp-json\/wp\/v2\/product"}],"about":[{"href":"https:\/\/ecowise.lv\/en\/wp-json\/wp\/v2\/types\/product"}],"wp:featuredmedia":[{"embeddable":true,"href":"https:\/\/ecowise.lv\/en\/wp-json\/wp\/v2\/media\/4134"}],"wp:attachment":[{"href":"https:\/\/ecowise.lv\/en\/wp-json\/wp\/v2\/media?parent=1320"}],"wp:term":[{"taxonomy":"product_brand","embeddable":true,"href":"https:\/\/ecowise.lv\/en\/wp-json\/wp\/v2\/product_brand?post=1320"},{"taxonomy":"product_cat","embeddable":true,"href":"https:\/\/ecowise.lv\/en\/wp-json\/wp\/v2\/product_cat?post=1320"},{"taxonomy":"product_tag","embeddable":true,"href":"https:\/\/ecowise.lv\/en\/wp-json\/wp\/v2\/product_tag?post=1320"}],"curies":[{"name":"wp","href":"https:\/\/api.w.org\/{rel}","templated":true}]}}