{"id":1319,"date":"2023-04-05T16:39:08","date_gmt":"2023-04-05T13:39:08","guid":{"rendered":"https:\/\/ecowise.lv\/?post_type=product&#038;p=1319"},"modified":"2024-06-13T12:30:52","modified_gmt":"2024-06-13T09:30:52","slug":"casa-blues","status":"publish","type":"product","link":"https:\/\/ecowise.lv\/en\/product\/casa-blues\/","title":{"rendered":"CASA Blues Smart"},"content":{"rendered":"<h3>Cooker hood for centralized ventilation systems<\/h3>\n<ul>\n<li>Cooker hood for CASA Smart and Genius air handling units and external roof fans<\/li>\n<li>Very high cooking odour extracting capability. 77%, 30 l\/s, 108 m3\/h<\/li>\n<li>10 hours summer cooling funnction<\/li>\n<li>Capacitive touch buttons<\/li>\n<li>The Safera Stove Guard is available.<\/li>\n<li>Maintenance-free LED lighting, adjustable brightness<\/li>\n<li>Installed in a kitchen cabinet or on the wall with a duct cover<\/li>\n<li>White or stainless steel<\/li>\n<li>width 500 or 600 mm<\/li>\n<\/ul>\n<p>&nbsp;<\/p>\n<p>CASA BLUES SMART cookerhood can be used with Swegon CASA Smart and Genius ventilation units and external roof fans.<\/p>\n<p>CASA BLUES removes cooking fumes outside of the building. It also removes excessive heat and humidity unlike the recirculating kitchen hoods. High odour catching capacity enables efficient fume removal with lower airflows resulting to lower energy consumption, with less pressure difference and lower noise.<\/p>\n<p>When connected to a ventilation unit it uses the fan in the ventilation unit. Therefore there is no need for a separate fan or exhaust ducting for the kitchen hood. This is also creates less sound in the kitchen compared to hoods that have fan inside of them. The ventilation mode can be controlled from the cooker hood (home\/away\/boost) and the ventilation unit automatically compensates for the extracted cooking air preventing negative pressure from occurring in the home. It is also possible to control an older AC ventilation unit using the ITFC transformer available as an accessory.<\/p>\n<p>Cooker hood can also be connected to a separate roof fan, which is the most silent option for the users. It can be directly connected to external EC-fans and to older AC fans with a separate ITFC transformer.<\/p>\n<p>CASA BLUES fits kitchen cabinets of all depths. The smooth surfaces and washproof metal grease filters are easy to keep clean. The lighting in the hood is made up of maintenance-free LED lights with adjustable brightness. The cooker hood with voltage protection (24 V) is equipped with a mains transformer \u2013 its power consumption is therefore low and the hood is always safe for the user. All electrical connections are located above the hood and are therefore quick and easy to connect during the installation phase.<\/p>\n<p>STOVE GUARD - The Blues cooker hood can be equipped with the Safera Safety stove guard. The stove guard helps to protect against the usual kitchen accidents by preventing the cooker from being left unsupervised while in use and cutting the power if you forget to turn off the cooker. On the Safera models of Blues, the stove guard is preinstalled in the cooker hood. In addition to this, a power control unit that is approved for use (3-phase or 1-phase) is needed. Swegon also recommends installing a water leakage monitor (SA1).<\/p>","protected":false},"excerpt":{"rendered":"<h4>Extractor for CASA Ventilation Units and Roof Fans<\/h4>","protected":false},"featured_media":4060,"template":"","meta":{"_acf_changed":false,"inline_featured_image":false,"_links_to":"","_links_to_target":""},"product_brand":[],"product_cat":[38],"product_tag":[],"class_list":{"0":"post-1319","1":"product","2":"type-product","3":"status-publish","4":"has-post-thumbnail","6":"product_cat-virtuves-nosuceji","8":"first","9":"instock","10":"shipping-taxable","11":"product-type-simple"},"acf":[],"yoast_head":"<!-- This site is optimized with the Yoast SEO plugin v27.0 - https:\/\/yoast.com\/product\/yoast-seo-wordpress\/ -->\n<title>Casa Blues tvaika nos\u016bc\u0113js<\/title>\n<meta name=\"description\" content=\"Moderns un elegants tvaika nos\u016bc\u0113js ar LED apgaismojumu Casa Blues\" \/>\n<meta name=\"robots\" content=\"index, follow, max-snippet:-1, max-image-preview:large, max-video-preview:-1\" \/>\n<link rel=\"canonical\" href=\"https:\/\/ecowise.lv\/en\/product\/casa-blues\/\" \/>\n<meta property=\"og:locale\" content=\"en_US\" \/>\n<meta property=\"og:type\" content=\"article\" \/>\n<meta property=\"og:title\" content=\"Casa Blues tvaika nos\u016bc\u0113js\" \/>\n<meta property=\"og:description\" content=\"Moderns un elegants tvaika nos\u016bc\u0113js ar LED apgaismojumu Casa Blues\" \/>\n<meta property=\"og:url\" content=\"https:\/\/ecowise.lv\/en\/product\/casa-blues\/\" \/>\n<meta property=\"og:site_name\" content=\"Ecowise\" \/>\n<meta property=\"article:modified_time\" content=\"2024-06-13T09:30:52+00:00\" \/>\n<meta property=\"og:image\" content=\"https:\/\/ecowise.lv\/wp-content\/uploads\/2023\/04\/CASA_Blues_Smart_Virtuves_nosuce.png\" \/>\n\t<meta property=\"og:image:width\" content=\"600\" \/>\n\t<meta property=\"og:image:height\" content=\"450\" \/>\n\t<meta property=\"og:image:type\" content=\"image\/png\" \/>\n<meta name=\"twitter:card\" content=\"summary_large_image\" \/>\n<meta name=\"twitter:label1\" content=\"Est. reading time\" \/>\n\t<meta name=\"twitter:data1\" content=\"3 minutes\" \/>\n<script type=\"application\/ld+json\" class=\"yoast-schema-graph\">{\"@context\":\"https:\/\/schema.org\",\"@graph\":[{\"@type\":\"WebPage\",\"@id\":\"https:\/\/ecowise.lv\/product\/casa-blues\/\",\"url\":\"https:\/\/ecowise.lv\/product\/casa-blues\/\",\"name\":\"Casa Blues tvaika nos\u016bc\u0113js\",\"isPartOf\":{\"@id\":\"https:\/\/ecowise.lv\/#website\"},\"primaryImageOfPage\":{\"@id\":\"https:\/\/ecowise.lv\/product\/casa-blues\/#primaryimage\"},\"image\":{\"@id\":\"https:\/\/ecowise.lv\/product\/casa-blues\/#primaryimage\"},\"thumbnailUrl\":\"https:\/\/ecowise.lv\/wp-content\/uploads\/2023\/04\/CASA_Blues_Smart_Virtuves_nosuce.png\",\"datePublished\":\"2023-04-05T13:39:08+00:00\",\"dateModified\":\"2024-06-13T09:30:52+00:00\",\"description\":\"Moderns un elegants tvaika nos\u016bc\u0113js ar LED apgaismojumu Casa Blues\",\"breadcrumb\":{\"@id\":\"https:\/\/ecowise.lv\/product\/casa-blues\/#breadcrumb\"},\"inLanguage\":\"en-US\",\"potentialAction\":[{\"@type\":\"ReadAction\",\"target\":[\"https:\/\/ecowise.lv\/product\/casa-blues\/\"]}]},{\"@type\":\"ImageObject\",\"inLanguage\":\"en-US\",\"@id\":\"https:\/\/ecowise.lv\/product\/casa-blues\/#primaryimage\",\"url\":\"https:\/\/ecowise.lv\/wp-content\/uploads\/2023\/04\/CASA_Blues_Smart_Virtuves_nosuce.png\",\"contentUrl\":\"https:\/\/ecowise.lv\/wp-content\/uploads\/2023\/04\/CASA_Blues_Smart_Virtuves_nosuce.png\",\"width\":600,\"height\":450},{\"@type\":\"BreadcrumbList\",\"@id\":\"https:\/\/ecowise.lv\/product\/casa-blues\/#breadcrumb\",\"itemListElement\":[{\"@type\":\"ListItem\",\"position\":1,\"name\":\"Products\",\"item\":\"https:\/\/ecowise.lv\/shop\/\"},{\"@type\":\"ListItem\",\"position\":2,\"name\":\"CASA Blues Smart\"}]},{\"@type\":\"WebSite\",\"@id\":\"https:\/\/ecowise.lv\/#website\",\"url\":\"https:\/\/ecowise.lv\/\",\"name\":\"Ecowise\",\"description\":\"Ener\u0123ijas pat\u0113ri\u0146a samazin\u0101jums\",\"publisher\":{\"@id\":\"https:\/\/ecowise.lv\/#organization\"},\"potentialAction\":[{\"@type\":\"SearchAction\",\"target\":{\"@type\":\"EntryPoint\",\"urlTemplate\":\"https:\/\/ecowise.lv\/?s={search_term_string}\"},\"query-input\":{\"@type\":\"PropertyValueSpecification\",\"valueRequired\":true,\"valueName\":\"search_term_string\"}}],\"inLanguage\":\"en-US\"},{\"@type\":\"Organization\",\"@id\":\"https:\/\/ecowise.lv\/#organization\",\"name\":\"Ecowise\",\"url\":\"https:\/\/ecowise.lv\/\",\"logo\":{\"@type\":\"ImageObject\",\"inLanguage\":\"en-US\",\"@id\":\"https:\/\/ecowise.lv\/#\/schema\/logo\/image\/\",\"url\":\"https:\/\/ecowise.lv\/wp-content\/uploads\/2023\/03\/logo.svg\",\"contentUrl\":\"https:\/\/ecowise.lv\/wp-content\/uploads\/2023\/03\/logo.svg\",\"width\":207,\"height\":27,\"caption\":\"Ecowise\"},\"image\":{\"@id\":\"https:\/\/ecowise.lv\/#\/schema\/logo\/image\/\"}}]}<\/script>\n<!-- \/ Yoast SEO plugin. -->","yoast_head_json":{"title":"Casa Blues tvaika nos\u016bc\u0113js","description":"Moderns un elegants tvaika nos\u016bc\u0113js ar LED apgaismojumu Casa Blues","robots":{"index":"index","follow":"follow","max-snippet":"max-snippet:-1","max-image-preview":"max-image-preview:large","max-video-preview":"max-video-preview:-1"},"canonical":"https:\/\/ecowise.lv\/en\/product\/casa-blues\/","og_locale":"en_US","og_type":"article","og_title":"Casa Blues tvaika nos\u016bc\u0113js","og_description":"Moderns un elegants tvaika nos\u016bc\u0113js ar LED apgaismojumu Casa Blues","og_url":"https:\/\/ecowise.lv\/en\/product\/casa-blues\/","og_site_name":"Ecowise","article_modified_time":"2024-06-13T09:30:52+00:00","og_image":[{"width":600,"height":450,"url":"https:\/\/ecowise.lv\/wp-content\/uploads\/2023\/04\/CASA_Blues_Smart_Virtuves_nosuce.png","type":"image\/png"}],"twitter_card":"summary_large_image","twitter_misc":{"Est. reading time":"3 minutes"},"schema":{"@context":"https:\/\/schema.org","@graph":[{"@type":"WebPage","@id":"https:\/\/ecowise.lv\/product\/casa-blues\/","url":"https:\/\/ecowise.lv\/product\/casa-blues\/","name":"Casa Blues tvaika nos\u016bc\u0113js","isPartOf":{"@id":"https:\/\/ecowise.lv\/#website"},"primaryImageOfPage":{"@id":"https:\/\/ecowise.lv\/product\/casa-blues\/#primaryimage"},"image":{"@id":"https:\/\/ecowise.lv\/product\/casa-blues\/#primaryimage"},"thumbnailUrl":"https:\/\/ecowise.lv\/wp-content\/uploads\/2023\/04\/CASA_Blues_Smart_Virtuves_nosuce.png","datePublished":"2023-04-05T13:39:08+00:00","dateModified":"2024-06-13T09:30:52+00:00","description":"Moderns un elegants tvaika nos\u016bc\u0113js ar LED apgaismojumu Casa Blues","breadcrumb":{"@id":"https:\/\/ecowise.lv\/product\/casa-blues\/#breadcrumb"},"inLanguage":"en-US","potentialAction":[{"@type":"ReadAction","target":["https:\/\/ecowise.lv\/product\/casa-blues\/"]}]},{"@type":"ImageObject","inLanguage":"en-US","@id":"https:\/\/ecowise.lv\/product\/casa-blues\/#primaryimage","url":"https:\/\/ecowise.lv\/wp-content\/uploads\/2023\/04\/CASA_Blues_Smart_Virtuves_nosuce.png","contentUrl":"https:\/\/ecowise.lv\/wp-content\/uploads\/2023\/04\/CASA_Blues_Smart_Virtuves_nosuce.png","width":600,"height":450},{"@type":"BreadcrumbList","@id":"https:\/\/ecowise.lv\/product\/casa-blues\/#breadcrumb","itemListElement":[{"@type":"ListItem","position":1,"name":"Products","item":"https:\/\/ecowise.lv\/shop\/"},{"@type":"ListItem","position":2,"name":"CASA Blues Smart"}]},{"@type":"WebSite","@id":"https:\/\/ecowise.lv\/#website","url":"https:\/\/ecowise.lv\/","name":"Ecowise","description":"Ener\u0123ijas pat\u0113ri\u0146a samazin\u0101jums","publisher":{"@id":"https:\/\/ecowise.lv\/#organization"},"potentialAction":[{"@type":"SearchAction","target":{"@type":"EntryPoint","urlTemplate":"https:\/\/ecowise.lv\/?s={search_term_string}"},"query-input":{"@type":"PropertyValueSpecification","valueRequired":true,"valueName":"search_term_string"}}],"inLanguage":"en-US"},{"@type":"Organization","@id":"https:\/\/ecowise.lv\/#organization","name":"Ecowise","url":"https:\/\/ecowise.lv\/","logo":{"@type":"ImageObject","inLanguage":"en-US","@id":"https:\/\/ecowise.lv\/#\/schema\/logo\/image\/","url":"https:\/\/ecowise.lv\/wp-content\/uploads\/2023\/03\/logo.svg","contentUrl":"https:\/\/ecowise.lv\/wp-content\/uploads\/2023\/03\/logo.svg","width":207,"height":27,"caption":"Ecowise"},"image":{"@id":"https:\/\/ecowise.lv\/#\/schema\/logo\/image\/"}}]}},"_links":{"self":[{"href":"https:\/\/ecowise.lv\/en\/wp-json\/wp\/v2\/product\/1319","targetHints":{"allow":["GET"]}}],"collection":[{"href":"https:\/\/ecowise.lv\/en\/wp-json\/wp\/v2\/product"}],"about":[{"href":"https:\/\/ecowise.lv\/en\/wp-json\/wp\/v2\/types\/product"}],"wp:featuredmedia":[{"embeddable":true,"href":"https:\/\/ecowise.lv\/en\/wp-json\/wp\/v2\/media\/4060"}],"wp:attachment":[{"href":"https:\/\/ecowise.lv\/en\/wp-json\/wp\/v2\/media?parent=1319"}],"wp:term":[{"taxonomy":"product_brand","embeddable":true,"href":"https:\/\/ecowise.lv\/en\/wp-json\/wp\/v2\/product_brand?post=1319"},{"taxonomy":"product_cat","embeddable":true,"href":"https:\/\/ecowise.lv\/en\/wp-json\/wp\/v2\/product_cat?post=1319"},{"taxonomy":"product_tag","embeddable":true,"href":"https:\/\/ecowise.lv\/en\/wp-json\/wp\/v2\/product_tag?post=1319"}],"curies":[{"name":"wp","href":"https:\/\/api.w.org\/{rel}","templated":true}]}}