{"id":1308,"date":"2023-04-05T16:39:03","date_gmt":"2023-04-05T13:39:03","guid":{"rendered":"https:\/\/ecowise.lv\/?post_type=product&#038;p=1308"},"modified":"2025-11-19T22:22:02","modified_gmt":"2025-11-19T20:22:02","slug":"casa-r3-genius","status":"publish","type":"product","link":"https:\/\/ecowise.lv\/en\/product\/casa-r3-genius\/","title":{"rendered":"CASA R3"},"content":{"rendered":"<div class=\"h-margin-bottom-3\">\n<h3 class=\"headline-5 h-text-color-green\">Ventil\u0101cijas iek\u0101rta ar rot\u0113jo\u0161o siltummaini, m\u0101jok\u013ciem l\u012bdz 150 m\u00b2 (25-82 l\/s | 90-295 m3\/h)<\/h3>\n<\/div>\n<div class=\"show-more\">\n<div class=\"show-more__content js-show-more-content\">\n<ul>\n<li>Var uzst\u0101d\u012bt virtuv\u0113 virs tvaika nos\u016bc\u0113ja<\/li>\n<li>Pieejama ar plakan\u0101m vai izliekt\u0101m durv\u012bm<\/li>\n<li>Vad\u012bba no tvaika nos\u016bc\u0113ja vai vad\u012bbas pane\u013ca un mobil\u0101s lietotnes<\/li>\n<li>Can be connected to building automation systems (Modbus)<\/li>\n<li>Gaisa pl\u016bsmas kontrole p\u0113c piepras\u012bjuma (RH, CO2*, VOC*)<\/li>\n<li>Stepless supply air temperature control<\/li>\n<li>Automatic summer and winter function<\/li>\n<li>Izstr\u0101d\u0101ts un p\u0101rbaud\u012bts darbam zieme\u013cu apst\u0101k\u013cos<\/li>\n<li>Wide range of accessories available<\/li>\n<\/ul>\n<p>&nbsp;<\/p>\n<\/div>\n<p><a href=\"https:\/\/casaemanual.com\/\" target=\"_blank\" rel=\"noopener\">E-manual<\/a><\/p>\n<\/div>","protected":false},"excerpt":{"rendered":"<h4 class=\"headline-5 h-text-color-green\">Ventil\u0101cijas iek\u0101rta ar rot\u0113jo\u0161o siltummaini, m\u0101jok\u013ciem l\u012bdz 150 m\u00b2<\/h4>","protected":false},"featured_media":7141,"template":"","meta":{"_acf_changed":false,"inline_featured_image":false,"_links_to":"","_links_to_target":""},"product_brand":[],"product_cat":[37],"product_tag":[],"class_list":{"0":"post-1308","1":"product","2":"type-product","3":"status-publish","4":"has-post-thumbnail","6":"product_cat-ventilacijas-iekartas-2","8":"first","9":"instock","10":"shipping-taxable","11":"product-type-simple"},"acf":[],"yoast_head":"<!-- This site is optimized with the Yoast SEO plugin v27.0 - https:\/\/yoast.com\/product\/yoast-seo-wordpress\/ -->\n<title>CASA R3 Genius<\/title>\n<meta name=\"description\" content=\"Ventil\u0101cijas iek\u0101rta CASA R3 Genius, rot\u0101cijas rekuperators, uzst\u0101d\u0101ma virs virtuves pl\u012bts, pal\u012bgtelp\u0101 vai uz b\u0113ni\u0146iem. Nelielai priv\u0101tm\u0101jai vai dz\u012bvoklim.\" \/>\n<meta name=\"robots\" content=\"index, follow, max-snippet:-1, max-image-preview:large, max-video-preview:-1\" \/>\n<link rel=\"canonical\" href=\"https:\/\/ecowise.lv\/en\/product\/casa-r3-genius\/\" \/>\n<meta property=\"og:locale\" content=\"en_US\" \/>\n<meta property=\"og:type\" content=\"article\" \/>\n<meta property=\"og:title\" content=\"CASA R3 Genius\" \/>\n<meta property=\"og:description\" content=\"Ventil\u0101cijas iek\u0101rta CASA R3 Genius, rot\u0101cijas rekuperators, uzst\u0101d\u0101ma virs virtuves pl\u012bts, pal\u012bgtelp\u0101 vai uz b\u0113ni\u0146iem. Nelielai priv\u0101tm\u0101jai vai dz\u012bvoklim.\" \/>\n<meta property=\"og:url\" content=\"https:\/\/ecowise.lv\/en\/product\/casa-r3-genius\/\" \/>\n<meta property=\"og:site_name\" content=\"Ecowise\" \/>\n<meta property=\"article:modified_time\" content=\"2025-11-19T20:22:02+00:00\" \/>\n<meta property=\"og:image\" content=\"https:\/\/ecowise.lv\/wp-content\/uploads\/2023\/04\/CASAR3_ProductImage_Main.webp\" \/>\n\t<meta property=\"og:image:width\" content=\"1200\" \/>\n\t<meta property=\"og:image:height\" content=\"900\" \/>\n\t<meta property=\"og:image:type\" content=\"image\/webp\" \/>\n<meta name=\"twitter:card\" content=\"summary_large_image\" \/>\n<meta name=\"twitter:label1\" content=\"Est. reading time\" \/>\n\t<meta name=\"twitter:data1\" content=\"1 minute\" \/>\n<script type=\"application\/ld+json\" class=\"yoast-schema-graph\">{\"@context\":\"https:\/\/schema.org\",\"@graph\":[{\"@type\":\"WebPage\",\"@id\":\"https:\/\/ecowise.lv\/product\/casa-r3-genius\/\",\"url\":\"https:\/\/ecowise.lv\/product\/casa-r3-genius\/\",\"name\":\"CASA R3 Genius\",\"isPartOf\":{\"@id\":\"https:\/\/ecowise.lv\/#website\"},\"primaryImageOfPage\":{\"@id\":\"https:\/\/ecowise.lv\/product\/casa-r3-genius\/#primaryimage\"},\"image\":{\"@id\":\"https:\/\/ecowise.lv\/product\/casa-r3-genius\/#primaryimage\"},\"thumbnailUrl\":\"https:\/\/ecowise.lv\/wp-content\/uploads\/2023\/04\/CASAR3_ProductImage_Main.webp\",\"datePublished\":\"2023-04-05T13:39:03+00:00\",\"dateModified\":\"2025-11-19T20:22:02+00:00\",\"description\":\"Ventil\u0101cijas iek\u0101rta CASA R3 Genius, rot\u0101cijas rekuperators, uzst\u0101d\u0101ma virs virtuves pl\u012bts, pal\u012bgtelp\u0101 vai uz b\u0113ni\u0146iem. Nelielai priv\u0101tm\u0101jai vai dz\u012bvoklim.\",\"breadcrumb\":{\"@id\":\"https:\/\/ecowise.lv\/product\/casa-r3-genius\/#breadcrumb\"},\"inLanguage\":\"en-US\",\"potentialAction\":[{\"@type\":\"ReadAction\",\"target\":[\"https:\/\/ecowise.lv\/product\/casa-r3-genius\/\"]}]},{\"@type\":\"ImageObject\",\"inLanguage\":\"en-US\",\"@id\":\"https:\/\/ecowise.lv\/product\/casa-r3-genius\/#primaryimage\",\"url\":\"https:\/\/ecowise.lv\/wp-content\/uploads\/2023\/04\/CASAR3_ProductImage_Main.webp\",\"contentUrl\":\"https:\/\/ecowise.lv\/wp-content\/uploads\/2023\/04\/CASAR3_ProductImage_Main.webp\",\"width\":1200,\"height\":900},{\"@type\":\"BreadcrumbList\",\"@id\":\"https:\/\/ecowise.lv\/product\/casa-r3-genius\/#breadcrumb\",\"itemListElement\":[{\"@type\":\"ListItem\",\"position\":1,\"name\":\"Products\",\"item\":\"https:\/\/ecowise.lv\/shop\/\"},{\"@type\":\"ListItem\",\"position\":2,\"name\":\"CASA R3\"}]},{\"@type\":\"WebSite\",\"@id\":\"https:\/\/ecowise.lv\/#website\",\"url\":\"https:\/\/ecowise.lv\/\",\"name\":\"Ecowise\",\"description\":\"Ener\u0123ijas pat\u0113ri\u0146a samazin\u0101jums\",\"publisher\":{\"@id\":\"https:\/\/ecowise.lv\/#organization\"},\"potentialAction\":[{\"@type\":\"SearchAction\",\"target\":{\"@type\":\"EntryPoint\",\"urlTemplate\":\"https:\/\/ecowise.lv\/?s={search_term_string}\"},\"query-input\":{\"@type\":\"PropertyValueSpecification\",\"valueRequired\":true,\"valueName\":\"search_term_string\"}}],\"inLanguage\":\"en-US\"},{\"@type\":\"Organization\",\"@id\":\"https:\/\/ecowise.lv\/#organization\",\"name\":\"Ecowise\",\"url\":\"https:\/\/ecowise.lv\/\",\"logo\":{\"@type\":\"ImageObject\",\"inLanguage\":\"en-US\",\"@id\":\"https:\/\/ecowise.lv\/#\/schema\/logo\/image\/\",\"url\":\"https:\/\/ecowise.lv\/wp-content\/uploads\/2023\/03\/logo.svg\",\"contentUrl\":\"https:\/\/ecowise.lv\/wp-content\/uploads\/2023\/03\/logo.svg\",\"width\":207,\"height\":27,\"caption\":\"Ecowise\"},\"image\":{\"@id\":\"https:\/\/ecowise.lv\/#\/schema\/logo\/image\/\"}}]}<\/script>\n<!-- \/ Yoast SEO plugin. -->","yoast_head_json":{"title":"CASA R3 Genius","description":"Ventil\u0101cijas iek\u0101rta CASA R3 Genius, rot\u0101cijas rekuperators, uzst\u0101d\u0101ma virs virtuves pl\u012bts, pal\u012bgtelp\u0101 vai uz b\u0113ni\u0146iem. Nelielai priv\u0101tm\u0101jai vai dz\u012bvoklim.","robots":{"index":"index","follow":"follow","max-snippet":"max-snippet:-1","max-image-preview":"max-image-preview:large","max-video-preview":"max-video-preview:-1"},"canonical":"https:\/\/ecowise.lv\/en\/product\/casa-r3-genius\/","og_locale":"en_US","og_type":"article","og_title":"CASA R3 Genius","og_description":"Ventil\u0101cijas iek\u0101rta CASA R3 Genius, rot\u0101cijas rekuperators, uzst\u0101d\u0101ma virs virtuves pl\u012bts, pal\u012bgtelp\u0101 vai uz b\u0113ni\u0146iem. Nelielai priv\u0101tm\u0101jai vai dz\u012bvoklim.","og_url":"https:\/\/ecowise.lv\/en\/product\/casa-r3-genius\/","og_site_name":"Ecowise","article_modified_time":"2025-11-19T20:22:02+00:00","og_image":[{"width":1200,"height":900,"url":"https:\/\/ecowise.lv\/wp-content\/uploads\/2023\/04\/CASAR3_ProductImage_Main.webp","type":"image\/webp"}],"twitter_card":"summary_large_image","twitter_misc":{"Est. reading time":"1 minute"},"schema":{"@context":"https:\/\/schema.org","@graph":[{"@type":"WebPage","@id":"https:\/\/ecowise.lv\/product\/casa-r3-genius\/","url":"https:\/\/ecowise.lv\/product\/casa-r3-genius\/","name":"CASA R3 Genius","isPartOf":{"@id":"https:\/\/ecowise.lv\/#website"},"primaryImageOfPage":{"@id":"https:\/\/ecowise.lv\/product\/casa-r3-genius\/#primaryimage"},"image":{"@id":"https:\/\/ecowise.lv\/product\/casa-r3-genius\/#primaryimage"},"thumbnailUrl":"https:\/\/ecowise.lv\/wp-content\/uploads\/2023\/04\/CASAR3_ProductImage_Main.webp","datePublished":"2023-04-05T13:39:03+00:00","dateModified":"2025-11-19T20:22:02+00:00","description":"Ventil\u0101cijas iek\u0101rta CASA R3 Genius, rot\u0101cijas rekuperators, uzst\u0101d\u0101ma virs virtuves pl\u012bts, pal\u012bgtelp\u0101 vai uz b\u0113ni\u0146iem. Nelielai priv\u0101tm\u0101jai vai dz\u012bvoklim.","breadcrumb":{"@id":"https:\/\/ecowise.lv\/product\/casa-r3-genius\/#breadcrumb"},"inLanguage":"en-US","potentialAction":[{"@type":"ReadAction","target":["https:\/\/ecowise.lv\/product\/casa-r3-genius\/"]}]},{"@type":"ImageObject","inLanguage":"en-US","@id":"https:\/\/ecowise.lv\/product\/casa-r3-genius\/#primaryimage","url":"https:\/\/ecowise.lv\/wp-content\/uploads\/2023\/04\/CASAR3_ProductImage_Main.webp","contentUrl":"https:\/\/ecowise.lv\/wp-content\/uploads\/2023\/04\/CASAR3_ProductImage_Main.webp","width":1200,"height":900},{"@type":"BreadcrumbList","@id":"https:\/\/ecowise.lv\/product\/casa-r3-genius\/#breadcrumb","itemListElement":[{"@type":"ListItem","position":1,"name":"Products","item":"https:\/\/ecowise.lv\/shop\/"},{"@type":"ListItem","position":2,"name":"CASA R3"}]},{"@type":"WebSite","@id":"https:\/\/ecowise.lv\/#website","url":"https:\/\/ecowise.lv\/","name":"Ecowise","description":"Ener\u0123ijas pat\u0113ri\u0146a samazin\u0101jums","publisher":{"@id":"https:\/\/ecowise.lv\/#organization"},"potentialAction":[{"@type":"SearchAction","target":{"@type":"EntryPoint","urlTemplate":"https:\/\/ecowise.lv\/?s={search_term_string}"},"query-input":{"@type":"PropertyValueSpecification","valueRequired":true,"valueName":"search_term_string"}}],"inLanguage":"en-US"},{"@type":"Organization","@id":"https:\/\/ecowise.lv\/#organization","name":"Ecowise","url":"https:\/\/ecowise.lv\/","logo":{"@type":"ImageObject","inLanguage":"en-US","@id":"https:\/\/ecowise.lv\/#\/schema\/logo\/image\/","url":"https:\/\/ecowise.lv\/wp-content\/uploads\/2023\/03\/logo.svg","contentUrl":"https:\/\/ecowise.lv\/wp-content\/uploads\/2023\/03\/logo.svg","width":207,"height":27,"caption":"Ecowise"},"image":{"@id":"https:\/\/ecowise.lv\/#\/schema\/logo\/image\/"}}]}},"_links":{"self":[{"href":"https:\/\/ecowise.lv\/en\/wp-json\/wp\/v2\/product\/1308","targetHints":{"allow":["GET"]}}],"collection":[{"href":"https:\/\/ecowise.lv\/en\/wp-json\/wp\/v2\/product"}],"about":[{"href":"https:\/\/ecowise.lv\/en\/wp-json\/wp\/v2\/types\/product"}],"wp:featuredmedia":[{"embeddable":true,"href":"https:\/\/ecowise.lv\/en\/wp-json\/wp\/v2\/media\/7141"}],"wp:attachment":[{"href":"https:\/\/ecowise.lv\/en\/wp-json\/wp\/v2\/media?parent=1308"}],"wp:term":[{"taxonomy":"product_brand","embeddable":true,"href":"https:\/\/ecowise.lv\/en\/wp-json\/wp\/v2\/product_brand?post=1308"},{"taxonomy":"product_cat","embeddable":true,"href":"https:\/\/ecowise.lv\/en\/wp-json\/wp\/v2\/product_cat?post=1308"},{"taxonomy":"product_tag","embeddable":true,"href":"https:\/\/ecowise.lv\/en\/wp-json\/wp\/v2\/product_tag?post=1308"}],"curies":[{"name":"wp","href":"https:\/\/api.w.org\/{rel}","templated":true}]}}