{"id":1286,"date":"2023-04-05T16:38:59","date_gmt":"2023-04-05T13:38:59","guid":{"rendered":"https:\/\/ecowise.lv\/?post_type=product&#038;p=1286"},"modified":"2024-02-21T11:40:30","modified_gmt":"2024-02-21T09:40:30","slug":"orto","status":"publish","type":"product","link":"https:\/\/ecowise.lv\/en\/product\/orto\/","title":{"rendered":"ORTO"},"content":{"rendered":"<h3>Sound attenuating transfer unit<\/h3>\n<ul>\n<li>For the transfer of air through a wall<\/li>\n<li>Fits in a rectangular wall opening<\/li>\n<li>Simple to install<\/li>\n<li>Designed for installation above a door<\/li>\n<li>Accessories:\n<ul>\n<li>VGR telescopic wall sleeve<\/li>\n<\/ul>\n<\/li>\n<li>Standard colour White RAL 9003\n<ul>\n<li>5 alternative standard colours<\/li>\n<li>Other colours upon request<\/li>\n<\/ul>\n<\/li>\n<\/ul>\n<p>&nbsp;<\/p>\n<table style=\"height: 235px;\" width=\"1004\">\n<tbody>\n<tr>\n<td class=\"bold v-align-bottom h-align-center\" colspan=\"9\"><strong>GAISA PL\u016aSMA \u2013 SPIEDIENA KRITIENS \u2013 Rw<\/strong><\/td>\n<\/tr>\n<tr>\n<td class=\"bold v-align-bottom h-align-left\" rowspan=\"2\"><strong>ORTO<\/strong><br \/>\n<strong>Size<\/strong><\/td>\n<td class=\"bold v-align-bottom h-align-left\" rowspan=\"2\">\n<div class=\"gtx-body\"><strong>Caurums sien\u0101 (mm)<\/strong><\/div>\n<\/td>\n<td class=\"bold v-align-bottom h-align-center\" colspan=\"2\"><strong>10 Pa<\/strong><\/td>\n<td class=\"bold v-align-bottom h-align-center\" colspan=\"2\"><strong>15 Pa<\/strong><\/td>\n<td class=\"bold v-align-bottom h-align-center\" colspan=\"2\"><strong>20 Pa<\/strong><\/td>\n<td class=\"bold v-align-bottom h-align-left\" rowspan=\"2\"><strong>Rw=Dn,ew (dB)<\/strong><\/td>\n<\/tr>\n<tr>\n<td class=\"bold v-align-bottom h-align-left\"><strong>l\/s<\/strong><\/td>\n<td class=\"bold v-align-bottom h-align-left\"><strong>m3\/h<\/strong><\/td>\n<td class=\"bold v-align-bottom h-align-left\"><strong>l\/s<\/strong><\/td>\n<td class=\"bold v-align-bottom h-align-left\"><strong>m3\/h<\/strong><\/td>\n<td class=\"bold v-align-bottom h-align-left\"><strong>l\/s<\/strong><\/td>\n<td class=\"bold v-align-bottom h-align-left\"><strong>m3\/h<\/strong><\/td>\n<\/tr>\n<tr>\n<td class=\"v-align-bottom h-align-left\">300<\/td>\n<td class=\"v-align-bottom h-align-left\">300&#215;50<\/td>\n<td class=\"v-align-bottom h-align-left\">27<\/td>\n<td class=\"v-align-bottom h-align-left\">97<\/td>\n<td class=\"v-align-bottom h-align-left\">32<\/td>\n<td class=\"v-align-bottom h-align-left\">115<\/td>\n<td class=\"v-align-bottom h-align-left\">37<\/td>\n<td class=\"v-align-bottom h-align-left\">133<\/td>\n<td class=\"v-align-bottom h-align-left\">46<\/td>\n<\/tr>\n<tr>\n<td class=\"v-align-bottom h-align-left\">500<\/td>\n<td class=\"v-align-bottom h-align-left\">500&#215;50<\/td>\n<td class=\"v-align-bottom h-align-left\">43<\/td>\n<td class=\"v-align-bottom h-align-left\">155<\/td>\n<td class=\"v-align-bottom h-align-left\">52<\/td>\n<td class=\"v-align-bottom h-align-left\">187<\/td>\n<td class=\"v-align-bottom h-align-left\">61<\/td>\n<td class=\"v-align-bottom h-align-left\">220<\/td>\n<td class=\"v-align-bottom h-align-left\">43<\/td>\n<\/tr>\n<tr>\n<td class=\"v-align-bottom h-align-left\">700<\/td>\n<td class=\"v-align-bottom h-align-left\">700&#215;50<\/td>\n<td class=\"v-align-bottom h-align-left\">62<\/td>\n<td class=\"v-align-bottom h-align-left\">223<\/td>\n<td class=\"v-align-bottom h-align-left\">74<\/td>\n<td class=\"v-align-bottom h-align-left\">266<\/td>\n<td class=\"v-align-bottom h-align-left\">89<\/td>\n<td class=\"v-align-bottom h-align-left\">320<\/td>\n<td class=\"v-align-bottom h-align-left\">40<\/td>\n<\/tr>\n<tr>\n<td class=\"v-align-bottom h-align-left\">800<\/td>\n<td class=\"v-align-bottom h-align-left\">800&#215;50<\/td>\n<td class=\"v-align-bottom h-align-left\">74<\/td>\n<td class=\"v-align-bottom h-align-left\">266<\/td>\n<td class=\"v-align-bottom h-align-left\">88<\/td>\n<td class=\"v-align-bottom h-align-left\">317<\/td>\n<td class=\"v-align-bottom h-align-left\">105<\/td>\n<td class=\"v-align-bottom h-align-left\">378<\/td>\n<td class=\"v-align-bottom h-align-left\">40<\/td>\n<\/tr>\n<tr>\n<td class=\"v-align-bottom h-align-left\" colspan=\"9\">\n<div class=\"gtx-body\">Dati attiecas uz uzst\u0101d\u012b\u0161anu 100 mm biez\u0101 rad\u017eot\u0101 sien\u0101 ar 10 m\u00b2 p\u0101rraides laukumu. Viens p\u0101rneses difuzors katr\u0101 sienas pus\u0113.<\/div>\n<\/td>\n<\/tr>\n<\/tbody>\n<\/table>","protected":false},"excerpt":{"rendered":"<h4>Overflow Diffuser<\/h4>\n<h4>300, 500, 700, 800, =&gt; 115 l\/s<\/h4>\n<p>&nbsp;<\/p>","protected":false},"featured_media":2234,"template":"","meta":{"_acf_changed":false,"inline_featured_image":false,"_links_to":"","_links_to_target":""},"product_brand":[],"product_cat":[66],"product_tag":[],"class_list":{"0":"post-1286","1":"product","2":"type-product","3":"status-publish","4":"has-post-thumbnail","6":"product_cat-gaisa-parpludes","8":"first","9":"instock","10":"shipping-taxable","11":"product-type-simple"},"acf":[],"yoast_head":"<!-- This site is optimized with the Yoast SEO plugin v27.0 - https:\/\/yoast.com\/product\/yoast-seo-wordpress\/ -->\n<title>ORTO<\/title>\n<meta name=\"description\" content=\"Ska\u0146as v\u0101jino\u0161\u0101 p\u0101rs\u016bt\u012b\u0161anas ier\u012bce ORTO\" \/>\n<meta name=\"robots\" content=\"index, follow, max-snippet:-1, max-image-preview:large, max-video-preview:-1\" \/>\n<link rel=\"canonical\" href=\"https:\/\/ecowise.lv\/en\/product\/orto\/\" \/>\n<meta property=\"og:locale\" content=\"en_US\" \/>\n<meta property=\"og:type\" content=\"article\" \/>\n<meta property=\"og:title\" content=\"ORTO\" \/>\n<meta property=\"og:description\" content=\"Ska\u0146as v\u0101jino\u0161\u0101 p\u0101rs\u016bt\u012b\u0161anas ier\u012bce ORTO\" \/>\n<meta property=\"og:url\" content=\"https:\/\/ecowise.lv\/en\/product\/orto\/\" \/>\n<meta property=\"og:site_name\" content=\"Ecowise\" \/>\n<meta property=\"article:modified_time\" content=\"2024-02-21T09:40:30+00:00\" \/>\n<meta property=\"og:image\" content=\"https:\/\/ecowise.lv\/wp-content\/uploads\/2023\/04\/orto-productimage.jpg\" \/>\n\t<meta property=\"og:image:width\" content=\"768\" \/>\n\t<meta property=\"og:image:height\" content=\"576\" \/>\n\t<meta property=\"og:image:type\" content=\"image\/jpeg\" \/>\n<meta name=\"twitter:card\" content=\"summary_large_image\" \/>\n<meta name=\"twitter:label1\" content=\"Est. reading time\" \/>\n\t<meta name=\"twitter:data1\" content=\"1 minute\" \/>\n<script type=\"application\/ld+json\" class=\"yoast-schema-graph\">{\"@context\":\"https:\/\/schema.org\",\"@graph\":[{\"@type\":\"WebPage\",\"@id\":\"https:\/\/ecowise.lv\/product\/orto\/\",\"url\":\"https:\/\/ecowise.lv\/product\/orto\/\",\"name\":\"ORTO\",\"isPartOf\":{\"@id\":\"https:\/\/ecowise.lv\/#website\"},\"primaryImageOfPage\":{\"@id\":\"https:\/\/ecowise.lv\/product\/orto\/#primaryimage\"},\"image\":{\"@id\":\"https:\/\/ecowise.lv\/product\/orto\/#primaryimage\"},\"thumbnailUrl\":\"https:\/\/ecowise.lv\/wp-content\/uploads\/2023\/04\/orto-productimage.jpg\",\"datePublished\":\"2023-04-05T13:38:59+00:00\",\"dateModified\":\"2024-02-21T09:40:30+00:00\",\"description\":\"Ska\u0146as v\u0101jino\u0161\u0101 p\u0101rs\u016bt\u012b\u0161anas ier\u012bce ORTO\",\"breadcrumb\":{\"@id\":\"https:\/\/ecowise.lv\/product\/orto\/#breadcrumb\"},\"inLanguage\":\"en-US\",\"potentialAction\":[{\"@type\":\"ReadAction\",\"target\":[\"https:\/\/ecowise.lv\/product\/orto\/\"]}]},{\"@type\":\"ImageObject\",\"inLanguage\":\"en-US\",\"@id\":\"https:\/\/ecowise.lv\/product\/orto\/#primaryimage\",\"url\":\"https:\/\/ecowise.lv\/wp-content\/uploads\/2023\/04\/orto-productimage.jpg\",\"contentUrl\":\"https:\/\/ecowise.lv\/wp-content\/uploads\/2023\/04\/orto-productimage.jpg\",\"width\":768,\"height\":576},{\"@type\":\"BreadcrumbList\",\"@id\":\"https:\/\/ecowise.lv\/product\/orto\/#breadcrumb\",\"itemListElement\":[{\"@type\":\"ListItem\",\"position\":1,\"name\":\"Products\",\"item\":\"https:\/\/ecowise.lv\/shop\/\"},{\"@type\":\"ListItem\",\"position\":2,\"name\":\"ORTO\"}]},{\"@type\":\"WebSite\",\"@id\":\"https:\/\/ecowise.lv\/#website\",\"url\":\"https:\/\/ecowise.lv\/\",\"name\":\"Ecowise\",\"description\":\"Ener\u0123ijas pat\u0113ri\u0146a samazin\u0101jums\",\"publisher\":{\"@id\":\"https:\/\/ecowise.lv\/#organization\"},\"potentialAction\":[{\"@type\":\"SearchAction\",\"target\":{\"@type\":\"EntryPoint\",\"urlTemplate\":\"https:\/\/ecowise.lv\/?s={search_term_string}\"},\"query-input\":{\"@type\":\"PropertyValueSpecification\",\"valueRequired\":true,\"valueName\":\"search_term_string\"}}],\"inLanguage\":\"en-US\"},{\"@type\":\"Organization\",\"@id\":\"https:\/\/ecowise.lv\/#organization\",\"name\":\"Ecowise\",\"url\":\"https:\/\/ecowise.lv\/\",\"logo\":{\"@type\":\"ImageObject\",\"inLanguage\":\"en-US\",\"@id\":\"https:\/\/ecowise.lv\/#\/schema\/logo\/image\/\",\"url\":\"https:\/\/ecowise.lv\/wp-content\/uploads\/2023\/03\/logo.svg\",\"contentUrl\":\"https:\/\/ecowise.lv\/wp-content\/uploads\/2023\/03\/logo.svg\",\"width\":207,\"height\":27,\"caption\":\"Ecowise\"},\"image\":{\"@id\":\"https:\/\/ecowise.lv\/#\/schema\/logo\/image\/\"}}]}<\/script>\n<!-- \/ Yoast SEO plugin. -->","yoast_head_json":{"title":"ORTO","description":"Ska\u0146as v\u0101jino\u0161\u0101 p\u0101rs\u016bt\u012b\u0161anas ier\u012bce ORTO","robots":{"index":"index","follow":"follow","max-snippet":"max-snippet:-1","max-image-preview":"max-image-preview:large","max-video-preview":"max-video-preview:-1"},"canonical":"https:\/\/ecowise.lv\/en\/product\/orto\/","og_locale":"en_US","og_type":"article","og_title":"ORTO","og_description":"Ska\u0146as v\u0101jino\u0161\u0101 p\u0101rs\u016bt\u012b\u0161anas ier\u012bce ORTO","og_url":"https:\/\/ecowise.lv\/en\/product\/orto\/","og_site_name":"Ecowise","article_modified_time":"2024-02-21T09:40:30+00:00","og_image":[{"width":768,"height":576,"url":"https:\/\/ecowise.lv\/wp-content\/uploads\/2023\/04\/orto-productimage.jpg","type":"image\/jpeg"}],"twitter_card":"summary_large_image","twitter_misc":{"Est. reading time":"1 minute"},"schema":{"@context":"https:\/\/schema.org","@graph":[{"@type":"WebPage","@id":"https:\/\/ecowise.lv\/product\/orto\/","url":"https:\/\/ecowise.lv\/product\/orto\/","name":"ORTO","isPartOf":{"@id":"https:\/\/ecowise.lv\/#website"},"primaryImageOfPage":{"@id":"https:\/\/ecowise.lv\/product\/orto\/#primaryimage"},"image":{"@id":"https:\/\/ecowise.lv\/product\/orto\/#primaryimage"},"thumbnailUrl":"https:\/\/ecowise.lv\/wp-content\/uploads\/2023\/04\/orto-productimage.jpg","datePublished":"2023-04-05T13:38:59+00:00","dateModified":"2024-02-21T09:40:30+00:00","description":"Ska\u0146as v\u0101jino\u0161\u0101 p\u0101rs\u016bt\u012b\u0161anas ier\u012bce ORTO","breadcrumb":{"@id":"https:\/\/ecowise.lv\/product\/orto\/#breadcrumb"},"inLanguage":"en-US","potentialAction":[{"@type":"ReadAction","target":["https:\/\/ecowise.lv\/product\/orto\/"]}]},{"@type":"ImageObject","inLanguage":"en-US","@id":"https:\/\/ecowise.lv\/product\/orto\/#primaryimage","url":"https:\/\/ecowise.lv\/wp-content\/uploads\/2023\/04\/orto-productimage.jpg","contentUrl":"https:\/\/ecowise.lv\/wp-content\/uploads\/2023\/04\/orto-productimage.jpg","width":768,"height":576},{"@type":"BreadcrumbList","@id":"https:\/\/ecowise.lv\/product\/orto\/#breadcrumb","itemListElement":[{"@type":"ListItem","position":1,"name":"Products","item":"https:\/\/ecowise.lv\/shop\/"},{"@type":"ListItem","position":2,"name":"ORTO"}]},{"@type":"WebSite","@id":"https:\/\/ecowise.lv\/#website","url":"https:\/\/ecowise.lv\/","name":"Ecowise","description":"Ener\u0123ijas pat\u0113ri\u0146a samazin\u0101jums","publisher":{"@id":"https:\/\/ecowise.lv\/#organization"},"potentialAction":[{"@type":"SearchAction","target":{"@type":"EntryPoint","urlTemplate":"https:\/\/ecowise.lv\/?s={search_term_string}"},"query-input":{"@type":"PropertyValueSpecification","valueRequired":true,"valueName":"search_term_string"}}],"inLanguage":"en-US"},{"@type":"Organization","@id":"https:\/\/ecowise.lv\/#organization","name":"Ecowise","url":"https:\/\/ecowise.lv\/","logo":{"@type":"ImageObject","inLanguage":"en-US","@id":"https:\/\/ecowise.lv\/#\/schema\/logo\/image\/","url":"https:\/\/ecowise.lv\/wp-content\/uploads\/2023\/03\/logo.svg","contentUrl":"https:\/\/ecowise.lv\/wp-content\/uploads\/2023\/03\/logo.svg","width":207,"height":27,"caption":"Ecowise"},"image":{"@id":"https:\/\/ecowise.lv\/#\/schema\/logo\/image\/"}}]}},"_links":{"self":[{"href":"https:\/\/ecowise.lv\/en\/wp-json\/wp\/v2\/product\/1286","targetHints":{"allow":["GET"]}}],"collection":[{"href":"https:\/\/ecowise.lv\/en\/wp-json\/wp\/v2\/product"}],"about":[{"href":"https:\/\/ecowise.lv\/en\/wp-json\/wp\/v2\/types\/product"}],"wp:featuredmedia":[{"embeddable":true,"href":"https:\/\/ecowise.lv\/en\/wp-json\/wp\/v2\/media\/2234"}],"wp:attachment":[{"href":"https:\/\/ecowise.lv\/en\/wp-json\/wp\/v2\/media?parent=1286"}],"wp:term":[{"taxonomy":"product_brand","embeddable":true,"href":"https:\/\/ecowise.lv\/en\/wp-json\/wp\/v2\/product_brand?post=1286"},{"taxonomy":"product_cat","embeddable":true,"href":"https:\/\/ecowise.lv\/en\/wp-json\/wp\/v2\/product_cat?post=1286"},{"taxonomy":"product_tag","embeddable":true,"href":"https:\/\/ecowise.lv\/en\/wp-json\/wp\/v2\/product_tag?post=1286"}],"curies":[{"name":"wp","href":"https:\/\/api.w.org\/{rel}","templated":true}]}}