{"id":1279,"date":"2023-04-05T16:38:55","date_gmt":"2023-04-05T13:38:55","guid":{"rendered":"https:\/\/ecowise.lv\/?post_type=product&#038;p=1279"},"modified":"2024-03-22T14:44:24","modified_gmt":"2024-03-22T12:44:24","slug":"dri","status":"publish","type":"product","link":"https:\/\/ecowise.lv\/en\/product\/dri\/","title":{"rendered":"DRI"},"content":{"rendered":"<h3>Low-flow air distributor<\/h3>\n<ul>\n<li>Adjustable spread pattern and affected zone<\/li>\n<li>Suitable for all types of rooms<\/li>\n<li>Air volume measuring point<\/li>\n<li>Very easy to recess into the wall<\/li>\n<li>Cleanable<\/li>\n<li>Concealed fastening<\/li>\n<li>Standard colour White RAL 9003\n<ul>\n<li>5 alternative standard colours<\/li>\n<li>Other colours upon request<\/li>\n<\/ul>\n<\/li>\n<\/ul>\n<p>&nbsp;<\/p>\n<table>\n<tbody>\n<tr>\n<td class=\"bold v-align-bottom h-align-center\" colspan=\"7\">\n<div class=\"gtx-body\"><strong>LIEL\u0100 ISTABA<\/strong><\/div>\n<div class=\"gtx-body\"><strong>Ska\u0146as spiediena telpa (Lp150A) *)<\/strong><\/div>\n<\/td>\n<\/tr>\n<tr>\n<td class=\"bold v-align-middle h-align-left\" rowspan=\"2\"><strong>DRI<\/strong><br \/>\n<strong>Size<\/strong><\/td>\n<td class=\"bold v-align-middle h-align-center\" colspan=\"2\"><strong>25 dB(A)<\/strong><\/td>\n<td class=\"bold v-align-middle h-align-center\" colspan=\"2\"><strong>30 dB(A)<\/strong><\/td>\n<td class=\"bold v-align-middle h-align-center\" colspan=\"2\"><strong>35 dB(A)<\/strong><\/td>\n<\/tr>\n<tr>\n<td class=\"bold v-align-middle h-align-center\"><strong>l\/s<\/strong><\/td>\n<td class=\"bold v-align-middle h-align-center\"><strong>m3\/h<\/strong><\/td>\n<td class=\"bold v-align-middle h-align-center\"><strong>l\/s<\/strong><\/td>\n<td class=\"bold v-align-middle h-align-center\"><strong>m3\/h<\/strong><\/td>\n<td class=\"bold v-align-middle h-align-center\"><strong>l\/s<\/strong><\/td>\n<td class=\"bold v-align-middle h-align-center\"><strong>m3\/h<\/strong><\/td>\n<\/tr>\n<tr>\n<td class=\"v-align-middle h-align-left\">200<\/td>\n<td class=\"v-align-middle h-align-center\">220<\/td>\n<td class=\"v-align-middle h-align-center\">792<\/td>\n<td class=\"v-align-middle h-align-center\">265<\/td>\n<td class=\"v-align-middle h-align-center\">954<\/td>\n<td class=\"v-align-middle h-align-center\">315<\/td>\n<td class=\"v-align-middle h-align-center\">1134<\/td>\n<\/tr>\n<tr>\n<td class=\"v-align-middle h-align-left\">250<\/td>\n<td class=\"v-align-middle h-align-center\">340<\/td>\n<td class=\"v-align-middle h-align-center\">1224<\/td>\n<td class=\"v-align-middle h-align-center\">400<\/td>\n<td class=\"v-align-middle h-align-center\">1440<\/td>\n<td class=\"v-align-middle h-align-center\">480<\/td>\n<td class=\"v-align-middle h-align-center\">1728<\/td>\n<\/tr>\n<tr>\n<td class=\"v-align-middle h-align-left\">315<\/td>\n<td class=\"v-align-middle h-align-center\">515<\/td>\n<td class=\"v-align-middle h-align-center\">1854<\/td>\n<td class=\"v-align-middle h-align-center\">610<\/td>\n<td class=\"v-align-middle h-align-center\">2196<\/td>\n<td class=\"v-align-middle h-align-center\">720<\/td>\n<td class=\"v-align-middle h-align-center\">2592<\/td>\n<\/tr>\n<tr>\n<td class=\"v-align-middle h-align-left\">400<\/td>\n<td class=\"v-align-middle h-align-center\">790<\/td>\n<td class=\"v-align-middle h-align-center\">2844<\/td>\n<td class=\"v-align-middle h-align-center\">930<\/td>\n<td class=\"v-align-middle h-align-center\">3348<\/td>\n<td class=\"v-align-middle h-align-center\">1100<\/td>\n<td class=\"v-align-middle h-align-center\">3960<\/td>\n<\/tr>\n<tr>\n<td class=\"v-align-middle h-align-left\">200-600<\/td>\n<td class=\"v-align-middle h-align-center\">610<\/td>\n<td class=\"v-align-middle h-align-center\">2196<\/td>\n<td class=\"v-align-middle h-align-center\">725<\/td>\n<td class=\"v-align-middle h-align-center\">2610<\/td>\n<td class=\"v-align-middle h-align-center\">860<\/td>\n<td class=\"v-align-middle h-align-center\">3096<\/td>\n<\/tr>\n<tr>\n<td class=\"v-align-middle h-align-left\">250-800<\/td>\n<td class=\"v-align-middle h-align-center\">840<\/td>\n<td class=\"v-align-middle h-align-center\">3024<\/td>\n<td class=\"v-align-middle h-align-center\">980<\/td>\n<td class=\"v-align-middle h-align-center\">3528<\/td>\n<td class=\"v-align-middle h-align-center\">1150<\/td>\n<td class=\"v-align-middle h-align-center\">4140<\/td>\n<\/tr>\n<tr>\n<td class=\"v-align-middle\" colspan=\"7\">Trok\u0161\u0146a l\u012bmenis ir sp\u0113k\u0101 l\u012bdzv\u0113rt\u012bgam ska\u0146as absorbcijas laukumam 150 m2 2 m att\u0101lum\u0101 no termin\u0101\u013ca. Visas v\u0113rt\u012bbas ir der\u012bgas taisnai kan\u0101la da\u013cai bez \u0161\u0137\u0113r\u0161\u013ciem.<br \/>\n*) Lp150A = ska\u0146as spiediens t.sk. A-filtrs ar iek\u0161telpu v\u0101jin\u0101jumu 16 dB un iek\u0161telpu absorbcijas laukumu 150 m2.<\/td>\n<\/tr>\n<tr>\n<td class=\"v-align-bottom h-align-center\" colspan=\"7\"><\/td>\n<\/tr>\n<tr>\n<td class=\"bold v-align-bottom h-align-center\" colspan=\"7\">\n<div class=\"gtx-body\"><strong>MAZ\u0100 ISTABA<\/strong><\/div>\n<div class=\"gtx-body\"><strong>Ska\u0146as spiediena telpa (Lp10A) *)<\/strong><\/div>\n<\/td>\n<\/tr>\n<tr>\n<td class=\"bold v-align-middle h-align-left\" rowspan=\"2\"><strong>DRI<\/strong><br \/>\n<strong>Size<\/strong><\/td>\n<td class=\"bold v-align-middle h-align-center\" colspan=\"2\"><strong>25 dB(A)<\/strong><\/td>\n<td class=\"bold v-align-middle h-align-center\" colspan=\"2\"><strong>30 dB(A)<\/strong><\/td>\n<td class=\"bold v-align-middle h-align-center\" colspan=\"2\"><strong>35 dB(A)<\/strong><\/td>\n<\/tr>\n<tr>\n<td class=\"bold v-align-middle h-align-center\"><strong>l\/s<\/strong><\/td>\n<td class=\"bold v-align-middle h-align-center\"><strong>m3\/h<\/strong><\/td>\n<td class=\"bold v-align-middle h-align-center\"><strong>l\/s<\/strong><\/td>\n<td class=\"bold v-align-middle h-align-center\"><strong>m3\/h<\/strong><\/td>\n<td class=\"bold v-align-middle h-align-center\"><strong>l\/s<\/strong><\/td>\n<td class=\"bold v-align-middle h-align-center\"><strong>m3\/h<\/strong><\/td>\n<\/tr>\n<tr>\n<td class=\"v-align-bottom h-align-left\">200<\/td>\n<td class=\"v-align-middle h-align-center\">145<\/td>\n<td class=\"v-align-middle h-align-center\">522<\/td>\n<td class=\"v-align-middle h-align-center\">175<\/td>\n<td class=\"v-align-middle h-align-center\">630<\/td>\n<td class=\"v-align-middle h-align-center\">210<\/td>\n<td class=\"v-align-middle h-align-center\">756<\/td>\n<\/tr>\n<tr>\n<td class=\"v-align-bottom h-align-left\">250<\/td>\n<td class=\"v-align-middle h-align-center\">220<\/td>\n<td class=\"v-align-middle h-align-center\">792<\/td>\n<td class=\"v-align-middle h-align-center\">265<\/td>\n<td class=\"v-align-middle h-align-center\">954<\/td>\n<td class=\"v-align-middle h-align-center\">320<\/td>\n<td class=\"v-align-middle h-align-center\">1152<\/td>\n<\/tr>\n<tr>\n<td class=\"v-align-bottom h-align-left\">315<\/td>\n<td class=\"v-align-middle h-align-center\">350<\/td>\n<td class=\"v-align-middle h-align-center\">1260<\/td>\n<td class=\"v-align-middle h-align-center\">415<\/td>\n<td class=\"v-align-middle h-align-center\">1494<\/td>\n<td class=\"v-align-middle h-align-center\">490<\/td>\n<td class=\"v-align-middle h-align-center\">1764<\/td>\n<\/tr>\n<tr>\n<td class=\"v-align-bottom h-align-left\">400<\/td>\n<td class=\"v-align-middle h-align-center\">535<\/td>\n<td class=\"v-align-middle h-align-center\">1926<\/td>\n<td class=\"v-align-middle h-align-center\">625<\/td>\n<td class=\"v-align-middle h-align-center\">2250<\/td>\n<td class=\"v-align-middle h-align-center\">745<\/td>\n<td class=\"v-align-middle h-align-center\">2682<\/td>\n<\/tr>\n<tr>\n<td class=\"v-align-bottom h-align-left\">200-600<\/td>\n<td class=\"v-align-middle h-align-center\">410<\/td>\n<td class=\"v-align-middle h-align-center\">1476<\/td>\n<td class=\"v-align-middle h-align-center\">480<\/td>\n<td class=\"v-align-middle h-align-center\">1728<\/td>\n<td class=\"v-align-middle h-align-center\">575<\/td>\n<td class=\"v-align-middle h-align-center\">2070<\/td>\n<\/tr>\n<tr>\n<td class=\"v-align-bottom h-align-left\">250-800<\/td>\n<td class=\"v-align-middle h-align-center\">580<\/td>\n<td class=\"v-align-middle h-align-center\">2088<\/td>\n<td class=\"v-align-middle h-align-center\">680<\/td>\n<td class=\"v-align-middle h-align-center\">2448<\/td>\n<td class=\"v-align-middle h-align-center\">795<\/td>\n<td class=\"v-align-middle h-align-center\">2862<\/td>\n<\/tr>\n<tr>\n<td class=\"v-align-middle\" colspan=\"7\">Trok\u0161\u0146a l\u012bmenis ir sp\u0113k\u0101 l\u012bdzv\u0113rt\u012bgam ska\u0146as absorbcijas laukumam 10 m2 2 m att\u0101lum\u0101 no termin\u0101\u013ca. Visas v\u0113rt\u012bbas ir der\u012bgas taisnai kan\u0101la da\u013cai bez \u0161\u0137\u0113r\u0161\u013ciem.<br \/>\n*) Lp10A = ska\u0146as spiediens t.sk. A-filtrs ar telpas v\u0101jin\u0101jumu 4 dB un telpas absorbcijas laukumu 10 m2.<\/td>\n<\/tr>\n<\/tbody>\n<\/table>","protected":false},"excerpt":{"rendered":"<h4>VARIZON\u00ae Low flow supply diffuser<\/h4>\n<h4>\u2205200 =&gt;200 250&#215;800 , 75-1150 l\/s<\/h4>","protected":false},"featured_media":2480,"template":"","meta":{"_acf_changed":false,"inline_featured_image":false,"_links_to":"","_links_to_target":""},"product_brand":[],"product_cat":[67],"product_tag":[],"class_list":{"0":"post-1279","1":"product","2":"type-product","3":"status-publish","4":"has-post-thumbnail","6":"product_cat-zemas-plusmas-difuzori","8":"first","9":"instock","10":"shipping-taxable","11":"product-type-simple"},"acf":[],"yoast_head":"<!-- This site is optimized with the Yoast SEO plugin v27.0 - https:\/\/yoast.com\/product\/yoast-seo-wordpress\/ -->\n<title>DRI p\u0101rvieto\u0161anas bloks<\/title>\n<meta name=\"description\" content=\"VARIZON\u00ae p\u0101rvieto\u0161anas bloks ar regul\u0113jamu izklied\u0113\u0161anas rakstu\" \/>\n<meta name=\"robots\" content=\"index, follow, max-snippet:-1, max-image-preview:large, max-video-preview:-1\" \/>\n<link rel=\"canonical\" href=\"https:\/\/ecowise.lv\/en\/product\/dri\/\" \/>\n<meta property=\"og:locale\" content=\"en_US\" \/>\n<meta property=\"og:type\" content=\"article\" \/>\n<meta property=\"og:title\" content=\"DRI p\u0101rvieto\u0161anas bloks\" \/>\n<meta property=\"og:description\" content=\"VARIZON\u00ae p\u0101rvieto\u0161anas bloks ar regul\u0113jamu izklied\u0113\u0161anas rakstu\" \/>\n<meta property=\"og:url\" content=\"https:\/\/ecowise.lv\/en\/product\/dri\/\" \/>\n<meta property=\"og:site_name\" content=\"Ecowise\" \/>\n<meta property=\"article:modified_time\" content=\"2024-03-22T12:44:24+00:00\" \/>\n<meta property=\"og:image\" content=\"https:\/\/ecowise.lv\/wp-content\/uploads\/2023\/04\/dri-productimage.jpg\" \/>\n\t<meta property=\"og:image:width\" content=\"768\" \/>\n\t<meta property=\"og:image:height\" content=\"576\" \/>\n\t<meta property=\"og:image:type\" content=\"image\/jpeg\" \/>\n<meta name=\"twitter:card\" content=\"summary_large_image\" \/>\n<meta name=\"twitter:label1\" content=\"Est. reading time\" \/>\n\t<meta name=\"twitter:data1\" content=\"2 minutes\" \/>\n<script type=\"application\/ld+json\" class=\"yoast-schema-graph\">{\"@context\":\"https:\/\/schema.org\",\"@graph\":[{\"@type\":\"WebPage\",\"@id\":\"https:\/\/ecowise.lv\/product\/dri\/\",\"url\":\"https:\/\/ecowise.lv\/product\/dri\/\",\"name\":\"DRI p\u0101rvieto\u0161anas bloks\",\"isPartOf\":{\"@id\":\"https:\/\/ecowise.lv\/#website\"},\"primaryImageOfPage\":{\"@id\":\"https:\/\/ecowise.lv\/product\/dri\/#primaryimage\"},\"image\":{\"@id\":\"https:\/\/ecowise.lv\/product\/dri\/#primaryimage\"},\"thumbnailUrl\":\"https:\/\/ecowise.lv\/wp-content\/uploads\/2023\/04\/dri-productimage.jpg\",\"datePublished\":\"2023-04-05T13:38:55+00:00\",\"dateModified\":\"2024-03-22T12:44:24+00:00\",\"description\":\"VARIZON\u00ae p\u0101rvieto\u0161anas bloks ar regul\u0113jamu izklied\u0113\u0161anas rakstu\",\"breadcrumb\":{\"@id\":\"https:\/\/ecowise.lv\/product\/dri\/#breadcrumb\"},\"inLanguage\":\"en-US\",\"potentialAction\":[{\"@type\":\"ReadAction\",\"target\":[\"https:\/\/ecowise.lv\/product\/dri\/\"]}]},{\"@type\":\"ImageObject\",\"inLanguage\":\"en-US\",\"@id\":\"https:\/\/ecowise.lv\/product\/dri\/#primaryimage\",\"url\":\"https:\/\/ecowise.lv\/wp-content\/uploads\/2023\/04\/dri-productimage.jpg\",\"contentUrl\":\"https:\/\/ecowise.lv\/wp-content\/uploads\/2023\/04\/dri-productimage.jpg\",\"width\":768,\"height\":576},{\"@type\":\"BreadcrumbList\",\"@id\":\"https:\/\/ecowise.lv\/product\/dri\/#breadcrumb\",\"itemListElement\":[{\"@type\":\"ListItem\",\"position\":1,\"name\":\"Products\",\"item\":\"https:\/\/ecowise.lv\/shop\/\"},{\"@type\":\"ListItem\",\"position\":2,\"name\":\"DRI\"}]},{\"@type\":\"WebSite\",\"@id\":\"https:\/\/ecowise.lv\/#website\",\"url\":\"https:\/\/ecowise.lv\/\",\"name\":\"Ecowise\",\"description\":\"Ener\u0123ijas pat\u0113ri\u0146a samazin\u0101jums\",\"publisher\":{\"@id\":\"https:\/\/ecowise.lv\/#organization\"},\"potentialAction\":[{\"@type\":\"SearchAction\",\"target\":{\"@type\":\"EntryPoint\",\"urlTemplate\":\"https:\/\/ecowise.lv\/?s={search_term_string}\"},\"query-input\":{\"@type\":\"PropertyValueSpecification\",\"valueRequired\":true,\"valueName\":\"search_term_string\"}}],\"inLanguage\":\"en-US\"},{\"@type\":\"Organization\",\"@id\":\"https:\/\/ecowise.lv\/#organization\",\"name\":\"Ecowise\",\"url\":\"https:\/\/ecowise.lv\/\",\"logo\":{\"@type\":\"ImageObject\",\"inLanguage\":\"en-US\",\"@id\":\"https:\/\/ecowise.lv\/#\/schema\/logo\/image\/\",\"url\":\"https:\/\/ecowise.lv\/wp-content\/uploads\/2023\/03\/logo.svg\",\"contentUrl\":\"https:\/\/ecowise.lv\/wp-content\/uploads\/2023\/03\/logo.svg\",\"width\":207,\"height\":27,\"caption\":\"Ecowise\"},\"image\":{\"@id\":\"https:\/\/ecowise.lv\/#\/schema\/logo\/image\/\"}}]}<\/script>\n<!-- \/ Yoast SEO plugin. -->","yoast_head_json":{"title":"DRI p\u0101rvieto\u0161anas bloks","description":"VARIZON\u00ae p\u0101rvieto\u0161anas bloks ar regul\u0113jamu izklied\u0113\u0161anas rakstu","robots":{"index":"index","follow":"follow","max-snippet":"max-snippet:-1","max-image-preview":"max-image-preview:large","max-video-preview":"max-video-preview:-1"},"canonical":"https:\/\/ecowise.lv\/en\/product\/dri\/","og_locale":"en_US","og_type":"article","og_title":"DRI p\u0101rvieto\u0161anas bloks","og_description":"VARIZON\u00ae p\u0101rvieto\u0161anas bloks ar regul\u0113jamu izklied\u0113\u0161anas rakstu","og_url":"https:\/\/ecowise.lv\/en\/product\/dri\/","og_site_name":"Ecowise","article_modified_time":"2024-03-22T12:44:24+00:00","og_image":[{"width":768,"height":576,"url":"https:\/\/ecowise.lv\/wp-content\/uploads\/2023\/04\/dri-productimage.jpg","type":"image\/jpeg"}],"twitter_card":"summary_large_image","twitter_misc":{"Est. reading time":"2 minutes"},"schema":{"@context":"https:\/\/schema.org","@graph":[{"@type":"WebPage","@id":"https:\/\/ecowise.lv\/product\/dri\/","url":"https:\/\/ecowise.lv\/product\/dri\/","name":"DRI p\u0101rvieto\u0161anas bloks","isPartOf":{"@id":"https:\/\/ecowise.lv\/#website"},"primaryImageOfPage":{"@id":"https:\/\/ecowise.lv\/product\/dri\/#primaryimage"},"image":{"@id":"https:\/\/ecowise.lv\/product\/dri\/#primaryimage"},"thumbnailUrl":"https:\/\/ecowise.lv\/wp-content\/uploads\/2023\/04\/dri-productimage.jpg","datePublished":"2023-04-05T13:38:55+00:00","dateModified":"2024-03-22T12:44:24+00:00","description":"VARIZON\u00ae p\u0101rvieto\u0161anas bloks ar regul\u0113jamu izklied\u0113\u0161anas rakstu","breadcrumb":{"@id":"https:\/\/ecowise.lv\/product\/dri\/#breadcrumb"},"inLanguage":"en-US","potentialAction":[{"@type":"ReadAction","target":["https:\/\/ecowise.lv\/product\/dri\/"]}]},{"@type":"ImageObject","inLanguage":"en-US","@id":"https:\/\/ecowise.lv\/product\/dri\/#primaryimage","url":"https:\/\/ecowise.lv\/wp-content\/uploads\/2023\/04\/dri-productimage.jpg","contentUrl":"https:\/\/ecowise.lv\/wp-content\/uploads\/2023\/04\/dri-productimage.jpg","width":768,"height":576},{"@type":"BreadcrumbList","@id":"https:\/\/ecowise.lv\/product\/dri\/#breadcrumb","itemListElement":[{"@type":"ListItem","position":1,"name":"Products","item":"https:\/\/ecowise.lv\/shop\/"},{"@type":"ListItem","position":2,"name":"DRI"}]},{"@type":"WebSite","@id":"https:\/\/ecowise.lv\/#website","url":"https:\/\/ecowise.lv\/","name":"Ecowise","description":"Ener\u0123ijas pat\u0113ri\u0146a samazin\u0101jums","publisher":{"@id":"https:\/\/ecowise.lv\/#organization"},"potentialAction":[{"@type":"SearchAction","target":{"@type":"EntryPoint","urlTemplate":"https:\/\/ecowise.lv\/?s={search_term_string}"},"query-input":{"@type":"PropertyValueSpecification","valueRequired":true,"valueName":"search_term_string"}}],"inLanguage":"en-US"},{"@type":"Organization","@id":"https:\/\/ecowise.lv\/#organization","name":"Ecowise","url":"https:\/\/ecowise.lv\/","logo":{"@type":"ImageObject","inLanguage":"en-US","@id":"https:\/\/ecowise.lv\/#\/schema\/logo\/image\/","url":"https:\/\/ecowise.lv\/wp-content\/uploads\/2023\/03\/logo.svg","contentUrl":"https:\/\/ecowise.lv\/wp-content\/uploads\/2023\/03\/logo.svg","width":207,"height":27,"caption":"Ecowise"},"image":{"@id":"https:\/\/ecowise.lv\/#\/schema\/logo\/image\/"}}]}},"_links":{"self":[{"href":"https:\/\/ecowise.lv\/en\/wp-json\/wp\/v2\/product\/1279","targetHints":{"allow":["GET"]}}],"collection":[{"href":"https:\/\/ecowise.lv\/en\/wp-json\/wp\/v2\/product"}],"about":[{"href":"https:\/\/ecowise.lv\/en\/wp-json\/wp\/v2\/types\/product"}],"wp:featuredmedia":[{"embeddable":true,"href":"https:\/\/ecowise.lv\/en\/wp-json\/wp\/v2\/media\/2480"}],"wp:attachment":[{"href":"https:\/\/ecowise.lv\/en\/wp-json\/wp\/v2\/media?parent=1279"}],"wp:term":[{"taxonomy":"product_brand","embeddable":true,"href":"https:\/\/ecowise.lv\/en\/wp-json\/wp\/v2\/product_brand?post=1279"},{"taxonomy":"product_cat","embeddable":true,"href":"https:\/\/ecowise.lv\/en\/wp-json\/wp\/v2\/product_cat?post=1279"},{"taxonomy":"product_tag","embeddable":true,"href":"https:\/\/ecowise.lv\/en\/wp-json\/wp\/v2\/product_tag?post=1279"}],"curies":[{"name":"wp","href":"https:\/\/api.w.org\/{rel}","templated":true}]}}