{"id":1274,"date":"2023-04-05T16:38:55","date_gmt":"2023-04-05T13:38:55","guid":{"rendered":"https:\/\/ecowise.lv\/?post_type=product&#038;p=1274"},"modified":"2024-02-21T13:01:21","modified_gmt":"2024-02-21T11:01:21","slug":"dcp","status":"publish","type":"product","link":"https:\/\/ecowise.lv\/en\/product\/dcp\/","title":{"rendered":"DCP"},"content":{"rendered":"<h3>VARIZON\u00ae Displacement unit with adjustable distribution pattern<\/h3>\n<p>DCP is a low-flow air unit that delivers low-speed air to the area where people are located. The air distribution character is easily adjustable, thanks to the rotating VARIZON\u00ae air deflectors. The distributor is equipped with an air duct cover on the floor base and a control unit.<\/p>\n<ul>\n<li>Adjustable spread pattern and affected zone<\/li>\n<li>Suitable for all types of rooms<\/li>\n<li>Air volume measuring point<\/li>\n<li>Cleanable<\/li>\n<li>Concealed fastening<\/li>\n<li>Standard colour White RAL 9003\n<ul>\n<li>5 alternative standard colours<\/li>\n<li>Other colours upon request<\/li>\n<\/ul>\n<\/li>\n<\/ul>\n<p>&nbsp;<\/p>\n<table style=\"height: 374px;\" width=\"833\">\n<tbody>\n<tr>\n<td class=\"bold v-align-bottom h-align-center\" colspan=\"7\">\n<div class=\"gtx-body\"><strong>AIR FLOW - SOUND PRESSURE ROOM (Lp10A) *)<\/strong><\/div>\n<\/td>\n<\/tr>\n<tr>\n<td class=\"bold v-align-bottom h-align-left\" rowspan=\"2\"><strong>DCP<\/strong><br \/>\n<strong>Size<\/strong><\/td>\n<td class=\"bold v-align-bottom h-align-center\" colspan=\"2\"><strong>25 dB(A)<\/strong><\/td>\n<td class=\"bold v-align-bottom h-align-center\" colspan=\"2\"><strong>30 dB(A)<\/strong><\/td>\n<td class=\"bold v-align-bottom h-align-center\" colspan=\"2\"><strong>35 dB(A)<\/strong><\/td>\n<\/tr>\n<tr>\n<td class=\"bold v-align-bottom h-align-center\"><strong>l\/s<\/strong><\/td>\n<td class=\"bold v-align-bottom h-align-center\"><strong>m3\/h<\/strong><\/td>\n<td class=\"bold v-align-bottom h-align-center\"><strong>l\/s<\/strong><\/td>\n<td class=\"bold v-align-bottom h-align-center\"><strong>m3\/h<\/strong><\/td>\n<td class=\"bold v-align-bottom h-align-center\"><strong>l\/s<\/strong><\/td>\n<td class=\"bold v-align-bottom h-align-center\"><strong>m3\/h<\/strong><\/td>\n<\/tr>\n<tr>\n<td class=\"v-align-bottom h-align-left\">125<\/td>\n<td class=\"v-align-bottom h-align-left\">58<\/td>\n<td class=\"v-align-bottom h-align-left\">206<\/td>\n<td class=\"v-align-bottom h-align-left\">68<\/td>\n<td class=\"v-align-bottom h-align-left\">245<\/td>\n<td class=\"v-align-bottom h-align-left\">80<\/td>\n<td class=\"v-align-bottom h-align-left\">288<\/td>\n<\/tr>\n<tr>\n<td class=\"v-align-bottom h-align-left\">160<\/td>\n<td class=\"v-align-bottom h-align-left\">90<\/td>\n<td class=\"v-align-bottom h-align-left\">324<\/td>\n<td class=\"v-align-bottom h-align-left\">110<\/td>\n<td class=\"v-align-bottom h-align-left\">396<\/td>\n<td class=\"v-align-bottom h-align-left\">120<\/td>\n<td class=\"v-align-bottom h-align-left\">432<\/td>\n<\/tr>\n<tr>\n<td class=\"v-align-bottom h-align-left\">200<\/td>\n<td class=\"v-align-bottom h-align-left\">130<\/td>\n<td class=\"v-align-bottom h-align-left\">468<\/td>\n<td class=\"v-align-bottom h-align-left\">150<\/td>\n<td class=\"v-align-bottom h-align-left\">540<\/td>\n<td class=\"v-align-bottom h-align-left\">180<\/td>\n<td class=\"v-align-bottom h-align-left\">648<\/td>\n<\/tr>\n<tr>\n<td class=\"v-align-bottom h-align-left\">250<\/td>\n<td class=\"v-align-bottom h-align-left\">180<\/td>\n<td class=\"v-align-bottom h-align-left\">648<\/td>\n<td class=\"v-align-bottom h-align-left\">215<\/td>\n<td class=\"v-align-bottom h-align-left\">774<\/td>\n<td class=\"v-align-bottom h-align-left\">250<\/td>\n<td class=\"v-align-bottom h-align-left\">900<\/td>\n<\/tr>\n<tr>\n<td class=\"v-align-bottom h-align-left\">315<\/td>\n<td class=\"v-align-bottom h-align-left\">275<\/td>\n<td class=\"v-align-bottom h-align-left\">990<\/td>\n<td class=\"v-align-bottom h-align-left\">325<\/td>\n<td class=\"v-align-bottom h-align-left\">1170<\/td>\n<td class=\"v-align-bottom h-align-left\">375<\/td>\n<td class=\"v-align-bottom h-align-left\">1350<\/td>\n<\/tr>\n<tr>\n<td class=\"v-align-bottom h-align-left\">400<\/td>\n<td class=\"v-align-bottom h-align-left\">400<\/td>\n<td class=\"v-align-bottom h-align-left\">1440<\/td>\n<td class=\"v-align-bottom h-align-left\">470<\/td>\n<td class=\"v-align-bottom h-align-left\">1692<\/td>\n<td class=\"v-align-bottom h-align-left\">525<\/td>\n<td class=\"v-align-bottom h-align-left\">1890<\/td>\n<\/tr>\n<tr>\n<td class=\"v-align-bottom h-align-left\">500<\/td>\n<td class=\"v-align-bottom h-align-left\">600<\/td>\n<td class=\"v-align-bottom h-align-left\">2376<\/td>\n<td class=\"v-align-bottom h-align-left\">700<\/td>\n<td class=\"v-align-bottom h-align-left\">2520<\/td>\n<td class=\"v-align-bottom h-align-left\">800<\/td>\n<td class=\"v-align-bottom h-align-left\">2880<\/td>\n<\/tr>\n<tr>\n<td class=\"v-align-bottom h-align-left\">630<\/td>\n<td class=\"v-align-bottom h-align-left\">900<\/td>\n<td class=\"v-align-bottom h-align-left\">3240<\/td>\n<td class=\"v-align-bottom h-align-left\">1100<\/td>\n<td class=\"v-align-bottom h-align-left\">3960<\/td>\n<td class=\"v-align-bottom h-align-left\">1200<\/td>\n<td class=\"v-align-bottom h-align-left\">4320<\/td>\n<\/tr>\n<tr>\n<td class=\"v-align-bottom\" colspan=\"7\">\n<div><\/div>\n<div class=\"gtx-body\">Dati par DCP + regulatoru REG ir par\u0101d\u012bti atsevi\u0161\u0137\u0101 tabul\u0101.<\/div>\n<div class=\"gtx-body\">\n<div class=\"gtx-body\">*) Lp10A = ska\u0146as spiediens t.sk. A-filtrs ar 4 dB telpas v\u0101jin\u0101jumu un 10 m\u00b2 telpas absorbcijas laukumu.<\/div>\n<\/div>\n<\/td>\n<\/tr>\n<\/tbody>\n<\/table>","protected":false},"excerpt":{"rendered":"<h4>VARIZON\u00ae Low flow supply diffuser<\/h4>\n<h4>\u2205125-630, 28-1200 l\/s<\/h4>","protected":false},"featured_media":2459,"template":"","meta":{"_acf_changed":false,"inline_featured_image":false,"_links_to":"","_links_to_target":""},"product_brand":[],"product_cat":[67],"product_tag":[],"class_list":{"0":"post-1274","1":"product","2":"type-product","3":"status-publish","4":"has-post-thumbnail","6":"product_cat-zemas-plusmas-difuzori","8":"first","9":"instock","10":"shipping-taxable","11":"product-type-simple"},"acf":[],"yoast_head":"<!-- This site is optimized with the Yoast SEO plugin v27.0 - https:\/\/yoast.com\/product\/yoast-seo-wordpress\/ -->\n<title>DCP zema \u0101truma difuzors<\/title>\n<meta name=\"description\" content=\"VARIZON\u00ae zema \u0101truma difuzors ar regul\u0113jamu gaisa sadal\u012bjumu\" \/>\n<meta name=\"robots\" content=\"index, follow, max-snippet:-1, max-image-preview:large, max-video-preview:-1\" \/>\n<link rel=\"canonical\" href=\"https:\/\/ecowise.lv\/en\/product\/dcp\/\" \/>\n<meta property=\"og:locale\" content=\"en_US\" \/>\n<meta property=\"og:type\" content=\"article\" \/>\n<meta property=\"og:title\" content=\"DCP zema \u0101truma difuzors\" \/>\n<meta property=\"og:description\" content=\"VARIZON\u00ae zema \u0101truma difuzors ar regul\u0113jamu gaisa sadal\u012bjumu\" \/>\n<meta property=\"og:url\" content=\"https:\/\/ecowise.lv\/en\/product\/dcp\/\" \/>\n<meta property=\"og:site_name\" content=\"Ecowise\" \/>\n<meta property=\"article:modified_time\" content=\"2024-02-21T11:01:21+00:00\" \/>\n<meta property=\"og:image\" content=\"https:\/\/ecowise.lv\/wp-content\/uploads\/2023\/04\/dcp-productimage.jpg\" \/>\n\t<meta property=\"og:image:width\" content=\"768\" \/>\n\t<meta property=\"og:image:height\" content=\"576\" \/>\n\t<meta property=\"og:image:type\" content=\"image\/jpeg\" \/>\n<meta name=\"twitter:card\" content=\"summary_large_image\" \/>\n<meta name=\"twitter:label1\" content=\"Est. reading time\" \/>\n\t<meta name=\"twitter:data1\" content=\"1 minute\" \/>\n<script type=\"application\/ld+json\" class=\"yoast-schema-graph\">{\"@context\":\"https:\/\/schema.org\",\"@graph\":[{\"@type\":\"WebPage\",\"@id\":\"https:\/\/ecowise.lv\/product\/dcp\/\",\"url\":\"https:\/\/ecowise.lv\/product\/dcp\/\",\"name\":\"DCP zema \u0101truma difuzors\",\"isPartOf\":{\"@id\":\"https:\/\/ecowise.lv\/#website\"},\"primaryImageOfPage\":{\"@id\":\"https:\/\/ecowise.lv\/product\/dcp\/#primaryimage\"},\"image\":{\"@id\":\"https:\/\/ecowise.lv\/product\/dcp\/#primaryimage\"},\"thumbnailUrl\":\"https:\/\/ecowise.lv\/wp-content\/uploads\/2023\/04\/dcp-productimage.jpg\",\"datePublished\":\"2023-04-05T13:38:55+00:00\",\"dateModified\":\"2024-02-21T11:01:21+00:00\",\"description\":\"VARIZON\u00ae zema \u0101truma difuzors ar regul\u0113jamu gaisa sadal\u012bjumu\",\"breadcrumb\":{\"@id\":\"https:\/\/ecowise.lv\/product\/dcp\/#breadcrumb\"},\"inLanguage\":\"en-US\",\"potentialAction\":[{\"@type\":\"ReadAction\",\"target\":[\"https:\/\/ecowise.lv\/product\/dcp\/\"]}]},{\"@type\":\"ImageObject\",\"inLanguage\":\"en-US\",\"@id\":\"https:\/\/ecowise.lv\/product\/dcp\/#primaryimage\",\"url\":\"https:\/\/ecowise.lv\/wp-content\/uploads\/2023\/04\/dcp-productimage.jpg\",\"contentUrl\":\"https:\/\/ecowise.lv\/wp-content\/uploads\/2023\/04\/dcp-productimage.jpg\",\"width\":768,\"height\":576},{\"@type\":\"BreadcrumbList\",\"@id\":\"https:\/\/ecowise.lv\/product\/dcp\/#breadcrumb\",\"itemListElement\":[{\"@type\":\"ListItem\",\"position\":1,\"name\":\"Products\",\"item\":\"https:\/\/ecowise.lv\/shop\/\"},{\"@type\":\"ListItem\",\"position\":2,\"name\":\"DCP\"}]},{\"@type\":\"WebSite\",\"@id\":\"https:\/\/ecowise.lv\/#website\",\"url\":\"https:\/\/ecowise.lv\/\",\"name\":\"Ecowise\",\"description\":\"Ener\u0123ijas pat\u0113ri\u0146a samazin\u0101jums\",\"publisher\":{\"@id\":\"https:\/\/ecowise.lv\/#organization\"},\"potentialAction\":[{\"@type\":\"SearchAction\",\"target\":{\"@type\":\"EntryPoint\",\"urlTemplate\":\"https:\/\/ecowise.lv\/?s={search_term_string}\"},\"query-input\":{\"@type\":\"PropertyValueSpecification\",\"valueRequired\":true,\"valueName\":\"search_term_string\"}}],\"inLanguage\":\"en-US\"},{\"@type\":\"Organization\",\"@id\":\"https:\/\/ecowise.lv\/#organization\",\"name\":\"Ecowise\",\"url\":\"https:\/\/ecowise.lv\/\",\"logo\":{\"@type\":\"ImageObject\",\"inLanguage\":\"en-US\",\"@id\":\"https:\/\/ecowise.lv\/#\/schema\/logo\/image\/\",\"url\":\"https:\/\/ecowise.lv\/wp-content\/uploads\/2023\/03\/logo.svg\",\"contentUrl\":\"https:\/\/ecowise.lv\/wp-content\/uploads\/2023\/03\/logo.svg\",\"width\":207,\"height\":27,\"caption\":\"Ecowise\"},\"image\":{\"@id\":\"https:\/\/ecowise.lv\/#\/schema\/logo\/image\/\"}}]}<\/script>\n<!-- \/ Yoast SEO plugin. -->","yoast_head_json":{"title":"DCP zema \u0101truma difuzors","description":"VARIZON\u00ae zema \u0101truma difuzors ar regul\u0113jamu gaisa sadal\u012bjumu","robots":{"index":"index","follow":"follow","max-snippet":"max-snippet:-1","max-image-preview":"max-image-preview:large","max-video-preview":"max-video-preview:-1"},"canonical":"https:\/\/ecowise.lv\/en\/product\/dcp\/","og_locale":"en_US","og_type":"article","og_title":"DCP zema \u0101truma difuzors","og_description":"VARIZON\u00ae zema \u0101truma difuzors ar regul\u0113jamu gaisa sadal\u012bjumu","og_url":"https:\/\/ecowise.lv\/en\/product\/dcp\/","og_site_name":"Ecowise","article_modified_time":"2024-02-21T11:01:21+00:00","og_image":[{"width":768,"height":576,"url":"https:\/\/ecowise.lv\/wp-content\/uploads\/2023\/04\/dcp-productimage.jpg","type":"image\/jpeg"}],"twitter_card":"summary_large_image","twitter_misc":{"Est. reading time":"1 minute"},"schema":{"@context":"https:\/\/schema.org","@graph":[{"@type":"WebPage","@id":"https:\/\/ecowise.lv\/product\/dcp\/","url":"https:\/\/ecowise.lv\/product\/dcp\/","name":"DCP zema \u0101truma difuzors","isPartOf":{"@id":"https:\/\/ecowise.lv\/#website"},"primaryImageOfPage":{"@id":"https:\/\/ecowise.lv\/product\/dcp\/#primaryimage"},"image":{"@id":"https:\/\/ecowise.lv\/product\/dcp\/#primaryimage"},"thumbnailUrl":"https:\/\/ecowise.lv\/wp-content\/uploads\/2023\/04\/dcp-productimage.jpg","datePublished":"2023-04-05T13:38:55+00:00","dateModified":"2024-02-21T11:01:21+00:00","description":"VARIZON\u00ae zema \u0101truma difuzors ar regul\u0113jamu gaisa sadal\u012bjumu","breadcrumb":{"@id":"https:\/\/ecowise.lv\/product\/dcp\/#breadcrumb"},"inLanguage":"en-US","potentialAction":[{"@type":"ReadAction","target":["https:\/\/ecowise.lv\/product\/dcp\/"]}]},{"@type":"ImageObject","inLanguage":"en-US","@id":"https:\/\/ecowise.lv\/product\/dcp\/#primaryimage","url":"https:\/\/ecowise.lv\/wp-content\/uploads\/2023\/04\/dcp-productimage.jpg","contentUrl":"https:\/\/ecowise.lv\/wp-content\/uploads\/2023\/04\/dcp-productimage.jpg","width":768,"height":576},{"@type":"BreadcrumbList","@id":"https:\/\/ecowise.lv\/product\/dcp\/#breadcrumb","itemListElement":[{"@type":"ListItem","position":1,"name":"Products","item":"https:\/\/ecowise.lv\/shop\/"},{"@type":"ListItem","position":2,"name":"DCP"}]},{"@type":"WebSite","@id":"https:\/\/ecowise.lv\/#website","url":"https:\/\/ecowise.lv\/","name":"Ecowise","description":"Ener\u0123ijas pat\u0113ri\u0146a samazin\u0101jums","publisher":{"@id":"https:\/\/ecowise.lv\/#organization"},"potentialAction":[{"@type":"SearchAction","target":{"@type":"EntryPoint","urlTemplate":"https:\/\/ecowise.lv\/?s={search_term_string}"},"query-input":{"@type":"PropertyValueSpecification","valueRequired":true,"valueName":"search_term_string"}}],"inLanguage":"en-US"},{"@type":"Organization","@id":"https:\/\/ecowise.lv\/#organization","name":"Ecowise","url":"https:\/\/ecowise.lv\/","logo":{"@type":"ImageObject","inLanguage":"en-US","@id":"https:\/\/ecowise.lv\/#\/schema\/logo\/image\/","url":"https:\/\/ecowise.lv\/wp-content\/uploads\/2023\/03\/logo.svg","contentUrl":"https:\/\/ecowise.lv\/wp-content\/uploads\/2023\/03\/logo.svg","width":207,"height":27,"caption":"Ecowise"},"image":{"@id":"https:\/\/ecowise.lv\/#\/schema\/logo\/image\/"}}]}},"_links":{"self":[{"href":"https:\/\/ecowise.lv\/en\/wp-json\/wp\/v2\/product\/1274","targetHints":{"allow":["GET"]}}],"collection":[{"href":"https:\/\/ecowise.lv\/en\/wp-json\/wp\/v2\/product"}],"about":[{"href":"https:\/\/ecowise.lv\/en\/wp-json\/wp\/v2\/types\/product"}],"wp:featuredmedia":[{"embeddable":true,"href":"https:\/\/ecowise.lv\/en\/wp-json\/wp\/v2\/media\/2459"}],"wp:attachment":[{"href":"https:\/\/ecowise.lv\/en\/wp-json\/wp\/v2\/media?parent=1274"}],"wp:term":[{"taxonomy":"product_brand","embeddable":true,"href":"https:\/\/ecowise.lv\/en\/wp-json\/wp\/v2\/product_brand?post=1274"},{"taxonomy":"product_cat","embeddable":true,"href":"https:\/\/ecowise.lv\/en\/wp-json\/wp\/v2\/product_cat?post=1274"},{"taxonomy":"product_tag","embeddable":true,"href":"https:\/\/ecowise.lv\/en\/wp-json\/wp\/v2\/product_tag?post=1274"}],"curies":[{"name":"wp","href":"https:\/\/api.w.org\/{rel}","templated":true}]}}