{"id":1271,"date":"2023-04-05T16:38:54","date_gmt":"2023-04-05T13:38:54","guid":{"rendered":"https:\/\/ecowise.lv\/?post_type=product&#038;p=1271"},"modified":"2024-07-15T15:00:25","modified_gmt":"2024-07-15T12:00:25","slug":"boc","status":"publish","type":"product","link":"https:\/\/ecowise.lv\/en\/product\/boc\/","title":{"rendered":"BOC"},"content":{"rendered":"<h3>Zem\u0101s pl\u016bsmas gaisa difuzors ar sild\u012b\u0161anas funkciju<\/h3>\n<ul>\n<li>For facilities with both heating and cooling needs<\/li>\n<li>Switching of heating \/ cooling with manual control or motor control<\/li>\n<li>For big facilities, such as factories, big shops, sport arenas<\/li>\n<li>More free floor area<\/li>\n<li>Standard colour Grey RAL 7037\n<ul>\n<li>5 alternative standard colours<\/li>\n<li>Other colours upon request<\/li>\n<\/ul>\n<\/li>\n<\/ul>\n<p>&nbsp;<\/p>\n<table style=\"height: 560px;\" width=\"898\">\n<tbody>\n<tr>\n<td class=\"bold v-align-bottom h-align-center\" colspan=\"7\">\n<div class=\"gtx-body\"><strong>AIR FLOW - SOUND PRESSURE ROOM (Lp10A) *)<\/strong><\/div>\n<\/td>\n<\/tr>\n<tr>\n<td class=\"bold v-align-bottom\" colspan=\"7\">\n<div class=\"gtx-body\"><strong>Dzes\u0113\u0161ana (atv\u0113rts v\u0101rsts) \/ darba tilpums &#8211; 4 V<\/strong><\/div>\n<\/td>\n<\/tr>\n<tr>\n<td class=\"bold v-align-bottom\" rowspan=\"2\"><strong>BOC<\/strong><br \/>\n<strong>Size<\/strong><\/td>\n<td class=\"bold v-align-bottom h-align-center\" colspan=\"2\"><strong>30 dB(A)<\/strong><\/td>\n<td class=\"bold v-align-bottom h-align-center\" colspan=\"2\"><strong>35 dB(A<\/strong><\/td>\n<td class=\"bold v-align-bottom h-align-center\" colspan=\"2\"><strong>40 dB(A)<\/strong><\/td>\n<\/tr>\n<tr>\n<td class=\"bold v-align-bottom\"><strong>l\/s<\/strong><\/td>\n<td class=\"bold v-align-bottom\"><strong>m3\/h<\/strong><\/td>\n<td class=\"bold v-align-bottom\"><strong>l\/s<\/strong><\/td>\n<td class=\"bold v-align-bottom\"><strong>m3\/h<\/strong><\/td>\n<td class=\"bold v-align-bottom\"><strong>l\/s<\/strong><\/td>\n<td class=\"bold v-align-bottom\"><strong>m3\/h<\/strong><\/td>\n<\/tr>\n<tr>\n<td class=\"v-align-bottom\">200<\/td>\n<td class=\"v-align-bottom\">125<\/td>\n<td class=\"v-align-bottom\">450<\/td>\n<td class=\"v-align-bottom\">150<\/td>\n<td class=\"v-align-bottom\">540<\/td>\n<td class=\"v-align-bottom\">175<\/td>\n<td class=\"v-align-bottom\">630<\/td>\n<\/tr>\n<tr>\n<td class=\"v-align-bottom\">250<\/td>\n<td class=\"v-align-bottom\">180<\/td>\n<td class=\"v-align-bottom\">648<\/td>\n<td class=\"v-align-bottom\">210<\/td>\n<td class=\"v-align-bottom\">756<\/td>\n<td class=\"v-align-bottom\">245<\/td>\n<td class=\"v-align-bottom\">882<\/td>\n<\/tr>\n<tr>\n<td class=\"v-align-bottom\">315<\/td>\n<td class=\"v-align-bottom\">265<\/td>\n<td class=\"v-align-bottom\">954<\/td>\n<td class=\"v-align-bottom\">310<\/td>\n<td class=\"v-align-bottom\">1116<\/td>\n<td class=\"v-align-bottom\">360<\/td>\n<td class=\"v-align-bottom\">1296<\/td>\n<\/tr>\n<tr>\n<td class=\"v-align-bottom\">400<\/td>\n<td class=\"v-align-bottom\">405<\/td>\n<td class=\"v-align-bottom\">1458<\/td>\n<td class=\"v-align-bottom\">475<\/td>\n<td class=\"v-align-bottom\">1710<\/td>\n<td class=\"v-align-bottom\">550<\/td>\n<td class=\"v-align-bottom\">1980<\/td>\n<\/tr>\n<tr>\n<td class=\"v-align-bottom\">500<\/td>\n<td class=\"v-align-bottom\">640<\/td>\n<td class=\"v-align-bottom\">2304<\/td>\n<td class=\"v-align-bottom\">745<\/td>\n<td class=\"v-align-bottom\">2682<\/td>\n<td class=\"v-align-bottom\">875<\/td>\n<td class=\"v-align-bottom\">3150<\/td>\n<\/tr>\n<tr>\n<td class=\"v-align-bottom\">630<\/td>\n<td class=\"v-align-bottom\">940<\/td>\n<td class=\"v-align-bottom\">3384<\/td>\n<td class=\"v-align-bottom\">1100<\/td>\n<td class=\"v-align-bottom\">3960<\/td>\n<td class=\"v-align-bottom\">1275<\/td>\n<td class=\"v-align-bottom\">4590<\/td>\n<\/tr>\n<tr>\n<td class=\"bold v-align-bottom\" colspan=\"7\">\n<div class=\"gtx-body\"><strong>Apkure (aizv\u0113rts aizb\u012bdnis) \/ Vertik\u0101ls V<\/strong><\/div>\n<\/td>\n<\/tr>\n<tr>\n<td class=\"bold v-align-bottom\" rowspan=\"2\"><strong>BOC<\/strong><br \/>\n<strong>Size<\/strong><\/td>\n<td class=\"bold v-align-bottom h-align-center\" colspan=\"2\"><strong>30 dB(A)<\/strong><\/td>\n<td class=\"bold v-align-bottom h-align-center\" colspan=\"2\"><strong>35 dB(A<\/strong><\/td>\n<td class=\"bold v-align-bottom h-align-center\" colspan=\"2\"><strong>40 dB(A)<\/strong><\/td>\n<\/tr>\n<tr>\n<td class=\"bold v-align-bottom\"><strong>l\/s<\/strong><\/td>\n<td class=\"bold v-align-bottom\"><strong>m3\/h<\/strong><\/td>\n<td class=\"bold v-align-bottom\"><strong>l\/s<\/strong><\/td>\n<td class=\"bold v-align-bottom\"><strong>m3\/h<\/strong><\/td>\n<td class=\"bold v-align-bottom\"><strong>l\/s<\/strong><\/td>\n<td class=\"bold v-align-bottom\"><strong>m3\/h<\/strong><\/td>\n<\/tr>\n<tr>\n<td class=\"v-align-bottom\">200<\/td>\n<td class=\"v-align-bottom\">125<\/td>\n<td class=\"v-align-bottom\">450<\/td>\n<td class=\"v-align-bottom\">145<\/td>\n<td class=\"v-align-bottom\">522<\/td>\n<td class=\"v-align-bottom\">170<\/td>\n<td class=\"v-align-bottom\">612<\/td>\n<\/tr>\n<tr>\n<td class=\"v-align-bottom\">250<\/td>\n<td class=\"v-align-bottom\">155<\/td>\n<td class=\"v-align-bottom\">558<\/td>\n<td class=\"v-align-bottom\">180<\/td>\n<td class=\"v-align-bottom\">648<\/td>\n<td class=\"v-align-bottom\">210<\/td>\n<td class=\"v-align-bottom\">756<\/td>\n<\/tr>\n<tr>\n<td class=\"v-align-bottom\">315<\/td>\n<td class=\"v-align-bottom\">210<\/td>\n<td class=\"v-align-bottom\">756<\/td>\n<td class=\"v-align-bottom\">245<\/td>\n<td class=\"v-align-bottom\">882<\/td>\n<td class=\"v-align-bottom\">290<\/td>\n<td class=\"v-align-bottom\">1044<\/td>\n<\/tr>\n<tr>\n<td class=\"v-align-bottom\">400<\/td>\n<td class=\"v-align-bottom\">340<\/td>\n<td class=\"v-align-bottom\">1224<\/td>\n<td class=\"v-align-bottom\">400<\/td>\n<td class=\"v-align-bottom\">1440<\/td>\n<td class=\"v-align-bottom\">470<\/td>\n<td class=\"v-align-bottom\">1692<\/td>\n<\/tr>\n<tr>\n<td class=\"v-align-bottom\">500<\/td>\n<td class=\"v-align-bottom\">515<\/td>\n<td class=\"v-align-bottom\">1854<\/td>\n<td class=\"v-align-bottom\">605<\/td>\n<td class=\"v-align-bottom\">2178<\/td>\n<td class=\"v-align-bottom\">705<\/td>\n<td class=\"v-align-bottom\">2538<\/td>\n<\/tr>\n<tr>\n<td class=\"v-align-bottom\">630<\/td>\n<td class=\"v-align-bottom\">770<\/td>\n<td class=\"v-align-bottom\">2772<\/td>\n<td class=\"v-align-bottom\">900<\/td>\n<td class=\"v-align-bottom\">3240<\/td>\n<td class=\"v-align-bottom\">1040<\/td>\n<td class=\"v-align-bottom\">3744<\/td>\n<\/tr>\n<tr>\n<td class=\"v-align-bottom\" colspan=\"7\">\n<div class=\"gtx-body\">*) Lp10A = ska\u0146as spiediens t.sk. A-filtrs ar 4 dB telpas v\u0101jin\u0101jumu un 10 m\u00b2 telpas absorbcijas laukumu.<\/div>\n<\/td>\n<\/tr>\n<\/tbody>\n<\/table>","protected":false},"excerpt":{"rendered":"<h4>Low flow supply diffuser<\/h4>\n<h4>\u2205200-630 , =&gt; 1800 l\/s<\/h4>","protected":false},"featured_media":2486,"template":"","meta":{"_acf_changed":false,"inline_featured_image":false,"_links_to":"","_links_to_target":""},"product_brand":[],"product_cat":[67],"product_tag":[],"class_list":{"0":"post-1271","1":"product","2":"type-product","3":"status-publish","4":"has-post-thumbnail","6":"product_cat-zemas-plusmas-difuzori","8":"first","9":"instock","10":"shipping-taxable","11":"product-type-simple"},"acf":[],"yoast_head":"<!-- This site is optimized with the Yoast SEO plugin v27.0 - https:\/\/yoast.com\/product\/yoast-seo-wordpress\/ -->\n<title>BOC<\/title>\n<meta name=\"description\" content=\"Zema \u0101truma termin\u0101lis BOC ar BOOSTER\" \/>\n<meta name=\"robots\" content=\"index, follow, max-snippet:-1, max-image-preview:large, max-video-preview:-1\" \/>\n<link rel=\"canonical\" href=\"https:\/\/ecowise.lv\/en\/product\/boc\/\" \/>\n<meta property=\"og:locale\" content=\"en_US\" \/>\n<meta property=\"og:type\" content=\"article\" \/>\n<meta property=\"og:title\" content=\"BOC\" \/>\n<meta property=\"og:description\" content=\"Zema \u0101truma termin\u0101lis BOC ar BOOSTER\" \/>\n<meta property=\"og:url\" content=\"https:\/\/ecowise.lv\/en\/product\/boc\/\" \/>\n<meta property=\"og:site_name\" content=\"Ecowise\" \/>\n<meta property=\"article:modified_time\" content=\"2024-07-15T12:00:25+00:00\" \/>\n<meta property=\"og:image\" content=\"https:\/\/ecowise.lv\/wp-content\/uploads\/2023\/04\/boc-productimage.jpg\" \/>\n\t<meta property=\"og:image:width\" content=\"768\" \/>\n\t<meta property=\"og:image:height\" content=\"576\" \/>\n\t<meta property=\"og:image:type\" content=\"image\/jpeg\" \/>\n<meta name=\"twitter:card\" content=\"summary_large_image\" \/>\n<meta name=\"twitter:label1\" content=\"Est. reading time\" \/>\n\t<meta name=\"twitter:data1\" content=\"2 minutes\" \/>\n<script type=\"application\/ld+json\" class=\"yoast-schema-graph\">{\"@context\":\"https:\/\/schema.org\",\"@graph\":[{\"@type\":\"WebPage\",\"@id\":\"https:\/\/ecowise.lv\/product\/boc\/\",\"url\":\"https:\/\/ecowise.lv\/product\/boc\/\",\"name\":\"BOC\",\"isPartOf\":{\"@id\":\"https:\/\/ecowise.lv\/#website\"},\"primaryImageOfPage\":{\"@id\":\"https:\/\/ecowise.lv\/product\/boc\/#primaryimage\"},\"image\":{\"@id\":\"https:\/\/ecowise.lv\/product\/boc\/#primaryimage\"},\"thumbnailUrl\":\"https:\/\/ecowise.lv\/wp-content\/uploads\/2023\/04\/boc-productimage.jpg\",\"datePublished\":\"2023-04-05T13:38:54+00:00\",\"dateModified\":\"2024-07-15T12:00:25+00:00\",\"description\":\"Zema \u0101truma termin\u0101lis BOC ar BOOSTER\",\"breadcrumb\":{\"@id\":\"https:\/\/ecowise.lv\/product\/boc\/#breadcrumb\"},\"inLanguage\":\"en-US\",\"potentialAction\":[{\"@type\":\"ReadAction\",\"target\":[\"https:\/\/ecowise.lv\/product\/boc\/\"]}]},{\"@type\":\"ImageObject\",\"inLanguage\":\"en-US\",\"@id\":\"https:\/\/ecowise.lv\/product\/boc\/#primaryimage\",\"url\":\"https:\/\/ecowise.lv\/wp-content\/uploads\/2023\/04\/boc-productimage.jpg\",\"contentUrl\":\"https:\/\/ecowise.lv\/wp-content\/uploads\/2023\/04\/boc-productimage.jpg\",\"width\":768,\"height\":576},{\"@type\":\"BreadcrumbList\",\"@id\":\"https:\/\/ecowise.lv\/product\/boc\/#breadcrumb\",\"itemListElement\":[{\"@type\":\"ListItem\",\"position\":1,\"name\":\"Products\",\"item\":\"https:\/\/ecowise.lv\/shop\/\"},{\"@type\":\"ListItem\",\"position\":2,\"name\":\"BOC\"}]},{\"@type\":\"WebSite\",\"@id\":\"https:\/\/ecowise.lv\/#website\",\"url\":\"https:\/\/ecowise.lv\/\",\"name\":\"Ecowise\",\"description\":\"Ener\u0123ijas pat\u0113ri\u0146a samazin\u0101jums\",\"publisher\":{\"@id\":\"https:\/\/ecowise.lv\/#organization\"},\"potentialAction\":[{\"@type\":\"SearchAction\",\"target\":{\"@type\":\"EntryPoint\",\"urlTemplate\":\"https:\/\/ecowise.lv\/?s={search_term_string}\"},\"query-input\":{\"@type\":\"PropertyValueSpecification\",\"valueRequired\":true,\"valueName\":\"search_term_string\"}}],\"inLanguage\":\"en-US\"},{\"@type\":\"Organization\",\"@id\":\"https:\/\/ecowise.lv\/#organization\",\"name\":\"Ecowise\",\"url\":\"https:\/\/ecowise.lv\/\",\"logo\":{\"@type\":\"ImageObject\",\"inLanguage\":\"en-US\",\"@id\":\"https:\/\/ecowise.lv\/#\/schema\/logo\/image\/\",\"url\":\"https:\/\/ecowise.lv\/wp-content\/uploads\/2023\/03\/logo.svg\",\"contentUrl\":\"https:\/\/ecowise.lv\/wp-content\/uploads\/2023\/03\/logo.svg\",\"width\":207,\"height\":27,\"caption\":\"Ecowise\"},\"image\":{\"@id\":\"https:\/\/ecowise.lv\/#\/schema\/logo\/image\/\"}}]}<\/script>\n<!-- \/ Yoast SEO plugin. -->","yoast_head_json":{"title":"BOC","description":"Zema \u0101truma termin\u0101lis BOC ar BOOSTER","robots":{"index":"index","follow":"follow","max-snippet":"max-snippet:-1","max-image-preview":"max-image-preview:large","max-video-preview":"max-video-preview:-1"},"canonical":"https:\/\/ecowise.lv\/en\/product\/boc\/","og_locale":"en_US","og_type":"article","og_title":"BOC","og_description":"Zema \u0101truma termin\u0101lis BOC ar BOOSTER","og_url":"https:\/\/ecowise.lv\/en\/product\/boc\/","og_site_name":"Ecowise","article_modified_time":"2024-07-15T12:00:25+00:00","og_image":[{"width":768,"height":576,"url":"https:\/\/ecowise.lv\/wp-content\/uploads\/2023\/04\/boc-productimage.jpg","type":"image\/jpeg"}],"twitter_card":"summary_large_image","twitter_misc":{"Est. reading time":"2 minutes"},"schema":{"@context":"https:\/\/schema.org","@graph":[{"@type":"WebPage","@id":"https:\/\/ecowise.lv\/product\/boc\/","url":"https:\/\/ecowise.lv\/product\/boc\/","name":"BOC","isPartOf":{"@id":"https:\/\/ecowise.lv\/#website"},"primaryImageOfPage":{"@id":"https:\/\/ecowise.lv\/product\/boc\/#primaryimage"},"image":{"@id":"https:\/\/ecowise.lv\/product\/boc\/#primaryimage"},"thumbnailUrl":"https:\/\/ecowise.lv\/wp-content\/uploads\/2023\/04\/boc-productimage.jpg","datePublished":"2023-04-05T13:38:54+00:00","dateModified":"2024-07-15T12:00:25+00:00","description":"Zema \u0101truma termin\u0101lis BOC ar BOOSTER","breadcrumb":{"@id":"https:\/\/ecowise.lv\/product\/boc\/#breadcrumb"},"inLanguage":"en-US","potentialAction":[{"@type":"ReadAction","target":["https:\/\/ecowise.lv\/product\/boc\/"]}]},{"@type":"ImageObject","inLanguage":"en-US","@id":"https:\/\/ecowise.lv\/product\/boc\/#primaryimage","url":"https:\/\/ecowise.lv\/wp-content\/uploads\/2023\/04\/boc-productimage.jpg","contentUrl":"https:\/\/ecowise.lv\/wp-content\/uploads\/2023\/04\/boc-productimage.jpg","width":768,"height":576},{"@type":"BreadcrumbList","@id":"https:\/\/ecowise.lv\/product\/boc\/#breadcrumb","itemListElement":[{"@type":"ListItem","position":1,"name":"Products","item":"https:\/\/ecowise.lv\/shop\/"},{"@type":"ListItem","position":2,"name":"BOC"}]},{"@type":"WebSite","@id":"https:\/\/ecowise.lv\/#website","url":"https:\/\/ecowise.lv\/","name":"Ecowise","description":"Ener\u0123ijas pat\u0113ri\u0146a samazin\u0101jums","publisher":{"@id":"https:\/\/ecowise.lv\/#organization"},"potentialAction":[{"@type":"SearchAction","target":{"@type":"EntryPoint","urlTemplate":"https:\/\/ecowise.lv\/?s={search_term_string}"},"query-input":{"@type":"PropertyValueSpecification","valueRequired":true,"valueName":"search_term_string"}}],"inLanguage":"en-US"},{"@type":"Organization","@id":"https:\/\/ecowise.lv\/#organization","name":"Ecowise","url":"https:\/\/ecowise.lv\/","logo":{"@type":"ImageObject","inLanguage":"en-US","@id":"https:\/\/ecowise.lv\/#\/schema\/logo\/image\/","url":"https:\/\/ecowise.lv\/wp-content\/uploads\/2023\/03\/logo.svg","contentUrl":"https:\/\/ecowise.lv\/wp-content\/uploads\/2023\/03\/logo.svg","width":207,"height":27,"caption":"Ecowise"},"image":{"@id":"https:\/\/ecowise.lv\/#\/schema\/logo\/image\/"}}]}},"_links":{"self":[{"href":"https:\/\/ecowise.lv\/en\/wp-json\/wp\/v2\/product\/1271","targetHints":{"allow":["GET"]}}],"collection":[{"href":"https:\/\/ecowise.lv\/en\/wp-json\/wp\/v2\/product"}],"about":[{"href":"https:\/\/ecowise.lv\/en\/wp-json\/wp\/v2\/types\/product"}],"wp:featuredmedia":[{"embeddable":true,"href":"https:\/\/ecowise.lv\/en\/wp-json\/wp\/v2\/media\/2486"}],"wp:attachment":[{"href":"https:\/\/ecowise.lv\/en\/wp-json\/wp\/v2\/media?parent=1271"}],"wp:term":[{"taxonomy":"product_brand","embeddable":true,"href":"https:\/\/ecowise.lv\/en\/wp-json\/wp\/v2\/product_brand?post=1271"},{"taxonomy":"product_cat","embeddable":true,"href":"https:\/\/ecowise.lv\/en\/wp-json\/wp\/v2\/product_cat?post=1271"},{"taxonomy":"product_tag","embeddable":true,"href":"https:\/\/ecowise.lv\/en\/wp-json\/wp\/v2\/product_tag?post=1271"}],"curies":[{"name":"wp","href":"https:\/\/api.w.org\/{rel}","templated":true}]}}