{"id":1269,"date":"2023-04-05T16:38:54","date_gmt":"2023-04-05T13:38:54","guid":{"rendered":"https:\/\/ecowise.lv\/?post_type=product&#038;p=1269"},"modified":"2024-03-25T14:37:39","modified_gmt":"2024-03-25T12:37:39","slug":"ckd","status":"publish","type":"product","link":"https:\/\/ecowise.lv\/en\/product\/ckd\/","title":{"rendered":"CKD"},"content":{"rendered":"<h3>Circular jet diffuser for supply air<\/h3>\n<ul>\n<li>Diffused or concentrated spread pattern<\/li>\n<li>Cone unit adjustable through 360\u00b0<\/li>\n<li>Possible to motor control the supply air angle \u00b1 25 \u00b0<\/li>\n<li>Suitable for heating or cooling<\/li>\n<li>Can be used together with ALS commissioning box<\/li>\n<li>Standard colour White RAL 9003\n<ul>\n<li>5 alternative standard colours<\/li>\n<li>Other colours upon request<\/li>\n<\/ul>\n<\/li>\n<\/ul>\n<p>&nbsp;<\/p>\n<table style=\"height: 527px;\" width=\"965\">\n<tbody>\n<tr>\n<td class=\"bold v-align-bottom h-align-center\" colspan=\"8\">\n<div class=\"gtx-body\"><strong>AIR FLOW - SOUND PRESSURE ROOM (Lp10A) *)<\/strong><\/div>\n<\/td>\n<\/tr>\n<tr>\n<td class=\"bold v-align-bottom\" colspan=\"2\" rowspan=\"2\"><strong>CKD<\/strong><br \/>\n<strong>Size<\/strong><\/td>\n<td class=\"bold v-align-middle h-align-center\" colspan=\"2\"><strong>25 dB(A)<\/strong><\/td>\n<td class=\"bold v-align-middle h-align-center\" colspan=\"2\"><strong>30 dB(A)<\/strong><\/td>\n<td class=\"bold v-align-middle h-align-center\" colspan=\"2\"><strong>35 dB(A)<\/strong><\/td>\n<\/tr>\n<tr>\n<td class=\"bold v-align-middle h-align-center\"><strong>l\/s<\/strong><\/td>\n<td class=\"bold v-align-middle h-align-center\"><strong>m3\/h<\/strong><\/td>\n<td class=\"bold v-align-middle h-align-center\"><strong>l\/s<\/strong><\/td>\n<td class=\"bold v-align-middle h-align-center\"><strong>m3\/h<\/strong><\/td>\n<td class=\"bold v-align-middle h-align-center\"><strong>l\/s<\/strong><\/td>\n<td class=\"bold v-align-middle h-align-center\"><strong>m3\/h<\/strong><\/td>\n<\/tr>\n<tr>\n<td class=\"v-align-bottom h-align-left\" colspan=\"2\">200<\/td>\n<td class=\"v-align-bottom h-align-left\">58<\/td>\n<td class=\"v-align-bottom h-align-left\">209<\/td>\n<td class=\"v-align-bottom h-align-left\">65<\/td>\n<td class=\"v-align-bottom h-align-left\">234<\/td>\n<td class=\"v-align-bottom h-align-left\">72<\/td>\n<td class=\"v-align-bottom h-align-left\">259<\/td>\n<\/tr>\n<tr>\n<td class=\"v-align-bottom h-align-left\" colspan=\"2\">250<\/td>\n<td class=\"v-align-bottom h-align-left\">82<\/td>\n<td class=\"v-align-bottom h-align-left\">295<\/td>\n<td class=\"v-align-bottom h-align-left\">95<\/td>\n<td class=\"v-align-bottom h-align-left\">342<\/td>\n<td class=\"v-align-bottom h-align-left\">115<\/td>\n<td class=\"v-align-bottom h-align-left\">414<\/td>\n<\/tr>\n<tr>\n<td class=\"v-align-bottom h-align-left\" colspan=\"2\">315<\/td>\n<td class=\"v-align-bottom h-align-left\">160<\/td>\n<td class=\"v-align-bottom h-align-left\">575<\/td>\n<td class=\"v-align-bottom h-align-left\">180<\/td>\n<td class=\"v-align-bottom h-align-left\">648<\/td>\n<td class=\"v-align-bottom h-align-left\">210<\/td>\n<td class=\"v-align-bottom h-align-left\">756<\/td>\n<\/tr>\n<tr>\n<td class=\"v-align-bottom h-align-left\" colspan=\"2\">400<\/td>\n<td class=\"v-align-bottom h-align-left\">225<\/td>\n<td class=\"v-align-bottom h-align-left\">810<\/td>\n<td class=\"v-align-bottom h-align-left\">260<\/td>\n<td class=\"v-align-bottom h-align-left\">936<\/td>\n<td class=\"v-align-bottom h-align-left\">300<\/td>\n<td class=\"v-align-bottom h-align-left\">1080<\/td>\n<\/tr>\n<tr>\n<td class=\"v-align-bottom h-align-left\" colspan=\"2\">500<\/td>\n<td class=\"v-align-bottom h-align-left\">350<\/td>\n<td class=\"v-align-bottom h-align-left\">1260<\/td>\n<td class=\"v-align-bottom h-align-left\">400<\/td>\n<td class=\"v-align-bottom h-align-left\">1280<\/td>\n<td class=\"v-align-bottom h-align-left\">450<\/td>\n<td class=\"v-align-bottom h-align-left\">1620<\/td>\n<\/tr>\n<tr>\n<td class=\"v-align-bottom h-align-center\" colspan=\"8\"><\/td>\n<\/tr>\n<tr>\n<td class=\"bold v-align-bottom\" rowspan=\"2\"><strong>CKD<\/strong><br \/>\n<strong>Size<\/strong><\/td>\n<td class=\"bold v-align-bottom h-align-left\" rowspan=\"2\"><strong>ALS<\/strong><br \/>\n<strong>Izm\u0113\u0157s<\/strong><\/td>\n<td class=\"bold v-align-middle h-align-center\" colspan=\"2\"><strong>25 dB(A)<\/strong><\/td>\n<td class=\"bold v-align-middle h-align-center\" colspan=\"2\"><strong>30 dB(A)<\/strong><\/td>\n<td class=\"bold v-align-middle h-align-center\" colspan=\"2\"><strong>35 dB(A)<\/strong><\/td>\n<\/tr>\n<tr>\n<td class=\"bold v-align-middle h-align-center\"><strong>l\/s<\/strong><\/td>\n<td class=\"bold v-align-middle h-align-center\"><strong>m3\/h<\/strong><\/td>\n<td class=\"bold v-align-middle h-align-center\"><strong>l\/s<\/strong><\/td>\n<td class=\"bold v-align-middle h-align-center\"><strong>m3\/h<\/strong><\/td>\n<td class=\"bold v-align-middle h-align-center\"><strong>l\/s<\/strong><\/td>\n<td class=\"bold v-align-middle h-align-center\"><strong>m3\/h<\/strong><\/td>\n<\/tr>\n<tr>\n<td class=\"v-align-bottom h-align-left\">200<\/td>\n<td class=\"v-align-bottom h-align-left\">160-200<\/td>\n<td class=\"v-align-bottom h-align-left\">58<\/td>\n<td class=\"v-align-bottom h-align-left\">209<\/td>\n<td class=\"v-align-bottom h-align-left\">70<\/td>\n<td class=\"v-align-bottom h-align-left\">252<\/td>\n<td class=\"v-align-bottom h-align-left\">85<\/td>\n<td class=\"v-align-bottom h-align-left\">306<\/td>\n<\/tr>\n<tr>\n<td class=\"v-align-bottom h-align-left\">250<\/td>\n<td class=\"v-align-bottom h-align-left\">200-250<\/td>\n<td class=\"v-align-bottom h-align-left\">85<\/td>\n<td class=\"v-align-bottom h-align-left\">306<\/td>\n<td class=\"v-align-bottom h-align-left\">100<\/td>\n<td class=\"v-align-bottom h-align-left\">360<\/td>\n<td class=\"v-align-bottom h-align-left\">125<\/td>\n<td class=\"v-align-bottom h-align-left\">450<\/td>\n<\/tr>\n<tr>\n<td class=\"v-align-bottom h-align-left\">315<\/td>\n<td class=\"v-align-bottom h-align-left\">250-315<\/td>\n<td class=\"v-align-bottom h-align-left\">130<\/td>\n<td class=\"v-align-bottom h-align-left\">468<\/td>\n<td class=\"v-align-bottom h-align-left\">160<\/td>\n<td class=\"v-align-bottom h-align-left\">575<\/td>\n<td class=\"v-align-bottom h-align-left\">190<\/td>\n<td class=\"v-align-bottom h-align-left\">684<\/td>\n<\/tr>\n<tr>\n<td class=\"v-align-bottom h-align-left\">400<\/td>\n<td class=\"v-align-bottom h-align-left\">315-400<\/td>\n<td class=\"v-align-bottom h-align-left\">210<\/td>\n<td class=\"v-align-bottom h-align-left\">756<\/td>\n<td class=\"v-align-bottom h-align-left\">245<\/td>\n<td class=\"v-align-bottom h-align-left\">882<\/td>\n<td class=\"v-align-bottom h-align-left\">290<\/td>\n<td class=\"v-align-bottom h-align-left\">1044<\/td>\n<\/tr>\n<tr>\n<td class=\"v-align-bottom\" colspan=\"8\">Dati attiecas uz kombin\u0101ciju CKD + ALS piesl\u0113g\u0161anas k\u0101rba ar kop\u0113jo spiediena kritumu 50 Pa un izklied\u0113tu izkliedes modeli.<span style=\"font-family: inherit; font-size: inherit;\">*) Lp10A = ska\u0146as spiediens t.sk. A-filtrs ar 4 dB telpas v\u0101jin\u0101jumu un 10 m2 telpas absorbcijas laukumu.<\/span><\/td>\n<\/tr>\n<\/tbody>\n<\/table>","protected":false},"excerpt":{"rendered":"<h4>Supply Diffuser<\/h4>\n<h4>\u2205200-500, 30-245 l\/s<\/h4>","protected":false},"featured_media":6479,"template":"","meta":{"_acf_changed":false,"inline_featured_image":false,"_links_to":"","_links_to_target":""},"product_brand":[],"product_cat":[68],"product_tag":[],"class_list":{"0":"post-1269","1":"product","2":"type-product","3":"status-publish","4":"has-post-thumbnail","6":"product_cat-struklas-difuzori","8":"first","9":"instock","10":"shipping-taxable","11":"product-type-simple"},"acf":[],"yoast_head":"<!-- This site is optimized with the Yoast SEO plugin v27.0 - https:\/\/yoast.com\/product\/yoast-seo-wordpress\/ -->\n<title>CKD str\u016bklas difuzors<\/title>\n<meta name=\"description\" content=\"Apa\u013c\u0161 iepl\u016bdes str\u016bklas difuzors CKD\" \/>\n<meta name=\"robots\" content=\"index, follow, max-snippet:-1, max-image-preview:large, max-video-preview:-1\" \/>\n<link rel=\"canonical\" href=\"https:\/\/ecowise.lv\/en\/product\/ckd\/\" \/>\n<meta property=\"og:locale\" content=\"en_US\" \/>\n<meta property=\"og:type\" content=\"article\" \/>\n<meta property=\"og:title\" content=\"CKD str\u016bklas difuzors\" \/>\n<meta property=\"og:description\" content=\"Apa\u013c\u0161 iepl\u016bdes str\u016bklas difuzors CKD\" \/>\n<meta property=\"og:url\" content=\"https:\/\/ecowise.lv\/en\/product\/ckd\/\" \/>\n<meta property=\"og:site_name\" content=\"Ecowise\" \/>\n<meta property=\"article:modified_time\" content=\"2024-03-25T12:37:39+00:00\" \/>\n<meta property=\"og:image\" content=\"https:\/\/ecowise.lv\/wp-content\/uploads\/2023\/04\/CKD.png\" \/>\n\t<meta property=\"og:image:width\" content=\"600\" \/>\n\t<meta property=\"og:image:height\" content=\"450\" \/>\n\t<meta property=\"og:image:type\" content=\"image\/png\" \/>\n<meta name=\"twitter:card\" content=\"summary_large_image\" \/>\n<meta name=\"twitter:label1\" content=\"Est. reading time\" \/>\n\t<meta name=\"twitter:data1\" content=\"2 minutes\" \/>\n<script type=\"application\/ld+json\" class=\"yoast-schema-graph\">{\"@context\":\"https:\/\/schema.org\",\"@graph\":[{\"@type\":\"WebPage\",\"@id\":\"https:\/\/ecowise.lv\/product\/ckd\/\",\"url\":\"https:\/\/ecowise.lv\/product\/ckd\/\",\"name\":\"CKD str\u016bklas difuzors\",\"isPartOf\":{\"@id\":\"https:\/\/ecowise.lv\/#website\"},\"primaryImageOfPage\":{\"@id\":\"https:\/\/ecowise.lv\/product\/ckd\/#primaryimage\"},\"image\":{\"@id\":\"https:\/\/ecowise.lv\/product\/ckd\/#primaryimage\"},\"thumbnailUrl\":\"https:\/\/ecowise.lv\/wp-content\/uploads\/2023\/04\/CKD.png\",\"datePublished\":\"2023-04-05T13:38:54+00:00\",\"dateModified\":\"2024-03-25T12:37:39+00:00\",\"description\":\"Apa\u013c\u0161 iepl\u016bdes str\u016bklas difuzors CKD\",\"breadcrumb\":{\"@id\":\"https:\/\/ecowise.lv\/product\/ckd\/#breadcrumb\"},\"inLanguage\":\"en-US\",\"potentialAction\":[{\"@type\":\"ReadAction\",\"target\":[\"https:\/\/ecowise.lv\/product\/ckd\/\"]}]},{\"@type\":\"ImageObject\",\"inLanguage\":\"en-US\",\"@id\":\"https:\/\/ecowise.lv\/product\/ckd\/#primaryimage\",\"url\":\"https:\/\/ecowise.lv\/wp-content\/uploads\/2023\/04\/CKD.png\",\"contentUrl\":\"https:\/\/ecowise.lv\/wp-content\/uploads\/2023\/04\/CKD.png\",\"width\":600,\"height\":450},{\"@type\":\"BreadcrumbList\",\"@id\":\"https:\/\/ecowise.lv\/product\/ckd\/#breadcrumb\",\"itemListElement\":[{\"@type\":\"ListItem\",\"position\":1,\"name\":\"Products\",\"item\":\"https:\/\/ecowise.lv\/shop\/\"},{\"@type\":\"ListItem\",\"position\":2,\"name\":\"CKD\"}]},{\"@type\":\"WebSite\",\"@id\":\"https:\/\/ecowise.lv\/#website\",\"url\":\"https:\/\/ecowise.lv\/\",\"name\":\"Ecowise\",\"description\":\"Ener\u0123ijas pat\u0113ri\u0146a samazin\u0101jums\",\"publisher\":{\"@id\":\"https:\/\/ecowise.lv\/#organization\"},\"potentialAction\":[{\"@type\":\"SearchAction\",\"target\":{\"@type\":\"EntryPoint\",\"urlTemplate\":\"https:\/\/ecowise.lv\/?s={search_term_string}\"},\"query-input\":{\"@type\":\"PropertyValueSpecification\",\"valueRequired\":true,\"valueName\":\"search_term_string\"}}],\"inLanguage\":\"en-US\"},{\"@type\":\"Organization\",\"@id\":\"https:\/\/ecowise.lv\/#organization\",\"name\":\"Ecowise\",\"url\":\"https:\/\/ecowise.lv\/\",\"logo\":{\"@type\":\"ImageObject\",\"inLanguage\":\"en-US\",\"@id\":\"https:\/\/ecowise.lv\/#\/schema\/logo\/image\/\",\"url\":\"https:\/\/ecowise.lv\/wp-content\/uploads\/2023\/03\/logo.svg\",\"contentUrl\":\"https:\/\/ecowise.lv\/wp-content\/uploads\/2023\/03\/logo.svg\",\"width\":207,\"height\":27,\"caption\":\"Ecowise\"},\"image\":{\"@id\":\"https:\/\/ecowise.lv\/#\/schema\/logo\/image\/\"}}]}<\/script>\n<!-- \/ Yoast SEO plugin. -->","yoast_head_json":{"title":"CKD str\u016bklas difuzors","description":"Apa\u013c\u0161 iepl\u016bdes str\u016bklas difuzors CKD","robots":{"index":"index","follow":"follow","max-snippet":"max-snippet:-1","max-image-preview":"max-image-preview:large","max-video-preview":"max-video-preview:-1"},"canonical":"https:\/\/ecowise.lv\/en\/product\/ckd\/","og_locale":"en_US","og_type":"article","og_title":"CKD str\u016bklas difuzors","og_description":"Apa\u013c\u0161 iepl\u016bdes str\u016bklas difuzors CKD","og_url":"https:\/\/ecowise.lv\/en\/product\/ckd\/","og_site_name":"Ecowise","article_modified_time":"2024-03-25T12:37:39+00:00","og_image":[{"width":600,"height":450,"url":"https:\/\/ecowise.lv\/wp-content\/uploads\/2023\/04\/CKD.png","type":"image\/png"}],"twitter_card":"summary_large_image","twitter_misc":{"Est. reading time":"2 minutes"},"schema":{"@context":"https:\/\/schema.org","@graph":[{"@type":"WebPage","@id":"https:\/\/ecowise.lv\/product\/ckd\/","url":"https:\/\/ecowise.lv\/product\/ckd\/","name":"CKD str\u016bklas difuzors","isPartOf":{"@id":"https:\/\/ecowise.lv\/#website"},"primaryImageOfPage":{"@id":"https:\/\/ecowise.lv\/product\/ckd\/#primaryimage"},"image":{"@id":"https:\/\/ecowise.lv\/product\/ckd\/#primaryimage"},"thumbnailUrl":"https:\/\/ecowise.lv\/wp-content\/uploads\/2023\/04\/CKD.png","datePublished":"2023-04-05T13:38:54+00:00","dateModified":"2024-03-25T12:37:39+00:00","description":"Apa\u013c\u0161 iepl\u016bdes str\u016bklas difuzors CKD","breadcrumb":{"@id":"https:\/\/ecowise.lv\/product\/ckd\/#breadcrumb"},"inLanguage":"en-US","potentialAction":[{"@type":"ReadAction","target":["https:\/\/ecowise.lv\/product\/ckd\/"]}]},{"@type":"ImageObject","inLanguage":"en-US","@id":"https:\/\/ecowise.lv\/product\/ckd\/#primaryimage","url":"https:\/\/ecowise.lv\/wp-content\/uploads\/2023\/04\/CKD.png","contentUrl":"https:\/\/ecowise.lv\/wp-content\/uploads\/2023\/04\/CKD.png","width":600,"height":450},{"@type":"BreadcrumbList","@id":"https:\/\/ecowise.lv\/product\/ckd\/#breadcrumb","itemListElement":[{"@type":"ListItem","position":1,"name":"Products","item":"https:\/\/ecowise.lv\/shop\/"},{"@type":"ListItem","position":2,"name":"CKD"}]},{"@type":"WebSite","@id":"https:\/\/ecowise.lv\/#website","url":"https:\/\/ecowise.lv\/","name":"Ecowise","description":"Ener\u0123ijas pat\u0113ri\u0146a samazin\u0101jums","publisher":{"@id":"https:\/\/ecowise.lv\/#organization"},"potentialAction":[{"@type":"SearchAction","target":{"@type":"EntryPoint","urlTemplate":"https:\/\/ecowise.lv\/?s={search_term_string}"},"query-input":{"@type":"PropertyValueSpecification","valueRequired":true,"valueName":"search_term_string"}}],"inLanguage":"en-US"},{"@type":"Organization","@id":"https:\/\/ecowise.lv\/#organization","name":"Ecowise","url":"https:\/\/ecowise.lv\/","logo":{"@type":"ImageObject","inLanguage":"en-US","@id":"https:\/\/ecowise.lv\/#\/schema\/logo\/image\/","url":"https:\/\/ecowise.lv\/wp-content\/uploads\/2023\/03\/logo.svg","contentUrl":"https:\/\/ecowise.lv\/wp-content\/uploads\/2023\/03\/logo.svg","width":207,"height":27,"caption":"Ecowise"},"image":{"@id":"https:\/\/ecowise.lv\/#\/schema\/logo\/image\/"}}]}},"_links":{"self":[{"href":"https:\/\/ecowise.lv\/en\/wp-json\/wp\/v2\/product\/1269","targetHints":{"allow":["GET"]}}],"collection":[{"href":"https:\/\/ecowise.lv\/en\/wp-json\/wp\/v2\/product"}],"about":[{"href":"https:\/\/ecowise.lv\/en\/wp-json\/wp\/v2\/types\/product"}],"wp:featuredmedia":[{"embeddable":true,"href":"https:\/\/ecowise.lv\/en\/wp-json\/wp\/v2\/media\/6479"}],"wp:attachment":[{"href":"https:\/\/ecowise.lv\/en\/wp-json\/wp\/v2\/media?parent=1269"}],"wp:term":[{"taxonomy":"product_brand","embeddable":true,"href":"https:\/\/ecowise.lv\/en\/wp-json\/wp\/v2\/product_brand?post=1269"},{"taxonomy":"product_cat","embeddable":true,"href":"https:\/\/ecowise.lv\/en\/wp-json\/wp\/v2\/product_cat?post=1269"},{"taxonomy":"product_tag","embeddable":true,"href":"https:\/\/ecowise.lv\/en\/wp-json\/wp\/v2\/product_tag?post=1269"}],"curies":[{"name":"wp","href":"https:\/\/api.w.org\/{rel}","templated":true}]}}