{"id":1261,"date":"2023-04-05T16:38:53","date_gmt":"2023-04-05T13:38:53","guid":{"rendered":"https:\/\/ecowise.lv\/?post_type=product&#038;p=1261"},"modified":"2024-03-26T15:32:08","modified_gmt":"2024-03-26T13:32:08","slug":"roc","status":"publish","type":"product","link":"https:\/\/ecowise.lv\/en\/product\/roc\/","title":{"rendered":"ROC"},"content":{"rendered":"<h3>ROBUST Circular supply and extract air terminal<\/h3>\n<ul>\n<li>Robust design<\/li>\n<li>Supply or extract air<\/li>\n<li>Easy wall or ceiling mounting<\/li>\n<li>Guide vane perforations<\/li>\n<li>Can be used with commissioning box ALS<\/li>\n<li>Standard colour White RAL 9003\n<ul>\n<li>5 alternative standard colours<\/li>\n<li>Other colours upon request<\/li>\n<\/ul>\n<\/li>\n<\/ul>\n<p>&nbsp;<\/p>\n<table style=\"height: 599px;\" width=\"827\">\n<tbody>\n<tr>\n<td class=\"bold v-align-bottom h-align-center\" colspan=\"8\"><strong>AIR FLOW \u2014 SOUND PRESSURE IN ROOM (Lp10A) *)<\/strong><\/td>\n<\/tr>\n<tr>\n<td class=\"bold v-align-bottom\" colspan=\"2\" rowspan=\"2\"><strong>ROC<\/strong><br \/>\n<strong>Size<\/strong><\/td>\n<td class=\"bold v-align-bottom h-align-center\" colspan=\"2\"><strong>25 dB(A)<\/strong><\/td>\n<td class=\"bold v-align-bottom h-align-center\" colspan=\"2\"><strong>30 dB(A)<\/strong><\/td>\n<td class=\"bold v-align-bottom h-align-center\" colspan=\"2\"><strong>35 dB(A)<\/strong><\/td>\n<\/tr>\n<tr>\n<td class=\"bold v-align-bottom h-align-center\"><strong>l\/s<\/strong><\/td>\n<td class=\"bold v-align-bottom h-align-center\"><strong>m3\/h<\/strong><\/td>\n<td class=\"bold v-align-bottom h-align-center\"><strong>l\/s<\/strong><\/td>\n<td class=\"bold v-align-bottom h-align-center\"><strong>m3\/h<\/strong><\/td>\n<td class=\"bold v-align-bottom h-align-center\"><strong>l\/s<\/strong><\/td>\n<td class=\"bold v-align-bottom h-align-center\"><strong>m3\/h<\/strong><\/td>\n<\/tr>\n<tr>\n<td class=\"v-align-bottom h-align-left\" colspan=\"2\">100<\/td>\n<td class=\"v-align-bottom h-align-left\">22<\/td>\n<td class=\"v-align-bottom h-align-left\">79<\/td>\n<td class=\"v-align-bottom h-align-left\">26<\/td>\n<td class=\"v-align-bottom h-align-left\">94<\/td>\n<td class=\"v-align-bottom h-align-left\">29<\/td>\n<td class=\"v-align-bottom h-align-left\">104<\/td>\n<\/tr>\n<tr>\n<td class=\"v-align-bottom h-align-left\" colspan=\"2\">125<\/td>\n<td class=\"v-align-bottom h-align-left\">32<\/td>\n<td class=\"v-align-bottom h-align-left\">115<\/td>\n<td class=\"v-align-bottom h-align-left\">36<\/td>\n<td class=\"v-align-bottom h-align-left\">130<\/td>\n<td class=\"v-align-bottom h-align-left\">42<\/td>\n<td class=\"v-align-bottom h-align-left\">151<\/td>\n<\/tr>\n<tr>\n<td class=\"v-align-bottom h-align-left\" colspan=\"2\">160<\/td>\n<td class=\"v-align-bottom h-align-left\">47<\/td>\n<td class=\"v-align-bottom h-align-left\">169<\/td>\n<td class=\"v-align-bottom h-align-left\">54<\/td>\n<td class=\"v-align-bottom h-align-left\">194<\/td>\n<td class=\"v-align-bottom h-align-left\">63<\/td>\n<td class=\"v-align-bottom h-align-left\">227<\/td>\n<\/tr>\n<tr>\n<td class=\"v-align-bottom h-align-left\" colspan=\"2\">200<\/td>\n<td class=\"v-align-bottom h-align-left\">77<\/td>\n<td class=\"v-align-bottom h-align-left\">277<\/td>\n<td class=\"v-align-bottom h-align-left\">88<\/td>\n<td class=\"v-align-bottom h-align-left\">317<\/td>\n<td class=\"v-align-bottom h-align-left\">100<\/td>\n<td class=\"v-align-bottom h-align-left\">360<\/td>\n<\/tr>\n<tr>\n<td class=\"v-align-bottom h-align-left\" colspan=\"2\">250<\/td>\n<td class=\"v-align-bottom h-align-left\">108<\/td>\n<td class=\"v-align-bottom h-align-left\">389<\/td>\n<td class=\"v-align-bottom h-align-left\">123<\/td>\n<td class=\"v-align-bottom h-align-left\">443<\/td>\n<td class=\"v-align-bottom h-align-left\">140<\/td>\n<td class=\"v-align-bottom h-align-left\">504<\/td>\n<\/tr>\n<tr>\n<td class=\"v-align-bottom h-align-left\" colspan=\"2\">315<\/td>\n<td class=\"v-align-bottom h-align-left\">150<\/td>\n<td class=\"v-align-bottom h-align-left\">540<\/td>\n<td class=\"v-align-bottom h-align-left\">175<\/td>\n<td class=\"v-align-bottom h-align-left\">630<\/td>\n<td class=\"v-align-bottom h-align-left\">205<\/td>\n<td class=\"v-align-bottom h-align-left\">738<\/td>\n<\/tr>\n<tr>\n<td class=\"v-align-bottom h-align-left\" colspan=\"2\">400<\/td>\n<td class=\"v-align-bottom h-align-left\">209<\/td>\n<td class=\"v-align-bottom h-align-left\">752<\/td>\n<td class=\"v-align-bottom h-align-left\">242<\/td>\n<td class=\"v-align-bottom h-align-left\">871<\/td>\n<td class=\"v-align-bottom h-align-left\">280<\/td>\n<td class=\"v-align-bottom h-align-left\">1008<\/td>\n<\/tr>\n<tr>\n<td class=\"v-align-bottom h-align-center\" colspan=\"8\"><\/td>\n<\/tr>\n<tr>\n<td class=\"bold v-align-bottom\" rowspan=\"2\"><strong>ROC<\/strong><br \/>\n<strong>Size<\/strong><\/td>\n<td class=\"bold v-align-bottom\" rowspan=\"2\"><strong>ALS<\/strong><br \/>\n<strong>Size<\/strong><\/td>\n<td class=\"bold v-align-bottom h-align-center\" colspan=\"2\"><strong>25 dB(A)<\/strong><\/td>\n<td class=\"bold v-align-bottom h-align-center\" colspan=\"2\"><strong>30 dB(A)<\/strong><\/td>\n<td class=\"bold v-align-bottom h-align-center\" colspan=\"2\"><strong>35 dB(A)<\/strong><\/td>\n<\/tr>\n<tr>\n<td class=\"bold v-align-bottom h-align-center\"><strong>l\/s<\/strong><\/td>\n<td class=\"bold v-align-bottom h-align-center\"><strong>m3\/h<\/strong><\/td>\n<td class=\"bold v-align-bottom h-align-center\"><strong>l\/s<\/strong><\/td>\n<td class=\"bold v-align-bottom h-align-center\"><strong>m3\/h<\/strong><\/td>\n<td class=\"bold v-align-bottom h-align-center\"><strong>l\/s<\/strong><\/td>\n<td class=\"bold v-align-bottom h-align-center\"><strong>m3\/h<\/strong><\/td>\n<\/tr>\n<tr>\n<td class=\"v-align-bottom\">100<\/td>\n<td class=\"v-align-bottom\">80-100<\/td>\n<td class=\"v-align-bottom\">15<\/td>\n<td class=\"v-align-bottom\">54<\/td>\n<td class=\"v-align-bottom\">18<\/td>\n<td class=\"v-align-bottom\">65<\/td>\n<td class=\"v-align-bottom\">21<\/td>\n<td class=\"v-align-bottom\">76<\/td>\n<\/tr>\n<tr>\n<td class=\"v-align-bottom\">125<\/td>\n<td class=\"v-align-bottom\">100-125<\/td>\n<td class=\"v-align-bottom\">24<\/td>\n<td class=\"v-align-bottom\">86<\/td>\n<td class=\"v-align-bottom\">27<\/td>\n<td class=\"v-align-bottom\">97<\/td>\n<td class=\"v-align-bottom\">32<\/td>\n<td class=\"v-align-bottom\">115<\/td>\n<\/tr>\n<tr>\n<td class=\"v-align-bottom\">160<\/td>\n<td class=\"v-align-bottom\">125-160<\/td>\n<td class=\"v-align-bottom\">35<\/td>\n<td class=\"v-align-bottom\">126<\/td>\n<td class=\"v-align-bottom\">41<\/td>\n<td class=\"v-align-bottom\">148<\/td>\n<td class=\"v-align-bottom\">47<\/td>\n<td class=\"v-align-bottom\">169<\/td>\n<\/tr>\n<tr>\n<td class=\"v-align-bottom\">200<\/td>\n<td class=\"v-align-bottom\">160-200<\/td>\n<td class=\"v-align-bottom\">59<\/td>\n<td class=\"v-align-bottom\">212<\/td>\n<td class=\"v-align-bottom\">68<\/td>\n<td class=\"v-align-bottom\">245<\/td>\n<td class=\"v-align-bottom\">78<\/td>\n<td class=\"v-align-bottom\">281<\/td>\n<\/tr>\n<tr>\n<td class=\"v-align-bottom\">250<\/td>\n<td class=\"v-align-bottom\">200-250<\/td>\n<td class=\"v-align-bottom\">86<\/td>\n<td class=\"v-align-bottom\">310<\/td>\n<td class=\"v-align-bottom\">100<\/td>\n<td class=\"v-align-bottom\">360<\/td>\n<td class=\"v-align-bottom\">115<\/td>\n<td class=\"v-align-bottom\">414<\/td>\n<\/tr>\n<tr>\n<td class=\"v-align-bottom\">315<\/td>\n<td class=\"v-align-bottom\">250-315<\/td>\n<td class=\"v-align-bottom\">120<\/td>\n<td class=\"v-align-bottom\">432<\/td>\n<td class=\"v-align-bottom\">139<\/td>\n<td class=\"v-align-bottom\">500<\/td>\n<td class=\"v-align-bottom\">161<\/td>\n<td class=\"v-align-bottom\">580<\/td>\n<\/tr>\n<tr>\n<td class=\"v-align-bottom\">400<\/td>\n<td class=\"v-align-bottom\">315-400<\/td>\n<td class=\"v-align-bottom\">174<\/td>\n<td class=\"v-align-bottom\">626<\/td>\n<td class=\"v-align-bottom\">202<\/td>\n<td class=\"v-align-bottom\">727<\/td>\n<td class=\"v-align-bottom\">234<\/td>\n<td class=\"v-align-bottom\">842<\/td>\n<\/tr>\n<\/tbody>\n<\/table>\n<p>*) Lp10A = Sound pressure incl. A-filter with 4 dB room attenuation and 10 m2 room absorption area.<\/p>\n<p>The data specified in the lower table is applicable to supply air with an open damper when an ALS commissioning box is used.<\/p>","protected":false},"excerpt":{"rendered":"<h4>Supply and Exhaust Diffuser<\/h4>\n<h4>\u2205100-200, 20-45 l\/s<\/h4>","protected":false},"featured_media":6485,"template":"","meta":{"_acf_changed":false,"inline_featured_image":false,"_links_to":"","_links_to_target":""},"product_brand":[],"product_cat":[70],"product_tag":[],"class_list":{"0":"post-1261","1":"product","2":"type-product","3":"status-publish","4":"has-post-thumbnail","6":"product_cat-aizsargati-difuzori","8":"first","9":"instock","10":"shipping-taxable","11":"product-type-simple"},"acf":[],"yoast_head":"<!-- This site is optimized with the Yoast SEO plugin v27.0 - https:\/\/yoast.com\/product\/yoast-seo-wordpress\/ -->\n<title>ROC<\/title>\n<meta name=\"description\" content=\"ROBUST Cirkul\u0101r\u0101 padeves un izpl\u016bdes gaisa termin\u0101ls ROC\" \/>\n<meta name=\"robots\" content=\"index, follow, max-snippet:-1, max-image-preview:large, max-video-preview:-1\" \/>\n<link rel=\"canonical\" href=\"https:\/\/ecowise.lv\/en\/product\/roc\/\" \/>\n<meta property=\"og:locale\" content=\"en_US\" \/>\n<meta property=\"og:type\" content=\"article\" \/>\n<meta property=\"og:title\" content=\"ROC\" \/>\n<meta property=\"og:description\" content=\"ROBUST Cirkul\u0101r\u0101 padeves un izpl\u016bdes gaisa termin\u0101ls ROC\" \/>\n<meta property=\"og:url\" content=\"https:\/\/ecowise.lv\/en\/product\/roc\/\" \/>\n<meta property=\"og:site_name\" content=\"Ecowise\" \/>\n<meta property=\"article:modified_time\" content=\"2024-03-26T13:32:08+00:00\" \/>\n<meta property=\"og:image\" content=\"https:\/\/ecowise.lv\/wp-content\/uploads\/2023\/04\/ROC.png\" \/>\n\t<meta property=\"og:image:width\" content=\"600\" \/>\n\t<meta property=\"og:image:height\" content=\"450\" \/>\n\t<meta property=\"og:image:type\" content=\"image\/png\" \/>\n<meta name=\"twitter:card\" content=\"summary_large_image\" \/>\n<meta name=\"twitter:label1\" content=\"Est. reading time\" \/>\n\t<meta name=\"twitter:data1\" content=\"2 minutes\" \/>\n<script type=\"application\/ld+json\" class=\"yoast-schema-graph\">{\"@context\":\"https:\/\/schema.org\",\"@graph\":[{\"@type\":\"WebPage\",\"@id\":\"https:\/\/ecowise.lv\/product\/roc\/\",\"url\":\"https:\/\/ecowise.lv\/product\/roc\/\",\"name\":\"ROC\",\"isPartOf\":{\"@id\":\"https:\/\/ecowise.lv\/#website\"},\"primaryImageOfPage\":{\"@id\":\"https:\/\/ecowise.lv\/product\/roc\/#primaryimage\"},\"image\":{\"@id\":\"https:\/\/ecowise.lv\/product\/roc\/#primaryimage\"},\"thumbnailUrl\":\"https:\/\/ecowise.lv\/wp-content\/uploads\/2023\/04\/ROC.png\",\"datePublished\":\"2023-04-05T13:38:53+00:00\",\"dateModified\":\"2024-03-26T13:32:08+00:00\",\"description\":\"ROBUST Cirkul\u0101r\u0101 padeves un izpl\u016bdes gaisa termin\u0101ls ROC\",\"breadcrumb\":{\"@id\":\"https:\/\/ecowise.lv\/product\/roc\/#breadcrumb\"},\"inLanguage\":\"en-US\",\"potentialAction\":[{\"@type\":\"ReadAction\",\"target\":[\"https:\/\/ecowise.lv\/product\/roc\/\"]}]},{\"@type\":\"ImageObject\",\"inLanguage\":\"en-US\",\"@id\":\"https:\/\/ecowise.lv\/product\/roc\/#primaryimage\",\"url\":\"https:\/\/ecowise.lv\/wp-content\/uploads\/2023\/04\/ROC.png\",\"contentUrl\":\"https:\/\/ecowise.lv\/wp-content\/uploads\/2023\/04\/ROC.png\",\"width\":600,\"height\":450},{\"@type\":\"BreadcrumbList\",\"@id\":\"https:\/\/ecowise.lv\/product\/roc\/#breadcrumb\",\"itemListElement\":[{\"@type\":\"ListItem\",\"position\":1,\"name\":\"Products\",\"item\":\"https:\/\/ecowise.lv\/shop\/\"},{\"@type\":\"ListItem\",\"position\":2,\"name\":\"ROC\"}]},{\"@type\":\"WebSite\",\"@id\":\"https:\/\/ecowise.lv\/#website\",\"url\":\"https:\/\/ecowise.lv\/\",\"name\":\"Ecowise\",\"description\":\"Ener\u0123ijas pat\u0113ri\u0146a samazin\u0101jums\",\"publisher\":{\"@id\":\"https:\/\/ecowise.lv\/#organization\"},\"potentialAction\":[{\"@type\":\"SearchAction\",\"target\":{\"@type\":\"EntryPoint\",\"urlTemplate\":\"https:\/\/ecowise.lv\/?s={search_term_string}\"},\"query-input\":{\"@type\":\"PropertyValueSpecification\",\"valueRequired\":true,\"valueName\":\"search_term_string\"}}],\"inLanguage\":\"en-US\"},{\"@type\":\"Organization\",\"@id\":\"https:\/\/ecowise.lv\/#organization\",\"name\":\"Ecowise\",\"url\":\"https:\/\/ecowise.lv\/\",\"logo\":{\"@type\":\"ImageObject\",\"inLanguage\":\"en-US\",\"@id\":\"https:\/\/ecowise.lv\/#\/schema\/logo\/image\/\",\"url\":\"https:\/\/ecowise.lv\/wp-content\/uploads\/2023\/03\/logo.svg\",\"contentUrl\":\"https:\/\/ecowise.lv\/wp-content\/uploads\/2023\/03\/logo.svg\",\"width\":207,\"height\":27,\"caption\":\"Ecowise\"},\"image\":{\"@id\":\"https:\/\/ecowise.lv\/#\/schema\/logo\/image\/\"}}]}<\/script>\n<!-- \/ Yoast SEO plugin. -->","yoast_head_json":{"title":"ROC","description":"ROBUST Cirkul\u0101r\u0101 padeves un izpl\u016bdes gaisa termin\u0101ls ROC","robots":{"index":"index","follow":"follow","max-snippet":"max-snippet:-1","max-image-preview":"max-image-preview:large","max-video-preview":"max-video-preview:-1"},"canonical":"https:\/\/ecowise.lv\/en\/product\/roc\/","og_locale":"en_US","og_type":"article","og_title":"ROC","og_description":"ROBUST Cirkul\u0101r\u0101 padeves un izpl\u016bdes gaisa termin\u0101ls ROC","og_url":"https:\/\/ecowise.lv\/en\/product\/roc\/","og_site_name":"Ecowise","article_modified_time":"2024-03-26T13:32:08+00:00","og_image":[{"width":600,"height":450,"url":"https:\/\/ecowise.lv\/wp-content\/uploads\/2023\/04\/ROC.png","type":"image\/png"}],"twitter_card":"summary_large_image","twitter_misc":{"Est. reading time":"2 minutes"},"schema":{"@context":"https:\/\/schema.org","@graph":[{"@type":"WebPage","@id":"https:\/\/ecowise.lv\/product\/roc\/","url":"https:\/\/ecowise.lv\/product\/roc\/","name":"ROC","isPartOf":{"@id":"https:\/\/ecowise.lv\/#website"},"primaryImageOfPage":{"@id":"https:\/\/ecowise.lv\/product\/roc\/#primaryimage"},"image":{"@id":"https:\/\/ecowise.lv\/product\/roc\/#primaryimage"},"thumbnailUrl":"https:\/\/ecowise.lv\/wp-content\/uploads\/2023\/04\/ROC.png","datePublished":"2023-04-05T13:38:53+00:00","dateModified":"2024-03-26T13:32:08+00:00","description":"ROBUST Cirkul\u0101r\u0101 padeves un izpl\u016bdes gaisa termin\u0101ls ROC","breadcrumb":{"@id":"https:\/\/ecowise.lv\/product\/roc\/#breadcrumb"},"inLanguage":"en-US","potentialAction":[{"@type":"ReadAction","target":["https:\/\/ecowise.lv\/product\/roc\/"]}]},{"@type":"ImageObject","inLanguage":"en-US","@id":"https:\/\/ecowise.lv\/product\/roc\/#primaryimage","url":"https:\/\/ecowise.lv\/wp-content\/uploads\/2023\/04\/ROC.png","contentUrl":"https:\/\/ecowise.lv\/wp-content\/uploads\/2023\/04\/ROC.png","width":600,"height":450},{"@type":"BreadcrumbList","@id":"https:\/\/ecowise.lv\/product\/roc\/#breadcrumb","itemListElement":[{"@type":"ListItem","position":1,"name":"Products","item":"https:\/\/ecowise.lv\/shop\/"},{"@type":"ListItem","position":2,"name":"ROC"}]},{"@type":"WebSite","@id":"https:\/\/ecowise.lv\/#website","url":"https:\/\/ecowise.lv\/","name":"Ecowise","description":"Ener\u0123ijas pat\u0113ri\u0146a samazin\u0101jums","publisher":{"@id":"https:\/\/ecowise.lv\/#organization"},"potentialAction":[{"@type":"SearchAction","target":{"@type":"EntryPoint","urlTemplate":"https:\/\/ecowise.lv\/?s={search_term_string}"},"query-input":{"@type":"PropertyValueSpecification","valueRequired":true,"valueName":"search_term_string"}}],"inLanguage":"en-US"},{"@type":"Organization","@id":"https:\/\/ecowise.lv\/#organization","name":"Ecowise","url":"https:\/\/ecowise.lv\/","logo":{"@type":"ImageObject","inLanguage":"en-US","@id":"https:\/\/ecowise.lv\/#\/schema\/logo\/image\/","url":"https:\/\/ecowise.lv\/wp-content\/uploads\/2023\/03\/logo.svg","contentUrl":"https:\/\/ecowise.lv\/wp-content\/uploads\/2023\/03\/logo.svg","width":207,"height":27,"caption":"Ecowise"},"image":{"@id":"https:\/\/ecowise.lv\/#\/schema\/logo\/image\/"}}]}},"_links":{"self":[{"href":"https:\/\/ecowise.lv\/en\/wp-json\/wp\/v2\/product\/1261","targetHints":{"allow":["GET"]}}],"collection":[{"href":"https:\/\/ecowise.lv\/en\/wp-json\/wp\/v2\/product"}],"about":[{"href":"https:\/\/ecowise.lv\/en\/wp-json\/wp\/v2\/types\/product"}],"wp:featuredmedia":[{"embeddable":true,"href":"https:\/\/ecowise.lv\/en\/wp-json\/wp\/v2\/media\/6485"}],"wp:attachment":[{"href":"https:\/\/ecowise.lv\/en\/wp-json\/wp\/v2\/media?parent=1261"}],"wp:term":[{"taxonomy":"product_brand","embeddable":true,"href":"https:\/\/ecowise.lv\/en\/wp-json\/wp\/v2\/product_brand?post=1261"},{"taxonomy":"product_cat","embeddable":true,"href":"https:\/\/ecowise.lv\/en\/wp-json\/wp\/v2\/product_cat?post=1261"},{"taxonomy":"product_tag","embeddable":true,"href":"https:\/\/ecowise.lv\/en\/wp-json\/wp\/v2\/product_tag?post=1261"}],"curies":[{"name":"wp","href":"https:\/\/api.w.org\/{rel}","templated":true}]}}