{"id":1255,"date":"2023-04-05T16:38:52","date_gmt":"2023-04-05T13:38:52","guid":{"rendered":"https:\/\/ecowise.lv\/?post_type=product&#038;p=1255"},"modified":"2024-03-27T14:49:40","modified_gmt":"2024-03-27T12:49:40","slug":"ufa","status":"publish","type":"product","link":"https:\/\/ecowise.lv\/en\/product\/ufa\/","title":{"rendered":"UFA"},"content":{"rendered":"<h3>Universal grille for mounting in floors, walls or window sills<\/h3>\n<p>The MFA, UFA, and UFK thresholds have fixed aluminum blades that are optimized to provide a stable flow pattern. The grid is mechanically very robust and thus can withstand large external loads. The universal grate can be assembled on site to an unlimited length.<\/p>\n<ul>\n<li>Can be used for both supply and extract air<\/li>\n<li>Extremely versatile as it can be tailor made for all needs<\/li>\n<li>It is possible to construct unlimited lengths of grille<\/li>\n<li>The grille is manufactured in anodised aluminium<br \/>\nStandard colour Anodised\/electroplated aluminium<\/p>\n<ul>\n<li>6 alternative standard colours (powder coating)<\/li>\n<li>Other colours upon request<\/li>\n<\/ul>\n<\/li>\n<\/ul>\n<p>&nbsp;<\/p>\n<table style=\"height: 408px;\" width=\"812\">\n<tbody>\n<tr>\n<td class=\"bold v-align-bottom h-align-center\" colspan=\"8\">\n<div class=\"gtx-body\"><strong>AIR FLOW - SOUND PRESSURE ROOM (Lp10A) *)<\/strong><\/div>\n<\/td>\n<\/tr>\n<tr>\n<td class=\"bold v-align-bottom\" rowspan=\"2\"><strong>UFA<\/strong><br \/>\n<strong>Izm\u0113\u0157s<\/strong><\/td>\n<td class=\"bold v-align-bottom\" rowspan=\"2\"><strong>Length<\/strong><\/td>\n<td class=\"bold v-align-bottom h-align-center\" colspan=\"2\"><strong>15 dB(A)<\/strong><\/td>\n<td class=\"bold v-align-bottom h-align-center\" colspan=\"2\"><strong>20 dB(A)<\/strong><\/td>\n<td class=\"bold v-align-bottom h-align-center\" colspan=\"2\"><strong>25 dB(A)<\/strong><\/td>\n<\/tr>\n<tr>\n<td class=\"bold v-align-middle h-align-center\"><strong>l\/s<\/strong><\/td>\n<td class=\"bold v-align-middle h-align-center\"><strong>m3\/h<\/strong><\/td>\n<td class=\"bold v-align-middle h-align-center\"><strong>l\/s<\/strong><\/td>\n<td class=\"bold v-align-middle h-align-center\"><strong>m3\/h<\/strong><\/td>\n<td class=\"bold v-align-middle h-align-center\"><strong>l\/s<\/strong><\/td>\n<td class=\"bold v-align-middle h-align-center\"><strong>m3\/h<\/strong><\/td>\n<\/tr>\n<tr>\n<td class=\"v-align-bottom\">5-5 *<\/td>\n<td class=\"v-align-bottom\">1000<\/td>\n<td class=\"v-align-bottom\">75<\/td>\n<td class=\"v-align-bottom\">270<\/td>\n<td class=\"v-align-bottom\">87<\/td>\n<td class=\"v-align-bottom\">313<\/td>\n<td class=\"v-align-bottom\">105<\/td>\n<td class=\"v-align-bottom\">378<\/td>\n<\/tr>\n<tr>\n<td class=\"v-align-bottom\">5-8 *<\/td>\n<td class=\"v-align-bottom\">1000<\/td>\n<td class=\"v-align-bottom\">110<\/td>\n<td class=\"v-align-bottom\">396<\/td>\n<td class=\"v-align-bottom\">130<\/td>\n<td class=\"v-align-bottom\">468<\/td>\n<td class=\"v-align-bottom\">155<\/td>\n<td class=\"v-align-bottom\">558<\/td>\n<\/tr>\n<tr>\n<td class=\"v-align-bottom\">5-10 *<\/td>\n<td class=\"v-align-bottom\">1000<\/td>\n<td class=\"v-align-bottom\">130<\/td>\n<td class=\"v-align-bottom\">468<\/td>\n<td class=\"v-align-bottom\">155<\/td>\n<td class=\"v-align-bottom\">558<\/td>\n<td class=\"v-align-bottom\">180<\/td>\n<td class=\"v-align-bottom\">648<\/td>\n<\/tr>\n<tr>\n<td class=\"v-align-bottom\">10-5<\/td>\n<td class=\"v-align-bottom\">1000<\/td>\n<td class=\"v-align-bottom\">110<\/td>\n<td class=\"v-align-bottom\">396<\/td>\n<td class=\"v-align-bottom\">140<\/td>\n<td class=\"v-align-bottom\">504<\/td>\n<td class=\"v-align-bottom\">175<\/td>\n<td class=\"v-align-bottom\">630<\/td>\n<\/tr>\n<tr>\n<td class=\"v-align-bottom\">10-8<\/td>\n<td class=\"v-align-bottom\">1000<\/td>\n<td class=\"v-align-bottom\">155<\/td>\n<td class=\"v-align-bottom\">558<\/td>\n<td class=\"v-align-bottom\">185<\/td>\n<td class=\"v-align-bottom\">666<\/td>\n<td class=\"v-align-bottom\">240<\/td>\n<td class=\"v-align-bottom\">864<\/td>\n<\/tr>\n<tr>\n<td class=\"v-align-bottom\">10-10<\/td>\n<td class=\"v-align-bottom\">1000<\/td>\n<td class=\"v-align-bottom\">170<\/td>\n<td class=\"v-align-bottom\">612<\/td>\n<td class=\"v-align-bottom\">215<\/td>\n<td class=\"v-align-bottom\">774<\/td>\n<td class=\"v-align-bottom\">265<\/td>\n<td class=\"v-align-bottom\">954<\/td>\n<\/tr>\n<tr>\n<td class=\"v-align-bottom\">14-5<\/td>\n<td class=\"v-align-bottom\">1000<\/td>\n<td class=\"v-align-bottom\">175<\/td>\n<td class=\"v-align-bottom\">630<\/td>\n<td class=\"v-align-bottom\">200<\/td>\n<td class=\"v-align-bottom\">720<\/td>\n<td class=\"v-align-bottom\">235<\/td>\n<td class=\"v-align-bottom\">846<\/td>\n<\/tr>\n<tr>\n<td class=\"v-align-bottom\">14-8<\/td>\n<td class=\"v-align-bottom\">1000<\/td>\n<td class=\"v-align-bottom\">245<\/td>\n<td class=\"v-align-bottom\">882<\/td>\n<td class=\"v-align-bottom\">275<\/td>\n<td class=\"v-align-bottom\">990<\/td>\n<td class=\"v-align-bottom\">330<\/td>\n<td class=\"v-align-bottom\">1188<\/td>\n<\/tr>\n<tr>\n<td class=\"v-align-bottom\">14-10<\/td>\n<td class=\"v-align-bottom\">1000<\/td>\n<td class=\"v-align-bottom\">280<\/td>\n<td class=\"v-align-bottom\">1008<\/td>\n<td class=\"v-align-bottom\">310<\/td>\n<td class=\"v-align-bottom\">1116<\/td>\n<td class=\"v-align-bottom\">370<\/td>\n<td class=\"v-align-bottom\">1332<\/td>\n<\/tr>\n<tr>\n<td class=\"v-align-bottom\" colspan=\"8\">\n<div class=\"gtx-body\">*) Lp10A = ska\u0146as spiediens t.sk. A-filtrs ar 4 dB telpas v\u0101jin\u0101jumu un 10 m\u00b2 telpas absorbcijas laukumu.<\/div>\n<div class=\"gtx-body\">* Att\u0101lums starp spraug\u0101m 5 mm attiecas tikai uz MFA un UFA.<\/div>\n<\/td>\n<\/tr>\n<\/tbody>\n<\/table>","protected":false},"excerpt":{"rendered":"<h4>Universal grille<\/h4>","protected":false},"featured_media":2409,"template":"","meta":{"_acf_changed":false,"inline_featured_image":false,"_links_to":"","_links_to_target":""},"product_brand":[],"product_cat":[65,64],"product_tag":[],"class_list":{"0":"post-1255","1":"product","2":"type-product","3":"status-publish","4":"has-post-thumbnail","6":"product_cat-nosuces-difuzori","7":"product_cat-restes","9":"first","10":"instock","11":"shipping-taxable","12":"product-type-simple"},"acf":[],"yoast_head":"<!-- This site is optimized with the Yoast SEO plugin v27.0 - https:\/\/yoast.com\/product\/yoast-seo-wordpress\/ -->\n<title>UFA<\/title>\n<meta name=\"description\" content=\"UFA Univers\u0101ls re\u017e\u0123is gr\u012bd\u0101m\" \/>\n<meta name=\"robots\" content=\"index, follow, max-snippet:-1, max-image-preview:large, max-video-preview:-1\" \/>\n<link rel=\"canonical\" href=\"https:\/\/ecowise.lv\/en\/product\/ufa\/\" \/>\n<meta property=\"og:locale\" content=\"en_US\" \/>\n<meta property=\"og:type\" content=\"article\" \/>\n<meta property=\"og:title\" content=\"UFA\" \/>\n<meta property=\"og:description\" content=\"UFA Univers\u0101ls re\u017e\u0123is gr\u012bd\u0101m\" \/>\n<meta property=\"og:url\" content=\"https:\/\/ecowise.lv\/en\/product\/ufa\/\" \/>\n<meta property=\"og:site_name\" content=\"Ecowise\" \/>\n<meta property=\"article:modified_time\" content=\"2024-03-27T12:49:40+00:00\" \/>\n<meta property=\"og:image\" content=\"https:\/\/ecowise.lv\/wp-content\/uploads\/2023\/04\/ufa-productimage.jpg\" \/>\n\t<meta property=\"og:image:width\" content=\"768\" \/>\n\t<meta property=\"og:image:height\" content=\"576\" \/>\n\t<meta property=\"og:image:type\" content=\"image\/jpeg\" \/>\n<meta name=\"twitter:card\" content=\"summary_large_image\" \/>\n<meta name=\"twitter:label1\" content=\"Est. reading time\" \/>\n\t<meta name=\"twitter:data1\" content=\"2 minutes\" \/>\n<script type=\"application\/ld+json\" class=\"yoast-schema-graph\">{\"@context\":\"https:\/\/schema.org\",\"@graph\":[{\"@type\":\"WebPage\",\"@id\":\"https:\/\/ecowise.lv\/product\/ufa\/\",\"url\":\"https:\/\/ecowise.lv\/product\/ufa\/\",\"name\":\"UFA\",\"isPartOf\":{\"@id\":\"https:\/\/ecowise.lv\/#website\"},\"primaryImageOfPage\":{\"@id\":\"https:\/\/ecowise.lv\/product\/ufa\/#primaryimage\"},\"image\":{\"@id\":\"https:\/\/ecowise.lv\/product\/ufa\/#primaryimage\"},\"thumbnailUrl\":\"https:\/\/ecowise.lv\/wp-content\/uploads\/2023\/04\/ufa-productimage.jpg\",\"datePublished\":\"2023-04-05T13:38:52+00:00\",\"dateModified\":\"2024-03-27T12:49:40+00:00\",\"description\":\"UFA Univers\u0101ls re\u017e\u0123is gr\u012bd\u0101m\",\"breadcrumb\":{\"@id\":\"https:\/\/ecowise.lv\/product\/ufa\/#breadcrumb\"},\"inLanguage\":\"en-US\",\"potentialAction\":[{\"@type\":\"ReadAction\",\"target\":[\"https:\/\/ecowise.lv\/product\/ufa\/\"]}]},{\"@type\":\"ImageObject\",\"inLanguage\":\"en-US\",\"@id\":\"https:\/\/ecowise.lv\/product\/ufa\/#primaryimage\",\"url\":\"https:\/\/ecowise.lv\/wp-content\/uploads\/2023\/04\/ufa-productimage.jpg\",\"contentUrl\":\"https:\/\/ecowise.lv\/wp-content\/uploads\/2023\/04\/ufa-productimage.jpg\",\"width\":768,\"height\":576},{\"@type\":\"BreadcrumbList\",\"@id\":\"https:\/\/ecowise.lv\/product\/ufa\/#breadcrumb\",\"itemListElement\":[{\"@type\":\"ListItem\",\"position\":1,\"name\":\"Products\",\"item\":\"https:\/\/ecowise.lv\/shop\/\"},{\"@type\":\"ListItem\",\"position\":2,\"name\":\"UFA\"}]},{\"@type\":\"WebSite\",\"@id\":\"https:\/\/ecowise.lv\/#website\",\"url\":\"https:\/\/ecowise.lv\/\",\"name\":\"Ecowise\",\"description\":\"Ener\u0123ijas pat\u0113ri\u0146a samazin\u0101jums\",\"publisher\":{\"@id\":\"https:\/\/ecowise.lv\/#organization\"},\"potentialAction\":[{\"@type\":\"SearchAction\",\"target\":{\"@type\":\"EntryPoint\",\"urlTemplate\":\"https:\/\/ecowise.lv\/?s={search_term_string}\"},\"query-input\":{\"@type\":\"PropertyValueSpecification\",\"valueRequired\":true,\"valueName\":\"search_term_string\"}}],\"inLanguage\":\"en-US\"},{\"@type\":\"Organization\",\"@id\":\"https:\/\/ecowise.lv\/#organization\",\"name\":\"Ecowise\",\"url\":\"https:\/\/ecowise.lv\/\",\"logo\":{\"@type\":\"ImageObject\",\"inLanguage\":\"en-US\",\"@id\":\"https:\/\/ecowise.lv\/#\/schema\/logo\/image\/\",\"url\":\"https:\/\/ecowise.lv\/wp-content\/uploads\/2023\/03\/logo.svg\",\"contentUrl\":\"https:\/\/ecowise.lv\/wp-content\/uploads\/2023\/03\/logo.svg\",\"width\":207,\"height\":27,\"caption\":\"Ecowise\"},\"image\":{\"@id\":\"https:\/\/ecowise.lv\/#\/schema\/logo\/image\/\"}}]}<\/script>\n<!-- \/ Yoast SEO plugin. -->","yoast_head_json":{"title":"UFA","description":"UFA Univers\u0101ls re\u017e\u0123is gr\u012bd\u0101m","robots":{"index":"index","follow":"follow","max-snippet":"max-snippet:-1","max-image-preview":"max-image-preview:large","max-video-preview":"max-video-preview:-1"},"canonical":"https:\/\/ecowise.lv\/en\/product\/ufa\/","og_locale":"en_US","og_type":"article","og_title":"UFA","og_description":"UFA Univers\u0101ls re\u017e\u0123is gr\u012bd\u0101m","og_url":"https:\/\/ecowise.lv\/en\/product\/ufa\/","og_site_name":"Ecowise","article_modified_time":"2024-03-27T12:49:40+00:00","og_image":[{"width":768,"height":576,"url":"https:\/\/ecowise.lv\/wp-content\/uploads\/2023\/04\/ufa-productimage.jpg","type":"image\/jpeg"}],"twitter_card":"summary_large_image","twitter_misc":{"Est. reading time":"2 minutes"},"schema":{"@context":"https:\/\/schema.org","@graph":[{"@type":"WebPage","@id":"https:\/\/ecowise.lv\/product\/ufa\/","url":"https:\/\/ecowise.lv\/product\/ufa\/","name":"UFA","isPartOf":{"@id":"https:\/\/ecowise.lv\/#website"},"primaryImageOfPage":{"@id":"https:\/\/ecowise.lv\/product\/ufa\/#primaryimage"},"image":{"@id":"https:\/\/ecowise.lv\/product\/ufa\/#primaryimage"},"thumbnailUrl":"https:\/\/ecowise.lv\/wp-content\/uploads\/2023\/04\/ufa-productimage.jpg","datePublished":"2023-04-05T13:38:52+00:00","dateModified":"2024-03-27T12:49:40+00:00","description":"UFA Univers\u0101ls re\u017e\u0123is gr\u012bd\u0101m","breadcrumb":{"@id":"https:\/\/ecowise.lv\/product\/ufa\/#breadcrumb"},"inLanguage":"en-US","potentialAction":[{"@type":"ReadAction","target":["https:\/\/ecowise.lv\/product\/ufa\/"]}]},{"@type":"ImageObject","inLanguage":"en-US","@id":"https:\/\/ecowise.lv\/product\/ufa\/#primaryimage","url":"https:\/\/ecowise.lv\/wp-content\/uploads\/2023\/04\/ufa-productimage.jpg","contentUrl":"https:\/\/ecowise.lv\/wp-content\/uploads\/2023\/04\/ufa-productimage.jpg","width":768,"height":576},{"@type":"BreadcrumbList","@id":"https:\/\/ecowise.lv\/product\/ufa\/#breadcrumb","itemListElement":[{"@type":"ListItem","position":1,"name":"Products","item":"https:\/\/ecowise.lv\/shop\/"},{"@type":"ListItem","position":2,"name":"UFA"}]},{"@type":"WebSite","@id":"https:\/\/ecowise.lv\/#website","url":"https:\/\/ecowise.lv\/","name":"Ecowise","description":"Ener\u0123ijas pat\u0113ri\u0146a samazin\u0101jums","publisher":{"@id":"https:\/\/ecowise.lv\/#organization"},"potentialAction":[{"@type":"SearchAction","target":{"@type":"EntryPoint","urlTemplate":"https:\/\/ecowise.lv\/?s={search_term_string}"},"query-input":{"@type":"PropertyValueSpecification","valueRequired":true,"valueName":"search_term_string"}}],"inLanguage":"en-US"},{"@type":"Organization","@id":"https:\/\/ecowise.lv\/#organization","name":"Ecowise","url":"https:\/\/ecowise.lv\/","logo":{"@type":"ImageObject","inLanguage":"en-US","@id":"https:\/\/ecowise.lv\/#\/schema\/logo\/image\/","url":"https:\/\/ecowise.lv\/wp-content\/uploads\/2023\/03\/logo.svg","contentUrl":"https:\/\/ecowise.lv\/wp-content\/uploads\/2023\/03\/logo.svg","width":207,"height":27,"caption":"Ecowise"},"image":{"@id":"https:\/\/ecowise.lv\/#\/schema\/logo\/image\/"}}]}},"_links":{"self":[{"href":"https:\/\/ecowise.lv\/en\/wp-json\/wp\/v2\/product\/1255","targetHints":{"allow":["GET"]}}],"collection":[{"href":"https:\/\/ecowise.lv\/en\/wp-json\/wp\/v2\/product"}],"about":[{"href":"https:\/\/ecowise.lv\/en\/wp-json\/wp\/v2\/types\/product"}],"wp:featuredmedia":[{"embeddable":true,"href":"https:\/\/ecowise.lv\/en\/wp-json\/wp\/v2\/media\/2409"}],"wp:attachment":[{"href":"https:\/\/ecowise.lv\/en\/wp-json\/wp\/v2\/media?parent=1255"}],"wp:term":[{"taxonomy":"product_brand","embeddable":true,"href":"https:\/\/ecowise.lv\/en\/wp-json\/wp\/v2\/product_brand?post=1255"},{"taxonomy":"product_cat","embeddable":true,"href":"https:\/\/ecowise.lv\/en\/wp-json\/wp\/v2\/product_cat?post=1255"},{"taxonomy":"product_tag","embeddable":true,"href":"https:\/\/ecowise.lv\/en\/wp-json\/wp\/v2\/product_tag?post=1255"}],"curies":[{"name":"wp","href":"https:\/\/api.w.org\/{rel}","templated":true}]}}