{"id":1250,"date":"2023-04-05T16:38:51","date_gmt":"2023-04-05T13:38:51","guid":{"rendered":"https:\/\/ecowise.lv\/?post_type=product&#038;p=1250"},"modified":"2024-07-12T13:51:16","modified_gmt":"2024-07-12T10:51:16","slug":"grc","status":"publish","type":"product","link":"https:\/\/ecowise.lv\/en\/product\/grc\/","title":{"rendered":"GRC"},"content":{"rendered":"<h3>Circular egg crate grille for extract air and wall\/ceiling mounting<\/h3>\n<ul>\n<li>Extract air<\/li>\n<li>91% free area<\/li>\n<li>Manages large air flows<\/li>\n<li>Cleanable<\/li>\n<li>Can be used with the ALS commissioning box<\/li>\n<li>Standard colour White RAL 9003\n<ul>\n<li>5 alternative standard colours<\/li>\n<li>Other colours upon request<\/li>\n<\/ul>\n<\/li>\n<\/ul>\n<p>&nbsp;<\/p>\n<div class=\"gtx-body\"><strong>AIR FLOW - SOUND PRESSURE ROOM (Lp10A) *)<\/strong><\/div>\n<table>\n<tbody>\n<tr>\n<td class=\"bold v-align-bottom\" colspan=\"3\" rowspan=\"2\"><strong>GRC<\/strong><br \/>\n<strong>Size<\/strong><\/td>\n<td class=\"bold v-align-bottom\" colspan=\"2\"><strong>25 dB(A)<\/strong><\/td>\n<td class=\"bold v-align-bottom\" colspan=\"2\"><strong>30 dB(A)<\/strong><\/td>\n<td class=\"bold v-align-bottom\" colspan=\"2\"><strong>35 dB(A)<\/strong><\/td>\n<\/tr>\n<tr>\n<td class=\"bold v-align-bottom\"><strong>l\/s<\/strong><\/td>\n<td class=\"bold v-align-bottom\"><strong>m3\/h<\/strong><\/td>\n<td class=\"bold v-align-bottom\"><strong>l\/s<\/strong><\/td>\n<td class=\"bold v-align-bottom\"><strong>m3\/h<\/strong><\/td>\n<td class=\"bold v-align-bottom\"><strong>l\/s<\/strong><\/td>\n<td class=\"bold v-align-bottom\"><strong>m3\/h<\/strong><\/td>\n<\/tr>\n<tr>\n<td class=\"v-align-bottom\" colspan=\"3\">100<\/td>\n<td class=\"v-align-bottom\">29<\/td>\n<td class=\"v-align-bottom\">104<\/td>\n<td class=\"v-align-bottom\">35<\/td>\n<td class=\"v-align-bottom\">126<\/td>\n<td class=\"v-align-bottom\">42<\/td>\n<td class=\"v-align-bottom\">151<\/td>\n<\/tr>\n<tr>\n<td class=\"v-align-bottom\" colspan=\"3\">125<\/td>\n<td class=\"v-align-bottom\">45<\/td>\n<td class=\"v-align-bottom\">162<\/td>\n<td class=\"v-align-bottom\">53<\/td>\n<td class=\"v-align-bottom\">191<\/td>\n<td class=\"v-align-bottom\">63<\/td>\n<td class=\"v-align-bottom\">227<\/td>\n<\/tr>\n<tr>\n<td class=\"v-align-bottom\" colspan=\"3\">160<\/td>\n<td class=\"v-align-bottom\">69<\/td>\n<td class=\"v-align-bottom\">248<\/td>\n<td class=\"v-align-bottom\">80<\/td>\n<td class=\"v-align-bottom\">288<\/td>\n<td class=\"v-align-bottom\">94<\/td>\n<td class=\"v-align-bottom\">338<\/td>\n<\/tr>\n<tr>\n<td class=\"v-align-bottom\" colspan=\"3\">200<\/td>\n<td class=\"v-align-bottom\">106<\/td>\n<td class=\"v-align-bottom\">382<\/td>\n<td class=\"v-align-bottom\">123<\/td>\n<td class=\"v-align-bottom\">443<\/td>\n<td class=\"v-align-bottom\">142<\/td>\n<td class=\"v-align-bottom\">511<\/td>\n<\/tr>\n<tr>\n<td class=\"v-align-bottom\" colspan=\"3\">250<\/td>\n<td class=\"v-align-bottom\">156<\/td>\n<td class=\"v-align-bottom\">562<\/td>\n<td class=\"v-align-bottom\">181<\/td>\n<td class=\"v-align-bottom\">652<\/td>\n<td class=\"v-align-bottom\">209<\/td>\n<td class=\"v-align-bottom\">752<\/td>\n<\/tr>\n<tr>\n<td class=\"v-align-bottom\" colspan=\"3\">315<\/td>\n<td class=\"v-align-bottom\">238<\/td>\n<td class=\"v-align-bottom\">857<\/td>\n<td class=\"v-align-bottom\">275<\/td>\n<td class=\"v-align-bottom\">990<\/td>\n<td class=\"v-align-bottom\">319<\/td>\n<td class=\"v-align-bottom\">1148<\/td>\n<\/tr>\n<tr>\n<td class=\"v-align-bottom\" colspan=\"3\">400<\/td>\n<td class=\"v-align-bottom\">345<\/td>\n<td class=\"v-align-bottom\">1242<\/td>\n<td class=\"v-align-bottom\">407<\/td>\n<td class=\"v-align-bottom\">1465<\/td>\n<td class=\"v-align-bottom\">480<\/td>\n<td class=\"v-align-bottom\">1728<\/td>\n<\/tr>\n<tr>\n<td class=\"v-align-bottom\" colspan=\"3\">500<\/td>\n<td class=\"v-align-bottom\">494<\/td>\n<td class=\"v-align-bottom\">1778<\/td>\n<td class=\"v-align-bottom\">590<\/td>\n<td class=\"v-align-bottom\">2124<\/td>\n<td class=\"v-align-bottom\">703<\/td>\n<td class=\"v-align-bottom\">2531<\/td>\n<\/tr>\n<tr>\n<td class=\"v-align-bottom\" colspan=\"3\">630<\/td>\n<td class=\"v-align-bottom\">752<\/td>\n<td class=\"v-align-bottom\">2707<\/td>\n<td class=\"v-align-bottom\">895<\/td>\n<td class=\"v-align-bottom\">3222<\/td>\n<td class=\"v-align-bottom\">1065<\/td>\n<td class=\"v-align-bottom\">3834<\/td>\n<\/tr>\n<tr>\n<td class=\"v-align-bottom\" colspan=\"9\">*) Lp10A = ska\u0146as spiediens t.sk. A-filtrs ar 4 dB telpas v\u0101jin\u0101jumu un 10 m2 telpas absorbcijas laukumu.<br \/>\n<span style=\"font-family: inherit; font-size: inherit;\">Tabul\u0101 ir par\u0101d\u012bti dati par piln\u012bb\u0101 atv\u0113rtu aizb\u012bd\u0146a st\u0101vokli.<\/span><\/td>\n<\/tr>\n<tr>\n<td class=\"v-align-bottom h-align-center\" colspan=\"9\"><\/td>\n<\/tr>\n<tr>\n<td class=\"bold v-align-bottom\" colspan=\"2\" rowspan=\"2\"><strong>GRC<\/strong><br \/>\n<strong>Size<\/strong><\/td>\n<td class=\"bold v-align-bottom\" rowspan=\"2\"><strong>ALS<\/strong><br \/>\n<strong>Size<\/strong><\/td>\n<td class=\"bold v-align-bottom\" colspan=\"2\"><strong>25 dB(A)<\/strong><\/td>\n<td class=\"bold v-align-bottom\" colspan=\"2\"><strong>30 dB(A)<\/strong><\/td>\n<td class=\"bold v-align-bottom\" colspan=\"2\"><strong>35 dB(A)<\/strong><\/td>\n<\/tr>\n<tr>\n<td class=\"bold v-align-bottom\"><strong>l\/s<\/strong><\/td>\n<td class=\"bold v-align-bottom\"><strong>m3\/h<\/strong><\/td>\n<td class=\"bold v-align-bottom\"><strong>l\/s<\/strong><\/td>\n<td class=\"bold v-align-bottom\"><strong>m3\/h<\/strong><\/td>\n<td class=\"bold v-align-bottom\"><strong>l\/s<\/strong><\/td>\n<td class=\"bold v-align-bottom\"><strong>m3\/h<\/strong><\/td>\n<\/tr>\n<tr>\n<td class=\"v-align-bottom\" colspan=\"2\">100<\/td>\n<td class=\"v-align-bottom\">80-100<\/td>\n<td class=\"v-align-bottom\">21<\/td>\n<td class=\"v-align-bottom\">76<\/td>\n<td class=\"v-align-bottom\">25<\/td>\n<td class=\"v-align-bottom\">90<\/td>\n<td class=\"v-align-bottom\">30<\/td>\n<td class=\"v-align-bottom\">108<\/td>\n<\/tr>\n<tr>\n<td class=\"v-align-bottom\" colspan=\"2\">125<\/td>\n<td class=\"v-align-bottom\">100-125<\/td>\n<td class=\"v-align-bottom\">31<\/td>\n<td class=\"v-align-bottom\">112<\/td>\n<td class=\"v-align-bottom\">37<\/td>\n<td class=\"v-align-bottom\">133<\/td>\n<td class=\"v-align-bottom\">44<\/td>\n<td class=\"v-align-bottom\">158<\/td>\n<\/tr>\n<tr>\n<td class=\"v-align-bottom\" colspan=\"2\">160<\/td>\n<td class=\"v-align-bottom\">125-160<\/td>\n<td class=\"v-align-bottom\">42<\/td>\n<td class=\"v-align-bottom\">151<\/td>\n<td class=\"v-align-bottom\">51<\/td>\n<td class=\"v-align-bottom\">184<\/td>\n<td class=\"v-align-bottom\">61<\/td>\n<td class=\"v-align-bottom\">220<\/td>\n<\/tr>\n<tr>\n<td class=\"v-align-bottom\" colspan=\"2\">200<\/td>\n<td class=\"v-align-bottom\">160-200<\/td>\n<td class=\"v-align-bottom\">63<\/td>\n<td class=\"v-align-bottom\">227<\/td>\n<td class=\"v-align-bottom\">76<\/td>\n<td class=\"v-align-bottom\">274<\/td>\n<td class=\"v-align-bottom\">92<\/td>\n<td class=\"v-align-bottom\">331<\/td>\n<\/tr>\n<tr>\n<td class=\"v-align-bottom\" colspan=\"2\">250<\/td>\n<td class=\"v-align-bottom\">200-250<\/td>\n<td class=\"v-align-bottom\">101<\/td>\n<td class=\"v-align-bottom\">364<\/td>\n<td class=\"v-align-bottom\">121<\/td>\n<td class=\"v-align-bottom\">436<\/td>\n<td class=\"v-align-bottom\">145<\/td>\n<td class=\"v-align-bottom\">522<\/td>\n<\/tr>\n<tr>\n<td class=\"v-align-bottom\" colspan=\"2\">315<\/td>\n<td class=\"v-align-bottom\">250-315<\/td>\n<td class=\"v-align-bottom\">165<\/td>\n<td class=\"v-align-bottom\">594<\/td>\n<td class=\"v-align-bottom\">198<\/td>\n<td class=\"v-align-bottom\">713<\/td>\n<td class=\"v-align-bottom\">237<\/td>\n<td class=\"v-align-bottom\">853<\/td>\n<\/tr>\n<tr>\n<td class=\"v-align-bottom\" colspan=\"2\">400<\/td>\n<td class=\"v-align-bottom\">315-400<\/td>\n<td class=\"v-align-bottom\">265<\/td>\n<td class=\"v-align-bottom\">954<\/td>\n<td class=\"v-align-bottom\">312<\/td>\n<td class=\"v-align-bottom\">1123<\/td>\n<td class=\"v-align-bottom\">367<\/td>\n<td class=\"v-align-bottom\">1321<\/td>\n<\/tr>\n<tr>\n<td class=\"v-align-bottom\" colspan=\"2\">500<\/td>\n<td class=\"v-align-bottom\">400-500<\/td>\n<td class=\"v-align-bottom\">406<\/td>\n<td class=\"v-align-bottom\">1462<\/td>\n<td class=\"v-align-bottom\">476<\/td>\n<td class=\"v-align-bottom\">1714<\/td>\n<td class=\"v-align-bottom\">559<\/td>\n<td class=\"v-align-bottom\">2012<\/td>\n<\/tr>\n<tr>\n<td class=\"v-align-bottom\" colspan=\"2\">630<\/td>\n<td class=\"v-align-bottom\" colspan=\"7\">Izm\u0113r\u0101m 630 nav redukcijas k\u0101rbas<\/td>\n<\/tr>\n<tr>\n<td class=\"v-align-bottom\" colspan=\"9\">\n<div class=\"gtx-body\">*) Lp10A = ska\u0146as spiediens t.sk. A-filtrs ar 4 dB telpas v\u0101jin\u0101jumu un 10 m2 telpas absorbcijas laukumu.<\/div>\n<div class=\"gtx-body\">Tabul\u0101 ir par\u0101d\u012bti dati par piln\u012bb\u0101 atv\u0113rtu aizb\u012bd\u0146a st\u0101vokli.<\/div>\n<\/td>\n<\/tr>\n<\/tbody>\n<\/table>","protected":false},"excerpt":{"rendered":"<h4>Overflow and Exhaust Grille<\/h4>\n<h4>\u2205100-630, 29-752 l\/s<\/h4>","protected":false},"featured_media":2423,"template":"","meta":{"_acf_changed":false,"inline_featured_image":false,"_links_to":"","_links_to_target":""},"product_brand":[],"product_cat":[66,65,64],"product_tag":[],"class_list":{"0":"post-1250","1":"product","2":"type-product","3":"status-publish","4":"has-post-thumbnail","6":"product_cat-gaisa-parpludes","7":"product_cat-nosuces-difuzori","8":"product_cat-restes","10":"first","11":"instock","12":"shipping-taxable","13":"product-type-simple"},"acf":[],"yoast_head":"<!-- This site is optimized with the Yoast SEO plugin v27.0 - https:\/\/yoast.com\/product\/yoast-seo-wordpress\/ -->\n<title>GRC<\/title>\n<meta name=\"description\" content=\"Ap\u013cveida reste gaisa p\u0101rpl\u016bdei\/nos\u016bcei un mont\u0101\u017eai pie sienas\/griestiem\" \/>\n<meta name=\"robots\" content=\"index, follow, max-snippet:-1, max-image-preview:large, max-video-preview:-1\" \/>\n<link rel=\"canonical\" href=\"https:\/\/ecowise.lv\/en\/product\/grc\/\" \/>\n<meta property=\"og:locale\" content=\"en_US\" \/>\n<meta property=\"og:type\" content=\"article\" \/>\n<meta property=\"og:title\" content=\"GRC\" \/>\n<meta property=\"og:description\" content=\"Ap\u013cveida reste gaisa p\u0101rpl\u016bdei\/nos\u016bcei un mont\u0101\u017eai pie sienas\/griestiem\" \/>\n<meta property=\"og:url\" content=\"https:\/\/ecowise.lv\/en\/product\/grc\/\" \/>\n<meta property=\"og:site_name\" content=\"Ecowise\" \/>\n<meta property=\"article:modified_time\" content=\"2024-07-12T10:51:16+00:00\" \/>\n<meta property=\"og:image\" content=\"https:\/\/ecowise.lv\/wp-content\/uploads\/2023\/04\/grc-productimage.webp\" \/>\n\t<meta property=\"og:image:width\" content=\"768\" \/>\n\t<meta property=\"og:image:height\" content=\"576\" \/>\n\t<meta property=\"og:image:type\" content=\"image\/webp\" \/>\n<meta name=\"twitter:card\" content=\"summary_large_image\" \/>\n<meta name=\"twitter:label1\" content=\"Est. reading time\" \/>\n\t<meta name=\"twitter:data1\" content=\"2 minutes\" \/>\n<script type=\"application\/ld+json\" class=\"yoast-schema-graph\">{\"@context\":\"https:\/\/schema.org\",\"@graph\":[{\"@type\":\"WebPage\",\"@id\":\"https:\/\/ecowise.lv\/product\/grc\/\",\"url\":\"https:\/\/ecowise.lv\/product\/grc\/\",\"name\":\"GRC\",\"isPartOf\":{\"@id\":\"https:\/\/ecowise.lv\/#website\"},\"primaryImageOfPage\":{\"@id\":\"https:\/\/ecowise.lv\/product\/grc\/#primaryimage\"},\"image\":{\"@id\":\"https:\/\/ecowise.lv\/product\/grc\/#primaryimage\"},\"thumbnailUrl\":\"https:\/\/ecowise.lv\/wp-content\/uploads\/2023\/04\/grc-productimage.webp\",\"datePublished\":\"2023-04-05T13:38:51+00:00\",\"dateModified\":\"2024-07-12T10:51:16+00:00\",\"description\":\"Ap\u013cveida reste gaisa p\u0101rpl\u016bdei\/nos\u016bcei un mont\u0101\u017eai pie sienas\/griestiem\",\"breadcrumb\":{\"@id\":\"https:\/\/ecowise.lv\/product\/grc\/#breadcrumb\"},\"inLanguage\":\"en-US\",\"potentialAction\":[{\"@type\":\"ReadAction\",\"target\":[\"https:\/\/ecowise.lv\/product\/grc\/\"]}]},{\"@type\":\"ImageObject\",\"inLanguage\":\"en-US\",\"@id\":\"https:\/\/ecowise.lv\/product\/grc\/#primaryimage\",\"url\":\"https:\/\/ecowise.lv\/wp-content\/uploads\/2023\/04\/grc-productimage.webp\",\"contentUrl\":\"https:\/\/ecowise.lv\/wp-content\/uploads\/2023\/04\/grc-productimage.webp\",\"width\":768,\"height\":576},{\"@type\":\"BreadcrumbList\",\"@id\":\"https:\/\/ecowise.lv\/product\/grc\/#breadcrumb\",\"itemListElement\":[{\"@type\":\"ListItem\",\"position\":1,\"name\":\"Products\",\"item\":\"https:\/\/ecowise.lv\/shop\/\"},{\"@type\":\"ListItem\",\"position\":2,\"name\":\"GRC\"}]},{\"@type\":\"WebSite\",\"@id\":\"https:\/\/ecowise.lv\/#website\",\"url\":\"https:\/\/ecowise.lv\/\",\"name\":\"Ecowise\",\"description\":\"Ener\u0123ijas pat\u0113ri\u0146a samazin\u0101jums\",\"publisher\":{\"@id\":\"https:\/\/ecowise.lv\/#organization\"},\"potentialAction\":[{\"@type\":\"SearchAction\",\"target\":{\"@type\":\"EntryPoint\",\"urlTemplate\":\"https:\/\/ecowise.lv\/?s={search_term_string}\"},\"query-input\":{\"@type\":\"PropertyValueSpecification\",\"valueRequired\":true,\"valueName\":\"search_term_string\"}}],\"inLanguage\":\"en-US\"},{\"@type\":\"Organization\",\"@id\":\"https:\/\/ecowise.lv\/#organization\",\"name\":\"Ecowise\",\"url\":\"https:\/\/ecowise.lv\/\",\"logo\":{\"@type\":\"ImageObject\",\"inLanguage\":\"en-US\",\"@id\":\"https:\/\/ecowise.lv\/#\/schema\/logo\/image\/\",\"url\":\"https:\/\/ecowise.lv\/wp-content\/uploads\/2023\/03\/logo.svg\",\"contentUrl\":\"https:\/\/ecowise.lv\/wp-content\/uploads\/2023\/03\/logo.svg\",\"width\":207,\"height\":27,\"caption\":\"Ecowise\"},\"image\":{\"@id\":\"https:\/\/ecowise.lv\/#\/schema\/logo\/image\/\"}}]}<\/script>\n<!-- \/ Yoast SEO plugin. -->","yoast_head_json":{"title":"GRC","description":"Ap\u013cveida reste gaisa p\u0101rpl\u016bdei\/nos\u016bcei un mont\u0101\u017eai pie sienas\/griestiem","robots":{"index":"index","follow":"follow","max-snippet":"max-snippet:-1","max-image-preview":"max-image-preview:large","max-video-preview":"max-video-preview:-1"},"canonical":"https:\/\/ecowise.lv\/en\/product\/grc\/","og_locale":"en_US","og_type":"article","og_title":"GRC","og_description":"Ap\u013cveida reste gaisa p\u0101rpl\u016bdei\/nos\u016bcei un mont\u0101\u017eai pie sienas\/griestiem","og_url":"https:\/\/ecowise.lv\/en\/product\/grc\/","og_site_name":"Ecowise","article_modified_time":"2024-07-12T10:51:16+00:00","og_image":[{"width":768,"height":576,"url":"https:\/\/ecowise.lv\/wp-content\/uploads\/2023\/04\/grc-productimage.webp","type":"image\/webp"}],"twitter_card":"summary_large_image","twitter_misc":{"Est. reading time":"2 minutes"},"schema":{"@context":"https:\/\/schema.org","@graph":[{"@type":"WebPage","@id":"https:\/\/ecowise.lv\/product\/grc\/","url":"https:\/\/ecowise.lv\/product\/grc\/","name":"GRC","isPartOf":{"@id":"https:\/\/ecowise.lv\/#website"},"primaryImageOfPage":{"@id":"https:\/\/ecowise.lv\/product\/grc\/#primaryimage"},"image":{"@id":"https:\/\/ecowise.lv\/product\/grc\/#primaryimage"},"thumbnailUrl":"https:\/\/ecowise.lv\/wp-content\/uploads\/2023\/04\/grc-productimage.webp","datePublished":"2023-04-05T13:38:51+00:00","dateModified":"2024-07-12T10:51:16+00:00","description":"Ap\u013cveida reste gaisa p\u0101rpl\u016bdei\/nos\u016bcei un mont\u0101\u017eai pie sienas\/griestiem","breadcrumb":{"@id":"https:\/\/ecowise.lv\/product\/grc\/#breadcrumb"},"inLanguage":"en-US","potentialAction":[{"@type":"ReadAction","target":["https:\/\/ecowise.lv\/product\/grc\/"]}]},{"@type":"ImageObject","inLanguage":"en-US","@id":"https:\/\/ecowise.lv\/product\/grc\/#primaryimage","url":"https:\/\/ecowise.lv\/wp-content\/uploads\/2023\/04\/grc-productimage.webp","contentUrl":"https:\/\/ecowise.lv\/wp-content\/uploads\/2023\/04\/grc-productimage.webp","width":768,"height":576},{"@type":"BreadcrumbList","@id":"https:\/\/ecowise.lv\/product\/grc\/#breadcrumb","itemListElement":[{"@type":"ListItem","position":1,"name":"Products","item":"https:\/\/ecowise.lv\/shop\/"},{"@type":"ListItem","position":2,"name":"GRC"}]},{"@type":"WebSite","@id":"https:\/\/ecowise.lv\/#website","url":"https:\/\/ecowise.lv\/","name":"Ecowise","description":"Ener\u0123ijas pat\u0113ri\u0146a samazin\u0101jums","publisher":{"@id":"https:\/\/ecowise.lv\/#organization"},"potentialAction":[{"@type":"SearchAction","target":{"@type":"EntryPoint","urlTemplate":"https:\/\/ecowise.lv\/?s={search_term_string}"},"query-input":{"@type":"PropertyValueSpecification","valueRequired":true,"valueName":"search_term_string"}}],"inLanguage":"en-US"},{"@type":"Organization","@id":"https:\/\/ecowise.lv\/#organization","name":"Ecowise","url":"https:\/\/ecowise.lv\/","logo":{"@type":"ImageObject","inLanguage":"en-US","@id":"https:\/\/ecowise.lv\/#\/schema\/logo\/image\/","url":"https:\/\/ecowise.lv\/wp-content\/uploads\/2023\/03\/logo.svg","contentUrl":"https:\/\/ecowise.lv\/wp-content\/uploads\/2023\/03\/logo.svg","width":207,"height":27,"caption":"Ecowise"},"image":{"@id":"https:\/\/ecowise.lv\/#\/schema\/logo\/image\/"}}]}},"_links":{"self":[{"href":"https:\/\/ecowise.lv\/en\/wp-json\/wp\/v2\/product\/1250","targetHints":{"allow":["GET"]}}],"collection":[{"href":"https:\/\/ecowise.lv\/en\/wp-json\/wp\/v2\/product"}],"about":[{"href":"https:\/\/ecowise.lv\/en\/wp-json\/wp\/v2\/types\/product"}],"wp:featuredmedia":[{"embeddable":true,"href":"https:\/\/ecowise.lv\/en\/wp-json\/wp\/v2\/media\/2423"}],"wp:attachment":[{"href":"https:\/\/ecowise.lv\/en\/wp-json\/wp\/v2\/media?parent=1250"}],"wp:term":[{"taxonomy":"product_brand","embeddable":true,"href":"https:\/\/ecowise.lv\/en\/wp-json\/wp\/v2\/product_brand?post=1250"},{"taxonomy":"product_cat","embeddable":true,"href":"https:\/\/ecowise.lv\/en\/wp-json\/wp\/v2\/product_cat?post=1250"},{"taxonomy":"product_tag","embeddable":true,"href":"https:\/\/ecowise.lv\/en\/wp-json\/wp\/v2\/product_tag?post=1250"}],"curies":[{"name":"wp","href":"https:\/\/api.w.org\/{rel}","templated":true}]}}