{"id":1249,"date":"2023-04-05T16:38:48","date_gmt":"2023-04-05T13:38:48","guid":{"rendered":"https:\/\/ecowise.lv\/?post_type=product&#038;p=1249"},"modified":"2024-07-12T13:51:00","modified_gmt":"2024-07-12T10:51:00","slug":"eiv","status":"publish","type":"product","link":"https:\/\/ecowise.lv\/en\/product\/eiv\/","title":{"rendered":"EIV"},"content":{"rendered":"<h3>Apa\u013c\u0101 viena l\u012bme\u0146a deflektoru reste sien\u0101m<\/h3>\n<p>EIV ir ap\u013cveida re\u017e\u0123is ar ap\u013cveida savienojumu, kas paredz\u0113ts mont\u0101\u017eai pie sienas. EIV ir regul\u0113jami deflektori, lai piel\u0101gotu izkliedes modeli un metiena garumu. EIV var pagriezt, lai horizont\u0101li vai vertik\u0101li piel\u0101gotu izklied\u0113\u0161anas rakstu. Ieteicams lietot kop\u0101 ar ALS redukcijas k\u0101rbu, lai nodro\u0161in\u0101tu vislab\u0101ko veiktsp\u0113ju.<\/p>\n<ul>\n<li>Var izmantot ar daudzfunkcion\u0101lo redukcijas k\u0101rbu ALS<\/li>\n<li>Adjustable deflectors<\/li>\n<li>Simple to install<\/li>\n<li>Cleanable<\/li>\n<li>Standard colour White RAL 9003\n<ul>\n<li>5 alternative standard colours<\/li>\n<li>Other colours upon request<\/li>\n<\/ul>\n<\/li>\n<\/ul>\n<p>&nbsp;<\/p>\n<table style=\"height: 391px;\" width=\"777\">\n<tbody>\n<tr>\n<td class=\"bold v-align-bottom h-align-center\" colspan=\"8\">\n<div class=\"gtx-body\"><strong>AIR FLOW - SOUND PRESSURE ROOM (Lp10A) *)<\/strong><\/div>\n<\/td>\n<\/tr>\n<tr>\n<td class=\"bold v-align-bottom h-align-left\" colspan=\"2\" rowspan=\"2\"><strong>EIV<\/strong><br \/>\n<strong>Size<\/strong><\/td>\n<td class=\"bold v-align-bottom h-align-center\" colspan=\"2\"><strong>25 dB(A)<\/strong><\/td>\n<td class=\"bold v-align-bottom h-align-center\" colspan=\"2\"><strong>30 dB(A)<\/strong><\/td>\n<td class=\"bold v-align-bottom h-align-center\" colspan=\"2\"><strong>35 dB(A)<\/strong><\/td>\n<\/tr>\n<tr>\n<td class=\"bold v-align-bottom h-align-left\"><strong>l\/s<\/strong><\/td>\n<td class=\"bold v-align-bottom h-align-left\"><strong>m3\/h<\/strong><\/td>\n<td class=\"bold v-align-bottom h-align-left\"><strong>l\/s<\/strong><\/td>\n<td class=\"bold v-align-bottom h-align-left\"><strong>m3\/h<\/strong><\/td>\n<td class=\"bold v-align-bottom h-align-left\"><strong>l\/s<\/strong><\/td>\n<td class=\"bold v-align-bottom h-align-left\"><strong>m3\/h<\/strong><\/td>\n<\/tr>\n<tr>\n<td class=\"v-align-bottom h-align-left\" colspan=\"2\">100<\/td>\n<td class=\"v-align-bottom h-align-left\">36<\/td>\n<td class=\"v-align-bottom h-align-left\">130<\/td>\n<td class=\"v-align-bottom h-align-left\">43<\/td>\n<td class=\"v-align-bottom h-align-left\">155<\/td>\n<td class=\"v-align-bottom h-align-left\">50<\/td>\n<td class=\"v-align-bottom h-align-left\">180<\/td>\n<\/tr>\n<tr>\n<td class=\"v-align-bottom h-align-left\" colspan=\"2\">125<\/td>\n<td class=\"v-align-bottom h-align-left\">53<\/td>\n<td class=\"v-align-bottom h-align-left\">191<\/td>\n<td class=\"v-align-bottom h-align-left\">61<\/td>\n<td class=\"v-align-bottom h-align-left\">220<\/td>\n<td class=\"v-align-bottom h-align-left\">72<\/td>\n<td class=\"v-align-bottom h-align-left\">259<\/td>\n<\/tr>\n<tr>\n<td class=\"v-align-bottom h-align-left\" colspan=\"2\">160<\/td>\n<td class=\"v-align-bottom h-align-left\">53<\/td>\n<td class=\"v-align-bottom h-align-left\">191<\/td>\n<td class=\"v-align-bottom h-align-left\">61<\/td>\n<td class=\"v-align-bottom h-align-left\">220<\/td>\n<td class=\"v-align-bottom h-align-left\">72<\/td>\n<td class=\"v-align-bottom h-align-left\">259<\/td>\n<\/tr>\n<tr>\n<td class=\"v-align-bottom h-align-center\" colspan=\"8\"><\/td>\n<\/tr>\n<tr>\n<td class=\"bold v-align-bottom h-align-left\" rowspan=\"2\"><strong>EIV<\/strong><br \/>\n<strong>Size<\/strong><\/td>\n<td class=\"bold v-align-bottom h-align-left\" rowspan=\"2\"><strong>ALS<\/strong><br \/>\n<strong>Size<\/strong><\/td>\n<td class=\"bold v-align-bottom h-align-center\" colspan=\"2\"><strong>25 dB(A)<\/strong><\/td>\n<td class=\"bold v-align-bottom h-align-center\" colspan=\"2\"><strong>30 dB(A)<\/strong><\/td>\n<td class=\"bold v-align-bottom h-align-center\" colspan=\"2\"><strong>35 dB(A)<\/strong><\/td>\n<\/tr>\n<tr>\n<td class=\"bold v-align-bottom h-align-left\"><strong>l\/s<\/strong><\/td>\n<td class=\"bold v-align-bottom h-align-left\"><strong>m3\/h<\/strong><\/td>\n<td class=\"bold v-align-bottom h-align-left\"><strong>l\/s<\/strong><\/td>\n<td class=\"bold v-align-bottom h-align-left\"><strong>m3\/h<\/strong><\/td>\n<td class=\"bold v-align-bottom h-align-left\"><strong>l\/s<\/strong><\/td>\n<td class=\"bold v-align-bottom h-align-left\"><strong>m3\/h<\/strong><\/td>\n<\/tr>\n<tr>\n<td class=\"v-align-bottom h-align-left\">100<\/td>\n<td class=\"v-align-bottom h-align-left\">80-100<\/td>\n<td class=\"v-align-bottom h-align-left\">18<\/td>\n<td class=\"v-align-bottom h-align-left\">65<\/td>\n<td class=\"v-align-bottom h-align-left\">30<\/td>\n<td class=\"v-align-bottom h-align-left\">108<\/td>\n<td class=\"v-align-bottom h-align-left\">35<\/td>\n<td class=\"v-align-bottom h-align-left\">126<\/td>\n<\/tr>\n<tr>\n<td class=\"v-align-bottom h-align-left\">125<\/td>\n<td class=\"v-align-bottom h-align-left\">100-125<\/td>\n<td class=\"v-align-bottom h-align-left\">27<\/td>\n<td class=\"v-align-bottom h-align-left\">97<\/td>\n<td class=\"v-align-bottom h-align-left\">36<\/td>\n<td class=\"v-align-bottom h-align-left\">130<\/td>\n<td class=\"v-align-bottom h-align-left\">46<\/td>\n<td class=\"v-align-bottom h-align-left\">166<\/td>\n<\/tr>\n<tr>\n<td class=\"v-align-bottom h-align-left\">160<\/td>\n<td class=\"v-align-bottom h-align-left\">125-160<\/td>\n<td class=\"v-align-bottom h-align-left\">38<\/td>\n<td class=\"v-align-bottom h-align-left\">137<\/td>\n<td class=\"v-align-bottom h-align-left\">48<\/td>\n<td class=\"v-align-bottom h-align-left\">173<\/td>\n<td class=\"v-align-bottom h-align-left\">62<\/td>\n<td class=\"v-align-bottom h-align-left\">223<\/td>\n<\/tr>\n<tr>\n<td class=\"v-align-bottom\" colspan=\"8\">\n<div class=\"gtx-body\">Dati attiecas uz EIV kombin\u0101cij\u0101 ar ALS piesl\u0113g\u0161anas k\u0101rbu, pie kop\u0113j\u0101 spiediena krituma 50 Pa. *) Lp10A = ska\u0146as spiediens t.sk. A-filtrs ar 4 dB telpas v\u0101jin\u0101jumu un 10 m\u00b2 telpas absorbcijas laukumu.<\/div>\n<\/td>\n<\/tr>\n<\/tbody>\n<\/table>","protected":false},"excerpt":{"rendered":"<h4>Apa\u013c\u0101 reste<\/h4>\n<h4>\u2205100-160, 36-53 l\/s<\/h4>","protected":false},"featured_media":6625,"template":"","meta":{"_acf_changed":false,"inline_featured_image":false,"_links_to":"","_links_to_target":""},"product_brand":[],"product_cat":[64],"product_tag":[],"class_list":{"0":"post-1249","1":"product","2":"type-product","3":"status-publish","4":"has-post-thumbnail","6":"product_cat-restes","8":"first","9":"instock","10":"shipping-taxable","11":"product-type-simple"},"acf":[],"yoast_head":"<!-- This site is optimized with the Yoast SEO plugin v27.0 - https:\/\/yoast.com\/product\/yoast-seo-wordpress\/ -->\n<title>EIV Apa\u013c\u0101 viena l\u012bme\u0146a deflektoru reste sien\u0101m<\/title>\n<meta name=\"description\" content=\"Apa\u013cveida sienas restes difuzors\" \/>\n<meta name=\"robots\" content=\"index, follow, max-snippet:-1, max-image-preview:large, max-video-preview:-1\" \/>\n<link rel=\"canonical\" href=\"https:\/\/ecowise.lv\/en\/product\/eiv\/\" \/>\n<meta property=\"og:locale\" content=\"en_US\" \/>\n<meta property=\"og:type\" content=\"article\" \/>\n<meta property=\"og:title\" content=\"EIV Apa\u013c\u0101 viena l\u012bme\u0146a deflektoru reste sien\u0101m\" \/>\n<meta property=\"og:description\" content=\"Apa\u013cveida sienas restes difuzors\" \/>\n<meta property=\"og:url\" content=\"https:\/\/ecowise.lv\/en\/product\/eiv\/\" \/>\n<meta property=\"og:site_name\" content=\"Ecowise\" \/>\n<meta property=\"article:modified_time\" content=\"2024-07-12T10:51:00+00:00\" \/>\n<meta property=\"og:image\" content=\"https:\/\/ecowise.lv\/wp-content\/uploads\/2023\/04\/EIV.png\" \/>\n\t<meta property=\"og:image:width\" content=\"600\" \/>\n\t<meta property=\"og:image:height\" content=\"449\" \/>\n\t<meta property=\"og:image:type\" content=\"image\/png\" \/>\n<meta name=\"twitter:card\" content=\"summary_large_image\" \/>\n<meta name=\"twitter:label1\" content=\"Est. reading time\" \/>\n\t<meta name=\"twitter:data1\" content=\"2 minutes\" \/>\n<script type=\"application\/ld+json\" class=\"yoast-schema-graph\">{\"@context\":\"https:\/\/schema.org\",\"@graph\":[{\"@type\":\"WebPage\",\"@id\":\"https:\/\/ecowise.lv\/product\/eiv\/\",\"url\":\"https:\/\/ecowise.lv\/product\/eiv\/\",\"name\":\"EIV Apa\u013c\u0101 viena l\u012bme\u0146a deflektoru reste sien\u0101m\",\"isPartOf\":{\"@id\":\"https:\/\/ecowise.lv\/#website\"},\"primaryImageOfPage\":{\"@id\":\"https:\/\/ecowise.lv\/product\/eiv\/#primaryimage\"},\"image\":{\"@id\":\"https:\/\/ecowise.lv\/product\/eiv\/#primaryimage\"},\"thumbnailUrl\":\"https:\/\/ecowise.lv\/wp-content\/uploads\/2023\/04\/EIV.png\",\"datePublished\":\"2023-04-05T13:38:48+00:00\",\"dateModified\":\"2024-07-12T10:51:00+00:00\",\"description\":\"Apa\u013cveida sienas restes difuzors\",\"breadcrumb\":{\"@id\":\"https:\/\/ecowise.lv\/product\/eiv\/#breadcrumb\"},\"inLanguage\":\"en-US\",\"potentialAction\":[{\"@type\":\"ReadAction\",\"target\":[\"https:\/\/ecowise.lv\/product\/eiv\/\"]}]},{\"@type\":\"ImageObject\",\"inLanguage\":\"en-US\",\"@id\":\"https:\/\/ecowise.lv\/product\/eiv\/#primaryimage\",\"url\":\"https:\/\/ecowise.lv\/wp-content\/uploads\/2023\/04\/EIV.png\",\"contentUrl\":\"https:\/\/ecowise.lv\/wp-content\/uploads\/2023\/04\/EIV.png\",\"width\":600,\"height\":449},{\"@type\":\"BreadcrumbList\",\"@id\":\"https:\/\/ecowise.lv\/product\/eiv\/#breadcrumb\",\"itemListElement\":[{\"@type\":\"ListItem\",\"position\":1,\"name\":\"Products\",\"item\":\"https:\/\/ecowise.lv\/shop\/\"},{\"@type\":\"ListItem\",\"position\":2,\"name\":\"EIV\"}]},{\"@type\":\"WebSite\",\"@id\":\"https:\/\/ecowise.lv\/#website\",\"url\":\"https:\/\/ecowise.lv\/\",\"name\":\"Ecowise\",\"description\":\"Ener\u0123ijas pat\u0113ri\u0146a samazin\u0101jums\",\"publisher\":{\"@id\":\"https:\/\/ecowise.lv\/#organization\"},\"potentialAction\":[{\"@type\":\"SearchAction\",\"target\":{\"@type\":\"EntryPoint\",\"urlTemplate\":\"https:\/\/ecowise.lv\/?s={search_term_string}\"},\"query-input\":{\"@type\":\"PropertyValueSpecification\",\"valueRequired\":true,\"valueName\":\"search_term_string\"}}],\"inLanguage\":\"en-US\"},{\"@type\":\"Organization\",\"@id\":\"https:\/\/ecowise.lv\/#organization\",\"name\":\"Ecowise\",\"url\":\"https:\/\/ecowise.lv\/\",\"logo\":{\"@type\":\"ImageObject\",\"inLanguage\":\"en-US\",\"@id\":\"https:\/\/ecowise.lv\/#\/schema\/logo\/image\/\",\"url\":\"https:\/\/ecowise.lv\/wp-content\/uploads\/2023\/03\/logo.svg\",\"contentUrl\":\"https:\/\/ecowise.lv\/wp-content\/uploads\/2023\/03\/logo.svg\",\"width\":207,\"height\":27,\"caption\":\"Ecowise\"},\"image\":{\"@id\":\"https:\/\/ecowise.lv\/#\/schema\/logo\/image\/\"}}]}<\/script>\n<!-- \/ Yoast SEO plugin. -->","yoast_head_json":{"title":"EIV Apa\u013c\u0101 viena l\u012bme\u0146a deflektoru reste sien\u0101m","description":"Apa\u013cveida sienas restes difuzors","robots":{"index":"index","follow":"follow","max-snippet":"max-snippet:-1","max-image-preview":"max-image-preview:large","max-video-preview":"max-video-preview:-1"},"canonical":"https:\/\/ecowise.lv\/en\/product\/eiv\/","og_locale":"en_US","og_type":"article","og_title":"EIV Apa\u013c\u0101 viena l\u012bme\u0146a deflektoru reste sien\u0101m","og_description":"Apa\u013cveida sienas restes difuzors","og_url":"https:\/\/ecowise.lv\/en\/product\/eiv\/","og_site_name":"Ecowise","article_modified_time":"2024-07-12T10:51:00+00:00","og_image":[{"width":600,"height":449,"url":"https:\/\/ecowise.lv\/wp-content\/uploads\/2023\/04\/EIV.png","type":"image\/png"}],"twitter_card":"summary_large_image","twitter_misc":{"Est. reading time":"2 minutes"},"schema":{"@context":"https:\/\/schema.org","@graph":[{"@type":"WebPage","@id":"https:\/\/ecowise.lv\/product\/eiv\/","url":"https:\/\/ecowise.lv\/product\/eiv\/","name":"EIV Apa\u013c\u0101 viena l\u012bme\u0146a deflektoru reste sien\u0101m","isPartOf":{"@id":"https:\/\/ecowise.lv\/#website"},"primaryImageOfPage":{"@id":"https:\/\/ecowise.lv\/product\/eiv\/#primaryimage"},"image":{"@id":"https:\/\/ecowise.lv\/product\/eiv\/#primaryimage"},"thumbnailUrl":"https:\/\/ecowise.lv\/wp-content\/uploads\/2023\/04\/EIV.png","datePublished":"2023-04-05T13:38:48+00:00","dateModified":"2024-07-12T10:51:00+00:00","description":"Apa\u013cveida sienas restes difuzors","breadcrumb":{"@id":"https:\/\/ecowise.lv\/product\/eiv\/#breadcrumb"},"inLanguage":"en-US","potentialAction":[{"@type":"ReadAction","target":["https:\/\/ecowise.lv\/product\/eiv\/"]}]},{"@type":"ImageObject","inLanguage":"en-US","@id":"https:\/\/ecowise.lv\/product\/eiv\/#primaryimage","url":"https:\/\/ecowise.lv\/wp-content\/uploads\/2023\/04\/EIV.png","contentUrl":"https:\/\/ecowise.lv\/wp-content\/uploads\/2023\/04\/EIV.png","width":600,"height":449},{"@type":"BreadcrumbList","@id":"https:\/\/ecowise.lv\/product\/eiv\/#breadcrumb","itemListElement":[{"@type":"ListItem","position":1,"name":"Products","item":"https:\/\/ecowise.lv\/shop\/"},{"@type":"ListItem","position":2,"name":"EIV"}]},{"@type":"WebSite","@id":"https:\/\/ecowise.lv\/#website","url":"https:\/\/ecowise.lv\/","name":"Ecowise","description":"Ener\u0123ijas pat\u0113ri\u0146a samazin\u0101jums","publisher":{"@id":"https:\/\/ecowise.lv\/#organization"},"potentialAction":[{"@type":"SearchAction","target":{"@type":"EntryPoint","urlTemplate":"https:\/\/ecowise.lv\/?s={search_term_string}"},"query-input":{"@type":"PropertyValueSpecification","valueRequired":true,"valueName":"search_term_string"}}],"inLanguage":"en-US"},{"@type":"Organization","@id":"https:\/\/ecowise.lv\/#organization","name":"Ecowise","url":"https:\/\/ecowise.lv\/","logo":{"@type":"ImageObject","inLanguage":"en-US","@id":"https:\/\/ecowise.lv\/#\/schema\/logo\/image\/","url":"https:\/\/ecowise.lv\/wp-content\/uploads\/2023\/03\/logo.svg","contentUrl":"https:\/\/ecowise.lv\/wp-content\/uploads\/2023\/03\/logo.svg","width":207,"height":27,"caption":"Ecowise"},"image":{"@id":"https:\/\/ecowise.lv\/#\/schema\/logo\/image\/"}}]}},"_links":{"self":[{"href":"https:\/\/ecowise.lv\/en\/wp-json\/wp\/v2\/product\/1249","targetHints":{"allow":["GET"]}}],"collection":[{"href":"https:\/\/ecowise.lv\/en\/wp-json\/wp\/v2\/product"}],"about":[{"href":"https:\/\/ecowise.lv\/en\/wp-json\/wp\/v2\/types\/product"}],"wp:featuredmedia":[{"embeddable":true,"href":"https:\/\/ecowise.lv\/en\/wp-json\/wp\/v2\/media\/6625"}],"wp:attachment":[{"href":"https:\/\/ecowise.lv\/en\/wp-json\/wp\/v2\/media?parent=1249"}],"wp:term":[{"taxonomy":"product_brand","embeddable":true,"href":"https:\/\/ecowise.lv\/en\/wp-json\/wp\/v2\/product_brand?post=1249"},{"taxonomy":"product_cat","embeddable":true,"href":"https:\/\/ecowise.lv\/en\/wp-json\/wp\/v2\/product_cat?post=1249"},{"taxonomy":"product_tag","embeddable":true,"href":"https:\/\/ecowise.lv\/en\/wp-json\/wp\/v2\/product_tag?post=1249"}],"curies":[{"name":"wp","href":"https:\/\/api.w.org\/{rel}","templated":true}]}}