{"id":1244,"date":"2023-04-05T16:38:47","date_gmt":"2023-04-05T13:38:47","guid":{"rendered":"https:\/\/ecowise.lv\/?post_type=product&#038;p=1244"},"modified":"2023-10-14T19:55:38","modified_gmt":"2023-10-14T16:55:38","slug":"pelican-wall","status":"publish","type":"product","link":"https:\/\/ecowise.lv\/en\/product\/pelican-wall\/","title":{"rendered":"PELICAN Wall"},"content":{"rendered":"<p id=\"tw-target-text\" class=\"tw-data-text tw-text-large tw-ta\" dir=\"ltr\" data-placeholder=\"Translation\" data-ved=\"2ahUKEwjT8f_f9_WBAxX4VPEDHcV7AUAQ3ewLegQIBhAQ\"><span class=\"Y2IQFc\" lang=\"lv\">Rectangular Perforated Wall Diffuser for Supply Air <\/span><\/p>\n<ul>\n<li class=\"tw-data-text tw-text-large tw-ta\" dir=\"ltr\" data-placeholder=\"Translation\" data-ved=\"2ahUKEwjT8f_f9_WBAxX4VPEDHcV7AUAQ3ewLegQIBhAQ\"><span class=\"Y2IQFc\" lang=\"lv\">Flexible air distribution pattern, easy to set <\/span><\/li>\n<li class=\"tw-data-text tw-text-large tw-ta\" dir=\"ltr\" data-placeholder=\"Translation\" data-ved=\"2ahUKEwjT8f_f9_WBAxX4VPEDHcV7AUAQ3ewLegQIBhAQ\"><span class=\"Y2IQFc\" lang=\"lv\">Cleanable, removable damper <\/span><\/li>\n<li class=\"tw-data-text tw-text-large tw-ta\" dir=\"ltr\" data-placeholder=\"Translation\" data-ved=\"2ahUKEwjT8f_f9_WBAxX4VPEDHcV7AUAQ3ewLegQIBhAQ\"><span class=\"Y2IQFc\" lang=\"lv\">Simple commissioning, fixed measurement tapping <\/span><\/li>\n<li class=\"tw-data-text tw-text-large tw-ta\" dir=\"ltr\" data-placeholder=\"Translation\" data-ved=\"2ahUKEwjT8f_f9_WBAxX4VPEDHcV7AUAQ3ewLegQIBhAQ\"><span class=\"Y2IQFc\" lang=\"lv\">Removable air diffuser face <\/span><\/li>\n<li class=\"tw-data-text tw-text-large tw-ta\" dir=\"ltr\" data-placeholder=\"Translation\" data-ved=\"2ahUKEwjT8f_f9_WBAxX4VPEDHcV7AUAQ3ewLegQIBhAQ\"><span class=\"Y2IQFc\" lang=\"lv\">Used together with ALV commissioning box <\/span><\/li>\n<li class=\"tw-data-text tw-text-large tw-ta\" dir=\"ltr\" data-placeholder=\"Translation\" data-ved=\"2ahUKEwjT8f_f9_WBAxX4VPEDHcV7AUAQ3ewLegQIBhAQ\"><span class=\"Y2IQFc\" lang=\"lv\">Standard colour White RAL 9003 <\/span><\/li>\n<li class=\"tw-data-text tw-text-large tw-ta\" dir=\"ltr\" data-placeholder=\"Translation\" data-ved=\"2ahUKEwjT8f_f9_WBAxX4VPEDHcV7AUAQ3ewLegQIBhAQ\"><span class=\"Y2IQFc\" lang=\"lv\">5 alternative standard colours <\/span><\/li>\n<li class=\"tw-data-text tw-text-large tw-ta\" dir=\"ltr\" data-placeholder=\"Translation\" data-ved=\"2ahUKEwjT8f_f9_WBAxX4VPEDHcV7AUAQ3ewLegQIBhAQ\"><span class=\"Y2IQFc\" lang=\"lv\">Other colours upon request<\/span><\/li>\n<\/ul>\n<p>&nbsp;<\/p>\n<p>Technical data<\/p>\n<table dir=\"ltr\">\n<tbody>\n<tr>\n<td><strong>PELICAN W<\/strong><\/td>\n<td><strong>ALV<\/strong><\/td>\n<th align=\"center\"><\/th>\n<th align=\"center\"><strong>l\/s<\/strong><\/th>\n<th align=\"center\"><\/th>\n<\/tr>\n<tr>\n<td><strong>Size<\/strong><\/td>\n<td><strong>Size<\/strong><\/td>\n<td><strong>25 dB(A)<\/strong><\/td>\n<td><strong>30 dB(A)<\/strong><\/td>\n<td><strong>35 dB(A)<\/strong><\/td>\n<\/tr>\n<tr>\n<td>300 x 150<\/td>\n<td>300-150-100-B<\/td>\n<td>16<\/td>\n<td>21<\/td>\n<td>31<\/td>\n<\/tr>\n<tr>\n<td>400 x 150<\/td>\n<td>400-150-125-B<\/td>\n<td>22<\/td>\n<td>28<\/td>\n<td>40<\/td>\n<\/tr>\n<tr>\n<td>400 x 200<\/td>\n<td>400-200-160-B<\/td>\n<td>36<\/td>\n<td>46<\/td>\n<td>62<\/td>\n<\/tr>\n<tr>\n<td>550 x 250<\/td>\n<td>550-250-200-B<\/td>\n<td>52<\/td>\n<td>69<\/td>\n<td>86<\/td>\n<\/tr>\n<tr>\n<td>550 x 300<\/td>\n<td>550-300-250-B<\/td>\n<td>85<\/td>\n<td>100<\/td>\n<td>130<\/td>\n<\/tr>\n<\/tbody>\n<\/table>\n<p id=\"tw-target-text\" class=\"tw-data-text tw-text-large tw-ta\" dir=\"ltr\" data-placeholder=\"Translation\" data-ved=\"2ahUKEwjT8f_f9_WBAxX4VPEDHcV7AUAQ3ewLegQIBhAQ\"><span class=\"Y2IQFc\" lang=\"lv\">The data specified in the table is applicable to 50 Pa total pressure.<\/span><\/p>\n<p>*) Lp10A =<span class=\"Y2IQFc\" lang=\"lv\">Sound pressure including A-filter with 4 dB room attenuation and 10 m\u00b2 room absorption area.<\/span><\/p>","protected":false},"excerpt":{"rendered":"<h4><span class=\"Y2IQFc\" lang=\"lv\">Rectangular Perforated Wall Diffuser for Supply Air<\/span><\/h4>\n<h4>16-130 l\/s<\/h4>","protected":false},"featured_media":4552,"template":"","meta":{"_acf_changed":false,"inline_featured_image":false,"_links_to":"","_links_to_target":""},"product_brand":[],"product_cat":[62],"product_tag":[],"class_list":{"0":"post-1244","1":"product","2":"type-product","3":"status-publish","4":"has-post-thumbnail","6":"product_cat-sienas-difuzori","8":"first","9":"instock","10":"shipping-taxable","11":"product-type-simple"},"acf":[],"yoast_head":"<!-- This site is optimized with the Yoast SEO plugin v27.0 - https:\/\/yoast.com\/product\/yoast-seo-wordpress\/ -->\n<title>PELICAN Wall<\/title>\n<meta name=\"description\" content=\"PELICAN Wall taisnst\u016bra perfor\u0113ts sienas gaisa difuzors padeves gaisam\" \/>\n<meta name=\"robots\" content=\"index, follow, max-snippet:-1, max-image-preview:large, max-video-preview:-1\" \/>\n<link rel=\"canonical\" href=\"https:\/\/ecowise.lv\/en\/product\/pelican-wall\/\" \/>\n<meta property=\"og:locale\" content=\"en_US\" \/>\n<meta property=\"og:type\" content=\"article\" \/>\n<meta property=\"og:title\" content=\"PELICAN Wall\" \/>\n<meta property=\"og:description\" content=\"PELICAN Wall taisnst\u016bra perfor\u0113ts sienas gaisa difuzors padeves gaisam\" \/>\n<meta property=\"og:url\" content=\"https:\/\/ecowise.lv\/en\/product\/pelican-wall\/\" \/>\n<meta property=\"og:site_name\" content=\"Ecowise\" \/>\n<meta property=\"article:modified_time\" content=\"2023-10-14T16:55:38+00:00\" \/>\n<meta property=\"og:image\" content=\"https:\/\/ecowise.lv\/wp-content\/uploads\/2023\/04\/Pelican_wall_difuzors_ventilacija.png\" \/>\n\t<meta property=\"og:image:width\" content=\"600\" \/>\n\t<meta property=\"og:image:height\" content=\"450\" \/>\n\t<meta property=\"og:image:type\" content=\"image\/png\" \/>\n<meta name=\"twitter:card\" content=\"summary_large_image\" \/>\n<meta name=\"twitter:label1\" content=\"Est. reading time\" \/>\n\t<meta name=\"twitter:data1\" content=\"1 minute\" \/>\n<script type=\"application\/ld+json\" class=\"yoast-schema-graph\">{\"@context\":\"https:\/\/schema.org\",\"@graph\":[{\"@type\":\"WebPage\",\"@id\":\"https:\/\/ecowise.lv\/product\/pelican-wall\/\",\"url\":\"https:\/\/ecowise.lv\/product\/pelican-wall\/\",\"name\":\"PELICAN Wall\",\"isPartOf\":{\"@id\":\"https:\/\/ecowise.lv\/#website\"},\"primaryImageOfPage\":{\"@id\":\"https:\/\/ecowise.lv\/product\/pelican-wall\/#primaryimage\"},\"image\":{\"@id\":\"https:\/\/ecowise.lv\/product\/pelican-wall\/#primaryimage\"},\"thumbnailUrl\":\"https:\/\/ecowise.lv\/wp-content\/uploads\/2023\/04\/Pelican_wall_difuzors_ventilacija.png\",\"datePublished\":\"2023-04-05T13:38:47+00:00\",\"dateModified\":\"2023-10-14T16:55:38+00:00\",\"description\":\"PELICAN Wall taisnst\u016bra perfor\u0113ts sienas gaisa difuzors padeves gaisam\",\"breadcrumb\":{\"@id\":\"https:\/\/ecowise.lv\/product\/pelican-wall\/#breadcrumb\"},\"inLanguage\":\"en-US\",\"potentialAction\":[{\"@type\":\"ReadAction\",\"target\":[\"https:\/\/ecowise.lv\/product\/pelican-wall\/\"]}]},{\"@type\":\"ImageObject\",\"inLanguage\":\"en-US\",\"@id\":\"https:\/\/ecowise.lv\/product\/pelican-wall\/#primaryimage\",\"url\":\"https:\/\/ecowise.lv\/wp-content\/uploads\/2023\/04\/Pelican_wall_difuzors_ventilacija.png\",\"contentUrl\":\"https:\/\/ecowise.lv\/wp-content\/uploads\/2023\/04\/Pelican_wall_difuzors_ventilacija.png\",\"width\":600,\"height\":450},{\"@type\":\"BreadcrumbList\",\"@id\":\"https:\/\/ecowise.lv\/product\/pelican-wall\/#breadcrumb\",\"itemListElement\":[{\"@type\":\"ListItem\",\"position\":1,\"name\":\"Products\",\"item\":\"https:\/\/ecowise.lv\/shop\/\"},{\"@type\":\"ListItem\",\"position\":2,\"name\":\"PELICAN Wall\"}]},{\"@type\":\"WebSite\",\"@id\":\"https:\/\/ecowise.lv\/#website\",\"url\":\"https:\/\/ecowise.lv\/\",\"name\":\"Ecowise\",\"description\":\"Ener\u0123ijas pat\u0113ri\u0146a samazin\u0101jums\",\"publisher\":{\"@id\":\"https:\/\/ecowise.lv\/#organization\"},\"potentialAction\":[{\"@type\":\"SearchAction\",\"target\":{\"@type\":\"EntryPoint\",\"urlTemplate\":\"https:\/\/ecowise.lv\/?s={search_term_string}\"},\"query-input\":{\"@type\":\"PropertyValueSpecification\",\"valueRequired\":true,\"valueName\":\"search_term_string\"}}],\"inLanguage\":\"en-US\"},{\"@type\":\"Organization\",\"@id\":\"https:\/\/ecowise.lv\/#organization\",\"name\":\"Ecowise\",\"url\":\"https:\/\/ecowise.lv\/\",\"logo\":{\"@type\":\"ImageObject\",\"inLanguage\":\"en-US\",\"@id\":\"https:\/\/ecowise.lv\/#\/schema\/logo\/image\/\",\"url\":\"https:\/\/ecowise.lv\/wp-content\/uploads\/2023\/03\/logo.svg\",\"contentUrl\":\"https:\/\/ecowise.lv\/wp-content\/uploads\/2023\/03\/logo.svg\",\"width\":207,\"height\":27,\"caption\":\"Ecowise\"},\"image\":{\"@id\":\"https:\/\/ecowise.lv\/#\/schema\/logo\/image\/\"}}]}<\/script>\n<!-- \/ Yoast SEO plugin. -->","yoast_head_json":{"title":"PELICAN Wall","description":"PELICAN Wall taisnst\u016bra perfor\u0113ts sienas gaisa difuzors padeves gaisam","robots":{"index":"index","follow":"follow","max-snippet":"max-snippet:-1","max-image-preview":"max-image-preview:large","max-video-preview":"max-video-preview:-1"},"canonical":"https:\/\/ecowise.lv\/en\/product\/pelican-wall\/","og_locale":"en_US","og_type":"article","og_title":"PELICAN Wall","og_description":"PELICAN Wall taisnst\u016bra perfor\u0113ts sienas gaisa difuzors padeves gaisam","og_url":"https:\/\/ecowise.lv\/en\/product\/pelican-wall\/","og_site_name":"Ecowise","article_modified_time":"2023-10-14T16:55:38+00:00","og_image":[{"width":600,"height":450,"url":"https:\/\/ecowise.lv\/wp-content\/uploads\/2023\/04\/Pelican_wall_difuzors_ventilacija.png","type":"image\/png"}],"twitter_card":"summary_large_image","twitter_misc":{"Est. reading time":"1 minute"},"schema":{"@context":"https:\/\/schema.org","@graph":[{"@type":"WebPage","@id":"https:\/\/ecowise.lv\/product\/pelican-wall\/","url":"https:\/\/ecowise.lv\/product\/pelican-wall\/","name":"PELICAN Wall","isPartOf":{"@id":"https:\/\/ecowise.lv\/#website"},"primaryImageOfPage":{"@id":"https:\/\/ecowise.lv\/product\/pelican-wall\/#primaryimage"},"image":{"@id":"https:\/\/ecowise.lv\/product\/pelican-wall\/#primaryimage"},"thumbnailUrl":"https:\/\/ecowise.lv\/wp-content\/uploads\/2023\/04\/Pelican_wall_difuzors_ventilacija.png","datePublished":"2023-04-05T13:38:47+00:00","dateModified":"2023-10-14T16:55:38+00:00","description":"PELICAN Wall taisnst\u016bra perfor\u0113ts sienas gaisa difuzors padeves gaisam","breadcrumb":{"@id":"https:\/\/ecowise.lv\/product\/pelican-wall\/#breadcrumb"},"inLanguage":"en-US","potentialAction":[{"@type":"ReadAction","target":["https:\/\/ecowise.lv\/product\/pelican-wall\/"]}]},{"@type":"ImageObject","inLanguage":"en-US","@id":"https:\/\/ecowise.lv\/product\/pelican-wall\/#primaryimage","url":"https:\/\/ecowise.lv\/wp-content\/uploads\/2023\/04\/Pelican_wall_difuzors_ventilacija.png","contentUrl":"https:\/\/ecowise.lv\/wp-content\/uploads\/2023\/04\/Pelican_wall_difuzors_ventilacija.png","width":600,"height":450},{"@type":"BreadcrumbList","@id":"https:\/\/ecowise.lv\/product\/pelican-wall\/#breadcrumb","itemListElement":[{"@type":"ListItem","position":1,"name":"Products","item":"https:\/\/ecowise.lv\/shop\/"},{"@type":"ListItem","position":2,"name":"PELICAN Wall"}]},{"@type":"WebSite","@id":"https:\/\/ecowise.lv\/#website","url":"https:\/\/ecowise.lv\/","name":"Ecowise","description":"Ener\u0123ijas pat\u0113ri\u0146a samazin\u0101jums","publisher":{"@id":"https:\/\/ecowise.lv\/#organization"},"potentialAction":[{"@type":"SearchAction","target":{"@type":"EntryPoint","urlTemplate":"https:\/\/ecowise.lv\/?s={search_term_string}"},"query-input":{"@type":"PropertyValueSpecification","valueRequired":true,"valueName":"search_term_string"}}],"inLanguage":"en-US"},{"@type":"Organization","@id":"https:\/\/ecowise.lv\/#organization","name":"Ecowise","url":"https:\/\/ecowise.lv\/","logo":{"@type":"ImageObject","inLanguage":"en-US","@id":"https:\/\/ecowise.lv\/#\/schema\/logo\/image\/","url":"https:\/\/ecowise.lv\/wp-content\/uploads\/2023\/03\/logo.svg","contentUrl":"https:\/\/ecowise.lv\/wp-content\/uploads\/2023\/03\/logo.svg","width":207,"height":27,"caption":"Ecowise"},"image":{"@id":"https:\/\/ecowise.lv\/#\/schema\/logo\/image\/"}}]}},"_links":{"self":[{"href":"https:\/\/ecowise.lv\/en\/wp-json\/wp\/v2\/product\/1244","targetHints":{"allow":["GET"]}}],"collection":[{"href":"https:\/\/ecowise.lv\/en\/wp-json\/wp\/v2\/product"}],"about":[{"href":"https:\/\/ecowise.lv\/en\/wp-json\/wp\/v2\/types\/product"}],"wp:featuredmedia":[{"embeddable":true,"href":"https:\/\/ecowise.lv\/en\/wp-json\/wp\/v2\/media\/4552"}],"wp:attachment":[{"href":"https:\/\/ecowise.lv\/en\/wp-json\/wp\/v2\/media?parent=1244"}],"wp:term":[{"taxonomy":"product_brand","embeddable":true,"href":"https:\/\/ecowise.lv\/en\/wp-json\/wp\/v2\/product_brand?post=1244"},{"taxonomy":"product_cat","embeddable":true,"href":"https:\/\/ecowise.lv\/en\/wp-json\/wp\/v2\/product_cat?post=1244"},{"taxonomy":"product_tag","embeddable":true,"href":"https:\/\/ecowise.lv\/en\/wp-json\/wp\/v2\/product_tag?post=1244"}],"curies":[{"name":"wp","href":"https:\/\/api.w.org\/{rel}","templated":true}]}}