{"id":1237,"date":"2023-04-05T16:38:45","date_gmt":"2023-04-05T13:38:45","guid":{"rendered":"https:\/\/ecowise.lv\/?post_type=product&#038;p=1237"},"modified":"2023-09-14T11:08:12","modified_gmt":"2023-09-14T08:08:12","slug":"silver-c-cx-version-f","status":"publish","type":"product","link":"https:\/\/ecowise.lv\/en\/product\/silver-c-cx-version-f\/","title":{"rendered":"SILVER C CX"},"content":{"rendered":"<p>Air handling units with intermediate heat exchangers<br \/>\nComplete air supply block with direct drive supply and exhaust air fans, supply air and exhaust air filters, and coil heat exchanger.<\/p>\n<p>Airflow up to 50,400 m\u00b3\/h<br \/>\nUnconnected pipe set (accessory)<br \/>\nOptimized fan sizes offer greater freedom in selecting the exact right unit size and fan variant that meet installation needs. This also provides even more opportunities to optimize the energy efficiency of the current project.<\/p>","protected":false},"excerpt":{"rendered":"<h4>Air handling unit with an intermediate heat exchanger<\/h4>\n<h4>Up to 50,400 m\u00b3\/h<\/h4>","protected":false},"featured_media":2554,"template":"","meta":{"_acf_changed":false,"inline_featured_image":false,"_links_to":"","_links_to_target":""},"product_brand":[],"product_cat":[34],"product_tag":[],"class_list":{"0":"post-1237","1":"product","2":"type-product","3":"status-publish","4":"has-post-thumbnail","6":"product_cat-silver","8":"first","9":"instock","10":"shipping-taxable","11":"product-type-simple"},"acf":[],"yoast_head":"<!-- This site is optimized with the Yoast SEO plugin v27.0 - https:\/\/yoast.com\/product\/yoast-seo-wordpress\/ -->\n<title>SILVER C CX version F<\/title>\n<meta name=\"description\" content=\"Gaisa apstr\u0101des iek\u0101rta SILVER C CX version F ar spoles siltummai\u0146iem\" \/>\n<meta name=\"robots\" content=\"index, follow, max-snippet:-1, max-image-preview:large, max-video-preview:-1\" \/>\n<link rel=\"canonical\" href=\"https:\/\/ecowise.lv\/en\/product\/silver-c-cx-version-f\/\" \/>\n<meta property=\"og:locale\" content=\"en_US\" \/>\n<meta property=\"og:type\" content=\"article\" \/>\n<meta property=\"og:title\" content=\"SILVER C CX version F\" \/>\n<meta property=\"og:description\" content=\"Gaisa apstr\u0101des iek\u0101rta SILVER C CX version F ar spoles siltummai\u0146iem\" \/>\n<meta property=\"og:url\" content=\"https:\/\/ecowise.lv\/en\/product\/silver-c-cx-version-f\/\" \/>\n<meta property=\"og:site_name\" content=\"Ecowise\" \/>\n<meta property=\"article:modified_time\" content=\"2023-09-14T08:08:12+00:00\" \/>\n<meta property=\"og:image\" content=\"https:\/\/ecowise.lv\/wp-content\/uploads\/2023\/04\/silverc-cx40-productimage-e1694675838248.png\" \/>\n\t<meta property=\"og:image:width\" content=\"530\" \/>\n\t<meta property=\"og:image:height\" content=\"436\" \/>\n\t<meta property=\"og:image:type\" content=\"image\/png\" \/>\n<meta name=\"twitter:card\" content=\"summary_large_image\" \/>\n<meta name=\"twitter:label1\" content=\"Est. reading time\" \/>\n\t<meta name=\"twitter:data1\" content=\"1 minute\" \/>\n<script type=\"application\/ld+json\" class=\"yoast-schema-graph\">{\"@context\":\"https:\/\/schema.org\",\"@graph\":[{\"@type\":\"WebPage\",\"@id\":\"https:\/\/ecowise.lv\/product\/silver-c-cx-version-f\/\",\"url\":\"https:\/\/ecowise.lv\/product\/silver-c-cx-version-f\/\",\"name\":\"SILVER C CX version F\",\"isPartOf\":{\"@id\":\"https:\/\/ecowise.lv\/#website\"},\"primaryImageOfPage\":{\"@id\":\"https:\/\/ecowise.lv\/product\/silver-c-cx-version-f\/#primaryimage\"},\"image\":{\"@id\":\"https:\/\/ecowise.lv\/product\/silver-c-cx-version-f\/#primaryimage\"},\"thumbnailUrl\":\"https:\/\/ecowise.lv\/wp-content\/uploads\/2023\/04\/silverc-cx40-productimage-e1694675838248.png\",\"datePublished\":\"2023-04-05T13:38:45+00:00\",\"dateModified\":\"2023-09-14T08:08:12+00:00\",\"description\":\"Gaisa apstr\u0101des iek\u0101rta SILVER C CX version F ar spoles siltummai\u0146iem\",\"breadcrumb\":{\"@id\":\"https:\/\/ecowise.lv\/product\/silver-c-cx-version-f\/#breadcrumb\"},\"inLanguage\":\"en-US\",\"potentialAction\":[{\"@type\":\"ReadAction\",\"target\":[\"https:\/\/ecowise.lv\/product\/silver-c-cx-version-f\/\"]}]},{\"@type\":\"ImageObject\",\"inLanguage\":\"en-US\",\"@id\":\"https:\/\/ecowise.lv\/product\/silver-c-cx-version-f\/#primaryimage\",\"url\":\"https:\/\/ecowise.lv\/wp-content\/uploads\/2023\/04\/silverc-cx40-productimage-e1694675838248.png\",\"contentUrl\":\"https:\/\/ecowise.lv\/wp-content\/uploads\/2023\/04\/silverc-cx40-productimage-e1694675838248.png\",\"width\":530,\"height\":436},{\"@type\":\"BreadcrumbList\",\"@id\":\"https:\/\/ecowise.lv\/product\/silver-c-cx-version-f\/#breadcrumb\",\"itemListElement\":[{\"@type\":\"ListItem\",\"position\":1,\"name\":\"Products\",\"item\":\"https:\/\/ecowise.lv\/shop\/\"},{\"@type\":\"ListItem\",\"position\":2,\"name\":\"SILVER C CX\"}]},{\"@type\":\"WebSite\",\"@id\":\"https:\/\/ecowise.lv\/#website\",\"url\":\"https:\/\/ecowise.lv\/\",\"name\":\"Ecowise\",\"description\":\"Ener\u0123ijas pat\u0113ri\u0146a samazin\u0101jums\",\"publisher\":{\"@id\":\"https:\/\/ecowise.lv\/#organization\"},\"potentialAction\":[{\"@type\":\"SearchAction\",\"target\":{\"@type\":\"EntryPoint\",\"urlTemplate\":\"https:\/\/ecowise.lv\/?s={search_term_string}\"},\"query-input\":{\"@type\":\"PropertyValueSpecification\",\"valueRequired\":true,\"valueName\":\"search_term_string\"}}],\"inLanguage\":\"en-US\"},{\"@type\":\"Organization\",\"@id\":\"https:\/\/ecowise.lv\/#organization\",\"name\":\"Ecowise\",\"url\":\"https:\/\/ecowise.lv\/\",\"logo\":{\"@type\":\"ImageObject\",\"inLanguage\":\"en-US\",\"@id\":\"https:\/\/ecowise.lv\/#\/schema\/logo\/image\/\",\"url\":\"https:\/\/ecowise.lv\/wp-content\/uploads\/2023\/03\/logo.svg\",\"contentUrl\":\"https:\/\/ecowise.lv\/wp-content\/uploads\/2023\/03\/logo.svg\",\"width\":207,\"height\":27,\"caption\":\"Ecowise\"},\"image\":{\"@id\":\"https:\/\/ecowise.lv\/#\/schema\/logo\/image\/\"}}]}<\/script>\n<!-- \/ Yoast SEO plugin. -->","yoast_head_json":{"title":"SILVER C CX version F","description":"Gaisa apstr\u0101des iek\u0101rta SILVER C CX version F ar spoles siltummai\u0146iem","robots":{"index":"index","follow":"follow","max-snippet":"max-snippet:-1","max-image-preview":"max-image-preview:large","max-video-preview":"max-video-preview:-1"},"canonical":"https:\/\/ecowise.lv\/en\/product\/silver-c-cx-version-f\/","og_locale":"en_US","og_type":"article","og_title":"SILVER C CX version F","og_description":"Gaisa apstr\u0101des iek\u0101rta SILVER C CX version F ar spoles siltummai\u0146iem","og_url":"https:\/\/ecowise.lv\/en\/product\/silver-c-cx-version-f\/","og_site_name":"Ecowise","article_modified_time":"2023-09-14T08:08:12+00:00","og_image":[{"width":530,"height":436,"url":"https:\/\/ecowise.lv\/wp-content\/uploads\/2023\/04\/silverc-cx40-productimage-e1694675838248.png","type":"image\/png"}],"twitter_card":"summary_large_image","twitter_misc":{"Est. reading time":"1 minute"},"schema":{"@context":"https:\/\/schema.org","@graph":[{"@type":"WebPage","@id":"https:\/\/ecowise.lv\/product\/silver-c-cx-version-f\/","url":"https:\/\/ecowise.lv\/product\/silver-c-cx-version-f\/","name":"SILVER C CX version F","isPartOf":{"@id":"https:\/\/ecowise.lv\/#website"},"primaryImageOfPage":{"@id":"https:\/\/ecowise.lv\/product\/silver-c-cx-version-f\/#primaryimage"},"image":{"@id":"https:\/\/ecowise.lv\/product\/silver-c-cx-version-f\/#primaryimage"},"thumbnailUrl":"https:\/\/ecowise.lv\/wp-content\/uploads\/2023\/04\/silverc-cx40-productimage-e1694675838248.png","datePublished":"2023-04-05T13:38:45+00:00","dateModified":"2023-09-14T08:08:12+00:00","description":"Gaisa apstr\u0101des iek\u0101rta SILVER C CX version F ar spoles siltummai\u0146iem","breadcrumb":{"@id":"https:\/\/ecowise.lv\/product\/silver-c-cx-version-f\/#breadcrumb"},"inLanguage":"en-US","potentialAction":[{"@type":"ReadAction","target":["https:\/\/ecowise.lv\/product\/silver-c-cx-version-f\/"]}]},{"@type":"ImageObject","inLanguage":"en-US","@id":"https:\/\/ecowise.lv\/product\/silver-c-cx-version-f\/#primaryimage","url":"https:\/\/ecowise.lv\/wp-content\/uploads\/2023\/04\/silverc-cx40-productimage-e1694675838248.png","contentUrl":"https:\/\/ecowise.lv\/wp-content\/uploads\/2023\/04\/silverc-cx40-productimage-e1694675838248.png","width":530,"height":436},{"@type":"BreadcrumbList","@id":"https:\/\/ecowise.lv\/product\/silver-c-cx-version-f\/#breadcrumb","itemListElement":[{"@type":"ListItem","position":1,"name":"Products","item":"https:\/\/ecowise.lv\/shop\/"},{"@type":"ListItem","position":2,"name":"SILVER C CX"}]},{"@type":"WebSite","@id":"https:\/\/ecowise.lv\/#website","url":"https:\/\/ecowise.lv\/","name":"Ecowise","description":"Ener\u0123ijas pat\u0113ri\u0146a samazin\u0101jums","publisher":{"@id":"https:\/\/ecowise.lv\/#organization"},"potentialAction":[{"@type":"SearchAction","target":{"@type":"EntryPoint","urlTemplate":"https:\/\/ecowise.lv\/?s={search_term_string}"},"query-input":{"@type":"PropertyValueSpecification","valueRequired":true,"valueName":"search_term_string"}}],"inLanguage":"en-US"},{"@type":"Organization","@id":"https:\/\/ecowise.lv\/#organization","name":"Ecowise","url":"https:\/\/ecowise.lv\/","logo":{"@type":"ImageObject","inLanguage":"en-US","@id":"https:\/\/ecowise.lv\/#\/schema\/logo\/image\/","url":"https:\/\/ecowise.lv\/wp-content\/uploads\/2023\/03\/logo.svg","contentUrl":"https:\/\/ecowise.lv\/wp-content\/uploads\/2023\/03\/logo.svg","width":207,"height":27,"caption":"Ecowise"},"image":{"@id":"https:\/\/ecowise.lv\/#\/schema\/logo\/image\/"}}]}},"_links":{"self":[{"href":"https:\/\/ecowise.lv\/en\/wp-json\/wp\/v2\/product\/1237","targetHints":{"allow":["GET"]}}],"collection":[{"href":"https:\/\/ecowise.lv\/en\/wp-json\/wp\/v2\/product"}],"about":[{"href":"https:\/\/ecowise.lv\/en\/wp-json\/wp\/v2\/types\/product"}],"wp:featuredmedia":[{"embeddable":true,"href":"https:\/\/ecowise.lv\/en\/wp-json\/wp\/v2\/media\/2554"}],"wp:attachment":[{"href":"https:\/\/ecowise.lv\/en\/wp-json\/wp\/v2\/media?parent=1237"}],"wp:term":[{"taxonomy":"product_brand","embeddable":true,"href":"https:\/\/ecowise.lv\/en\/wp-json\/wp\/v2\/product_brand?post=1237"},{"taxonomy":"product_cat","embeddable":true,"href":"https:\/\/ecowise.lv\/en\/wp-json\/wp\/v2\/product_cat?post=1237"},{"taxonomy":"product_tag","embeddable":true,"href":"https:\/\/ecowise.lv\/en\/wp-json\/wp\/v2\/product_tag?post=1237"}],"curies":[{"name":"wp","href":"https:\/\/api.w.org\/{rel}","templated":true}]}}