{"id":1236,"date":"2023-04-05T16:38:45","date_gmt":"2023-04-05T13:38:45","guid":{"rendered":"https:\/\/ecowise.lv\/?post_type=product&#038;p=1236"},"modified":"2023-09-14T11:02:15","modified_gmt":"2023-09-14T08:02:15","slug":"silver-c-px","status":"publish","type":"product","link":"https:\/\/ecowise.lv\/en\/product\/silver-c-px\/","title":{"rendered":"SILVER C PX"},"content":{"rendered":"<p>SILVER C PX is a complete air handling unit with a counterflow heat exchanger RECOflow, direct drive supply and exhaust air fans, as well as supply and exhaust air filters. The counterflow heat exchange with separate airflows is particularly recommended for applications where odors transfer between extract and supply air, such as in kitchens and restaurant uses.<\/p>\n<p>Airflow is up to 11,520 m\u00b3\/h<br \/>\nBypass and shut-off valves<br \/>\nOptimized fan sizes offer greater freedom in selecting the exact right size for the air handling unit and fan options that meet installation needs. This also offers even more opportunities to optimize the energy efficiency of the current project.<br \/>\nUnique, efficient, and safe counterflow heat exchanger<\/p>\n<p>Using high-quality hardware, Swegon SILVER C PX can achieve excellent energy recovery, despite its compact size.<\/p>","protected":false},"excerpt":{"rendered":"<h4>Air handling unit with a plate (counterflow) heat exchanger<\/h4>\n<h4>290-11520 m\u00b3\/h<\/h4>","protected":false},"featured_media":2551,"template":"","meta":{"_acf_changed":false,"inline_featured_image":false,"_links_to":"","_links_to_target":""},"product_brand":[],"product_cat":[34],"product_tag":[],"class_list":{"0":"post-1236","1":"product","2":"type-product","3":"status-publish","4":"has-post-thumbnail","6":"product_cat-silver","8":"first","9":"instock","10":"shipping-taxable","11":"product-type-simple"},"acf":[],"yoast_head":"<!-- This site is optimized with the Yoast SEO plugin v27.0 - https:\/\/yoast.com\/product\/yoast-seo-wordpress\/ -->\n<title>SILVER C PX<\/title>\n<meta name=\"description\" content=\"Gaisa apstr\u0101des iek\u0101rta SILVER C PX ar siltummai\u0146u (pretpl\u016bsma)\" \/>\n<meta name=\"robots\" content=\"index, follow, max-snippet:-1, max-image-preview:large, max-video-preview:-1\" \/>\n<link rel=\"canonical\" href=\"https:\/\/ecowise.lv\/en\/product\/silver-c-px\/\" \/>\n<meta property=\"og:locale\" content=\"en_US\" \/>\n<meta property=\"og:type\" content=\"article\" \/>\n<meta property=\"og:title\" content=\"SILVER C PX\" \/>\n<meta property=\"og:description\" content=\"Gaisa apstr\u0101des iek\u0101rta SILVER C PX ar siltummai\u0146u (pretpl\u016bsma)\" \/>\n<meta property=\"og:url\" content=\"https:\/\/ecowise.lv\/en\/product\/silver-c-px\/\" \/>\n<meta property=\"og:site_name\" content=\"Ecowise\" \/>\n<meta property=\"article:modified_time\" content=\"2023-09-14T08:02:15+00:00\" \/>\n<meta property=\"og:image\" content=\"https:\/\/ecowise.lv\/wp-content\/uploads\/2023\/04\/silverc_px.jpg\" \/>\n\t<meta property=\"og:image:width\" content=\"700\" \/>\n\t<meta property=\"og:image:height\" content=\"584\" \/>\n\t<meta property=\"og:image:type\" content=\"image\/jpeg\" \/>\n<meta name=\"twitter:card\" content=\"summary_large_image\" \/>\n<meta name=\"twitter:label1\" content=\"Est. reading time\" \/>\n\t<meta name=\"twitter:data1\" content=\"1 minute\" \/>\n<script type=\"application\/ld+json\" class=\"yoast-schema-graph\">{\"@context\":\"https:\/\/schema.org\",\"@graph\":[{\"@type\":\"WebPage\",\"@id\":\"https:\/\/ecowise.lv\/product\/silver-c-px\/\",\"url\":\"https:\/\/ecowise.lv\/product\/silver-c-px\/\",\"name\":\"SILVER C PX\",\"isPartOf\":{\"@id\":\"https:\/\/ecowise.lv\/#website\"},\"primaryImageOfPage\":{\"@id\":\"https:\/\/ecowise.lv\/product\/silver-c-px\/#primaryimage\"},\"image\":{\"@id\":\"https:\/\/ecowise.lv\/product\/silver-c-px\/#primaryimage\"},\"thumbnailUrl\":\"https:\/\/ecowise.lv\/wp-content\/uploads\/2023\/04\/silverc_px.jpg\",\"datePublished\":\"2023-04-05T13:38:45+00:00\",\"dateModified\":\"2023-09-14T08:02:15+00:00\",\"description\":\"Gaisa apstr\u0101des iek\u0101rta SILVER C PX ar siltummai\u0146u (pretpl\u016bsma)\",\"breadcrumb\":{\"@id\":\"https:\/\/ecowise.lv\/product\/silver-c-px\/#breadcrumb\"},\"inLanguage\":\"en-US\",\"potentialAction\":[{\"@type\":\"ReadAction\",\"target\":[\"https:\/\/ecowise.lv\/product\/silver-c-px\/\"]}]},{\"@type\":\"ImageObject\",\"inLanguage\":\"en-US\",\"@id\":\"https:\/\/ecowise.lv\/product\/silver-c-px\/#primaryimage\",\"url\":\"https:\/\/ecowise.lv\/wp-content\/uploads\/2023\/04\/silverc_px.jpg\",\"contentUrl\":\"https:\/\/ecowise.lv\/wp-content\/uploads\/2023\/04\/silverc_px.jpg\",\"width\":700,\"height\":584},{\"@type\":\"BreadcrumbList\",\"@id\":\"https:\/\/ecowise.lv\/product\/silver-c-px\/#breadcrumb\",\"itemListElement\":[{\"@type\":\"ListItem\",\"position\":1,\"name\":\"Products\",\"item\":\"https:\/\/ecowise.lv\/shop\/\"},{\"@type\":\"ListItem\",\"position\":2,\"name\":\"SILVER C PX\"}]},{\"@type\":\"WebSite\",\"@id\":\"https:\/\/ecowise.lv\/#website\",\"url\":\"https:\/\/ecowise.lv\/\",\"name\":\"Ecowise\",\"description\":\"Ener\u0123ijas pat\u0113ri\u0146a samazin\u0101jums\",\"publisher\":{\"@id\":\"https:\/\/ecowise.lv\/#organization\"},\"potentialAction\":[{\"@type\":\"SearchAction\",\"target\":{\"@type\":\"EntryPoint\",\"urlTemplate\":\"https:\/\/ecowise.lv\/?s={search_term_string}\"},\"query-input\":{\"@type\":\"PropertyValueSpecification\",\"valueRequired\":true,\"valueName\":\"search_term_string\"}}],\"inLanguage\":\"en-US\"},{\"@type\":\"Organization\",\"@id\":\"https:\/\/ecowise.lv\/#organization\",\"name\":\"Ecowise\",\"url\":\"https:\/\/ecowise.lv\/\",\"logo\":{\"@type\":\"ImageObject\",\"inLanguage\":\"en-US\",\"@id\":\"https:\/\/ecowise.lv\/#\/schema\/logo\/image\/\",\"url\":\"https:\/\/ecowise.lv\/wp-content\/uploads\/2023\/03\/logo.svg\",\"contentUrl\":\"https:\/\/ecowise.lv\/wp-content\/uploads\/2023\/03\/logo.svg\",\"width\":207,\"height\":27,\"caption\":\"Ecowise\"},\"image\":{\"@id\":\"https:\/\/ecowise.lv\/#\/schema\/logo\/image\/\"}}]}<\/script>\n<!-- \/ Yoast SEO plugin. -->","yoast_head_json":{"title":"SILVER C PX","description":"Gaisa apstr\u0101des iek\u0101rta SILVER C PX ar siltummai\u0146u (pretpl\u016bsma)","robots":{"index":"index","follow":"follow","max-snippet":"max-snippet:-1","max-image-preview":"max-image-preview:large","max-video-preview":"max-video-preview:-1"},"canonical":"https:\/\/ecowise.lv\/en\/product\/silver-c-px\/","og_locale":"en_US","og_type":"article","og_title":"SILVER C PX","og_description":"Gaisa apstr\u0101des iek\u0101rta SILVER C PX ar siltummai\u0146u (pretpl\u016bsma)","og_url":"https:\/\/ecowise.lv\/en\/product\/silver-c-px\/","og_site_name":"Ecowise","article_modified_time":"2023-09-14T08:02:15+00:00","og_image":[{"width":700,"height":584,"url":"https:\/\/ecowise.lv\/wp-content\/uploads\/2023\/04\/silverc_px.jpg","type":"image\/jpeg"}],"twitter_card":"summary_large_image","twitter_misc":{"Est. reading time":"1 minute"},"schema":{"@context":"https:\/\/schema.org","@graph":[{"@type":"WebPage","@id":"https:\/\/ecowise.lv\/product\/silver-c-px\/","url":"https:\/\/ecowise.lv\/product\/silver-c-px\/","name":"SILVER C PX","isPartOf":{"@id":"https:\/\/ecowise.lv\/#website"},"primaryImageOfPage":{"@id":"https:\/\/ecowise.lv\/product\/silver-c-px\/#primaryimage"},"image":{"@id":"https:\/\/ecowise.lv\/product\/silver-c-px\/#primaryimage"},"thumbnailUrl":"https:\/\/ecowise.lv\/wp-content\/uploads\/2023\/04\/silverc_px.jpg","datePublished":"2023-04-05T13:38:45+00:00","dateModified":"2023-09-14T08:02:15+00:00","description":"Gaisa apstr\u0101des iek\u0101rta SILVER C PX ar siltummai\u0146u (pretpl\u016bsma)","breadcrumb":{"@id":"https:\/\/ecowise.lv\/product\/silver-c-px\/#breadcrumb"},"inLanguage":"en-US","potentialAction":[{"@type":"ReadAction","target":["https:\/\/ecowise.lv\/product\/silver-c-px\/"]}]},{"@type":"ImageObject","inLanguage":"en-US","@id":"https:\/\/ecowise.lv\/product\/silver-c-px\/#primaryimage","url":"https:\/\/ecowise.lv\/wp-content\/uploads\/2023\/04\/silverc_px.jpg","contentUrl":"https:\/\/ecowise.lv\/wp-content\/uploads\/2023\/04\/silverc_px.jpg","width":700,"height":584},{"@type":"BreadcrumbList","@id":"https:\/\/ecowise.lv\/product\/silver-c-px\/#breadcrumb","itemListElement":[{"@type":"ListItem","position":1,"name":"Products","item":"https:\/\/ecowise.lv\/shop\/"},{"@type":"ListItem","position":2,"name":"SILVER C PX"}]},{"@type":"WebSite","@id":"https:\/\/ecowise.lv\/#website","url":"https:\/\/ecowise.lv\/","name":"Ecowise","description":"Ener\u0123ijas pat\u0113ri\u0146a samazin\u0101jums","publisher":{"@id":"https:\/\/ecowise.lv\/#organization"},"potentialAction":[{"@type":"SearchAction","target":{"@type":"EntryPoint","urlTemplate":"https:\/\/ecowise.lv\/?s={search_term_string}"},"query-input":{"@type":"PropertyValueSpecification","valueRequired":true,"valueName":"search_term_string"}}],"inLanguage":"en-US"},{"@type":"Organization","@id":"https:\/\/ecowise.lv\/#organization","name":"Ecowise","url":"https:\/\/ecowise.lv\/","logo":{"@type":"ImageObject","inLanguage":"en-US","@id":"https:\/\/ecowise.lv\/#\/schema\/logo\/image\/","url":"https:\/\/ecowise.lv\/wp-content\/uploads\/2023\/03\/logo.svg","contentUrl":"https:\/\/ecowise.lv\/wp-content\/uploads\/2023\/03\/logo.svg","width":207,"height":27,"caption":"Ecowise"},"image":{"@id":"https:\/\/ecowise.lv\/#\/schema\/logo\/image\/"}}]}},"_links":{"self":[{"href":"https:\/\/ecowise.lv\/en\/wp-json\/wp\/v2\/product\/1236","targetHints":{"allow":["GET"]}}],"collection":[{"href":"https:\/\/ecowise.lv\/en\/wp-json\/wp\/v2\/product"}],"about":[{"href":"https:\/\/ecowise.lv\/en\/wp-json\/wp\/v2\/types\/product"}],"wp:featuredmedia":[{"embeddable":true,"href":"https:\/\/ecowise.lv\/en\/wp-json\/wp\/v2\/media\/2551"}],"wp:attachment":[{"href":"https:\/\/ecowise.lv\/en\/wp-json\/wp\/v2\/media?parent=1236"}],"wp:term":[{"taxonomy":"product_brand","embeddable":true,"href":"https:\/\/ecowise.lv\/en\/wp-json\/wp\/v2\/product_brand?post=1236"},{"taxonomy":"product_cat","embeddable":true,"href":"https:\/\/ecowise.lv\/en\/wp-json\/wp\/v2\/product_cat?post=1236"},{"taxonomy":"product_tag","embeddable":true,"href":"https:\/\/ecowise.lv\/en\/wp-json\/wp\/v2\/product_tag?post=1236"}],"curies":[{"name":"wp","href":"https:\/\/api.w.org\/{rel}","templated":true}]}}