{"id":1192,"date":"2023-04-05T16:38:35","date_gmt":"2023-04-05T13:38:35","guid":{"rendered":"https:\/\/ecowise.lv\/?post_type=product&#038;p=1192"},"modified":"2023-09-14T10:57:55","modified_gmt":"2023-09-14T07:57:55","slug":"silver-c-rx-versija-f","status":"publish","type":"product","link":"https:\/\/ecowise.lv\/en\/product\/silver-c-rx-versija-f\/","title":{"rendered":"SILVER C RX"},"content":{"rendered":"<p><strong>Ventilation Unit with Rotary Heat Exchanger<\/strong><\/p>\n<p>SILVER C RX ir gaisa apstr\u0101des iek\u0101rta ar rot\u0101cijas siltummaini, tie\u0161\u0101s piedzi\u0146as piepl\u016bdes un nos\u016bces gaisa ventilatoriem, k\u0101 ar\u012b piepl\u016bdes un nos\u016bces gaisa filtriem.<\/p>\n<ul>\n<li>Temperature efficiency, heat exchanger up to 85%<\/li>\n<li>Airflow up to 50,400 m\u00b3\/h<\/li>\n<li>Variable speed control for the rotary heat exchanger<\/li>\n<li>Recovers thermal energy and cooling energy<\/li>\n<li>Optimized fan sizes offer greater freedom in selecting the exact right size for the air handling unit and fan options that meet installation needs. This also offers even more opportunities to optimize the energy efficiency of the current project.<\/li>\n<\/ul>\n<p><strong>Rotary Heat Exchanger RECOnomic \/ RECOsorptic<\/strong><br \/>\nThe rotary heat exchanger consists of an aluminum disk with many small air channels. Energy is transferred between the supply air and exhaust air or vice versa as the disk rotates. This is the most energy-efficient method of heat recovery with temperature efficiency always exceeding 80%. Thanks to the patented design with turbulent flow in the air channels, RECOnomic achieves a uniquely high level of energy efficiency.<\/p>\n<p>Swegon's rotary heat exchanger is also available in a sorption version (RECOsorptic), which increases energy efficiency due to the drying effect or moisture recovery depending on the conditions and needs.<\/p>","protected":false},"excerpt":{"rendered":"<h4>Air handling unit with rotary heat exchanger<\/h4>\n<h4>290-50400 m\u00b3\/h<\/h4>","protected":false},"featured_media":2557,"template":"","meta":{"_acf_changed":false,"inline_featured_image":false,"_links_to":"","_links_to_target":""},"product_brand":[],"product_cat":[34],"product_tag":[],"class_list":{"0":"post-1192","1":"product","2":"type-product","3":"status-publish","4":"has-post-thumbnail","6":"product_cat-silver","8":"first","9":"instock","10":"featured","11":"shipping-taxable","12":"product-type-simple"},"acf":[],"yoast_head":"<!-- This site is optimized with the Yoast SEO plugin v27.0 - https:\/\/yoast.com\/product\/yoast-seo-wordpress\/ -->\n<title>SILVER C RX versija F<\/title>\n<meta name=\"description\" content=\"Gaisa apstr\u0101des iek\u0101rta ar rot\u0101cijas siltummaini\" \/>\n<meta name=\"robots\" content=\"index, follow, max-snippet:-1, max-image-preview:large, max-video-preview:-1\" \/>\n<link rel=\"canonical\" href=\"https:\/\/ecowise.lv\/en\/product\/silver-c-rx-versija-f\/\" \/>\n<meta property=\"og:locale\" content=\"en_US\" \/>\n<meta property=\"og:type\" content=\"article\" \/>\n<meta property=\"og:title\" content=\"SILVER C RX versija F\" \/>\n<meta property=\"og:description\" content=\"Gaisa apstr\u0101des iek\u0101rta ar rot\u0101cijas siltummaini\" \/>\n<meta property=\"og:url\" content=\"https:\/\/ecowise.lv\/en\/product\/silver-c-rx-versija-f\/\" \/>\n<meta property=\"og:site_name\" content=\"Ecowise\" \/>\n<meta property=\"article:modified_time\" content=\"2023-09-14T07:57:55+00:00\" \/>\n<meta property=\"og:image\" content=\"https:\/\/ecowise.lv\/wp-content\/uploads\/2023\/04\/silverc_rx.jpg\" \/>\n\t<meta property=\"og:image:width\" content=\"700\" \/>\n\t<meta property=\"og:image:height\" content=\"584\" \/>\n\t<meta property=\"og:image:type\" content=\"image\/jpeg\" \/>\n<meta name=\"twitter:card\" content=\"summary_large_image\" \/>\n<meta name=\"twitter:label1\" content=\"Est. reading time\" \/>\n\t<meta name=\"twitter:data1\" content=\"1 minute\" \/>\n<script type=\"application\/ld+json\" class=\"yoast-schema-graph\">{\"@context\":\"https:\/\/schema.org\",\"@graph\":[{\"@type\":\"WebPage\",\"@id\":\"https:\/\/ecowise.lv\/product\/silver-c-rx-versija-f\/\",\"url\":\"https:\/\/ecowise.lv\/product\/silver-c-rx-versija-f\/\",\"name\":\"SILVER C RX versija F\",\"isPartOf\":{\"@id\":\"https:\/\/ecowise.lv\/#website\"},\"primaryImageOfPage\":{\"@id\":\"https:\/\/ecowise.lv\/product\/silver-c-rx-versija-f\/#primaryimage\"},\"image\":{\"@id\":\"https:\/\/ecowise.lv\/product\/silver-c-rx-versija-f\/#primaryimage\"},\"thumbnailUrl\":\"https:\/\/ecowise.lv\/wp-content\/uploads\/2023\/04\/silverc_rx.jpg\",\"datePublished\":\"2023-04-05T13:38:35+00:00\",\"dateModified\":\"2023-09-14T07:57:55+00:00\",\"description\":\"Gaisa apstr\u0101des iek\u0101rta ar rot\u0101cijas siltummaini\",\"breadcrumb\":{\"@id\":\"https:\/\/ecowise.lv\/product\/silver-c-rx-versija-f\/#breadcrumb\"},\"inLanguage\":\"en-US\",\"potentialAction\":[{\"@type\":\"ReadAction\",\"target\":[\"https:\/\/ecowise.lv\/product\/silver-c-rx-versija-f\/\"]}]},{\"@type\":\"ImageObject\",\"inLanguage\":\"en-US\",\"@id\":\"https:\/\/ecowise.lv\/product\/silver-c-rx-versija-f\/#primaryimage\",\"url\":\"https:\/\/ecowise.lv\/wp-content\/uploads\/2023\/04\/silverc_rx.jpg\",\"contentUrl\":\"https:\/\/ecowise.lv\/wp-content\/uploads\/2023\/04\/silverc_rx.jpg\",\"width\":700,\"height\":584},{\"@type\":\"BreadcrumbList\",\"@id\":\"https:\/\/ecowise.lv\/product\/silver-c-rx-versija-f\/#breadcrumb\",\"itemListElement\":[{\"@type\":\"ListItem\",\"position\":1,\"name\":\"Products\",\"item\":\"https:\/\/ecowise.lv\/shop\/\"},{\"@type\":\"ListItem\",\"position\":2,\"name\":\"SILVER C RX\"}]},{\"@type\":\"WebSite\",\"@id\":\"https:\/\/ecowise.lv\/#website\",\"url\":\"https:\/\/ecowise.lv\/\",\"name\":\"Ecowise\",\"description\":\"Ener\u0123ijas pat\u0113ri\u0146a samazin\u0101jums\",\"publisher\":{\"@id\":\"https:\/\/ecowise.lv\/#organization\"},\"potentialAction\":[{\"@type\":\"SearchAction\",\"target\":{\"@type\":\"EntryPoint\",\"urlTemplate\":\"https:\/\/ecowise.lv\/?s={search_term_string}\"},\"query-input\":{\"@type\":\"PropertyValueSpecification\",\"valueRequired\":true,\"valueName\":\"search_term_string\"}}],\"inLanguage\":\"en-US\"},{\"@type\":\"Organization\",\"@id\":\"https:\/\/ecowise.lv\/#organization\",\"name\":\"Ecowise\",\"url\":\"https:\/\/ecowise.lv\/\",\"logo\":{\"@type\":\"ImageObject\",\"inLanguage\":\"en-US\",\"@id\":\"https:\/\/ecowise.lv\/#\/schema\/logo\/image\/\",\"url\":\"https:\/\/ecowise.lv\/wp-content\/uploads\/2023\/03\/logo.svg\",\"contentUrl\":\"https:\/\/ecowise.lv\/wp-content\/uploads\/2023\/03\/logo.svg\",\"width\":207,\"height\":27,\"caption\":\"Ecowise\"},\"image\":{\"@id\":\"https:\/\/ecowise.lv\/#\/schema\/logo\/image\/\"}}]}<\/script>\n<!-- \/ Yoast SEO plugin. -->","yoast_head_json":{"title":"SILVER C RX versija F","description":"Gaisa apstr\u0101des iek\u0101rta ar rot\u0101cijas siltummaini","robots":{"index":"index","follow":"follow","max-snippet":"max-snippet:-1","max-image-preview":"max-image-preview:large","max-video-preview":"max-video-preview:-1"},"canonical":"https:\/\/ecowise.lv\/en\/product\/silver-c-rx-versija-f\/","og_locale":"en_US","og_type":"article","og_title":"SILVER C RX versija F","og_description":"Gaisa apstr\u0101des iek\u0101rta ar rot\u0101cijas siltummaini","og_url":"https:\/\/ecowise.lv\/en\/product\/silver-c-rx-versija-f\/","og_site_name":"Ecowise","article_modified_time":"2023-09-14T07:57:55+00:00","og_image":[{"width":700,"height":584,"url":"https:\/\/ecowise.lv\/wp-content\/uploads\/2023\/04\/silverc_rx.jpg","type":"image\/jpeg"}],"twitter_card":"summary_large_image","twitter_misc":{"Est. reading time":"1 minute"},"schema":{"@context":"https:\/\/schema.org","@graph":[{"@type":"WebPage","@id":"https:\/\/ecowise.lv\/product\/silver-c-rx-versija-f\/","url":"https:\/\/ecowise.lv\/product\/silver-c-rx-versija-f\/","name":"SILVER C RX versija F","isPartOf":{"@id":"https:\/\/ecowise.lv\/#website"},"primaryImageOfPage":{"@id":"https:\/\/ecowise.lv\/product\/silver-c-rx-versija-f\/#primaryimage"},"image":{"@id":"https:\/\/ecowise.lv\/product\/silver-c-rx-versija-f\/#primaryimage"},"thumbnailUrl":"https:\/\/ecowise.lv\/wp-content\/uploads\/2023\/04\/silverc_rx.jpg","datePublished":"2023-04-05T13:38:35+00:00","dateModified":"2023-09-14T07:57:55+00:00","description":"Gaisa apstr\u0101des iek\u0101rta ar rot\u0101cijas siltummaini","breadcrumb":{"@id":"https:\/\/ecowise.lv\/product\/silver-c-rx-versija-f\/#breadcrumb"},"inLanguage":"en-US","potentialAction":[{"@type":"ReadAction","target":["https:\/\/ecowise.lv\/product\/silver-c-rx-versija-f\/"]}]},{"@type":"ImageObject","inLanguage":"en-US","@id":"https:\/\/ecowise.lv\/product\/silver-c-rx-versija-f\/#primaryimage","url":"https:\/\/ecowise.lv\/wp-content\/uploads\/2023\/04\/silverc_rx.jpg","contentUrl":"https:\/\/ecowise.lv\/wp-content\/uploads\/2023\/04\/silverc_rx.jpg","width":700,"height":584},{"@type":"BreadcrumbList","@id":"https:\/\/ecowise.lv\/product\/silver-c-rx-versija-f\/#breadcrumb","itemListElement":[{"@type":"ListItem","position":1,"name":"Products","item":"https:\/\/ecowise.lv\/shop\/"},{"@type":"ListItem","position":2,"name":"SILVER C RX"}]},{"@type":"WebSite","@id":"https:\/\/ecowise.lv\/#website","url":"https:\/\/ecowise.lv\/","name":"Ecowise","description":"Ener\u0123ijas pat\u0113ri\u0146a samazin\u0101jums","publisher":{"@id":"https:\/\/ecowise.lv\/#organization"},"potentialAction":[{"@type":"SearchAction","target":{"@type":"EntryPoint","urlTemplate":"https:\/\/ecowise.lv\/?s={search_term_string}"},"query-input":{"@type":"PropertyValueSpecification","valueRequired":true,"valueName":"search_term_string"}}],"inLanguage":"en-US"},{"@type":"Organization","@id":"https:\/\/ecowise.lv\/#organization","name":"Ecowise","url":"https:\/\/ecowise.lv\/","logo":{"@type":"ImageObject","inLanguage":"en-US","@id":"https:\/\/ecowise.lv\/#\/schema\/logo\/image\/","url":"https:\/\/ecowise.lv\/wp-content\/uploads\/2023\/03\/logo.svg","contentUrl":"https:\/\/ecowise.lv\/wp-content\/uploads\/2023\/03\/logo.svg","width":207,"height":27,"caption":"Ecowise"},"image":{"@id":"https:\/\/ecowise.lv\/#\/schema\/logo\/image\/"}}]}},"_links":{"self":[{"href":"https:\/\/ecowise.lv\/en\/wp-json\/wp\/v2\/product\/1192","targetHints":{"allow":["GET"]}}],"collection":[{"href":"https:\/\/ecowise.lv\/en\/wp-json\/wp\/v2\/product"}],"about":[{"href":"https:\/\/ecowise.lv\/en\/wp-json\/wp\/v2\/types\/product"}],"wp:featuredmedia":[{"embeddable":true,"href":"https:\/\/ecowise.lv\/en\/wp-json\/wp\/v2\/media\/2557"}],"wp:attachment":[{"href":"https:\/\/ecowise.lv\/en\/wp-json\/wp\/v2\/media?parent=1192"}],"wp:term":[{"taxonomy":"product_brand","embeddable":true,"href":"https:\/\/ecowise.lv\/en\/wp-json\/wp\/v2\/product_brand?post=1192"},{"taxonomy":"product_cat","embeddable":true,"href":"https:\/\/ecowise.lv\/en\/wp-json\/wp\/v2\/product_cat?post=1192"},{"taxonomy":"product_tag","embeddable":true,"href":"https:\/\/ecowise.lv\/en\/wp-json\/wp\/v2\/product_tag?post=1192"}],"curies":[{"name":"wp","href":"https:\/\/api.w.org\/{rel}","templated":true}]}}