{"id":7295,"date":"2026-03-17T18:09:21","date_gmt":"2026-03-17T16:09:21","guid":{"rendered":"https:\/\/ecowise.lv\/?page_id=7295"},"modified":"2026-03-20T13:15:40","modified_gmt":"2026-03-20T11:15:40","slug":"distances-ligums","status":"publish","type":"page","link":"https:\/\/ecowise.lv\/en\/distances-ligums\/","title":{"rendered":"Distances l\u012bgums"},"content":{"rendered":"<h1 class=\"wp-block-heading\">Distances l\u012bgums<\/h1>\n\n\n\n<p>\u0160aj\u0101 interneta veikal\u0101 pied\u0101v\u0101to pre\u010du p\u0101rdev\u0113js&nbsp;<strong>Ecowise SIA<\/strong>, vien.re\u0123.nr.<strong>LV40103969715&nbsp;<\/strong>, Juridisk\u0101 un faktisk\u0101 adrese Raunas iela 16b, R\u012bga, LV-1039&nbsp;no vienas puses, turpm\u0101k saukts P\u0101rdev\u0113js, un persona, kas veic pas\u016bt\u012bjumu, turpm\u0101k saukta Pirc\u0113js, no otras puses, nosl\u0113dz \u0161\u0101du L\u012bgumu:<\/p>\n\n\n\n<p>P\u0101rdev\u0113js ap\u0146emas p\u0101rdot un pieg\u0101d\u0101t Pirc\u0113jam preces un pakalpojumus, atbilsto\u0161i Pirc\u0113ja pas\u016bt\u012bjumam, savuk\u0101rt Pirc\u0113js ap\u0146emas apmaks\u0101t un pie\u0146emt ieg\u0101d\u0101t\u0101s preces vai pakalpojumus.<\/p>\n\n\n\n<p><strong>Pas\u016bt\u012b\u0161anas, pieg\u0101des un samaksas k\u0101rt\u012bba<\/strong><\/p>\n\n\n\n<p>Pirc\u0113js veic pre\u010du vai pakalpojumu pas\u016bt\u012b\u0161anu caur \u0161o m\u0101jas lapu, nor\u0101dot ieg\u0101d\u0101jamo pre\u010du veidu un daudzumu. Pirc\u0113jam ir iesp\u0113ja veikt apmaksu par preci vai pakalpojumu, lietojot interneta veikal\u0101 iestr\u0101d\u0101tos maks\u0101juma r\u012bkus vai apmaks\u0101jot p\u0101rdev\u0113ja sagatavoto un Pirc\u0113jam pa e-pastu nos\u016bt\u012bto pas\u016bt\u012bjumam atbilsto\u0161o r\u0113\u0137inu. R\u0113\u0137ins tiek sagatavots elektroniski un ir der\u012bgs bez paraksta.<\/p>\n\n\n\n<p>P\u0101rdev\u0113js nodro\u0161ina pre\u010du pieg\u0101di&nbsp;14&nbsp;dienu laik\u0101, kop\u0161 ir sa\u0146emta apmaksa par preci. Pirc\u0113jam ir iesp\u0113ja izv\u0113l\u0113ties sa\u0146emt preces pa\u0161am Raunas iel\u0101 16b, R\u012bg\u0101, vai izv\u0113l\u0113ties pre\u010du pieg\u0101di uz pakom\u0101tu. Ja pas\u016bt\u012bto pre\u010du pieg\u0101dei b\u016bs nepiecie\u0161ams vair\u0101k laika, P\u0101rdev\u0113js par to individu\u0101li inform\u0113s Pas\u016bt\u012bt\u0101ju.<\/p>\n\n\n\n<p><strong>Atteikuma ties\u012bbas<\/strong><\/p>\n\n\n\n<p>Pirc\u0113jam ir ties\u012bbas atteikties no preces 14 kalend\u0101ro dienu laik\u0101 no Preces sa\u0146em\u0161anas br\u012b\u017ea, nos\u016btot P\u0101rdev\u0113jam par to atteikuma v\u0113stuli. Atteikuma v\u0113stules veidlapu P\u0101rdev\u0113js nos\u016bta Pirc\u0113jam pa e-pastu p\u0113c Pirc\u0113ja piepras\u012bjuma.<\/p>\n\n\n\n<p>Pirc\u0113ja pien\u0101kums ir 7 dienu laik\u0101 p\u0113c atteikuma v\u0113stules nos\u016bt\u012b\u0161anas atdot preci P\u0101rdev\u0113jam. Visus izdevumus, kas rad\u012bsies saist\u012bb\u0101 ar preces nos\u016bt\u012b\u0161anu atpaka\u013c P\u0101rdev\u0113jam, sedz Pirc\u0113js.<\/p>\n\n\n\n<p>Pirc\u0113js nevar izmantot atteikuma ties\u012bbas, ja:<\/p>\n\n\n\n<ul class=\"wp-block-list\">\n<li>pas\u016bt\u012bt\u0101s preces p\u0113c to rakstura nevar atdot atpaka\u013c, vai t\u0101s \u0101tri boj\u0101jas vai ir \u0101tri izlietojamas;<\/li>\n\n\n\n<li>pas\u016bt\u012bt\u0101s preces ir izgatavotas tie\u0161i Pirc\u0113jam p\u0113c individu\u0101la pas\u016bt\u012bjuma;<\/li>\n<\/ul>\n\n\n\n<p>Latvijas Republikas Pat\u0113r\u0113t\u0101ju ties\u012bbu aizsardz\u012bbas likuma 12. panta sest\u0101 da\u013ca nosaka, ka &#8220;pat\u0113r\u0113t\u0101js ir atbild\u012bgs par preces kvalit\u0101tes un dro\u0161uma saglab\u0101\u0161anu atteikuma ties\u012bbu realiz\u0113\u0161anas termi\u0146\u0101&#8221;. P\u0101rdev\u0113js patur ties\u012bbas Pirc\u0113jam atteikt izmantot atteikuma ties\u012bbas vai ietur\u0113t kompens\u0101cijas maksu gad\u012bjum\u0101, ja prece ir boj\u0101ta, lieto\u0161anas laik\u0101 nev\u0113r\u012bgi izturoties pret preci vai neiev\u0113rojot instrukcijas nor\u0101d\u012bjumus, ja ir nozaud\u0113ts preces ori\u0123in\u0101lais iepakojums vai ja t\u0101s iepakojums ir b\u016btiski boj\u0101ts.<\/p>\n\n\n\n<p><strong>Datu apstr\u0101de<\/strong><\/p>\n\n\n\n<p>Ievadot nepiecie\u0161amo inform\u0101ciju, noform\u0113jot pas\u016bt\u012bjumu, Pirc\u0113js apliecina, ka ir iepazinies un piekr\u012bt, ka vi\u0146a sniegtie dati tiek izmantoti, lai P\u0101rdev\u0113js var\u0113tu pie\u0146emt Pirc\u0113ja pas\u016bt\u012bjumu un veikt pre\u010du pieg\u0101di saska\u0146\u0101 ar normat\u012bvo aktu pras\u012bb\u0101m. Ievadot inform\u0101ciju, Pirc\u0113js piekr\u012bt, ka tam uz nor\u0101d\u012bto e-pastu tiks izs\u016bt\u012bti pazi\u0146ojumi, kas saist\u012bti ar Pirc\u0113ja pas\u016bt\u012bjuma apstr\u0101di.<\/p>\n\n\n\n<p>Ar detaliz\u0113tu inform\u0101ciju par personas datu apstr\u0101di Pirc\u0113js var iepaz\u012bties interneta veikala sada\u013c\u0101\u00a0<a href=\"https:\/\/ecowise.lv\/en\/privatuma-politika\/\">priv\u0101tuma politika<\/a>.\u00a0 <\/p>","protected":false},"excerpt":{"rendered":"<p>Distances l\u012bgums \u0160aj\u0101 interneta veikal\u0101 pied\u0101v\u0101to pre\u010du p\u0101rdev\u0113js&nbsp;Ecowise SIA, vien.re\u0123.nr.LV40103969715&nbsp;, Juridisk\u0101 un faktisk\u0101 adrese Raunas iela 16b, R\u012bga, LV-1039&nbsp;no vienas puses, turpm\u0101k saukts P\u0101rdev\u0113js, un persona, kas veic pas\u016bt\u012bjumu, turpm\u0101k saukta Pirc\u0113js, no otras puses, nosl\u0113dz \u0161\u0101du L\u012bgumu: P\u0101rdev\u0113js ap\u0146emas p\u0101rdot un pieg\u0101d\u0101t Pirc\u0113jam preces un pakalpojumus, atbilsto\u0161i Pirc\u0113ja pas\u016bt\u012bjumam, savuk\u0101rt Pirc\u0113js ap\u0146emas apmaks\u0101t un [&hellip;]<\/p>","protected":false},"author":6,"featured_media":0,"parent":0,"menu_order":0,"comment_status":"closed","ping_status":"closed","template":"","meta":{"_acf_changed":false,"inline_featured_image":false,"footnotes":"","_links_to":"","_links_to_target":""},"class_list":["post-7295","page","type-page","status-publish","hentry"],"acf":[],"yoast_head":"<!-- This site is optimized with the Yoast SEO plugin v27.0 - https:\/\/yoast.com\/product\/yoast-seo-wordpress\/ -->\n<title>Distances l\u012bgums - Ecowise<\/title>\n<meta name=\"robots\" content=\"index, follow, max-snippet:-1, max-image-preview:large, max-video-preview:-1\" \/>\n<link rel=\"canonical\" href=\"https:\/\/ecowise.lv\/en\/distances-ligums\/\" \/>\n<meta property=\"og:locale\" content=\"en_US\" \/>\n<meta property=\"og:type\" content=\"article\" \/>\n<meta property=\"og:title\" content=\"Distances l\u012bgums - Ecowise\" \/>\n<meta property=\"og:description\" content=\"Distances l\u012bgums \u0160aj\u0101 interneta veikal\u0101 pied\u0101v\u0101to pre\u010du p\u0101rdev\u0113js&nbsp;Ecowise SIA, vien.re\u0123.nr.LV40103969715&nbsp;, Juridisk\u0101 un faktisk\u0101 adrese Raunas iela 16b, R\u012bga, LV-1039&nbsp;no vienas puses, turpm\u0101k saukts P\u0101rdev\u0113js, un persona, kas veic pas\u016bt\u012bjumu, turpm\u0101k saukta Pirc\u0113js, no otras puses, nosl\u0113dz \u0161\u0101du L\u012bgumu: P\u0101rdev\u0113js ap\u0146emas p\u0101rdot un pieg\u0101d\u0101t Pirc\u0113jam preces un pakalpojumus, atbilsto\u0161i Pirc\u0113ja pas\u016bt\u012bjumam, savuk\u0101rt Pirc\u0113js ap\u0146emas apmaks\u0101t un [&hellip;]\" \/>\n<meta property=\"og:url\" content=\"https:\/\/ecowise.lv\/en\/distances-ligums\/\" \/>\n<meta property=\"og:site_name\" content=\"Ecowise\" \/>\n<meta property=\"article:modified_time\" content=\"2026-03-20T11:15:40+00:00\" \/>\n<meta name=\"twitter:card\" content=\"summary_large_image\" \/>\n<meta name=\"twitter:label1\" content=\"Est. reading time\" \/>\n\t<meta name=\"twitter:data1\" content=\"3 minutes\" \/>\n<script type=\"application\/ld+json\" class=\"yoast-schema-graph\">{\"@context\":\"https:\/\/schema.org\",\"@graph\":[{\"@type\":\"WebPage\",\"@id\":\"https:\/\/ecowise.lv\/en\/distances-ligums\/\",\"url\":\"https:\/\/ecowise.lv\/en\/distances-ligums\/\",\"name\":\"Distances l\u012bgums - Ecowise\",\"isPartOf\":{\"@id\":\"https:\/\/ecowise.lv\/#website\"},\"datePublished\":\"2026-03-17T16:09:21+00:00\",\"dateModified\":\"2026-03-20T11:15:40+00:00\",\"inLanguage\":\"en-US\",\"potentialAction\":[{\"@type\":\"ReadAction\",\"target\":[\"https:\/\/ecowise.lv\/en\/distances-ligums\/\"]}]},{\"@type\":\"WebSite\",\"@id\":\"https:\/\/ecowise.lv\/#website\",\"url\":\"https:\/\/ecowise.lv\/\",\"name\":\"Ecowise\",\"description\":\"Ener\u0123ijas pat\u0113ri\u0146a samazin\u0101jums\",\"publisher\":{\"@id\":\"https:\/\/ecowise.lv\/#organization\"},\"potentialAction\":[{\"@type\":\"SearchAction\",\"target\":{\"@type\":\"EntryPoint\",\"urlTemplate\":\"https:\/\/ecowise.lv\/?s={search_term_string}\"},\"query-input\":{\"@type\":\"PropertyValueSpecification\",\"valueRequired\":true,\"valueName\":\"search_term_string\"}}],\"inLanguage\":\"en-US\"},{\"@type\":\"Organization\",\"@id\":\"https:\/\/ecowise.lv\/#organization\",\"name\":\"Ecowise\",\"url\":\"https:\/\/ecowise.lv\/\",\"logo\":{\"@type\":\"ImageObject\",\"inLanguage\":\"en-US\",\"@id\":\"https:\/\/ecowise.lv\/#\/schema\/logo\/image\/\",\"url\":\"https:\/\/ecowise.lv\/wp-content\/uploads\/2023\/03\/logo.svg\",\"contentUrl\":\"https:\/\/ecowise.lv\/wp-content\/uploads\/2023\/03\/logo.svg\",\"width\":207,\"height\":27,\"caption\":\"Ecowise\"},\"image\":{\"@id\":\"https:\/\/ecowise.lv\/#\/schema\/logo\/image\/\"}}]}<\/script>\n<!-- \/ Yoast SEO plugin. -->","yoast_head_json":{"title":"Distances l\u012bgums - Ecowise","robots":{"index":"index","follow":"follow","max-snippet":"max-snippet:-1","max-image-preview":"max-image-preview:large","max-video-preview":"max-video-preview:-1"},"canonical":"https:\/\/ecowise.lv\/en\/distances-ligums\/","og_locale":"en_US","og_type":"article","og_title":"Distances l\u012bgums - Ecowise","og_description":"Distances l\u012bgums \u0160aj\u0101 interneta veikal\u0101 pied\u0101v\u0101to pre\u010du p\u0101rdev\u0113js&nbsp;Ecowise SIA, vien.re\u0123.nr.LV40103969715&nbsp;, Juridisk\u0101 un faktisk\u0101 adrese Raunas iela 16b, R\u012bga, LV-1039&nbsp;no vienas puses, turpm\u0101k saukts P\u0101rdev\u0113js, un persona, kas veic pas\u016bt\u012bjumu, turpm\u0101k saukta Pirc\u0113js, no otras puses, nosl\u0113dz \u0161\u0101du L\u012bgumu: P\u0101rdev\u0113js ap\u0146emas p\u0101rdot un pieg\u0101d\u0101t Pirc\u0113jam preces un pakalpojumus, atbilsto\u0161i Pirc\u0113ja pas\u016bt\u012bjumam, savuk\u0101rt Pirc\u0113js ap\u0146emas apmaks\u0101t un [&hellip;]","og_url":"https:\/\/ecowise.lv\/en\/distances-ligums\/","og_site_name":"Ecowise","article_modified_time":"2026-03-20T11:15:40+00:00","twitter_card":"summary_large_image","twitter_misc":{"Est. reading time":"3 minutes"},"schema":{"@context":"https:\/\/schema.org","@graph":[{"@type":"WebPage","@id":"https:\/\/ecowise.lv\/en\/distances-ligums\/","url":"https:\/\/ecowise.lv\/en\/distances-ligums\/","name":"Distances l\u012bgums - Ecowise","isPartOf":{"@id":"https:\/\/ecowise.lv\/#website"},"datePublished":"2026-03-17T16:09:21+00:00","dateModified":"2026-03-20T11:15:40+00:00","inLanguage":"en-US","potentialAction":[{"@type":"ReadAction","target":["https:\/\/ecowise.lv\/en\/distances-ligums\/"]}]},{"@type":"WebSite","@id":"https:\/\/ecowise.lv\/#website","url":"https:\/\/ecowise.lv\/","name":"Ecowise","description":"Ener\u0123ijas pat\u0113ri\u0146a samazin\u0101jums","publisher":{"@id":"https:\/\/ecowise.lv\/#organization"},"potentialAction":[{"@type":"SearchAction","target":{"@type":"EntryPoint","urlTemplate":"https:\/\/ecowise.lv\/?s={search_term_string}"},"query-input":{"@type":"PropertyValueSpecification","valueRequired":true,"valueName":"search_term_string"}}],"inLanguage":"en-US"},{"@type":"Organization","@id":"https:\/\/ecowise.lv\/#organization","name":"Ecowise","url":"https:\/\/ecowise.lv\/","logo":{"@type":"ImageObject","inLanguage":"en-US","@id":"https:\/\/ecowise.lv\/#\/schema\/logo\/image\/","url":"https:\/\/ecowise.lv\/wp-content\/uploads\/2023\/03\/logo.svg","contentUrl":"https:\/\/ecowise.lv\/wp-content\/uploads\/2023\/03\/logo.svg","width":207,"height":27,"caption":"Ecowise"},"image":{"@id":"https:\/\/ecowise.lv\/#\/schema\/logo\/image\/"}}]}},"_links":{"self":[{"href":"https:\/\/ecowise.lv\/en\/wp-json\/wp\/v2\/pages\/7295","targetHints":{"allow":["GET"]}}],"collection":[{"href":"https:\/\/ecowise.lv\/en\/wp-json\/wp\/v2\/pages"}],"about":[{"href":"https:\/\/ecowise.lv\/en\/wp-json\/wp\/v2\/types\/page"}],"author":[{"embeddable":true,"href":"https:\/\/ecowise.lv\/en\/wp-json\/wp\/v2\/users\/6"}],"replies":[{"embeddable":true,"href":"https:\/\/ecowise.lv\/en\/wp-json\/wp\/v2\/comments?post=7295"}],"version-history":[{"count":3,"href":"https:\/\/ecowise.lv\/en\/wp-json\/wp\/v2\/pages\/7295\/revisions"}],"predecessor-version":[{"id":7326,"href":"https:\/\/ecowise.lv\/en\/wp-json\/wp\/v2\/pages\/7295\/revisions\/7326"}],"wp:attachment":[{"href":"https:\/\/ecowise.lv\/en\/wp-json\/wp\/v2\/media?parent=7295"}],"curies":[{"name":"wp","href":"https:\/\/api.w.org\/{rel}","templated":true}]}}