{"id":460,"date":"2023-04-04T16:04:01","date_gmt":"2023-04-04T13:04:01","guid":{"rendered":"https:\/\/ecowise.lv\/?page_id=460"},"modified":"2023-08-31T11:06:01","modified_gmt":"2023-08-31T08:06:01","slug":"room-unit-design","status":"publish","type":"page","link":"https:\/\/ecowise.lv\/en\/projektetajiem\/room-unit-design\/","title":{"rendered":"&#8220;Room Unit Design&#8221;"},"content":{"rendered":"<h1 class=\"wp-block-heading\"><strong>New for consultants<\/strong><\/h1>\n\n\n\n<p>Swegon introduces the new \"Room unit design\". In the program, it is possible to simulate various products for the room you choose. Read more about the \"Room unit design\" program and try it yourself <a href=\"https:\/\/app.rud.swegon.com\/project\/new\">HERE<\/a><\/p>\n\n\n\n<p>Room Unit Design is a web-based product selection program and simulation tool\nfor room units. Calculates, simulates and helps to find the room units that are most suitable in a project according to specified values and configuration options. Start the program and perform basic or advanced calculations straight away.&nbsp;<\/p>\n\n\n\n<figure class=\"wp-block-image size-full\"><img fetchpriority=\"high\" decoding=\"async\" width=\"824\" height=\"429\" src=\"https:\/\/ecowise.lv\/wp-content\/uploads\/2023\/04\/swegon_room_unit_1_1.824x0-is.png\" alt=\"\" class=\"wp-image-461\" srcset=\"https:\/\/ecowise.lv\/wp-content\/uploads\/2023\/04\/swegon_room_unit_1_1.824x0-is.png 824w, https:\/\/ecowise.lv\/wp-content\/uploads\/2023\/04\/swegon_room_unit_1_1.824x0-is-300x156.png 300w, https:\/\/ecowise.lv\/wp-content\/uploads\/2023\/04\/swegon_room_unit_1_1.824x0-is-600x312.png 600w, https:\/\/ecowise.lv\/wp-content\/uploads\/2023\/04\/swegon_room_unit_1_1.824x0-is-768x400.png 768w\" sizes=\"(max-width: 824px) 100vw, 824px\" \/><\/figure>\n\n\n\n<p><em>1.1. Fig. Program interface<\/em><\/p>\n\n\n\n<p><strong>1. General&nbsp;<\/strong><\/p>\n\n\n\n<p><strong>\u201cRoom unit design\u201d<\/strong> is a web-based<strong>\"Swegon\"<\/strong> product selection program and simulation tool for room units that supports most web browsers, although Chrome or Microsoft Edge are recommended.\u200b<\/p>\n\n\n\n<p><strong>More products<\/strong><br>Fill in the values for room type and room size. Find and enter one or more different products and product types in the same room. Obtain simulations and advice to help you find the most suitable products for the project and the room.\u200b<\/p>\n\n\n\n<p><strong>\u200b3D isovel view and calculations<\/strong><br>The 3D view presents isovels and, depending on what has been highlighted, calculations can be seen and performed for effects, pressure drops, flows, sound levels and CO2 content for the entire room or a single product.<\/p>\n\n\n\n<p><strong>Product selector<\/strong><br>Find the right product and solution for your project with the aid of the \u201cProduct selector\u201d or \u201cCatalogue search\u201d. Which you choose depends on your requirements and prior knowledge.\u200b<\/p>\n\n\n\n<p><strong>CAD export\u200b<\/strong><br>Export products from Room Unit Design to various CAD formats, and then implement these in your own CAD drawings.<\/p>\n\n\n\n<p><strong>2. More rooms<\/strong><br>Create and calculate more rooms in the same project. Then keep your projects and rooms in order easily using the program\u2019s file tree. By sorting the rooms into folders by building, for example, with subfolders for floors or zones, different building structures can be copied and calculations kept apart.<\/p>\n\n\n\n<figure class=\"wp-block-image size-full\"><img decoding=\"async\" width=\"605\" height=\"429\" src=\"https:\/\/ecowise.lv\/wp-content\/uploads\/2023\/04\/programmas_interfeis.605x0-is.png\" alt=\"\" class=\"wp-image-464\" srcset=\"https:\/\/ecowise.lv\/wp-content\/uploads\/2023\/04\/programmas_interfeis.605x0-is.png 605w, https:\/\/ecowise.lv\/wp-content\/uploads\/2023\/04\/programmas_interfeis.605x0-is-300x213.png 300w, https:\/\/ecowise.lv\/wp-content\/uploads\/2023\/04\/programmas_interfeis.605x0-is-600x425.png 600w\" sizes=\"(max-width: 605px) 100vw, 605px\" \/><\/figure>\n\n\n\n<p>1.2.Fig. Program interface<\/p>\n\n\n\n<p><strong>3. Settings&nbsp;<\/strong><br>Select first whether the settings are to apply to the room or to an individual product. Then fill in and make the selections on which the results will be based.<\/p>\n\n\n\n<p><strong>Settings for the room<\/strong><br>Dimensions, ceiling height, room type and number of people can be set for the room. It is also possible to set room temperature and type of suspended ceiling, where applicable.&nbsp;<\/p>\n\n\n\n<p><strong>Settings for a product<\/strong><br>For the single product, it is possible, for example, to set supply air temperature, water temperature, pressure drop and air distribution. It is also possible to configure the product and select size, dimensions and connection side.<\/p>\n\n\n\n<p><strong>3D view<\/strong><br>See how the air flows from the products move in the room in the 3D view. This view also provides a clear picture of what happens when air jets collide with each other or with a wall, for example.\n\nTwist and turn the room in order to see it from different angles;\nShow or hide isovels;\nVisualise different air speeds;\nSet the occupied zone.&nbsp;<\/p>\n\n\n\n<figure class=\"wp-block-image size-full\"><img decoding=\"async\" width=\"498\" height=\"365\" src=\"https:\/\/ecowise.lv\/wp-content\/uploads\/2023\/04\/telpas_parametri.498x0-is.png\" alt=\"\" class=\"wp-image-467\" srcset=\"https:\/\/ecowise.lv\/wp-content\/uploads\/2023\/04\/telpas_parametri.498x0-is.png 498w, https:\/\/ecowise.lv\/wp-content\/uploads\/2023\/04\/telpas_parametri.498x0-is-300x220.png 300w\" sizes=\"(max-width: 498px) 100vw, 498px\" \/><\/figure>\n\n\n\n<p>&nbsp; &nbsp; &nbsp; &nbsp; &nbsp; &nbsp;1.3. Fig.\u00a03-D view.<\/p>\n\n\n\n<p><strong>4. Calculation results<\/strong><br>The calculation results can be displayed either for the entire room as a unit or for each single product. Heating and cooling are presented in two columns side-by-side.\n\nFor products with a large amount of result data, it is possible to expand the view using the \u201cShow advanced result\" button, where the full results with all the calculations are presented.<\/p>\n\n\n\n<figure class=\"wp-block-image size-full\"><img loading=\"lazy\" decoding=\"async\" width=\"413\" height=\"372\" src=\"https:\/\/ecowise.lv\/wp-content\/uploads\/2023\/04\/produkta_aprekina_rezultats.413x0-is.png\" alt=\"\" class=\"wp-image-470\" srcset=\"https:\/\/ecowise.lv\/wp-content\/uploads\/2023\/04\/produkta_aprekina_rezultats.413x0-is.png 413w, https:\/\/ecowise.lv\/wp-content\/uploads\/2023\/04\/produkta_aprekina_rezultats.413x0-is-300x270.png 300w\" sizes=\"(max-width: 413px) 100vw, 413px\" \/><\/figure>\n\n\n\n<p>1.4. Fig. Calculation results.<\/p>\n\n\n\n<p><strong>5. Export<\/strong><\/p>\n\n\n\n<p>Using the \u201cExport\u201d button, it is possible to obtain calculation results in different formats.&nbsp;<\/p>\n\n\n\n<ul class=\"wp-block-list\">\n<li>PDF export \nGenerate a report of the calculations in PDF format and select between a short overview report containing summarised room information or a more detailed report that is a full export of the entire calculation.<\/li>\n\n\n\n<li>CAD export\nIt is also possible to export products and content information from Room Unit Design to a .dxf file.<\/li>\n<\/ul>\n\n\n\n<p>When using a Swegon CAD plugin, it is possible to transfer 3D content and calculation data<\/p>\n\n\n\n<ul class=\"wp-block-list\">\n<li>Plugin for Revit without MagiCAD<\/li>\n\n\n\n<li>Plugin for Revit with MagiCAD<\/li>\n\n\n\n<li>Plugin for AutoCAD without MagiCAD<\/li>\n<\/ul>\n\n\n\n<p><strong>6. Log in<\/strong><br>There is no requirement to log in to use Room Unit Design. Just click on the link to the right or further up the page to launch the program, and you can start performing calculations straight away.\n\nTo be able to save or share a calculation, you need to log in and, consequently, to have a valid user account. A user account can be created by filling in and registering a new user via the link to the right or within the program. The user account is created automatically when the form has been sent, and it is possible to log in directly and save your projects.<\/p>\n\n\n\n<p>1.&nbsp;<a href=\"https:\/\/identity.swegon.com\/Account\/Login?ReturnUrl=%2Fconnect%2Fauthorize%2Fcallback%3Fclient_id%3Dfd3c0c07-6d7c-41fe-98a6-0cdeb2894c22%26nonce%3D16620377749710.9676750558965341%26redirect_uri%3Dhttps%253A%252F%252Fapp.rud.swegon.com%252Fauthorized%26response_type%3Did_token%2520token%26scope%3Dpds%2520openid%26state%3D16620377749710.17010172808283786\">Create user account<\/a><\/p>\n\n\n\n<p>2. <a href=\"https:\/\/identity.swegon.com\/Account\/Register?returnurl=%2Fconnect%2Fauthorize%2Fcallback%3Fclient_id%3Dfd3c0c07-6d7c-41fe-98a6-0cdeb2894c22%26nonce%3D16620377749710.9676750558965341%26redirect_uri%3Dhttps%253A%252F%252Fapp.rud.swegon.com%252Fauthorized%26response_type%3Did_token%2520token%26scope%3Dpds%2520openid%26state%3D16620377749710.17010172808283786\">Start Room Unit Design without login<\/a><\/p>\n\n\n\n<hr class=\"wp-block-separator has-alpha-channel-opacity\"\/>\n\n\n\n<p>Published: 24.11.2022<\/p>","protected":false},"excerpt":{"rendered":"<p>Jaunums projekt\u0113t\u0101jiem Swegon iepaz\u012bstina ar jauno \u201cRoom unit design\u201d. Programm\u0101 ir iesp\u0113jams simul\u0113t da\u017e\u0101dus produktus J\u016bsu izv\u0113l\u0113tai telpai. Lasiet vair\u0101k par \u201cRoom unit design\u201d programmu un izm\u0113\u0123iniet to pa\u0161i \u0160EIT \u201cRoom unit design\u201d ir t\u012bmek\u013ca produktu atlases programma. Taj\u0101 var veikt simul\u0101cijas, apr\u0113\u0137inus, k\u0101&nbsp;ar\u012b atrast projektam piem\u0113rot\u0101k\u0101s gaisa sadales iek\u0101rtas tie\u0161i J\u016bsu telpai. Atverot programmu [&hellip;]<\/p>","protected":false},"author":1,"featured_media":0,"parent":18,"menu_order":0,"comment_status":"closed","ping_status":"closed","template":"","meta":{"_acf_changed":false,"inline_featured_image":false,"footnotes":"","_links_to":"","_links_to_target":""},"class_list":["post-460","page","type-page","status-publish","hentry"],"acf":[],"yoast_head":"<!-- This site is optimized with the Yoast SEO plugin v27.0 - https:\/\/yoast.com\/product\/yoast-seo-wordpress\/ -->\n<title>&quot;Room Unit Design&quot; - Ecowise<\/title>\n<meta name=\"robots\" content=\"index, follow, max-snippet:-1, max-image-preview:large, max-video-preview:-1\" \/>\n<link rel=\"canonical\" href=\"https:\/\/ecowise.lv\/en\/projektetajiem\/room-unit-design\/\" \/>\n<meta property=\"og:locale\" content=\"en_US\" \/>\n<meta property=\"og:type\" content=\"article\" \/>\n<meta property=\"og:title\" content=\"&quot;Room Unit Design&quot; - Ecowise\" \/>\n<meta property=\"og:description\" content=\"Jaunums projekt\u0113t\u0101jiem Swegon iepaz\u012bstina ar jauno \u201cRoom unit design\u201d. Programm\u0101 ir iesp\u0113jams simul\u0113t da\u017e\u0101dus produktus J\u016bsu izv\u0113l\u0113tai telpai. Lasiet vair\u0101k par \u201cRoom unit design\u201d programmu un izm\u0113\u0123iniet to pa\u0161i \u0160EIT \u201cRoom unit design\u201d ir t\u012bmek\u013ca produktu atlases programma. Taj\u0101 var veikt simul\u0101cijas, apr\u0113\u0137inus, k\u0101&nbsp;ar\u012b atrast projektam piem\u0113rot\u0101k\u0101s gaisa sadales iek\u0101rtas tie\u0161i J\u016bsu telpai. Atverot programmu [&hellip;]\" \/>\n<meta property=\"og:url\" content=\"https:\/\/ecowise.lv\/en\/projektetajiem\/room-unit-design\/\" \/>\n<meta property=\"og:site_name\" content=\"Ecowise\" \/>\n<meta property=\"article:modified_time\" content=\"2023-08-31T08:06:01+00:00\" \/>\n<meta property=\"og:image\" content=\"https:\/\/ecowise.lv\/wp-content\/uploads\/2023\/04\/swegon_room_unit_1_1.824x0-is.png\" \/>\n<meta name=\"twitter:card\" content=\"summary_large_image\" \/>\n<meta name=\"twitter:label1\" content=\"Est. reading time\" \/>\n\t<meta name=\"twitter:data1\" content=\"4 minutes\" \/>\n<script type=\"application\/ld+json\" class=\"yoast-schema-graph\">{\"@context\":\"https:\/\/schema.org\",\"@graph\":[{\"@type\":\"WebPage\",\"@id\":\"https:\/\/ecowise.lv\/projektetajiem\/room-unit-design\/\",\"url\":\"https:\/\/ecowise.lv\/projektetajiem\/room-unit-design\/\",\"name\":\"\\\"Room Unit Design\\\" - Ecowise\",\"isPartOf\":{\"@id\":\"https:\/\/ecowise.lv\/#website\"},\"primaryImageOfPage\":{\"@id\":\"https:\/\/ecowise.lv\/projektetajiem\/room-unit-design\/#primaryimage\"},\"image\":{\"@id\":\"https:\/\/ecowise.lv\/projektetajiem\/room-unit-design\/#primaryimage\"},\"thumbnailUrl\":\"https:\/\/ecowise.lv\/wp-content\/uploads\/2023\/04\/swegon_room_unit_1_1.824x0-is.png\",\"datePublished\":\"2023-04-04T13:04:01+00:00\",\"dateModified\":\"2023-08-31T08:06:01+00:00\",\"breadcrumb\":{\"@id\":\"https:\/\/ecowise.lv\/projektetajiem\/room-unit-design\/#breadcrumb\"},\"inLanguage\":\"en-US\",\"potentialAction\":[{\"@type\":\"ReadAction\",\"target\":[\"https:\/\/ecowise.lv\/projektetajiem\/room-unit-design\/\"]}]},{\"@type\":\"ImageObject\",\"inLanguage\":\"en-US\",\"@id\":\"https:\/\/ecowise.lv\/projektetajiem\/room-unit-design\/#primaryimage\",\"url\":\"https:\/\/ecowise.lv\/wp-content\/uploads\/2023\/04\/swegon_room_unit_1_1.824x0-is.png\",\"contentUrl\":\"https:\/\/ecowise.lv\/wp-content\/uploads\/2023\/04\/swegon_room_unit_1_1.824x0-is.png\"},{\"@type\":\"BreadcrumbList\",\"@id\":\"https:\/\/ecowise.lv\/projektetajiem\/room-unit-design\/#breadcrumb\",\"itemListElement\":[{\"@type\":\"ListItem\",\"position\":1,\"name\":\"Projekt\u0113t\u0101jiem\",\"item\":\"https:\/\/ecowise.lv\/projektetajiem\/\"},{\"@type\":\"ListItem\",\"position\":2,\"name\":\"&#8220;Room Unit Design&#8221;\"}]},{\"@type\":\"WebSite\",\"@id\":\"https:\/\/ecowise.lv\/#website\",\"url\":\"https:\/\/ecowise.lv\/\",\"name\":\"Ecowise\",\"description\":\"Ener\u0123ijas pat\u0113ri\u0146a samazin\u0101jums\",\"publisher\":{\"@id\":\"https:\/\/ecowise.lv\/#organization\"},\"potentialAction\":[{\"@type\":\"SearchAction\",\"target\":{\"@type\":\"EntryPoint\",\"urlTemplate\":\"https:\/\/ecowise.lv\/?s={search_term_string}\"},\"query-input\":{\"@type\":\"PropertyValueSpecification\",\"valueRequired\":true,\"valueName\":\"search_term_string\"}}],\"inLanguage\":\"en-US\"},{\"@type\":\"Organization\",\"@id\":\"https:\/\/ecowise.lv\/#organization\",\"name\":\"Ecowise\",\"url\":\"https:\/\/ecowise.lv\/\",\"logo\":{\"@type\":\"ImageObject\",\"inLanguage\":\"en-US\",\"@id\":\"https:\/\/ecowise.lv\/#\/schema\/logo\/image\/\",\"url\":\"https:\/\/ecowise.lv\/wp-content\/uploads\/2023\/03\/logo.svg\",\"contentUrl\":\"https:\/\/ecowise.lv\/wp-content\/uploads\/2023\/03\/logo.svg\",\"width\":207,\"height\":27,\"caption\":\"Ecowise\"},\"image\":{\"@id\":\"https:\/\/ecowise.lv\/#\/schema\/logo\/image\/\"}}]}<\/script>\n<!-- \/ Yoast SEO plugin. -->","yoast_head_json":{"title":"\"Room Unit Design\" - Ecowise","robots":{"index":"index","follow":"follow","max-snippet":"max-snippet:-1","max-image-preview":"max-image-preview:large","max-video-preview":"max-video-preview:-1"},"canonical":"https:\/\/ecowise.lv\/en\/projektetajiem\/room-unit-design\/","og_locale":"en_US","og_type":"article","og_title":"\"Room Unit Design\" - Ecowise","og_description":"Jaunums projekt\u0113t\u0101jiem Swegon iepaz\u012bstina ar jauno \u201cRoom unit design\u201d. Programm\u0101 ir iesp\u0113jams simul\u0113t da\u017e\u0101dus produktus J\u016bsu izv\u0113l\u0113tai telpai. Lasiet vair\u0101k par \u201cRoom unit design\u201d programmu un izm\u0113\u0123iniet to pa\u0161i \u0160EIT \u201cRoom unit design\u201d ir t\u012bmek\u013ca produktu atlases programma. Taj\u0101 var veikt simul\u0101cijas, apr\u0113\u0137inus, k\u0101&nbsp;ar\u012b atrast projektam piem\u0113rot\u0101k\u0101s gaisa sadales iek\u0101rtas tie\u0161i J\u016bsu telpai. Atverot programmu [&hellip;]","og_url":"https:\/\/ecowise.lv\/en\/projektetajiem\/room-unit-design\/","og_site_name":"Ecowise","article_modified_time":"2023-08-31T08:06:01+00:00","og_image":[{"url":"https:\/\/ecowise.lv\/wp-content\/uploads\/2023\/04\/swegon_room_unit_1_1.824x0-is.png","type":"","width":"","height":""}],"twitter_card":"summary_large_image","twitter_misc":{"Est. reading time":"4 minutes"},"schema":{"@context":"https:\/\/schema.org","@graph":[{"@type":"WebPage","@id":"https:\/\/ecowise.lv\/projektetajiem\/room-unit-design\/","url":"https:\/\/ecowise.lv\/projektetajiem\/room-unit-design\/","name":"\"Room Unit Design\" - Ecowise","isPartOf":{"@id":"https:\/\/ecowise.lv\/#website"},"primaryImageOfPage":{"@id":"https:\/\/ecowise.lv\/projektetajiem\/room-unit-design\/#primaryimage"},"image":{"@id":"https:\/\/ecowise.lv\/projektetajiem\/room-unit-design\/#primaryimage"},"thumbnailUrl":"https:\/\/ecowise.lv\/wp-content\/uploads\/2023\/04\/swegon_room_unit_1_1.824x0-is.png","datePublished":"2023-04-04T13:04:01+00:00","dateModified":"2023-08-31T08:06:01+00:00","breadcrumb":{"@id":"https:\/\/ecowise.lv\/projektetajiem\/room-unit-design\/#breadcrumb"},"inLanguage":"en-US","potentialAction":[{"@type":"ReadAction","target":["https:\/\/ecowise.lv\/projektetajiem\/room-unit-design\/"]}]},{"@type":"ImageObject","inLanguage":"en-US","@id":"https:\/\/ecowise.lv\/projektetajiem\/room-unit-design\/#primaryimage","url":"https:\/\/ecowise.lv\/wp-content\/uploads\/2023\/04\/swegon_room_unit_1_1.824x0-is.png","contentUrl":"https:\/\/ecowise.lv\/wp-content\/uploads\/2023\/04\/swegon_room_unit_1_1.824x0-is.png"},{"@type":"BreadcrumbList","@id":"https:\/\/ecowise.lv\/projektetajiem\/room-unit-design\/#breadcrumb","itemListElement":[{"@type":"ListItem","position":1,"name":"Projekt\u0113t\u0101jiem","item":"https:\/\/ecowise.lv\/projektetajiem\/"},{"@type":"ListItem","position":2,"name":"&#8220;Room Unit Design&#8221;"}]},{"@type":"WebSite","@id":"https:\/\/ecowise.lv\/#website","url":"https:\/\/ecowise.lv\/","name":"Ecowise","description":"Ener\u0123ijas pat\u0113ri\u0146a samazin\u0101jums","publisher":{"@id":"https:\/\/ecowise.lv\/#organization"},"potentialAction":[{"@type":"SearchAction","target":{"@type":"EntryPoint","urlTemplate":"https:\/\/ecowise.lv\/?s={search_term_string}"},"query-input":{"@type":"PropertyValueSpecification","valueRequired":true,"valueName":"search_term_string"}}],"inLanguage":"en-US"},{"@type":"Organization","@id":"https:\/\/ecowise.lv\/#organization","name":"Ecowise","url":"https:\/\/ecowise.lv\/","logo":{"@type":"ImageObject","inLanguage":"en-US","@id":"https:\/\/ecowise.lv\/#\/schema\/logo\/image\/","url":"https:\/\/ecowise.lv\/wp-content\/uploads\/2023\/03\/logo.svg","contentUrl":"https:\/\/ecowise.lv\/wp-content\/uploads\/2023\/03\/logo.svg","width":207,"height":27,"caption":"Ecowise"},"image":{"@id":"https:\/\/ecowise.lv\/#\/schema\/logo\/image\/"}}]}},"_links":{"self":[{"href":"https:\/\/ecowise.lv\/en\/wp-json\/wp\/v2\/pages\/460","targetHints":{"allow":["GET"]}}],"collection":[{"href":"https:\/\/ecowise.lv\/en\/wp-json\/wp\/v2\/pages"}],"about":[{"href":"https:\/\/ecowise.lv\/en\/wp-json\/wp\/v2\/types\/page"}],"author":[{"embeddable":true,"href":"https:\/\/ecowise.lv\/en\/wp-json\/wp\/v2\/users\/1"}],"replies":[{"embeddable":true,"href":"https:\/\/ecowise.lv\/en\/wp-json\/wp\/v2\/comments?post=460"}],"version-history":[{"count":3,"href":"https:\/\/ecowise.lv\/en\/wp-json\/wp\/v2\/pages\/460\/revisions"}],"predecessor-version":[{"id":2151,"href":"https:\/\/ecowise.lv\/en\/wp-json\/wp\/v2\/pages\/460\/revisions\/2151"}],"up":[{"embeddable":true,"href":"https:\/\/ecowise.lv\/en\/wp-json\/wp\/v2\/pages\/18"}],"wp:attachment":[{"href":"https:\/\/ecowise.lv\/en\/wp-json\/wp\/v2\/media?parent=460"}],"curies":[{"name":"wp","href":"https:\/\/api.w.org\/{rel}","templated":true}]}}