{"id":20,"date":"2023-03-31T10:43:26","date_gmt":"2023-03-31T10:43:26","guid":{"rendered":"https:\/\/ecowise.lv\/?page_id=20"},"modified":"2024-06-12T21:23:33","modified_gmt":"2024-06-12T18:23:33","slug":"par-mums","status":"publish","type":"page","link":"https:\/\/ecowise.lv\/en\/par-mums\/","title":{"rendered":"About Us"},"content":{"rendered":"<figure class=\"wp-block-image size-full\"><img fetchpriority=\"high\" decoding=\"async\" width=\"1200\" height=\"246\" src=\"https:\/\/ecowise.lv\/wp-content\/uploads\/2023\/06\/group_235_2x.1200x0-is.jpg\" alt=\"\" class=\"wp-image-1569\" srcset=\"https:\/\/ecowise.lv\/wp-content\/uploads\/2023\/06\/group_235_2x.1200x0-is.jpg 1200w, https:\/\/ecowise.lv\/wp-content\/uploads\/2023\/06\/group_235_2x.1200x0-is-300x62.jpg 300w, https:\/\/ecowise.lv\/wp-content\/uploads\/2023\/06\/group_235_2x.1200x0-is-600x123.jpg 600w, https:\/\/ecowise.lv\/wp-content\/uploads\/2023\/06\/group_235_2x.1200x0-is-768x157.jpg 768w, https:\/\/ecowise.lv\/wp-content\/uploads\/2023\/06\/group_235_2x.1200x0-is-1024x210.jpg 1024w\" sizes=\"(max-width: 1200px) 100vw, 1200px\" \/><\/figure>\n\n\n\n<h3 class=\"wp-block-heading\" id=\"h-esam-ofici-lais-swegon-p-rst-vis-latvij\"><strong>We are the official distributor of Swegon in Latvia.<\/strong><\/h3>\n\n\n\n<p>We distribute, install and maintain ventilation and air conditioning equipment. We offer our customers, designers and installation companies innovative and energy-efficient solutions tailored to the specifics of each project. Our long-term experience in the fields of ventilation, air conditioning and heating will help you choose the most suitable and economically advantageous solution for your project. Our main goal is human comfort in buildings, as well as ensuring an optimal indoor climate solution with the lowest possible life cycle costs.<\/p>\n\n\n\n<h2 class=\"wp-block-heading\">WHO WE ARE<\/h2>\n\n\n\n<figure class=\"wp-block-image size-full\"><img decoding=\"async\" width=\"1100\" height=\"225\" src=\"https:\/\/ecowise.lv\/wp-content\/uploads\/2023\/06\/1shutterstock_678225592_2x.1100x0-is.jpg\" alt=\"\" class=\"wp-image-1572\" srcset=\"https:\/\/ecowise.lv\/wp-content\/uploads\/2023\/06\/1shutterstock_678225592_2x.1100x0-is.jpg 1100w, https:\/\/ecowise.lv\/wp-content\/uploads\/2023\/06\/1shutterstock_678225592_2x.1100x0-is-300x61.jpg 300w, https:\/\/ecowise.lv\/wp-content\/uploads\/2023\/06\/1shutterstock_678225592_2x.1100x0-is-600x123.jpg 600w, https:\/\/ecowise.lv\/wp-content\/uploads\/2023\/06\/1shutterstock_678225592_2x.1100x0-is-768x157.jpg 768w, https:\/\/ecowise.lv\/wp-content\/uploads\/2023\/06\/1shutterstock_678225592_2x.1100x0-is-1024x209.jpg 1024w\" sizes=\"(max-width: 1100px) 100vw, 1100px\" \/><\/figure>\n\n\n\n<h3 class=\"wp-block-heading\"><strong>Ecowise is Sweden's leading indoor climate company Swegon partner in Latvia.<\/strong><\/h3>\n\n\n\n<p>People spend most of their time indoors, so we need a good indoor climate for our health and well-being. The equipment distributed by Swegon's official representative in Latvia Ecowise SIA can be used in all the stages of your real estate project to achieve the best indoor climate with the least possible impact on the external environment. Our business models, services, products and systems are designed to provide you with the right solution for each individual project. For more than 85 years, Swegon has helped create a healthier indoor climate in buildings around the world. No matter what the conditions and challenges may be, the end result is always taken into account. Customers who have had contact with Swegon equipment can attest to the quality indicators of Swegon, they are building owners, designers, installers and building residents. With us you will find everything you need to create the best indoor climate in the world! Swegon's unrivaled range of reliable and carefully designed products and services ensures that your project has the best ventilation system, every step of the way!<\/p>\n\n\n\n<p>And the best we can give you:<\/p>\n\n\n\n<p><strong>We know how to do it right from the beginning!<\/strong><\/p>\n\n\n\n<h2 class=\"wp-block-heading\">OUR TEAM<\/h2>\n\n\n\n<figure class=\"wp-block-image size-large is-resized\"><img decoding=\"async\" width=\"1024\" height=\"921\" src=\"https:\/\/ecowise.lv\/wp-content\/uploads\/2023\/11\/Ecowise_latvia-1024x921.jpg\" alt=\"\" class=\"wp-image-5489\" style=\"width:579px;height:auto\" srcset=\"https:\/\/ecowise.lv\/wp-content\/uploads\/2023\/11\/Ecowise_latvia-1024x921.jpg 1024w, https:\/\/ecowise.lv\/wp-content\/uploads\/2023\/11\/Ecowise_latvia-300x270.jpg 300w, https:\/\/ecowise.lv\/wp-content\/uploads\/2023\/11\/Ecowise_latvia-600x540.jpg 600w, https:\/\/ecowise.lv\/wp-content\/uploads\/2023\/11\/Ecowise_latvia-768x691.jpg 768w, https:\/\/ecowise.lv\/wp-content\/uploads\/2023\/11\/Ecowise_latvia.jpg 1252w\" sizes=\"(max-width: 1024px) 100vw, 1024px\" \/><\/figure>\n\n\n\n<div class=\"wp-block-columns is-layout-flex wp-container-core-columns-is-layout-9d6595d7 wp-block-columns-is-layout-flex\">\n<div class=\"wp-block-column is-layout-flow wp-block-column-is-layout-flow\">\n<h3 class=\"wp-block-heading\">Vladimirs K\u013cimjuks<\/h3>\n\n\n\n<p>Sales project manager<\/p>\n\n\n\n<p>vladimirs@ecowise.lv<br>+371 27337793<\/p>\n<\/div>\n\n\n\n<div class=\"wp-block-column is-layout-flow wp-block-column-is-layout-flow\">\n<h3 class=\"wp-block-heading\">Vita Redkina<\/h3>\n\n\n\n<p>Member of the Board, CEO<\/p>\n\n\n\n<p>vita@ecowise.lv<br>+371 26116972<\/p>\n<\/div>\n<\/div>","protected":false},"excerpt":{"rendered":"<p>Esam ofici\u0101lais Swegon p\u0101rst\u0101vis Latvij\u0101. Veicam ventil\u0101cijas un gaisa kondicion\u0113\u0161anas iek\u0101rtu izplat\u012b\u0161anu, uzst\u0101d\u012b\u0161anu un apkopi. M\u0113s pied\u0101v\u0101jam saviem klientiem, projekt\u0113t\u0101jiem, mont\u0101\u017eas uz\u0146\u0113mumiem inovat\u012bvus un energoefekt\u012bvus risin\u0101jumus atbilsto\u0161i katra projekta specifikai. M\u016bsu ilggad\u0113j\u0101 darba pieredze ventil\u0101cijas, kondicion\u0113\u0161anas un apkures jom\u0101s pal\u012bdz\u0113s Jums izv\u0113l\u0113ties piem\u0113rot\u0101ko un ekonomiski izdev\u012bg\u0101ko risin\u0101jumu J\u016bsu projektam. M\u016bsu pamatm\u0113r\u0137is ir cilv\u0113ku komforts \u0113k\u0101s, [&hellip;]<\/p>","protected":false},"author":1,"featured_media":0,"parent":0,"menu_order":0,"comment_status":"closed","ping_status":"closed","template":"","meta":{"_acf_changed":false,"inline_featured_image":false,"footnotes":"","_links_to":"","_links_to_target":""},"class_list":["post-20","page","type-page","status-publish","hentry"],"acf":[],"yoast_head":"<!-- This site is optimized with the Yoast SEO plugin v27.0 - https:\/\/yoast.com\/product\/yoast-seo-wordpress\/ -->\n<title>Par mums - Ecowise<\/title>\n<meta name=\"description\" content=\"Ventil\u0101cija, gaisa kondicion\u0113\u0161anas iek\u0101rtu pakalpojumi, uzst\u0101d\u012b\u0161ana un apkope. Inovat\u012bvi, energoefekt\u012bvi risin\u0101jumi! Sazinieties jau \u0161odien!\" \/>\n<meta name=\"robots\" content=\"index, follow, max-snippet:-1, max-image-preview:large, max-video-preview:-1\" \/>\n<link rel=\"canonical\" href=\"https:\/\/ecowise.lv\/en\/par-mums\/\" \/>\n<meta property=\"og:locale\" content=\"en_US\" \/>\n<meta property=\"og:type\" content=\"article\" \/>\n<meta property=\"og:title\" content=\"Par mums - Ecowise\" \/>\n<meta property=\"og:description\" content=\"Ventil\u0101cija, gaisa kondicion\u0113\u0161anas iek\u0101rtu pakalpojumi, uzst\u0101d\u012b\u0161ana un apkope. Inovat\u012bvi, energoefekt\u012bvi risin\u0101jumi! Sazinieties jau \u0161odien!\" \/>\n<meta property=\"og:url\" content=\"https:\/\/ecowise.lv\/en\/par-mums\/\" \/>\n<meta property=\"og:site_name\" content=\"Ecowise\" \/>\n<meta property=\"article:modified_time\" content=\"2024-06-12T18:23:33+00:00\" \/>\n<meta property=\"og:image\" content=\"https:\/\/ecowise.lv\/wp-content\/uploads\/2023\/06\/group_235_2x.1200x0-is.jpg\" \/>\n<meta name=\"twitter:card\" content=\"summary_large_image\" \/>\n<meta name=\"twitter:label1\" content=\"Est. reading time\" \/>\n\t<meta name=\"twitter:data1\" content=\"3 minutes\" \/>\n<script type=\"application\/ld+json\" class=\"yoast-schema-graph\">{\"@context\":\"https:\/\/schema.org\",\"@graph\":[{\"@type\":\"WebPage\",\"@id\":\"https:\/\/ecowise.lv\/par-mums\/\",\"url\":\"https:\/\/ecowise.lv\/par-mums\/\",\"name\":\"Par mums - Ecowise\",\"isPartOf\":{\"@id\":\"https:\/\/ecowise.lv\/#website\"},\"primaryImageOfPage\":{\"@id\":\"https:\/\/ecowise.lv\/par-mums\/#primaryimage\"},\"image\":{\"@id\":\"https:\/\/ecowise.lv\/par-mums\/#primaryimage\"},\"thumbnailUrl\":\"https:\/\/ecowise.lv\/wp-content\/uploads\/2023\/06\/group_235_2x.1200x0-is.jpg\",\"datePublished\":\"2023-03-31T10:43:26+00:00\",\"dateModified\":\"2024-06-12T18:23:33+00:00\",\"description\":\"Ventil\u0101cija, gaisa kondicion\u0113\u0161anas iek\u0101rtu pakalpojumi, uzst\u0101d\u012b\u0161ana un apkope. Inovat\u012bvi, energoefekt\u012bvi risin\u0101jumi! Sazinieties jau \u0161odien!\",\"inLanguage\":\"en-US\",\"potentialAction\":[{\"@type\":\"ReadAction\",\"target\":[\"https:\/\/ecowise.lv\/par-mums\/\"]}]},{\"@type\":\"ImageObject\",\"inLanguage\":\"en-US\",\"@id\":\"https:\/\/ecowise.lv\/par-mums\/#primaryimage\",\"url\":\"https:\/\/ecowise.lv\/wp-content\/uploads\/2023\/06\/group_235_2x.1200x0-is.jpg\",\"contentUrl\":\"https:\/\/ecowise.lv\/wp-content\/uploads\/2023\/06\/group_235_2x.1200x0-is.jpg\"},{\"@type\":\"WebSite\",\"@id\":\"https:\/\/ecowise.lv\/#website\",\"url\":\"https:\/\/ecowise.lv\/\",\"name\":\"Ecowise\",\"description\":\"Ener\u0123ijas pat\u0113ri\u0146a samazin\u0101jums\",\"publisher\":{\"@id\":\"https:\/\/ecowise.lv\/#organization\"},\"potentialAction\":[{\"@type\":\"SearchAction\",\"target\":{\"@type\":\"EntryPoint\",\"urlTemplate\":\"https:\/\/ecowise.lv\/?s={search_term_string}\"},\"query-input\":{\"@type\":\"PropertyValueSpecification\",\"valueRequired\":true,\"valueName\":\"search_term_string\"}}],\"inLanguage\":\"en-US\"},{\"@type\":\"Organization\",\"@id\":\"https:\/\/ecowise.lv\/#organization\",\"name\":\"Ecowise\",\"url\":\"https:\/\/ecowise.lv\/\",\"logo\":{\"@type\":\"ImageObject\",\"inLanguage\":\"en-US\",\"@id\":\"https:\/\/ecowise.lv\/#\/schema\/logo\/image\/\",\"url\":\"https:\/\/ecowise.lv\/wp-content\/uploads\/2023\/03\/logo.svg\",\"contentUrl\":\"https:\/\/ecowise.lv\/wp-content\/uploads\/2023\/03\/logo.svg\",\"width\":207,\"height\":27,\"caption\":\"Ecowise\"},\"image\":{\"@id\":\"https:\/\/ecowise.lv\/#\/schema\/logo\/image\/\"}}]}<\/script>\n<!-- \/ Yoast SEO plugin. -->","yoast_head_json":{"title":"Par mums - Ecowise","description":"Ventil\u0101cija, gaisa kondicion\u0113\u0161anas iek\u0101rtu pakalpojumi, uzst\u0101d\u012b\u0161ana un apkope. Inovat\u012bvi, energoefekt\u012bvi risin\u0101jumi! Sazinieties jau \u0161odien!","robots":{"index":"index","follow":"follow","max-snippet":"max-snippet:-1","max-image-preview":"max-image-preview:large","max-video-preview":"max-video-preview:-1"},"canonical":"https:\/\/ecowise.lv\/en\/par-mums\/","og_locale":"en_US","og_type":"article","og_title":"Par mums - Ecowise","og_description":"Ventil\u0101cija, gaisa kondicion\u0113\u0161anas iek\u0101rtu pakalpojumi, uzst\u0101d\u012b\u0161ana un apkope. Inovat\u012bvi, energoefekt\u012bvi risin\u0101jumi! Sazinieties jau \u0161odien!","og_url":"https:\/\/ecowise.lv\/en\/par-mums\/","og_site_name":"Ecowise","article_modified_time":"2024-06-12T18:23:33+00:00","og_image":[{"url":"https:\/\/ecowise.lv\/wp-content\/uploads\/2023\/06\/group_235_2x.1200x0-is.jpg","type":"","width":"","height":""}],"twitter_card":"summary_large_image","twitter_misc":{"Est. reading time":"3 minutes"},"schema":{"@context":"https:\/\/schema.org","@graph":[{"@type":"WebPage","@id":"https:\/\/ecowise.lv\/par-mums\/","url":"https:\/\/ecowise.lv\/par-mums\/","name":"Par mums - Ecowise","isPartOf":{"@id":"https:\/\/ecowise.lv\/#website"},"primaryImageOfPage":{"@id":"https:\/\/ecowise.lv\/par-mums\/#primaryimage"},"image":{"@id":"https:\/\/ecowise.lv\/par-mums\/#primaryimage"},"thumbnailUrl":"https:\/\/ecowise.lv\/wp-content\/uploads\/2023\/06\/group_235_2x.1200x0-is.jpg","datePublished":"2023-03-31T10:43:26+00:00","dateModified":"2024-06-12T18:23:33+00:00","description":"Ventil\u0101cija, gaisa kondicion\u0113\u0161anas iek\u0101rtu pakalpojumi, uzst\u0101d\u012b\u0161ana un apkope. Inovat\u012bvi, energoefekt\u012bvi risin\u0101jumi! Sazinieties jau \u0161odien!","inLanguage":"en-US","potentialAction":[{"@type":"ReadAction","target":["https:\/\/ecowise.lv\/par-mums\/"]}]},{"@type":"ImageObject","inLanguage":"en-US","@id":"https:\/\/ecowise.lv\/par-mums\/#primaryimage","url":"https:\/\/ecowise.lv\/wp-content\/uploads\/2023\/06\/group_235_2x.1200x0-is.jpg","contentUrl":"https:\/\/ecowise.lv\/wp-content\/uploads\/2023\/06\/group_235_2x.1200x0-is.jpg"},{"@type":"WebSite","@id":"https:\/\/ecowise.lv\/#website","url":"https:\/\/ecowise.lv\/","name":"Ecowise","description":"Ener\u0123ijas pat\u0113ri\u0146a samazin\u0101jums","publisher":{"@id":"https:\/\/ecowise.lv\/#organization"},"potentialAction":[{"@type":"SearchAction","target":{"@type":"EntryPoint","urlTemplate":"https:\/\/ecowise.lv\/?s={search_term_string}"},"query-input":{"@type":"PropertyValueSpecification","valueRequired":true,"valueName":"search_term_string"}}],"inLanguage":"en-US"},{"@type":"Organization","@id":"https:\/\/ecowise.lv\/#organization","name":"Ecowise","url":"https:\/\/ecowise.lv\/","logo":{"@type":"ImageObject","inLanguage":"en-US","@id":"https:\/\/ecowise.lv\/#\/schema\/logo\/image\/","url":"https:\/\/ecowise.lv\/wp-content\/uploads\/2023\/03\/logo.svg","contentUrl":"https:\/\/ecowise.lv\/wp-content\/uploads\/2023\/03\/logo.svg","width":207,"height":27,"caption":"Ecowise"},"image":{"@id":"https:\/\/ecowise.lv\/#\/schema\/logo\/image\/"}}]}},"_links":{"self":[{"href":"https:\/\/ecowise.lv\/en\/wp-json\/wp\/v2\/pages\/20","targetHints":{"allow":["GET"]}}],"collection":[{"href":"https:\/\/ecowise.lv\/en\/wp-json\/wp\/v2\/pages"}],"about":[{"href":"https:\/\/ecowise.lv\/en\/wp-json\/wp\/v2\/types\/page"}],"author":[{"embeddable":true,"href":"https:\/\/ecowise.lv\/en\/wp-json\/wp\/v2\/users\/1"}],"replies":[{"embeddable":true,"href":"https:\/\/ecowise.lv\/en\/wp-json\/wp\/v2\/comments?post=20"}],"version-history":[{"count":9,"href":"https:\/\/ecowise.lv\/en\/wp-json\/wp\/v2\/pages\/20\/revisions"}],"predecessor-version":[{"id":6560,"href":"https:\/\/ecowise.lv\/en\/wp-json\/wp\/v2\/pages\/20\/revisions\/6560"}],"wp:attachment":[{"href":"https:\/\/ecowise.lv\/en\/wp-json\/wp\/v2\/media?parent=20"}],"curies":[{"name":"wp","href":"https:\/\/api.w.org\/{rel}","templated":true}]}}