{"id":16,"date":"2023-03-31T10:42:59","date_gmt":"2023-03-31T10:42:59","guid":{"rendered":"https:\/\/ecowise.lv\/?page_id=16"},"modified":"2024-01-26T14:29:56","modified_gmt":"2024-01-26T12:29:56","slug":"produkti","status":"publish","type":"page","link":"https:\/\/ecowise.lv\/en\/produkti\/","title":{"rendered":"Products"},"content":{"rendered":"<p><\/p>\n\n\n\r\n<div class=\"products-list-custom\">\r\n\r\n\r\n    <div class=\"top-image\">\r\n    <a href=\"https:\/\/ecowise.lv\/en\/produkti\/aukstuma-siltuma-razosana-2\/\">\r\n            <img decoding=\"async\" src=\"https:\/\/ecowise.lv\/wp-content\/uploads\/2024\/01\/tetris_hero2.jpg\" alt=\"Aukstuma &amp; Siltuma ra\u017eo\u0161ana\">\r\n            <div class=\"grid-container\">\r\n                <div class=\"text\">\r\n                    <div class=\"text-inner\">\r\n                                    <h2 class=\"woocommerce-products-header__title page-title\">Heating &amp; Cooling<\/h2>\r\n                                            <\/div>\r\n                <\/div>\r\n            <\/div>\r\n            <\/a>\r\n\t<\/div>\t\r\n    <div class=\"sub-cat-title\"><h2><a href=\"https:\/\/ecowise.lv\/en\/produkti\/aukstuma-siltuma-razosana-2\/\">Heating &amp; Cooling<\/a><\/h2><\/div>\r\n\r\n\r\n    <ul class=\"products columns-4\"><li class=\"product\"><a href=\"https:\/\/ecowise.lv\/en\/produkti\/aukstuma-siltuma-razosana-2\/gaiss-udens-cilleri-un-siltumukni\/\"><h3 class=\"woocommerce-loop-product__title\">Air-cooled chillers and heat pumps<\/h3><img decoding=\"async\" src=\"https:\/\/ecowise.lv\/wp-content\/uploads\/2023\/09\/omicron-zero-copy.png\" alt=\"Gaiss - \u016bdens \u010dilleri un siltums\u016bk\u0146i\"><\/a><\/li><li class=\"product\"><a href=\"https:\/\/ecowise.lv\/en\/produkti\/aukstuma-siltuma-razosana-2\/it-aukstumiekartas\/\"><h3 class=\"woocommerce-loop-product__title\">IT COOLING<\/h3><img decoding=\"async\" src=\"https:\/\/ecowise.lv\/wp-content\/uploads\/2023\/09\/datatech2.png\" alt=\"IT aukstumiek\u0101rtas\"><\/a><\/li><li class=\"product\"><a href=\"https:\/\/ecowise.lv\/en\/produkti\/aukstuma-siltuma-razosana-2\/iznestais-kondensators-dry-cooler\/\"><h3 class=\"woocommerce-loop-product__title\">Remote source<\/h3><img decoding=\"async\" src=\"https:\/\/ecowise.lv\/wp-content\/uploads\/2023\/09\/rc-green.webp\" alt=\"Iznestais kondensators\"><\/a><\/li><li class=\"product\"><a href=\"https:\/\/ecowise.lv\/en\/produkti\/aukstuma-siltuma-razosana-2\/multifunkcionalas-iekartas\/\"><h3 class=\"woocommerce-loop-product__title\">Air source multifunction<\/h3><img decoding=\"async\" src=\"https:\/\/ecowise.lv\/wp-content\/uploads\/2023\/10\/omicron_rev_s4_family_1600x1200.jpg\" alt=\"Multifunkcion\u0101las iek\u0101rtas\"><\/a><\/li><li class=\"product\"><a href=\"https:\/\/ecowise.lv\/en\/produkti\/aukstuma-siltuma-razosana-2\/udens-udens-cilleri-un-siltumsukni\/\"><h3 class=\"woocommerce-loop-product__title\">Water-cooled chillers and heat pumps<\/h3><img decoding=\"async\" src=\"https:\/\/ecowise.lv\/wp-content\/uploads\/2023\/09\/omegasky1-1.png\" alt=\"\u016adens - \u016bdens \u010dilleri un siltums\u016bk\u0146i\"><\/a><\/li><li class=\"product\"><a href=\"https:\/\/ecowise.lv\/en\/produkti\/aukstuma-siltuma-razosana-2\/vadiba\/\"><h3 class=\"woocommerce-loop-product__title\">Controls<\/h3><img decoding=\"async\" src=\"https:\/\/ecowise.lv\/wp-content\/uploads\/2023\/09\/flowzer.jpg\" alt=\"Vad\u012bba\"><\/a><\/li><\/ul>\r\n    <div class=\"top-image\">\r\n    <a href=\"https:\/\/ecowise.lv\/en\/produkti\/gaisa-sadalitaji\/\">\r\n            <img decoding=\"async\" src=\"https:\/\/ecowise.lv\/wp-content\/uploads\/2023\/08\/cdr_environmental-image_decoline.webp\" alt=\"Gaisa sadal\u012bt\u0101ji\">\r\n            <div class=\"grid-container\">\r\n                <div class=\"text\">\r\n                    <div class=\"text-inner\">\r\n                                    <h2 class=\"woocommerce-products-header__title page-title\">Airborne room units<\/h2>\r\n                                            <\/div>\r\n                <\/div>\r\n            <\/div>\r\n            <\/a>\r\n\t<\/div>\t\r\n    <div class=\"sub-cat-title\"><h2><a href=\"https:\/\/ecowise.lv\/en\/produkti\/gaisa-sadalitaji\/\">Airborne room units<\/a><\/h2><\/div>\r\n\r\n\r\n    <ul class=\"products columns-4\"><li class=\"product\"><a href=\"https:\/\/ecowise.lv\/en\/produkti\/gaisa-sadalitaji\/aizsargati-difuzori\/\"><h3 class=\"woocommerce-loop-product__title\">Reinforced terminals<\/h3><img decoding=\"async\" src=\"https:\/\/ecowise.lv\/wp-content\/uploads\/2023\/04\/roc-environment.jpg\" alt=\"Aizsarg\u0101tie difuzori\"><\/a><\/li><li class=\"product\"><a href=\"https:\/\/ecowise.lv\/en\/produkti\/gaisa-sadalitaji\/gaisa-parpludes\/\"><h3 class=\"woocommerce-loop-product__title\">Transfer units<\/h3><img decoding=\"async\" src=\"https:\/\/ecowise.lv\/wp-content\/uploads\/2023\/04\/rot-productimage.jpg\" alt=\"Gaisa p\u0101rpl\u016bdes\"><\/a><\/li><li class=\"product\"><a href=\"https:\/\/ecowise.lv\/en\/produkti\/gaisa-sadalitaji\/gaisa-vadu-montaza\/\"><h3 class=\"woocommerce-loop-product__title\">Duct diffusers<\/h3><img decoding=\"async\" src=\"https:\/\/ecowise.lv\/wp-content\/uploads\/2023\/04\/IBIS-e1697530096588.png\" alt=\"Gaisa vadu difuzori\"><\/a><\/li><li class=\"product\"><a href=\"https:\/\/ecowise.lv\/en\/produkti\/gaisa-sadalitaji\/gridas-difuzori\/\"><h3 class=\"woocommerce-loop-product__title\">Floor diffusers<\/h3><img decoding=\"async\" src=\"https:\/\/ecowise.lv\/wp-content\/uploads\/2023\/04\/lockzone-base-productimage.webp\" alt=\"Gr\u012bdas difuzori\"><\/a><\/li><li class=\"product\"><a href=\"https:\/\/ecowise.lv\/en\/produkti\/gaisa-sadalitaji\/griestu-difuzori\/\"><h3 class=\"woocommerce-loop-product__title\">Ceiling diffusers<\/h3><img decoding=\"async\" src=\"https:\/\/ecowise.lv\/wp-content\/uploads\/2023\/08\/vireocaals-productimage.jpg\" alt=\"Griestu difuzori\"><\/a><\/li><li class=\"product\"><a href=\"https:\/\/ecowise.lv\/en\/produkti\/gaisa-sadalitaji\/griestu-difuzori-atklatai-montazai\/\"><h3 class=\"woocommerce-loop-product__title\">Ceiling diffusers (exposed)<\/h3><img decoding=\"async\" src=\"https:\/\/ecowise.lv\/wp-content\/uploads\/2023\/08\/kite-free-productimage.webp\" alt=\"Griestu difuzori atkl\u0101tai mont\u0101\u017eai\"><\/a><\/li><li class=\"product\"><a href=\"https:\/\/ecowise.lv\/en\/produkti\/gaisa-sadalitaji\/nosuces-difuzori\/\"><h3 class=\"woocommerce-loop-product__title\">Extract air diffusers<\/h3><img decoding=\"async\" src=\"https:\/\/ecowise.lv\/wp-content\/uploads\/2023\/04\/exf-productimage.jpg\" alt=\"Nos\u016bces difuzori\"><\/a><\/li><li class=\"product\"><a href=\"https:\/\/ecowise.lv\/en\/produkti\/gaisa-sadalitaji\/redukcijas-karbas\/\"><h3 class=\"woocommerce-loop-product__title\">Commissioning boxes<\/h3><img decoding=\"async\" src=\"https:\/\/ecowise.lv\/wp-content\/uploads\/2023\/10\/als_karba_ventilacija.png\" alt=\"Redukcijas k\u0101rbas\"><\/a><\/li><li class=\"product\"><a href=\"https:\/\/ecowise.lv\/en\/produkti\/gaisa-sadalitaji\/restes\/\"><h3 class=\"woocommerce-loop-product__title\">Grille diffusers<\/h3><img decoding=\"async\" src=\"https:\/\/ecowise.lv\/wp-content\/uploads\/2023\/04\/gth-productimage.webp\" alt=\"Restes\"><\/a><\/li><li class=\"product\"><a href=\"https:\/\/ecowise.lv\/en\/produkti\/gaisa-sadalitaji\/sienas-difuzori\/\"><h3 class=\"woocommerce-loop-product__title\">Wall diffusers<\/h3><img decoding=\"async\" src=\"https:\/\/ecowise.lv\/wp-content\/uploads\/2023\/04\/Colibri_wall_difuzors_1.png\" alt=\"Sienas difuzori\"><\/a><\/li><li class=\"product\"><a href=\"https:\/\/ecowise.lv\/en\/produkti\/gaisa-sadalitaji\/struklas-difuzori\/\"><h3 class=\"woocommerce-loop-product__title\">Jet diffusers<\/h3><img decoding=\"async\" src=\"https:\/\/ecowise.lv\/wp-content\/uploads\/2023\/04\/ckd-productimage.jpg\" alt=\"Str\u016bklas difuzori\"><\/a><\/li><li class=\"product\"><a href=\"https:\/\/ecowise.lv\/en\/produkti\/gaisa-sadalitaji\/tiro-telpu-difuzori\/\"><h3 class=\"woocommerce-loop-product__title\">Clean-room diffusers<\/h3><img decoding=\"async\" src=\"https:\/\/ecowise.lv\/wp-content\/uploads\/2023\/04\/cdh-clh-productimage_nozzles.jpg\" alt=\"T\u012bro telpu difuzori\"><\/a><\/li><li class=\"product\"><a href=\"https:\/\/ecowise.lv\/en\/produkti\/gaisa-sadalitaji\/zemas-plusmas-difuzori\/\"><h3 class=\"woocommerce-loop-product__title\">Displacement diffusers<\/h3><img decoding=\"async\" src=\"https:\/\/ecowise.lv\/wp-content\/uploads\/2023\/04\/dbc-productimage.jpg\" alt=\"Zem\u0101s pl\u016bsmas difuzori\"><\/a><\/li><\/ul>\r\n    <div class=\"top-image\">\r\n    <a href=\"https:\/\/ecowise.lv\/en\/produkti\/sistemas-produkti\/\">\r\n            <img decoding=\"async\" src=\"https:\/\/ecowise.lv\/wp-content\/uploads\/2024\/01\/Ventilacija_sistemas.jpg\" alt=\"Papildus ier\u012bces\">\r\n            <div class=\"grid-container\">\r\n                <div class=\"text\">\r\n                    <div class=\"text-inner\">\r\n                                    <h2 class=\"woocommerce-products-header__title page-title\">Other units<\/h2>\r\n                                            <\/div>\r\n                <\/div>\r\n            <\/div>\r\n            <\/a>\r\n\t<\/div>\t\r\n    <div class=\"sub-cat-title\"><h2><a href=\"https:\/\/ecowise.lv\/en\/produkti\/sistemas-produkti\/\">Other units<\/a><\/h2><\/div>\r\n\r\n\r\n    <ul class=\"products columns-4\"><li class=\"product\"><a href=\"https:\/\/ecowise.lv\/en\/produkti\/sistemas-produkti\/plusmas-regulesana\/\"><h3 class=\"woocommerce-loop-product__title\">Flow Regulation<\/h3><img decoding=\"async\" src=\"https:\/\/ecowise.lv\/wp-content\/uploads\/2023\/04\/wise-damper-circular-productimage.jpg\" alt=\"Pl\u016bsmas regul\u0113\u0161ana\"><\/a><\/li><li class=\"product\"><a href=\"https:\/\/ecowise.lv\/en\/produkti\/sistemas-produkti\/troksnu-slapetaji-2\/\"><h3 class=\"woocommerce-loop-product__title\">Silencers<\/h3><img decoding=\"async\" src=\"https:\/\/ecowise.lv\/wp-content\/uploads\/2023\/10\/Troksnu_slapesana_ventilacija_CLA-A.png\" alt=\"Trok\u0161\u0146u sl\u0101p\u0113t\u0101ji\"><\/a><\/li><\/ul>\r\n    <div class=\"top-image\">\r\n    <a href=\"https:\/\/ecowise.lv\/en\/produkti\/udens-klimata-sistemas-2\/\">\r\n            <img decoding=\"async\" src=\"https:\/\/ecowise.lv\/wp-content\/uploads\/2023\/10\/Udens_klimata_sistemas_kondicionesana.png\" alt=\"\u016adens klimata sist\u0113mas\">\r\n            <div class=\"grid-container\">\r\n                <div class=\"text\">\r\n                    <div class=\"text-inner\">\r\n                                    <h2 class=\"woocommerce-products-header__title page-title\">Waterborne room units<\/h2>\r\n                                            <\/div>\r\n                <\/div>\r\n            <\/div>\r\n            <\/a>\r\n\t<\/div>\t\r\n    <div class=\"sub-cat-title\"><h2><a href=\"https:\/\/ecowise.lv\/en\/produkti\/udens-klimata-sistemas-2\/\">Waterborne room units<\/a><\/h2><\/div>\r\n\r\n\r\n    <ul class=\"products columns-4\"><li class=\"product\"><a href=\"https:\/\/ecowise.lv\/en\/produkti\/udens-klimata-sistemas-2\/dzesesanas-konsoles\/\"><h3 class=\"woocommerce-loop-product__title\">Chilled beams<\/h3><img decoding=\"async\" src=\"https:\/\/ecowise.lv\/wp-content\/uploads\/2023\/04\/Asset-38.jpg\" alt=\"Dzes\u0113\u0161anas konsoles\"><\/a><\/li><li class=\"product\"><a href=\"https:\/\/ecowise.lv\/en\/produkti\/udens-klimata-sistemas-2\/komforta-moduli-ar-1-virziena-gaisa-padevi\/\"><h3 class=\"woocommerce-loop-product__title\">Comfort modules with 1-way distribution<\/h3><img decoding=\"async\" src=\"https:\/\/ecowise.lv\/wp-content\/uploads\/2023\/09\/paragon_d_wall_front-1.jpg\" alt=\"Komforta modu\u013ci ar 1 virziena gaisa padevi\"><\/a><\/li><li class=\"product\"><a href=\"https:\/\/ecowise.lv\/en\/produkti\/udens-klimata-sistemas-2\/komforta-moduli\/\"><h3 class=\"woocommerce-loop-product__title\">Comfort modules with 4-way distribution<\/h3><img decoding=\"async\" src=\"https:\/\/ecowise.lv\/wp-content\/uploads\/2023\/08\/zenith-room-1.webp\" alt=\"Komforta modu\u013ci ar 4 virzienu gaisa padevi\"><\/a><\/li><li class=\"product\"><a href=\"https:\/\/ecowise.lv\/en\/produkti\/udens-klimata-sistemas-2\/perimetra-sistemas\/\"><h3 class=\"woocommerce-loop-product__title\">Perimeter systems<\/h3><img decoding=\"async\" src=\"https:\/\/ecowise.lv\/wp-content\/uploads\/2023\/09\/primo-1.jpg\" alt=\"Perimetra sist\u0113mas\"><\/a><\/li><li class=\"product\"><a href=\"https:\/\/ecowise.lv\/en\/produkti\/udens-klimata-sistemas-2\/vadibas-aprikojums\/\"><h3 class=\"woocommerce-loop-product__title\">Controls<\/h3><img decoding=\"async\" src=\"https:\/\/ecowise.lv\/wp-content\/uploads\/2023\/09\/luna_rc-productimage.png\" alt=\"Vad\u012bbas apr\u012bkojums\"><\/a><\/li><\/ul>\r\n    <div class=\"top-image\">\r\n    <a href=\"https:\/\/ecowise.lv\/en\/produkti\/ventilacija-pec-pieprasijuma\/\">\r\n            <img decoding=\"async\" src=\"https:\/\/ecowise.lv\/wp-content\/uploads\/2023\/09\/wise-ii_hero.jpg\" alt=\"Ventil\u0101cija p\u0113c piepras\u012bjuma\">\r\n            <div class=\"grid-container\">\r\n                <div class=\"text\">\r\n                    <div class=\"text-inner\">\r\n                                    <h2 class=\"woocommerce-products-header__title page-title\">Demand-controlled Ventilation<\/h2>\r\n                                            <\/div>\r\n                <\/div>\r\n            <\/div>\r\n            <\/a>\r\n\t<\/div>\t\r\n    <div class=\"sub-cat-title\"><h2><a href=\"https:\/\/ecowise.lv\/en\/produkti\/ventilacija-pec-pieprasijuma\/\">Demand-controlled Ventilation<\/a><\/h2><\/div>\r\n\r\n\r\n    \r\n    <div class=\"top-image\">\r\n    <a href=\"https:\/\/ecowise.lv\/en\/produkti\/ventilacija-privatmajam\/\">\r\n            <img decoding=\"async\" src=\"https:\/\/ecowise.lv\/wp-content\/uploads\/2023\/09\/spiskapor-hero2.jpg\" alt=\"Ventil\u0101cija priv\u0101tm\u0101j\u0101m\">\r\n            <div class=\"grid-container\">\r\n                <div class=\"text\">\r\n                    <div class=\"text-inner\">\r\n                                    <h2 class=\"woocommerce-products-header__title page-title\">Residential<\/h2>\r\n                                            <\/div>\r\n                <\/div>\r\n            <\/div>\r\n            <\/a>\r\n\t<\/div>\t\r\n    <div class=\"sub-cat-title\"><h2><a href=\"https:\/\/ecowise.lv\/en\/produkti\/ventilacija-privatmajam\/\">Residential<\/a><\/h2><\/div>\r\n\r\n\r\n    <ul class=\"products columns-4\"><li class=\"product\"><a href=\"https:\/\/ecowise.lv\/en\/produkti\/ventilacija-privatmajam\/citas-iekartas-ventilacija-privatmajam\/\"><h3 class=\"woocommerce-loop-product__title\">Filters<\/h3><img decoding=\"async\" src=\"https:\/\/ecowise.lv\/wp-content\/uploads\/2025\/11\/R5_filtri_Smart_Genius_ar_prieksfiltru.png\" alt=\"Filtri\"><\/a><\/li><li class=\"product\"><a href=\"https:\/\/ecowise.lv\/en\/produkti\/ventilacija-privatmajam\/citas-iekartas\/\"><h3 class=\"woocommerce-loop-product__title\">Accessories<\/h3><img decoding=\"async\" src=\"https:\/\/ecowise.lv\/wp-content\/uploads\/2023\/10\/CASA_GC10_vadibas_panelis_1.png\" alt=\"Piederumi\"><\/a><\/li><li class=\"product\"><a href=\"https:\/\/ecowise.lv\/en\/produkti\/ventilacija-privatmajam\/ventilacijas-iekartas-2\/\"><h3 class=\"woocommerce-loop-product__title\">Ventilation units<\/h3><img decoding=\"async\" src=\"https:\/\/ecowise.lv\/wp-content\/uploads\/2023\/04\/CardImage-18.png\" alt=\"Rekuperatori\"><\/a><\/li><li class=\"product\"><a href=\"https:\/\/ecowise.lv\/en\/produkti\/ventilacija-privatmajam\/virtuves-nosuceji\/\"><h3 class=\"woocommerce-loop-product__title\">Cooker hoods<\/h3><img decoding=\"async\" src=\"https:\/\/ecowise.lv\/wp-content\/uploads\/2023\/04\/Swing_virtuves_nosuce.png\" alt=\"Virtuves nos\u016bc\u0113ji\"><\/a><\/li><\/ul>\r\n    <div class=\"top-image\">\r\n    <a href=\"https:\/\/ecowise.lv\/en\/produkti\/ventilacijas-iekartas\/\">\r\n            <img decoding=\"async\" src=\"https:\/\/ecowise.lv\/wp-content\/uploads\/2023\/04\/ventilacijas_iekartas-1.jpg\" alt=\"Ventil\u0101cijas iek\u0101rtas\">\r\n            <div class=\"grid-container\">\r\n                <div class=\"text\">\r\n                    <div class=\"text-inner\">\r\n                                    <h2 class=\"woocommerce-products-header__title page-title\">Air handling units<\/h2>\r\n                                            <\/div>\r\n                <\/div>\r\n            <\/div>\r\n            <\/a>\r\n\t<\/div>\t\r\n    <div class=\"sub-cat-title\"><h2><a href=\"https:\/\/ecowise.lv\/en\/produkti\/ventilacijas-iekartas\/\">Air handling units<\/a><\/h2><\/div>\r\n\r\n\r\n    <ul class=\"products columns-4\"><li class=\"product\"><a href=\"https:\/\/ecowise.lv\/en\/produkti\/ventilacijas-iekartas\/compact\/\"><h3 class=\"woocommerce-loop-product__title\">Compact<\/h3><img decoding=\"async\" src=\"https:\/\/ecowise.lv\/wp-content\/uploads\/2023\/04\/compact-air-open-productimage.png\" alt=\"Compact\"><\/a><\/li><li class=\"product\"><a href=\"https:\/\/ecowise.lv\/en\/produkti\/ventilacijas-iekartas\/global\/\"><h3 class=\"woocommerce-loop-product__title\">Global<\/h3><img decoding=\"async\" src=\"https:\/\/ecowise.lv\/wp-content\/uploads\/2023\/08\/global_rx-top_hero2.png\" alt=\"Global\"><\/a><\/li><li class=\"product\"><a href=\"https:\/\/ecowise.lv\/en\/produkti\/ventilacijas-iekartas\/gold\/\"><h3 class=\"woocommerce-loop-product__title\">Gold<\/h3><img decoding=\"async\" src=\"https:\/\/ecowise.lv\/wp-content\/uploads\/2023\/08\/gold-rx08-productimage_white.webp\" alt=\"Gold\"><\/a><\/li><li class=\"product\"><a href=\"https:\/\/ecowise.lv\/en\/produkti\/ventilacijas-iekartas\/silver\/\"><h3 class=\"woocommerce-loop-product__title\">Silver<\/h3><img decoding=\"async\" src=\"https:\/\/ecowise.lv\/wp-content\/uploads\/2023\/04\/silverc_rx.jpg\" alt=\"Silver\"><\/a><\/li><\/ul> <\/div>","protected":false},"excerpt":{"rendered":"","protected":false},"author":2,"featured_media":0,"parent":0,"menu_order":0,"comment_status":"closed","ping_status":"closed","template":"","meta":{"_acf_changed":false,"inline_featured_image":false,"footnotes":"","_links_to":"","_links_to_target":""},"class_list":["post-16","page","type-page","status-publish","hentry"],"acf":[],"yoast_head":"<!-- This site is optimized with the Yoast SEO plugin v27.0 - https:\/\/yoast.com\/product\/yoast-seo-wordpress\/ -->\n<title>Produkti - Ecowise<\/title>\n<meta name=\"robots\" content=\"index, follow, max-snippet:-1, max-image-preview:large, max-video-preview:-1\" \/>\n<link rel=\"canonical\" href=\"https:\/\/ecowise.lv\/en\/produkti\/\" \/>\n<meta property=\"og:locale\" content=\"en_US\" \/>\n<meta property=\"og:type\" content=\"article\" \/>\n<meta property=\"og:title\" content=\"Produkti - Ecowise\" \/>\n<meta property=\"og:url\" content=\"https:\/\/ecowise.lv\/en\/produkti\/\" \/>\n<meta property=\"og:site_name\" content=\"Ecowise\" \/>\n<meta property=\"article:modified_time\" content=\"2024-01-26T12:29:56+00:00\" \/>\n<meta name=\"twitter:card\" content=\"summary_large_image\" \/>\n<script type=\"application\/ld+json\" class=\"yoast-schema-graph\">{\"@context\":\"https:\/\/schema.org\",\"@graph\":[{\"@type\":\"WebPage\",\"@id\":\"https:\/\/ecowise.lv\/produkti\/\",\"url\":\"https:\/\/ecowise.lv\/produkti\/\",\"name\":\"Produkti - Ecowise\",\"isPartOf\":{\"@id\":\"https:\/\/ecowise.lv\/#website\"},\"datePublished\":\"2023-03-31T10:42:59+00:00\",\"dateModified\":\"2024-01-26T12:29:56+00:00\",\"inLanguage\":\"en-US\",\"potentialAction\":[{\"@type\":\"ReadAction\",\"target\":[\"https:\/\/ecowise.lv\/produkti\/\"]}]},{\"@type\":\"WebSite\",\"@id\":\"https:\/\/ecowise.lv\/#website\",\"url\":\"https:\/\/ecowise.lv\/\",\"name\":\"Ecowise\",\"description\":\"Ener\u0123ijas pat\u0113ri\u0146a samazin\u0101jums\",\"publisher\":{\"@id\":\"https:\/\/ecowise.lv\/#organization\"},\"potentialAction\":[{\"@type\":\"SearchAction\",\"target\":{\"@type\":\"EntryPoint\",\"urlTemplate\":\"https:\/\/ecowise.lv\/?s={search_term_string}\"},\"query-input\":{\"@type\":\"PropertyValueSpecification\",\"valueRequired\":true,\"valueName\":\"search_term_string\"}}],\"inLanguage\":\"en-US\"},{\"@type\":\"Organization\",\"@id\":\"https:\/\/ecowise.lv\/#organization\",\"name\":\"Ecowise\",\"url\":\"https:\/\/ecowise.lv\/\",\"logo\":{\"@type\":\"ImageObject\",\"inLanguage\":\"en-US\",\"@id\":\"https:\/\/ecowise.lv\/#\/schema\/logo\/image\/\",\"url\":\"https:\/\/ecowise.lv\/wp-content\/uploads\/2023\/03\/logo.svg\",\"contentUrl\":\"https:\/\/ecowise.lv\/wp-content\/uploads\/2023\/03\/logo.svg\",\"width\":207,\"height\":27,\"caption\":\"Ecowise\"},\"image\":{\"@id\":\"https:\/\/ecowise.lv\/#\/schema\/logo\/image\/\"}}]}<\/script>\n<!-- \/ Yoast SEO plugin. -->","yoast_head_json":{"title":"Produkti - Ecowise","robots":{"index":"index","follow":"follow","max-snippet":"max-snippet:-1","max-image-preview":"max-image-preview:large","max-video-preview":"max-video-preview:-1"},"canonical":"https:\/\/ecowise.lv\/en\/produkti\/","og_locale":"en_US","og_type":"article","og_title":"Produkti - Ecowise","og_url":"https:\/\/ecowise.lv\/en\/produkti\/","og_site_name":"Ecowise","article_modified_time":"2024-01-26T12:29:56+00:00","twitter_card":"summary_large_image","schema":{"@context":"https:\/\/schema.org","@graph":[{"@type":"WebPage","@id":"https:\/\/ecowise.lv\/produkti\/","url":"https:\/\/ecowise.lv\/produkti\/","name":"Produkti - Ecowise","isPartOf":{"@id":"https:\/\/ecowise.lv\/#website"},"datePublished":"2023-03-31T10:42:59+00:00","dateModified":"2024-01-26T12:29:56+00:00","inLanguage":"en-US","potentialAction":[{"@type":"ReadAction","target":["https:\/\/ecowise.lv\/produkti\/"]}]},{"@type":"WebSite","@id":"https:\/\/ecowise.lv\/#website","url":"https:\/\/ecowise.lv\/","name":"Ecowise","description":"Ener\u0123ijas pat\u0113ri\u0146a samazin\u0101jums","publisher":{"@id":"https:\/\/ecowise.lv\/#organization"},"potentialAction":[{"@type":"SearchAction","target":{"@type":"EntryPoint","urlTemplate":"https:\/\/ecowise.lv\/?s={search_term_string}"},"query-input":{"@type":"PropertyValueSpecification","valueRequired":true,"valueName":"search_term_string"}}],"inLanguage":"en-US"},{"@type":"Organization","@id":"https:\/\/ecowise.lv\/#organization","name":"Ecowise","url":"https:\/\/ecowise.lv\/","logo":{"@type":"ImageObject","inLanguage":"en-US","@id":"https:\/\/ecowise.lv\/#\/schema\/logo\/image\/","url":"https:\/\/ecowise.lv\/wp-content\/uploads\/2023\/03\/logo.svg","contentUrl":"https:\/\/ecowise.lv\/wp-content\/uploads\/2023\/03\/logo.svg","width":207,"height":27,"caption":"Ecowise"},"image":{"@id":"https:\/\/ecowise.lv\/#\/schema\/logo\/image\/"}}]}},"_links":{"self":[{"href":"https:\/\/ecowise.lv\/en\/wp-json\/wp\/v2\/pages\/16","targetHints":{"allow":["GET"]}}],"collection":[{"href":"https:\/\/ecowise.lv\/en\/wp-json\/wp\/v2\/pages"}],"about":[{"href":"https:\/\/ecowise.lv\/en\/wp-json\/wp\/v2\/types\/page"}],"author":[{"embeddable":true,"href":"https:\/\/ecowise.lv\/en\/wp-json\/wp\/v2\/users\/2"}],"replies":[{"embeddable":true,"href":"https:\/\/ecowise.lv\/en\/wp-json\/wp\/v2\/comments?post=16"}],"version-history":[{"count":18,"href":"https:\/\/ecowise.lv\/en\/wp-json\/wp\/v2\/pages\/16\/revisions"}],"predecessor-version":[{"id":6210,"href":"https:\/\/ecowise.lv\/en\/wp-json\/wp\/v2\/pages\/16\/revisions\/6210"}],"wp:attachment":[{"href":"https:\/\/ecowise.lv\/en\/wp-json\/wp\/v2\/media?parent=16"}],"curies":[{"name":"wp","href":"https:\/\/api.w.org\/{rel}","templated":true}]}}